{"id":26406,"date":"2017-12-23T14:19:24","date_gmt":"2017-12-23T13:19:24","guid":{"rendered":"http:\/\/www.naturalscience.org\/?page_id=26406"},"modified":"2017-12-23T14:19:24","modified_gmt":"2017-12-23T13:19:24","slug":"congresso-2018","status":"publish","type":"page","link":"https:\/\/www.naturalscience.org\/it\/congresso-2018\/","title":{"rendered":"23\u00b0 Congresso Mondiale Internazionale \u201cNuova Prospettiva Scientifica\u201d"},"content":{"rendered":"<p style=\"text-align: center; font-size: 18px;\"><strong>Da Gioved\u00ec 1 Novembre a Domenica 4 Novembre 2018<br \/>\nMaritim Hotel, Ulm, Germania<\/strong><\/p>\n<p>&nbsp;<\/p>\n<div class=\"row\">\n<div class=\"small-24 medium-14 columns\">\n<p>Soluzioni pratiche da utilizzare ogni giorno.<br \/>\nSoluzioni pratiche che possono cambiare la tua vita nel modo pi\u00f9 positivo.<br \/>\nSoluzioni pratiche non solo per te personalmente, ma anche per un mondo sempre pi\u00f9 fuori dai binari.<\/p>\n<p>Questo \u00e8 ci\u00f2 che \u00e8 necessario. E questa \u00e8 la base della <em>\u201cThe World Foundation for Natural Science\u201d<\/em>, convinti che dipenda da ogni singola persona e da tutti noi insieme, per generare cambiamenti positivi su questo pianeta.<\/p>\n<p>Questo \u00e8 il motivo per cui continueremo a tenere un congresso a Ulm, in Germania, da gioved\u00ec 1 novembre fino a domenica 4 novembre 2018.<\/p>\n<p>&#8220;Sii tu stesso il cambiamento che vuoi vedere in questo mondo&#8221;, ha dichiarato il Mahatma Gandhi.<\/p>\n<p>Sei pronto a prendere l&#8217;iniziativa per un mondo migliore, pi\u00f9 pulito e pi\u00f9 sano, non solo per te, ma anche per tutti coloro che vivranno dopo di te? Allora attendiamo con piacere di averti con noi insieme a molte persone con le stesse idee, il cui benessere personale e quello di tutta la vita gli sta molto a cuore. Insieme possiamo fare la differenza!<\/p>\n<p>Attualmente stiamo mettendo insieme un programma con argomenti attuali di esperti rinomati.<\/p>\n<p>Ti consigliamo di prendere oggi stesso la decisione di venire a Ulm e di registrarti per questo congresso unico!<\/p>\n<\/div>\n<div class=\"small-24 medium-10 columns\">\n<img loading=\"lazy\" decoding=\"async\" src=\"https:\/\/www.naturalscience.org\/wp-content\/uploads\/2017\/12\/congress-2018-announcement-400x306.jpg\" alt=\"\" width=\"400\" height=\"306\" class=\"alignnone size-size-400 wp-image-26367\" srcset=\"https:\/\/www.naturalscience.org\/wp-content\/uploads\/2017\/12\/congress-2018-announcement-400x306.jpg 400w, https:\/\/www.naturalscience.org\/wp-content\/uploads\/2017\/12\/congress-2018-announcement-300x230.jpg 300w, https:\/\/www.naturalscience.org\/wp-content\/uploads\/2017\/12\/congress-2018-announcement-768x588.jpg 768w, https:\/\/www.naturalscience.org\/wp-content\/uploads\/2017\/12\/congress-2018-announcement-164x126.jpg 164w, https:\/\/www.naturalscience.org\/wp-content\/uploads\/2017\/12\/congress-2018-announcement-500x383.jpg 500w, https:\/\/www.naturalscience.org\/wp-content\/uploads\/2017\/12\/congress-2018-announcement.jpg 1000w\" sizes=\"auto, (max-width: 400px) 100vw, 400px\" \/><br \/>\n\n<\/div>\n<\/div>\n<p>&nbsp;<\/p>\n","protected":false},"excerpt":{"rendered":"Da Gioved\u00ec 1 Novembre a Domenica 4 Novembre 2018 Maritim Hotel, Ulm, Germania &nbsp; Soluzioni pratiche da utilizzare ogni giorno. Soluzioni pratiche che possono cambiare la tua vita nel modo pi\u00f9 positivo. Soluzioni pratiche non solo per te personalmente, ma anche per un mondo sempre pi\u00f9 fuori dai binari. Questo \u00e8 ci\u00f2 che \u00e8 necessario. [&hellip;]","protected":false},"author":9,"featured_media":0,"parent":0,"menu_order":113,"comment_status":"closed","ping_status":"closed","template":"page-full.php","meta":{"_acf_changed":false,"ngg_post_thumbnail":0,"footnotes":""},"categories":[],"class_list":["post-26406","page","type-page","status-publish","hentry","wpautop"],"acf":[],"yoast_head":"<!-- This site is optimized with the Yoast SEO plugin v27.5 - https:\/\/yoast.com\/product\/yoast-seo-wordpress\/ -->\n<title>23\u00b0 Congresso Mondiale Internazionale \u201cNuova Prospettiva Scientifica\u201d - The World Foundation for Natural Science<\/title>\n<meta name=\"robots\" content=\"index, follow, max-snippet:-1, max-image-preview:large, max-video-preview:-1\" \/>\n<link rel=\"canonical\" href=\"https:\/\/www.naturalscience.org\/it\/congresso-2018\/\" \/>\n<meta name=\"twitter:label1\" content=\"Tempo di lettura stimato\" \/>\n\t<meta name=\"twitter:data1\" content=\"1 minute\" \/>\n<script type=\"application\/ld+json\" class=\"yoast-schema-graph\">{\"@context\":\"https:\\\/\\\/schema.org\",\"@graph\":[{\"@type\":\"WebPage\",\"@id\":\"https:\\\/\\\/www.naturalscience.org\\\/it\\\/congresso-2018\\\/\",\"url\":\"https:\\\/\\\/www.naturalscience.org\\\/it\\\/congresso-2018\\\/\",\"name\":\"23\u00b0 Congresso Mondiale Internazionale \u201cNuova Prospettiva Scientifica\u201d - The World Foundation for Natural Science\",\"isPartOf\":{\"@id\":\"https:\\\/\\\/www.naturalscience.org\\\/#website\"},\"primaryImageOfPage\":{\"@id\":\"https:\\\/\\\/www.naturalscience.org\\\/it\\\/congresso-2018\\\/#primaryimage\"},\"image\":{\"@id\":\"https:\\\/\\\/www.naturalscience.org\\\/it\\\/congresso-2018\\\/#primaryimage\"},\"thumbnailUrl\":\"https:\\\/\\\/www.naturalscience.org\\\/wp-content\\\/uploads\\\/2017\\\/12\\\/congress-2018-announcement-400x306.jpg\",\"datePublished\":\"2017-12-23T13:19:24+00:00\",\"breadcrumb\":{\"@id\":\"https:\\\/\\\/www.naturalscience.org\\\/it\\\/congresso-2018\\\/#breadcrumb\"},\"inLanguage\":\"it-IT\",\"potentialAction\":[{\"@type\":\"ReadAction\",\"target\":[\"https:\\\/\\\/www.naturalscience.org\\\/it\\\/congresso-2018\\\/\"]}]},{\"@type\":\"ImageObject\",\"inLanguage\":\"it-IT\",\"@id\":\"https:\\\/\\\/www.naturalscience.org\\\/it\\\/congresso-2018\\\/#primaryimage\",\"url\":\"https:\\\/\\\/www.naturalscience.org\\\/wp-content\\\/uploads\\\/2017\\\/12\\\/congress-2018-announcement-400x306.jpg\",\"contentUrl\":\"https:\\\/\\\/www.naturalscience.org\\\/wp-content\\\/uploads\\\/2017\\\/12\\\/congress-2018-announcement-400x306.jpg\"},{\"@type\":\"BreadcrumbList\",\"@id\":\"https:\\\/\\\/www.naturalscience.org\\\/it\\\/congresso-2018\\\/#breadcrumb\",\"itemListElement\":[{\"@type\":\"ListItem\",\"position\":1,\"name\":\"Home\",\"item\":\"https:\\\/\\\/www.naturalscience.org\\\/it\\\/\"},{\"@type\":\"ListItem\",\"position\":2,\"name\":\"23\u00b0 Congresso Mondiale Internazionale \u201cNuova Prospettiva Scientifica\u201d\"}]},{\"@type\":\"WebSite\",\"@id\":\"https:\\\/\\\/www.naturalscience.org\\\/#website\",\"url\":\"https:\\\/\\\/www.naturalscience.org\\\/\",\"name\":\"The World Foundation for Natural Science\",\"description\":\"Restoring and Healing the World through Responsibility and Commitment in accord with Natural and Divine Law!\",\"potentialAction\":[{\"@type\":\"SearchAction\",\"target\":{\"@type\":\"EntryPoint\",\"urlTemplate\":\"https:\\\/\\\/www.naturalscience.org\\\/?s={search_term_string}\"},\"query-input\":{\"@type\":\"PropertyValueSpecification\",\"valueRequired\":true,\"valueName\":\"search_term_string\"}}],\"inLanguage\":\"it-IT\"}]}<\/script>\n<!-- \/ Yoast SEO plugin. -->","yoast_head_json":{"title":"23\u00b0 Congresso Mondiale Internazionale \u201cNuova Prospettiva Scientifica\u201d - The World Foundation for Natural Science","robots":{"index":"index","follow":"follow","max-snippet":"max-snippet:-1","max-image-preview":"max-image-preview:large","max-video-preview":"max-video-preview:-1"},"canonical":"https:\/\/www.naturalscience.org\/it\/congresso-2018\/","twitter_misc":{"Tempo di lettura stimato":"1 minute"},"schema":{"@context":"https:\/\/schema.org","@graph":[{"@type":"WebPage","@id":"https:\/\/www.naturalscience.org\/it\/congresso-2018\/","url":"https:\/\/www.naturalscience.org\/it\/congresso-2018\/","name":"23\u00b0 Congresso Mondiale Internazionale \u201cNuova Prospettiva Scientifica\u201d - The World Foundation for Natural Science","isPartOf":{"@id":"https:\/\/www.naturalscience.org\/#website"},"primaryImageOfPage":{"@id":"https:\/\/www.naturalscience.org\/it\/congresso-2018\/#primaryimage"},"image":{"@id":"https:\/\/www.naturalscience.org\/it\/congresso-2018\/#primaryimage"},"thumbnailUrl":"https:\/\/www.naturalscience.org\/wp-content\/uploads\/2017\/12\/congress-2018-announcement-400x306.jpg","datePublished":"2017-12-23T13:19:24+00:00","breadcrumb":{"@id":"https:\/\/www.naturalscience.org\/it\/congresso-2018\/#breadcrumb"},"inLanguage":"it-IT","potentialAction":[{"@type":"ReadAction","target":["https:\/\/www.naturalscience.org\/it\/congresso-2018\/"]}]},{"@type":"ImageObject","inLanguage":"it-IT","@id":"https:\/\/www.naturalscience.org\/it\/congresso-2018\/#primaryimage","url":"https:\/\/www.naturalscience.org\/wp-content\/uploads\/2017\/12\/congress-2018-announcement-400x306.jpg","contentUrl":"https:\/\/www.naturalscience.org\/wp-content\/uploads\/2017\/12\/congress-2018-announcement-400x306.jpg"},{"@type":"BreadcrumbList","@id":"https:\/\/www.naturalscience.org\/it\/congresso-2018\/#breadcrumb","itemListElement":[{"@type":"ListItem","position":1,"name":"Home","item":"https:\/\/www.naturalscience.org\/it\/"},{"@type":"ListItem","position":2,"name":"23\u00b0 Congresso Mondiale Internazionale \u201cNuova Prospettiva Scientifica\u201d"}]},{"@type":"WebSite","@id":"https:\/\/www.naturalscience.org\/#website","url":"https:\/\/www.naturalscience.org\/","name":"The World Foundation for Natural Science","description":"Restoring and Healing the World through Responsibility and Commitment in accord with Natural and Divine Law!","potentialAction":[{"@type":"SearchAction","target":{"@type":"EntryPoint","urlTemplate":"https:\/\/www.naturalscience.org\/?s={search_term_string}"},"query-input":{"@type":"PropertyValueSpecification","valueRequired":true,"valueName":"search_term_string"}}],"inLanguage":"it-IT"}]}},"_links":{"self":[{"href":"https:\/\/www.naturalscience.org\/it\/wp-json\/wp\/v2\/pages\/26406","targetHints":{"allow":["GET"]}}],"collection":[{"href":"https:\/\/www.naturalscience.org\/it\/wp-json\/wp\/v2\/pages"}],"about":[{"href":"https:\/\/www.naturalscience.org\/it\/wp-json\/wp\/v2\/types\/page"}],"author":[{"embeddable":true,"href":"https:\/\/www.naturalscience.org\/it\/wp-json\/wp\/v2\/users\/9"}],"replies":[{"embeddable":true,"href":"https:\/\/www.naturalscience.org\/it\/wp-json\/wp\/v2\/comments?post=26406"}],"version-history":[{"count":1,"href":"https:\/\/www.naturalscience.org\/it\/wp-json\/wp\/v2\/pages\/26406\/revisions"}],"predecessor-version":[{"id":26409,"href":"https:\/\/www.naturalscience.org\/it\/wp-json\/wp\/v2\/pages\/26406\/revisions\/26409"}],"wp:attachment":[{"href":"https:\/\/www.naturalscience.org\/it\/wp-json\/wp\/v2\/media?parent=26406"}],"wp:term":[{"taxonomy":"category","embeddable":true,"href":"https:\/\/www.naturalscience.org\/it\/wp-json\/wp\/v2\/categories?post=26406"}],"curies":[{"name":"wp","href":"https:\/\/api.w.org\/{rel}","templated":true}]}}