{"id":16434,"date":"2015-10-23T21:16:10","date_gmt":"2015-10-23T19:16:10","guid":{"rendered":"http:\/\/www.naturalscience.org\/it\/?page_id=16434"},"modified":"2015-10-23T22:07:29","modified_gmt":"2015-10-23T20:07:29","slug":"oratori","status":"publish","type":"page","link":"https:\/\/www.naturalscience.org\/it\/congresso-2015\/oratori\/","title":{"rendered":"Il \u201cchi \u00e8 chi\u201d dei nostri oratori"},"content":{"rendered":"<p><a name=\"Luebke-Hildebrandt\"><\/a><\/p>\n<div class=\"row\">\n<div class=\"small-24 medium-6 columns\"><img loading=\"lazy\" decoding=\"async\" class=\"alignnone wp-image-15875 size-medium\" src=\"https:\/\/www.naturalscience.org\/wp-content\/uploads\/2015\/10\/Angelika-L\u00fcbke-225x300.jpg\" alt=\"Angelika L\u00fcbke\" width=\"225\" height=\"300\" srcset=\"https:\/\/www.naturalscience.org\/wp-content\/uploads\/2015\/10\/Angelika-L\u00fcbke-225x300.jpg 225w, https:\/\/www.naturalscience.org\/wp-content\/uploads\/2015\/10\/Angelika-L\u00fcbke-123x164.jpg 123w, https:\/\/www.naturalscience.org\/wp-content\/uploads\/2015\/10\/Angelika-L\u00fcbke.jpg 354w\" sizes=\"auto, (max-width: 225px) 100vw, 225px\" \/><\/div>\n<div class=\"small-24 medium-18 columns\">\n<p><strong>Angelika L\u00fcbke-Hildebrandt<\/strong> proviene da una famiglia per la quale la terra \u00e8 sempre stata il fondamento di tutte le cose. Dopo la sua formazione scolastica in Austria, ha trascorso molti anni di ricerca all\u2019estero. In California, in particolare, ha ricevuto un\u2019ampia panoramica del settore agricolo americano. Ulteriori studi in Scienza dei Sistemi Terrestri e in Scienza Olistica hanno spalancato le porte alle sue ricerche sul compost, l\u2019humus, l\u2019ecologia, l\u2019alimentazione e la sociologia.<\/p>\n<\/div>\n<\/div>\n<div class=\"line\"><\/div>\n<p><a name=\"Karl-Cox\"><\/a><\/p>\n<div class=\"row\">\n<div class=\"small-24 medium-6 columns\"><img loading=\"lazy\" decoding=\"async\" src=\"https:\/\/www.naturalscience.org\/wp-content\/uploads\/2015\/10\/Karl-Cox-225x300.jpg\" alt=\"Karl-Cox\" width=\"225\" height=\"300\" class=\"alignnone size-medium wp-image-15877\" srcset=\"https:\/\/www.naturalscience.org\/wp-content\/uploads\/2015\/10\/Karl-Cox-225x300.jpg 225w, https:\/\/www.naturalscience.org\/wp-content\/uploads\/2015\/10\/Karl-Cox-123x164.jpg 123w, https:\/\/www.naturalscience.org\/wp-content\/uploads\/2015\/10\/Karl-Cox.jpg 255w\" sizes=\"auto, (max-width: 225px) 100vw, 225px\" \/><\/div>\n<div class=\"small-24 medium-18 columns\">\n<p>Il <strong>Dr. Karl Cox, PhD<\/strong>, ha ricevuto la sua prima laurea in storia. Ha poi insegnato inglese a Budapest e Madrid e ha conseguito il dottorato in informatica nel 2002. Da allora, in questo ambito, ha pubblicato pi\u00f9 di 80 articoli scientifici. Negli ultimi anni di ricerca, il suo principale interesse \u00e8 stato la manipolazione genetica del cibo. La forza che lo spinge a far ci\u00f2 \u00e8 la sua curiosit\u00e0 perla tecnologia informatica darwiniana e genetica. Attualmente il dottor Cox \u00e8 docente di tecnologia informatica presso l&#8217;Universit\u00e0 di Brighton, nel Regno Unito.<\/p>\n<\/div>\n<\/div>\n<div class=\"line\"><\/div>\n<p><a name=\"Harman-Wakeford\"><\/a><\/p>\n<div class=\"row\">\n<div class=\"small-24 medium-6 columns\"><img loading=\"lazy\" decoding=\"async\" src=\"https:\/\/www.naturalscience.org\/wp-content\/uploads\/2015\/10\/Toni_Alex_Microbirth-225x300.jpg\" alt=\"Toni_Alex_Microbirth\" width=\"225\" height=\"300\" class=\"alignnone size-medium wp-image-15883\" srcset=\"https:\/\/www.naturalscience.org\/wp-content\/uploads\/2015\/10\/Toni_Alex_Microbirth-225x300.jpg 225w, https:\/\/www.naturalscience.org\/wp-content\/uploads\/2015\/10\/Toni_Alex_Microbirth-123x164.jpg 123w, https:\/\/www.naturalscience.org\/wp-content\/uploads\/2015\/10\/Toni_Alex_Microbirth.jpg 354w\" sizes=\"auto, (max-width: 225px) 100vw, 225px\" \/><\/div>\n<div class=\"small-24 medium-18 columns\">\n<p><strong>Toni Harman<\/strong> e <strong>Alex Wakeford<\/strong>, Inghilterra, registi di documentari, sceneggiatori e produttori, hanno iniziato ad affrontare cinematograficamente il tema &#8220;parto&#8221; a causa della nascita della loro figlia. Essi sono anche responsabili per film come &#8220;Doula!&#8221; (2010), &#8220;Freedom for Birth&#8221; (2012) e &#8220;MicroBirth&#8221; (2014). Sulla scia del film &#8220;Microbirth&#8221; stanno ora lavorando al loro prossimo progetto cinematografico &#8220;A probiotic life&#8221;, che ruota anche intorno al microbioma umano. Data di uscita prevista \u00e8 il 2016.<\/p>\n<\/div>\n<\/div>\n<div class=\"line\"><\/div>\n<p><a name=\"Waldmann\"><\/a><\/p>\n<div class=\"row\">\n<div class=\"small-24 medium-6 columns\"><img loading=\"lazy\" decoding=\"async\" src=\"https:\/\/www.naturalscience.org\/wp-content\/uploads\/2015\/10\/Lukas-Waldmann-225x300.jpg\" alt=\"Lukas Waldmann\" width=\"225\" height=\"300\" class=\"alignnone size-medium wp-image-15878\" srcset=\"https:\/\/www.naturalscience.org\/wp-content\/uploads\/2015\/10\/Lukas-Waldmann-225x300.jpg 225w, https:\/\/www.naturalscience.org\/wp-content\/uploads\/2015\/10\/Lukas-Waldmann-123x164.jpg 123w, https:\/\/www.naturalscience.org\/wp-content\/uploads\/2015\/10\/Lukas-Waldmann.jpg 354w\" sizes=\"auto, (max-width: 225px) 100vw, 225px\" \/><\/div>\n<div class=\"small-24 medium-18 columns\">\n<p><strong>Lukas Waldmann<\/strong> dopo il suo diploma come agricoltore, ha avuto una seconda opportunit\u00e0 di formazione presso la Scuola di Naturopatia Applicata a Zurigo, in Svizzera, conseguendo il diploma di naturopata. Da 15 anni, nel suo studio, ha riportato sulla via della guarigione innumerevoli persone e le ha aiutate nel recupero della propria salute. Il suo metodo di cura pi\u00f9 importante si basa sulla medicina alternativa per mezzo degli integratori alimentari, adattata alle esigenze individuali ed allo stato di salute del paziente.<\/p>\n<\/div>\n<\/div>\n<div class=\"line\"><\/div>\n<p><a name=\"Herout\"><\/a><\/p>\n<div class=\"row\">\n<div class=\"small-24 medium-6 columns\"><img loading=\"lazy\" decoding=\"async\" src=\"https:\/\/www.naturalscience.org\/wp-content\/uploads\/2015\/10\/Nicole-Herout2-225x300.jpg\" alt=\"Nicole Herout2\" width=\"225\" height=\"300\" class=\"alignnone size-medium wp-image-15880\" srcset=\"https:\/\/www.naturalscience.org\/wp-content\/uploads\/2015\/10\/Nicole-Herout2-225x300.jpg 225w, https:\/\/www.naturalscience.org\/wp-content\/uploads\/2015\/10\/Nicole-Herout2-123x164.jpg 123w, https:\/\/www.naturalscience.org\/wp-content\/uploads\/2015\/10\/Nicole-Herout2.jpg 354w\" sizes=\"auto, (max-width: 225px) 100vw, 225px\" \/><\/div>\n<div class=\"small-24 medium-18 columns\">\n<p>Il veterinario <strong>Nicole Herout<\/strong>, da 30 anni attiva nella medicina veterinaria, nel 1986 ha conseguito a Vienna il dottorato in Medicina Veterinaria. Nel 1997 la sua formazione si \u00e8 allargata all\u2019omeopatia specializzata in veterinaria e nel 2004 ha conseguito il certificato di Chiropratica IAVC. Possiede una vasta conoscenza nell\u2019ambito dell\u2019agopuntura e della fitoterapia sugli animali. Da molti anni attiva nella cura olistica del bestiame d\u2019allevamento, ha anche sviluppato un suo proprio foraggio addizionato alle erbe, biologicamente certificato. Alleva anche pollame organico ruspante e agnelli per le vendite in stalla.<\/p>\n<\/div>\n<\/div>\n<div class=\"line\"><\/div>\n<p><a name=\"Hofmann\"><\/a><\/p>\n<div class=\"row\">\n<div class=\"small-24 medium-6 columns\"><img loading=\"lazy\" decoding=\"async\" src=\"https:\/\/www.naturalscience.org\/wp-content\/uploads\/2015\/10\/Marcel-Hofmann-225x300.jpg\" alt=\"Marcel Hofmann\" width=\"225\" height=\"300\" class=\"alignnone size-medium wp-image-15879\" srcset=\"https:\/\/www.naturalscience.org\/wp-content\/uploads\/2015\/10\/Marcel-Hofmann-225x300.jpg 225w, https:\/\/www.naturalscience.org\/wp-content\/uploads\/2015\/10\/Marcel-Hofmann-123x164.jpg 123w, https:\/\/www.naturalscience.org\/wp-content\/uploads\/2015\/10\/Marcel-Hofmann.jpg 354w\" sizes=\"auto, (max-width: 225px) 100vw, 225px\" \/><\/div>\n<div class=\"small-24 medium-18 columns\">\n<p><strong>Marcel Hofmann<\/strong> dopo aver appreso il mestiere di elettricista, ha conseguito il diploma di ingegnere elettrotecnico HTL presso l&#8217;Universit\u00e0 di Scienze Applicate di Rapperswil, Zurigo, in Svizzera e, pi\u00f9 tardi, il Master di Science in ingegneria elettrotecnica con orientamento in telecomunicazioni ed elaborazione del segnale digitale, presso la Northeastern University di Boston, Stati Uniti d&#8217;America. Subito dopo aver completato i suoi studi, ha acquisito la sua prima esperienza pratica nel campo della telefonia mobile presso la Siemens Svizzera AG e poi, tra l\u2019altro, presso la Swisscom Mobile AG.<\/p>\n<\/div>\n<\/div>\n<div class=\"line\"><\/div>\n<p><a name=\"Trappitsch\"><\/a><\/p>\n<div class=\"row\">\n<div class=\"small-24 medium-6 columns\"><img loading=\"lazy\" decoding=\"async\" src=\"https:\/\/www.naturalscience.org\/wp-content\/uploads\/2015\/10\/Daniel-Trappitsch-2-225x300.jpg\" alt=\"Daniel Trappitsch 2\" width=\"225\" height=\"300\" class=\"alignnone size-medium wp-image-15876\" srcset=\"https:\/\/www.naturalscience.org\/wp-content\/uploads\/2015\/10\/Daniel-Trappitsch-2-225x300.jpg 225w, https:\/\/www.naturalscience.org\/wp-content\/uploads\/2015\/10\/Daniel-Trappitsch-2-123x164.jpg 123w, https:\/\/www.naturalscience.org\/wp-content\/uploads\/2015\/10\/Daniel-Trappitsch-2.jpg 354w\" sizes=\"auto, (max-width: 225px) 100vw, 225px\" \/><\/div>\n<div class=\"small-24 medium-18 columns\">\n<p><strong>Daniel Trappitsch<\/strong> \u00e8 un naturopata qualificato e ha diretto per dieci anni una scuola di naturopatia. Oggi dirige il proprio studio di naturopatia e continua ad insegnare in varie scuole, scrivendo libri su argomenti di naturopatia. Come delegato del comitato esecutivo della rete \u201cImpfentscheid\u201d in Svizzera, e padre di due figli adulti, si adopera per un approccio critico al tema vaccini e per una libera scelta delle singole persone a questo proposito.<\/p>\n<\/div>\n<\/div>\n<div class=\"line\"><\/div>\n<p><a name=\"Zac-Cox\"><\/a><\/p>\n<div class=\"row\">\n<div class=\"small-24 medium-6 columns\"><img loading=\"lazy\" decoding=\"async\" src=\"https:\/\/www.naturalscience.org\/wp-content\/uploads\/2015\/10\/Zac-Cox-225x300.jpg\" alt=\"Zac-Cox\" width=\"225\" height=\"300\" class=\"alignnone size-medium wp-image-15884\" srcset=\"https:\/\/www.naturalscience.org\/wp-content\/uploads\/2015\/10\/Zac-Cox-225x300.jpg 225w, https:\/\/www.naturalscience.org\/wp-content\/uploads\/2015\/10\/Zac-Cox-123x164.jpg 123w, https:\/\/www.naturalscience.org\/wp-content\/uploads\/2015\/10\/Zac-Cox.jpg 255w\" sizes=\"auto, (max-width: 225px) 100vw, 225px\" \/><\/div>\n<div class=\"small-24 medium-18 columns\">\n<p>Il <strong>Dr. R. Zac Cox, BDS<\/strong> ha completato la sua formazione come dentista nel 1992 presso la Dental School di Cardiff, Universit\u00e0 del Galles. La sua ricerca per quanto riguarda il rapporto tra la salute del cavo orale e la salute fisica ha suscitato il suo interesse per l&#8217;odontoiatria olistica. Come dentista olistico ha unito le conoscenze mediche e naturopate, in collaborazione con esperti di vari settori.<\/p>\n<\/div>\n<\/div>\n<div class=\"line\"><\/div>\n<p><a name=\"Baars\"><\/a><\/p>\n<div class=\"row\">\n<div class=\"small-24 medium-6 columns\"><img loading=\"lazy\" decoding=\"async\" src=\"https:\/\/www.naturalscience.org\/wp-content\/uploads\/2015\/10\/Ton-Baars-225x300.jpg\" alt=\"Ton Baars\" width=\"225\" height=\"300\" class=\"alignnone size-medium wp-image-15882\" srcset=\"https:\/\/www.naturalscience.org\/wp-content\/uploads\/2015\/10\/Ton-Baars-225x300.jpg 225w, https:\/\/www.naturalscience.org\/wp-content\/uploads\/2015\/10\/Ton-Baars-123x164.jpg 123w, https:\/\/www.naturalscience.org\/wp-content\/uploads\/2015\/10\/Ton-Baars.jpg 354w\" sizes=\"auto, (max-width: 225px) 100vw, 225px\" \/><\/div>\n<div class=\"small-24 medium-18 columns\">\n<p>Il professore dottore <strong>Ton Baars<\/strong> durante i suoi studi di biologia ed ecologia presso l&#8217;Universit\u00e0 di Utrecht, Paesi Bassi, ha diretto un caseificio e istruito agricoltori. Per 25 anni ha lavorato presso l&#8217;Istituto Bolk Louis, e ha creato, durante questo periodo, il dipartimento di pascoli \/ foraggi \/ bestiame d\u2019allevamento. Nel 2005 ha assunto, presso l&#8217;Universit\u00e0 di Kassel, la prima cattedra al mondo in agricoltura biodinamica. Dal 2011 ha lavorato come Senior Scientist per la qualit\u00e0 del latte e del benessere degli animali per l&#8217;Istituto di ricerca dell&#8217;agricoltura biologica (FiBL).<\/p>\n<\/div>\n<\/div>\n<div class=\"line\"><\/div>\n<p><a name=\"Probst\"><\/a><\/p>\n<div class=\"row\">\n<div class=\"small-24 medium-6 columns\">\n<img loading=\"lazy\" decoding=\"async\" src=\"https:\/\/www.naturalscience.org\/wp-content\/uploads\/2015\/10\/Paul-Probst.jpg\" alt=\"Paul-Probst\" width=\"180\" height=\"240\" class=\"alignnone size-full wp-image-15881\" srcset=\"https:\/\/www.naturalscience.org\/wp-content\/uploads\/2015\/10\/Paul-Probst.jpg 180w, https:\/\/www.naturalscience.org\/wp-content\/uploads\/2015\/10\/Paul-Probst-123x164.jpg 123w\" sizes=\"auto, (max-width: 180px) 100vw, 180px\" \/>\n<\/div>\n<div class=\"small-24 medium-18 columns\">\n<p><strong>Il Reverendissimo emerito Dean Paul Probst, SF<\/strong>, presidente europeo della \u201cFondazione Mondiale per la scienza naturale\u201d, ha 30 anni di esperienza come naturopata. La sua vasta formazione supplementare in materia di scienze spirituali, e la conoscenza e l&#8217;esperienza risultante, gli consentono di condurre abilmente il nostro organismo. Con queste solide ed equilibrate fondamenta, egli ha anche i prerequisiti ideali per combinare gli elementi pi\u00f9 importanti della scienza naturale e della religione, e per trasmetterle alla gente.<\/p>\n<\/div>\n<\/div>\n<div class=\"line\"><\/div>\n<div class=\"text-center\" style=\"margin: 20px 0 40px 0;\">\n<a href=\"https:\/\/www.naturalscience.org\/it\/congresso-2015\/\" class=\"button radius primary\"><i class=\"fa fa-chevron-left \" ><\/i> Indietro al sommario<\/a>\n<\/div>\n","protected":false},"excerpt":{"rendered":"Angelika L\u00fcbke-Hildebrandt proviene da una famiglia per la quale la terra \u00e8 sempre stata il fondamento di tutte le cose. Dopo la sua formazione scolastica in Austria, ha trascorso molti anni di ricerca all\u2019estero. In California, in particolare, ha ricevuto un\u2019ampia panoramica del settore agricolo americano. Ulteriori studi in Scienza dei Sistemi Terrestri e in [&hellip;]","protected":false},"author":9,"featured_media":0,"parent":16399,"menu_order":11,"comment_status":"closed","ping_status":"closed","template":"","meta":{"_acf_changed":false,"ngg_post_thumbnail":0,"footnotes":""},"categories":[],"class_list":["post-16434","page","type-page","status-publish","hentry","wpautop"],"acf":[],"yoast_head":"<!-- This site is optimized with the Yoast SEO plugin v27.5 - https:\/\/yoast.com\/product\/yoast-seo-wordpress\/ -->\n<title>Il \u201cchi \u00e8 chi\u201d dei nostri oratori - The World Foundation for Natural Science<\/title>\n<meta name=\"robots\" content=\"index, follow, max-snippet:-1, max-image-preview:large, max-video-preview:-1\" \/>\n<link rel=\"canonical\" href=\"https:\/\/www.naturalscience.org\/it\/congresso-2015\/oratori\/\" \/>\n<meta name=\"twitter:label1\" content=\"Tempo di lettura stimato\" \/>\n\t<meta name=\"twitter:data1\" content=\"4 minutes\" \/>\n<script type=\"application\/ld+json\" class=\"yoast-schema-graph\">{\"@context\":\"https:\\\/\\\/schema.org\",\"@graph\":[{\"@type\":\"WebPage\",\"@id\":\"https:\\\/\\\/www.naturalscience.org\\\/it\\\/congresso-2015\\\/oratori\\\/\",\"url\":\"https:\\\/\\\/www.naturalscience.org\\\/it\\\/congresso-2015\\\/oratori\\\/\",\"name\":\"Il \u201cchi \u00e8 chi\u201d dei nostri oratori - The World Foundation for Natural Science\",\"isPartOf\":{\"@id\":\"https:\\\/\\\/www.naturalscience.org\\\/#website\"},\"primaryImageOfPage\":{\"@id\":\"https:\\\/\\\/www.naturalscience.org\\\/it\\\/congresso-2015\\\/oratori\\\/#primaryimage\"},\"image\":{\"@id\":\"https:\\\/\\\/www.naturalscience.org\\\/it\\\/congresso-2015\\\/oratori\\\/#primaryimage\"},\"thumbnailUrl\":\"https:\\\/\\\/www.naturalscience.org\\\/wp-content\\\/uploads\\\/2015\\\/10\\\/Karl-Cox-225x300.jpg\",\"datePublished\":\"2015-10-23T19:16:10+00:00\",\"dateModified\":\"2015-10-23T20:07:29+00:00\",\"breadcrumb\":{\"@id\":\"https:\\\/\\\/www.naturalscience.org\\\/it\\\/congresso-2015\\\/oratori\\\/#breadcrumb\"},\"inLanguage\":\"it-IT\",\"potentialAction\":[{\"@type\":\"ReadAction\",\"target\":[\"https:\\\/\\\/www.naturalscience.org\\\/it\\\/congresso-2015\\\/oratori\\\/\"]}]},{\"@type\":\"ImageObject\",\"inLanguage\":\"it-IT\",\"@id\":\"https:\\\/\\\/www.naturalscience.org\\\/it\\\/congresso-2015\\\/oratori\\\/#primaryimage\",\"url\":\"https:\\\/\\\/www.naturalscience.org\\\/wp-content\\\/uploads\\\/2015\\\/10\\\/Karl-Cox-225x300.jpg\",\"contentUrl\":\"https:\\\/\\\/www.naturalscience.org\\\/wp-content\\\/uploads\\\/2015\\\/10\\\/Karl-Cox-225x300.jpg\"},{\"@type\":\"BreadcrumbList\",\"@id\":\"https:\\\/\\\/www.naturalscience.org\\\/it\\\/congresso-2015\\\/oratori\\\/#breadcrumb\",\"itemListElement\":[{\"@type\":\"ListItem\",\"position\":1,\"name\":\"Home\",\"item\":\"https:\\\/\\\/www.naturalscience.org\\\/it\\\/\"},{\"@type\":\"ListItem\",\"position\":2,\"name\":\"20\u00b0 Congresso Mondiale Internazionale \u201eNuova Prospettiva Scientifica\u201c\",\"item\":\"https:\\\/\\\/www.naturalscience.org\\\/it\\\/congresso-2015\\\/\"},{\"@type\":\"ListItem\",\"position\":3,\"name\":\"Il \u201cchi \u00e8 chi\u201d dei nostri oratori\"}]},{\"@type\":\"WebSite\",\"@id\":\"https:\\\/\\\/www.naturalscience.org\\\/#website\",\"url\":\"https:\\\/\\\/www.naturalscience.org\\\/\",\"name\":\"The World Foundation for Natural Science\",\"description\":\"Restoring and Healing the World through Responsibility and Commitment in accord with Natural and Divine Law!\",\"potentialAction\":[{\"@type\":\"SearchAction\",\"target\":{\"@type\":\"EntryPoint\",\"urlTemplate\":\"https:\\\/\\\/www.naturalscience.org\\\/?s={search_term_string}\"},\"query-input\":{\"@type\":\"PropertyValueSpecification\",\"valueRequired\":true,\"valueName\":\"search_term_string\"}}],\"inLanguage\":\"it-IT\"}]}<\/script>\n<!-- \/ Yoast SEO plugin. -->","yoast_head_json":{"title":"Il \u201cchi \u00e8 chi\u201d dei nostri oratori - The World Foundation for Natural Science","robots":{"index":"index","follow":"follow","max-snippet":"max-snippet:-1","max-image-preview":"max-image-preview:large","max-video-preview":"max-video-preview:-1"},"canonical":"https:\/\/www.naturalscience.org\/it\/congresso-2015\/oratori\/","twitter_misc":{"Tempo di lettura stimato":"4 minutes"},"schema":{"@context":"https:\/\/schema.org","@graph":[{"@type":"WebPage","@id":"https:\/\/www.naturalscience.org\/it\/congresso-2015\/oratori\/","url":"https:\/\/www.naturalscience.org\/it\/congresso-2015\/oratori\/","name":"Il \u201cchi \u00e8 chi\u201d dei nostri oratori - The World Foundation for Natural Science","isPartOf":{"@id":"https:\/\/www.naturalscience.org\/#website"},"primaryImageOfPage":{"@id":"https:\/\/www.naturalscience.org\/it\/congresso-2015\/oratori\/#primaryimage"},"image":{"@id":"https:\/\/www.naturalscience.org\/it\/congresso-2015\/oratori\/#primaryimage"},"thumbnailUrl":"https:\/\/www.naturalscience.org\/wp-content\/uploads\/2015\/10\/Karl-Cox-225x300.jpg","datePublished":"2015-10-23T19:16:10+00:00","dateModified":"2015-10-23T20:07:29+00:00","breadcrumb":{"@id":"https:\/\/www.naturalscience.org\/it\/congresso-2015\/oratori\/#breadcrumb"},"inLanguage":"it-IT","potentialAction":[{"@type":"ReadAction","target":["https:\/\/www.naturalscience.org\/it\/congresso-2015\/oratori\/"]}]},{"@type":"ImageObject","inLanguage":"it-IT","@id":"https:\/\/www.naturalscience.org\/it\/congresso-2015\/oratori\/#primaryimage","url":"https:\/\/www.naturalscience.org\/wp-content\/uploads\/2015\/10\/Karl-Cox-225x300.jpg","contentUrl":"https:\/\/www.naturalscience.org\/wp-content\/uploads\/2015\/10\/Karl-Cox-225x300.jpg"},{"@type":"BreadcrumbList","@id":"https:\/\/www.naturalscience.org\/it\/congresso-2015\/oratori\/#breadcrumb","itemListElement":[{"@type":"ListItem","position":1,"name":"Home","item":"https:\/\/www.naturalscience.org\/it\/"},{"@type":"ListItem","position":2,"name":"20\u00b0 Congresso Mondiale Internazionale \u201eNuova Prospettiva Scientifica\u201c","item":"https:\/\/www.naturalscience.org\/it\/congresso-2015\/"},{"@type":"ListItem","position":3,"name":"Il \u201cchi \u00e8 chi\u201d dei nostri oratori"}]},{"@type":"WebSite","@id":"https:\/\/www.naturalscience.org\/#website","url":"https:\/\/www.naturalscience.org\/","name":"The World Foundation for Natural Science","description":"Restoring and Healing the World through Responsibility and Commitment in accord with Natural and Divine Law!","potentialAction":[{"@type":"SearchAction","target":{"@type":"EntryPoint","urlTemplate":"https:\/\/www.naturalscience.org\/?s={search_term_string}"},"query-input":{"@type":"PropertyValueSpecification","valueRequired":true,"valueName":"search_term_string"}}],"inLanguage":"it-IT"}]}},"_links":{"self":[{"href":"https:\/\/www.naturalscience.org\/it\/wp-json\/wp\/v2\/pages\/16434","targetHints":{"allow":["GET"]}}],"collection":[{"href":"https:\/\/www.naturalscience.org\/it\/wp-json\/wp\/v2\/pages"}],"about":[{"href":"https:\/\/www.naturalscience.org\/it\/wp-json\/wp\/v2\/types\/page"}],"author":[{"embeddable":true,"href":"https:\/\/www.naturalscience.org\/it\/wp-json\/wp\/v2\/users\/9"}],"replies":[{"embeddable":true,"href":"https:\/\/www.naturalscience.org\/it\/wp-json\/wp\/v2\/comments?post=16434"}],"version-history":[{"count":5,"href":"https:\/\/www.naturalscience.org\/it\/wp-json\/wp\/v2\/pages\/16434\/revisions"}],"predecessor-version":[{"id":16442,"href":"https:\/\/www.naturalscience.org\/it\/wp-json\/wp\/v2\/pages\/16434\/revisions\/16442"}],"up":[{"embeddable":true,"href":"https:\/\/www.naturalscience.org\/it\/wp-json\/wp\/v2\/pages\/16399"}],"wp:attachment":[{"href":"https:\/\/www.naturalscience.org\/it\/wp-json\/wp\/v2\/media?parent=16434"}],"wp:term":[{"taxonomy":"category","embeddable":true,"href":"https:\/\/www.naturalscience.org\/it\/wp-json\/wp\/v2\/categories?post=16434"}],"curies":[{"name":"wp","href":"https:\/\/api.w.org\/{rel}","templated":true}]}}