{"id":16403,"date":"2015-10-23T13:20:37","date_gmt":"2015-10-23T11:20:37","guid":{"rendered":"http:\/\/www.naturalscience.org\/it\/?page_id=16403"},"modified":"2015-10-23T23:37:01","modified_gmt":"2015-10-23T21:37:01","slug":"sidebar","status":"publish","type":"page","link":"https:\/\/www.naturalscience.org\/it\/congresso-2015\/sidebar\/","title":{"rendered":"Sidebar"},"content":{"rendered":"<div style=\"height: 50px;\"><\/div>\n<p><a class=\"button radius primary\" href=\"https:\/\/www.naturalscience.org\/wp-content\/uploads\/2015\/10\/Congress-2015-Invitation-Letter_v2.pdf\" target=\"_blank\"><i class=\"fa fa-download \" ><\/i> Lettera d&#8217;invito <small>(PDF, in inglese)<\/small><\/a><\/p>\n<p><a class=\"button radius primary\" href=\"https:\/\/www.naturalscience.org\/wp-content\/uploads\/2015\/10\/Congress-2015-Topics-Speakers_v4.pdf\" target=\"_blank\"><i class=\"fa fa-download \" ><\/i> Temi e oratori <small>(PDF, in inglese)<\/small><\/a><\/p>\n<p>&nbsp;<\/p>\n<h3>Localit\u00e0<\/h3>\n<p><strong style=\"color: #800000;\">Per tutta la durata del congresso, l&#8217;hotel \u00e8 completamente zona non-fumatori!<\/strong><br \/>\n<strong>Maritim Hotel<\/strong><br \/>\nBasteistra\u00dfe 40<br \/>\n89073 Ulm<br \/>\nGermania<br \/>\n<i class=\"fa fa-angle-right \" ><\/i> <a href=\"https:\/\/www.maritim.it\/it\/hotel\/germania\/hotel-ulm\/panoramica-hotel#hotel_content\" target=\"_blank\">Sito web<\/a><\/p>\n<p>&nbsp;<\/p>\n<h3>Inizio e fine<\/h3>\n<p><strong>Inizio<\/strong><br \/>\nGioved\u00ec, 29 Ottobre 2015,<br \/>\nore 19.00<\/p>\n<p><strong>Fine<\/strong><br \/>\nDomenica, 1\u00b0 Novembre 2015,<br \/>\nore 13.00<\/p>\n<p>&nbsp;<\/p>\n<h3>Traduzioni<\/h3>\n<p>Simultanee in tedesco, inglese, spagnolo, ceco e russo<\/p>\n<p>&nbsp;<\/p>\n<h3>Costi di partecipazione<\/h3>\n<ul class=\"fa-ul\" style=\"margin-left: 20px;\">\n<li><i class=\"fa-li fa fa-angle-right\"><\/i>Persona singola: \u20ac 350 \/ CHF 385<\/li>\n<li><i class=\"fa-li fa fa-angle-right\"><\/i>&#8220;65+&#8221; (et\u00e0 d&#8217;oro!): \u20ac 260 \/ CHF 290<\/li>\n<li><i class=\"fa-li fa fa-angle-right\"><\/i>Coniugi: \u20ac 490 \/ CHF 540<\/li>\n<li><i class=\"fa-li fa fa-angle-right\"><\/i>Studenti universitari:<br \/>\n\u20ac 260 \/ CHF 290<\/li>\n<li><i class=\"fa-li fa fa-angle-right\"><\/i>Giovani \/ scolari: \u20ac 125 \/ CHF 140<\/li>\n<\/ul>\n<p>&nbsp;<\/p>\n<h3>Avete domande?<\/h3>\n<p>Siamo lieti di aiutarvi!<\/p>\n<div class=\"widget widget_wfns_contact_info\">\n<ul class=\"fa-ul\">\n<li><i class=\"fa fa-envelope-o fa-li\"><\/i> <a href=\"https:\/\/www.naturalscience.org\/it\/contatti\/\"> Modulo di contatto<\/a><\/li>\n<li><i class=\"fa fa-at fa-li\"><\/i> <a href=\"mailto:contact@naturalscience.org\"> contact@naturalscience.org<\/a><\/li>\n<li><i class=\"fa fa-phone fa-li\"><\/i> +41(41)798-0398<\/li>\n<\/ul>\n<\/div>\n","protected":false},"excerpt":{"rendered":"Lettera d&#8217;invito (PDF, in inglese) Temi e oratori (PDF, in inglese) &nbsp; Localit\u00e0 Per tutta la durata del congresso, l&#8217;hotel \u00e8 completamente zona non-fumatori! Maritim Hotel Basteistra\u00dfe 40 89073 Ulm Germania Sito web &nbsp; Inizio e fine Inizio Gioved\u00ec, 29 Ottobre 2015, ore 19.00 Fine Domenica, 1\u00b0 Novembre 2015, ore 13.00 &nbsp; Traduzioni Simultanee in [&hellip;]","protected":false},"author":9,"featured_media":0,"parent":16399,"menu_order":13,"comment_status":"closed","ping_status":"closed","template":"","meta":{"_acf_changed":false,"ngg_post_thumbnail":0,"footnotes":""},"categories":[],"class_list":["post-16403","page","type-page","status-publish","hentry","wpautop"],"acf":[],"yoast_head":"<!-- This site is optimized with the Yoast SEO plugin v27.5 - https:\/\/yoast.com\/product\/yoast-seo-wordpress\/ -->\n<title>Sidebar - The World Foundation for Natural Science<\/title>\n<meta name=\"robots\" content=\"index, follow, max-snippet:-1, max-image-preview:large, max-video-preview:-1\" \/>\n<link rel=\"canonical\" href=\"https:\/\/www.naturalscience.org\/it\/congresso-2015\/sidebar\/\" \/>\n<script type=\"application\/ld+json\" class=\"yoast-schema-graph\">{\"@context\":\"https:\\\/\\\/schema.org\",\"@graph\":[{\"@type\":\"WebPage\",\"@id\":\"https:\\\/\\\/www.naturalscience.org\\\/it\\\/congresso-2015\\\/sidebar\\\/\",\"url\":\"https:\\\/\\\/www.naturalscience.org\\\/it\\\/congresso-2015\\\/sidebar\\\/\",\"name\":\"Sidebar - The World Foundation for Natural Science\",\"isPartOf\":{\"@id\":\"https:\\\/\\\/www.naturalscience.org\\\/#website\"},\"datePublished\":\"2015-10-23T11:20:37+00:00\",\"dateModified\":\"2015-10-23T21:37:01+00:00\",\"breadcrumb\":{\"@id\":\"https:\\\/\\\/www.naturalscience.org\\\/it\\\/congresso-2015\\\/sidebar\\\/#breadcrumb\"},\"inLanguage\":\"it-IT\",\"potentialAction\":[{\"@type\":\"ReadAction\",\"target\":[\"https:\\\/\\\/www.naturalscience.org\\\/it\\\/congresso-2015\\\/sidebar\\\/\"]}]},{\"@type\":\"BreadcrumbList\",\"@id\":\"https:\\\/\\\/www.naturalscience.org\\\/it\\\/congresso-2015\\\/sidebar\\\/#breadcrumb\",\"itemListElement\":[{\"@type\":\"ListItem\",\"position\":1,\"name\":\"Home\",\"item\":\"https:\\\/\\\/www.naturalscience.org\\\/it\\\/\"},{\"@type\":\"ListItem\",\"position\":2,\"name\":\"20\u00b0 Congresso Mondiale Internazionale \u201eNuova Prospettiva Scientifica\u201c\",\"item\":\"https:\\\/\\\/www.naturalscience.org\\\/it\\\/congresso-2015\\\/\"},{\"@type\":\"ListItem\",\"position\":3,\"name\":\"Sidebar\"}]},{\"@type\":\"WebSite\",\"@id\":\"https:\\\/\\\/www.naturalscience.org\\\/#website\",\"url\":\"https:\\\/\\\/www.naturalscience.org\\\/\",\"name\":\"The World Foundation for Natural Science\",\"description\":\"Restoring and Healing the World through Responsibility and Commitment in accord with Natural and Divine Law!\",\"potentialAction\":[{\"@type\":\"SearchAction\",\"target\":{\"@type\":\"EntryPoint\",\"urlTemplate\":\"https:\\\/\\\/www.naturalscience.org\\\/?s={search_term_string}\"},\"query-input\":{\"@type\":\"PropertyValueSpecification\",\"valueRequired\":true,\"valueName\":\"search_term_string\"}}],\"inLanguage\":\"it-IT\"}]}<\/script>\n<!-- \/ Yoast SEO plugin. -->","yoast_head_json":{"title":"Sidebar - The World Foundation for Natural Science","robots":{"index":"index","follow":"follow","max-snippet":"max-snippet:-1","max-image-preview":"max-image-preview:large","max-video-preview":"max-video-preview:-1"},"canonical":"https:\/\/www.naturalscience.org\/it\/congresso-2015\/sidebar\/","schema":{"@context":"https:\/\/schema.org","@graph":[{"@type":"WebPage","@id":"https:\/\/www.naturalscience.org\/it\/congresso-2015\/sidebar\/","url":"https:\/\/www.naturalscience.org\/it\/congresso-2015\/sidebar\/","name":"Sidebar - The World Foundation for Natural Science","isPartOf":{"@id":"https:\/\/www.naturalscience.org\/#website"},"datePublished":"2015-10-23T11:20:37+00:00","dateModified":"2015-10-23T21:37:01+00:00","breadcrumb":{"@id":"https:\/\/www.naturalscience.org\/it\/congresso-2015\/sidebar\/#breadcrumb"},"inLanguage":"it-IT","potentialAction":[{"@type":"ReadAction","target":["https:\/\/www.naturalscience.org\/it\/congresso-2015\/sidebar\/"]}]},{"@type":"BreadcrumbList","@id":"https:\/\/www.naturalscience.org\/it\/congresso-2015\/sidebar\/#breadcrumb","itemListElement":[{"@type":"ListItem","position":1,"name":"Home","item":"https:\/\/www.naturalscience.org\/it\/"},{"@type":"ListItem","position":2,"name":"20\u00b0 Congresso Mondiale Internazionale \u201eNuova Prospettiva Scientifica\u201c","item":"https:\/\/www.naturalscience.org\/it\/congresso-2015\/"},{"@type":"ListItem","position":3,"name":"Sidebar"}]},{"@type":"WebSite","@id":"https:\/\/www.naturalscience.org\/#website","url":"https:\/\/www.naturalscience.org\/","name":"The World Foundation for Natural Science","description":"Restoring and Healing the World through Responsibility and Commitment in accord with Natural and Divine Law!","potentialAction":[{"@type":"SearchAction","target":{"@type":"EntryPoint","urlTemplate":"https:\/\/www.naturalscience.org\/?s={search_term_string}"},"query-input":{"@type":"PropertyValueSpecification","valueRequired":true,"valueName":"search_term_string"}}],"inLanguage":"it-IT"}]}},"_links":{"self":[{"href":"https:\/\/www.naturalscience.org\/it\/wp-json\/wp\/v2\/pages\/16403","targetHints":{"allow":["GET"]}}],"collection":[{"href":"https:\/\/www.naturalscience.org\/it\/wp-json\/wp\/v2\/pages"}],"about":[{"href":"https:\/\/www.naturalscience.org\/it\/wp-json\/wp\/v2\/types\/page"}],"author":[{"embeddable":true,"href":"https:\/\/www.naturalscience.org\/it\/wp-json\/wp\/v2\/users\/9"}],"replies":[{"embeddable":true,"href":"https:\/\/www.naturalscience.org\/it\/wp-json\/wp\/v2\/comments?post=16403"}],"version-history":[{"count":7,"href":"https:\/\/www.naturalscience.org\/it\/wp-json\/wp\/v2\/pages\/16403\/revisions"}],"predecessor-version":[{"id":16448,"href":"https:\/\/www.naturalscience.org\/it\/wp-json\/wp\/v2\/pages\/16403\/revisions\/16448"}],"up":[{"embeddable":true,"href":"https:\/\/www.naturalscience.org\/it\/wp-json\/wp\/v2\/pages\/16399"}],"wp:attachment":[{"href":"https:\/\/www.naturalscience.org\/it\/wp-json\/wp\/v2\/media?parent=16403"}],"wp:term":[{"taxonomy":"category","embeddable":true,"href":"https:\/\/www.naturalscience.org\/it\/wp-json\/wp\/v2\/categories?post=16403"}],"curies":[{"name":"wp","href":"https:\/\/api.w.org\/{rel}","templated":true}]}}