{"id":16402,"date":"2015-10-23T13:20:47","date_gmt":"2015-10-23T11:20:47","guid":{"rendered":"http:\/\/www.naturalscience.org\/it\/?page_id=16402"},"modified":"2015-10-25T18:22:08","modified_gmt":"2015-10-25T17:22:08","slug":"temi","status":"publish","type":"page","link":"https:\/\/www.naturalscience.org\/it\/congresso-2015\/temi\/","title":{"rendered":"Sommario dei temi"},"content":{"rendered":"<p><img loading=\"lazy\" decoding=\"async\" src=\"https:\/\/www.naturalscience.org\/wp-content\/uploads\/2015\/09\/header-soil-2.jpg\" alt=\"header-soil-2\" width=\"970\" height=\"220\" class=\"alignnone size-full wp-image-15731\" srcset=\"https:\/\/www.naturalscience.org\/wp-content\/uploads\/2015\/09\/header-soil-2.jpg 970w, https:\/\/www.naturalscience.org\/wp-content\/uploads\/2015\/09\/header-soil-2-300x68.jpg 300w, https:\/\/www.naturalscience.org\/wp-content\/uploads\/2015\/09\/header-soil-2-164x37.jpg 164w\" sizes=\"auto, (max-width: 970px) 100vw, 970px\" \/><\/p>\n<h2>I suoli, la nostra base di sussistenza, sono mortalmente malati. Un invito ad agire.<\/h2>\n<p>In tutto il mondo, i suoli si trovano in uno stato catastrofale, causato dall&#8217;industrializzazione e dall&#8217;uso insensato di pesticidi. A seguito di un modo di pensare miope e principalmente rivolto al profitto, la terra, la nostra pi\u00f9 importante base di sostentamento vitale, non \u00e8 solo in pericolo, ma \u00e8 in gran parte gi\u00e0 persa.  Qui riceverete soluzioni su come voi, singolarmente, e noi, come societ\u00e0, possiamo contribuire al ripristino della capacit\u00e0 rigenerativa dei suoli e produrre veri &#8220;alimenti&#8221;.<br \/>\n<em><strong><a href=\"https:\/\/www.naturalscience.org\/it\/congresso-2015\/oratori\/#Luebke-Hildebrandt\">Angelika L\u00fcbke-Hildebrandt<\/a><\/strong>, MSc, esperta di qualit\u00e0 dei suoli, U.R.S. Gestione del territorio, United Research for Soil, Peuerbach, Austria<\/em><\/p>\n<p>&nbsp;<\/p>\n<p><img loading=\"lazy\" decoding=\"async\" class=\"alignnone wp-image-15704 size-full\" src=\"https:\/\/www.naturalscience.org\/wp-content\/uploads\/2015\/09\/header-natural-birth-2.jpg\" alt=\"header-natural-birth-2\" width=\"970\" height=\"220\" srcset=\"https:\/\/www.naturalscience.org\/wp-content\/uploads\/2015\/09\/header-natural-birth-2.jpg 970w, https:\/\/www.naturalscience.org\/wp-content\/uploads\/2015\/09\/header-natural-birth-2-300x68.jpg 300w, https:\/\/www.naturalscience.org\/wp-content\/uploads\/2015\/09\/header-natural-birth-2-164x37.jpg 164w\" sizes=\"auto, (max-width: 970px) 100vw, 970px\" \/><\/p>\n<h2>La nascita, un processo divino! Il parto cesareo, un piantagrane nel complesso.<\/h2>\n<p>Negli ultimi 20 anni la percentuale di parti cesarei in tutto il nostro mondo civilizzato si \u00e8 pi\u00f9 che raddoppiata.  Tuttavia il tipo di parto scelto dalla madre, influisce notevolmente sulla salute del neonato. A differenza del parto naturale, con il taglio cesareo viene a mancare il trasferimento di vitali microorganismi dalla madre al bambino. Harman e Wakeford, loro stessi esperti genitori, sulla base delle loro personali esperienze, ci mostrano ci\u00f2 che succede durante un parto naturale, quali effetti ha un parto cesareo sulle future generazioni e cosa si pu\u00f2 fare quando un parto cesareo \u00e8 inevitabile!<br \/>\n<em><strong><a href=\"https:\/\/www.naturalscience.org\/it\/congresso-2015\/oratori\/#Harman-Wakeford\">Toni Harman &#038; Alex Wakeford<\/a><\/strong>, registi e produttori del film &#8220;Microbirth&#8221; insignito di un premio, Inghilterra<\/em><\/p>\n<p>&nbsp;<\/p>\n<p><img loading=\"lazy\" decoding=\"async\" class=\"alignnone wp-image-15701 size-full\" src=\"https:\/\/www.naturalscience.org\/wp-content\/uploads\/2015\/09\/header-farm-animals.jpg\" alt=\"header-farm-animals\" width=\"970\" height=\"220\" srcset=\"https:\/\/www.naturalscience.org\/wp-content\/uploads\/2015\/09\/header-farm-animals.jpg 970w, https:\/\/www.naturalscience.org\/wp-content\/uploads\/2015\/09\/header-farm-animals-300x68.jpg 300w, https:\/\/www.naturalscience.org\/wp-content\/uploads\/2015\/09\/header-farm-animals-164x37.jpg 164w\" sizes=\"auto, (max-width: 970px) 100vw, 970px\" \/><\/p>\n<h2>Il foraggiamento del bestiame con antibiotici e le sue fatali conseguenze.<\/h2>\n<p>Ogni anno soltanto in Europa muoiono 25&#8217;000 persone per infezioni causate da germi resistenti agli antibiotici. Corresponsabile \u00e8 l&#8217;uso errato di antibiotici sintetici in agricoltura. Questi farmaci, attraverso le escrezioni naturali dell&#8217;animale, passano nelle acque sotterranee e infine di nuovo nel nostro cibo quotidiano. Una delle conseguenze \u00e8 che gli antibiotici sono sempre pi\u00f9 inefficaci sugli uomini e sugli animali. Come questa minaccia per la vita pu\u00f2 essere nuovamente trasformata in armonia per l&#8217;uomo, gli animali e la natura, ve lo mostra il:<br \/>\n<em><strong><a href=\"https:\/\/www.naturalscience.org\/it\/congresso-2015\/oratori\/#Herout\">Veterinario Nicole Herout<\/a><\/strong>, Centro olistico per la medicina veterinaria, Lichtenberg, Austria<\/em><\/p>\n<p>&nbsp;<\/p>\n<p><img loading=\"lazy\" decoding=\"async\" class=\"alignnone size-full wp-image-15702\" src=\"https:\/\/www.naturalscience.org\/wp-content\/uploads\/2015\/09\/header-injection-2.jpg\" alt=\"header-injection\" width=\"970\" height=\"220\" srcset=\"https:\/\/www.naturalscience.org\/wp-content\/uploads\/2015\/09\/header-injection-2.jpg 970w, https:\/\/www.naturalscience.org\/wp-content\/uploads\/2015\/09\/header-injection-2-300x68.jpg 300w, https:\/\/www.naturalscience.org\/wp-content\/uploads\/2015\/09\/header-injection-2-164x37.jpg 164w\" sizes=\"auto, (max-width: 970px) 100vw, 970px\" \/><\/p>\n<h2>Vaccinare: mito o minaccia?<\/h2>\n<p>I vaccini che si basano su formule sintetiche, indeboliscono il sistema immunitario. Tali &#8220;ricette&#8221; hanno in parte effetti collaterali gravi ed irreversibili. Gi\u00e0 molti medici sono consapevoli di questo e non vaccinano pi\u00f9 se stessi e le loro famiglie. I produttori di solito effettuano prove di efficacia dei loro stessi prodotti, allo stesso modo di come forniscono la prova del loro stesso successo, per cui entrambe le cose dovrebbero essere viste con il necessario scetticismo. Sulla base di questa seria problematica, \u00e8 quindi giustificato il fatto che i bambini non vaccinati vengano esclusi dalla scuola, gli adulti allontanati dal loro posto di lavoro e la gente costretta ad essere vaccinata? Controargomentazioni e solide prove ci vengono fornite in modo istruttivo ed estremamente professionale da:<br \/>\n<em><strong><a href=\"https:\/\/www.naturalscience.org\/it\/congresso-2015\/oratori\/#Trappitsch\">Daniel Trappitsch<\/a><\/strong>, Delegato Consiliare di &#8220;Netzwerk Impfentscheid&#8221;, Buchs, Svizzera<\/em><\/p>\n<p>&nbsp;<\/p>\n<p><img loading=\"lazy\" decoding=\"async\" src=\"https:\/\/www.naturalscience.org\/wp-content\/uploads\/2015\/09\/header-gmo-2.jpg\" alt=\"header-gmo-2\" width=\"970\" height=\"220\" class=\"alignnone size-full wp-image-15705\" srcset=\"https:\/\/www.naturalscience.org\/wp-content\/uploads\/2015\/09\/header-gmo-2.jpg 970w, https:\/\/www.naturalscience.org\/wp-content\/uploads\/2015\/09\/header-gmo-2-300x68.jpg 300w, https:\/\/www.naturalscience.org\/wp-content\/uploads\/2015\/09\/header-gmo-2-164x37.jpg 164w\" sizes=\"auto, (max-width: 970px) 100vw, 970px\" \/><\/p>\n<h2>L&#8217;ingegneria genetica, killer nascosto della nostra salute e di tutta la qualit\u00e0 della vita.<\/h2>\n<p>Il 90% di tutti gli alimenti per neonati e l&#8217;80% di tutti gli alimenti sono gi\u00e0 geneticamente modificati. L&#8217;ingegneria genetica \u00e8 gi\u00e0 presente nel 90% dei semi di mais e soia, e altrettanto nei mangimi per cani, gatti, uccelli, mucche e pesci, cos\u00ec come nel nostro cibo. Gli effetti degli organismi geneticamente modificati sono potenzialmente catastrofali e spaziano da allergie a ulcere cancrenose che possono portare fino al decesso e causano enormi danni. Tutta la catena alimentare naturale viene sconvolta. Qui vi mostriamo dove porre la vostra attenzione per avere nel vostro piatto solo cibi naturalmente biologici.<br \/>\n<em><strong><a href=\"https:\/\/www.naturalscience.org\/it\/congresso-2015\/oratori\/#Karl-Cox\">Prof. Dott. Karl Cox, PhD<\/a><\/strong>, Universit\u00e0 di Brighton, Inghilterra<br \/>\n<strong><a href=\"https:\/\/www.naturalscience.org\/it\/congresso-2015\/oratori\/#Waldmann\">Lukas Waldmann<\/a><\/strong>, Naturopata, Rotkreuz, Svizzera<\/em><\/p>\n<p>&nbsp;<\/p>\n<p><img loading=\"lazy\" decoding=\"async\" class=\"alignnone size-full wp-image-12806\" src=\"https:\/\/www.naturalscience.org\/wp-content\/uploads\/2015\/02\/header-microwave-towers.jpg\" alt=\"header-microwave-towers\" width=\"970\" height=\"220\" srcset=\"https:\/\/www.naturalscience.org\/wp-content\/uploads\/2015\/02\/header-microwave-towers.jpg 970w, https:\/\/www.naturalscience.org\/wp-content\/uploads\/2015\/02\/header-microwave-towers-300x68.jpg 300w, https:\/\/www.naturalscience.org\/wp-content\/uploads\/2015\/02\/header-microwave-towers-164x37.jpg 164w\" sizes=\"auto, (max-width: 970px) 100vw, 970px\" \/><\/p>\n<h2>La radiazione da cellulare: il moderno, silenzioso intruso.<\/h2>\n<p>Tutta la vita \u00e8 basata sull&#8217;elettromagnetismo. Le radiazioni da microonde create dall&#8217;uomo (causate da telefonia mobile o cellulari presenti in tutto il mondo, che vengono letteralmente messi nella culla dei nostri bambini, WLAN, telefoni senza cavo, forni a microonde, ecc.) si muovono nelle stesse bande di frequenza, entro cui la natura e persino le nostre cellule del corpo comunicano! Le radiazioni generate artificialmente distruggono tutti i processi che favoriscono la vita e minacciano tutta la vita naturale. Soluzioni su come proteggere la gente, gli animali e la natura vi verranno presentate da:<br \/>\n<em><strong><a href=\"https:\/\/www.naturalscience.org\/it\/congresso-2015\/oratori\/#Hofmann\">Marcel Hofmann<\/a><\/strong>, diplomato MSEE, Ingegnere elettrotecnico HTL, Utzigen, Svizzera<\/em><\/p>\n<p>&nbsp;<\/p>\n<p><img loading=\"lazy\" decoding=\"async\" src=\"https:\/\/www.naturalscience.org\/wp-content\/uploads\/2015\/09\/header-teeth.jpg\" alt=\"header-teeth\" width=\"970\" height=\"220\" class=\"alignnone size-full wp-image-15732\" srcset=\"https:\/\/www.naturalscience.org\/wp-content\/uploads\/2015\/09\/header-teeth.jpg 970w, https:\/\/www.naturalscience.org\/wp-content\/uploads\/2015\/09\/header-teeth-300x68.jpg 300w, https:\/\/www.naturalscience.org\/wp-content\/uploads\/2015\/09\/header-teeth-164x37.jpg 164w\" sizes=\"auto, (max-width: 970px) 100vw, 970px\" \/><\/p>\n<h2>I denti, specchio della nostra salute&#8230; veramente?<\/h2>\n<p>Molte malattie di origine fisica e psichica o malanni di tutti i tipi, dalla depressione ai reumatismi fino al cancro, sono direttamente connessi allo stato dei nostri denti. Sulla base di alcuni esempi, vi mostriamo perch\u00e9 solo i cibi naturali sono salutari per i nostri denti, perch\u00e9 la chimica agisce in modo dannoso e perch\u00e9 quindi \u00e8 necessario pulire i nostri denti ogni giorno con un dentifricio esente da fluoro. Inoltre vi mostriamo quale ruolo abbiano batteri e metalli pesanti in merito alla carie dentaria e qual \u00e8 la naturale alternativa al fluoro.<br \/>\n<em><strong><a href=\"https:\/\/www.naturalscience.org\/it\/congresso-2015\/oratori\/#Zac-Cox\">Dottor R. Zac Cox BDS<\/a><\/strong>, Odontoiatra olistico, Londra, Inghilterra<br \/>\n<strong><a href=\"https:\/\/www.naturalscience.org\/it\/congresso-2015\/oratori\/#Waldmann\">Lukas Waldmann<\/a><\/strong>, Naturopata, Rotkreuz, Svizzera<\/em><\/p>\n<p>&nbsp;<\/p>\n<p><img loading=\"lazy\" decoding=\"async\" class=\"alignnone size-full wp-image-15703\" src=\"https:\/\/www.naturalscience.org\/wp-content\/uploads\/2015\/09\/header-mild.jpg\" alt=\"header-mild\" width=\"970\" height=\"220\" srcset=\"https:\/\/www.naturalscience.org\/wp-content\/uploads\/2015\/09\/header-mild.jpg 970w, https:\/\/www.naturalscience.org\/wp-content\/uploads\/2015\/09\/header-mild-300x68.jpg 300w, https:\/\/www.naturalscience.org\/wp-content\/uploads\/2015\/09\/header-mild-164x37.jpg 164w\" sizes=\"auto, (max-width: 970px) 100vw, 970px\" \/><\/p>\n<h2>Latte uguale a latte? Non cos\u00ec in fretta&#8230;<\/h2>\n<p>Latte UHT o pastorizzato che si trova in commercio e che \u00e8 stato degenerato in modo irriconoscibile dai processi di produzione industriale, rappresenta un grave peso per il corpo umano ed \u00e8 responsabile per l&#8217;innesco di asma, allergie e osteoporosi. Al contrario, il latte crudo proveniente da animali da pascolo biologico ha un effetto opposto. Si tratta di un alimento essenziale che promuove la vita. Riconoscete le caratteristiche del vero balsamo bianco!<br \/>\n<em><strong><a href=\"https:\/\/www.naturalscience.org\/it\/congresso-2015\/oratori\/#Baars\">Prof. Dott. Ton Baars<\/a><\/strong>, Istituto di ricerca di agricoltura biologica (FiBL), Frick, Svizzera<\/em><\/p>\n<p>&nbsp;<\/p>\n<div class=\"text-center\" style=\"margin: 20px 0 40px 0;\">\n<a href=\"https:\/\/www.naturalscience.org\/congress-2015\/registration\/\" class=\"button radius register\"><i class=\"fa fa-chevron-right \" ><\/i> Registratevi ora! <small>(in inglese)<\/small><\/a>\n<\/div>\n","protected":false},"excerpt":{"rendered":"I suoli, la nostra base di sussistenza, sono mortalmente malati. Un invito ad agire. In tutto il mondo, i suoli si trovano in uno stato catastrofale, causato dall&#8217;industrializzazione e dall&#8217;uso insensato di pesticidi. A seguito di un modo di pensare miope e principalmente rivolto al profitto, la terra, la nostra pi\u00f9 importante base di sostentamento [&hellip;]","protected":false},"author":9,"featured_media":0,"parent":16399,"menu_order":2,"comment_status":"closed","ping_status":"closed","template":"","meta":{"_acf_changed":false,"ngg_post_thumbnail":0,"footnotes":""},"categories":[],"class_list":["post-16402","page","type-page","status-publish","hentry","wpautop"],"acf":[],"yoast_head":"<!-- This site is optimized with the Yoast SEO plugin v27.4 - https:\/\/yoast.com\/product\/yoast-seo-wordpress\/ -->\n<title>Sommario dei temi - The World Foundation for Natural Science<\/title>\n<meta name=\"robots\" content=\"index, follow, max-snippet:-1, max-image-preview:large, max-video-preview:-1\" \/>\n<link rel=\"canonical\" href=\"https:\/\/www.naturalscience.org\/it\/congresso-2015\/temi\/\" \/>\n<meta name=\"twitter:label1\" content=\"Tempo di lettura stimato\" \/>\n\t<meta name=\"twitter:data1\" content=\"5 minutes\" \/>\n<script type=\"application\/ld+json\" class=\"yoast-schema-graph\">{\"@context\":\"https:\\\/\\\/schema.org\",\"@graph\":[{\"@type\":\"WebPage\",\"@id\":\"https:\\\/\\\/www.naturalscience.org\\\/it\\\/congresso-2015\\\/temi\\\/\",\"url\":\"https:\\\/\\\/www.naturalscience.org\\\/it\\\/congresso-2015\\\/temi\\\/\",\"name\":\"Sommario dei temi - The World Foundation for Natural Science\",\"isPartOf\":{\"@id\":\"https:\\\/\\\/www.naturalscience.org\\\/#website\"},\"primaryImageOfPage\":{\"@id\":\"https:\\\/\\\/www.naturalscience.org\\\/it\\\/congresso-2015\\\/temi\\\/#primaryimage\"},\"image\":{\"@id\":\"https:\\\/\\\/www.naturalscience.org\\\/it\\\/congresso-2015\\\/temi\\\/#primaryimage\"},\"thumbnailUrl\":\"https:\\\/\\\/www.naturalscience.org\\\/wp-content\\\/uploads\\\/2015\\\/09\\\/header-soil-2.jpg\",\"datePublished\":\"2015-10-23T11:20:47+00:00\",\"dateModified\":\"2015-10-25T17:22:08+00:00\",\"breadcrumb\":{\"@id\":\"https:\\\/\\\/www.naturalscience.org\\\/it\\\/congresso-2015\\\/temi\\\/#breadcrumb\"},\"inLanguage\":\"it-IT\",\"potentialAction\":[{\"@type\":\"ReadAction\",\"target\":[\"https:\\\/\\\/www.naturalscience.org\\\/it\\\/congresso-2015\\\/temi\\\/\"]}]},{\"@type\":\"ImageObject\",\"inLanguage\":\"it-IT\",\"@id\":\"https:\\\/\\\/www.naturalscience.org\\\/it\\\/congresso-2015\\\/temi\\\/#primaryimage\",\"url\":\"https:\\\/\\\/www.naturalscience.org\\\/wp-content\\\/uploads\\\/2015\\\/09\\\/header-soil-2.jpg\",\"contentUrl\":\"https:\\\/\\\/www.naturalscience.org\\\/wp-content\\\/uploads\\\/2015\\\/09\\\/header-soil-2.jpg\"},{\"@type\":\"BreadcrumbList\",\"@id\":\"https:\\\/\\\/www.naturalscience.org\\\/it\\\/congresso-2015\\\/temi\\\/#breadcrumb\",\"itemListElement\":[{\"@type\":\"ListItem\",\"position\":1,\"name\":\"Home\",\"item\":\"https:\\\/\\\/www.naturalscience.org\\\/it\\\/\"},{\"@type\":\"ListItem\",\"position\":2,\"name\":\"20\u00b0 Congresso Mondiale Internazionale \u201eNuova Prospettiva Scientifica\u201c\",\"item\":\"https:\\\/\\\/www.naturalscience.org\\\/it\\\/congresso-2015\\\/\"},{\"@type\":\"ListItem\",\"position\":3,\"name\":\"Sommario dei temi\"}]},{\"@type\":\"WebSite\",\"@id\":\"https:\\\/\\\/www.naturalscience.org\\\/#website\",\"url\":\"https:\\\/\\\/www.naturalscience.org\\\/\",\"name\":\"The World Foundation for Natural Science\",\"description\":\"Restoring and Healing the World through Responsibility and Commitment in accord with Natural and Divine Law!\",\"potentialAction\":[{\"@type\":\"SearchAction\",\"target\":{\"@type\":\"EntryPoint\",\"urlTemplate\":\"https:\\\/\\\/www.naturalscience.org\\\/?s={search_term_string}\"},\"query-input\":{\"@type\":\"PropertyValueSpecification\",\"valueRequired\":true,\"valueName\":\"search_term_string\"}}],\"inLanguage\":\"it-IT\"}]}<\/script>\n<!-- \/ Yoast SEO plugin. -->","yoast_head_json":{"title":"Sommario dei temi - The World Foundation for Natural Science","robots":{"index":"index","follow":"follow","max-snippet":"max-snippet:-1","max-image-preview":"max-image-preview:large","max-video-preview":"max-video-preview:-1"},"canonical":"https:\/\/www.naturalscience.org\/it\/congresso-2015\/temi\/","twitter_misc":{"Tempo di lettura stimato":"5 minutes"},"schema":{"@context":"https:\/\/schema.org","@graph":[{"@type":"WebPage","@id":"https:\/\/www.naturalscience.org\/it\/congresso-2015\/temi\/","url":"https:\/\/www.naturalscience.org\/it\/congresso-2015\/temi\/","name":"Sommario dei temi - The World Foundation for Natural Science","isPartOf":{"@id":"https:\/\/www.naturalscience.org\/#website"},"primaryImageOfPage":{"@id":"https:\/\/www.naturalscience.org\/it\/congresso-2015\/temi\/#primaryimage"},"image":{"@id":"https:\/\/www.naturalscience.org\/it\/congresso-2015\/temi\/#primaryimage"},"thumbnailUrl":"https:\/\/www.naturalscience.org\/wp-content\/uploads\/2015\/09\/header-soil-2.jpg","datePublished":"2015-10-23T11:20:47+00:00","dateModified":"2015-10-25T17:22:08+00:00","breadcrumb":{"@id":"https:\/\/www.naturalscience.org\/it\/congresso-2015\/temi\/#breadcrumb"},"inLanguage":"it-IT","potentialAction":[{"@type":"ReadAction","target":["https:\/\/www.naturalscience.org\/it\/congresso-2015\/temi\/"]}]},{"@type":"ImageObject","inLanguage":"it-IT","@id":"https:\/\/www.naturalscience.org\/it\/congresso-2015\/temi\/#primaryimage","url":"https:\/\/www.naturalscience.org\/wp-content\/uploads\/2015\/09\/header-soil-2.jpg","contentUrl":"https:\/\/www.naturalscience.org\/wp-content\/uploads\/2015\/09\/header-soil-2.jpg"},{"@type":"BreadcrumbList","@id":"https:\/\/www.naturalscience.org\/it\/congresso-2015\/temi\/#breadcrumb","itemListElement":[{"@type":"ListItem","position":1,"name":"Home","item":"https:\/\/www.naturalscience.org\/it\/"},{"@type":"ListItem","position":2,"name":"20\u00b0 Congresso Mondiale Internazionale \u201eNuova Prospettiva Scientifica\u201c","item":"https:\/\/www.naturalscience.org\/it\/congresso-2015\/"},{"@type":"ListItem","position":3,"name":"Sommario dei temi"}]},{"@type":"WebSite","@id":"https:\/\/www.naturalscience.org\/#website","url":"https:\/\/www.naturalscience.org\/","name":"The World Foundation for Natural Science","description":"Restoring and Healing the World through Responsibility and Commitment in accord with Natural and Divine Law!","potentialAction":[{"@type":"SearchAction","target":{"@type":"EntryPoint","urlTemplate":"https:\/\/www.naturalscience.org\/?s={search_term_string}"},"query-input":{"@type":"PropertyValueSpecification","valueRequired":true,"valueName":"search_term_string"}}],"inLanguage":"it-IT"}]}},"_links":{"self":[{"href":"https:\/\/www.naturalscience.org\/it\/wp-json\/wp\/v2\/pages\/16402","targetHints":{"allow":["GET"]}}],"collection":[{"href":"https:\/\/www.naturalscience.org\/it\/wp-json\/wp\/v2\/pages"}],"about":[{"href":"https:\/\/www.naturalscience.org\/it\/wp-json\/wp\/v2\/types\/page"}],"author":[{"embeddable":true,"href":"https:\/\/www.naturalscience.org\/it\/wp-json\/wp\/v2\/users\/9"}],"replies":[{"embeddable":true,"href":"https:\/\/www.naturalscience.org\/it\/wp-json\/wp\/v2\/comments?post=16402"}],"version-history":[{"count":10,"href":"https:\/\/www.naturalscience.org\/it\/wp-json\/wp\/v2\/pages\/16402\/revisions"}],"predecessor-version":[{"id":16498,"href":"https:\/\/www.naturalscience.org\/it\/wp-json\/wp\/v2\/pages\/16402\/revisions\/16498"}],"up":[{"embeddable":true,"href":"https:\/\/www.naturalscience.org\/it\/wp-json\/wp\/v2\/pages\/16399"}],"wp:attachment":[{"href":"https:\/\/www.naturalscience.org\/it\/wp-json\/wp\/v2\/media?parent=16402"}],"wp:term":[{"taxonomy":"category","embeddable":true,"href":"https:\/\/www.naturalscience.org\/it\/wp-json\/wp\/v2\/categories?post=16402"}],"curies":[{"name":"wp","href":"https:\/\/api.w.org\/{rel}","templated":true}]}}