{"id":16399,"date":"2015-10-23T13:14:31","date_gmt":"2015-10-23T11:14:31","guid":{"rendered":"http:\/\/www.naturalscience.org\/it\/?page_id=16399"},"modified":"2016-02-26T21:32:29","modified_gmt":"2016-02-26T20:32:29","slug":"congresso-2015","status":"publish","type":"page","link":"https:\/\/www.naturalscience.org\/it\/congresso-2015\/","title":{"rendered":"20\u00b0 Congresso Mondiale Internazionale \u201eNuova Prospettiva Scientifica\u201c"},"content":{"rendered":"<div class=\"landingpage-header text-center\">\n<h1>20\u00b0 Congresso Mondiale Internazionale<br \/>\n\u201eNuova Prospettiva Scientifica\u201c<\/h1>\n<div class=\"date\">Da Gioved\u00ec 29 Ottobre, ore 19.00 fino a Domenica 1\u00b0 Novembre 2015, ore 13.00<\/div>\n<div class=\"location\">Maritim Hotel, Basteistrasse 40, D-89073 Ulm, Germania<\/div>\n<\/div>\n<p>&nbsp;<\/p>\n<div class=\"row\" style=\"margin-bottom: 20px;\">\n<div class=\"small-24 medium-12 columns\">\n<p><img loading=\"lazy\" decoding=\"async\" class=\"alignnone size-full wp-image-15731\" src=\"https:\/\/www.naturalscience.org\/wp-content\/uploads\/2015\/09\/header-soil-2.jpg\" alt=\"header-soil-2\" width=\"970\" height=\"220\" srcset=\"https:\/\/www.naturalscience.org\/wp-content\/uploads\/2015\/09\/header-soil-2.jpg 970w, https:\/\/www.naturalscience.org\/wp-content\/uploads\/2015\/09\/header-soil-2-300x68.jpg 300w, https:\/\/www.naturalscience.org\/wp-content\/uploads\/2015\/09\/header-soil-2-164x37.jpg 164w\" sizes=\"auto, (max-width: 970px) 100vw, 970px\" \/><\/p>\n<h2>I suoli, la nostra base di sussistenza, sono mortalmente malati. Un invito ad agire.<\/h2>\n<p>In tutto il mondo, i suoli si trovano in uno stato catastrofale, causato dall&#8217;industrializzazione e dall&#8217;uso insensato di pesticidi. A seguito di un modo di pensare miope e principalmente rivolto al profitto, la terra, la nostra pi\u00f9 importante base di sostentamento vitale, non \u00e8 solo in pericolo, ma \u00e8 in gran parte gi\u00e0 persa. Qui riceverete soluzioni su come voi, singolarmente, e noi, come societ\u00e0, possiamo contribuire al ripristino della capacit\u00e0 rigenerativa dei suoli e produrre veri &#8220;alimenti&#8221;.<br \/>\n<em><strong><a href=\"https:\/\/www.naturalscience.org\/it\/congresso-2015\/oratori\/#Luebke-Hildebrandt\">Angelika L\u00fcbke-Hildebrandt<\/a><\/strong>, MSc, esperta di qualit\u00e0 dei suoli, U.R.S. Gestione del territorio, United Research for Soil, Peuerbach, Austria<\/em><\/p>\n<\/div>\n<div class=\"small-24 medium-12 columns\">\n<p><img loading=\"lazy\" decoding=\"async\" class=\"alignnone size-full wp-image-15704\" src=\"https:\/\/www.naturalscience.org\/wp-content\/uploads\/2015\/09\/header-natural-birth-2.jpg\" alt=\"header-natural-birth-2\" width=\"970\" height=\"220\" srcset=\"https:\/\/www.naturalscience.org\/wp-content\/uploads\/2015\/09\/header-natural-birth-2.jpg 970w, https:\/\/www.naturalscience.org\/wp-content\/uploads\/2015\/09\/header-natural-birth-2-300x68.jpg 300w, https:\/\/www.naturalscience.org\/wp-content\/uploads\/2015\/09\/header-natural-birth-2-164x37.jpg 164w\" sizes=\"auto, (max-width: 970px) 100vw, 970px\" \/><\/p>\n<h2>La nascita, un processo divino! Il parto cesareo, un piantagrane nel complesso.<\/h2>\n<p>Negli ultimi 20 anni la percentuale di parti cesarei in tutto il nostro mondo civilizzato si \u00e8 pi\u00f9 che raddoppiata. Tuttavia il tipo di parto scelto dalla madre, influisce notevolmente sulla salute del neonato. A differenza del parto naturale, con il taglio cesareo viene a mancare il trasferimento di vitali microorganismi dalla madre al bambino. Harman e Wakeford, loro stessi esperti genitori, sulla base delle loro personali esperienze, ci mostrano ci\u00f2 che succede durante un parto naturale, quali effetti ha un parto cesareo sulle future generazioni e cosa si pu\u00f2 fare quando un parto cesareo \u00e8 inevitabile!<br \/>\n<em><strong><a href=\"https:\/\/www.naturalscience.org\/it\/congresso-2015\/oratori\/#Harman-Wakeford\">Toni Harman &amp; Alex Wakeford<\/a><\/strong>, registi e produttori del film &#8220;Microbirth&#8221; insignito di un premio, Inghilterra<\/em><\/p>\n<\/div>\n<\/div>\n<div class=\"row\">\n<div class=\"small-24 medium-12 columns\">\n<p><img loading=\"lazy\" decoding=\"async\" class=\"alignnone size-full wp-image-15701\" src=\"https:\/\/www.naturalscience.org\/wp-content\/uploads\/2015\/09\/header-farm-animals.jpg\" alt=\"header-farm-animals\" width=\"970\" height=\"220\" srcset=\"https:\/\/www.naturalscience.org\/wp-content\/uploads\/2015\/09\/header-farm-animals.jpg 970w, https:\/\/www.naturalscience.org\/wp-content\/uploads\/2015\/09\/header-farm-animals-300x68.jpg 300w, https:\/\/www.naturalscience.org\/wp-content\/uploads\/2015\/09\/header-farm-animals-164x37.jpg 164w\" sizes=\"auto, (max-width: 970px) 100vw, 970px\" \/><\/p>\n<h2>Il foraggiamento del bestiame con antibiotici e le sue fatali conseguenze.<\/h2>\n<p>Ogni anno soltanto in Europa muoiono 25&#8217;000 persone per infezioni causate da germi resistenti agli antibiotici. Corresponsabile \u00e8 l&#8217;uso errato di antibiotici sintetici in agricoltura. Questi farmaci, attraverso le escrezioni naturali dell&#8217;animale, passano nelle acque sotterranee e infine di nuovo nel nostro cibo quotidiano. Una delle conseguenze \u00e8 che gli antibiotici sono sempre pi\u00f9 inefficaci sugli uomini e sugli animali. Come questa minaccia per la vita pu\u00f2 essere nuovamente trasformata in armonia per l&#8217;uomo, gli animali e la natura, ve lo mostra il:<br \/>\n<em><strong><a href=\"https:\/\/www.naturalscience.org\/it\/congresso-2015\/oratori\/#Herout\">Veterinario Nicole Herout<\/a><\/strong>, Centro olistico per la medicina veterinaria, Lichtenberg, Austria<\/em><\/p>\n<\/div>\n<div class=\"small-24 medium-12 columns\">\n<p><img loading=\"lazy\" decoding=\"async\" class=\"alignnone size-full wp-image-15702\" src=\"https:\/\/www.naturalscience.org\/wp-content\/uploads\/2015\/09\/header-injection-2.jpg\" alt=\"header-injection-2\" width=\"970\" height=\"220\" srcset=\"https:\/\/www.naturalscience.org\/wp-content\/uploads\/2015\/09\/header-injection-2.jpg 970w, https:\/\/www.naturalscience.org\/wp-content\/uploads\/2015\/09\/header-injection-2-300x68.jpg 300w, https:\/\/www.naturalscience.org\/wp-content\/uploads\/2015\/09\/header-injection-2-164x37.jpg 164w\" sizes=\"auto, (max-width: 970px) 100vw, 970px\" \/><\/p>\n<h2>Vaccinare: mito o minaccia?<\/h2>\n<p>I vaccini che si basano su formule sintetiche, indeboliscono il sistema immunitario. Tali &#8220;ricette&#8221; hanno in parte effetti collaterali gravi ed irreversibili. Gi\u00e0 molti medici sono consapevoli di questo e non vaccinano pi\u00f9 se stessi e le loro famiglie. I produttori di solito effettuano prove di efficacia dei loro stessi prodotti, allo stesso modo di come forniscono la prova del loro stesso successo, per cui entrambe le cose dovrebbero essere viste con il necessario scetticismo. Sulla base di questa seria problematica, \u00e8 quindi giustificato il fatto che i bambini non vaccinati vengano esclusi dalla scuola, gli adulti allontanati dal loro posto di lavoro e la gente costretta ad essere vaccinata? Controargomentazioni e solide prove ci vengono fornite in modo istruttivo ed estremamente professionale da:<br \/>\n<em><strong><a href=\"https:\/\/www.naturalscience.org\/it\/congresso-2015\/oratori\/#Trappitsch\">Daniel Trappitsch<\/a><\/strong>, Delegato Consiliare di &#8220;Netzwerk Impfentscheid&#8221;, Buchs, Svizzera<\/em><\/p>\n<\/div>\n<\/div>\n<div class=\"text-center\" style=\"margin: 20px 0; font-size: 18px;\"><a class=\"button radius primary\" href=\"https:\/\/www.naturalscience.org\/it\/congresso-2015\/temi\/\"><i class=\"fa fa-chevron-right \" ><\/i> Vai alla descrizione completa dei temi<\/a><\/div>\n<p>&nbsp;<\/p>\n<div class=\"content-box green-1 width-100\">\n<div class=\"content-box-title text-center\"><i class=\"fa fa-info-circle\"><\/i> Informazioni sul congresso<\/div>\n<div class=\"content-box-body\">\n<div class=\"row\">\n<div class=\"small-24 medium-10 columns\">\n<h3>Lettera d&#8217;invito<\/h3>\n<p>Qui potete leggere la stimolante lettera d&#8217;invito del nostro Presidente Europeo (in inglese)<\/p>\n<p><a class=\"button radius primary\" href=\"https:\/\/www.naturalscience.org\/wp-content\/uploads\/2015\/10\/Congress-2015-Invitation-Letter_v2.pdf\" target=\"_blank\"><i class=\"fa fa-download \" ><\/i> Lettera d&#8217;invito <small>(PDF, in inglese)<\/small><\/a><\/p>\n<p><a class=\"button radius primary\" href=\"https:\/\/www.naturalscience.org\/wp-content\/uploads\/2015\/10\/Congress-2015-Topics-Speakers_v4.pdf\" target=\"_blank\"><i class=\"fa fa-download \" ><\/i> Temi e oratori <small>(PDF, in inglese)<\/small><\/a><\/p>\n<\/div>\n<div class=\"small-24 medium-7 columns\">\n<h3>Inizio e fine<\/h3>\n<p><strong>Inizio<\/strong><br \/>\nGioved\u00ec, 29 Ottobre 2015, ore 19.00<\/p>\n<p><strong>Fine<\/strong><br \/>\nDomenica, 1\u00b0 Novembre 2015, ore 13.00<\/p>\n<\/div>\n<div class=\"small-24 medium-7 columns\">\n<h3>Localit\u00e0<\/h3>\n<p><strong style=\"color: #800000;\">Per tutta la durata del congresso, l&#8217;hotel \u00e8 completamente zona non-fumatori!<\/strong><br \/>\nMaritim Hotel<br \/>\nBasteistra\u00dfe 40<br \/>\n89073 Ulm, Germania<br \/>\n<i class=\"fa fa-angle-right \" ><\/i> <a href=\"https:\/\/www.maritim.it\/it\/hotel\/germania\/hotel-ulm\/panoramica-hotel#hotel_content\" target=\"_blank\">Sito web<\/a><\/p>\n<\/div>\n<\/div>\n<p>&nbsp;<\/p>\n<div class=\"row\">\n<div class=\"small-24 medium-10 columns\">\n<h3>Costi di partecipazione<\/h3>\n<ul class=\"fa-ul\" style=\"margin-left: 20px;\">\n<li><i class=\"fa-li fa fa-angle-right\"><\/i>Persona singola: \u20ac 350 \/ CHF 385<\/li>\n<li><i class=\"fa-li fa fa-angle-right\"><\/i>&#8220;65+&#8221; (et\u00e0 d&#8217;oro!): \u20ac 260 \/ CHF 290<\/li>\n<li><i class=\"fa-li fa fa-angle-right\"><\/i>Coniugi (entrambi partecipanti): \u20ac 490 \/ CHF 540<\/li>\n<li><i class=\"fa-li fa fa-angle-right\"><\/i>Studenti universitari: \u20ac 260 \/ CHF 290<\/li>\n<li><i class=\"fa-li fa fa-angle-right\"><\/i>Giovani \/ scolari: \u20ac 125 \/ CHF 140<\/li>\n<\/ul>\n<\/div>\n<div class=\"small-24 medium-7 columns\">\n<h3>Traduzioni<\/h3>\n<p>Simultanee in tedesco, inglese, spagnolo, ceco e russo<\/p>\n<\/div>\n<div class=\"small-24 medium-7 columns\">\n<h3>Avete domande?<\/h3>\n<ul class=\"fa-ul\">\n<li><i class=\"fa fa-envelope-o fa-li\"><\/i> <a href=\"https:\/\/www.naturalscience.org\/it\/contatti\/\"> Modulo di contatto<\/a><\/li>\n<li><i class=\"fa fa-at fa-li\"><\/i> <a href=\"mailto:contact@naturalscience.org\"> contact@naturalscience.org<\/a><\/li>\n<li><i class=\"fa fa-phone fa-li\"><\/i> +41(41)798-0398<\/li>\n<\/ul>\n<\/div>\n<\/div>\n<\/div>\n<\/div>\n<div class=\"text-center\" style=\"margin: 40px 0;\"><a class=\"button radius register\" href=\"https:\/\/www.naturalscience.org\/congress-2015\/registration\/\"><i class=\"fa fa-chevron-right \" ><\/i> Approfittate di questa occasione unica e registratevi ora! <small>(in inglese)<\/small><\/a><\/div>\n<h2 class=\"text-center\">Ci\u00f2 che dicono i nostri partecipanti<\/h2>\n<p>&nbsp;<\/p>\n<div class=\"row\">\n<div class=\"small-24 medium-8 columns\">\n<blockquote><p>La prima volta che presi parte al congresso nel 2012, non avevo un&#8217;idea concreta di cosa mi aspettasse. In passato, come parte del mio lavoro all&#8217;universit\u00e0, avevo gi\u00e0 preso parte a molti congressi in diversi paesi. Le mie attese non erano elevatissime, poich\u00e9 mi aspettavo che sarebbe stata una conferenza come le altre. Ed invece mi sbagliavo di grosso! Senza dubbio quella \u00e8 stata la migliore conferenza alla quale abbia mai partecipato! Qui c&#8217;erano vere risposte che avrebbero potuto salvare la vita! Io scrissi pi\u00f9 di 20 pagine di appunti dettagliati&#8230; non riuscivo ad averne abbastanza.<cite>Dott. Karl Cox, universit\u00e0 di Brighton<\/cite><\/p><\/blockquote>\n<\/div>\n<div class=\"small-24 medium-8 columns\">\n<blockquote><p>Il congresso \u00e8 stato molto emozionante ed informativo. Esso copriva temi di molti, differenti ambiti vitali, ad esempio la mattina l&#8217;attenzione era concentrata sul &#8220;parto naturale&#8221; ed il giorno dopo sul tema dei &#8220;suoli&#8221;: tutto ci\u00f2 \u00e8 stato molto buono. Lo scambio di opinioni con gli altri partecipanti era interessante e di grande arricchimento, e tutta l&#8217;atmosfera fantastica.<cite>Claudia Zweifel<\/cite><\/p><\/blockquote>\n<\/div>\n<div class=\"small-24 medium-8 columns\">\n<blockquote><p>Le presentazioni erano fantastiche. Esse hanno approfondito temi con i quali mi confronto da anni. In particolare mi ha colpito la grande apertura e la partecipazione a livello mondiale, in particolare anche di persone giovani. Questo mi da speranza per il futuro. Anche il fantastico, accurato allestimento della grande sala congressi mi ha colpito dritto al cuore.<cite>Hiltrud da Ulm, 80 anni<\/cite><\/p><\/blockquote>\n<\/div>\n<\/div>\n<p>&nbsp;<\/p>\n<h2 class=\"text-center\">Impressioni dell&#8217;ultimo congresso<\/h2>\n<p>[wonderplugin_carousel id=&#8221;1&#8243;]<\/p>\n<div class=\"text-center\" style=\"margin: 60px 0 20px 0;\"><a class=\"button radius register\" href=\"https:\/\/www.naturalscience.org\/congress-2015\/registration\/\"><i class=\"fa fa-chevron-right \" ><\/i> Registratevi ora! <small>(in inglese)<\/small><\/a><\/div>\n","protected":false},"excerpt":{"rendered":"20\u00b0 Congresso Mondiale Internazionale \u201eNuova Prospettiva Scientifica\u201c Da Gioved\u00ec 29 Ottobre, ore 19.00 fino a Domenica 1\u00b0 Novembre 2015, ore 13.00 Maritim Hotel, Basteistrasse 40, D-89073 Ulm, Germania &nbsp; I suoli, la nostra base di sussistenza, sono mortalmente malati. Un invito ad agire. In tutto il mondo, i suoli si trovano in uno stato catastrofale, [&hellip;]","protected":false},"author":9,"featured_media":0,"parent":0,"menu_order":77,"comment_status":"closed","ping_status":"closed","template":"page-full.php","meta":{"_acf_changed":false,"ngg_post_thumbnail":0,"footnotes":""},"categories":[],"class_list":["post-16399","page","type-page","status-publish","hentry","wpautop"],"acf":[],"yoast_head":"<!-- This site is optimized with the Yoast SEO plugin v27.3 - https:\/\/yoast.com\/product\/yoast-seo-wordpress\/ -->\n<title>20\u00b0 Congresso Mondiale Internazionale \u201eNuova Prospettiva Scientifica\u201c - The World Foundation for Natural Science<\/title>\n<meta name=\"robots\" content=\"index, follow, max-snippet:-1, max-image-preview:large, max-video-preview:-1\" \/>\n<link rel=\"canonical\" href=\"https:\/\/www.naturalscience.org\/it\/congresso-2015\/\" \/>\n<meta name=\"twitter:label1\" content=\"Tempo di lettura stimato\" \/>\n\t<meta name=\"twitter:data1\" content=\"4 minutes\" \/>\n<script type=\"application\/ld+json\" class=\"yoast-schema-graph\">{\"@context\":\"https:\\\/\\\/schema.org\",\"@graph\":[{\"@type\":\"WebPage\",\"@id\":\"https:\\\/\\\/www.naturalscience.org\\\/it\\\/congresso-2015\\\/\",\"url\":\"https:\\\/\\\/www.naturalscience.org\\\/it\\\/congresso-2015\\\/\",\"name\":\"20\u00b0 Congresso Mondiale Internazionale \u201eNuova Prospettiva Scientifica\u201c - The World Foundation for Natural Science\",\"isPartOf\":{\"@id\":\"https:\\\/\\\/www.naturalscience.org\\\/#website\"},\"primaryImageOfPage\":{\"@id\":\"https:\\\/\\\/www.naturalscience.org\\\/it\\\/congresso-2015\\\/#primaryimage\"},\"image\":{\"@id\":\"https:\\\/\\\/www.naturalscience.org\\\/it\\\/congresso-2015\\\/#primaryimage\"},\"thumbnailUrl\":\"https:\\\/\\\/www.naturalscience.org\\\/wp-content\\\/uploads\\\/2015\\\/09\\\/header-soil-2.jpg\",\"datePublished\":\"2015-10-23T11:14:31+00:00\",\"dateModified\":\"2016-02-26T20:32:29+00:00\",\"breadcrumb\":{\"@id\":\"https:\\\/\\\/www.naturalscience.org\\\/it\\\/congresso-2015\\\/#breadcrumb\"},\"inLanguage\":\"it-IT\",\"potentialAction\":[{\"@type\":\"ReadAction\",\"target\":[\"https:\\\/\\\/www.naturalscience.org\\\/it\\\/congresso-2015\\\/\"]}]},{\"@type\":\"ImageObject\",\"inLanguage\":\"it-IT\",\"@id\":\"https:\\\/\\\/www.naturalscience.org\\\/it\\\/congresso-2015\\\/#primaryimage\",\"url\":\"https:\\\/\\\/www.naturalscience.org\\\/wp-content\\\/uploads\\\/2015\\\/09\\\/header-soil-2.jpg\",\"contentUrl\":\"https:\\\/\\\/www.naturalscience.org\\\/wp-content\\\/uploads\\\/2015\\\/09\\\/header-soil-2.jpg\"},{\"@type\":\"BreadcrumbList\",\"@id\":\"https:\\\/\\\/www.naturalscience.org\\\/it\\\/congresso-2015\\\/#breadcrumb\",\"itemListElement\":[{\"@type\":\"ListItem\",\"position\":1,\"name\":\"Home\",\"item\":\"https:\\\/\\\/www.naturalscience.org\\\/it\\\/\"},{\"@type\":\"ListItem\",\"position\":2,\"name\":\"20\u00b0 Congresso Mondiale Internazionale \u201eNuova Prospettiva Scientifica\u201c\"}]},{\"@type\":\"WebSite\",\"@id\":\"https:\\\/\\\/www.naturalscience.org\\\/#website\",\"url\":\"https:\\\/\\\/www.naturalscience.org\\\/\",\"name\":\"The World Foundation for Natural Science\",\"description\":\"Restoring and Healing the World through Responsibility and Commitment in accord with Natural and Divine Law!\",\"potentialAction\":[{\"@type\":\"SearchAction\",\"target\":{\"@type\":\"EntryPoint\",\"urlTemplate\":\"https:\\\/\\\/www.naturalscience.org\\\/?s={search_term_string}\"},\"query-input\":{\"@type\":\"PropertyValueSpecification\",\"valueRequired\":true,\"valueName\":\"search_term_string\"}}],\"inLanguage\":\"it-IT\"}]}<\/script>\n<!-- \/ Yoast SEO plugin. -->","yoast_head_json":{"title":"20\u00b0 Congresso Mondiale Internazionale \u201eNuova Prospettiva Scientifica\u201c - The World Foundation for Natural Science","robots":{"index":"index","follow":"follow","max-snippet":"max-snippet:-1","max-image-preview":"max-image-preview:large","max-video-preview":"max-video-preview:-1"},"canonical":"https:\/\/www.naturalscience.org\/it\/congresso-2015\/","twitter_misc":{"Tempo di lettura stimato":"4 minutes"},"schema":{"@context":"https:\/\/schema.org","@graph":[{"@type":"WebPage","@id":"https:\/\/www.naturalscience.org\/it\/congresso-2015\/","url":"https:\/\/www.naturalscience.org\/it\/congresso-2015\/","name":"20\u00b0 Congresso Mondiale Internazionale \u201eNuova Prospettiva Scientifica\u201c - The World Foundation for Natural Science","isPartOf":{"@id":"https:\/\/www.naturalscience.org\/#website"},"primaryImageOfPage":{"@id":"https:\/\/www.naturalscience.org\/it\/congresso-2015\/#primaryimage"},"image":{"@id":"https:\/\/www.naturalscience.org\/it\/congresso-2015\/#primaryimage"},"thumbnailUrl":"https:\/\/www.naturalscience.org\/wp-content\/uploads\/2015\/09\/header-soil-2.jpg","datePublished":"2015-10-23T11:14:31+00:00","dateModified":"2016-02-26T20:32:29+00:00","breadcrumb":{"@id":"https:\/\/www.naturalscience.org\/it\/congresso-2015\/#breadcrumb"},"inLanguage":"it-IT","potentialAction":[{"@type":"ReadAction","target":["https:\/\/www.naturalscience.org\/it\/congresso-2015\/"]}]},{"@type":"ImageObject","inLanguage":"it-IT","@id":"https:\/\/www.naturalscience.org\/it\/congresso-2015\/#primaryimage","url":"https:\/\/www.naturalscience.org\/wp-content\/uploads\/2015\/09\/header-soil-2.jpg","contentUrl":"https:\/\/www.naturalscience.org\/wp-content\/uploads\/2015\/09\/header-soil-2.jpg"},{"@type":"BreadcrumbList","@id":"https:\/\/www.naturalscience.org\/it\/congresso-2015\/#breadcrumb","itemListElement":[{"@type":"ListItem","position":1,"name":"Home","item":"https:\/\/www.naturalscience.org\/it\/"},{"@type":"ListItem","position":2,"name":"20\u00b0 Congresso Mondiale Internazionale \u201eNuova Prospettiva Scientifica\u201c"}]},{"@type":"WebSite","@id":"https:\/\/www.naturalscience.org\/#website","url":"https:\/\/www.naturalscience.org\/","name":"The World Foundation for Natural Science","description":"Restoring and Healing the World through Responsibility and Commitment in accord with Natural and Divine Law!","potentialAction":[{"@type":"SearchAction","target":{"@type":"EntryPoint","urlTemplate":"https:\/\/www.naturalscience.org\/?s={search_term_string}"},"query-input":{"@type":"PropertyValueSpecification","valueRequired":true,"valueName":"search_term_string"}}],"inLanguage":"it-IT"}]}},"_links":{"self":[{"href":"https:\/\/www.naturalscience.org\/it\/wp-json\/wp\/v2\/pages\/16399","targetHints":{"allow":["GET"]}}],"collection":[{"href":"https:\/\/www.naturalscience.org\/it\/wp-json\/wp\/v2\/pages"}],"about":[{"href":"https:\/\/www.naturalscience.org\/it\/wp-json\/wp\/v2\/types\/page"}],"author":[{"embeddable":true,"href":"https:\/\/www.naturalscience.org\/it\/wp-json\/wp\/v2\/users\/9"}],"replies":[{"embeddable":true,"href":"https:\/\/www.naturalscience.org\/it\/wp-json\/wp\/v2\/comments?post=16399"}],"version-history":[{"count":13,"href":"https:\/\/www.naturalscience.org\/it\/wp-json\/wp\/v2\/pages\/16399\/revisions"}],"predecessor-version":[{"id":17937,"href":"https:\/\/www.naturalscience.org\/it\/wp-json\/wp\/v2\/pages\/16399\/revisions\/17937"}],"wp:attachment":[{"href":"https:\/\/www.naturalscience.org\/it\/wp-json\/wp\/v2\/media?parent=16399"}],"wp:term":[{"taxonomy":"category","embeddable":true,"href":"https:\/\/www.naturalscience.org\/it\/wp-json\/wp\/v2\/categories?post=16399"}],"curies":[{"name":"wp","href":"https:\/\/api.w.org\/{rel}","templated":true}]}}