{"id":14997,"date":"2015-07-23T09:43:39","date_gmt":"2015-07-23T07:43:39","guid":{"rendered":"http:\/\/www.naturalscience.org\/it\/?page_id=14997"},"modified":"2015-10-23T21:11:09","modified_gmt":"2015-10-23T19:11:09","slug":"emblema","status":"publish","type":"page","link":"https:\/\/www.naturalscience.org\/it\/chi-siamo\/emblema\/","title":{"rendered":"L\u2019Emblema"},"content":{"rendered":"<p>Le due mani rappresentano la forza creativa, il grembo sacro della Madre Terra che genera, culla, accarezza, cura, nutre, rigenera, anima, rinnova e abbraccia TUTTA LA VITA &#8230; animali e uccelli, foreste e boschi, verdure e frutta, fiori e piante, minerali e tutte le risorse naturali. In secondo luogo il destino della terra \u00e8 nelle NOSTRE mani, nelle tue e nelle mie <span style=\"text-decoration: underline;\">insieme<\/span>, donne ed uomini <span style=\"text-decoration: underline;\">uniti nel volere<\/span> cooperazione ed armonia, in una amicizia <span style=\"text-decoration: underline;\">affettuosa<\/span>, che trascende qualsiasi malinteso.<\/p>\n<p><img loading=\"lazy\" decoding=\"async\" class=\"aligncenter wp-image-11841 size-full\" src=\"https:\/\/www.naturalscience.org\/wp-content\/uploads\/2014\/09\/WFNS-Original-Artwork-square-small.jpg\" alt=\"WFNS Original Artwork square small\" width=\"500\" height=\"500\" srcset=\"https:\/\/www.naturalscience.org\/wp-content\/uploads\/2014\/09\/WFNS-Original-Artwork-square-small.jpg 500w, https:\/\/www.naturalscience.org\/wp-content\/uploads\/2014\/09\/WFNS-Original-Artwork-square-small-150x150.jpg 150w, https:\/\/www.naturalscience.org\/wp-content\/uploads\/2014\/09\/WFNS-Original-Artwork-square-small-300x300.jpg 300w\" sizes=\"auto, (max-width: 500px) 100vw, 500px\" \/><br \/>\nLe mani rappresentano anche i due principi complementari della filosofia cinese, che influenzano il destino: la mano <span style=\"text-decoration: underline;\">ricevente<\/span> sul lato sinistro rappresenta il principio negativo (accogliente), femminile (avvolgente) del \u201eYin \u201c(cinese: scuro); la mano <span style=\"text-decoration: underline;\">che dona<\/span>, sul lato destro, rappresenta il principio positivo (emanante), maschile (creativo) del \u201eYang \u201c(cinese: chiaro o luminoso). In altre parole, il destino della terra \u00e8 nelle nostre mani, nelle tue e nelle mie, OGGI. Le foglie della quercia simboleggiano la vita proveniente dalla terra, e le ghiande della quercia simboleggiano la vita rinnovata ed in espansione.<\/p>\n<p>La grande fiaccola al centro rappresenta il FUOCO, il globo rappresenta la TERRA, il folto gufo l\u2019ARIA e l\u2019ampolla l\u2019ACQUA, i quattro elementi fondamentali. I piatti della bilancia sono in perfetto equilibrio, e n\u00e9 l\u2019ampolla n\u00e9 il gufo poggiano su di loro. Tutto ci \u00e8 stato dato in <span style=\"text-decoration: underline;\">un equilibrio perfetto<\/span>, ed \u00e8 compito nostro mantenere cos\u00ec la Natura. Tutto in natura ha il suo posto; non si pu\u00f2 preferire uno all\u2019altro. C\u2019\u00e8 bisogno di prodotti chimici, come c\u2019\u00e8 altrettanto bisogno di gufi. In natura non si pu\u00f2 sviluppare una singola cosa a spese di un\u2019altra. Tutto deve essere \u201epesato \u201ce preso in considerazione, se si lavora con la Natura. La bilancia, i cui piatti vengono tenuti da due compassi, simboleggia tre principi fondamentali:<\/p>\n<ol>\n<li>Giustizia e imparzialit\u00e0 della legge per tutto ci\u00f2 che ha respiro e vita sul pianeta&#8230;&#8230;<\/li>\n<li>L\u2019obbiettivit\u00e0 equilibrata e consapevole, con la quale deve essere esaminata ed analizzata tutta la vita nel mondo della scienza, tenendo presente che quello che tu esamini o suggerisci di sviluppare o cambiare, \u00e8 gi\u00e0 <span style=\"text-decoration: underline;\">in equilibrio<\/span> con qualunque altra parte della natura&#8230;..<\/li>\n<li>La fiaccola rappresenta noi. I due piatti della bilancia sono legati al centro da un simbolico giogo comune, che rappresenta il peso della responsabilit\u00e0 che grava sulle nostre spalle, individualmente e collettivamente, <span style=\"text-decoration: underline;\">AGIRE IN MODO RESPONSABILE, E CON LA NATURA<\/span>. E\u2019 un mandato privilegiato, dato da Dio, ma comunque un grande peso, e non abbiamo altra scelta che prendere questo fardello su di noi, se vogliamo sopravvivere TUTTI&#8230;&#8230;<\/li>\n<\/ol>\n<p>Per questo vi invitiamo cordialmente ad assumervi insieme a noi la responsabilit\u00e0, che tutti noi abbiamo verso la vita, e a diventare un <a href=\"https:\/\/www.naturalscience.org\/it\/chi-siamo\/adesione\/\">membro<\/a> della \u201cThe World Foundation for Natural Science\u201d. Grazie per aiutarci a rendere questo pianeta un posto migliore per tutta la Vita.<\/p>\n","protected":false},"excerpt":{"rendered":"Le due mani rappresentano la forza creativa, il grembo sacro della Madre Terra che genera, culla, accarezza, cura, nutre, rigenera, anima, rinnova e abbraccia TUTTA LA VITA &#8230; animali e uccelli, foreste e boschi, verdure e frutta, fiori e piante, minerali e tutte le risorse naturali. In secondo luogo il destino della terra \u00e8 nelle [&hellip;]","protected":false},"author":9,"featured_media":0,"parent":14724,"menu_order":58,"comment_status":"closed","ping_status":"closed","template":"","meta":{"_acf_changed":false,"ngg_post_thumbnail":0,"footnotes":""},"categories":[],"class_list":["post-14997","page","type-page","status-publish","hentry","wpautop"],"acf":[],"yoast_head":"<!-- This site is optimized with the Yoast SEO plugin v27.5 - https:\/\/yoast.com\/product\/yoast-seo-wordpress\/ -->\n<title>L\u2019Emblema - The World Foundation for Natural Science<\/title>\n<meta name=\"robots\" content=\"index, follow, max-snippet:-1, max-image-preview:large, max-video-preview:-1\" \/>\n<link rel=\"canonical\" href=\"https:\/\/www.naturalscience.org\/it\/chi-siamo\/emblema\/\" \/>\n<meta name=\"twitter:label1\" content=\"Tempo di lettura stimato\" \/>\n\t<meta name=\"twitter:data1\" content=\"2 minutes\" \/>\n<script type=\"application\/ld+json\" class=\"yoast-schema-graph\">{\"@context\":\"https:\\\/\\\/schema.org\",\"@graph\":[{\"@type\":\"WebPage\",\"@id\":\"https:\\\/\\\/www.naturalscience.org\\\/it\\\/chi-siamo\\\/emblema\\\/\",\"url\":\"https:\\\/\\\/www.naturalscience.org\\\/it\\\/chi-siamo\\\/emblema\\\/\",\"name\":\"L\u2019Emblema - The World Foundation for Natural Science\",\"isPartOf\":{\"@id\":\"https:\\\/\\\/www.naturalscience.org\\\/#website\"},\"primaryImageOfPage\":{\"@id\":\"https:\\\/\\\/www.naturalscience.org\\\/it\\\/chi-siamo\\\/emblema\\\/#primaryimage\"},\"image\":{\"@id\":\"https:\\\/\\\/www.naturalscience.org\\\/it\\\/chi-siamo\\\/emblema\\\/#primaryimage\"},\"thumbnailUrl\":\"https:\\\/\\\/www.naturalscience.org\\\/wp-content\\\/uploads\\\/2014\\\/09\\\/WFNS-Original-Artwork-square-small.jpg\",\"datePublished\":\"2015-07-23T07:43:39+00:00\",\"dateModified\":\"2015-10-23T19:11:09+00:00\",\"breadcrumb\":{\"@id\":\"https:\\\/\\\/www.naturalscience.org\\\/it\\\/chi-siamo\\\/emblema\\\/#breadcrumb\"},\"inLanguage\":\"it-IT\",\"potentialAction\":[{\"@type\":\"ReadAction\",\"target\":[\"https:\\\/\\\/www.naturalscience.org\\\/it\\\/chi-siamo\\\/emblema\\\/\"]}]},{\"@type\":\"ImageObject\",\"inLanguage\":\"it-IT\",\"@id\":\"https:\\\/\\\/www.naturalscience.org\\\/it\\\/chi-siamo\\\/emblema\\\/#primaryimage\",\"url\":\"https:\\\/\\\/www.naturalscience.org\\\/wp-content\\\/uploads\\\/2014\\\/09\\\/WFNS-Original-Artwork-square-small.jpg\",\"contentUrl\":\"https:\\\/\\\/www.naturalscience.org\\\/wp-content\\\/uploads\\\/2014\\\/09\\\/WFNS-Original-Artwork-square-small.jpg\"},{\"@type\":\"BreadcrumbList\",\"@id\":\"https:\\\/\\\/www.naturalscience.org\\\/it\\\/chi-siamo\\\/emblema\\\/#breadcrumb\",\"itemListElement\":[{\"@type\":\"ListItem\",\"position\":1,\"name\":\"Home\",\"item\":\"https:\\\/\\\/www.naturalscience.org\\\/it\\\/\"},{\"@type\":\"ListItem\",\"position\":2,\"name\":\"Chi siamo\",\"item\":\"https:\\\/\\\/www.naturalscience.org\\\/it\\\/chi-siamo\\\/\"},{\"@type\":\"ListItem\",\"position\":3,\"name\":\"L\u2019Emblema\"}]},{\"@type\":\"WebSite\",\"@id\":\"https:\\\/\\\/www.naturalscience.org\\\/#website\",\"url\":\"https:\\\/\\\/www.naturalscience.org\\\/\",\"name\":\"The World Foundation for Natural Science\",\"description\":\"Restoring and Healing the World through Responsibility and Commitment in accord with Natural and Divine Law!\",\"potentialAction\":[{\"@type\":\"SearchAction\",\"target\":{\"@type\":\"EntryPoint\",\"urlTemplate\":\"https:\\\/\\\/www.naturalscience.org\\\/?s={search_term_string}\"},\"query-input\":{\"@type\":\"PropertyValueSpecification\",\"valueRequired\":true,\"valueName\":\"search_term_string\"}}],\"inLanguage\":\"it-IT\"}]}<\/script>\n<!-- \/ Yoast SEO plugin. -->","yoast_head_json":{"title":"L\u2019Emblema - The World Foundation for Natural Science","robots":{"index":"index","follow":"follow","max-snippet":"max-snippet:-1","max-image-preview":"max-image-preview:large","max-video-preview":"max-video-preview:-1"},"canonical":"https:\/\/www.naturalscience.org\/it\/chi-siamo\/emblema\/","twitter_misc":{"Tempo di lettura stimato":"2 minutes"},"schema":{"@context":"https:\/\/schema.org","@graph":[{"@type":"WebPage","@id":"https:\/\/www.naturalscience.org\/it\/chi-siamo\/emblema\/","url":"https:\/\/www.naturalscience.org\/it\/chi-siamo\/emblema\/","name":"L\u2019Emblema - The World Foundation for Natural Science","isPartOf":{"@id":"https:\/\/www.naturalscience.org\/#website"},"primaryImageOfPage":{"@id":"https:\/\/www.naturalscience.org\/it\/chi-siamo\/emblema\/#primaryimage"},"image":{"@id":"https:\/\/www.naturalscience.org\/it\/chi-siamo\/emblema\/#primaryimage"},"thumbnailUrl":"https:\/\/www.naturalscience.org\/wp-content\/uploads\/2014\/09\/WFNS-Original-Artwork-square-small.jpg","datePublished":"2015-07-23T07:43:39+00:00","dateModified":"2015-10-23T19:11:09+00:00","breadcrumb":{"@id":"https:\/\/www.naturalscience.org\/it\/chi-siamo\/emblema\/#breadcrumb"},"inLanguage":"it-IT","potentialAction":[{"@type":"ReadAction","target":["https:\/\/www.naturalscience.org\/it\/chi-siamo\/emblema\/"]}]},{"@type":"ImageObject","inLanguage":"it-IT","@id":"https:\/\/www.naturalscience.org\/it\/chi-siamo\/emblema\/#primaryimage","url":"https:\/\/www.naturalscience.org\/wp-content\/uploads\/2014\/09\/WFNS-Original-Artwork-square-small.jpg","contentUrl":"https:\/\/www.naturalscience.org\/wp-content\/uploads\/2014\/09\/WFNS-Original-Artwork-square-small.jpg"},{"@type":"BreadcrumbList","@id":"https:\/\/www.naturalscience.org\/it\/chi-siamo\/emblema\/#breadcrumb","itemListElement":[{"@type":"ListItem","position":1,"name":"Home","item":"https:\/\/www.naturalscience.org\/it\/"},{"@type":"ListItem","position":2,"name":"Chi siamo","item":"https:\/\/www.naturalscience.org\/it\/chi-siamo\/"},{"@type":"ListItem","position":3,"name":"L\u2019Emblema"}]},{"@type":"WebSite","@id":"https:\/\/www.naturalscience.org\/#website","url":"https:\/\/www.naturalscience.org\/","name":"The World Foundation for Natural Science","description":"Restoring and Healing the World through Responsibility and Commitment in accord with Natural and Divine Law!","potentialAction":[{"@type":"SearchAction","target":{"@type":"EntryPoint","urlTemplate":"https:\/\/www.naturalscience.org\/?s={search_term_string}"},"query-input":{"@type":"PropertyValueSpecification","valueRequired":true,"valueName":"search_term_string"}}],"inLanguage":"it-IT"}]}},"_links":{"self":[{"href":"https:\/\/www.naturalscience.org\/it\/wp-json\/wp\/v2\/pages\/14997","targetHints":{"allow":["GET"]}}],"collection":[{"href":"https:\/\/www.naturalscience.org\/it\/wp-json\/wp\/v2\/pages"}],"about":[{"href":"https:\/\/www.naturalscience.org\/it\/wp-json\/wp\/v2\/types\/page"}],"author":[{"embeddable":true,"href":"https:\/\/www.naturalscience.org\/it\/wp-json\/wp\/v2\/users\/9"}],"replies":[{"embeddable":true,"href":"https:\/\/www.naturalscience.org\/it\/wp-json\/wp\/v2\/comments?post=14997"}],"version-history":[{"count":8,"href":"https:\/\/www.naturalscience.org\/it\/wp-json\/wp\/v2\/pages\/14997\/revisions"}],"predecessor-version":[{"id":16431,"href":"https:\/\/www.naturalscience.org\/it\/wp-json\/wp\/v2\/pages\/14997\/revisions\/16431"}],"up":[{"embeddable":true,"href":"https:\/\/www.naturalscience.org\/it\/wp-json\/wp\/v2\/pages\/14724"}],"wp:attachment":[{"href":"https:\/\/www.naturalscience.org\/it\/wp-json\/wp\/v2\/media?parent=14997"}],"wp:term":[{"taxonomy":"category","embeddable":true,"href":"https:\/\/www.naturalscience.org\/it\/wp-json\/wp\/v2\/categories?post=14997"}],"curies":[{"name":"wp","href":"https:\/\/api.w.org\/{rel}","templated":true}]}}