{"id":14776,"date":"2015-07-20T09:47:55","date_gmt":"2015-07-20T07:47:55","guid":{"rendered":"http:\/\/www.naturalscience.org\/it\/?page_id=14776"},"modified":"2023-01-11T10:25:04","modified_gmt":"2023-01-11T09:25:04","slug":"le-aree-marine-protette","status":"publish","type":"page","link":"https:\/\/www.naturalscience.org\/it\/argomenti\/i-mari\/le-aree-marine-protette\/","title":{"rendered":"Le aree marine protette"},"content":{"rendered":"<p>A causa dei molti influssi dannosi provocati dagli esseri umani, l\u2019ecosistema marino \u00e8 fortemente in pericolo. <strong>Un terzo delle risorse ittiche della terra \u00e8 sottoposto ad uno sfruttamento eccessivo,<\/strong> il 61% \u00e8 sfruttato fino al limite.<\/p>\n<p><img loading=\"lazy\" decoding=\"async\" class=\"wp-image-38639 size-medium alignleft\" src=\"https:\/\/www.naturalscience.org\/wp-content\/uploads\/2023\/01\/AdobeStock_315431057-300x179.jpeg\" alt=\"\" width=\"300\" height=\"179\" srcset=\"https:\/\/www.naturalscience.org\/wp-content\/uploads\/2023\/01\/AdobeStock_315431057-300x179.jpeg 300w, https:\/\/www.naturalscience.org\/wp-content\/uploads\/2023\/01\/AdobeStock_315431057-1024x610.jpeg 1024w, https:\/\/www.naturalscience.org\/wp-content\/uploads\/2023\/01\/AdobeStock_315431057-768x457.jpeg 768w, https:\/\/www.naturalscience.org\/wp-content\/uploads\/2023\/01\/AdobeStock_315431057-1536x915.jpeg 1536w, https:\/\/www.naturalscience.org\/wp-content\/uploads\/2023\/01\/AdobeStock_315431057-2048x1220.jpeg 2048w, https:\/\/www.naturalscience.org\/wp-content\/uploads\/2023\/01\/AdobeStock_315431057-164x98.jpeg 164w, https:\/\/www.naturalscience.org\/wp-content\/uploads\/2023\/01\/AdobeStock_315431057-400x238.jpeg 400w, https:\/\/www.naturalscience.org\/wp-content\/uploads\/2023\/01\/AdobeStock_315431057-500x298.jpeg 500w\" sizes=\"auto, (max-width: 300px) 100vw, 300px\" \/><\/p>\n<p>Poich\u00e9 sempre pi\u00f9 emissioni di anidride carbonica, prodotta dagli essere umani nell&#8217;atmosfera, raggiungono gli oceani, il valore del PH dell\u2019acqua marina diminuisce. Si produce quindi un&#8217;acidificazione dei mari con effetti devastanti per i coralli, i pesci e tutti gli altri abitanti del mare. <strong>Inoltre nuovi pericoli incombono, causati dall\u2019estrazione mineraria in alto mare che dovrebbe essere praticata in grande stile a partire dal 2016,<\/strong> per potere attingere alle riserve di materie prime dei fondali marini. Incidenti con petroliere, <a href=\"https:\/\/www.naturalscience.org\/it\/argomenti\/i-mari\/la-plastica\/\">plastica<\/a> ed altri rifiuti della civilizzazione, rifiuti industriali ed altri tipi di inquinamento fanno il resto, portando l\u2019ecosistema marino sull\u2019orlo della distruzione. Affinch\u00e9 il mare possa rigenerarsi, devono essere create urgentemente delle aree marine protette a livello internazionale.<\/p>\n<p>Gli effetti positivi delle zone marine protette furono gi\u00e0 confermati nel 2008 da ricerche effettuate da biologi marini australiani. Essi hanno potuto dimostrare che nelle zone protette intorno al Great Barrier Reef, dove vige il divieto di pesca, soltanto in due anni la popolazione di diverse specie ittiche \u00e8 cresciuta dal 31 al 75%.<\/p>\n<p><img loading=\"lazy\" decoding=\"async\" class=\"alignright wp-image-38633 size-medium\" src=\"https:\/\/www.naturalscience.org\/wp-content\/uploads\/2023\/01\/iStock-1331687510650-MB-300x190.jpg\" alt=\"\" width=\"300\" height=\"190\" srcset=\"https:\/\/www.naturalscience.org\/wp-content\/uploads\/2023\/01\/iStock-1331687510650-MB-300x190.jpg 300w, https:\/\/www.naturalscience.org\/wp-content\/uploads\/2023\/01\/iStock-1331687510650-MB-1024x648.jpg 1024w, https:\/\/www.naturalscience.org\/wp-content\/uploads\/2023\/01\/iStock-1331687510650-MB-768x486.jpg 768w, https:\/\/www.naturalscience.org\/wp-content\/uploads\/2023\/01\/iStock-1331687510650-MB-164x104.jpg 164w, https:\/\/www.naturalscience.org\/wp-content\/uploads\/2023\/01\/iStock-1331687510650-MB-400x253.jpg 400w, https:\/\/www.naturalscience.org\/wp-content\/uploads\/2023\/01\/iStock-1331687510650-MB-500x316.jpg 500w, https:\/\/www.naturalscience.org\/wp-content\/uploads\/2023\/01\/iStock-1331687510650-MB.jpg 1500w\" sizes=\"auto, (max-width: 300px) 100vw, 300px\" \/><\/p>\n<p><strong>Siamo convinti, che circa un terzo di tutti i mari del mondo debbano essere protetti per almeno 10 anni sotto un severo controllo internazionale, in modo che la fauna e la flora possano rigenerarsi e possa quindi essere gradualmente ripristinato l\u2019equilibrio naturale dell\u2019intero ecosistema marino.<\/strong> Durante questi primi dieci anni ogni tipo di attivit\u00e0 commerciale nelle zone marine protette dovrebbe essere totalmente proibita. Inoltre dovrebbe essere creato un sistema di controllo internazionale, sotto l\u2019egida delle Nazioni Unite, con pesanti sanzioni in caso di infrazioni delle leggi emanate.<\/p>\n<p>Partendo dal fatto che in alto mare la protezione delle aree marine dovrebbe essere al massimo livello, nelle aree marine in zone costiere potrebbero essere autorizzate alcune attivit\u00e0 tipo il transito, la balneazione e le visite guidate a scopi didattici. Questo \u00e8 utile per ottenere l\u2019adesione della popolazione locale a tali progetti, poich\u00e9 il supporto della gente locale \u00e8 indispensabile per la creazione efficace di riserve marine.<\/p>\n<p><!--Guardate il nostro video \u201eProteggete i mari! Create aree marine protette! \u201ccon sottofondo musicale. Nel nostro negozio on-line troverete questa presentazione in otto lingue. Inoltratela via email ai vostri amici e conoscenti.--><\/p>\n\n\n","protected":false},"excerpt":{"rendered":"A causa dei molti influssi dannosi provocati dagli esseri umani, l\u2019ecosistema marino \u00e8 fortemente in pericolo. Un terzo delle risorse ittiche della terra \u00e8 sottoposto ad uno sfruttamento eccessivo, il 61% \u00e8 sfruttato fino al limite. Poich\u00e9 sempre pi\u00f9 emissioni di anidride carbonica, prodotta dagli essere umani nell&#8217;atmosfera, raggiungono gli oceani, il valore del PH [&hellip;]","protected":false},"author":9,"featured_media":0,"parent":14774,"menu_order":53,"comment_status":"closed","ping_status":"closed","template":"","meta":{"_acf_changed":false,"ngg_post_thumbnail":0,"footnotes":""},"categories":[145],"class_list":["post-14776","page","type-page","status-publish","hentry","category-zone-marine-protette","wpautop"],"acf":[],"yoast_head":"<!-- This site is optimized with the Yoast SEO plugin v27.3 - https:\/\/yoast.com\/product\/yoast-seo-wordpress\/ -->\n<title>Le aree marine protette - The World Foundation for Natural Science<\/title>\n<meta name=\"robots\" content=\"index, follow, max-snippet:-1, max-image-preview:large, max-video-preview:-1\" \/>\n<link rel=\"canonical\" href=\"https:\/\/www.naturalscience.org\/it\/argomenti\/i-mari\/le-aree-marine-protette\/\" \/>\n<meta name=\"twitter:label1\" content=\"Tempo di lettura stimato\" \/>\n\t<meta name=\"twitter:data1\" content=\"2 minutes\" \/>\n<script type=\"application\/ld+json\" class=\"yoast-schema-graph\">{\"@context\":\"https:\\\/\\\/schema.org\",\"@graph\":[{\"@type\":\"WebPage\",\"@id\":\"https:\\\/\\\/www.naturalscience.org\\\/it\\\/argomenti\\\/i-mari\\\/le-aree-marine-protette\\\/\",\"url\":\"https:\\\/\\\/www.naturalscience.org\\\/it\\\/argomenti\\\/i-mari\\\/le-aree-marine-protette\\\/\",\"name\":\"Le aree marine protette - The World Foundation for Natural Science\",\"isPartOf\":{\"@id\":\"https:\\\/\\\/www.naturalscience.org\\\/#website\"},\"primaryImageOfPage\":{\"@id\":\"https:\\\/\\\/www.naturalscience.org\\\/it\\\/argomenti\\\/i-mari\\\/le-aree-marine-protette\\\/#primaryimage\"},\"image\":{\"@id\":\"https:\\\/\\\/www.naturalscience.org\\\/it\\\/argomenti\\\/i-mari\\\/le-aree-marine-protette\\\/#primaryimage\"},\"thumbnailUrl\":\"https:\\\/\\\/www.naturalscience.org\\\/wp-content\\\/uploads\\\/2023\\\/01\\\/AdobeStock_315431057-300x179.jpeg\",\"datePublished\":\"2015-07-20T07:47:55+00:00\",\"dateModified\":\"2023-01-11T09:25:04+00:00\",\"breadcrumb\":{\"@id\":\"https:\\\/\\\/www.naturalscience.org\\\/it\\\/argomenti\\\/i-mari\\\/le-aree-marine-protette\\\/#breadcrumb\"},\"inLanguage\":\"it-IT\",\"potentialAction\":[{\"@type\":\"ReadAction\",\"target\":[\"https:\\\/\\\/www.naturalscience.org\\\/it\\\/argomenti\\\/i-mari\\\/le-aree-marine-protette\\\/\"]}]},{\"@type\":\"ImageObject\",\"inLanguage\":\"it-IT\",\"@id\":\"https:\\\/\\\/www.naturalscience.org\\\/it\\\/argomenti\\\/i-mari\\\/le-aree-marine-protette\\\/#primaryimage\",\"url\":\"https:\\\/\\\/www.naturalscience.org\\\/wp-content\\\/uploads\\\/2023\\\/01\\\/AdobeStock_315431057-300x179.jpeg\",\"contentUrl\":\"https:\\\/\\\/www.naturalscience.org\\\/wp-content\\\/uploads\\\/2023\\\/01\\\/AdobeStock_315431057-300x179.jpeg\"},{\"@type\":\"BreadcrumbList\",\"@id\":\"https:\\\/\\\/www.naturalscience.org\\\/it\\\/argomenti\\\/i-mari\\\/le-aree-marine-protette\\\/#breadcrumb\",\"itemListElement\":[{\"@type\":\"ListItem\",\"position\":1,\"name\":\"Home\",\"item\":\"https:\\\/\\\/www.naturalscience.org\\\/it\\\/\"},{\"@type\":\"ListItem\",\"position\":2,\"name\":\"Argomenti\",\"item\":\"https:\\\/\\\/www.naturalscience.org\\\/it\\\/argomenti\\\/\"},{\"@type\":\"ListItem\",\"position\":3,\"name\":\"I mari\",\"item\":\"https:\\\/\\\/www.naturalscience.org\\\/it\\\/argomenti\\\/i-mari\\\/\"},{\"@type\":\"ListItem\",\"position\":4,\"name\":\"Le aree marine protette\"}]},{\"@type\":\"WebSite\",\"@id\":\"https:\\\/\\\/www.naturalscience.org\\\/#website\",\"url\":\"https:\\\/\\\/www.naturalscience.org\\\/\",\"name\":\"The World Foundation for Natural Science\",\"description\":\"Restoring and Healing the World through Responsibility and Commitment in accord with Natural and Divine Law!\",\"potentialAction\":[{\"@type\":\"SearchAction\",\"target\":{\"@type\":\"EntryPoint\",\"urlTemplate\":\"https:\\\/\\\/www.naturalscience.org\\\/?s={search_term_string}\"},\"query-input\":{\"@type\":\"PropertyValueSpecification\",\"valueRequired\":true,\"valueName\":\"search_term_string\"}}],\"inLanguage\":\"it-IT\"}]}<\/script>\n<!-- \/ Yoast SEO plugin. -->","yoast_head_json":{"title":"Le aree marine protette - The World Foundation for Natural Science","robots":{"index":"index","follow":"follow","max-snippet":"max-snippet:-1","max-image-preview":"max-image-preview:large","max-video-preview":"max-video-preview:-1"},"canonical":"https:\/\/www.naturalscience.org\/it\/argomenti\/i-mari\/le-aree-marine-protette\/","twitter_misc":{"Tempo di lettura stimato":"2 minutes"},"schema":{"@context":"https:\/\/schema.org","@graph":[{"@type":"WebPage","@id":"https:\/\/www.naturalscience.org\/it\/argomenti\/i-mari\/le-aree-marine-protette\/","url":"https:\/\/www.naturalscience.org\/it\/argomenti\/i-mari\/le-aree-marine-protette\/","name":"Le aree marine protette - The World Foundation for Natural Science","isPartOf":{"@id":"https:\/\/www.naturalscience.org\/#website"},"primaryImageOfPage":{"@id":"https:\/\/www.naturalscience.org\/it\/argomenti\/i-mari\/le-aree-marine-protette\/#primaryimage"},"image":{"@id":"https:\/\/www.naturalscience.org\/it\/argomenti\/i-mari\/le-aree-marine-protette\/#primaryimage"},"thumbnailUrl":"https:\/\/www.naturalscience.org\/wp-content\/uploads\/2023\/01\/AdobeStock_315431057-300x179.jpeg","datePublished":"2015-07-20T07:47:55+00:00","dateModified":"2023-01-11T09:25:04+00:00","breadcrumb":{"@id":"https:\/\/www.naturalscience.org\/it\/argomenti\/i-mari\/le-aree-marine-protette\/#breadcrumb"},"inLanguage":"it-IT","potentialAction":[{"@type":"ReadAction","target":["https:\/\/www.naturalscience.org\/it\/argomenti\/i-mari\/le-aree-marine-protette\/"]}]},{"@type":"ImageObject","inLanguage":"it-IT","@id":"https:\/\/www.naturalscience.org\/it\/argomenti\/i-mari\/le-aree-marine-protette\/#primaryimage","url":"https:\/\/www.naturalscience.org\/wp-content\/uploads\/2023\/01\/AdobeStock_315431057-300x179.jpeg","contentUrl":"https:\/\/www.naturalscience.org\/wp-content\/uploads\/2023\/01\/AdobeStock_315431057-300x179.jpeg"},{"@type":"BreadcrumbList","@id":"https:\/\/www.naturalscience.org\/it\/argomenti\/i-mari\/le-aree-marine-protette\/#breadcrumb","itemListElement":[{"@type":"ListItem","position":1,"name":"Home","item":"https:\/\/www.naturalscience.org\/it\/"},{"@type":"ListItem","position":2,"name":"Argomenti","item":"https:\/\/www.naturalscience.org\/it\/argomenti\/"},{"@type":"ListItem","position":3,"name":"I mari","item":"https:\/\/www.naturalscience.org\/it\/argomenti\/i-mari\/"},{"@type":"ListItem","position":4,"name":"Le aree marine protette"}]},{"@type":"WebSite","@id":"https:\/\/www.naturalscience.org\/#website","url":"https:\/\/www.naturalscience.org\/","name":"The World Foundation for Natural Science","description":"Restoring and Healing the World through Responsibility and Commitment in accord with Natural and Divine Law!","potentialAction":[{"@type":"SearchAction","target":{"@type":"EntryPoint","urlTemplate":"https:\/\/www.naturalscience.org\/?s={search_term_string}"},"query-input":{"@type":"PropertyValueSpecification","valueRequired":true,"valueName":"search_term_string"}}],"inLanguage":"it-IT"}]}},"_links":{"self":[{"href":"https:\/\/www.naturalscience.org\/it\/wp-json\/wp\/v2\/pages\/14776","targetHints":{"allow":["GET"]}}],"collection":[{"href":"https:\/\/www.naturalscience.org\/it\/wp-json\/wp\/v2\/pages"}],"about":[{"href":"https:\/\/www.naturalscience.org\/it\/wp-json\/wp\/v2\/types\/page"}],"author":[{"embeddable":true,"href":"https:\/\/www.naturalscience.org\/it\/wp-json\/wp\/v2\/users\/9"}],"replies":[{"embeddable":true,"href":"https:\/\/www.naturalscience.org\/it\/wp-json\/wp\/v2\/comments?post=14776"}],"version-history":[{"count":17,"href":"https:\/\/www.naturalscience.org\/it\/wp-json\/wp\/v2\/pages\/14776\/revisions"}],"predecessor-version":[{"id":38694,"href":"https:\/\/www.naturalscience.org\/it\/wp-json\/wp\/v2\/pages\/14776\/revisions\/38694"}],"up":[{"embeddable":true,"href":"https:\/\/www.naturalscience.org\/it\/wp-json\/wp\/v2\/pages\/14774"}],"wp:attachment":[{"href":"https:\/\/www.naturalscience.org\/it\/wp-json\/wp\/v2\/media?parent=14776"}],"wp:term":[{"taxonomy":"category","embeddable":true,"href":"https:\/\/www.naturalscience.org\/it\/wp-json\/wp\/v2\/categories?post=14776"}],"curies":[{"name":"wp","href":"https:\/\/api.w.org\/{rel}","templated":true}]}}