{"id":14770,"date":"2015-07-20T09:44:22","date_gmt":"2015-07-20T07:44:22","guid":{"rendered":"http:\/\/www.naturalscience.org\/it\/?page_id=14770"},"modified":"2023-01-11T10:03:50","modified_gmt":"2023-01-11T09:03:50","slug":"la-caccia","status":"publish","type":"page","link":"https:\/\/www.naturalscience.org\/it\/argomenti\/agricoltura-naturale\/la-caccia\/","title":{"rendered":"La caccia"},"content":{"rendered":"<p><img loading=\"lazy\" decoding=\"async\" class=\"alignright wp-image-10076\" src=\"https:\/\/www.naturalscience.org\/wp-content\/uploads\/2015\/01\/Jagd-1-e1422467974361-270x300.jpg\" alt=\"Fuchs\" width=\"189\" height=\"210\" srcset=\"https:\/\/www.naturalscience.org\/wp-content\/uploads\/2015\/01\/Jagd-1-e1422467974361-270x300.jpg 270w, https:\/\/www.naturalscience.org\/wp-content\/uploads\/2015\/01\/Jagd-1-e1422467974361-921x1024.jpg 921w, https:\/\/www.naturalscience.org\/wp-content\/uploads\/2015\/01\/Jagd-1-e1422467974361-180x200.jpg 180w, https:\/\/www.naturalscience.org\/wp-content\/uploads\/2015\/01\/Jagd-1-e1422467974361-147x164.jpg 147w, https:\/\/www.naturalscience.org\/wp-content\/uploads\/2015\/01\/Jagd-1-e1422467974361.jpg 1530w\" sizes=\"auto, (max-width: 189px) 100vw, 189px\" \/>La responsabilit\u00e0 degli animali \u00e8 stata affidata all&#8217;uomo. Come \u201eapice del creato\u201c egli dovrebbe comportarsi come un re buono con i suoi sudditi. Dovrebbe custodire e proteggere gli animali ed occuparsi del loro benessere fisico e spirituale. Inoltre l&#8217;uomo dovrebbe assicurarne lo sviluppo continuo in base al proprio destino. Questo sviluppo per\u00f2 pu\u00f2 avvenire soltanto se gli uomini trattano gli animali con amore e rispetto.<\/p>\n<p>In tal senso la caccia e l\u2019uccisione di animali deve finire. <strong>Non esiste una ragione sostenibile, scientifica o ecologica che giustifichi la caccia.<\/strong> Contrariamente a tutte le affermazioni, la caccia non contribuisce alla regolamentazione delle popolazioni di fauna selvatica. Il migliore esempio \u00e8 quello della volpe. E\u2019 noto da tempo che le popolazioni di volpi si adattano all\u2019offerta di cibo. La caccia quindi non \u00e8 necessaria. Questa conoscenza inizia a guadagnare sempre pi\u00f9 riconoscimento. Per questo motivo, ad esempio, il ministero Lussemburghese per l\u2019ambiente all\u2019inizio del 2015 ha deciso che per un anno non dovr\u00e0 essere abbattuta nessuna volpe, perch\u00e9 nelle popolazioni di volpi che non vengono cacciate, nascono meno cuccioli. <strong>La natura \u00e8 assolutamente in grado di regolarsi da s\u00e9 e di mantenere un sano equilibrio senza che l\u2019uomo debba intervenire.<\/strong><\/p>\n\n\n","protected":false},"excerpt":{"rendered":"La responsabilit\u00e0 degli animali \u00e8 stata affidata all&#8217;uomo. Come \u201eapice del creato\u201c egli dovrebbe comportarsi come un re buono con i suoi sudditi. Dovrebbe custodire e proteggere gli animali ed occuparsi del loro benessere fisico e spirituale. Inoltre l&#8217;uomo dovrebbe assicurarne lo sviluppo continuo in base al proprio destino. Questo sviluppo per\u00f2 pu\u00f2 avvenire soltanto [&hellip;]","protected":false},"author":9,"featured_media":0,"parent":14760,"menu_order":50,"comment_status":"closed","ping_status":"closed","template":"","meta":{"_acf_changed":false,"ngg_post_thumbnail":0,"footnotes":""},"categories":[156],"class_list":["post-14770","page","type-page","status-publish","hentry","category-caccia","wpautop"],"acf":[],"yoast_head":"<!-- This site is optimized with the Yoast SEO plugin v27.3 - https:\/\/yoast.com\/product\/yoast-seo-wordpress\/ -->\n<title>La caccia - The World Foundation for Natural Science<\/title>\n<meta name=\"robots\" content=\"index, follow, max-snippet:-1, max-image-preview:large, max-video-preview:-1\" \/>\n<link rel=\"canonical\" href=\"https:\/\/www.naturalscience.org\/it\/argomenti\/agricoltura-naturale\/la-caccia\/\" \/>\n<meta name=\"twitter:label1\" content=\"Tempo di lettura stimato\" \/>\n\t<meta name=\"twitter:data1\" content=\"1 minute\" \/>\n<script type=\"application\/ld+json\" class=\"yoast-schema-graph\">{\"@context\":\"https:\\\/\\\/schema.org\",\"@graph\":[{\"@type\":\"WebPage\",\"@id\":\"https:\\\/\\\/www.naturalscience.org\\\/it\\\/argomenti\\\/agricoltura-naturale\\\/la-caccia\\\/\",\"url\":\"https:\\\/\\\/www.naturalscience.org\\\/it\\\/argomenti\\\/agricoltura-naturale\\\/la-caccia\\\/\",\"name\":\"La caccia - The World Foundation for Natural Science\",\"isPartOf\":{\"@id\":\"https:\\\/\\\/www.naturalscience.org\\\/#website\"},\"primaryImageOfPage\":{\"@id\":\"https:\\\/\\\/www.naturalscience.org\\\/it\\\/argomenti\\\/agricoltura-naturale\\\/la-caccia\\\/#primaryimage\"},\"image\":{\"@id\":\"https:\\\/\\\/www.naturalscience.org\\\/it\\\/argomenti\\\/agricoltura-naturale\\\/la-caccia\\\/#primaryimage\"},\"thumbnailUrl\":\"https:\\\/\\\/www.naturalscience.org\\\/wp-content\\\/uploads\\\/2015\\\/01\\\/Jagd-1-e1422467974361-270x300.jpg\",\"datePublished\":\"2015-07-20T07:44:22+00:00\",\"dateModified\":\"2023-01-11T09:03:50+00:00\",\"breadcrumb\":{\"@id\":\"https:\\\/\\\/www.naturalscience.org\\\/it\\\/argomenti\\\/agricoltura-naturale\\\/la-caccia\\\/#breadcrumb\"},\"inLanguage\":\"it-IT\",\"potentialAction\":[{\"@type\":\"ReadAction\",\"target\":[\"https:\\\/\\\/www.naturalscience.org\\\/it\\\/argomenti\\\/agricoltura-naturale\\\/la-caccia\\\/\"]}]},{\"@type\":\"ImageObject\",\"inLanguage\":\"it-IT\",\"@id\":\"https:\\\/\\\/www.naturalscience.org\\\/it\\\/argomenti\\\/agricoltura-naturale\\\/la-caccia\\\/#primaryimage\",\"url\":\"https:\\\/\\\/www.naturalscience.org\\\/wp-content\\\/uploads\\\/2015\\\/01\\\/Jagd-1-e1422467974361-270x300.jpg\",\"contentUrl\":\"https:\\\/\\\/www.naturalscience.org\\\/wp-content\\\/uploads\\\/2015\\\/01\\\/Jagd-1-e1422467974361-270x300.jpg\"},{\"@type\":\"BreadcrumbList\",\"@id\":\"https:\\\/\\\/www.naturalscience.org\\\/it\\\/argomenti\\\/agricoltura-naturale\\\/la-caccia\\\/#breadcrumb\",\"itemListElement\":[{\"@type\":\"ListItem\",\"position\":1,\"name\":\"Home\",\"item\":\"https:\\\/\\\/www.naturalscience.org\\\/it\\\/\"},{\"@type\":\"ListItem\",\"position\":2,\"name\":\"Argomenti\",\"item\":\"https:\\\/\\\/www.naturalscience.org\\\/it\\\/argomenti\\\/\"},{\"@type\":\"ListItem\",\"position\":3,\"name\":\"L&#8217;agricoltura naturale\",\"item\":\"https:\\\/\\\/www.naturalscience.org\\\/it\\\/argomenti\\\/agricoltura-naturale\\\/\"},{\"@type\":\"ListItem\",\"position\":4,\"name\":\"La caccia\"}]},{\"@type\":\"WebSite\",\"@id\":\"https:\\\/\\\/www.naturalscience.org\\\/#website\",\"url\":\"https:\\\/\\\/www.naturalscience.org\\\/\",\"name\":\"The World Foundation for Natural Science\",\"description\":\"Restoring and Healing the World through Responsibility and Commitment in accord with Natural and Divine Law!\",\"potentialAction\":[{\"@type\":\"SearchAction\",\"target\":{\"@type\":\"EntryPoint\",\"urlTemplate\":\"https:\\\/\\\/www.naturalscience.org\\\/?s={search_term_string}\"},\"query-input\":{\"@type\":\"PropertyValueSpecification\",\"valueRequired\":true,\"valueName\":\"search_term_string\"}}],\"inLanguage\":\"it-IT\"}]}<\/script>\n<!-- \/ Yoast SEO plugin. -->","yoast_head_json":{"title":"La caccia - The World Foundation for Natural Science","robots":{"index":"index","follow":"follow","max-snippet":"max-snippet:-1","max-image-preview":"max-image-preview:large","max-video-preview":"max-video-preview:-1"},"canonical":"https:\/\/www.naturalscience.org\/it\/argomenti\/agricoltura-naturale\/la-caccia\/","twitter_misc":{"Tempo di lettura stimato":"1 minute"},"schema":{"@context":"https:\/\/schema.org","@graph":[{"@type":"WebPage","@id":"https:\/\/www.naturalscience.org\/it\/argomenti\/agricoltura-naturale\/la-caccia\/","url":"https:\/\/www.naturalscience.org\/it\/argomenti\/agricoltura-naturale\/la-caccia\/","name":"La caccia - The World Foundation for Natural Science","isPartOf":{"@id":"https:\/\/www.naturalscience.org\/#website"},"primaryImageOfPage":{"@id":"https:\/\/www.naturalscience.org\/it\/argomenti\/agricoltura-naturale\/la-caccia\/#primaryimage"},"image":{"@id":"https:\/\/www.naturalscience.org\/it\/argomenti\/agricoltura-naturale\/la-caccia\/#primaryimage"},"thumbnailUrl":"https:\/\/www.naturalscience.org\/wp-content\/uploads\/2015\/01\/Jagd-1-e1422467974361-270x300.jpg","datePublished":"2015-07-20T07:44:22+00:00","dateModified":"2023-01-11T09:03:50+00:00","breadcrumb":{"@id":"https:\/\/www.naturalscience.org\/it\/argomenti\/agricoltura-naturale\/la-caccia\/#breadcrumb"},"inLanguage":"it-IT","potentialAction":[{"@type":"ReadAction","target":["https:\/\/www.naturalscience.org\/it\/argomenti\/agricoltura-naturale\/la-caccia\/"]}]},{"@type":"ImageObject","inLanguage":"it-IT","@id":"https:\/\/www.naturalscience.org\/it\/argomenti\/agricoltura-naturale\/la-caccia\/#primaryimage","url":"https:\/\/www.naturalscience.org\/wp-content\/uploads\/2015\/01\/Jagd-1-e1422467974361-270x300.jpg","contentUrl":"https:\/\/www.naturalscience.org\/wp-content\/uploads\/2015\/01\/Jagd-1-e1422467974361-270x300.jpg"},{"@type":"BreadcrumbList","@id":"https:\/\/www.naturalscience.org\/it\/argomenti\/agricoltura-naturale\/la-caccia\/#breadcrumb","itemListElement":[{"@type":"ListItem","position":1,"name":"Home","item":"https:\/\/www.naturalscience.org\/it\/"},{"@type":"ListItem","position":2,"name":"Argomenti","item":"https:\/\/www.naturalscience.org\/it\/argomenti\/"},{"@type":"ListItem","position":3,"name":"L&#8217;agricoltura naturale","item":"https:\/\/www.naturalscience.org\/it\/argomenti\/agricoltura-naturale\/"},{"@type":"ListItem","position":4,"name":"La caccia"}]},{"@type":"WebSite","@id":"https:\/\/www.naturalscience.org\/#website","url":"https:\/\/www.naturalscience.org\/","name":"The World Foundation for Natural Science","description":"Restoring and Healing the World through Responsibility and Commitment in accord with Natural and Divine Law!","potentialAction":[{"@type":"SearchAction","target":{"@type":"EntryPoint","urlTemplate":"https:\/\/www.naturalscience.org\/?s={search_term_string}"},"query-input":{"@type":"PropertyValueSpecification","valueRequired":true,"valueName":"search_term_string"}}],"inLanguage":"it-IT"}]}},"_links":{"self":[{"href":"https:\/\/www.naturalscience.org\/it\/wp-json\/wp\/v2\/pages\/14770","targetHints":{"allow":["GET"]}}],"collection":[{"href":"https:\/\/www.naturalscience.org\/it\/wp-json\/wp\/v2\/pages"}],"about":[{"href":"https:\/\/www.naturalscience.org\/it\/wp-json\/wp\/v2\/types\/page"}],"author":[{"embeddable":true,"href":"https:\/\/www.naturalscience.org\/it\/wp-json\/wp\/v2\/users\/9"}],"replies":[{"embeddable":true,"href":"https:\/\/www.naturalscience.org\/it\/wp-json\/wp\/v2\/comments?post=14770"}],"version-history":[{"count":13,"href":"https:\/\/www.naturalscience.org\/it\/wp-json\/wp\/v2\/pages\/14770\/revisions"}],"predecessor-version":[{"id":38671,"href":"https:\/\/www.naturalscience.org\/it\/wp-json\/wp\/v2\/pages\/14770\/revisions\/38671"}],"up":[{"embeddable":true,"href":"https:\/\/www.naturalscience.org\/it\/wp-json\/wp\/v2\/pages\/14760"}],"wp:attachment":[{"href":"https:\/\/www.naturalscience.org\/it\/wp-json\/wp\/v2\/media?parent=14770"}],"wp:term":[{"taxonomy":"category","embeddable":true,"href":"https:\/\/www.naturalscience.org\/it\/wp-json\/wp\/v2\/categories?post=14770"}],"curies":[{"name":"wp","href":"https:\/\/api.w.org\/{rel}","templated":true}]}}