{"id":14768,"date":"2015-07-20T09:43:58","date_gmt":"2015-07-20T07:43:58","guid":{"rendered":"http:\/\/www.naturalscience.org\/it\/?page_id=14768"},"modified":"2023-01-11T09:26:01","modified_gmt":"2023-01-11T08:26:01","slug":"gli-uccelli","status":"publish","type":"page","link":"https:\/\/www.naturalscience.org\/it\/argomenti\/agricoltura-naturale\/gli-uccelli\/","title":{"rendered":"Gli uccelli"},"content":{"rendered":"<p><img loading=\"lazy\" decoding=\"async\" class=\"alignright wp-image-38624 size-medium\" src=\"https:\/\/www.naturalscience.org\/wp-content\/uploads\/2023\/01\/iStock-9646110701.8MB-300x208.jpg\" alt=\"\" width=\"300\" height=\"208\" srcset=\"https:\/\/www.naturalscience.org\/wp-content\/uploads\/2023\/01\/iStock-9646110701.8MB-300x208.jpg 300w, https:\/\/www.naturalscience.org\/wp-content\/uploads\/2023\/01\/iStock-9646110701.8MB-1024x711.jpg 1024w, https:\/\/www.naturalscience.org\/wp-content\/uploads\/2023\/01\/iStock-9646110701.8MB-768x534.jpg 768w, https:\/\/www.naturalscience.org\/wp-content\/uploads\/2023\/01\/iStock-9646110701.8MB-1536x1067.jpg 1536w, https:\/\/www.naturalscience.org\/wp-content\/uploads\/2023\/01\/iStock-9646110701.8MB-2048x1423.jpg 2048w, https:\/\/www.naturalscience.org\/wp-content\/uploads\/2023\/01\/iStock-9646110701.8MB-164x114.jpg 164w, https:\/\/www.naturalscience.org\/wp-content\/uploads\/2023\/01\/iStock-9646110701.8MB-400x278.jpg 400w, https:\/\/www.naturalscience.org\/wp-content\/uploads\/2023\/01\/iStock-9646110701.8MB-500x347.jpg 500w\" sizes=\"auto, (max-width: 300px) 100vw, 300px\" \/><\/p>\n<p><strong>Gli uccelli sono un importante indicatore di un ambiente intatto ed ecologicamente equilibrato.<\/strong> Essi amano i paesaggi strutturati con alberi, siepi e cespugli ed in particolare le vaste zone umide. Come la maggior parte degli animali, gli uccelli reagiscono in modo molto sensibile agli influssi innaturali dell\u2019ambiente. Per questo l\u2019utilizzo di pesticidi in agricoltura \u00e8 un grande rischio per loro. Infatti, questi prodotti non solo distruggono innumerevoli insetti che sono una parte importante della loro alimentazione, ma li avvelenano anche direttamente. Sempre pi\u00f9 uccelli vengono anche minacciati dalle <a href=\"https:\/\/www.naturalscience.org\/it\/argomenti\/microonde-dispositivi-di-telefonia-mobile\/\">radiazioni a microonde emanate dalle antenne dei dispositivi di telefonia mobile<\/a> e dai satelliti, e si allontanano a poco a poco dalle regioni dove questa radiazione \u00e8 pi\u00f9 forte. Per tale motivo molti uccelli sono nell\u2019elenco delle specie di animali in pericolo.<\/p>\n<p><img loading=\"lazy\" decoding=\"async\" class=\"alignleft wp-image-38626 size-medium\" src=\"https:\/\/www.naturalscience.org\/wp-content\/uploads\/2023\/01\/Fotolia_39698454_M-209x300.jpg\" alt=\"\" width=\"209\" height=\"300\" srcset=\"https:\/\/www.naturalscience.org\/wp-content\/uploads\/2023\/01\/Fotolia_39698454_M-209x300.jpg 209w, https:\/\/www.naturalscience.org\/wp-content\/uploads\/2023\/01\/Fotolia_39698454_M-713x1024.jpg 713w, https:\/\/www.naturalscience.org\/wp-content\/uploads\/2023\/01\/Fotolia_39698454_M-768x1103.jpg 768w, https:\/\/www.naturalscience.org\/wp-content\/uploads\/2023\/01\/Fotolia_39698454_M-1069x1536.jpg 1069w, https:\/\/www.naturalscience.org\/wp-content\/uploads\/2023\/01\/Fotolia_39698454_M-114x164.jpg 114w, https:\/\/www.naturalscience.org\/wp-content\/uploads\/2023\/01\/Fotolia_39698454_M-278x400.jpg 278w, https:\/\/www.naturalscience.org\/wp-content\/uploads\/2023\/01\/Fotolia_39698454_M-348x500.jpg 348w, https:\/\/www.naturalscience.org\/wp-content\/uploads\/2023\/01\/Fotolia_39698454_M.jpg 1150w\" sizes=\"auto, (max-width: 209px) 100vw, 209px\" \/><\/p>\n<p>Proteggerli dovrebbe essere una nostra fondamentale preoccupazione, non solo per mantenere la ricchezza delle specie, ma anche perch\u00e9 gli uccelli rivestono un ruolo importante nella nostra vita. Essi ci ispirano per la loro abilit\u00e0 di volo e la loro libert\u00e0 e allietano il nostro animo con cinguettii, canti e fischi.<\/p>\n<p><strong>Gli esperti raccomandano di fornire cibo agli uccelli durante tutto l\u2019anno,<\/strong> perch\u00e9 un paesaggio \u201esvuotato \u201c, ossia caratterizzato da una agricoltura intensiva, come sono spesso i giardini con poca diversit\u00e0 di piante, non offrono pi\u00f9 agli uccelli cibo in quantit\u00e0 sufficiente, neanche in estate. Per\u00f2 proprio in questo periodo gli uccelli avrebbero bisogno di cibo, perch\u00e9 allevano i loro piccoli. <strong>Con una postazione di cibo durante tutto l\u2019anno si possono aiutare fino a 50 specie di uccelli.<\/strong> L\u2019alimentazione degli uccelli \u00e8 un contributo prezioso alla loro protezione ed al mantenimento della ricchezza delle specie.<\/p>\n<p style=\"text-align: center;\"><em><strong>\u201eUna postazione di cibo per gli uccelli \u00e8 come un&#8217;osteria:<\/strong><\/em><strong><em><br \/>\n<em>Deve spargersi la voce, dove si trova.<\/em><br \/>\n<em>E deve essere aperta in modo affidabile, altrimenti non viene nessuno.\u201c<\/em><\/em><\/strong><br \/>\n<em>Ornitologo Peter Berthold<\/em><em><br \/>\ndell\u2019Istituto Max-Planck di Ornitologia<br \/>\n<\/em><\/p>\n\n\n","protected":false},"excerpt":{"rendered":"Gli uccelli sono un importante indicatore di un ambiente intatto ed ecologicamente equilibrato. Essi amano i paesaggi strutturati con alberi, siepi e cespugli ed in particolare le vaste zone umide. Come la maggior parte degli animali, gli uccelli reagiscono in modo molto sensibile agli influssi innaturali dell\u2019ambiente. Per questo l\u2019utilizzo di pesticidi in agricoltura \u00e8 [&hellip;]","protected":false},"author":9,"featured_media":0,"parent":14760,"menu_order":49,"comment_status":"closed","ping_status":"closed","template":"","meta":{"_acf_changed":false,"ngg_post_thumbnail":0,"footnotes":""},"categories":[155],"class_list":["post-14768","page","type-page","status-publish","hentry","category-uccelli","wpautop"],"acf":[],"yoast_head":"<!-- This site is optimized with the Yoast SEO plugin v27.4 - https:\/\/yoast.com\/product\/yoast-seo-wordpress\/ -->\n<title>Gli uccelli - The World Foundation for Natural Science<\/title>\n<meta name=\"robots\" content=\"index, follow, max-snippet:-1, max-image-preview:large, max-video-preview:-1\" \/>\n<link rel=\"canonical\" href=\"https:\/\/www.naturalscience.org\/it\/argomenti\/agricoltura-naturale\/gli-uccelli\/\" \/>\n<meta name=\"twitter:label1\" content=\"Tempo di lettura stimato\" \/>\n\t<meta name=\"twitter:data1\" content=\"2 minutes\" \/>\n<script type=\"application\/ld+json\" class=\"yoast-schema-graph\">{\"@context\":\"https:\\\/\\\/schema.org\",\"@graph\":[{\"@type\":\"WebPage\",\"@id\":\"https:\\\/\\\/www.naturalscience.org\\\/it\\\/argomenti\\\/agricoltura-naturale\\\/gli-uccelli\\\/\",\"url\":\"https:\\\/\\\/www.naturalscience.org\\\/it\\\/argomenti\\\/agricoltura-naturale\\\/gli-uccelli\\\/\",\"name\":\"Gli uccelli - The World Foundation for Natural Science\",\"isPartOf\":{\"@id\":\"https:\\\/\\\/www.naturalscience.org\\\/#website\"},\"primaryImageOfPage\":{\"@id\":\"https:\\\/\\\/www.naturalscience.org\\\/it\\\/argomenti\\\/agricoltura-naturale\\\/gli-uccelli\\\/#primaryimage\"},\"image\":{\"@id\":\"https:\\\/\\\/www.naturalscience.org\\\/it\\\/argomenti\\\/agricoltura-naturale\\\/gli-uccelli\\\/#primaryimage\"},\"thumbnailUrl\":\"https:\\\/\\\/www.naturalscience.org\\\/wp-content\\\/uploads\\\/2023\\\/01\\\/iStock-9646110701.8MB-300x208.jpg\",\"datePublished\":\"2015-07-20T07:43:58+00:00\",\"dateModified\":\"2023-01-11T08:26:01+00:00\",\"breadcrumb\":{\"@id\":\"https:\\\/\\\/www.naturalscience.org\\\/it\\\/argomenti\\\/agricoltura-naturale\\\/gli-uccelli\\\/#breadcrumb\"},\"inLanguage\":\"it-IT\",\"potentialAction\":[{\"@type\":\"ReadAction\",\"target\":[\"https:\\\/\\\/www.naturalscience.org\\\/it\\\/argomenti\\\/agricoltura-naturale\\\/gli-uccelli\\\/\"]}]},{\"@type\":\"ImageObject\",\"inLanguage\":\"it-IT\",\"@id\":\"https:\\\/\\\/www.naturalscience.org\\\/it\\\/argomenti\\\/agricoltura-naturale\\\/gli-uccelli\\\/#primaryimage\",\"url\":\"https:\\\/\\\/www.naturalscience.org\\\/wp-content\\\/uploads\\\/2023\\\/01\\\/iStock-9646110701.8MB-300x208.jpg\",\"contentUrl\":\"https:\\\/\\\/www.naturalscience.org\\\/wp-content\\\/uploads\\\/2023\\\/01\\\/iStock-9646110701.8MB-300x208.jpg\"},{\"@type\":\"BreadcrumbList\",\"@id\":\"https:\\\/\\\/www.naturalscience.org\\\/it\\\/argomenti\\\/agricoltura-naturale\\\/gli-uccelli\\\/#breadcrumb\",\"itemListElement\":[{\"@type\":\"ListItem\",\"position\":1,\"name\":\"Home\",\"item\":\"https:\\\/\\\/www.naturalscience.org\\\/it\\\/\"},{\"@type\":\"ListItem\",\"position\":2,\"name\":\"Argomenti\",\"item\":\"https:\\\/\\\/www.naturalscience.org\\\/it\\\/argomenti\\\/\"},{\"@type\":\"ListItem\",\"position\":3,\"name\":\"L&#8217;agricoltura naturale\",\"item\":\"https:\\\/\\\/www.naturalscience.org\\\/it\\\/argomenti\\\/agricoltura-naturale\\\/\"},{\"@type\":\"ListItem\",\"position\":4,\"name\":\"Gli uccelli\"}]},{\"@type\":\"WebSite\",\"@id\":\"https:\\\/\\\/www.naturalscience.org\\\/#website\",\"url\":\"https:\\\/\\\/www.naturalscience.org\\\/\",\"name\":\"The World Foundation for Natural Science\",\"description\":\"Restoring and Healing the World through Responsibility and Commitment in accord with Natural and Divine Law!\",\"potentialAction\":[{\"@type\":\"SearchAction\",\"target\":{\"@type\":\"EntryPoint\",\"urlTemplate\":\"https:\\\/\\\/www.naturalscience.org\\\/?s={search_term_string}\"},\"query-input\":{\"@type\":\"PropertyValueSpecification\",\"valueRequired\":true,\"valueName\":\"search_term_string\"}}],\"inLanguage\":\"it-IT\"}]}<\/script>\n<!-- \/ Yoast SEO plugin. -->","yoast_head_json":{"title":"Gli uccelli - The World Foundation for Natural Science","robots":{"index":"index","follow":"follow","max-snippet":"max-snippet:-1","max-image-preview":"max-image-preview:large","max-video-preview":"max-video-preview:-1"},"canonical":"https:\/\/www.naturalscience.org\/it\/argomenti\/agricoltura-naturale\/gli-uccelli\/","twitter_misc":{"Tempo di lettura stimato":"2 minutes"},"schema":{"@context":"https:\/\/schema.org","@graph":[{"@type":"WebPage","@id":"https:\/\/www.naturalscience.org\/it\/argomenti\/agricoltura-naturale\/gli-uccelli\/","url":"https:\/\/www.naturalscience.org\/it\/argomenti\/agricoltura-naturale\/gli-uccelli\/","name":"Gli uccelli - The World Foundation for Natural Science","isPartOf":{"@id":"https:\/\/www.naturalscience.org\/#website"},"primaryImageOfPage":{"@id":"https:\/\/www.naturalscience.org\/it\/argomenti\/agricoltura-naturale\/gli-uccelli\/#primaryimage"},"image":{"@id":"https:\/\/www.naturalscience.org\/it\/argomenti\/agricoltura-naturale\/gli-uccelli\/#primaryimage"},"thumbnailUrl":"https:\/\/www.naturalscience.org\/wp-content\/uploads\/2023\/01\/iStock-9646110701.8MB-300x208.jpg","datePublished":"2015-07-20T07:43:58+00:00","dateModified":"2023-01-11T08:26:01+00:00","breadcrumb":{"@id":"https:\/\/www.naturalscience.org\/it\/argomenti\/agricoltura-naturale\/gli-uccelli\/#breadcrumb"},"inLanguage":"it-IT","potentialAction":[{"@type":"ReadAction","target":["https:\/\/www.naturalscience.org\/it\/argomenti\/agricoltura-naturale\/gli-uccelli\/"]}]},{"@type":"ImageObject","inLanguage":"it-IT","@id":"https:\/\/www.naturalscience.org\/it\/argomenti\/agricoltura-naturale\/gli-uccelli\/#primaryimage","url":"https:\/\/www.naturalscience.org\/wp-content\/uploads\/2023\/01\/iStock-9646110701.8MB-300x208.jpg","contentUrl":"https:\/\/www.naturalscience.org\/wp-content\/uploads\/2023\/01\/iStock-9646110701.8MB-300x208.jpg"},{"@type":"BreadcrumbList","@id":"https:\/\/www.naturalscience.org\/it\/argomenti\/agricoltura-naturale\/gli-uccelli\/#breadcrumb","itemListElement":[{"@type":"ListItem","position":1,"name":"Home","item":"https:\/\/www.naturalscience.org\/it\/"},{"@type":"ListItem","position":2,"name":"Argomenti","item":"https:\/\/www.naturalscience.org\/it\/argomenti\/"},{"@type":"ListItem","position":3,"name":"L&#8217;agricoltura naturale","item":"https:\/\/www.naturalscience.org\/it\/argomenti\/agricoltura-naturale\/"},{"@type":"ListItem","position":4,"name":"Gli uccelli"}]},{"@type":"WebSite","@id":"https:\/\/www.naturalscience.org\/#website","url":"https:\/\/www.naturalscience.org\/","name":"The World Foundation for Natural Science","description":"Restoring and Healing the World through Responsibility and Commitment in accord with Natural and Divine Law!","potentialAction":[{"@type":"SearchAction","target":{"@type":"EntryPoint","urlTemplate":"https:\/\/www.naturalscience.org\/?s={search_term_string}"},"query-input":{"@type":"PropertyValueSpecification","valueRequired":true,"valueName":"search_term_string"}}],"inLanguage":"it-IT"}]}},"_links":{"self":[{"href":"https:\/\/www.naturalscience.org\/it\/wp-json\/wp\/v2\/pages\/14768","targetHints":{"allow":["GET"]}}],"collection":[{"href":"https:\/\/www.naturalscience.org\/it\/wp-json\/wp\/v2\/pages"}],"about":[{"href":"https:\/\/www.naturalscience.org\/it\/wp-json\/wp\/v2\/types\/page"}],"author":[{"embeddable":true,"href":"https:\/\/www.naturalscience.org\/it\/wp-json\/wp\/v2\/users\/9"}],"replies":[{"embeddable":true,"href":"https:\/\/www.naturalscience.org\/it\/wp-json\/wp\/v2\/comments?post=14768"}],"version-history":[{"count":14,"href":"https:\/\/www.naturalscience.org\/it\/wp-json\/wp\/v2\/pages\/14768\/revisions"}],"predecessor-version":[{"id":38666,"href":"https:\/\/www.naturalscience.org\/it\/wp-json\/wp\/v2\/pages\/14768\/revisions\/38666"}],"up":[{"embeddable":true,"href":"https:\/\/www.naturalscience.org\/it\/wp-json\/wp\/v2\/pages\/14760"}],"wp:attachment":[{"href":"https:\/\/www.naturalscience.org\/it\/wp-json\/wp\/v2\/media?parent=14768"}],"wp:term":[{"taxonomy":"category","embeddable":true,"href":"https:\/\/www.naturalscience.org\/it\/wp-json\/wp\/v2\/categories?post=14768"}],"curies":[{"name":"wp","href":"https:\/\/api.w.org\/{rel}","templated":true}]}}