{"id":14764,"date":"2015-07-20T09:43:07","date_gmt":"2015-07-20T07:43:07","guid":{"rendered":"http:\/\/www.naturalscience.org\/it\/?page_id=14764"},"modified":"2023-01-09T15:54:06","modified_gmt":"2023-01-09T14:54:06","slug":"le-foreste","status":"publish","type":"page","link":"https:\/\/www.naturalscience.org\/it\/argomenti\/agricoltura-naturale\/le-foreste\/","title":{"rendered":"Le foreste"},"content":{"rendered":"<p>Le foreste ricoprono sulla terra una superficie di 40,3 milioni di km<sup>2<\/sup>, di cui la met\u00e0 si trova soltanto in cinque paesi, cio\u00e8 in Russia, Brasile, Canada, Cina e negli USA.<br \/>\nI boschi sono di una bellezza <img loading=\"lazy\" decoding=\"async\" class=\" size-medium wp-image-9937 alignleft\" src=\"https:\/\/www.naturalscience.org\/wp-content\/uploads\/2014\/09\/Wald-2-300x200.jpg\" alt=\"Wald\" width=\"300\" height=\"200\" srcset=\"https:\/\/www.naturalscience.org\/wp-content\/uploads\/2014\/09\/Wald-2-300x200.jpg 300w, https:\/\/www.naturalscience.org\/wp-content\/uploads\/2014\/09\/Wald-2-1024x682.jpg 1024w, https:\/\/www.naturalscience.org\/wp-content\/uploads\/2014\/09\/Wald-2-200x133.jpg 200w, https:\/\/www.naturalscience.org\/wp-content\/uploads\/2014\/09\/Wald-2-164x109.jpg 164w, https:\/\/www.naturalscience.org\/wp-content\/uploads\/2014\/09\/Wald-2.jpg 2000w\" sizes=\"auto, (max-width: 300px) 100vw, 300px\" \/>maestosa, svariati, ricchi di specie e assolutamente indispensabili. Offrono spazio vitale a pi\u00f9 del 90% di tutti gli animali terrestri, proteggono da valanghe e frane, offrono ombra, forniscono legna e sono riserve di stoccaggio per innumerevoli frutti e piante officinali. <strong>Senza foreste niente acqua!<\/strong> Un metro quadrato di terreno boschivo trattiene fino a 200 litri di acqua. Le acque di fusione e l&#8217;acqua piovana si disperdono nel terreno, vengono da esso filtrate e formano in questo modo le falde acquifere. Inoltre gli alberi sono dei buoni \u201eproduttori di pioggia \u201c, perch\u00e9 le superfici coperte da vegetazione assorbono pi\u00f9 energia solare di aree spoglie, caratteristica che genera pi\u00f9 turbolenze atmosferiche, ed inoltre gli alberi emanano umidit\u00e0 nell\u2019aria attraverso le foglie. Entrambi i fattori favoriscono le precipitazioni atmosferiche.<\/p>\n<p>Ma gli alberi sono anche mediatori fra l\u2019atmosfera e il pianeta. Come tali sono assolutamente necessari per mantenere l\u2019equilibrio fra gli elementi terra, acqua, aria e fuoco. <strong>Senza grandi, vecchi alberi, il pianeta terra e noi tutti non potremmo sopravvivere.<\/strong><\/p>\n<h2>Rimboschimento<\/h2>\n<p><img loading=\"lazy\" decoding=\"async\" class=\"wp-image-38602 size-medium alignright\" src=\"https:\/\/www.naturalscience.org\/wp-content\/uploads\/2023\/01\/AdobeStock_2370877411.5MB-200x300.jpeg\" alt=\"\" width=\"200\" height=\"300\" srcset=\"https:\/\/www.naturalscience.org\/wp-content\/uploads\/2023\/01\/AdobeStock_2370877411.5MB-200x300.jpeg 200w, https:\/\/www.naturalscience.org\/wp-content\/uploads\/2023\/01\/AdobeStock_2370877411.5MB-683x1024.jpeg 683w, https:\/\/www.naturalscience.org\/wp-content\/uploads\/2023\/01\/AdobeStock_2370877411.5MB-768x1151.jpeg 768w, https:\/\/www.naturalscience.org\/wp-content\/uploads\/2023\/01\/AdobeStock_2370877411.5MB-1025x1536.jpeg 1025w, https:\/\/www.naturalscience.org\/wp-content\/uploads\/2023\/01\/AdobeStock_2370877411.5MB-109x164.jpeg 109w, https:\/\/www.naturalscience.org\/wp-content\/uploads\/2023\/01\/AdobeStock_2370877411.5MB-267x400.jpeg 267w, https:\/\/www.naturalscience.org\/wp-content\/uploads\/2023\/01\/AdobeStock_2370877411.5MB-334x500.jpeg 334w, https:\/\/www.naturalscience.org\/wp-content\/uploads\/2023\/01\/AdobeStock_2370877411.5MB.jpeg 1200w\" sizes=\"auto, (max-width: 200px) 100vw, 200px\" \/><\/p>\n<p><strong>Sullo sfondo dei cambiamenti globali \u00e8 essenziale non soltanto mantenere e curare le foreste, ma anche rimboschire massicciamente.<\/strong> La met\u00e0 del patrimonio forestale della terra \u00e8 stato gi\u00e0 distrutto. E il disboscamento continua. Ogni anno vengono disboscati 9&#8217;500&#8217;000 di ettari di bosco, che corrispondono ad una superficie di 18 campi da calcio al minuto! Leggi forestali esemplari, in certe nazioni come per esempio in Svizzera, prescrivono che il patrimonio forestale esistente debba essere conservato totalmente. Ma questo non \u00e8 sufficiente. Devono essere sostituiti molti pi\u00f9 alberi di quelli che sono stati abbattuti, perch\u00e9 per un singolo faggio centenario abbattuto dovrebbero, per esempio, essere piantati duemila giovani faggi, con un volume della chioma di 1 metro cubo ciascuno, per poter fornire lo stesso rendimento!<\/p>\n<p>Approfittate della giornata internazionale dell\u2019albero, che viene celebrata ogni anno l&#8217;ultimo venerd\u00ec di aprile, e piantate un albero. Oppure informatevi sulle azioni per piantare alberi nelle vostre vicinanze.<\/p>\n<h2>Riscaldamento globale<\/h2>\n<p><img loading=\"lazy\" decoding=\"async\" class=\"alignleft wp-image-38603 size-medium\" src=\"https:\/\/www.naturalscience.org\/wp-content\/uploads\/2023\/01\/iStock-6682182301.8MB-300x222.jpg\" alt=\"\" width=\"300\" height=\"222\" srcset=\"https:\/\/www.naturalscience.org\/wp-content\/uploads\/2023\/01\/iStock-6682182301.8MB-300x222.jpg 300w, https:\/\/www.naturalscience.org\/wp-content\/uploads\/2023\/01\/iStock-6682182301.8MB-1024x757.jpg 1024w, https:\/\/www.naturalscience.org\/wp-content\/uploads\/2023\/01\/iStock-6682182301.8MB-768x568.jpg 768w, https:\/\/www.naturalscience.org\/wp-content\/uploads\/2023\/01\/iStock-6682182301.8MB-1536x1136.jpg 1536w, https:\/\/www.naturalscience.org\/wp-content\/uploads\/2023\/01\/iStock-6682182301.8MB-2048x1515.jpg 2048w, https:\/\/www.naturalscience.org\/wp-content\/uploads\/2023\/01\/iStock-6682182301.8MB-164x121.jpg 164w, https:\/\/www.naturalscience.org\/wp-content\/uploads\/2023\/01\/iStock-6682182301.8MB-400x296.jpg 400w, https:\/\/www.naturalscience.org\/wp-content\/uploads\/2023\/01\/iStock-6682182301.8MB-500x370.jpg 500w\" sizes=\"auto, (max-width: 300px) 100vw, 300px\" \/><\/p>\n<p>Nel contesto del riscaldamento globale si parla principalmente della problematica dell&#8217;emissione di CO<sub>2<\/sub>. Sebbene sia importante e corretto ridurre l\u2019emissione eccessiva di CO<sub>2<\/sub> solo in merito all\u2019inquinamento dell\u2019aria gi\u00e0 esistente, non \u00e8 il CO<sub>2<\/sub>, bens\u00ec il disboscamento delle foreste il problema pi\u00f9 grande. <strong>Meno alberi ci sono su questo pianeta, meno CO<sub>2<\/sub> viene assorbita,<\/strong> e meno si pu\u00f2 bilanciare il crescente riscaldamento, che ha principalmente cause naturali. Quindi l&#8217;obiettivo principale delle agende politiche e delle organizzazioni ambientaliste dovrebbe essere quello di progettare opere di rimboschimento. <strong>Piantare alberi \u00e8 il modo pi\u00f9 semplice, pi\u00f9 economico e pi\u00f9 efficace per fare qualcosa contro il riscaldamento globale.<\/strong><\/p>\n<p>Per questo potete dare un contributo personale piantando alberi nel vostro giardino.<\/p>\n\n            <div class=\"publication-list hide-for-print\">\r\n                <div class=\"row\">\r\n                    <div class=\"small-24 columns \">\r\n                        <div class=\"title\">Pubblicazioni<\/div>\r\n\r\n\t\t\t\t\t\t\t\t\t\t\t\t\t\r\n\r\n<article class=\"row collapse all publication-item le-foreste agricoltura-naturale  film wfns\">\r\n\r\n\t<div class=\"cover medium-7 columns\">\r\n\t\t<a href=\"https:\/\/www.naturalscience.org\/it\/pubblicazioni\/pianta-alberi\/\">\r\n\t\t\t<img loading=\"lazy\" decoding=\"async\" src=\"https:\/\/www.naturalscience.org\/wp-content\/uploads\/2021\/04\/Plant-treesthumbIT-300x169.jpg\" width=\"300\" height=\"169\">\t\t<\/a>\r\n\t<\/div>\r\n\r\n\t<div class=\"text medium-17 columns\">\r\n\r\n\t\t<div class=\"type\">\r\n\t\t\tFilm\t\t<\/div>\r\n\r\n\t\t<div class=\"name\">\r\n\t\t\t<a href=\"https:\/\/www.naturalscience.org\/it\/pubblicazioni\/pianta-alberi\/\">Pianta Alberi!<\/a>\r\n\t\t<\/div>\r\n\r\n\t\t<p class=\"description\">\r\n\t\t\tUn appello stimolante con belle immagini.\t\t<\/p>\r\n\r\n\t\t<div class=\"buttons\">\r\n\t\t\t<div class=\"row collapse\">\r\n\t\t\t\t\t\t\t\t\t<div class=\"small-24 medium-9 columns\">\r\n\t\t\t\t\t\t<a href=\"https:\/\/www.naturalscience.org\/it\/pubblicazioni\/pianta-alberi\/\" class=\"button radius primary small\">\r\n\t\t\t\t\t\t\t<i class=\"fa fa-play\"><\/i>&nbsp;&nbsp;Watch film\t\t\t\t\t\t<\/a>\r\n\t\t\t\t\t<\/div>\r\n\t\t\t\t\r\n\r\n\t\t\t<\/div>\r\n\t\t<\/div>\r\n\r\n\t<\/div>\r\n<\/article>\t\t\t\t\t\t\t\t\t\t\t\t\t\r\n\r\n<article class=\"row collapse all publication-item terreno le-foreste mari agricoltura-naturale   wfns\">\r\n\r\n\t<div class=\"cover medium-7 columns\">\r\n\t\t<a href=\"https:\/\/www.naturalscience.org\/it\/pubblicazioni\/promessa-a-madre-terra\/\">\r\n\t\t\t<img loading=\"lazy\" decoding=\"async\" src=\"https:\/\/www.naturalscience.org\/wp-content\/uploads\/2016\/04\/Pledge-to-Mother-Earth_IT_cover-212x300.jpg\" width=\"212\" height=\"300\">\t\t<\/a>\r\n\t<\/div>\r\n\r\n\t<div class=\"text medium-17 columns\">\r\n\r\n\t\t<div class=\"type\">\r\n\t\t\t\t\t<\/div>\r\n\r\n\t\t<div class=\"name\">\r\n\t\t\t<a href=\"https:\/\/www.naturalscience.org\/it\/pubblicazioni\/promessa-a-madre-terra\/\">Promessa a madre terra<\/a>\r\n\t\t<\/div>\r\n\r\n\t\t<p class=\"description\">\r\n\t\t\t\t\t<\/p>\r\n\r\n\t\t<div class=\"buttons\">\r\n\t\t\t<div class=\"row collapse\">\r\n\t\t\t\t\t\t\t\t\t\t<div class=\"small-24 medium-8 columns\">\r\n\t\t\t\t\t\t\t<a href=\"https:\/\/www.naturalscience.org\/wp-content\/uploads\/2016\/04\/Pledge-to-Mother-Earth_IT.pdf\" class=\"button radius primary small\" target=\"_blank\">\r\n\t\t\t\t\t\t\t\t<i class=\"fa fa-download\"><\/i>&nbsp;&nbsp;Scaricare\t\t\t\t\t\t\t<\/a>\r\n\t\t\t\t\t\t<\/div>\r\n\t\t\t\t\t\r\n\t\t\t\t\t\t\t\t\t\t<div class=\"small-24 medium-16 columns\">\r\n\t\t\t\t\t\t<i class=\"fa fa-angle-right\"><\/i>\r\n\t\t\t\t\t\t<a href=\"https:\/\/www.naturalscience.org\/it\/pubblicazioni\/promessa-a-madre-terra\/\" class=\"further-information\">\r\n\t\t\t\t\t\t\tUlteriori informazioni & lingue\t\t\t\t\t\t<\/a>\r\n\t\t\t\t\t<\/div>\r\n\t\t\t\t\r\n\t\t\t\t\r\n\r\n\t\t\t<\/div>\r\n\t\t<\/div>\r\n\r\n\t<\/div>\r\n<\/article>\t\t\t\t\t\t\t\t\t\t\t\t\r\n                    <\/div>\r\n                <\/div>\r\n            <\/div>\r\n\r\n\t\t\t\n","protected":false},"excerpt":{"rendered":"","protected":false},"author":9,"featured_media":0,"parent":14760,"menu_order":47,"comment_status":"closed","ping_status":"closed","template":"","meta":{"_acf_changed":false,"ngg_post_thumbnail":0,"footnotes":""},"categories":[153],"class_list":["post-14764","page","type-page","status-publish","hentry","category-le-foreste","wpautop"],"acf":[],"yoast_head":"<!-- This site is optimized with the Yoast SEO plugin v27.4 - https:\/\/yoast.com\/product\/yoast-seo-wordpress\/ -->\n<title>Le foreste - The World Foundation for Natural Science<\/title>\n<meta name=\"robots\" content=\"index, follow, max-snippet:-1, max-image-preview:large, max-video-preview:-1\" \/>\n<link rel=\"canonical\" href=\"https:\/\/www.naturalscience.org\/it\/argomenti\/agricoltura-naturale\/le-foreste\/\" \/>\n<meta name=\"twitter:label1\" content=\"Tempo di lettura stimato\" \/>\n\t<meta name=\"twitter:data1\" content=\"3 minutes\" \/>\n<script type=\"application\/ld+json\" class=\"yoast-schema-graph\">{\"@context\":\"https:\\\/\\\/schema.org\",\"@graph\":[{\"@type\":\"WebPage\",\"@id\":\"https:\\\/\\\/www.naturalscience.org\\\/it\\\/argomenti\\\/agricoltura-naturale\\\/le-foreste\\\/\",\"url\":\"https:\\\/\\\/www.naturalscience.org\\\/it\\\/argomenti\\\/agricoltura-naturale\\\/le-foreste\\\/\",\"name\":\"Le foreste - The World Foundation for Natural Science\",\"isPartOf\":{\"@id\":\"https:\\\/\\\/www.naturalscience.org\\\/#website\"},\"primaryImageOfPage\":{\"@id\":\"https:\\\/\\\/www.naturalscience.org\\\/it\\\/argomenti\\\/agricoltura-naturale\\\/le-foreste\\\/#primaryimage\"},\"image\":{\"@id\":\"https:\\\/\\\/www.naturalscience.org\\\/it\\\/argomenti\\\/agricoltura-naturale\\\/le-foreste\\\/#primaryimage\"},\"thumbnailUrl\":\"https:\\\/\\\/www.naturalscience.org\\\/wp-content\\\/uploads\\\/2014\\\/09\\\/Wald-2-300x200.jpg\",\"datePublished\":\"2015-07-20T07:43:07+00:00\",\"dateModified\":\"2023-01-09T14:54:06+00:00\",\"breadcrumb\":{\"@id\":\"https:\\\/\\\/www.naturalscience.org\\\/it\\\/argomenti\\\/agricoltura-naturale\\\/le-foreste\\\/#breadcrumb\"},\"inLanguage\":\"it-IT\",\"potentialAction\":[{\"@type\":\"ReadAction\",\"target\":[\"https:\\\/\\\/www.naturalscience.org\\\/it\\\/argomenti\\\/agricoltura-naturale\\\/le-foreste\\\/\"]}]},{\"@type\":\"ImageObject\",\"inLanguage\":\"it-IT\",\"@id\":\"https:\\\/\\\/www.naturalscience.org\\\/it\\\/argomenti\\\/agricoltura-naturale\\\/le-foreste\\\/#primaryimage\",\"url\":\"https:\\\/\\\/www.naturalscience.org\\\/wp-content\\\/uploads\\\/2014\\\/09\\\/Wald-2-300x200.jpg\",\"contentUrl\":\"https:\\\/\\\/www.naturalscience.org\\\/wp-content\\\/uploads\\\/2014\\\/09\\\/Wald-2-300x200.jpg\"},{\"@type\":\"BreadcrumbList\",\"@id\":\"https:\\\/\\\/www.naturalscience.org\\\/it\\\/argomenti\\\/agricoltura-naturale\\\/le-foreste\\\/#breadcrumb\",\"itemListElement\":[{\"@type\":\"ListItem\",\"position\":1,\"name\":\"Home\",\"item\":\"https:\\\/\\\/www.naturalscience.org\\\/it\\\/\"},{\"@type\":\"ListItem\",\"position\":2,\"name\":\"Argomenti\",\"item\":\"https:\\\/\\\/www.naturalscience.org\\\/it\\\/argomenti\\\/\"},{\"@type\":\"ListItem\",\"position\":3,\"name\":\"L&#8217;agricoltura naturale\",\"item\":\"https:\\\/\\\/www.naturalscience.org\\\/it\\\/argomenti\\\/agricoltura-naturale\\\/\"},{\"@type\":\"ListItem\",\"position\":4,\"name\":\"Le foreste\"}]},{\"@type\":\"WebSite\",\"@id\":\"https:\\\/\\\/www.naturalscience.org\\\/#website\",\"url\":\"https:\\\/\\\/www.naturalscience.org\\\/\",\"name\":\"The World Foundation for Natural Science\",\"description\":\"Restoring and Healing the World through Responsibility and Commitment in accord with Natural and Divine Law!\",\"potentialAction\":[{\"@type\":\"SearchAction\",\"target\":{\"@type\":\"EntryPoint\",\"urlTemplate\":\"https:\\\/\\\/www.naturalscience.org\\\/?s={search_term_string}\"},\"query-input\":{\"@type\":\"PropertyValueSpecification\",\"valueRequired\":true,\"valueName\":\"search_term_string\"}}],\"inLanguage\":\"it-IT\"}]}<\/script>\n<!-- \/ Yoast SEO plugin. -->","yoast_head_json":{"title":"Le foreste - The World Foundation for Natural Science","robots":{"index":"index","follow":"follow","max-snippet":"max-snippet:-1","max-image-preview":"max-image-preview:large","max-video-preview":"max-video-preview:-1"},"canonical":"https:\/\/www.naturalscience.org\/it\/argomenti\/agricoltura-naturale\/le-foreste\/","twitter_misc":{"Tempo di lettura stimato":"3 minutes"},"schema":{"@context":"https:\/\/schema.org","@graph":[{"@type":"WebPage","@id":"https:\/\/www.naturalscience.org\/it\/argomenti\/agricoltura-naturale\/le-foreste\/","url":"https:\/\/www.naturalscience.org\/it\/argomenti\/agricoltura-naturale\/le-foreste\/","name":"Le foreste - The World Foundation for Natural Science","isPartOf":{"@id":"https:\/\/www.naturalscience.org\/#website"},"primaryImageOfPage":{"@id":"https:\/\/www.naturalscience.org\/it\/argomenti\/agricoltura-naturale\/le-foreste\/#primaryimage"},"image":{"@id":"https:\/\/www.naturalscience.org\/it\/argomenti\/agricoltura-naturale\/le-foreste\/#primaryimage"},"thumbnailUrl":"https:\/\/www.naturalscience.org\/wp-content\/uploads\/2014\/09\/Wald-2-300x200.jpg","datePublished":"2015-07-20T07:43:07+00:00","dateModified":"2023-01-09T14:54:06+00:00","breadcrumb":{"@id":"https:\/\/www.naturalscience.org\/it\/argomenti\/agricoltura-naturale\/le-foreste\/#breadcrumb"},"inLanguage":"it-IT","potentialAction":[{"@type":"ReadAction","target":["https:\/\/www.naturalscience.org\/it\/argomenti\/agricoltura-naturale\/le-foreste\/"]}]},{"@type":"ImageObject","inLanguage":"it-IT","@id":"https:\/\/www.naturalscience.org\/it\/argomenti\/agricoltura-naturale\/le-foreste\/#primaryimage","url":"https:\/\/www.naturalscience.org\/wp-content\/uploads\/2014\/09\/Wald-2-300x200.jpg","contentUrl":"https:\/\/www.naturalscience.org\/wp-content\/uploads\/2014\/09\/Wald-2-300x200.jpg"},{"@type":"BreadcrumbList","@id":"https:\/\/www.naturalscience.org\/it\/argomenti\/agricoltura-naturale\/le-foreste\/#breadcrumb","itemListElement":[{"@type":"ListItem","position":1,"name":"Home","item":"https:\/\/www.naturalscience.org\/it\/"},{"@type":"ListItem","position":2,"name":"Argomenti","item":"https:\/\/www.naturalscience.org\/it\/argomenti\/"},{"@type":"ListItem","position":3,"name":"L&#8217;agricoltura naturale","item":"https:\/\/www.naturalscience.org\/it\/argomenti\/agricoltura-naturale\/"},{"@type":"ListItem","position":4,"name":"Le foreste"}]},{"@type":"WebSite","@id":"https:\/\/www.naturalscience.org\/#website","url":"https:\/\/www.naturalscience.org\/","name":"The World Foundation for Natural Science","description":"Restoring and Healing the World through Responsibility and Commitment in accord with Natural and Divine Law!","potentialAction":[{"@type":"SearchAction","target":{"@type":"EntryPoint","urlTemplate":"https:\/\/www.naturalscience.org\/?s={search_term_string}"},"query-input":{"@type":"PropertyValueSpecification","valueRequired":true,"valueName":"search_term_string"}}],"inLanguage":"it-IT"}]}},"_links":{"self":[{"href":"https:\/\/www.naturalscience.org\/it\/wp-json\/wp\/v2\/pages\/14764","targetHints":{"allow":["GET"]}}],"collection":[{"href":"https:\/\/www.naturalscience.org\/it\/wp-json\/wp\/v2\/pages"}],"about":[{"href":"https:\/\/www.naturalscience.org\/it\/wp-json\/wp\/v2\/types\/page"}],"author":[{"embeddable":true,"href":"https:\/\/www.naturalscience.org\/it\/wp-json\/wp\/v2\/users\/9"}],"replies":[{"embeddable":true,"href":"https:\/\/www.naturalscience.org\/it\/wp-json\/wp\/v2\/comments?post=14764"}],"version-history":[{"count":22,"href":"https:\/\/www.naturalscience.org\/it\/wp-json\/wp\/v2\/pages\/14764\/revisions"}],"predecessor-version":[{"id":38619,"href":"https:\/\/www.naturalscience.org\/it\/wp-json\/wp\/v2\/pages\/14764\/revisions\/38619"}],"up":[{"embeddable":true,"href":"https:\/\/www.naturalscience.org\/it\/wp-json\/wp\/v2\/pages\/14760"}],"wp:attachment":[{"href":"https:\/\/www.naturalscience.org\/it\/wp-json\/wp\/v2\/media?parent=14764"}],"wp:term":[{"taxonomy":"category","embeddable":true,"href":"https:\/\/www.naturalscience.org\/it\/wp-json\/wp\/v2\/categories?post=14764"}],"curies":[{"name":"wp","href":"https:\/\/api.w.org\/{rel}","templated":true}]}}