{"id":14756,"date":"2015-07-20T09:39:31","date_gmt":"2015-07-20T07:39:31","guid":{"rendered":"http:\/\/www.naturalscience.org\/it\/?page_id=14756"},"modified":"2022-12-30T12:23:41","modified_gmt":"2022-12-30T11:23:41","slug":"la-gioventu-i-cellulari","status":"publish","type":"page","link":"https:\/\/www.naturalscience.org\/it\/argomenti\/microonde-dispositivi-di-telefonia-mobile\/la-gioventu-i-cellulari\/","title":{"rendered":"La giovent\u00f9 &#038; i cellulari"},"content":{"rendered":"<p><img loading=\"lazy\" decoding=\"async\" class=\" wp-image-9761 alignleft\" src=\"https:\/\/www.naturalscience.org\/wp-content\/uploads\/2014\/10\/Jugend-Handys-1-300x200.jpg\" alt=\"Jugend &amp; Handys\" width=\"266\" height=\"177\" srcset=\"https:\/\/www.naturalscience.org\/wp-content\/uploads\/2014\/10\/Jugend-Handys-1-300x200.jpg 300w, https:\/\/www.naturalscience.org\/wp-content\/uploads\/2014\/10\/Jugend-Handys-1-1024x682.jpg 1024w, https:\/\/www.naturalscience.org\/wp-content\/uploads\/2014\/10\/Jugend-Handys-1-200x133.jpg 200w, https:\/\/www.naturalscience.org\/wp-content\/uploads\/2014\/10\/Jugend-Handys-1-164x109.jpg 164w\" sizes=\"auto, (max-width: 266px) 100vw, 266px\" \/>I cellulari sono certo pratici, ma per la loro radiazione elettromagnetica sono tutt\u2019altro che inoffensivi per la salute. <strong>Bambini e adolescenti reagiscono in modo particolarmente sensibile alla radiazione delle microonde.<\/strong> Essi hanno le ossa del cranio pi\u00f9 sottili, un sistema nervoso pi\u00f9 delicato, un sistema immunitario meno forte, e poich\u00e9 sono ancora nella fase di crescita, un tasso di divisione cellulare pi\u00f9 alto, per cui i danni alle cellule causati dalle radiazioni si diffondono pi\u00f9 velocemente nel corpo.<\/p>\n<p><img loading=\"lazy\" decoding=\"async\" class=\"wp-image-9763 alignright\" src=\"https:\/\/www.naturalscience.org\/wp-content\/uploads\/2014\/10\/Jugend-Handys-2-256x300.jpg\" alt=\"I cellulari non dovrebbero essere utilizzati sotto i 16 anni\" width=\"186\" height=\"218\" srcset=\"https:\/\/www.naturalscience.org\/wp-content\/uploads\/2014\/10\/Jugend-Handys-2-256x300.jpg 256w, https:\/\/www.naturalscience.org\/wp-content\/uploads\/2014\/10\/Jugend-Handys-2-875x1024.jpg 875w, https:\/\/www.naturalscience.org\/wp-content\/uploads\/2014\/10\/Jugend-Handys-2-171x200.jpg 171w, https:\/\/www.naturalscience.org\/wp-content\/uploads\/2014\/10\/Jugend-Handys-2-140x164.jpg 140w\" sizes=\"auto, (max-width: 186px) 100vw, 186px\" \/><\/p>\n<p><strong>Gi\u00e0 nell\u2019anno 2005 l\u2019ordine dei medici di Vienna richiamava l\u2019attenzione sul fatto che i bambini sotto i 16 anni non dovrebbero utilizzare un cellulare,<\/strong> ricollegandosi alle raccomandazioni dell\u2019autorit\u00e0 britannica per la protezione contro le radiazioni ed alla societ\u00e0 danese contro il tumore.&nbsp;Comunque, se nonostante ci\u00f2 il vostro bambino non si lasciasse convincere a rinunciare al cellulare, potete trovare ulteriori informazioni per l\u2019utilizzo del cellulare nel nostro d\u00e9pliant \u201eI Cellulari sono fuori moda!\u201d<\/p>\n<p>&nbsp;<\/p>\n<p>&nbsp;<\/p>\n<p>&nbsp;<\/p>\n\n\n","protected":false},"excerpt":{"rendered":"I cellulari sono certo pratici, ma per la loro radiazione elettromagnetica sono tutt\u2019altro che inoffensivi per la salute. Bambini e adolescenti reagiscono in modo particolarmente sensibile alla radiazione delle microonde. Essi hanno le ossa del cranio pi\u00f9 sottili, un sistema nervoso pi\u00f9 delicato, un sistema immunitario meno forte, e poich\u00e9 sono ancora nella fase di [&hellip;]","protected":false},"author":9,"featured_media":0,"parent":14748,"menu_order":34,"comment_status":"closed","ping_status":"closed","template":"","meta":{"_acf_changed":false,"ngg_post_thumbnail":0,"footnotes":""},"categories":[150],"class_list":["post-14756","page","type-page","status-publish","hentry","category-gioventu-cellulari","wpautop"],"acf":[],"yoast_head":"<!-- This site is optimized with the Yoast SEO plugin v27.6 - https:\/\/yoast.com\/product\/yoast-seo-wordpress\/ -->\n<title>La giovent\u00f9 &amp; i cellulari - The World Foundation for Natural Science<\/title>\n<meta name=\"robots\" content=\"index, follow, max-snippet:-1, max-image-preview:large, max-video-preview:-1\" \/>\n<link rel=\"canonical\" href=\"https:\/\/www.naturalscience.org\/it\/argomenti\/microonde-dispositivi-di-telefonia-mobile\/la-gioventu-i-cellulari\/\" \/>\n<meta name=\"twitter:label1\" content=\"Tempo di lettura stimato\" \/>\n\t<meta name=\"twitter:data1\" content=\"2 minutes\" \/>\n<script type=\"application\/ld+json\" class=\"yoast-schema-graph\">{\"@context\":\"https:\\\/\\\/schema.org\",\"@graph\":[{\"@type\":\"WebPage\",\"@id\":\"https:\\\/\\\/www.naturalscience.org\\\/it\\\/argomenti\\\/microonde-dispositivi-di-telefonia-mobile\\\/la-gioventu-i-cellulari\\\/\",\"url\":\"https:\\\/\\\/www.naturalscience.org\\\/it\\\/argomenti\\\/microonde-dispositivi-di-telefonia-mobile\\\/la-gioventu-i-cellulari\\\/\",\"name\":\"La giovent\u00f9 & i cellulari - The World Foundation for Natural Science\",\"isPartOf\":{\"@id\":\"https:\\\/\\\/www.naturalscience.org\\\/#website\"},\"primaryImageOfPage\":{\"@id\":\"https:\\\/\\\/www.naturalscience.org\\\/it\\\/argomenti\\\/microonde-dispositivi-di-telefonia-mobile\\\/la-gioventu-i-cellulari\\\/#primaryimage\"},\"image\":{\"@id\":\"https:\\\/\\\/www.naturalscience.org\\\/it\\\/argomenti\\\/microonde-dispositivi-di-telefonia-mobile\\\/la-gioventu-i-cellulari\\\/#primaryimage\"},\"thumbnailUrl\":\"https:\\\/\\\/www.naturalscience.org\\\/wp-content\\\/uploads\\\/2014\\\/10\\\/Jugend-Handys-1-300x200.jpg\",\"datePublished\":\"2015-07-20T07:39:31+00:00\",\"dateModified\":\"2022-12-30T11:23:41+00:00\",\"breadcrumb\":{\"@id\":\"https:\\\/\\\/www.naturalscience.org\\\/it\\\/argomenti\\\/microonde-dispositivi-di-telefonia-mobile\\\/la-gioventu-i-cellulari\\\/#breadcrumb\"},\"inLanguage\":\"it-IT\",\"potentialAction\":[{\"@type\":\"ReadAction\",\"target\":[\"https:\\\/\\\/www.naturalscience.org\\\/it\\\/argomenti\\\/microonde-dispositivi-di-telefonia-mobile\\\/la-gioventu-i-cellulari\\\/\"]}]},{\"@type\":\"ImageObject\",\"inLanguage\":\"it-IT\",\"@id\":\"https:\\\/\\\/www.naturalscience.org\\\/it\\\/argomenti\\\/microonde-dispositivi-di-telefonia-mobile\\\/la-gioventu-i-cellulari\\\/#primaryimage\",\"url\":\"https:\\\/\\\/www.naturalscience.org\\\/wp-content\\\/uploads\\\/2014\\\/10\\\/Jugend-Handys-1-300x200.jpg\",\"contentUrl\":\"https:\\\/\\\/www.naturalscience.org\\\/wp-content\\\/uploads\\\/2014\\\/10\\\/Jugend-Handys-1-300x200.jpg\"},{\"@type\":\"BreadcrumbList\",\"@id\":\"https:\\\/\\\/www.naturalscience.org\\\/it\\\/argomenti\\\/microonde-dispositivi-di-telefonia-mobile\\\/la-gioventu-i-cellulari\\\/#breadcrumb\",\"itemListElement\":[{\"@type\":\"ListItem\",\"position\":1,\"name\":\"Home\",\"item\":\"https:\\\/\\\/www.naturalscience.org\\\/it\\\/\"},{\"@type\":\"ListItem\",\"position\":2,\"name\":\"Argomenti\",\"item\":\"https:\\\/\\\/www.naturalscience.org\\\/it\\\/argomenti\\\/\"},{\"@type\":\"ListItem\",\"position\":3,\"name\":\"Microonde &#038; dispositivi di telefonia mobile\",\"item\":\"https:\\\/\\\/www.naturalscience.org\\\/it\\\/argomenti\\\/microonde-dispositivi-di-telefonia-mobile\\\/\"},{\"@type\":\"ListItem\",\"position\":4,\"name\":\"La giovent\u00f9 &#038; i cellulari\"}]},{\"@type\":\"WebSite\",\"@id\":\"https:\\\/\\\/www.naturalscience.org\\\/#website\",\"url\":\"https:\\\/\\\/www.naturalscience.org\\\/\",\"name\":\"The World Foundation for Natural Science\",\"description\":\"Restoring and Healing the World through Responsibility and Commitment in accord with Natural and Divine Law!\",\"potentialAction\":[{\"@type\":\"SearchAction\",\"target\":{\"@type\":\"EntryPoint\",\"urlTemplate\":\"https:\\\/\\\/www.naturalscience.org\\\/?s={search_term_string}\"},\"query-input\":{\"@type\":\"PropertyValueSpecification\",\"valueRequired\":true,\"valueName\":\"search_term_string\"}}],\"inLanguage\":\"it-IT\"}]}<\/script>\n<!-- \/ Yoast SEO plugin. -->","yoast_head_json":{"title":"La giovent\u00f9 & i cellulari - The World Foundation for Natural Science","robots":{"index":"index","follow":"follow","max-snippet":"max-snippet:-1","max-image-preview":"max-image-preview:large","max-video-preview":"max-video-preview:-1"},"canonical":"https:\/\/www.naturalscience.org\/it\/argomenti\/microonde-dispositivi-di-telefonia-mobile\/la-gioventu-i-cellulari\/","twitter_misc":{"Tempo di lettura stimato":"2 minutes"},"schema":{"@context":"https:\/\/schema.org","@graph":[{"@type":"WebPage","@id":"https:\/\/www.naturalscience.org\/it\/argomenti\/microonde-dispositivi-di-telefonia-mobile\/la-gioventu-i-cellulari\/","url":"https:\/\/www.naturalscience.org\/it\/argomenti\/microonde-dispositivi-di-telefonia-mobile\/la-gioventu-i-cellulari\/","name":"La giovent\u00f9 & i cellulari - The World Foundation for Natural Science","isPartOf":{"@id":"https:\/\/www.naturalscience.org\/#website"},"primaryImageOfPage":{"@id":"https:\/\/www.naturalscience.org\/it\/argomenti\/microonde-dispositivi-di-telefonia-mobile\/la-gioventu-i-cellulari\/#primaryimage"},"image":{"@id":"https:\/\/www.naturalscience.org\/it\/argomenti\/microonde-dispositivi-di-telefonia-mobile\/la-gioventu-i-cellulari\/#primaryimage"},"thumbnailUrl":"https:\/\/www.naturalscience.org\/wp-content\/uploads\/2014\/10\/Jugend-Handys-1-300x200.jpg","datePublished":"2015-07-20T07:39:31+00:00","dateModified":"2022-12-30T11:23:41+00:00","breadcrumb":{"@id":"https:\/\/www.naturalscience.org\/it\/argomenti\/microonde-dispositivi-di-telefonia-mobile\/la-gioventu-i-cellulari\/#breadcrumb"},"inLanguage":"it-IT","potentialAction":[{"@type":"ReadAction","target":["https:\/\/www.naturalscience.org\/it\/argomenti\/microonde-dispositivi-di-telefonia-mobile\/la-gioventu-i-cellulari\/"]}]},{"@type":"ImageObject","inLanguage":"it-IT","@id":"https:\/\/www.naturalscience.org\/it\/argomenti\/microonde-dispositivi-di-telefonia-mobile\/la-gioventu-i-cellulari\/#primaryimage","url":"https:\/\/www.naturalscience.org\/wp-content\/uploads\/2014\/10\/Jugend-Handys-1-300x200.jpg","contentUrl":"https:\/\/www.naturalscience.org\/wp-content\/uploads\/2014\/10\/Jugend-Handys-1-300x200.jpg"},{"@type":"BreadcrumbList","@id":"https:\/\/www.naturalscience.org\/it\/argomenti\/microonde-dispositivi-di-telefonia-mobile\/la-gioventu-i-cellulari\/#breadcrumb","itemListElement":[{"@type":"ListItem","position":1,"name":"Home","item":"https:\/\/www.naturalscience.org\/it\/"},{"@type":"ListItem","position":2,"name":"Argomenti","item":"https:\/\/www.naturalscience.org\/it\/argomenti\/"},{"@type":"ListItem","position":3,"name":"Microonde &#038; dispositivi di telefonia mobile","item":"https:\/\/www.naturalscience.org\/it\/argomenti\/microonde-dispositivi-di-telefonia-mobile\/"},{"@type":"ListItem","position":4,"name":"La giovent\u00f9 &#038; i cellulari"}]},{"@type":"WebSite","@id":"https:\/\/www.naturalscience.org\/#website","url":"https:\/\/www.naturalscience.org\/","name":"The World Foundation for Natural Science","description":"Restoring and Healing the World through Responsibility and Commitment in accord with Natural and Divine Law!","potentialAction":[{"@type":"SearchAction","target":{"@type":"EntryPoint","urlTemplate":"https:\/\/www.naturalscience.org\/?s={search_term_string}"},"query-input":{"@type":"PropertyValueSpecification","valueRequired":true,"valueName":"search_term_string"}}],"inLanguage":"it-IT"}]}},"_links":{"self":[{"href":"https:\/\/www.naturalscience.org\/it\/wp-json\/wp\/v2\/pages\/14756","targetHints":{"allow":["GET"]}}],"collection":[{"href":"https:\/\/www.naturalscience.org\/it\/wp-json\/wp\/v2\/pages"}],"about":[{"href":"https:\/\/www.naturalscience.org\/it\/wp-json\/wp\/v2\/types\/page"}],"author":[{"embeddable":true,"href":"https:\/\/www.naturalscience.org\/it\/wp-json\/wp\/v2\/users\/9"}],"replies":[{"embeddable":true,"href":"https:\/\/www.naturalscience.org\/it\/wp-json\/wp\/v2\/comments?post=14756"}],"version-history":[{"count":14,"href":"https:\/\/www.naturalscience.org\/it\/wp-json\/wp\/v2\/pages\/14756\/revisions"}],"predecessor-version":[{"id":38481,"href":"https:\/\/www.naturalscience.org\/it\/wp-json\/wp\/v2\/pages\/14756\/revisions\/38481"}],"up":[{"embeddable":true,"href":"https:\/\/www.naturalscience.org\/it\/wp-json\/wp\/v2\/pages\/14748"}],"wp:attachment":[{"href":"https:\/\/www.naturalscience.org\/it\/wp-json\/wp\/v2\/media?parent=14756"}],"wp:term":[{"taxonomy":"category","embeddable":true,"href":"https:\/\/www.naturalscience.org\/it\/wp-json\/wp\/v2\/categories?post=14756"}],"curies":[{"name":"wp","href":"https:\/\/api.w.org\/{rel}","templated":true}]}}