{"id":14737,"date":"2015-07-19T15:25:25","date_gmt":"2015-07-19T13:25:25","guid":{"rendered":"http:\/\/www.naturalscience.org\/it\/?page_id=14737"},"modified":"2022-12-13T11:11:31","modified_gmt":"2022-12-13T10:11:31","slug":"adesione","status":"publish","type":"page","link":"https:\/\/www.naturalscience.org\/it\/chi-siamo\/adesione\/","title":{"rendered":"Adesione"},"content":{"rendered":"<p>Come membri della &#8220;Fondazione Mondiale per le Scienze Naturali&#8221; ci sforziamo di studiare i principi di funzionamento della Natura, di includere la ricerca scientifica e di mettere in pratica i risultati ottenuti, nella nostra vita quotidiana. Da questa conoscenza pratica risulta un modo di vivere in armonia con la Natura e le sue leggi.<\/p>\n<p>Noi studiamo cosa fa questo mondo, ci\u00f2 che tiene insieme questo mondo, e ci\u00f2 di cui questo mondo ha bisogno per continuare nel vero spirito per cui e con il quale \u00e8 stato fondato originariamente. Sappiamo che le cose della Natura non succedono indipendentemente tra loro, e la vita attinge da noi proprio come le nostre vite individuali dipendono da TUTTA la vita, perch\u00e9 c&#8217;\u00e8 un effetto a catena in tutto ci\u00f2 che facciamo come esseri umani. &#8220;Quello che faccio ha un effetto su di te, e ci\u00f2 che tu fai ha un effetto su di me.&#8221; Cos\u00ec, se l&#8217;individuo cambia il suo modo di vivere, la vita nel suo insieme cambia di conseguenza. Per questo motivo, noi consideriamo la Natura e tutte le sue creature con amore, gratitudine, apprezzamento e rispetto; e insieme ai nostri membri in tutto il mondo, siamo profondamente impegnati per ripristinare la Legge Naturale e Divina su questo unico pianeta Terra, e per guarire l`uomo e la Natura in accordo con la Legge Naturale e Divina.<\/p>\n<p>Nel nostro mondo, coloro che chiedono continuamente alla Vita &#8220;che cosa hai da offrirmi?&#8221;, se ascoltano, di solito troveranno la vita che risponde, &#8220;che cosa hai tu da dare?&#8221; Pensate a questo. Ci piacerebbe invitare le persone che vogliono vivere una vita sana e naturale e che, insieme a noi, vogliono impegnarsi per il bene, diventando un membro (o anche uno sponsor o benefattore) della &#8220;Fondazione Mondiale per le Scienze Naturali&#8221; firmando l&#8217;impegno annuale d&#8217;adesione.<\/p>\n<p>I membri della &#8220;Fondazione Mondiale per le Scienze Naturali&#8221; approfittano di biglietti d&#8217;ingresso ridotti per tutti i nostri eventi. Gli sponsor hanno diritto all&#8217;ingresso gratuito a tutte le presentazioni ed i benefattori a tutti gli eventi (presentazioni, seminari e al congresso scientifico annuale).<\/p>\n<p style=\"text-align: center;\"><strong><em>&#8220;Ognuno \u00e8 responsabile non solo per ci\u00f2 che fa, <\/em><\/strong><br \/>\n<strong><em>ma anche per ci\u00f2 che non fa.&#8221;<\/em><\/strong><br \/>\n<strong><em>Lao Tse<\/em><\/strong><\/p>\n<p>&nbsp;<\/p>\n<div class=\"text-center\"><a class=\"button radius primary\" style=\"text-decoration: none;\" href=\"https:\/\/www.naturalscience.org\/it\/chi-siamo\/adesione\/dichiarazione-di-adesione\/\"><i class=\" fa fa-angle-right\"><\/i> Dichiarazione di adesione<\/a><\/div>\n","protected":false},"excerpt":{"rendered":"Come membri della &#8220;Fondazione Mondiale per le Scienze Naturali&#8221; ci sforziamo di studiare i principi di funzionamento della Natura, di includere la ricerca scientifica e di mettere in pratica i risultati ottenuti, nella nostra vita quotidiana. Da questa conoscenza pratica risulta un modo di vivere in armonia con la Natura e le sue leggi. Noi [&hellip;]","protected":false},"author":9,"featured_media":0,"parent":14724,"menu_order":59,"comment_status":"closed","ping_status":"closed","template":"","meta":{"_acf_changed":false,"ngg_post_thumbnail":0,"footnotes":""},"categories":[],"class_list":["post-14737","page","type-page","status-publish","hentry","wpautop"],"acf":[],"yoast_head":"<!-- This site is optimized with the Yoast SEO plugin v27.5 - https:\/\/yoast.com\/product\/yoast-seo-wordpress\/ -->\n<title>Adesione - The World Foundation for Natural Science<\/title>\n<meta name=\"robots\" content=\"index, follow, max-snippet:-1, max-image-preview:large, max-video-preview:-1\" \/>\n<link rel=\"canonical\" href=\"https:\/\/www.naturalscience.org\/it\/chi-siamo\/adesione\/\" \/>\n<meta name=\"twitter:label1\" content=\"Tempo di lettura stimato\" \/>\n\t<meta name=\"twitter:data1\" content=\"2 minutes\" \/>\n<script type=\"application\/ld+json\" class=\"yoast-schema-graph\">{\"@context\":\"https:\\\/\\\/schema.org\",\"@graph\":[{\"@type\":\"WebPage\",\"@id\":\"https:\\\/\\\/www.naturalscience.org\\\/it\\\/chi-siamo\\\/adesione\\\/\",\"url\":\"https:\\\/\\\/www.naturalscience.org\\\/it\\\/chi-siamo\\\/adesione\\\/\",\"name\":\"Adesione - The World Foundation for Natural Science\",\"isPartOf\":{\"@id\":\"https:\\\/\\\/www.naturalscience.org\\\/#website\"},\"datePublished\":\"2015-07-19T13:25:25+00:00\",\"dateModified\":\"2022-12-13T10:11:31+00:00\",\"breadcrumb\":{\"@id\":\"https:\\\/\\\/www.naturalscience.org\\\/it\\\/chi-siamo\\\/adesione\\\/#breadcrumb\"},\"inLanguage\":\"it-IT\",\"potentialAction\":[{\"@type\":\"ReadAction\",\"target\":[\"https:\\\/\\\/www.naturalscience.org\\\/it\\\/chi-siamo\\\/adesione\\\/\"]}]},{\"@type\":\"BreadcrumbList\",\"@id\":\"https:\\\/\\\/www.naturalscience.org\\\/it\\\/chi-siamo\\\/adesione\\\/#breadcrumb\",\"itemListElement\":[{\"@type\":\"ListItem\",\"position\":1,\"name\":\"Home\",\"item\":\"https:\\\/\\\/www.naturalscience.org\\\/it\\\/\"},{\"@type\":\"ListItem\",\"position\":2,\"name\":\"Chi siamo\",\"item\":\"https:\\\/\\\/www.naturalscience.org\\\/it\\\/chi-siamo\\\/\"},{\"@type\":\"ListItem\",\"position\":3,\"name\":\"Adesione\"}]},{\"@type\":\"WebSite\",\"@id\":\"https:\\\/\\\/www.naturalscience.org\\\/#website\",\"url\":\"https:\\\/\\\/www.naturalscience.org\\\/\",\"name\":\"The World Foundation for Natural Science\",\"description\":\"Restoring and Healing the World through Responsibility and Commitment in accord with Natural and Divine Law!\",\"potentialAction\":[{\"@type\":\"SearchAction\",\"target\":{\"@type\":\"EntryPoint\",\"urlTemplate\":\"https:\\\/\\\/www.naturalscience.org\\\/?s={search_term_string}\"},\"query-input\":{\"@type\":\"PropertyValueSpecification\",\"valueRequired\":true,\"valueName\":\"search_term_string\"}}],\"inLanguage\":\"it-IT\"}]}<\/script>\n<!-- \/ Yoast SEO plugin. -->","yoast_head_json":{"title":"Adesione - The World Foundation for Natural Science","robots":{"index":"index","follow":"follow","max-snippet":"max-snippet:-1","max-image-preview":"max-image-preview:large","max-video-preview":"max-video-preview:-1"},"canonical":"https:\/\/www.naturalscience.org\/it\/chi-siamo\/adesione\/","twitter_misc":{"Tempo di lettura stimato":"2 minutes"},"schema":{"@context":"https:\/\/schema.org","@graph":[{"@type":"WebPage","@id":"https:\/\/www.naturalscience.org\/it\/chi-siamo\/adesione\/","url":"https:\/\/www.naturalscience.org\/it\/chi-siamo\/adesione\/","name":"Adesione - The World Foundation for Natural Science","isPartOf":{"@id":"https:\/\/www.naturalscience.org\/#website"},"datePublished":"2015-07-19T13:25:25+00:00","dateModified":"2022-12-13T10:11:31+00:00","breadcrumb":{"@id":"https:\/\/www.naturalscience.org\/it\/chi-siamo\/adesione\/#breadcrumb"},"inLanguage":"it-IT","potentialAction":[{"@type":"ReadAction","target":["https:\/\/www.naturalscience.org\/it\/chi-siamo\/adesione\/"]}]},{"@type":"BreadcrumbList","@id":"https:\/\/www.naturalscience.org\/it\/chi-siamo\/adesione\/#breadcrumb","itemListElement":[{"@type":"ListItem","position":1,"name":"Home","item":"https:\/\/www.naturalscience.org\/it\/"},{"@type":"ListItem","position":2,"name":"Chi siamo","item":"https:\/\/www.naturalscience.org\/it\/chi-siamo\/"},{"@type":"ListItem","position":3,"name":"Adesione"}]},{"@type":"WebSite","@id":"https:\/\/www.naturalscience.org\/#website","url":"https:\/\/www.naturalscience.org\/","name":"The World Foundation for Natural Science","description":"Restoring and Healing the World through Responsibility and Commitment in accord with Natural and Divine Law!","potentialAction":[{"@type":"SearchAction","target":{"@type":"EntryPoint","urlTemplate":"https:\/\/www.naturalscience.org\/?s={search_term_string}"},"query-input":{"@type":"PropertyValueSpecification","valueRequired":true,"valueName":"search_term_string"}}],"inLanguage":"it-IT"}]}},"_links":{"self":[{"href":"https:\/\/www.naturalscience.org\/it\/wp-json\/wp\/v2\/pages\/14737","targetHints":{"allow":["GET"]}}],"collection":[{"href":"https:\/\/www.naturalscience.org\/it\/wp-json\/wp\/v2\/pages"}],"about":[{"href":"https:\/\/www.naturalscience.org\/it\/wp-json\/wp\/v2\/types\/page"}],"author":[{"embeddable":true,"href":"https:\/\/www.naturalscience.org\/it\/wp-json\/wp\/v2\/users\/9"}],"replies":[{"embeddable":true,"href":"https:\/\/www.naturalscience.org\/it\/wp-json\/wp\/v2\/comments?post=14737"}],"version-history":[{"count":20,"href":"https:\/\/www.naturalscience.org\/it\/wp-json\/wp\/v2\/pages\/14737\/revisions"}],"predecessor-version":[{"id":38274,"href":"https:\/\/www.naturalscience.org\/it\/wp-json\/wp\/v2\/pages\/14737\/revisions\/38274"}],"up":[{"embeddable":true,"href":"https:\/\/www.naturalscience.org\/it\/wp-json\/wp\/v2\/pages\/14724"}],"wp:attachment":[{"href":"https:\/\/www.naturalscience.org\/it\/wp-json\/wp\/v2\/media?parent=14737"}],"wp:term":[{"taxonomy":"category","embeddable":true,"href":"https:\/\/www.naturalscience.org\/it\/wp-json\/wp\/v2\/categories?post=14737"}],"curies":[{"name":"wp","href":"https:\/\/api.w.org\/{rel}","templated":true}]}}