{"id":14732,"date":"2015-07-19T15:20:24","date_gmt":"2015-07-19T13:20:24","guid":{"rendered":"http:\/\/www.naturalscience.org\/it\/?page_id=14732"},"modified":"2021-01-20T09:39:58","modified_gmt":"2021-01-20T08:39:58","slug":"organizzazione","status":"publish","type":"page","link":"https:\/\/www.naturalscience.org\/it\/chi-siamo\/organizzazione\/","title":{"rendered":"Organizzazione"},"content":{"rendered":"<h2>Sede principale mondiale<\/h2>\n<p><strong>La nostra sede principale mondiale si trova a Washington DC, la capitale degli USA.<\/strong> Qui ha luogo l\u2019orientamento strategico, che viene messo in atto in stretta collaborazione con la sede principale europea.<\/p>\n<p>The World Foundation for Natural Science<br \/>\nWorld Headquarters<br \/>\nPost Office Drawer 16900<br \/>\nWashington, DC 20041<br \/>\nU.S.A.<br \/>\nPhone +1(703)631-1408<br \/>\nFax +1(703)631-1919<br \/>\nE-mail <a href=\"mailto:hq@naturalscience.org\">hq@naturalscience.org<\/a><\/p>\n<h2>Sede principale europea<\/h2>\n<p><strong>La sede principale europea si trova a Lucerna, nel cuore dell\u2019Europa.<\/strong> Da qui coordiniamo le nostre attivit\u00e0 e i nostri eventi, in stretta collaborazione con gli uffici internazionali ed i relativi esperti.&nbsp;In questo compito siamo sostenuti da molti membri onorari.<\/p>\n<p>The World Foundation for Natural Science<br \/>\nEurop\u00e4ischer Hauptsitz<br \/>\nPostfach<br \/>\n6000 Luzern 7<br \/>\nSvizzera<br \/>\nTel. +41(41)798-0398<br \/>\nFax +41(41)798-0399<br \/>\nE-Mail <a href=\"mailto:eu-hq@naturalscience.org\">eu-hq@naturalscience.org<\/a><\/p>\n<h2>Uffici internazionali<\/h2>\n<p><strong>Nei seguenti paesi &#8220;The World Foundation for Natural Science&#8221; \u00e8 rappresentata da agenzie ufficiali.<\/strong><\/p>\n<p>Se nel vostro Paese c\u2019\u00e8 una tale agenzia, vi preghiamo di rivolgervi direttamente al rappresentante competente, per le vostre domande e richieste.<\/p>\n<ul class=\"small-block-grid-1 medium-block-grid-2\">\n<li>\n<h3>Ufficio in Svizzera<\/h3>\n<p>The World Foundation for Natural Science<br \/>\nB\u00fcro f\u00fcr die Schweiz<br \/>\nPostfach<br \/>\n6000 Luzern 7<br \/>\nSvizzera<br \/>\nTel. +41(41)798-0398<br \/>\nFax +41(41)798-0399<br \/>\nE-Mail <a href=\"mailto:eu-hq@naturalscience.org\">eu-hq@naturalscience.org<\/a><\/li>\n<li>\n<h3>Ufficio in Germania<\/h3>\n<p>The World Foundation for Natural Science<br \/>\nB\u00fcro f\u00fcr Deutschland<br \/>\nPostfach 1180<br \/>\n85749 Karlsfeld<br \/>\nDeutschland<br \/>\nTel. +49(89)38157-0590<br \/>\nFax +49(89)38157-0599<br \/>\nE-Mail <a href=\"mailto:de-office@naturalscience.org\">de-office@naturalscience.org<\/a><\/li>\n<li>\n<h3>Ufficio in Austria<\/h3>\n<p>The World Foundation for Natural Science<br \/>\nB\u00fcro f\u00fcr \u00d6sterreich<br \/>\nPostfach 13<br \/>\n4663 Laakirchen<br \/>\n\u00d6sterreich<br \/>\nTel. +43(7613)324-22<br \/>\nFax +43(7613)324-22<br \/>\nE-Mail <a href=\"mailto:at-office@naturalscience.org\">at-office@naturalscience.org<\/a><\/li>\n<li>\n<h3>Ufficio in Nuova Zelanda<\/h3>\n<p>The World Foundation for Natural Science<br \/>\nOffice of New Zealand<br \/>\nP.O Box 131<br \/>\nTaranaki Mail Centre<br \/>\nNew Plymouth 4310<br \/>\nNew Zealand<br \/>\nTel. +64(6)927-4503<br \/>\nE-Mail <a href=\"mailto:nz-office@naturalscience.org\">nz-office@naturalscience.org<\/a><\/li>\n<\/ul>\n","protected":false},"excerpt":{"rendered":"Sede principale mondiale La nostra sede principale mondiale si trova a Washington DC, la capitale degli USA. Qui ha luogo l\u2019orientamento strategico, che viene messo in atto in stretta collaborazione con la sede principale europea. The World Foundation for Natural Science World Headquarters Post Office Drawer 16900 Washington, DC 20041 U.S.A. Phone +1(703)631-1408 Fax +1(703)631-1919 [&hellip;]","protected":false},"author":9,"featured_media":0,"parent":14724,"menu_order":61,"comment_status":"closed","ping_status":"closed","template":"","meta":{"_acf_changed":false,"ngg_post_thumbnail":0,"footnotes":""},"categories":[],"class_list":["post-14732","page","type-page","status-publish","hentry","wpautop"],"acf":[],"yoast_head":"<!-- This site is optimized with the Yoast SEO plugin v27.3 - https:\/\/yoast.com\/product\/yoast-seo-wordpress\/ -->\n<title>Organizzazione - The World Foundation for Natural Science<\/title>\n<meta name=\"robots\" content=\"index, follow, max-snippet:-1, max-image-preview:large, max-video-preview:-1\" \/>\n<link rel=\"canonical\" href=\"https:\/\/www.naturalscience.org\/it\/chi-siamo\/organizzazione\/\" \/>\n<meta name=\"twitter:label1\" content=\"Tempo di lettura stimato\" \/>\n\t<meta name=\"twitter:data1\" content=\"1 minute\" \/>\n<script type=\"application\/ld+json\" class=\"yoast-schema-graph\">{\"@context\":\"https:\\\/\\\/schema.org\",\"@graph\":[{\"@type\":\"WebPage\",\"@id\":\"https:\\\/\\\/www.naturalscience.org\\\/it\\\/chi-siamo\\\/organizzazione\\\/\",\"url\":\"https:\\\/\\\/www.naturalscience.org\\\/it\\\/chi-siamo\\\/organizzazione\\\/\",\"name\":\"Organizzazione - The World Foundation for Natural Science\",\"isPartOf\":{\"@id\":\"https:\\\/\\\/www.naturalscience.org\\\/#website\"},\"datePublished\":\"2015-07-19T13:20:24+00:00\",\"dateModified\":\"2021-01-20T08:39:58+00:00\",\"breadcrumb\":{\"@id\":\"https:\\\/\\\/www.naturalscience.org\\\/it\\\/chi-siamo\\\/organizzazione\\\/#breadcrumb\"},\"inLanguage\":\"it-IT\",\"potentialAction\":[{\"@type\":\"ReadAction\",\"target\":[\"https:\\\/\\\/www.naturalscience.org\\\/it\\\/chi-siamo\\\/organizzazione\\\/\"]}]},{\"@type\":\"BreadcrumbList\",\"@id\":\"https:\\\/\\\/www.naturalscience.org\\\/it\\\/chi-siamo\\\/organizzazione\\\/#breadcrumb\",\"itemListElement\":[{\"@type\":\"ListItem\",\"position\":1,\"name\":\"Home\",\"item\":\"https:\\\/\\\/www.naturalscience.org\\\/it\\\/\"},{\"@type\":\"ListItem\",\"position\":2,\"name\":\"Chi siamo\",\"item\":\"https:\\\/\\\/www.naturalscience.org\\\/it\\\/chi-siamo\\\/\"},{\"@type\":\"ListItem\",\"position\":3,\"name\":\"Organizzazione\"}]},{\"@type\":\"WebSite\",\"@id\":\"https:\\\/\\\/www.naturalscience.org\\\/#website\",\"url\":\"https:\\\/\\\/www.naturalscience.org\\\/\",\"name\":\"The World Foundation for Natural Science\",\"description\":\"Restoring and Healing the World through Responsibility and Commitment in accord with Natural and Divine Law!\",\"potentialAction\":[{\"@type\":\"SearchAction\",\"target\":{\"@type\":\"EntryPoint\",\"urlTemplate\":\"https:\\\/\\\/www.naturalscience.org\\\/?s={search_term_string}\"},\"query-input\":{\"@type\":\"PropertyValueSpecification\",\"valueRequired\":true,\"valueName\":\"search_term_string\"}}],\"inLanguage\":\"it-IT\"}]}<\/script>\n<!-- \/ Yoast SEO plugin. -->","yoast_head_json":{"title":"Organizzazione - The World Foundation for Natural Science","robots":{"index":"index","follow":"follow","max-snippet":"max-snippet:-1","max-image-preview":"max-image-preview:large","max-video-preview":"max-video-preview:-1"},"canonical":"https:\/\/www.naturalscience.org\/it\/chi-siamo\/organizzazione\/","twitter_misc":{"Tempo di lettura stimato":"1 minute"},"schema":{"@context":"https:\/\/schema.org","@graph":[{"@type":"WebPage","@id":"https:\/\/www.naturalscience.org\/it\/chi-siamo\/organizzazione\/","url":"https:\/\/www.naturalscience.org\/it\/chi-siamo\/organizzazione\/","name":"Organizzazione - The World Foundation for Natural Science","isPartOf":{"@id":"https:\/\/www.naturalscience.org\/#website"},"datePublished":"2015-07-19T13:20:24+00:00","dateModified":"2021-01-20T08:39:58+00:00","breadcrumb":{"@id":"https:\/\/www.naturalscience.org\/it\/chi-siamo\/organizzazione\/#breadcrumb"},"inLanguage":"it-IT","potentialAction":[{"@type":"ReadAction","target":["https:\/\/www.naturalscience.org\/it\/chi-siamo\/organizzazione\/"]}]},{"@type":"BreadcrumbList","@id":"https:\/\/www.naturalscience.org\/it\/chi-siamo\/organizzazione\/#breadcrumb","itemListElement":[{"@type":"ListItem","position":1,"name":"Home","item":"https:\/\/www.naturalscience.org\/it\/"},{"@type":"ListItem","position":2,"name":"Chi siamo","item":"https:\/\/www.naturalscience.org\/it\/chi-siamo\/"},{"@type":"ListItem","position":3,"name":"Organizzazione"}]},{"@type":"WebSite","@id":"https:\/\/www.naturalscience.org\/#website","url":"https:\/\/www.naturalscience.org\/","name":"The World Foundation for Natural Science","description":"Restoring and Healing the World through Responsibility and Commitment in accord with Natural and Divine Law!","potentialAction":[{"@type":"SearchAction","target":{"@type":"EntryPoint","urlTemplate":"https:\/\/www.naturalscience.org\/?s={search_term_string}"},"query-input":{"@type":"PropertyValueSpecification","valueRequired":true,"valueName":"search_term_string"}}],"inLanguage":"it-IT"}]}},"_links":{"self":[{"href":"https:\/\/www.naturalscience.org\/it\/wp-json\/wp\/v2\/pages\/14732","targetHints":{"allow":["GET"]}}],"collection":[{"href":"https:\/\/www.naturalscience.org\/it\/wp-json\/wp\/v2\/pages"}],"about":[{"href":"https:\/\/www.naturalscience.org\/it\/wp-json\/wp\/v2\/types\/page"}],"author":[{"embeddable":true,"href":"https:\/\/www.naturalscience.org\/it\/wp-json\/wp\/v2\/users\/9"}],"replies":[{"embeddable":true,"href":"https:\/\/www.naturalscience.org\/it\/wp-json\/wp\/v2\/comments?post=14732"}],"version-history":[{"count":23,"href":"https:\/\/www.naturalscience.org\/it\/wp-json\/wp\/v2\/pages\/14732\/revisions"}],"predecessor-version":[{"id":34363,"href":"https:\/\/www.naturalscience.org\/it\/wp-json\/wp\/v2\/pages\/14732\/revisions\/34363"}],"up":[{"embeddable":true,"href":"https:\/\/www.naturalscience.org\/it\/wp-json\/wp\/v2\/pages\/14724"}],"wp:attachment":[{"href":"https:\/\/www.naturalscience.org\/it\/wp-json\/wp\/v2\/media?parent=14732"}],"wp:term":[{"taxonomy":"category","embeddable":true,"href":"https:\/\/www.naturalscience.org\/it\/wp-json\/wp\/v2\/categories?post=14732"}],"curies":[{"name":"wp","href":"https:\/\/api.w.org\/{rel}","templated":true}]}}