{"id":14714,"date":"2015-07-19T13:28:30","date_gmt":"2015-07-19T11:28:30","guid":{"rendered":"http:\/\/www.naturalscience.org\/it\/?page_id=14714"},"modified":"2015-10-19T20:22:57","modified_gmt":"2015-10-19T18:22:57","slug":"come-potete-aiutare-il-vostro-bambino-nei-rapporti-con-internet-e-con-i-social-media","status":"publish","type":"page","link":"https:\/\/www.naturalscience.org\/it\/argomenti\/salute\/internet-social-media\/come-potete-aiutare-il-vostro-bambino-nei-rapporti-con-internet-e-con-i-social-media\/","title":{"rendered":"Come potete aiutare il vostro bambino nei rapporti con internet e con i social media"},"content":{"rendered":"<p>Qui di seguito abbiamo elencato alcuni consigli per voi ed il vostro bambino, per potervi muovere in internet e nei social media in modo sicuro e consapevoli della vostra responsabilit\u00e0:<\/p>\n<ul>\n<li>Controllare regolarmente le impostazioni di sicurezza e della sfera privata del vostro bambino sui social networks. Cos\u00ec vi assicurerete con certezza, che soltanto gli \u201eamici \u201cpossano vedere i contenuti e le informazioni del bambino.<\/li>\n<li>Utilizzare browser-add-ons gratuiti per bloccare certi siti internet. (Add-ons sono estensioni che vi permettono di utilizzare funzioni complementari del browser). In alternativa ci sono anche dei softwares (a pagamento), che vi permettono per esempio di stabilire i tempi che il bambino pu\u00f2 passare davanti al computer e su internet, di bloccare alcuni siti internet e di sorvegliare il bambino quando \u00e8 davanti al computer. In questo modo saprete sempre che cosa il vostro protetto sta facendo davanti al computer.<\/li>\n<li>Non mettere il computer nella stanza dei bambini. Collocare il PC in un luogo dove il bambino non \u00e8 solo e dove voi potete sempre vedere che cosa sta facendo.<\/li>\n<li>Ritirare ogni sera gli smartphones e i tablets. Nessun bambino ha bisogno del <a href=\"https:\/\/www.naturalscience.org\/it\/argomenti\/microonde-dispositivi-di-telefonia-mobile\/la-gioventu-i-cellulari\/\">cellulare<\/a>, dello smartphone o del tablet nella sua stanza da letto. Inoltre questi dispositivi rappresentano una distrazione enorme e possono disturbare sensibilmente un buon sonno ristoratore.<\/li>\n<li>Rispettare le raccomandazioni dei produttori e gestori dei siti internet riguardante l\u2019et\u00e0 degli utenti. I social networks sono ammessi soltanto dai 13 anni in poi.<\/li>\n<li>Diventate voi stessi \u201camici \u201cdel vostro bambino sulle varie piattaforme, senza essere premurosi in modo imbarazzante ed esagerato.<\/li>\n<li>Spiegare al bambino che internet non dimentica mai. Tutto quello che viene pubblicato in internet rimane, e per sempre! Quindi trattare con precauzione le informazioni private ed intime. Chi oggi \u00e8 un amico, forse domani non lo sar\u00e0 pi\u00f9.<\/li>\n<li>Se ci\u00f2 nonostante il bambino dovesse divenire vittima del cyber mobbing, parlate con gli insegnanti e gli altri genitori. Soprattutto per\u00f2 andate dalla polizia! Mettete assolutamente al sicuro anche le prove (screenshots) delle offese e del materiale diffamante.<\/li>\n<li>Date il buon esempio. Mettete anche voi da parte il vostro smartphone, il tablet e il laptop e passate del tempo con la vostra famiglia.<\/li>\n<li>Introdurre periodi di \u201equality time \u201c, durante i quali non ci si fa disturbare da niente e si rimane soltanto insieme alla famiglia.<\/li>\n<li>Non abbiate timore di conflitti con il vostro bambino. Ascoltate il vostro istinto.<\/li>\n<\/ul>\n","protected":false},"excerpt":{"rendered":"Qui di seguito abbiamo elencato alcuni consigli per voi ed il vostro bambino, per potervi muovere in internet e nei social media in modo sicuro e consapevoli della vostra responsabilit\u00e0: Controllare regolarmente le impostazioni di sicurezza e della sfera privata del vostro bambino sui social networks. Cos\u00ec vi assicurerete con certezza, che soltanto gli \u201eamici [&hellip;]","protected":false},"author":9,"featured_media":0,"parent":14710,"menu_order":15,"comment_status":"closed","ping_status":"closed","template":"","meta":{"_acf_changed":false,"ngg_post_thumbnail":0,"footnotes":""},"categories":[],"class_list":["post-14714","page","type-page","status-publish","hentry","wpautop"],"acf":[],"yoast_head":"<!-- This site is optimized with the Yoast SEO plugin v27.5 - https:\/\/yoast.com\/product\/yoast-seo-wordpress\/ -->\n<title>Come potete aiutare il vostro bambino nei rapporti con internet e con i social media - The World Foundation for Natural Science<\/title>\n<meta name=\"robots\" content=\"index, follow, max-snippet:-1, max-image-preview:large, max-video-preview:-1\" \/>\n<link rel=\"canonical\" href=\"https:\/\/www.naturalscience.org\/it\/argomenti\/salute\/internet-social-media\/come-potete-aiutare-il-vostro-bambino-nei-rapporti-con-internet-e-con-i-social-media\/\" \/>\n<meta name=\"twitter:label1\" content=\"Tempo di lettura stimato\" \/>\n\t<meta name=\"twitter:data1\" content=\"2 minutes\" \/>\n<script type=\"application\/ld+json\" class=\"yoast-schema-graph\">{\"@context\":\"https:\\\/\\\/schema.org\",\"@graph\":[{\"@type\":\"WebPage\",\"@id\":\"https:\\\/\\\/www.naturalscience.org\\\/it\\\/argomenti\\\/salute\\\/internet-social-media\\\/come-potete-aiutare-il-vostro-bambino-nei-rapporti-con-internet-e-con-i-social-media\\\/\",\"url\":\"https:\\\/\\\/www.naturalscience.org\\\/it\\\/argomenti\\\/salute\\\/internet-social-media\\\/come-potete-aiutare-il-vostro-bambino-nei-rapporti-con-internet-e-con-i-social-media\\\/\",\"name\":\"Come potete aiutare il vostro bambino nei rapporti con internet e con i social media - The World Foundation for Natural Science\",\"isPartOf\":{\"@id\":\"https:\\\/\\\/www.naturalscience.org\\\/#website\"},\"datePublished\":\"2015-07-19T11:28:30+00:00\",\"dateModified\":\"2015-10-19T18:22:57+00:00\",\"breadcrumb\":{\"@id\":\"https:\\\/\\\/www.naturalscience.org\\\/it\\\/argomenti\\\/salute\\\/internet-social-media\\\/come-potete-aiutare-il-vostro-bambino-nei-rapporti-con-internet-e-con-i-social-media\\\/#breadcrumb\"},\"inLanguage\":\"it-IT\",\"potentialAction\":[{\"@type\":\"ReadAction\",\"target\":[\"https:\\\/\\\/www.naturalscience.org\\\/it\\\/argomenti\\\/salute\\\/internet-social-media\\\/come-potete-aiutare-il-vostro-bambino-nei-rapporti-con-internet-e-con-i-social-media\\\/\"]}]},{\"@type\":\"BreadcrumbList\",\"@id\":\"https:\\\/\\\/www.naturalscience.org\\\/it\\\/argomenti\\\/salute\\\/internet-social-media\\\/come-potete-aiutare-il-vostro-bambino-nei-rapporti-con-internet-e-con-i-social-media\\\/#breadcrumb\",\"itemListElement\":[{\"@type\":\"ListItem\",\"position\":1,\"name\":\"Home\",\"item\":\"https:\\\/\\\/www.naturalscience.org\\\/it\\\/\"},{\"@type\":\"ListItem\",\"position\":2,\"name\":\"Argomenti\",\"item\":\"https:\\\/\\\/www.naturalscience.org\\\/it\\\/argomenti\\\/\"},{\"@type\":\"ListItem\",\"position\":3,\"name\":\"Salute\",\"item\":\"https:\\\/\\\/www.naturalscience.org\\\/it\\\/argomenti\\\/salute\\\/\"},{\"@type\":\"ListItem\",\"position\":4,\"name\":\"Internet &#038; social media\",\"item\":\"https:\\\/\\\/www.naturalscience.org\\\/it\\\/argomenti\\\/salute\\\/internet-social-media\\\/\"},{\"@type\":\"ListItem\",\"position\":5,\"name\":\"Come potete aiutare il vostro bambino nei rapporti con internet e con i social media\"}]},{\"@type\":\"WebSite\",\"@id\":\"https:\\\/\\\/www.naturalscience.org\\\/#website\",\"url\":\"https:\\\/\\\/www.naturalscience.org\\\/\",\"name\":\"The World Foundation for Natural Science\",\"description\":\"Restoring and Healing the World through Responsibility and Commitment in accord with Natural and Divine Law!\",\"potentialAction\":[{\"@type\":\"SearchAction\",\"target\":{\"@type\":\"EntryPoint\",\"urlTemplate\":\"https:\\\/\\\/www.naturalscience.org\\\/?s={search_term_string}\"},\"query-input\":{\"@type\":\"PropertyValueSpecification\",\"valueRequired\":true,\"valueName\":\"search_term_string\"}}],\"inLanguage\":\"it-IT\"}]}<\/script>\n<!-- \/ Yoast SEO plugin. -->","yoast_head_json":{"title":"Come potete aiutare il vostro bambino nei rapporti con internet e con i social media - The World Foundation for Natural Science","robots":{"index":"index","follow":"follow","max-snippet":"max-snippet:-1","max-image-preview":"max-image-preview:large","max-video-preview":"max-video-preview:-1"},"canonical":"https:\/\/www.naturalscience.org\/it\/argomenti\/salute\/internet-social-media\/come-potete-aiutare-il-vostro-bambino-nei-rapporti-con-internet-e-con-i-social-media\/","twitter_misc":{"Tempo di lettura stimato":"2 minutes"},"schema":{"@context":"https:\/\/schema.org","@graph":[{"@type":"WebPage","@id":"https:\/\/www.naturalscience.org\/it\/argomenti\/salute\/internet-social-media\/come-potete-aiutare-il-vostro-bambino-nei-rapporti-con-internet-e-con-i-social-media\/","url":"https:\/\/www.naturalscience.org\/it\/argomenti\/salute\/internet-social-media\/come-potete-aiutare-il-vostro-bambino-nei-rapporti-con-internet-e-con-i-social-media\/","name":"Come potete aiutare il vostro bambino nei rapporti con internet e con i social media - The World Foundation for Natural Science","isPartOf":{"@id":"https:\/\/www.naturalscience.org\/#website"},"datePublished":"2015-07-19T11:28:30+00:00","dateModified":"2015-10-19T18:22:57+00:00","breadcrumb":{"@id":"https:\/\/www.naturalscience.org\/it\/argomenti\/salute\/internet-social-media\/come-potete-aiutare-il-vostro-bambino-nei-rapporti-con-internet-e-con-i-social-media\/#breadcrumb"},"inLanguage":"it-IT","potentialAction":[{"@type":"ReadAction","target":["https:\/\/www.naturalscience.org\/it\/argomenti\/salute\/internet-social-media\/come-potete-aiutare-il-vostro-bambino-nei-rapporti-con-internet-e-con-i-social-media\/"]}]},{"@type":"BreadcrumbList","@id":"https:\/\/www.naturalscience.org\/it\/argomenti\/salute\/internet-social-media\/come-potete-aiutare-il-vostro-bambino-nei-rapporti-con-internet-e-con-i-social-media\/#breadcrumb","itemListElement":[{"@type":"ListItem","position":1,"name":"Home","item":"https:\/\/www.naturalscience.org\/it\/"},{"@type":"ListItem","position":2,"name":"Argomenti","item":"https:\/\/www.naturalscience.org\/it\/argomenti\/"},{"@type":"ListItem","position":3,"name":"Salute","item":"https:\/\/www.naturalscience.org\/it\/argomenti\/salute\/"},{"@type":"ListItem","position":4,"name":"Internet &#038; social media","item":"https:\/\/www.naturalscience.org\/it\/argomenti\/salute\/internet-social-media\/"},{"@type":"ListItem","position":5,"name":"Come potete aiutare il vostro bambino nei rapporti con internet e con i social media"}]},{"@type":"WebSite","@id":"https:\/\/www.naturalscience.org\/#website","url":"https:\/\/www.naturalscience.org\/","name":"The World Foundation for Natural Science","description":"Restoring and Healing the World through Responsibility and Commitment in accord with Natural and Divine Law!","potentialAction":[{"@type":"SearchAction","target":{"@type":"EntryPoint","urlTemplate":"https:\/\/www.naturalscience.org\/?s={search_term_string}"},"query-input":{"@type":"PropertyValueSpecification","valueRequired":true,"valueName":"search_term_string"}}],"inLanguage":"it-IT"}]}},"_links":{"self":[{"href":"https:\/\/www.naturalscience.org\/it\/wp-json\/wp\/v2\/pages\/14714","targetHints":{"allow":["GET"]}}],"collection":[{"href":"https:\/\/www.naturalscience.org\/it\/wp-json\/wp\/v2\/pages"}],"about":[{"href":"https:\/\/www.naturalscience.org\/it\/wp-json\/wp\/v2\/types\/page"}],"author":[{"embeddable":true,"href":"https:\/\/www.naturalscience.org\/it\/wp-json\/wp\/v2\/users\/9"}],"replies":[{"embeddable":true,"href":"https:\/\/www.naturalscience.org\/it\/wp-json\/wp\/v2\/comments?post=14714"}],"version-history":[{"count":9,"href":"https:\/\/www.naturalscience.org\/it\/wp-json\/wp\/v2\/pages\/14714\/revisions"}],"predecessor-version":[{"id":16261,"href":"https:\/\/www.naturalscience.org\/it\/wp-json\/wp\/v2\/pages\/14714\/revisions\/16261"}],"up":[{"embeddable":true,"href":"https:\/\/www.naturalscience.org\/it\/wp-json\/wp\/v2\/pages\/14710"}],"wp:attachment":[{"href":"https:\/\/www.naturalscience.org\/it\/wp-json\/wp\/v2\/media?parent=14714"}],"wp:term":[{"taxonomy":"category","embeddable":true,"href":"https:\/\/www.naturalscience.org\/it\/wp-json\/wp\/v2\/categories?post=14714"}],"curies":[{"name":"wp","href":"https:\/\/api.w.org\/{rel}","templated":true}]}}