{"id":14710,"date":"2015-07-19T13:19:50","date_gmt":"2015-07-19T11:19:50","guid":{"rendered":"http:\/\/www.naturalscience.org\/it\/?page_id=14710"},"modified":"2022-12-30T11:22:36","modified_gmt":"2022-12-30T10:22:36","slug":"internet-social-media","status":"publish","type":"page","link":"https:\/\/www.naturalscience.org\/it\/argomenti\/salute\/internet-social-media\/","title":{"rendered":"Internet &#038; social media"},"content":{"rendered":"<p>Ancora vent\u2019anni fa, soltanto poche persone potevano immaginarsi che un giorno saremmo stati sempre e dappertutto raggiungibili. Quello che a quei tempi era un&#8217;utopia, oggi \u00e8 la normalit\u00e0; in Svizzera ad esempio, il cento per cento delle famiglie possiede almeno un telefono portabile, e tra i giovani sempre un buon 97%!<\/p>\n<p><img loading=\"lazy\" decoding=\"async\" class=\"wp-image-38409 size-medium alignleft\" src=\"https:\/\/www.naturalscience.org\/wp-content\/uploads\/2022\/12\/Student-with-mobile-phone-300x200.jpg\" alt=\"\" width=\"300\" height=\"200\" srcset=\"https:\/\/www.naturalscience.org\/wp-content\/uploads\/2022\/12\/Student-with-mobile-phone-300x200.jpg 300w, https:\/\/www.naturalscience.org\/wp-content\/uploads\/2022\/12\/Student-with-mobile-phone-1024x683.jpg 1024w, https:\/\/www.naturalscience.org\/wp-content\/uploads\/2022\/12\/Student-with-mobile-phone-768x512.jpg 768w, https:\/\/www.naturalscience.org\/wp-content\/uploads\/2022\/12\/Student-with-mobile-phone-1536x1024.jpg 1536w, https:\/\/www.naturalscience.org\/wp-content\/uploads\/2022\/12\/Student-with-mobile-phone-2048x1365.jpg 2048w, https:\/\/www.naturalscience.org\/wp-content\/uploads\/2022\/12\/Student-with-mobile-phone-164x109.jpg 164w, https:\/\/www.naturalscience.org\/wp-content\/uploads\/2022\/12\/Student-with-mobile-phone-400x267.jpg 400w, https:\/\/www.naturalscience.org\/wp-content\/uploads\/2022\/12\/Student-with-mobile-phone-500x333.jpg 500w\" sizes=\"auto, (max-width: 300px) 100vw, 300px\" \/><\/p>\n<p>I networks sociali sono in piena espansione, come mai prima, e gli utenti diventano sempre pi\u00f9 giovani. <strong>Quattro giovani su cinque dispongono di almeno un account in un \u201esocial network \u201c.<\/strong> Quasi ogni giovane \u00e8 in possesso d\u2019un proprio smartphone e cos\u00ec ha accesso alla vastit\u00e0 di internet, indipendentemente da dove essi si trovino in quel momento. Quello che per\u00f2 pochissimi sanno \u00e8 che internet non era mai stato concepito per il grande pubblico. <strong>Originalmente il world wide web era stato sviluppato e programmato dalle forze armate americane durante il periodo della guerra fredda.<\/strong> Ci\u00f2 nonostante oggi spesso lasciamo negligentemente che i membri pi\u00f9 giovani della nostra societ\u00e0 ci giochino senza controllo.<\/p>\n<div class=\"content-box green-1 width-60 right\">\n<div class=\"content-box-title\">Consigli pratici per l\u2019utilizzo di internet e dei social media:<\/div>\n<div class=\"content-box-body\">\n<ul>\n<li>Spiegate internet ed i suoi lati \u201eoscuri \u201cal vostro bambino. Si pu\u00f2 arrivare ad un utilizzo responsabile di internet e dei social media soltanto se il bambino sa con che cosa entra in relazione.<\/li>\n<li>Accompagnate il vostro bambino su internet (secondo l\u2019et\u00e0), e offrite aiuto. Non lasciatelo senza controllo, anche se non ne sar\u00e0 entusiasta&#8230; <span class=\"more\"><i class=\"fa fa-angle-right \" ><\/i><a title=\"Come potete aiutare il vostro bambino nei rapporti con internet e con i social media\" href=\"https:\/\/www.naturalscience.org\/it\/argomenti\/salute\/internet-social-media\/come-potete-aiutare-il-vostro-bambino-nei-rapporti-con-internet-e-con-i-social-media\/\"> segue<\/a><\/span><\/li>\n<\/ul>\n<\/div>\n<\/div>\n<p>Immaginatevi una citt\u00e0, nella quale ci siano biblioteche, ristoranti, sale cinematografiche e parchi per intrattenersi, ma anche ambienti a luci rosse, quartieri criminali, luoghi di spaccio di droghe ed altri luoghi sospetti. Ci fareste entrare il vostro bambino senza accompagnarlo? Certamente no. Internet per\u00f2 \u00e8 oggi diventata esattamente una citt\u00e0 con luoghi \u201eluminosi \u201ced altri \u201eoscuri \u201c.<\/p>\n<p>Internet \u00e8 un affare da miliardi, motivo per il quale l\u2019industria di internet prende di mira i bambini ed i giovani. Soltanto chi da piccolo cresce con un marchio, una rete sociale e con un accesso ad internet, sar\u00e0 fedele per tutta la vita, o perfino dipendente.&nbsp; Quello di cui tanti utenti non si rendono conto, \u00e8 il fatto che quando qualcosa \u00e8 gratuita, non siamo soltanto dei clienti, ma diventiamo soprattutto un prodotto. <strong>Nel caso dei social networks vendiamo la nostra sfera privata, la nostra vita e la nostra libert\u00e0 personale.<\/strong><\/p>\n<p><strong>Per il loro sano sviluppo i bambini hanno bisogno di un ambiente intatto, che trasmetta valori come l\u2019unit\u00e0 della famiglia, la vera amicizia, la morale, la decenza e soprattutto l\u2019amore e la sicurezza.<\/strong> Purtroppo queste qualit\u00e0 non esistono quasi per niente nei cosiddetti social networks e sempre meno nella nostra societ\u00e0.<\/p>\n<p>&#8220;The World Foundation for Natural Science&#8221; informa i genitori, gli insegnanti, gli adulti e specialmente i bambini ed i giovani sui pericoli di internet e dei social media, ma informa anche come questi nuovi media possano essere utilizzati in modo sensato e responsabile.<\/p>\n\n\n","protected":false},"excerpt":{"rendered":"Ancora vent\u2019anni fa, soltanto poche persone potevano immaginarsi che un giorno saremmo stati sempre e dappertutto raggiungibili. Quello che a quei tempi era un&#8217;utopia, oggi \u00e8 la normalit\u00e0; in Svizzera ad esempio, il cento per cento delle famiglie possiede almeno un telefono portabile, e tra i giovani sempre un buon 97%! I networks sociali sono [&hellip;]","protected":false},"author":9,"featured_media":0,"parent":14652,"menu_order":43,"comment_status":"closed","ping_status":"closed","template":"","meta":{"_acf_changed":false,"ngg_post_thumbnail":0,"footnotes":""},"categories":[141],"class_list":["post-14710","page","type-page","status-publish","hentry","category-internet-social-media-it","wpautop"],"acf":[],"yoast_head":"<!-- This site is optimized with the Yoast SEO plugin v27.6 - https:\/\/yoast.com\/product\/yoast-seo-wordpress\/ -->\n<title>Internet &amp; social media - The World Foundation for Natural Science<\/title>\n<meta name=\"robots\" content=\"index, follow, max-snippet:-1, max-image-preview:large, max-video-preview:-1\" \/>\n<link rel=\"canonical\" href=\"https:\/\/www.naturalscience.org\/it\/argomenti\/salute\/internet-social-media\/\" \/>\n<meta name=\"twitter:label1\" content=\"Tempo di lettura stimato\" \/>\n\t<meta name=\"twitter:data1\" content=\"3 minutes\" \/>\n<script type=\"application\/ld+json\" class=\"yoast-schema-graph\">{\"@context\":\"https:\\\/\\\/schema.org\",\"@graph\":[{\"@type\":\"WebPage\",\"@id\":\"https:\\\/\\\/www.naturalscience.org\\\/it\\\/argomenti\\\/salute\\\/internet-social-media\\\/\",\"url\":\"https:\\\/\\\/www.naturalscience.org\\\/it\\\/argomenti\\\/salute\\\/internet-social-media\\\/\",\"name\":\"Internet & social media - The World Foundation for Natural Science\",\"isPartOf\":{\"@id\":\"https:\\\/\\\/www.naturalscience.org\\\/#website\"},\"primaryImageOfPage\":{\"@id\":\"https:\\\/\\\/www.naturalscience.org\\\/it\\\/argomenti\\\/salute\\\/internet-social-media\\\/#primaryimage\"},\"image\":{\"@id\":\"https:\\\/\\\/www.naturalscience.org\\\/it\\\/argomenti\\\/salute\\\/internet-social-media\\\/#primaryimage\"},\"thumbnailUrl\":\"https:\\\/\\\/www.naturalscience.org\\\/wp-content\\\/uploads\\\/2022\\\/12\\\/Student-with-mobile-phone-300x200.jpg\",\"datePublished\":\"2015-07-19T11:19:50+00:00\",\"dateModified\":\"2022-12-30T10:22:36+00:00\",\"breadcrumb\":{\"@id\":\"https:\\\/\\\/www.naturalscience.org\\\/it\\\/argomenti\\\/salute\\\/internet-social-media\\\/#breadcrumb\"},\"inLanguage\":\"it-IT\",\"potentialAction\":[{\"@type\":\"ReadAction\",\"target\":[\"https:\\\/\\\/www.naturalscience.org\\\/it\\\/argomenti\\\/salute\\\/internet-social-media\\\/\"]}]},{\"@type\":\"ImageObject\",\"inLanguage\":\"it-IT\",\"@id\":\"https:\\\/\\\/www.naturalscience.org\\\/it\\\/argomenti\\\/salute\\\/internet-social-media\\\/#primaryimage\",\"url\":\"https:\\\/\\\/www.naturalscience.org\\\/wp-content\\\/uploads\\\/2022\\\/12\\\/Student-with-mobile-phone-300x200.jpg\",\"contentUrl\":\"https:\\\/\\\/www.naturalscience.org\\\/wp-content\\\/uploads\\\/2022\\\/12\\\/Student-with-mobile-phone-300x200.jpg\"},{\"@type\":\"BreadcrumbList\",\"@id\":\"https:\\\/\\\/www.naturalscience.org\\\/it\\\/argomenti\\\/salute\\\/internet-social-media\\\/#breadcrumb\",\"itemListElement\":[{\"@type\":\"ListItem\",\"position\":1,\"name\":\"Home\",\"item\":\"https:\\\/\\\/www.naturalscience.org\\\/it\\\/\"},{\"@type\":\"ListItem\",\"position\":2,\"name\":\"Argomenti\",\"item\":\"https:\\\/\\\/www.naturalscience.org\\\/it\\\/argomenti\\\/\"},{\"@type\":\"ListItem\",\"position\":3,\"name\":\"Salute\",\"item\":\"https:\\\/\\\/www.naturalscience.org\\\/it\\\/argomenti\\\/salute\\\/\"},{\"@type\":\"ListItem\",\"position\":4,\"name\":\"Internet &#038; social media\"}]},{\"@type\":\"WebSite\",\"@id\":\"https:\\\/\\\/www.naturalscience.org\\\/#website\",\"url\":\"https:\\\/\\\/www.naturalscience.org\\\/\",\"name\":\"The World Foundation for Natural Science\",\"description\":\"Restoring and Healing the World through Responsibility and Commitment in accord with Natural and Divine Law!\",\"potentialAction\":[{\"@type\":\"SearchAction\",\"target\":{\"@type\":\"EntryPoint\",\"urlTemplate\":\"https:\\\/\\\/www.naturalscience.org\\\/?s={search_term_string}\"},\"query-input\":{\"@type\":\"PropertyValueSpecification\",\"valueRequired\":true,\"valueName\":\"search_term_string\"}}],\"inLanguage\":\"it-IT\"}]}<\/script>\n<!-- \/ Yoast SEO plugin. -->","yoast_head_json":{"title":"Internet & social media - The World Foundation for Natural Science","robots":{"index":"index","follow":"follow","max-snippet":"max-snippet:-1","max-image-preview":"max-image-preview:large","max-video-preview":"max-video-preview:-1"},"canonical":"https:\/\/www.naturalscience.org\/it\/argomenti\/salute\/internet-social-media\/","twitter_misc":{"Tempo di lettura stimato":"3 minutes"},"schema":{"@context":"https:\/\/schema.org","@graph":[{"@type":"WebPage","@id":"https:\/\/www.naturalscience.org\/it\/argomenti\/salute\/internet-social-media\/","url":"https:\/\/www.naturalscience.org\/it\/argomenti\/salute\/internet-social-media\/","name":"Internet & social media - The World Foundation for Natural Science","isPartOf":{"@id":"https:\/\/www.naturalscience.org\/#website"},"primaryImageOfPage":{"@id":"https:\/\/www.naturalscience.org\/it\/argomenti\/salute\/internet-social-media\/#primaryimage"},"image":{"@id":"https:\/\/www.naturalscience.org\/it\/argomenti\/salute\/internet-social-media\/#primaryimage"},"thumbnailUrl":"https:\/\/www.naturalscience.org\/wp-content\/uploads\/2022\/12\/Student-with-mobile-phone-300x200.jpg","datePublished":"2015-07-19T11:19:50+00:00","dateModified":"2022-12-30T10:22:36+00:00","breadcrumb":{"@id":"https:\/\/www.naturalscience.org\/it\/argomenti\/salute\/internet-social-media\/#breadcrumb"},"inLanguage":"it-IT","potentialAction":[{"@type":"ReadAction","target":["https:\/\/www.naturalscience.org\/it\/argomenti\/salute\/internet-social-media\/"]}]},{"@type":"ImageObject","inLanguage":"it-IT","@id":"https:\/\/www.naturalscience.org\/it\/argomenti\/salute\/internet-social-media\/#primaryimage","url":"https:\/\/www.naturalscience.org\/wp-content\/uploads\/2022\/12\/Student-with-mobile-phone-300x200.jpg","contentUrl":"https:\/\/www.naturalscience.org\/wp-content\/uploads\/2022\/12\/Student-with-mobile-phone-300x200.jpg"},{"@type":"BreadcrumbList","@id":"https:\/\/www.naturalscience.org\/it\/argomenti\/salute\/internet-social-media\/#breadcrumb","itemListElement":[{"@type":"ListItem","position":1,"name":"Home","item":"https:\/\/www.naturalscience.org\/it\/"},{"@type":"ListItem","position":2,"name":"Argomenti","item":"https:\/\/www.naturalscience.org\/it\/argomenti\/"},{"@type":"ListItem","position":3,"name":"Salute","item":"https:\/\/www.naturalscience.org\/it\/argomenti\/salute\/"},{"@type":"ListItem","position":4,"name":"Internet &#038; social media"}]},{"@type":"WebSite","@id":"https:\/\/www.naturalscience.org\/#website","url":"https:\/\/www.naturalscience.org\/","name":"The World Foundation for Natural Science","description":"Restoring and Healing the World through Responsibility and Commitment in accord with Natural and Divine Law!","potentialAction":[{"@type":"SearchAction","target":{"@type":"EntryPoint","urlTemplate":"https:\/\/www.naturalscience.org\/?s={search_term_string}"},"query-input":{"@type":"PropertyValueSpecification","valueRequired":true,"valueName":"search_term_string"}}],"inLanguage":"it-IT"}]}},"_links":{"self":[{"href":"https:\/\/www.naturalscience.org\/it\/wp-json\/wp\/v2\/pages\/14710","targetHints":{"allow":["GET"]}}],"collection":[{"href":"https:\/\/www.naturalscience.org\/it\/wp-json\/wp\/v2\/pages"}],"about":[{"href":"https:\/\/www.naturalscience.org\/it\/wp-json\/wp\/v2\/types\/page"}],"author":[{"embeddable":true,"href":"https:\/\/www.naturalscience.org\/it\/wp-json\/wp\/v2\/users\/9"}],"replies":[{"embeddable":true,"href":"https:\/\/www.naturalscience.org\/it\/wp-json\/wp\/v2\/comments?post=14710"}],"version-history":[{"count":13,"href":"https:\/\/www.naturalscience.org\/it\/wp-json\/wp\/v2\/pages\/14710\/revisions"}],"predecessor-version":[{"id":38423,"href":"https:\/\/www.naturalscience.org\/it\/wp-json\/wp\/v2\/pages\/14710\/revisions\/38423"}],"up":[{"embeddable":true,"href":"https:\/\/www.naturalscience.org\/it\/wp-json\/wp\/v2\/pages\/14652"}],"wp:attachment":[{"href":"https:\/\/www.naturalscience.org\/it\/wp-json\/wp\/v2\/media?parent=14710"}],"wp:term":[{"taxonomy":"category","embeddable":true,"href":"https:\/\/www.naturalscience.org\/it\/wp-json\/wp\/v2\/categories?post=14710"}],"curies":[{"name":"wp","href":"https:\/\/api.w.org\/{rel}","templated":true}]}}