{"id":14689,"date":"2015-07-17T12:12:37","date_gmt":"2015-07-17T10:12:37","guid":{"rendered":"http:\/\/www.naturalscience.org\/it\/?page_id=14689"},"modified":"2015-10-22T20:54:36","modified_gmt":"2015-10-22T18:54:36","slug":"quello-che-si-puo-fare-per-un-parto-naturale","status":"publish","type":"page","link":"https:\/\/www.naturalscience.org\/it\/argomenti\/salute\/il-parto-naturale\/quello-che-si-puo-fare-per-un-parto-naturale\/","title":{"rendered":"Quello che si pu\u00f2 fare per un parto naturale"},"content":{"rendered":"<ul>\n<li>Frequentare gi\u00e0 all\u2019inizio della gravidanza un\u2019ostetrica esperta, che vi accompagni durante la gravidanza, che vi aiuti durante la preparazione del parto e che vi indirizzi da un ginecologo in caso di necessit\u00e0.<\/li>\n<li>Pretendere che gli esami con gli ultrasuoni vengano fatti soltanto in caso di necessit\u00e0.<\/li>\n<li>Evitare se possibile gli esami con gli ultrasuoni all\u2019inizio della gravidanza e rinunciare agli ultrasuoni di routine.<\/li>\n<li>Durante la gravidanza approfondire coscientemente il contatto con il bambino tramite una preparazione globale al parto come per esempio l&#8217;hypnobirthing o l\u2019haptonomia (scienza del senso del tatto), e chiedere al vostro compagno di accompagnarvi durante queste attivit\u00e0. Approfondire la vostra fiducia nella facolt\u00e0 di partorire il vostro bambino per ridurre cos\u00ec le vostre paure.<\/li>\n<li>Possibilmente pianificare il parto con un\u2019ostetrica \/ un ostetrico di fiducia in un luogo nel quale vi sentite bene e sicure. Esprimete in modo chiaro i vostri desideri e le vostre idee in merito al parto, prima ed anche durante il parto.<\/li>\n<li>Pretendere dall\u2019ostetrica \/ dal medico spazio e tempo per l&#8217;importante legame affettivo fra genitori e bambino dopo il parto.\u00a0 Questo vale soprattutto per un parto in ospedale.<\/li>\n<li>Se programmate un parto in ospedale, richiedere la percentuale di tagli cesarei dell\u2019ospedale scelto, e cercare se possibile un\u2019ostetrica nella quale avete fiducia e che vi accompagner\u00e0 fino al parto.<\/li>\n<li>Informatevi di tutti i provvedimenti di routine per la madre e il bambino, che sono di consuetudine nell\u2019ospedale scelto, e decidete con consapevolezza insieme al vostro compagno quello che volete e quello che non volete.<\/li>\n<li>Procuratevi un\u2019assistente post-parto, o il padre del neonato o un\u2019altra persona di fiducia, che possa assistere la madre e il neonato a casa. Cercate gi\u00e0 prima del parto un\u2019ostetrica che abbia cura di voi durante il periodo del puerperio a casa e vi consigli durante l\u2019allattamento.<\/li>\n<\/ul>\n","protected":false},"excerpt":{"rendered":"Frequentare gi\u00e0 all\u2019inizio della gravidanza un\u2019ostetrica esperta, che vi accompagni durante la gravidanza, che vi aiuti durante la preparazione del parto e che vi indirizzi da un ginecologo in caso di necessit\u00e0. Pretendere che gli esami con gli ultrasuoni vengano fatti soltanto in caso di necessit\u00e0. Evitare se possibile gli esami con gli ultrasuoni all\u2019inizio [&hellip;]","protected":false},"author":9,"featured_media":0,"parent":14684,"menu_order":2,"comment_status":"closed","ping_status":"closed","template":"","meta":{"_acf_changed":false,"ngg_post_thumbnail":0,"footnotes":""},"categories":[],"class_list":["post-14689","page","type-page","status-publish","hentry","wpautop"],"acf":[],"yoast_head":"<!-- This site is optimized with the Yoast SEO plugin v27.5 - https:\/\/yoast.com\/product\/yoast-seo-wordpress\/ -->\n<title>Quello che si pu\u00f2 fare per un parto naturale - The World Foundation for Natural Science<\/title>\n<meta name=\"robots\" content=\"index, follow, max-snippet:-1, max-image-preview:large, max-video-preview:-1\" \/>\n<link rel=\"canonical\" href=\"https:\/\/www.naturalscience.org\/it\/argomenti\/salute\/il-parto-naturale\/quello-che-si-puo-fare-per-un-parto-naturale\/\" \/>\n<meta name=\"twitter:label1\" content=\"Tempo di lettura stimato\" \/>\n\t<meta name=\"twitter:data1\" content=\"2 minutes\" \/>\n<script type=\"application\/ld+json\" class=\"yoast-schema-graph\">{\"@context\":\"https:\\\/\\\/schema.org\",\"@graph\":[{\"@type\":\"WebPage\",\"@id\":\"https:\\\/\\\/www.naturalscience.org\\\/it\\\/argomenti\\\/salute\\\/il-parto-naturale\\\/quello-che-si-puo-fare-per-un-parto-naturale\\\/\",\"url\":\"https:\\\/\\\/www.naturalscience.org\\\/it\\\/argomenti\\\/salute\\\/il-parto-naturale\\\/quello-che-si-puo-fare-per-un-parto-naturale\\\/\",\"name\":\"Quello che si pu\u00f2 fare per un parto naturale - The World Foundation for Natural Science\",\"isPartOf\":{\"@id\":\"https:\\\/\\\/www.naturalscience.org\\\/#website\"},\"datePublished\":\"2015-07-17T10:12:37+00:00\",\"dateModified\":\"2015-10-22T18:54:36+00:00\",\"breadcrumb\":{\"@id\":\"https:\\\/\\\/www.naturalscience.org\\\/it\\\/argomenti\\\/salute\\\/il-parto-naturale\\\/quello-che-si-puo-fare-per-un-parto-naturale\\\/#breadcrumb\"},\"inLanguage\":\"it-IT\",\"potentialAction\":[{\"@type\":\"ReadAction\",\"target\":[\"https:\\\/\\\/www.naturalscience.org\\\/it\\\/argomenti\\\/salute\\\/il-parto-naturale\\\/quello-che-si-puo-fare-per-un-parto-naturale\\\/\"]}]},{\"@type\":\"BreadcrumbList\",\"@id\":\"https:\\\/\\\/www.naturalscience.org\\\/it\\\/argomenti\\\/salute\\\/il-parto-naturale\\\/quello-che-si-puo-fare-per-un-parto-naturale\\\/#breadcrumb\",\"itemListElement\":[{\"@type\":\"ListItem\",\"position\":1,\"name\":\"Home\",\"item\":\"https:\\\/\\\/www.naturalscience.org\\\/it\\\/\"},{\"@type\":\"ListItem\",\"position\":2,\"name\":\"Argomenti\",\"item\":\"https:\\\/\\\/www.naturalscience.org\\\/it\\\/argomenti\\\/\"},{\"@type\":\"ListItem\",\"position\":3,\"name\":\"Salute\",\"item\":\"https:\\\/\\\/www.naturalscience.org\\\/it\\\/argomenti\\\/salute\\\/\"},{\"@type\":\"ListItem\",\"position\":4,\"name\":\"Il parto naturale\",\"item\":\"https:\\\/\\\/www.naturalscience.org\\\/it\\\/argomenti\\\/salute\\\/il-parto-naturale\\\/\"},{\"@type\":\"ListItem\",\"position\":5,\"name\":\"Quello che si pu\u00f2 fare per un parto naturale\"}]},{\"@type\":\"WebSite\",\"@id\":\"https:\\\/\\\/www.naturalscience.org\\\/#website\",\"url\":\"https:\\\/\\\/www.naturalscience.org\\\/\",\"name\":\"The World Foundation for Natural Science\",\"description\":\"Restoring and Healing the World through Responsibility and Commitment in accord with Natural and Divine Law!\",\"potentialAction\":[{\"@type\":\"SearchAction\",\"target\":{\"@type\":\"EntryPoint\",\"urlTemplate\":\"https:\\\/\\\/www.naturalscience.org\\\/?s={search_term_string}\"},\"query-input\":{\"@type\":\"PropertyValueSpecification\",\"valueRequired\":true,\"valueName\":\"search_term_string\"}}],\"inLanguage\":\"it-IT\"}]}<\/script>\n<!-- \/ Yoast SEO plugin. -->","yoast_head_json":{"title":"Quello che si pu\u00f2 fare per un parto naturale - The World Foundation for Natural Science","robots":{"index":"index","follow":"follow","max-snippet":"max-snippet:-1","max-image-preview":"max-image-preview:large","max-video-preview":"max-video-preview:-1"},"canonical":"https:\/\/www.naturalscience.org\/it\/argomenti\/salute\/il-parto-naturale\/quello-che-si-puo-fare-per-un-parto-naturale\/","twitter_misc":{"Tempo di lettura stimato":"2 minutes"},"schema":{"@context":"https:\/\/schema.org","@graph":[{"@type":"WebPage","@id":"https:\/\/www.naturalscience.org\/it\/argomenti\/salute\/il-parto-naturale\/quello-che-si-puo-fare-per-un-parto-naturale\/","url":"https:\/\/www.naturalscience.org\/it\/argomenti\/salute\/il-parto-naturale\/quello-che-si-puo-fare-per-un-parto-naturale\/","name":"Quello che si pu\u00f2 fare per un parto naturale - The World Foundation for Natural Science","isPartOf":{"@id":"https:\/\/www.naturalscience.org\/#website"},"datePublished":"2015-07-17T10:12:37+00:00","dateModified":"2015-10-22T18:54:36+00:00","breadcrumb":{"@id":"https:\/\/www.naturalscience.org\/it\/argomenti\/salute\/il-parto-naturale\/quello-che-si-puo-fare-per-un-parto-naturale\/#breadcrumb"},"inLanguage":"it-IT","potentialAction":[{"@type":"ReadAction","target":["https:\/\/www.naturalscience.org\/it\/argomenti\/salute\/il-parto-naturale\/quello-che-si-puo-fare-per-un-parto-naturale\/"]}]},{"@type":"BreadcrumbList","@id":"https:\/\/www.naturalscience.org\/it\/argomenti\/salute\/il-parto-naturale\/quello-che-si-puo-fare-per-un-parto-naturale\/#breadcrumb","itemListElement":[{"@type":"ListItem","position":1,"name":"Home","item":"https:\/\/www.naturalscience.org\/it\/"},{"@type":"ListItem","position":2,"name":"Argomenti","item":"https:\/\/www.naturalscience.org\/it\/argomenti\/"},{"@type":"ListItem","position":3,"name":"Salute","item":"https:\/\/www.naturalscience.org\/it\/argomenti\/salute\/"},{"@type":"ListItem","position":4,"name":"Il parto naturale","item":"https:\/\/www.naturalscience.org\/it\/argomenti\/salute\/il-parto-naturale\/"},{"@type":"ListItem","position":5,"name":"Quello che si pu\u00f2 fare per un parto naturale"}]},{"@type":"WebSite","@id":"https:\/\/www.naturalscience.org\/#website","url":"https:\/\/www.naturalscience.org\/","name":"The World Foundation for Natural Science","description":"Restoring and Healing the World through Responsibility and Commitment in accord with Natural and Divine Law!","potentialAction":[{"@type":"SearchAction","target":{"@type":"EntryPoint","urlTemplate":"https:\/\/www.naturalscience.org\/?s={search_term_string}"},"query-input":{"@type":"PropertyValueSpecification","valueRequired":true,"valueName":"search_term_string"}}],"inLanguage":"it-IT"}]}},"_links":{"self":[{"href":"https:\/\/www.naturalscience.org\/it\/wp-json\/wp\/v2\/pages\/14689","targetHints":{"allow":["GET"]}}],"collection":[{"href":"https:\/\/www.naturalscience.org\/it\/wp-json\/wp\/v2\/pages"}],"about":[{"href":"https:\/\/www.naturalscience.org\/it\/wp-json\/wp\/v2\/types\/page"}],"author":[{"embeddable":true,"href":"https:\/\/www.naturalscience.org\/it\/wp-json\/wp\/v2\/users\/9"}],"replies":[{"embeddable":true,"href":"https:\/\/www.naturalscience.org\/it\/wp-json\/wp\/v2\/comments?post=14689"}],"version-history":[{"count":6,"href":"https:\/\/www.naturalscience.org\/it\/wp-json\/wp\/v2\/pages\/14689\/revisions"}],"predecessor-version":[{"id":16394,"href":"https:\/\/www.naturalscience.org\/it\/wp-json\/wp\/v2\/pages\/14689\/revisions\/16394"}],"up":[{"embeddable":true,"href":"https:\/\/www.naturalscience.org\/it\/wp-json\/wp\/v2\/pages\/14684"}],"wp:attachment":[{"href":"https:\/\/www.naturalscience.org\/it\/wp-json\/wp\/v2\/media?parent=14689"}],"wp:term":[{"taxonomy":"category","embeddable":true,"href":"https:\/\/www.naturalscience.org\/it\/wp-json\/wp\/v2\/categories?post=14689"}],"curies":[{"name":"wp","href":"https:\/\/api.w.org\/{rel}","templated":true}]}}