{"id":14668,"date":"2015-07-17T11:31:59","date_gmt":"2015-07-17T09:31:59","guid":{"rendered":"http:\/\/www.naturalscience.org\/it\/?page_id=14668"},"modified":"2018-02-09T15:25:50","modified_gmt":"2018-02-09T14:25:50","slug":"fumare","status":"publish","type":"page","link":"https:\/\/www.naturalscience.org\/it\/argomenti\/salute\/fumare\/","title":{"rendered":"Fumare"},"content":{"rendered":"<p><strong><a href=\"https:\/\/www.naturalscience.org\/wp-content\/uploads\/2014\/12\/Rauchen_Arzt.jpg\"><img loading=\"lazy\" decoding=\"async\" class=\"alignright size-medium wp-image-12921\" src=\"https:\/\/www.naturalscience.org\/wp-content\/uploads\/2014\/12\/Rauchen_Arzt-300x183.jpg\" alt=\"Rauchen\" width=\"300\" height=\"183\" srcset=\"https:\/\/www.naturalscience.org\/wp-content\/uploads\/2014\/12\/Rauchen_Arzt-300x183.jpg 300w, https:\/\/www.naturalscience.org\/wp-content\/uploads\/2014\/12\/Rauchen_Arzt-1024x625.jpg 1024w, https:\/\/www.naturalscience.org\/wp-content\/uploads\/2014\/12\/Rauchen_Arzt-164x100.jpg 164w\" sizes=\"auto, (max-width: 300px) 100vw, 300px\" \/><\/a>Fumare \u00e8 diventato in primo luogo un mercato per i giovani, perch\u00e9 il 90% dei nuovi fumatori sono giovani sotto i 20 anni.<\/strong> Campagne preventive, che costano ogni anno milioni, non ottengono l\u2019effetto desiderato, anche perch\u00e9 i produttori industriali di sigarette hanno adattato i loro prodotti al gusto ed al piacere delle giovani generazioni. Comunque un prodotto, che porta intenzionalmente i bambini e gli adolescenti alla dipendenza ed all\u2019assuefazione, non ha posto su questo pianeta. <strong>Noi tutti paghiamo il prezzo per una tolleranza senza senso,<\/strong> con la nostra salute, con la nostra libert\u00e0, con il nostro borsellino o con la nostra vita!<\/p>\n<p>Il fumo uccide ogni anno pi\u00f9 persone che incidenti stradali, delitti, suicidi, stupefacenti ed Aids messi insieme. I costi che ne risultano per il servizio sanitario, solamente per le conseguenze dirette del fumo, ammontano a un quarto del totale dei costi della sanit\u00e0. Se le sigarette fossero dei farmaci non potrebbero mai essere vendute a causa della loro dannosit\u00e0. <strong>La dipendenza da nicotina, con tutte le sue conseguenze, non \u00e8 pi\u00f9 tollerabile.<\/strong> Smettere \u00e8 possibile per tutti, con una strategia ed un sostegno corretto ed individuale.<\/p>\n<div class=\"content-box green-1 width-100\">\n<div class=\"content-box-title\">Consigli pratici per una vita senza fumo:<\/div>\n<div class=\"content-box-body\">\n<ul>\n<li>Rendersi conto che fumare non \u00e8 un\u2019abitudine, ma una dipendenza, la quale prima o poi sicuramente dannegger\u00e0 in modo grave la vostra salute.<\/li>\n<\/ul>\n<ul>\n<li>Comprare un apposito salvadanaio come ulteriore incentivo, ed inserire per almeno un anno la somma di denaro che prima si spendeva per il fumo. Dopo 12 mesi sarete contenti\u2026 <span class=\"more\"><i class=\"fa fa-angle-right \" ><\/i> <a title=\"Smettere di fumare: Quello che si pu\u00f2 fare\" href=\"https:\/\/www.naturalscience.org\/it\/argomenti\/salute\/fumare\/smettere-di-fumare-quello-che-si-puo-fare\/\">segue<\/a><\/span><\/li>\n<\/ul>\n<\/div>\n<\/div>\n\n\n","protected":false},"excerpt":{"rendered":"Fumare \u00e8 diventato in primo luogo un mercato per i giovani, perch\u00e9 il 90% dei nuovi fumatori sono giovani sotto i 20 anni. Campagne preventive, che costano ogni anno milioni, non ottengono l\u2019effetto desiderato, anche perch\u00e9 i produttori industriali di sigarette hanno adattato i loro prodotti al gusto ed al piacere delle giovani generazioni. Comunque [&hellip;]","protected":false},"author":9,"featured_media":0,"parent":14652,"menu_order":15,"comment_status":"closed","ping_status":"closed","template":"","meta":{"_acf_changed":false,"ngg_post_thumbnail":0,"footnotes":""},"categories":[136],"class_list":["post-14668","page","type-page","status-publish","hentry","category-fumare","wpautop"],"acf":[],"yoast_head":"<!-- This site is optimized with the Yoast SEO plugin v27.5 - https:\/\/yoast.com\/product\/yoast-seo-wordpress\/ -->\n<title>Fumare - The World Foundation for Natural Science<\/title>\n<meta name=\"robots\" content=\"index, follow, max-snippet:-1, max-image-preview:large, max-video-preview:-1\" \/>\n<link rel=\"canonical\" href=\"https:\/\/www.naturalscience.org\/it\/argomenti\/salute\/fumare\/\" \/>\n<meta name=\"twitter:label1\" content=\"Tempo di lettura stimato\" \/>\n\t<meta name=\"twitter:data1\" content=\"1 minute\" \/>\n<script type=\"application\/ld+json\" class=\"yoast-schema-graph\">{\"@context\":\"https:\\\/\\\/schema.org\",\"@graph\":[{\"@type\":\"WebPage\",\"@id\":\"https:\\\/\\\/www.naturalscience.org\\\/it\\\/argomenti\\\/salute\\\/fumare\\\/\",\"url\":\"https:\\\/\\\/www.naturalscience.org\\\/it\\\/argomenti\\\/salute\\\/fumare\\\/\",\"name\":\"Fumare - The World Foundation for Natural Science\",\"isPartOf\":{\"@id\":\"https:\\\/\\\/www.naturalscience.org\\\/#website\"},\"primaryImageOfPage\":{\"@id\":\"https:\\\/\\\/www.naturalscience.org\\\/it\\\/argomenti\\\/salute\\\/fumare\\\/#primaryimage\"},\"image\":{\"@id\":\"https:\\\/\\\/www.naturalscience.org\\\/it\\\/argomenti\\\/salute\\\/fumare\\\/#primaryimage\"},\"thumbnailUrl\":\"https:\\\/\\\/www.naturalscience.org\\\/wp-content\\\/uploads\\\/2014\\\/12\\\/Rauchen_Arzt-300x183.jpg\",\"datePublished\":\"2015-07-17T09:31:59+00:00\",\"dateModified\":\"2018-02-09T14:25:50+00:00\",\"breadcrumb\":{\"@id\":\"https:\\\/\\\/www.naturalscience.org\\\/it\\\/argomenti\\\/salute\\\/fumare\\\/#breadcrumb\"},\"inLanguage\":\"it-IT\",\"potentialAction\":[{\"@type\":\"ReadAction\",\"target\":[\"https:\\\/\\\/www.naturalscience.org\\\/it\\\/argomenti\\\/salute\\\/fumare\\\/\"]}]},{\"@type\":\"ImageObject\",\"inLanguage\":\"it-IT\",\"@id\":\"https:\\\/\\\/www.naturalscience.org\\\/it\\\/argomenti\\\/salute\\\/fumare\\\/#primaryimage\",\"url\":\"https:\\\/\\\/www.naturalscience.org\\\/wp-content\\\/uploads\\\/2014\\\/12\\\/Rauchen_Arzt-300x183.jpg\",\"contentUrl\":\"https:\\\/\\\/www.naturalscience.org\\\/wp-content\\\/uploads\\\/2014\\\/12\\\/Rauchen_Arzt-300x183.jpg\"},{\"@type\":\"BreadcrumbList\",\"@id\":\"https:\\\/\\\/www.naturalscience.org\\\/it\\\/argomenti\\\/salute\\\/fumare\\\/#breadcrumb\",\"itemListElement\":[{\"@type\":\"ListItem\",\"position\":1,\"name\":\"Home\",\"item\":\"https:\\\/\\\/www.naturalscience.org\\\/it\\\/\"},{\"@type\":\"ListItem\",\"position\":2,\"name\":\"Argomenti\",\"item\":\"https:\\\/\\\/www.naturalscience.org\\\/it\\\/argomenti\\\/\"},{\"@type\":\"ListItem\",\"position\":3,\"name\":\"Salute\",\"item\":\"https:\\\/\\\/www.naturalscience.org\\\/it\\\/argomenti\\\/salute\\\/\"},{\"@type\":\"ListItem\",\"position\":4,\"name\":\"Fumare\"}]},{\"@type\":\"WebSite\",\"@id\":\"https:\\\/\\\/www.naturalscience.org\\\/#website\",\"url\":\"https:\\\/\\\/www.naturalscience.org\\\/\",\"name\":\"The World Foundation for Natural Science\",\"description\":\"Restoring and Healing the World through Responsibility and Commitment in accord with Natural and Divine Law!\",\"potentialAction\":[{\"@type\":\"SearchAction\",\"target\":{\"@type\":\"EntryPoint\",\"urlTemplate\":\"https:\\\/\\\/www.naturalscience.org\\\/?s={search_term_string}\"},\"query-input\":{\"@type\":\"PropertyValueSpecification\",\"valueRequired\":true,\"valueName\":\"search_term_string\"}}],\"inLanguage\":\"it-IT\"}]}<\/script>\n<!-- \/ Yoast SEO plugin. -->","yoast_head_json":{"title":"Fumare - The World Foundation for Natural Science","robots":{"index":"index","follow":"follow","max-snippet":"max-snippet:-1","max-image-preview":"max-image-preview:large","max-video-preview":"max-video-preview:-1"},"canonical":"https:\/\/www.naturalscience.org\/it\/argomenti\/salute\/fumare\/","twitter_misc":{"Tempo di lettura stimato":"1 minute"},"schema":{"@context":"https:\/\/schema.org","@graph":[{"@type":"WebPage","@id":"https:\/\/www.naturalscience.org\/it\/argomenti\/salute\/fumare\/","url":"https:\/\/www.naturalscience.org\/it\/argomenti\/salute\/fumare\/","name":"Fumare - The World Foundation for Natural Science","isPartOf":{"@id":"https:\/\/www.naturalscience.org\/#website"},"primaryImageOfPage":{"@id":"https:\/\/www.naturalscience.org\/it\/argomenti\/salute\/fumare\/#primaryimage"},"image":{"@id":"https:\/\/www.naturalscience.org\/it\/argomenti\/salute\/fumare\/#primaryimage"},"thumbnailUrl":"https:\/\/www.naturalscience.org\/wp-content\/uploads\/2014\/12\/Rauchen_Arzt-300x183.jpg","datePublished":"2015-07-17T09:31:59+00:00","dateModified":"2018-02-09T14:25:50+00:00","breadcrumb":{"@id":"https:\/\/www.naturalscience.org\/it\/argomenti\/salute\/fumare\/#breadcrumb"},"inLanguage":"it-IT","potentialAction":[{"@type":"ReadAction","target":["https:\/\/www.naturalscience.org\/it\/argomenti\/salute\/fumare\/"]}]},{"@type":"ImageObject","inLanguage":"it-IT","@id":"https:\/\/www.naturalscience.org\/it\/argomenti\/salute\/fumare\/#primaryimage","url":"https:\/\/www.naturalscience.org\/wp-content\/uploads\/2014\/12\/Rauchen_Arzt-300x183.jpg","contentUrl":"https:\/\/www.naturalscience.org\/wp-content\/uploads\/2014\/12\/Rauchen_Arzt-300x183.jpg"},{"@type":"BreadcrumbList","@id":"https:\/\/www.naturalscience.org\/it\/argomenti\/salute\/fumare\/#breadcrumb","itemListElement":[{"@type":"ListItem","position":1,"name":"Home","item":"https:\/\/www.naturalscience.org\/it\/"},{"@type":"ListItem","position":2,"name":"Argomenti","item":"https:\/\/www.naturalscience.org\/it\/argomenti\/"},{"@type":"ListItem","position":3,"name":"Salute","item":"https:\/\/www.naturalscience.org\/it\/argomenti\/salute\/"},{"@type":"ListItem","position":4,"name":"Fumare"}]},{"@type":"WebSite","@id":"https:\/\/www.naturalscience.org\/#website","url":"https:\/\/www.naturalscience.org\/","name":"The World Foundation for Natural Science","description":"Restoring and Healing the World through Responsibility and Commitment in accord with Natural and Divine Law!","potentialAction":[{"@type":"SearchAction","target":{"@type":"EntryPoint","urlTemplate":"https:\/\/www.naturalscience.org\/?s={search_term_string}"},"query-input":{"@type":"PropertyValueSpecification","valueRequired":true,"valueName":"search_term_string"}}],"inLanguage":"it-IT"}]}},"_links":{"self":[{"href":"https:\/\/www.naturalscience.org\/it\/wp-json\/wp\/v2\/pages\/14668","targetHints":{"allow":["GET"]}}],"collection":[{"href":"https:\/\/www.naturalscience.org\/it\/wp-json\/wp\/v2\/pages"}],"about":[{"href":"https:\/\/www.naturalscience.org\/it\/wp-json\/wp\/v2\/types\/page"}],"author":[{"embeddable":true,"href":"https:\/\/www.naturalscience.org\/it\/wp-json\/wp\/v2\/users\/9"}],"replies":[{"embeddable":true,"href":"https:\/\/www.naturalscience.org\/it\/wp-json\/wp\/v2\/comments?post=14668"}],"version-history":[{"count":13,"href":"https:\/\/www.naturalscience.org\/it\/wp-json\/wp\/v2\/pages\/14668\/revisions"}],"predecessor-version":[{"id":26820,"href":"https:\/\/www.naturalscience.org\/it\/wp-json\/wp\/v2\/pages\/14668\/revisions\/26820"}],"up":[{"embeddable":true,"href":"https:\/\/www.naturalscience.org\/it\/wp-json\/wp\/v2\/pages\/14652"}],"wp:attachment":[{"href":"https:\/\/www.naturalscience.org\/it\/wp-json\/wp\/v2\/media?parent=14668"}],"wp:term":[{"taxonomy":"category","embeddable":true,"href":"https:\/\/www.naturalscience.org\/it\/wp-json\/wp\/v2\/categories?post=14668"}],"curies":[{"name":"wp","href":"https:\/\/api.w.org\/{rel}","templated":true}]}}