{"id":42661,"date":"2025-09-10T18:05:40","date_gmt":"2025-09-10T16:05:40","guid":{"rendered":"https:\/\/www.naturalscience.org\/?page_id=42661"},"modified":"2025-09-10T18:05:40","modified_gmt":"2025-09-10T16:05:40","slug":"retrospective","status":"publish","type":"page","link":"https:\/\/www.naturalscience.org\/fr\/congress-2024\/retrospective\/","title":{"rendered":"R\u00e9trospective"},"content":{"rendered":"<div class=\"landingpage-header text-center\">\n<div style=\"font-size: 18px;\">R\u00e9trospective<\/div>\n<h1 style=\"font-size: 30px;\">27\u00e8me Congr\u00e8s Mondial International<br \/>&nbsp;\u00abNouvelles Perspectives Scientifiques\u00bb<\/h1>\n<div style=\"font-size: 18px; margin-top: 10px;\">du jeudi 28 novembre au dimanche 1er d\u00e9cembre 2024<\/div>\n<\/div>\nngg_shortcode_0_placeholder\n","protected":false},"excerpt":{"rendered":"R\u00e9trospective 27\u00e8me Congr\u00e8s Mondial International&nbsp;\u00abNouvelles Perspectives Scientifiques\u00bb du jeudi 28 novembre au dimanche 1er d\u00e9cembre 2024","protected":false},"author":14,"featured_media":0,"parent":41318,"menu_order":1,"comment_status":"closed","ping_status":"closed","template":"page-full.php","meta":{"_acf_changed":false,"ngg_post_thumbnail":0,"footnotes":""},"categories":[],"class_list":["post-42661","page","type-page","status-publish","hentry","wpautop"],"acf":[],"yoast_head":"<!-- This site is optimized with the Yoast SEO plugin v27.4 - https:\/\/yoast.com\/product\/yoast-seo-wordpress\/ -->\n<title>R\u00e9trospective - The World Foundation for Natural Science<\/title>\n<meta name=\"robots\" content=\"index, follow, max-snippet:-1, max-image-preview:large, max-video-preview:-1\" \/>\n<link rel=\"canonical\" href=\"https:\/\/www.naturalscience.org\/fr\/congress-2024\/retrospective\/\" \/>\n<meta name=\"twitter:label1\" content=\"Dur\u00e9e de lecture estim\u00e9e\" \/>\n\t<meta name=\"twitter:data1\" content=\"1 minute\" \/>\n<script type=\"application\/ld+json\" class=\"yoast-schema-graph\">{\"@context\":\"https:\\\/\\\/schema.org\",\"@graph\":[{\"@type\":\"WebPage\",\"@id\":\"https:\\\/\\\/www.naturalscience.org\\\/fr\\\/congress-2024\\\/retrospective\\\/\",\"url\":\"https:\\\/\\\/www.naturalscience.org\\\/fr\\\/congress-2024\\\/retrospective\\\/\",\"name\":\"R\u00e9trospective - The World Foundation for Natural Science\",\"isPartOf\":{\"@id\":\"https:\\\/\\\/www.naturalscience.org\\\/#website\"},\"datePublished\":\"2025-09-10T16:05:40+00:00\",\"breadcrumb\":{\"@id\":\"https:\\\/\\\/www.naturalscience.org\\\/fr\\\/congress-2024\\\/retrospective\\\/#breadcrumb\"},\"inLanguage\":\"fr-FR\",\"potentialAction\":[{\"@type\":\"ReadAction\",\"target\":[\"https:\\\/\\\/www.naturalscience.org\\\/fr\\\/congress-2024\\\/retrospective\\\/\"]}]},{\"@type\":\"BreadcrumbList\",\"@id\":\"https:\\\/\\\/www.naturalscience.org\\\/fr\\\/congress-2024\\\/retrospective\\\/#breadcrumb\",\"itemListElement\":[{\"@type\":\"ListItem\",\"position\":1,\"name\":\"Home\",\"item\":\"https:\\\/\\\/www.naturalscience.org\\\/fr\\\/\"},{\"@type\":\"ListItem\",\"position\":2,\"name\":\"27\u00e8me Congr\u00e8s Mondial International&nbsp;\u00ab&nbsp;Nouvelles Perspectives Scientifiques&nbsp;\u00bb\",\"item\":\"https:\\\/\\\/www.naturalscience.org\\\/fr\\\/congress-2024\\\/\"},{\"@type\":\"ListItem\",\"position\":3,\"name\":\"R\u00e9trospective\"}]},{\"@type\":\"WebSite\",\"@id\":\"https:\\\/\\\/www.naturalscience.org\\\/#website\",\"url\":\"https:\\\/\\\/www.naturalscience.org\\\/\",\"name\":\"The World Foundation for Natural Science\",\"description\":\"Restoring and Healing the World through Responsibility and Commitment in accord with Natural and Divine Law!\",\"potentialAction\":[{\"@type\":\"SearchAction\",\"target\":{\"@type\":\"EntryPoint\",\"urlTemplate\":\"https:\\\/\\\/www.naturalscience.org\\\/?s={search_term_string}\"},\"query-input\":{\"@type\":\"PropertyValueSpecification\",\"valueRequired\":true,\"valueName\":\"search_term_string\"}}],\"inLanguage\":\"fr-FR\"}]}<\/script>\n<!-- \/ Yoast SEO plugin. -->","yoast_head_json":{"title":"R\u00e9trospective - The World Foundation for Natural Science","robots":{"index":"index","follow":"follow","max-snippet":"max-snippet:-1","max-image-preview":"max-image-preview:large","max-video-preview":"max-video-preview:-1"},"canonical":"https:\/\/www.naturalscience.org\/fr\/congress-2024\/retrospective\/","twitter_misc":{"Dur\u00e9e de lecture estim\u00e9e":"1 minute"},"schema":{"@context":"https:\/\/schema.org","@graph":[{"@type":"WebPage","@id":"https:\/\/www.naturalscience.org\/fr\/congress-2024\/retrospective\/","url":"https:\/\/www.naturalscience.org\/fr\/congress-2024\/retrospective\/","name":"R\u00e9trospective - The World Foundation for Natural Science","isPartOf":{"@id":"https:\/\/www.naturalscience.org\/#website"},"datePublished":"2025-09-10T16:05:40+00:00","breadcrumb":{"@id":"https:\/\/www.naturalscience.org\/fr\/congress-2024\/retrospective\/#breadcrumb"},"inLanguage":"fr-FR","potentialAction":[{"@type":"ReadAction","target":["https:\/\/www.naturalscience.org\/fr\/congress-2024\/retrospective\/"]}]},{"@type":"BreadcrumbList","@id":"https:\/\/www.naturalscience.org\/fr\/congress-2024\/retrospective\/#breadcrumb","itemListElement":[{"@type":"ListItem","position":1,"name":"Home","item":"https:\/\/www.naturalscience.org\/fr\/"},{"@type":"ListItem","position":2,"name":"27\u00e8me Congr\u00e8s Mondial International&nbsp;\u00ab&nbsp;Nouvelles Perspectives Scientifiques&nbsp;\u00bb","item":"https:\/\/www.naturalscience.org\/fr\/congress-2024\/"},{"@type":"ListItem","position":3,"name":"R\u00e9trospective"}]},{"@type":"WebSite","@id":"https:\/\/www.naturalscience.org\/#website","url":"https:\/\/www.naturalscience.org\/","name":"The World Foundation for Natural Science","description":"Restoring and Healing the World through Responsibility and Commitment in accord with Natural and Divine Law!","potentialAction":[{"@type":"SearchAction","target":{"@type":"EntryPoint","urlTemplate":"https:\/\/www.naturalscience.org\/?s={search_term_string}"},"query-input":{"@type":"PropertyValueSpecification","valueRequired":true,"valueName":"search_term_string"}}],"inLanguage":"fr-FR"}]}},"_links":{"self":[{"href":"https:\/\/www.naturalscience.org\/fr\/wp-json\/wp\/v2\/pages\/42661","targetHints":{"allow":["GET"]}}],"collection":[{"href":"https:\/\/www.naturalscience.org\/fr\/wp-json\/wp\/v2\/pages"}],"about":[{"href":"https:\/\/www.naturalscience.org\/fr\/wp-json\/wp\/v2\/types\/page"}],"author":[{"embeddable":true,"href":"https:\/\/www.naturalscience.org\/fr\/wp-json\/wp\/v2\/users\/14"}],"replies":[{"embeddable":true,"href":"https:\/\/www.naturalscience.org\/fr\/wp-json\/wp\/v2\/comments?post=42661"}],"version-history":[{"count":2,"href":"https:\/\/www.naturalscience.org\/fr\/wp-json\/wp\/v2\/pages\/42661\/revisions"}],"predecessor-version":[{"id":42666,"href":"https:\/\/www.naturalscience.org\/fr\/wp-json\/wp\/v2\/pages\/42661\/revisions\/42666"}],"up":[{"embeddable":true,"href":"https:\/\/www.naturalscience.org\/fr\/wp-json\/wp\/v2\/pages\/41318"}],"wp:attachment":[{"href":"https:\/\/www.naturalscience.org\/fr\/wp-json\/wp\/v2\/media?parent=42661"}],"wp:term":[{"taxonomy":"category","embeddable":true,"href":"https:\/\/www.naturalscience.org\/fr\/wp-json\/wp\/v2\/categories?post=42661"}],"curies":[{"name":"wp","href":"https:\/\/api.w.org\/{rel}","templated":true}]}}