{"id":41318,"date":"2024-10-30T09:31:55","date_gmt":"2024-10-30T08:31:55","guid":{"rendered":"https:\/\/www.naturalscience.org\/?page_id=41318"},"modified":"2024-11-07T17:42:39","modified_gmt":"2024-11-07T16:42:39","slug":"congress-2024","status":"publish","type":"page","link":"https:\/\/www.naturalscience.org\/fr\/congress-2024\/","title":{"rendered":"27\u00e8me  Congr\u00e8s Mondial International&nbsp;\u00ab&nbsp;Nouvelles Perspectives Scientifiques&nbsp;\u00bb"},"content":{"rendered":"<div class=\"small-24 medium-8 columns text-center\">\n<div class=\"document-wrapper\">\n<p><a href=\"https:\/\/www.naturalscience.org\/wp-content\/uploads\/2024\/11\/01-EN2024-11-05NSOC-2024INVITE.pdf\" target=\"_blank\" rel=\"noopener noreferrer\"><img loading=\"lazy\" decoding=\"async\" class=\"alignnone size-size-400 wp-image-31154\" src=\"https:\/\/www.naturalscience.org\/wp-content\/uploads\/2024\/11\/01-EN2024-11-05NSOC-2024INVITE1P-232x300.jpg\" alt=\"\" width=\"304\" height=\"400\"><\/a><\/p>\n<div class=\"button-outer\">\n<div class=\"button-inner\"><a class=\"button radius\" href=\"https:\/\/www.naturalscience.org\/wp-content\/uploads\/2024\/11\/01-EN2024-11-05NSOC-2024INVITE.pdf\" target=\"_blank\" rel=\"noopener noreferrer\">Lettre d&rsquo;invitation <small>(anglais)<\/small><\/a><\/div>\n<\/div>\n<\/div>\n<\/div>\n<div class=\"small-24 medium-16 columns\" style=\"margin-top: 24px;\">\n<p>Vous pouvez d\u00e8s \u00e0 pr\u00e9sent vous inscrire \u00e0 ce congr\u00e8s unique, qui se tiendra \u00e0 Francfort, en Allemagne, du <strong>jeudi 28 novembre 2024 au dimanche 1er d\u00e9cembre 2024<\/strong>.<\/p>\n<p>Pour plus d&rsquo;informations, veuillez lire la lettre d&rsquo;invitation de notre Pr\u00e9sident pour l&rsquo;Europe.<\/p>\n<p>Nous vous demandons de bien vouloir vous inscrire avant le mercredi 6 novembre 2024. Si vous ne pouvez participer qu&rsquo;\u00e0 certaines journ\u00e9es ou demi-journ\u00e9es du congr\u00e8s, veuillez nous contacter par t\u00e9l\u00e9phone au +41 (41)798-0398.<\/p>\n<p>Nous nous r\u00e9jouissons d&rsquo;ores et d\u00e9j\u00e0 de vous accueillir prochainement&nbsp;!<\/p>\n<div class=\"text-center\" style=\"margin: 50px 0;\"><a class=\"button radius register\" href=\"https:\/\/www.naturalscience.org\/congress-2024\/registration\/\"><i class=\"fa fa-hand-o-right \" ><\/i> S&rsquo;inscrire<\/a><\/div>\n<div class=\"text-center\" style=\"margin: 50px 0;\"><a class=\"button radius small\" href=\"https:\/\/www.naturalscience.org\/congress-2024\/hotel\/\"><i class=\"fa fa-bed\"><\/i> R\u00e9servation de chambre d&rsquo;h\u00f4tel<\/a><\/div>\n","protected":false},"excerpt":{"rendered":"Lettre d&rsquo;invitation (anglais) Vous pouvez d\u00e8s \u00e0 pr\u00e9sent vous inscrire \u00e0 ce congr\u00e8s unique, qui se tiendra \u00e0 Francfort, en Allemagne, du jeudi 28 novembre 2024 au dimanche 1er d\u00e9cembre 2024. Pour plus d&rsquo;informations, veuillez lire la lettre d&rsquo;invitation de notre Pr\u00e9sident pour l&rsquo;Europe. Nous vous demandons de bien vouloir vous inscrire avant le mercredi [&hellip;]","protected":false},"author":14,"featured_media":0,"parent":0,"menu_order":0,"comment_status":"closed","ping_status":"closed","template":"page-full.php","meta":{"_acf_changed":false,"ngg_post_thumbnail":0,"footnotes":""},"categories":[],"class_list":["post-41318","page","type-page","status-publish","hentry","wpautop"],"acf":[],"yoast_head":"<!-- This site is optimized with the Yoast SEO plugin v27.5 - https:\/\/yoast.com\/product\/yoast-seo-wordpress\/ -->\n<title>27\u00e8me Congr\u00e8s Mondial International \u00ab Nouvelles Perspectives Scientifiques \u00bb - The World Foundation for Natural Science<\/title>\n<meta name=\"robots\" content=\"index, follow, max-snippet:-1, max-image-preview:large, max-video-preview:-1\" \/>\n<link rel=\"canonical\" href=\"https:\/\/www.naturalscience.org\/fr\/congress-2024\/\" \/>\n<meta name=\"twitter:label1\" content=\"Dur\u00e9e de lecture estim\u00e9e\" \/>\n\t<meta name=\"twitter:data1\" content=\"1 minute\" \/>\n<script type=\"application\/ld+json\" class=\"yoast-schema-graph\">{\"@context\":\"https:\\\/\\\/schema.org\",\"@graph\":[{\"@type\":\"WebPage\",\"@id\":\"https:\\\/\\\/www.naturalscience.org\\\/fr\\\/congress-2024\\\/\",\"url\":\"https:\\\/\\\/www.naturalscience.org\\\/fr\\\/congress-2024\\\/\",\"name\":\"27\u00e8me Congr\u00e8s Mondial International \u00ab Nouvelles Perspectives Scientifiques \u00bb - The World Foundation for Natural Science\",\"isPartOf\":{\"@id\":\"https:\\\/\\\/www.naturalscience.org\\\/#website\"},\"primaryImageOfPage\":{\"@id\":\"https:\\\/\\\/www.naturalscience.org\\\/fr\\\/congress-2024\\\/#primaryimage\"},\"image\":{\"@id\":\"https:\\\/\\\/www.naturalscience.org\\\/fr\\\/congress-2024\\\/#primaryimage\"},\"thumbnailUrl\":\"https:\\\/\\\/www.naturalscience.org\\\/wp-content\\\/uploads\\\/2024\\\/11\\\/01-EN2024-11-05NSOC-2024INVITE1P-232x300.jpg\",\"datePublished\":\"2024-10-30T08:31:55+00:00\",\"dateModified\":\"2024-11-07T16:42:39+00:00\",\"breadcrumb\":{\"@id\":\"https:\\\/\\\/www.naturalscience.org\\\/fr\\\/congress-2024\\\/#breadcrumb\"},\"inLanguage\":\"fr-FR\",\"potentialAction\":[{\"@type\":\"ReadAction\",\"target\":[\"https:\\\/\\\/www.naturalscience.org\\\/fr\\\/congress-2024\\\/\"]}]},{\"@type\":\"ImageObject\",\"inLanguage\":\"fr-FR\",\"@id\":\"https:\\\/\\\/www.naturalscience.org\\\/fr\\\/congress-2024\\\/#primaryimage\",\"url\":\"https:\\\/\\\/www.naturalscience.org\\\/wp-content\\\/uploads\\\/2024\\\/11\\\/01-EN2024-11-05NSOC-2024INVITE1P-232x300.jpg\",\"contentUrl\":\"https:\\\/\\\/www.naturalscience.org\\\/wp-content\\\/uploads\\\/2024\\\/11\\\/01-EN2024-11-05NSOC-2024INVITE1P-232x300.jpg\"},{\"@type\":\"BreadcrumbList\",\"@id\":\"https:\\\/\\\/www.naturalscience.org\\\/fr\\\/congress-2024\\\/#breadcrumb\",\"itemListElement\":[{\"@type\":\"ListItem\",\"position\":1,\"name\":\"Home\",\"item\":\"https:\\\/\\\/www.naturalscience.org\\\/fr\\\/\"},{\"@type\":\"ListItem\",\"position\":2,\"name\":\"27\u00e8me Congr\u00e8s Mondial International&nbsp;\u00ab&nbsp;Nouvelles Perspectives Scientifiques&nbsp;\u00bb\"}]},{\"@type\":\"WebSite\",\"@id\":\"https:\\\/\\\/www.naturalscience.org\\\/#website\",\"url\":\"https:\\\/\\\/www.naturalscience.org\\\/\",\"name\":\"The World Foundation for Natural Science\",\"description\":\"Restoring and Healing the World through Responsibility and Commitment in accord with Natural and Divine Law!\",\"potentialAction\":[{\"@type\":\"SearchAction\",\"target\":{\"@type\":\"EntryPoint\",\"urlTemplate\":\"https:\\\/\\\/www.naturalscience.org\\\/?s={search_term_string}\"},\"query-input\":{\"@type\":\"PropertyValueSpecification\",\"valueRequired\":true,\"valueName\":\"search_term_string\"}}],\"inLanguage\":\"fr-FR\"}]}<\/script>\n<!-- \/ Yoast SEO plugin. -->","yoast_head_json":{"title":"27\u00e8me Congr\u00e8s Mondial International \u00ab Nouvelles Perspectives Scientifiques \u00bb - The World Foundation for Natural Science","robots":{"index":"index","follow":"follow","max-snippet":"max-snippet:-1","max-image-preview":"max-image-preview:large","max-video-preview":"max-video-preview:-1"},"canonical":"https:\/\/www.naturalscience.org\/fr\/congress-2024\/","twitter_misc":{"Dur\u00e9e de lecture estim\u00e9e":"1 minute"},"schema":{"@context":"https:\/\/schema.org","@graph":[{"@type":"WebPage","@id":"https:\/\/www.naturalscience.org\/fr\/congress-2024\/","url":"https:\/\/www.naturalscience.org\/fr\/congress-2024\/","name":"27\u00e8me Congr\u00e8s Mondial International \u00ab Nouvelles Perspectives Scientifiques \u00bb - The World Foundation for Natural Science","isPartOf":{"@id":"https:\/\/www.naturalscience.org\/#website"},"primaryImageOfPage":{"@id":"https:\/\/www.naturalscience.org\/fr\/congress-2024\/#primaryimage"},"image":{"@id":"https:\/\/www.naturalscience.org\/fr\/congress-2024\/#primaryimage"},"thumbnailUrl":"https:\/\/www.naturalscience.org\/wp-content\/uploads\/2024\/11\/01-EN2024-11-05NSOC-2024INVITE1P-232x300.jpg","datePublished":"2024-10-30T08:31:55+00:00","dateModified":"2024-11-07T16:42:39+00:00","breadcrumb":{"@id":"https:\/\/www.naturalscience.org\/fr\/congress-2024\/#breadcrumb"},"inLanguage":"fr-FR","potentialAction":[{"@type":"ReadAction","target":["https:\/\/www.naturalscience.org\/fr\/congress-2024\/"]}]},{"@type":"ImageObject","inLanguage":"fr-FR","@id":"https:\/\/www.naturalscience.org\/fr\/congress-2024\/#primaryimage","url":"https:\/\/www.naturalscience.org\/wp-content\/uploads\/2024\/11\/01-EN2024-11-05NSOC-2024INVITE1P-232x300.jpg","contentUrl":"https:\/\/www.naturalscience.org\/wp-content\/uploads\/2024\/11\/01-EN2024-11-05NSOC-2024INVITE1P-232x300.jpg"},{"@type":"BreadcrumbList","@id":"https:\/\/www.naturalscience.org\/fr\/congress-2024\/#breadcrumb","itemListElement":[{"@type":"ListItem","position":1,"name":"Home","item":"https:\/\/www.naturalscience.org\/fr\/"},{"@type":"ListItem","position":2,"name":"27\u00e8me Congr\u00e8s Mondial International&nbsp;\u00ab&nbsp;Nouvelles Perspectives Scientifiques&nbsp;\u00bb"}]},{"@type":"WebSite","@id":"https:\/\/www.naturalscience.org\/#website","url":"https:\/\/www.naturalscience.org\/","name":"The World Foundation for Natural Science","description":"Restoring and Healing the World through Responsibility and Commitment in accord with Natural and Divine Law!","potentialAction":[{"@type":"SearchAction","target":{"@type":"EntryPoint","urlTemplate":"https:\/\/www.naturalscience.org\/?s={search_term_string}"},"query-input":{"@type":"PropertyValueSpecification","valueRequired":true,"valueName":"search_term_string"}}],"inLanguage":"fr-FR"}]}},"_links":{"self":[{"href":"https:\/\/www.naturalscience.org\/fr\/wp-json\/wp\/v2\/pages\/41318","targetHints":{"allow":["GET"]}}],"collection":[{"href":"https:\/\/www.naturalscience.org\/fr\/wp-json\/wp\/v2\/pages"}],"about":[{"href":"https:\/\/www.naturalscience.org\/fr\/wp-json\/wp\/v2\/types\/page"}],"author":[{"embeddable":true,"href":"https:\/\/www.naturalscience.org\/fr\/wp-json\/wp\/v2\/users\/14"}],"replies":[{"embeddable":true,"href":"https:\/\/www.naturalscience.org\/fr\/wp-json\/wp\/v2\/comments?post=41318"}],"version-history":[{"count":10,"href":"https:\/\/www.naturalscience.org\/fr\/wp-json\/wp\/v2\/pages\/41318\/revisions"}],"predecessor-version":[{"id":41501,"href":"https:\/\/www.naturalscience.org\/fr\/wp-json\/wp\/v2\/pages\/41318\/revisions\/41501"}],"wp:attachment":[{"href":"https:\/\/www.naturalscience.org\/fr\/wp-json\/wp\/v2\/media?parent=41318"}],"wp:term":[{"taxonomy":"category","embeddable":true,"href":"https:\/\/www.naturalscience.org\/fr\/wp-json\/wp\/v2\/categories?post=41318"}],"curies":[{"name":"wp","href":"https:\/\/api.w.org\/{rel}","templated":true}]}}