{"id":38589,"date":"2023-01-08T21:21:14","date_gmt":"2023-01-08T20:21:14","guid":{"rendered":"https:\/\/www.naturalscience.org\/?page_id=38589"},"modified":"2023-01-08T21:21:14","modified_gmt":"2023-01-08T20:21:14","slug":"le-retablissement-de-lordre-naturel","status":"publish","type":"page","link":"https:\/\/www.naturalscience.org\/fr\/congres-2022\/lectures\/le-retablissement-de-lordre-naturel\/","title":{"rendered":"Le r\u00e9tablissement de l\u2019ordre naturel"},"content":{"rendered":"<p>The Very Rev. Dean em. <strong>Paul Probst<\/strong>, SF, Pr\u00e9sident europ\u00e9en, The World Foundation for Natural Science, Lucerne, Suisse<\/p>\n<p>&nbsp;<\/p>\n<p>Le Pr\u00e9sident europ\u00e9en de The World Foundation for Natural Science, Paul Probst, a soulign\u00e9 dans son discours de cl\u00f4ture, qu\u2019en tant qu\u2019enfants de Dieu baignant constamment en Dieu, nous devons parvenir \u00e0 l\u2019amour. Il ne faut pas abuser du potentiel qui est en nous&nbsp;; les quatre \u00e9l\u00e9ments qui composent notre corps doivent \u00eatre entra\u00een\u00e9s et tout doit \u00eatre maintenu en \u00e9quilibre. Les techniques de respiration et de visualisation nous aident \u00e0 faire face \u00e0 des situations de vie difficiles. Tout ce qui existe est compos\u00e9 d\u2019\u00e9lectrons et de l\u2019Esprit de Dieu&nbsp;; nous devons visualiser le mod\u00e8le parfait et projeter les \u00e9lectrons l\u00e0 o\u00f9 ils sont n\u00e9cessaires. Nous sommes en train de grandir, comme nos parents divins, et nous avons des sentiments qui nous poussent naturellement \u00e0 nous multiplier. Pour cela, nous avons choisi nos parents terrestres, alors que la f\u00e9condation artificielle n\u2019est pas la voie. Le conf\u00e9rencier a insist\u00e9 sur le fait qu\u2019en prenant de l\u2019\u00e2ge, nous apprenons pour partager davantage nos exp\u00e9riences. Donner, comme myst\u00e8re de la vie, fait avancer le flux de la vie et c\u2019est la meilleure protection contre les \u00e9nergies ind\u00e9sirables de son environnement. <\/p>\n<p><img loading=\"lazy\" decoding=\"async\" class=\"aligncenter size-size-400 wp-image-38139\" src=\"https:\/\/www.naturalscience.org\/wp-content\/uploads\/2022\/12\/BALANCE-400x302.jpeg\" alt=\"\" width=\"400\" height=\"302\" srcset=\"https:\/\/www.naturalscience.org\/wp-content\/uploads\/2022\/12\/BALANCE-400x302.jpeg 400w, https:\/\/www.naturalscience.org\/wp-content\/uploads\/2022\/12\/BALANCE-300x226.jpeg 300w, https:\/\/www.naturalscience.org\/wp-content\/uploads\/2022\/12\/BALANCE-1024x772.jpeg 1024w, https:\/\/www.naturalscience.org\/wp-content\/uploads\/2022\/12\/BALANCE-768x579.jpeg 768w, https:\/\/www.naturalscience.org\/wp-content\/uploads\/2022\/12\/BALANCE-1536x1158.jpeg 1536w, https:\/\/www.naturalscience.org\/wp-content\/uploads\/2022\/12\/BALANCE-2048x1544.jpeg 2048w, https:\/\/www.naturalscience.org\/wp-content\/uploads\/2022\/12\/BALANCE-164x124.jpeg 164w, https:\/\/www.naturalscience.org\/wp-content\/uploads\/2022\/12\/BALANCE-500x377.jpeg 500w\" sizes=\"auto, (max-width: 400px) 100vw, 400px\" \/><\/p>\n<p>The Very Rev. Dean em. Paul Probst a finalement mentionn\u00e9 la&nbsp;\u00ab&nbsp;feuille de route&nbsp;\u00bb actuelle sur le genre, qui est motiv\u00e9e par des consid\u00e9rations politiques: les diff\u00e9rences entre les hommes et les femmes doivent \u00eatre progressivement abolies, la famille et la soci\u00e9t\u00e9 d\u00e9truites. En r\u00e9alit\u00e9, nous devons apprendre \u00e0 vivre avec les deux sexes, \u00e0 les accepter et \u00e0 les aimer, tout en pr\u00e9servant la dignit\u00e9 de la femme. Selon le Dr. Edward Bach, le cr\u00e9ateur de la th\u00e9rapie des fleurs de Bach, la parentalit\u00e9 est un privil\u00e8ge divin et il s\u2019agit de donner sans attentes, car la contrepartie se fait de toute fa\u00e7on sur le mod\u00e8le de la nature. Le conf\u00e9rencier a expliqu\u00e9 qu\u2019en servant la vie, nous pouvons contribuer \u00e0 apporter l\u2019harmonie \u00e0 nos semblables. Il a appel\u00e9 toutes les personnes pr\u00e9sentes \u00e0 prendre leurs responsabilit\u00e9s et \u00e0 faire du r\u00e9tablissement et de la gu\u00e9rison du monde leur pr\u00e9occupation personnelle. Plus chaque personne y met tout son c\u0153ur, plus elle peut faire le bien autour d\u2019elle.<\/p>\n<p><img loading=\"lazy\" decoding=\"async\" class=\"aligncenter size-size-400 wp-image-38061\" src=\"https:\/\/www.naturalscience.org\/wp-content\/uploads\/2022\/11\/RESTORE-NATURAL-ORDER-400x225.jpg\" alt=\"\" width=\"400\" height=\"225\" srcset=\"https:\/\/www.naturalscience.org\/wp-content\/uploads\/2022\/11\/RESTORE-NATURAL-ORDER-400x225.jpg 400w, https:\/\/www.naturalscience.org\/wp-content\/uploads\/2022\/11\/RESTORE-NATURAL-ORDER-300x169.jpg 300w, https:\/\/www.naturalscience.org\/wp-content\/uploads\/2022\/11\/RESTORE-NATURAL-ORDER-1024x576.jpg 1024w, https:\/\/www.naturalscience.org\/wp-content\/uploads\/2022\/11\/RESTORE-NATURAL-ORDER-768x432.jpg 768w, https:\/\/www.naturalscience.org\/wp-content\/uploads\/2022\/11\/RESTORE-NATURAL-ORDER-164x92.jpg 164w, https:\/\/www.naturalscience.org\/wp-content\/uploads\/2022\/11\/RESTORE-NATURAL-ORDER-500x281.jpg 500w, https:\/\/www.naturalscience.org\/wp-content\/uploads\/2022\/11\/RESTORE-NATURAL-ORDER.jpg 1280w\" sizes=\"auto, (max-width: 400px) 100vw, 400px\" \/><\/p>\n<p>&nbsp;<\/p>\n<p><small>23 octobre 2022, H\u00f4tel M\u00f6venpick, Regensdorf<\/small><\/p>\n","protected":false},"excerpt":{"rendered":"The Very Rev. Dean em. Paul Probst, SF, Pr\u00e9sident europ\u00e9en, The World Foundation for Natural Science, Lucerne, Suisse &nbsp; Le Pr\u00e9sident europ\u00e9en de The World Foundation for Natural Science, Paul Probst, a soulign\u00e9 dans son discours de cl\u00f4ture, qu\u2019en tant qu\u2019enfants de Dieu baignant constamment en Dieu, nous devons parvenir \u00e0 l\u2019amour. Il ne faut [&hellip;]","protected":false},"author":14,"featured_media":0,"parent":38565,"menu_order":11,"comment_status":"closed","ping_status":"closed","template":"page-full.php","meta":{"_acf_changed":false,"ngg_post_thumbnail":0,"footnotes":""},"categories":[],"class_list":["post-38589","page","type-page","status-publish","hentry","wpautop"],"acf":[],"yoast_head":"<!-- This site is optimized with the Yoast SEO plugin v27.5 - https:\/\/yoast.com\/product\/yoast-seo-wordpress\/ -->\n<title>Le r\u00e9tablissement de l\u2019ordre naturel - The World Foundation for Natural Science<\/title>\n<meta name=\"robots\" content=\"index, follow, max-snippet:-1, max-image-preview:large, max-video-preview:-1\" \/>\n<link rel=\"canonical\" href=\"https:\/\/www.naturalscience.org\/fr\/congres-2022\/lectures\/le-retablissement-de-lordre-naturel\/\" \/>\n<meta name=\"twitter:label1\" content=\"Dur\u00e9e de lecture estim\u00e9e\" \/>\n\t<meta name=\"twitter:data1\" content=\"2 minutes\" \/>\n<script type=\"application\/ld+json\" class=\"yoast-schema-graph\">{\"@context\":\"https:\\\/\\\/schema.org\",\"@graph\":[{\"@type\":\"WebPage\",\"@id\":\"https:\\\/\\\/www.naturalscience.org\\\/fr\\\/congres-2022\\\/lectures\\\/le-retablissement-de-lordre-naturel\\\/\",\"url\":\"https:\\\/\\\/www.naturalscience.org\\\/fr\\\/congres-2022\\\/lectures\\\/le-retablissement-de-lordre-naturel\\\/\",\"name\":\"Le r\u00e9tablissement de l\u2019ordre naturel - The World Foundation for Natural Science\",\"isPartOf\":{\"@id\":\"https:\\\/\\\/www.naturalscience.org\\\/#website\"},\"primaryImageOfPage\":{\"@id\":\"https:\\\/\\\/www.naturalscience.org\\\/fr\\\/congres-2022\\\/lectures\\\/le-retablissement-de-lordre-naturel\\\/#primaryimage\"},\"image\":{\"@id\":\"https:\\\/\\\/www.naturalscience.org\\\/fr\\\/congres-2022\\\/lectures\\\/le-retablissement-de-lordre-naturel\\\/#primaryimage\"},\"thumbnailUrl\":\"https:\\\/\\\/www.naturalscience.org\\\/wp-content\\\/uploads\\\/2022\\\/12\\\/BALANCE-400x302.jpeg\",\"datePublished\":\"2023-01-08T20:21:14+00:00\",\"breadcrumb\":{\"@id\":\"https:\\\/\\\/www.naturalscience.org\\\/fr\\\/congres-2022\\\/lectures\\\/le-retablissement-de-lordre-naturel\\\/#breadcrumb\"},\"inLanguage\":\"fr-FR\",\"potentialAction\":[{\"@type\":\"ReadAction\",\"target\":[\"https:\\\/\\\/www.naturalscience.org\\\/fr\\\/congres-2022\\\/lectures\\\/le-retablissement-de-lordre-naturel\\\/\"]}]},{\"@type\":\"ImageObject\",\"inLanguage\":\"fr-FR\",\"@id\":\"https:\\\/\\\/www.naturalscience.org\\\/fr\\\/congres-2022\\\/lectures\\\/le-retablissement-de-lordre-naturel\\\/#primaryimage\",\"url\":\"https:\\\/\\\/www.naturalscience.org\\\/wp-content\\\/uploads\\\/2022\\\/12\\\/BALANCE-400x302.jpeg\",\"contentUrl\":\"https:\\\/\\\/www.naturalscience.org\\\/wp-content\\\/uploads\\\/2022\\\/12\\\/BALANCE-400x302.jpeg\"},{\"@type\":\"BreadcrumbList\",\"@id\":\"https:\\\/\\\/www.naturalscience.org\\\/fr\\\/congres-2022\\\/lectures\\\/le-retablissement-de-lordre-naturel\\\/#breadcrumb\",\"itemListElement\":[{\"@type\":\"ListItem\",\"position\":1,\"name\":\"Home\",\"item\":\"https:\\\/\\\/www.naturalscience.org\\\/fr\\\/\"},{\"@type\":\"ListItem\",\"position\":2,\"name\":\"25\u00e8me Congr\u00e8s Mondial International&nbsp;\u00ab\u00a0Nouvelles Perspectives Scientifiques\u00a0\u00bb\",\"item\":\"https:\\\/\\\/www.naturalscience.org\\\/fr\\\/congres-2022\\\/\"},{\"@type\":\"ListItem\",\"position\":3,\"name\":\"Lectures\",\"item\":\"https:\\\/\\\/www.naturalscience.org\\\/fr\\\/congres-2022\\\/lectures\\\/\"},{\"@type\":\"ListItem\",\"position\":4,\"name\":\"Le r\u00e9tablissement de l\u2019ordre naturel\"}]},{\"@type\":\"WebSite\",\"@id\":\"https:\\\/\\\/www.naturalscience.org\\\/#website\",\"url\":\"https:\\\/\\\/www.naturalscience.org\\\/\",\"name\":\"The World Foundation for Natural Science\",\"description\":\"Restoring and Healing the World through Responsibility and Commitment in accord with Natural and Divine Law!\",\"potentialAction\":[{\"@type\":\"SearchAction\",\"target\":{\"@type\":\"EntryPoint\",\"urlTemplate\":\"https:\\\/\\\/www.naturalscience.org\\\/?s={search_term_string}\"},\"query-input\":{\"@type\":\"PropertyValueSpecification\",\"valueRequired\":true,\"valueName\":\"search_term_string\"}}],\"inLanguage\":\"fr-FR\"}]}<\/script>\n<!-- \/ Yoast SEO plugin. -->","yoast_head_json":{"title":"Le r\u00e9tablissement de l\u2019ordre naturel - The World Foundation for Natural Science","robots":{"index":"index","follow":"follow","max-snippet":"max-snippet:-1","max-image-preview":"max-image-preview:large","max-video-preview":"max-video-preview:-1"},"canonical":"https:\/\/www.naturalscience.org\/fr\/congres-2022\/lectures\/le-retablissement-de-lordre-naturel\/","twitter_misc":{"Dur\u00e9e de lecture estim\u00e9e":"2 minutes"},"schema":{"@context":"https:\/\/schema.org","@graph":[{"@type":"WebPage","@id":"https:\/\/www.naturalscience.org\/fr\/congres-2022\/lectures\/le-retablissement-de-lordre-naturel\/","url":"https:\/\/www.naturalscience.org\/fr\/congres-2022\/lectures\/le-retablissement-de-lordre-naturel\/","name":"Le r\u00e9tablissement de l\u2019ordre naturel - The World Foundation for Natural Science","isPartOf":{"@id":"https:\/\/www.naturalscience.org\/#website"},"primaryImageOfPage":{"@id":"https:\/\/www.naturalscience.org\/fr\/congres-2022\/lectures\/le-retablissement-de-lordre-naturel\/#primaryimage"},"image":{"@id":"https:\/\/www.naturalscience.org\/fr\/congres-2022\/lectures\/le-retablissement-de-lordre-naturel\/#primaryimage"},"thumbnailUrl":"https:\/\/www.naturalscience.org\/wp-content\/uploads\/2022\/12\/BALANCE-400x302.jpeg","datePublished":"2023-01-08T20:21:14+00:00","breadcrumb":{"@id":"https:\/\/www.naturalscience.org\/fr\/congres-2022\/lectures\/le-retablissement-de-lordre-naturel\/#breadcrumb"},"inLanguage":"fr-FR","potentialAction":[{"@type":"ReadAction","target":["https:\/\/www.naturalscience.org\/fr\/congres-2022\/lectures\/le-retablissement-de-lordre-naturel\/"]}]},{"@type":"ImageObject","inLanguage":"fr-FR","@id":"https:\/\/www.naturalscience.org\/fr\/congres-2022\/lectures\/le-retablissement-de-lordre-naturel\/#primaryimage","url":"https:\/\/www.naturalscience.org\/wp-content\/uploads\/2022\/12\/BALANCE-400x302.jpeg","contentUrl":"https:\/\/www.naturalscience.org\/wp-content\/uploads\/2022\/12\/BALANCE-400x302.jpeg"},{"@type":"BreadcrumbList","@id":"https:\/\/www.naturalscience.org\/fr\/congres-2022\/lectures\/le-retablissement-de-lordre-naturel\/#breadcrumb","itemListElement":[{"@type":"ListItem","position":1,"name":"Home","item":"https:\/\/www.naturalscience.org\/fr\/"},{"@type":"ListItem","position":2,"name":"25\u00e8me Congr\u00e8s Mondial International&nbsp;\u00ab\u00a0Nouvelles Perspectives Scientifiques\u00a0\u00bb","item":"https:\/\/www.naturalscience.org\/fr\/congres-2022\/"},{"@type":"ListItem","position":3,"name":"Lectures","item":"https:\/\/www.naturalscience.org\/fr\/congres-2022\/lectures\/"},{"@type":"ListItem","position":4,"name":"Le r\u00e9tablissement de l\u2019ordre naturel"}]},{"@type":"WebSite","@id":"https:\/\/www.naturalscience.org\/#website","url":"https:\/\/www.naturalscience.org\/","name":"The World Foundation for Natural Science","description":"Restoring and Healing the World through Responsibility and Commitment in accord with Natural and Divine Law!","potentialAction":[{"@type":"SearchAction","target":{"@type":"EntryPoint","urlTemplate":"https:\/\/www.naturalscience.org\/?s={search_term_string}"},"query-input":{"@type":"PropertyValueSpecification","valueRequired":true,"valueName":"search_term_string"}}],"inLanguage":"fr-FR"}]}},"_links":{"self":[{"href":"https:\/\/www.naturalscience.org\/fr\/wp-json\/wp\/v2\/pages\/38589","targetHints":{"allow":["GET"]}}],"collection":[{"href":"https:\/\/www.naturalscience.org\/fr\/wp-json\/wp\/v2\/pages"}],"about":[{"href":"https:\/\/www.naturalscience.org\/fr\/wp-json\/wp\/v2\/types\/page"}],"author":[{"embeddable":true,"href":"https:\/\/www.naturalscience.org\/fr\/wp-json\/wp\/v2\/users\/14"}],"replies":[{"embeddable":true,"href":"https:\/\/www.naturalscience.org\/fr\/wp-json\/wp\/v2\/comments?post=38589"}],"version-history":[{"count":1,"href":"https:\/\/www.naturalscience.org\/fr\/wp-json\/wp\/v2\/pages\/38589\/revisions"}],"predecessor-version":[{"id":38590,"href":"https:\/\/www.naturalscience.org\/fr\/wp-json\/wp\/v2\/pages\/38589\/revisions\/38590"}],"up":[{"embeddable":true,"href":"https:\/\/www.naturalscience.org\/fr\/wp-json\/wp\/v2\/pages\/38565"}],"wp:attachment":[{"href":"https:\/\/www.naturalscience.org\/fr\/wp-json\/wp\/v2\/media?parent=38589"}],"wp:term":[{"taxonomy":"category","embeddable":true,"href":"https:\/\/www.naturalscience.org\/fr\/wp-json\/wp\/v2\/categories?post=38589"}],"curies":[{"name":"wp","href":"https:\/\/api.w.org\/{rel}","templated":true}]}}