{"id":38580,"date":"2023-01-08T21:06:55","date_gmt":"2023-01-08T20:06:55","guid":{"rendered":"https:\/\/www.naturalscience.org\/?page_id=38580"},"modified":"2023-01-08T21:06:55","modified_gmt":"2023-01-08T20:06:55","slug":"le-virage-energetique-beaucoup-de-poudre-aux-yeux","status":"publish","type":"page","link":"https:\/\/www.naturalscience.org\/fr\/congres-2022\/lectures\/le-virage-energetique-beaucoup-de-poudre-aux-yeux\/","title":{"rendered":"Le virage \u00e9nerg\u00e9tique &#8211; beaucoup de poudre aux yeux"},"content":{"rendered":"<p><i><strong>Marcel Hofmann<\/strong>, MSEE, Utzigen, Switzerland<\/i><\/p>\n<p>&nbsp;<\/p>\n<p>Marcel Hofmann a pr\u00e9cis\u00e9 d\u00e8s le d\u00e9but de son expos\u00e9 que l\u2019\u00eatre humain ne peut produire lui-m\u00eame de l\u2019\u00e9nergie. Le fait est que le Soleil est le seul producteur d\u2019\u00e9nergie!<\/p>\n<p>Bien que la crise \u00e9nerg\u00e9tique ait des r\u00e9percussions \u00e0 l\u2019\u00e9chelle mondiale, il s\u2019agit principalement d\u2019un probl\u00e8me d\u2019origine europ\u00e9enne et fait maison. Lorsque nous parlons de conf\u00e9rences sur le climat et d\u2019accords verts, il s\u2019agit surtout de grands programmes d\u2019investissement et de r\u00e9glementations politiques de protection du climat qui veulent r\u00e9duire le climat mondial de 2\u00b0 C afin de lutter contre le changement climatique. En ce moment, le redressement \u00e9nerg\u00e9tique, qu\u2019on dit bon march\u00e9, nous co\u00fbte assez cher. La question est maintenant de savoir s\u2019il s\u2019agit encore de d\u00e9cisions \u00e9cologiques ou plut\u00f4t \u00e9conomiques sous le couvert du&nbsp;\u00abgreenwashing\u00bb (\u00e9coblanchiment). La Terre sera-t-elle mieux lotie si nous acc\u00e9l\u00e9rons cette avanc\u00e9e vers l\u2019\u00e9nergie \u00e9olienne et les voitures \u00e9lectriques \u00e0 travers des projets \u00e0 grande \u00e9chelle? Avons-nous d\u00e9j\u00e0 \u00e9puis\u00e9 toutes les possibilit\u00e9s que le Soleil nous offre?<\/p>\n<p><img loading=\"lazy\" decoding=\"async\" class=\"aligncenter size-size-400 wp-image-38144\" src=\"https:\/\/www.naturalscience.org\/wp-content\/uploads\/2022\/12\/SUN-400x267.jpeg\" alt=\"\" width=\"400\" height=\"267\" srcset=\"https:\/\/www.naturalscience.org\/wp-content\/uploads\/2022\/12\/SUN-400x267.jpeg 400w, https:\/\/www.naturalscience.org\/wp-content\/uploads\/2022\/12\/SUN-300x200.jpeg 300w, https:\/\/www.naturalscience.org\/wp-content\/uploads\/2022\/12\/SUN-1024x683.jpeg 1024w, https:\/\/www.naturalscience.org\/wp-content\/uploads\/2022\/12\/SUN-768x512.jpeg 768w, https:\/\/www.naturalscience.org\/wp-content\/uploads\/2022\/12\/SUN-1536x1024.jpeg 1536w, https:\/\/www.naturalscience.org\/wp-content\/uploads\/2022\/12\/SUN-2048x1366.jpeg 2048w, https:\/\/www.naturalscience.org\/wp-content\/uploads\/2022\/12\/SUN-164x109.jpeg 164w, https:\/\/www.naturalscience.org\/wp-content\/uploads\/2022\/12\/SUN-500x333.jpeg 500w\" sizes=\"auto, (max-width: 400px) 100vw, 400px\" \/><\/p>\n<p>L\u2019ing\u00e9nieur Marcel Hofmann a montr\u00e9 l\u2019\u00e9norme dimension de la question \u00e9nerg\u00e9tique. Au cours de la derni\u00e8re d\u00e9cennie, la consommation d\u2019\u00e9nergie a consid\u00e9rablement augment\u00e9 (carburant et \u00e9lectricit\u00e9). Pourtant, jusqu\u2019\u00e0 84&nbsp;% de cette production provient des \u00e9nergies fossiles (p\u00e9trole, gaz, nucl\u00e9aire, charbon) et seulement 16&nbsp;% des \u00e9nergies renouvelables (vent, eau, soleil). Bient\u00f4t, toute la vie sera \u00e9lectrifi\u00e9e, conform\u00e9ment \u00e0 l\u2019\u00e9tat d\u2019esprit Tesla de&nbsp;\u00abplanifier rapidement, approuver, construire et mettre en \u0153uvre\u00bb&nbsp;; une \u00e9conomie \u00e9nerg\u00e9tique planifi\u00e9e qui n\u2019existe m\u00eame pas encore, car des pays comme l\u2019Allemagne (charbon, nucl\u00e9aire) et la France (nucl\u00e9aire) continuent \u00e0 produire et \u00e0 profiter d\u2019une grande partie de leur \u00e9lectricit\u00e9 \u00e0 partir d\u2019\u00e9nergie conventionnelle. Il s\u2019agit de la production et de la distribution d\u2019\u00e9lectricit\u00e9 \u00e0 partir de sources classiques. Comment remplacer ces grandes quantit\u00e9s d\u2019\u00e9nergie fossile par des \u00e9nergies renouvelables? Beaucoup supposent que l\u2019\u00e9lectricit\u00e9 consomme moins d\u2019\u00e9nergie&nbsp;; mais pour alimenter tout ce que nous utilisons actuellement avec des combustibles fossiles avec de l\u2019\u00e9nergie renouvelable, nous aurions besoin de trois fois la quantit\u00e9 d\u2019\u00e9nergie renouvelable produite aujourd\u2019hui.<\/p>\n<p><img loading=\"lazy\" decoding=\"async\" class=\"aligncenter wp-image-38042 size-large\" src=\"https:\/\/www.naturalscience.org\/wp-content\/uploads\/2022\/11\/WHICH-MATERIALS-FOR-WHICH-SECTOR-1024x576.jpg\" alt=\"\" width=\"1024\" height=\"576\" srcset=\"https:\/\/www.naturalscience.org\/wp-content\/uploads\/2022\/11\/WHICH-MATERIALS-FOR-WHICH-SECTOR-1024x576.jpg 1024w, https:\/\/www.naturalscience.org\/wp-content\/uploads\/2022\/11\/WHICH-MATERIALS-FOR-WHICH-SECTOR-300x169.jpg 300w, https:\/\/www.naturalscience.org\/wp-content\/uploads\/2022\/11\/WHICH-MATERIALS-FOR-WHICH-SECTOR-768x432.jpg 768w, https:\/\/www.naturalscience.org\/wp-content\/uploads\/2022\/11\/WHICH-MATERIALS-FOR-WHICH-SECTOR-164x92.jpg 164w, https:\/\/www.naturalscience.org\/wp-content\/uploads\/2022\/11\/WHICH-MATERIALS-FOR-WHICH-SECTOR-400x225.jpg 400w, https:\/\/www.naturalscience.org\/wp-content\/uploads\/2022\/11\/WHICH-MATERIALS-FOR-WHICH-SECTOR-500x281.jpg 500w, https:\/\/www.naturalscience.org\/wp-content\/uploads\/2022\/11\/WHICH-MATERIALS-FOR-WHICH-SECTOR.jpg 1280w\" sizes=\"auto, (max-width: 1024px) 100vw, 1024px\" \/><\/p>\n<p>Il y a 20 ans, l\u2019Allemagne a commenc\u00e9 \u00e0 produire de l\u2019\u00e9nergie \u00e9olienne et solaire. Alors que de nouveaux projets gigantesques sont pr\u00e9vus, les premi\u00e8res \u00e9oliennes doivent d\u00e9j\u00e0 \u00eatre d\u00e9mantel\u00e9es. Cependant, leur \u00e9limination ou leur recyclage sont peu r\u00e9glement\u00e9s, et c\u2019est pourquoi les composants des \u00e9oliennes jet\u00e9es sont maintenant laiss\u00e9s dans des d\u00e9charges non autoris\u00e9es dans les campagnes. Selon l\u2019analyse des risques de l\u2019UE, les ressources en terres rares (lithium, graphite, cobalt, dysprosium, n\u00e9odyme, nickel et pras\u00e9odyme) seront probablement insuffisantes \u00e0 l\u2019avenir pour les centrales d\u2019\u00e9nergie&nbsp;\u00abverte\u00bb (p. ex., \u00e9oliennes et moteurs). De plus, la plupart des terres rares proviennent aujourd\u2019hui de la Chine, o\u00f9 elles sont exploit\u00e9es et trait\u00e9es et o\u00f9 de grandes quantit\u00e9s d\u2019eaux us\u00e9es contamin\u00e9es s\u2019\u00e9coulent de fa\u00e7on incontr\u00f4lable dans les eaux souterraines et la mer, causant des dommages consid\u00e9rables aux humains et \u00e0 l\u2019environnement. Beaucoup de terres rares sont \u00e0 peine r\u00e9utilis\u00e9es. Au lieu d\u2019\u00eatre recycl\u00e9es, elles sont souvent extraites parce que c\u2019est g\u00e9n\u00e9ralement moins cher. Sommes-nous en train de faire la m\u00eame erreur qu\u2019auparavant avec les centrales nucl\u00e9aires, en produisant des d\u00e9chets sans savoir comment les \u00e9liminer et les r\u00e9utiliser \u00e0 l\u2019avenir?<\/p>\n<p><img loading=\"lazy\" decoding=\"async\" class=\"aligncenter wp-image-38043 size-large\" src=\"https:\/\/www.naturalscience.org\/wp-content\/uploads\/2022\/11\/DEPENDANCY-FROM-CHINA-1024x576.jpg\" alt=\"\" width=\"1024\" height=\"576\" srcset=\"https:\/\/www.naturalscience.org\/wp-content\/uploads\/2022\/11\/DEPENDANCY-FROM-CHINA-1024x576.jpg 1024w, https:\/\/www.naturalscience.org\/wp-content\/uploads\/2022\/11\/DEPENDANCY-FROM-CHINA-300x169.jpg 300w, https:\/\/www.naturalscience.org\/wp-content\/uploads\/2022\/11\/DEPENDANCY-FROM-CHINA-768x432.jpg 768w, https:\/\/www.naturalscience.org\/wp-content\/uploads\/2022\/11\/DEPENDANCY-FROM-CHINA-164x92.jpg 164w, https:\/\/www.naturalscience.org\/wp-content\/uploads\/2022\/11\/DEPENDANCY-FROM-CHINA-400x225.jpg 400w, https:\/\/www.naturalscience.org\/wp-content\/uploads\/2022\/11\/DEPENDANCY-FROM-CHINA-500x281.jpg 500w, https:\/\/www.naturalscience.org\/wp-content\/uploads\/2022\/11\/DEPENDANCY-FROM-CHINA.jpg 1280w\" sizes=\"auto, (max-width: 1024px) 100vw, 1024px\" \/><\/p>\n<p>Le recyclage fait \u00e9galement partie d\u2019une strat\u00e9gie \u00e9nerg\u00e9tique intelligente et respectueuse de l\u2019environnement. De m\u00eame, les inconv\u00e9nients (qui sont souvent simplement ignor\u00e9s ou ni\u00e9s aujourd\u2019hui) doivent \u00e9galement \u00eatre pris en compte: par exemple, dans le cas des \u00e9oliennes, l\u2019insomnie et autres troubles du sommeil pour les r\u00e9sidents en raison des infrasons \u00e9mis&nbsp;; le bouleversement des couches oc\u00e9aniques et, par cons\u00e9quent, la perturbation de l\u2019habitat d\u2019innombrables animaux marins \u00e0 cause des \u00e9oliennes en mer&nbsp;; l\u2019\u00e9norme effort technique pour certains projets&nbsp;; les subventions qui emp\u00eachent d\u2019\u00e9conomiser l\u2019\u00e9lectricit\u00e9 et qui peuvent entra\u00eener une surcharge du r\u00e9seau, et ainsi de suite.<\/p>\n<p><img loading=\"lazy\" decoding=\"async\" class=\"aligncenter size-size-400 wp-image-38044\" src=\"https:\/\/www.naturalscience.org\/wp-content\/uploads\/2022\/11\/OFFSHORE-WIND-TURBINES-400x225.jpg\" alt=\"\" width=\"400\" height=\"225\" srcset=\"https:\/\/www.naturalscience.org\/wp-content\/uploads\/2022\/11\/OFFSHORE-WIND-TURBINES-400x225.jpg 400w, https:\/\/www.naturalscience.org\/wp-content\/uploads\/2022\/11\/OFFSHORE-WIND-TURBINES-300x169.jpg 300w, https:\/\/www.naturalscience.org\/wp-content\/uploads\/2022\/11\/OFFSHORE-WIND-TURBINES-1024x576.jpg 1024w, https:\/\/www.naturalscience.org\/wp-content\/uploads\/2022\/11\/OFFSHORE-WIND-TURBINES-768x432.jpg 768w, https:\/\/www.naturalscience.org\/wp-content\/uploads\/2022\/11\/OFFSHORE-WIND-TURBINES-164x92.jpg 164w, https:\/\/www.naturalscience.org\/wp-content\/uploads\/2022\/11\/OFFSHORE-WIND-TURBINES-500x281.jpg 500w, https:\/\/www.naturalscience.org\/wp-content\/uploads\/2022\/11\/OFFSHORE-WIND-TURBINES.jpg 1280w\" sizes=\"auto, (max-width: 400px) 100vw, 400px\" \/><\/p>\n<p>Nous avons besoin d\u2019un virage \u00e9nerg\u00e9tique clair, a d\u00e9clar\u00e9 Marcel Hofmann. Toutefois, il ne devrait pas s\u2019agir d\u2019une nouvelle politique \u00e9nerg\u00e9tique post-Covid ax\u00e9e non pas sur la durabilit\u00e9, mais sur la croissance \u00e9conomique. Les id\u00e9es pour un v\u00e9ritable revirement \u00e9nerg\u00e9tique seraient, par exemple, la production d\u00e9centralis\u00e9e d\u2019\u00e9nergie pour les m\u00e9nages (stockage de l\u2019eau dans la maison chauff\u00e9e par l\u2019\u00e9nergie solaire, po\u00eale \u00e0 bois, &#8230;), parce que le revirement \u00e9nerg\u00e9tique implique l\u2019interaction significative des sources d\u2019\u00e9nergie, technologies et id\u00e9es les plus diverses. Cela signifie \u00e9galement renoncer \u00e0 l\u2019indiff\u00e9rence et prendre ses propres responsabilit\u00e9s, et passer d\u2019un approvisionnement \u00e9nerg\u00e9tique centralis\u00e9 \u00e0 un approvisionnement d\u00e9centralis\u00e9. Le plus grand d\u00e9fi avec les \u00e9nergies renouvelables est la question de leur stockage, car l\u2019\u00e9nergie exc\u00e9dentaire doit \u00eatre d\u00e9truite dans certains cas et la technologie de stockage utilisant la production d\u2019hydrog\u00e8ne (\u00e9lectrolyse) cause encore beaucoup de perte d\u2019\u00e9nergie. Cependant, des projets sont certainement en cours pour produire un stockage d\u2019\u00e9lectricit\u00e9 plus efficace, a expliqu\u00e9 l\u2019intervenant, se r\u00e9f\u00e9rant \u00e0 un exemple actuel dans la r\u00e9gion du Tessin en Suisse. La transition \u00e9nerg\u00e9tique est faisable, parce que&nbsp;\u00able monde contient bien assez pour les besoins de chacun, mais pas assez pour la cupidit\u00e9 de tous\u00bb, comme Marcel Hofmann a cit\u00e9 Mahatma Gandhi \u00e0 la fin de son expos\u00e9.<\/p>\n<p>&nbsp;<\/p>\n<p><small>22 octobre 2022, H\u00f4tel M\u00f6venpick, Regensdorf<\/small><\/p>\n","protected":false},"excerpt":{"rendered":"Marcel Hofmann, MSEE, Utzigen, Switzerland &nbsp; Marcel Hofmann a pr\u00e9cis\u00e9 d\u00e8s le d\u00e9but de son expos\u00e9 que l\u2019\u00eatre humain ne peut produire lui-m\u00eame de l\u2019\u00e9nergie. Le fait est que le Soleil est le seul producteur d\u2019\u00e9nergie! Bien que la crise \u00e9nerg\u00e9tique ait des r\u00e9percussions \u00e0 l\u2019\u00e9chelle mondiale, il s\u2019agit principalement d\u2019un probl\u00e8me d\u2019origine europ\u00e9enne et [&hellip;]","protected":false},"author":14,"featured_media":0,"parent":38565,"menu_order":7,"comment_status":"closed","ping_status":"closed","template":"page-full.php","meta":{"_acf_changed":false,"ngg_post_thumbnail":0,"footnotes":""},"categories":[],"class_list":["post-38580","page","type-page","status-publish","hentry","wpautop"],"acf":[],"yoast_head":"<!-- This site is optimized with the Yoast SEO plugin v27.3 - https:\/\/yoast.com\/product\/yoast-seo-wordpress\/ -->\n<title>Le virage \u00e9nerg\u00e9tique - beaucoup de poudre aux yeux - The World Foundation for Natural Science<\/title>\n<meta name=\"robots\" content=\"index, follow, max-snippet:-1, max-image-preview:large, max-video-preview:-1\" \/>\n<link rel=\"canonical\" href=\"https:\/\/www.naturalscience.org\/fr\/congres-2022\/lectures\/le-virage-energetique-beaucoup-de-poudre-aux-yeux\/\" \/>\n<meta name=\"twitter:label1\" content=\"Dur\u00e9e de lecture estim\u00e9e\" \/>\n\t<meta name=\"twitter:data1\" content=\"5 minutes\" \/>\n<script type=\"application\/ld+json\" class=\"yoast-schema-graph\">{\"@context\":\"https:\\\/\\\/schema.org\",\"@graph\":[{\"@type\":\"WebPage\",\"@id\":\"https:\\\/\\\/www.naturalscience.org\\\/fr\\\/congres-2022\\\/lectures\\\/le-virage-energetique-beaucoup-de-poudre-aux-yeux\\\/\",\"url\":\"https:\\\/\\\/www.naturalscience.org\\\/fr\\\/congres-2022\\\/lectures\\\/le-virage-energetique-beaucoup-de-poudre-aux-yeux\\\/\",\"name\":\"Le virage \u00e9nerg\u00e9tique - beaucoup de poudre aux yeux - The World Foundation for Natural Science\",\"isPartOf\":{\"@id\":\"https:\\\/\\\/www.naturalscience.org\\\/#website\"},\"primaryImageOfPage\":{\"@id\":\"https:\\\/\\\/www.naturalscience.org\\\/fr\\\/congres-2022\\\/lectures\\\/le-virage-energetique-beaucoup-de-poudre-aux-yeux\\\/#primaryimage\"},\"image\":{\"@id\":\"https:\\\/\\\/www.naturalscience.org\\\/fr\\\/congres-2022\\\/lectures\\\/le-virage-energetique-beaucoup-de-poudre-aux-yeux\\\/#primaryimage\"},\"thumbnailUrl\":\"https:\\\/\\\/www.naturalscience.org\\\/wp-content\\\/uploads\\\/2022\\\/12\\\/SUN-400x267.jpeg\",\"datePublished\":\"2023-01-08T20:06:55+00:00\",\"breadcrumb\":{\"@id\":\"https:\\\/\\\/www.naturalscience.org\\\/fr\\\/congres-2022\\\/lectures\\\/le-virage-energetique-beaucoup-de-poudre-aux-yeux\\\/#breadcrumb\"},\"inLanguage\":\"fr-FR\",\"potentialAction\":[{\"@type\":\"ReadAction\",\"target\":[\"https:\\\/\\\/www.naturalscience.org\\\/fr\\\/congres-2022\\\/lectures\\\/le-virage-energetique-beaucoup-de-poudre-aux-yeux\\\/\"]}]},{\"@type\":\"ImageObject\",\"inLanguage\":\"fr-FR\",\"@id\":\"https:\\\/\\\/www.naturalscience.org\\\/fr\\\/congres-2022\\\/lectures\\\/le-virage-energetique-beaucoup-de-poudre-aux-yeux\\\/#primaryimage\",\"url\":\"https:\\\/\\\/www.naturalscience.org\\\/wp-content\\\/uploads\\\/2022\\\/12\\\/SUN-400x267.jpeg\",\"contentUrl\":\"https:\\\/\\\/www.naturalscience.org\\\/wp-content\\\/uploads\\\/2022\\\/12\\\/SUN-400x267.jpeg\"},{\"@type\":\"BreadcrumbList\",\"@id\":\"https:\\\/\\\/www.naturalscience.org\\\/fr\\\/congres-2022\\\/lectures\\\/le-virage-energetique-beaucoup-de-poudre-aux-yeux\\\/#breadcrumb\",\"itemListElement\":[{\"@type\":\"ListItem\",\"position\":1,\"name\":\"Home\",\"item\":\"https:\\\/\\\/www.naturalscience.org\\\/fr\\\/\"},{\"@type\":\"ListItem\",\"position\":2,\"name\":\"25\u00e8me Congr\u00e8s Mondial International&nbsp;\u00ab\u00a0Nouvelles Perspectives Scientifiques\u00a0\u00bb\",\"item\":\"https:\\\/\\\/www.naturalscience.org\\\/fr\\\/congres-2022\\\/\"},{\"@type\":\"ListItem\",\"position\":3,\"name\":\"Lectures\",\"item\":\"https:\\\/\\\/www.naturalscience.org\\\/fr\\\/congres-2022\\\/lectures\\\/\"},{\"@type\":\"ListItem\",\"position\":4,\"name\":\"Le virage \u00e9nerg\u00e9tique &#8211; beaucoup de poudre aux yeux\"}]},{\"@type\":\"WebSite\",\"@id\":\"https:\\\/\\\/www.naturalscience.org\\\/#website\",\"url\":\"https:\\\/\\\/www.naturalscience.org\\\/\",\"name\":\"The World Foundation for Natural Science\",\"description\":\"Restoring and Healing the World through Responsibility and Commitment in accord with Natural and Divine Law!\",\"potentialAction\":[{\"@type\":\"SearchAction\",\"target\":{\"@type\":\"EntryPoint\",\"urlTemplate\":\"https:\\\/\\\/www.naturalscience.org\\\/?s={search_term_string}\"},\"query-input\":{\"@type\":\"PropertyValueSpecification\",\"valueRequired\":true,\"valueName\":\"search_term_string\"}}],\"inLanguage\":\"fr-FR\"}]}<\/script>\n<!-- \/ Yoast SEO plugin. -->","yoast_head_json":{"title":"Le virage \u00e9nerg\u00e9tique - beaucoup de poudre aux yeux - The World Foundation for Natural Science","robots":{"index":"index","follow":"follow","max-snippet":"max-snippet:-1","max-image-preview":"max-image-preview:large","max-video-preview":"max-video-preview:-1"},"canonical":"https:\/\/www.naturalscience.org\/fr\/congres-2022\/lectures\/le-virage-energetique-beaucoup-de-poudre-aux-yeux\/","twitter_misc":{"Dur\u00e9e de lecture estim\u00e9e":"5 minutes"},"schema":{"@context":"https:\/\/schema.org","@graph":[{"@type":"WebPage","@id":"https:\/\/www.naturalscience.org\/fr\/congres-2022\/lectures\/le-virage-energetique-beaucoup-de-poudre-aux-yeux\/","url":"https:\/\/www.naturalscience.org\/fr\/congres-2022\/lectures\/le-virage-energetique-beaucoup-de-poudre-aux-yeux\/","name":"Le virage \u00e9nerg\u00e9tique - beaucoup de poudre aux yeux - The World Foundation for Natural Science","isPartOf":{"@id":"https:\/\/www.naturalscience.org\/#website"},"primaryImageOfPage":{"@id":"https:\/\/www.naturalscience.org\/fr\/congres-2022\/lectures\/le-virage-energetique-beaucoup-de-poudre-aux-yeux\/#primaryimage"},"image":{"@id":"https:\/\/www.naturalscience.org\/fr\/congres-2022\/lectures\/le-virage-energetique-beaucoup-de-poudre-aux-yeux\/#primaryimage"},"thumbnailUrl":"https:\/\/www.naturalscience.org\/wp-content\/uploads\/2022\/12\/SUN-400x267.jpeg","datePublished":"2023-01-08T20:06:55+00:00","breadcrumb":{"@id":"https:\/\/www.naturalscience.org\/fr\/congres-2022\/lectures\/le-virage-energetique-beaucoup-de-poudre-aux-yeux\/#breadcrumb"},"inLanguage":"fr-FR","potentialAction":[{"@type":"ReadAction","target":["https:\/\/www.naturalscience.org\/fr\/congres-2022\/lectures\/le-virage-energetique-beaucoup-de-poudre-aux-yeux\/"]}]},{"@type":"ImageObject","inLanguage":"fr-FR","@id":"https:\/\/www.naturalscience.org\/fr\/congres-2022\/lectures\/le-virage-energetique-beaucoup-de-poudre-aux-yeux\/#primaryimage","url":"https:\/\/www.naturalscience.org\/wp-content\/uploads\/2022\/12\/SUN-400x267.jpeg","contentUrl":"https:\/\/www.naturalscience.org\/wp-content\/uploads\/2022\/12\/SUN-400x267.jpeg"},{"@type":"BreadcrumbList","@id":"https:\/\/www.naturalscience.org\/fr\/congres-2022\/lectures\/le-virage-energetique-beaucoup-de-poudre-aux-yeux\/#breadcrumb","itemListElement":[{"@type":"ListItem","position":1,"name":"Home","item":"https:\/\/www.naturalscience.org\/fr\/"},{"@type":"ListItem","position":2,"name":"25\u00e8me Congr\u00e8s Mondial International&nbsp;\u00ab\u00a0Nouvelles Perspectives Scientifiques\u00a0\u00bb","item":"https:\/\/www.naturalscience.org\/fr\/congres-2022\/"},{"@type":"ListItem","position":3,"name":"Lectures","item":"https:\/\/www.naturalscience.org\/fr\/congres-2022\/lectures\/"},{"@type":"ListItem","position":4,"name":"Le virage \u00e9nerg\u00e9tique &#8211; beaucoup de poudre aux yeux"}]},{"@type":"WebSite","@id":"https:\/\/www.naturalscience.org\/#website","url":"https:\/\/www.naturalscience.org\/","name":"The World Foundation for Natural Science","description":"Restoring and Healing the World through Responsibility and Commitment in accord with Natural and Divine Law!","potentialAction":[{"@type":"SearchAction","target":{"@type":"EntryPoint","urlTemplate":"https:\/\/www.naturalscience.org\/?s={search_term_string}"},"query-input":{"@type":"PropertyValueSpecification","valueRequired":true,"valueName":"search_term_string"}}],"inLanguage":"fr-FR"}]}},"_links":{"self":[{"href":"https:\/\/www.naturalscience.org\/fr\/wp-json\/wp\/v2\/pages\/38580","targetHints":{"allow":["GET"]}}],"collection":[{"href":"https:\/\/www.naturalscience.org\/fr\/wp-json\/wp\/v2\/pages"}],"about":[{"href":"https:\/\/www.naturalscience.org\/fr\/wp-json\/wp\/v2\/types\/page"}],"author":[{"embeddable":true,"href":"https:\/\/www.naturalscience.org\/fr\/wp-json\/wp\/v2\/users\/14"}],"replies":[{"embeddable":true,"href":"https:\/\/www.naturalscience.org\/fr\/wp-json\/wp\/v2\/comments?post=38580"}],"version-history":[{"count":1,"href":"https:\/\/www.naturalscience.org\/fr\/wp-json\/wp\/v2\/pages\/38580\/revisions"}],"predecessor-version":[{"id":38581,"href":"https:\/\/www.naturalscience.org\/fr\/wp-json\/wp\/v2\/pages\/38580\/revisions\/38581"}],"up":[{"embeddable":true,"href":"https:\/\/www.naturalscience.org\/fr\/wp-json\/wp\/v2\/pages\/38565"}],"wp:attachment":[{"href":"https:\/\/www.naturalscience.org\/fr\/wp-json\/wp\/v2\/media?parent=38580"}],"wp:term":[{"taxonomy":"category","embeddable":true,"href":"https:\/\/www.naturalscience.org\/fr\/wp-json\/wp\/v2\/categories?post=38580"}],"curies":[{"name":"wp","href":"https:\/\/api.w.org\/{rel}","templated":true}]}}