{"id":38573,"date":"2023-01-08T20:58:45","date_gmt":"2023-01-08T19:58:45","guid":{"rendered":"https:\/\/www.naturalscience.org\/?page_id=38573"},"modified":"2023-01-08T20:58:45","modified_gmt":"2023-01-08T19:58:45","slug":"bien-enracine-un-voyage-a-linterieur-du-sol","status":"publish","type":"page","link":"https:\/\/www.naturalscience.org\/fr\/congres-2022\/lectures\/bien-enracine-un-voyage-a-linterieur-du-sol\/","title":{"rendered":"Bien enracin\u00e9 \u2013 un voyage \u00e0 l\u2019int\u00e9rieur du sol"},"content":{"rendered":"<p><i><strong>Monika Sobotik<\/strong>, jardini\u00e8re et botaniste de formation (doctorat), Bad Goisern, Autriche<\/i><\/p>\n<p><i><strong>Stefan Birnstingl<\/strong>, ing\u00e9nieur dipl\u00f4m\u00e9, Hitzendorf, Autriche<\/i><\/p>\n<p>&nbsp;<\/p>\n<p>Mme Monika Sobotik a emmen\u00e9 le public dans un voyage impressionnant \u00e0 l\u2019int\u00e9rieur du sol et lui a fait d\u00e9couvrir un monde qui reste habituellement cach\u00e9 \u00e0 l\u2019\u0153il humain: le royaume souterrain des racines. \u00c0 l\u2019aide de dessins d\u00e9taill\u00e9s faits \u00e0 la main, elle a montr\u00e9 l\u2019anatomie des racines de diverses esp\u00e8ces v\u00e9g\u00e9tales, et ensuite, elle est all\u00e9e jusqu\u2019au niveau cellulaire au moyen de coupes racinaires par microscopie optique.<\/p>\n<p>Mme Sobotik a pris ses illustrations de l\u2019Atlas sur les Racines (en 7 volumes), un travail de base monumental sur les syst\u00e8mes racinaires de plus de 1000 plantes, qu\u2019elle a co \u00e9crit avec la professeure Lore Kutschera et le professeur Erwin Lichtenegger, r\u00e9sultat d\u2019une vie de recherche d\u00e9vou\u00e9e. Cela est devenu encore plus clair lorsque Monika Sobotik a rendu compte des travaux d\u2019excavation \u00e9labor\u00e9s pour d\u00e9couvrir les racines, toujours effectu\u00e9s au moyen d\u2019un travail manuel minutieux et pouvant prendre des semaines, selon la taille des racines.<\/p>\n<p><img loading=\"lazy\" decoding=\"async\" class=\"aligncenter size-size-400 wp-image-38024\" src=\"https:\/\/www.naturalscience.org\/wp-content\/uploads\/2022\/11\/ROOT-ATLAS-283x400.jpeg\" alt=\"\" width=\"283\" height=\"400\" srcset=\"https:\/\/www.naturalscience.org\/wp-content\/uploads\/2022\/11\/ROOT-ATLAS-283x400.jpeg 283w, https:\/\/www.naturalscience.org\/wp-content\/uploads\/2022\/11\/ROOT-ATLAS-212x300.jpeg 212w, https:\/\/www.naturalscience.org\/wp-content\/uploads\/2022\/11\/ROOT-ATLAS-116x164.jpeg 116w, https:\/\/www.naturalscience.org\/wp-content\/uploads\/2022\/11\/ROOT-ATLAS-354x500.jpeg 354w, https:\/\/www.naturalscience.org\/wp-content\/uploads\/2022\/11\/ROOT-ATLAS.jpeg 480w\" sizes=\"auto, (max-width: 283px) 100vw, 283px\" \/><\/p>\n<p>La conf\u00e9renci\u00e8re a \u00e9galement expliqu\u00e9 \u00e0 l\u2019auditoire les fonctions et les t\u00e2ches des racines, qui non seulement fournissent \u00e0 la plante de l\u2019eau et de nombreux autres nutriments, mais lui conf\u00e8rent \u00e9galement stabilit\u00e9 et soutien. En outre, les racines constituent un habitat important pour les micro organismes et, apr\u00e8s leur cycle de vie, peuvent \u00e9galement apporter une contribution importante \u00e0 l\u2019enrichissement de la terre en humus et donc \u00e0 un sol sain et intact.<\/p>\n<p><img loading=\"lazy\" decoding=\"async\" class=\"aligncenter size-size-400 wp-image-38021\" src=\"https:\/\/www.naturalscience.org\/wp-content\/uploads\/2022\/11\/ROOTS-OVERVIEW-400x225.jpg\" alt=\"\" width=\"400\" height=\"225\" srcset=\"https:\/\/www.naturalscience.org\/wp-content\/uploads\/2022\/11\/ROOTS-OVERVIEW-400x225.jpg 400w, https:\/\/www.naturalscience.org\/wp-content\/uploads\/2022\/11\/ROOTS-OVERVIEW-300x169.jpg 300w, https:\/\/www.naturalscience.org\/wp-content\/uploads\/2022\/11\/ROOTS-OVERVIEW-1024x576.jpg 1024w, https:\/\/www.naturalscience.org\/wp-content\/uploads\/2022\/11\/ROOTS-OVERVIEW-768x432.jpg 768w, https:\/\/www.naturalscience.org\/wp-content\/uploads\/2022\/11\/ROOTS-OVERVIEW-164x92.jpg 164w, https:\/\/www.naturalscience.org\/wp-content\/uploads\/2022\/11\/ROOTS-OVERVIEW-500x281.jpg 500w, https:\/\/www.naturalscience.org\/wp-content\/uploads\/2022\/11\/ROOTS-OVERVIEW.jpg 1280w\" sizes=\"auto, (max-width: 400px) 100vw, 400px\" \/><\/p>\n<p>Enfin, Mme Sobotik a discut\u00e9 de diverses influences environnementales qui peuvent favoriser ou nuire \u00e0 la croissance des racines.. Elle a conclu sa conf\u00e9rence par un appel r\u00e9solu \u00e0 l\u2019auditoire pour qu\u2019il&nbsp;\u00ab&nbsp;s\u2019efforce d\u2019atteindre la profondeur d\u2019enracinement&nbsp;\u00bb.<\/p>\n<p><img loading=\"lazy\" decoding=\"async\" class=\"aligncenter size-size-400 wp-image-38022\" src=\"https:\/\/www.naturalscience.org\/wp-content\/uploads\/2022\/11\/PEA-AND-LINESEED-FIELD-400x300.jpg\" alt=\"\" width=\"400\" height=\"300\" srcset=\"https:\/\/www.naturalscience.org\/wp-content\/uploads\/2022\/11\/PEA-AND-LINESEED-FIELD-400x300.jpg 400w, https:\/\/www.naturalscience.org\/wp-content\/uploads\/2022\/11\/PEA-AND-LINESEED-FIELD-300x225.jpg 300w, https:\/\/www.naturalscience.org\/wp-content\/uploads\/2022\/11\/PEA-AND-LINESEED-FIELD-768x576.jpg 768w, https:\/\/www.naturalscience.org\/wp-content\/uploads\/2022\/11\/PEA-AND-LINESEED-FIELD-164x123.jpg 164w, https:\/\/www.naturalscience.org\/wp-content\/uploads\/2022\/11\/PEA-AND-LINESEED-FIELD-500x375.jpg 500w, https:\/\/www.naturalscience.org\/wp-content\/uploads\/2022\/11\/PEA-AND-LINESEED-FIELD.jpg 960w\" sizes=\"auto, (max-width: 400px) 100vw, 400px\" \/><\/p>\n<p>Stefan Birnstingl, ing\u00e9nieur dipl\u00f4m\u00e9, a commenc\u00e9 la deuxi\u00e8me partie de la conf\u00e9rence par une id\u00e9e \u00e9vidente et pourtant malheureusement souvent ignor\u00e9e: un sol sain veut dire une plante saine veut dire une personne en bonne sant\u00e9!<\/p>\n<p>Il y a plus de 25 ans, l\u2019orateur a repris les cultures fruiti\u00e8res de son p\u00e8re avec son fr\u00e8re, et il a d\u00e9crit de mani\u00e8re impressionnante ses propres exp\u00e9riences de conversion de l\u2019agriculture conventionnelle \u00e0 l\u2019agriculture biodynamique. \u00c0 l\u2019aide de son propre exemple, Stefan Birnstingl a montr\u00e9 ce qui constitue un sol sain et intact, comment sa composition peut \u00eatre d\u00e9termin\u00e9e au moyen d\u2019une analyse du sol et comment sa fertilit\u00e9 peut \u00eatre am\u00e9lior\u00e9e.<\/p>\n<p><img loading=\"lazy\" decoding=\"async\" class=\"aligncenter size-size-400 wp-image-38023\" src=\"https:\/\/www.naturalscience.org\/wp-content\/uploads\/2022\/11\/EARTHWORM-400x267.jpg\" alt=\"\" width=\"400\" height=\"300\"><\/p>\n<p>Ce faisant, il a particuli\u00e8rement soulign\u00e9 un facteurimportant: le ver de terre. La pr\u00e9sence abondante de vers de terre est \u00e0 la fois l\u2019indicateur d\u2019un sol stable et le meilleur moyen de le restaurer en transformant un sol riche en humus et en mati\u00e8re v\u00e9g\u00e9tale d\u00e9compos\u00e9e en un sol plein de turricules contenant des nutriments riches pour les micro organismes utiles. De plus, les vers de terre a\u00e8rent le sol et utilisent l\u2019oxyg\u00e8ne n\u00e9cessaire, ce qui favorise la croissance des plantes. Les galeries des vers creus\u00e9s aident m\u00eame les racines \u00e0 pousser plus rapidement en profondeur.<\/p>\n<p>Monsieur Birnstingl a soulign\u00e9 que l\u2019\u00e9tat des sols dans le monde est de plus en plus menac\u00e9, principalement en raison d\u2019une mauvaise gestion telle que la monoculture, et que les sols sains et intacts sont devenus un bien rare. En ce qui concerne l\u2019am\u00e9lioration de la qualit\u00e9 des sols, une approche individuelle est in\u00e9vitable, car les sols sont partout diff\u00e9rents.<\/p>\n<p>En outre, Stefan Birnstingl a rapport\u00e9 ses succ\u00e8s impressionnants dans l\u2019ensemencement et la r\u00e9colte de cultures mixtes: si les bonnes esp\u00e8ces v\u00e9g\u00e9tales sont r\u00e9unies, elles peuvent pousser en symbiose et produire des r\u00e9coltes \u00e9tonnantes, comme l\u2019a montr\u00e9 l\u2019orateur avec l\u2019exemple d\u2019un vignoble nouvellement plant\u00e9, qui a d\u00e9j\u00e0 donn\u00e9 un beau rendement la troisi\u00e8me ann\u00e9e. Stefan Birnstingl a d\u00e9clar\u00e9 que les cultures mixtes sont la voie de l\u2019avenir et qu\u2019elles s\u2019\u00e9tabliront progressivement aussi dans la culture conventionnelle.<\/p>\n<p><img loading=\"lazy\" decoding=\"async\" class=\"aligncenter size-size-400 wp-image-38023\" src=\"https:\/\/www.naturalscience.org\/wp-content\/uploads\/2022\/11\/PEA-AND-LINESEED-HARVEST-400x300.jpg\" alt=\"\" width=\"400\" height=\"300\" srcset=\"https:\/\/www.naturalscience.org\/wp-content\/uploads\/2022\/11\/PEA-AND-LINESEED-HARVEST-400x300.jpg 400w, https:\/\/www.naturalscience.org\/wp-content\/uploads\/2022\/11\/PEA-AND-LINESEED-HARVEST-300x225.jpg 300w, https:\/\/www.naturalscience.org\/wp-content\/uploads\/2022\/11\/PEA-AND-LINESEED-HARVEST-1024x768.jpg 1024w, https:\/\/www.naturalscience.org\/wp-content\/uploads\/2022\/11\/PEA-AND-LINESEED-HARVEST-768x576.jpg 768w, https:\/\/www.naturalscience.org\/wp-content\/uploads\/2022\/11\/PEA-AND-LINESEED-HARVEST-1536x1152.jpg 1536w, https:\/\/www.naturalscience.org\/wp-content\/uploads\/2022\/11\/PEA-AND-LINESEED-HARVEST-2048x1535.jpg 2048w, https:\/\/www.naturalscience.org\/wp-content\/uploads\/2022\/11\/PEA-AND-LINESEED-HARVEST-164x123.jpg 164w, https:\/\/www.naturalscience.org\/wp-content\/uploads\/2022\/11\/PEA-AND-LINESEED-HARVEST-500x375.jpg 500w\" sizes=\"auto, (max-width: 400px) 100vw, 400px\" \/><\/p>\n<p>&nbsp;<\/p>\n<p><small>21 octobre 2022, H\u00f4tel M\u00f6venpick, Regensdorf<\/small><\/p>\n","protected":false},"excerpt":{"rendered":"Monika Sobotik, jardini\u00e8re et botaniste de formation (doctorat), Bad Goisern, Autriche Stefan Birnstingl, ing\u00e9nieur dipl\u00f4m\u00e9, Hitzendorf, Autriche &nbsp; Mme Monika Sobotik a emmen\u00e9 le public dans un voyage impressionnant \u00e0 l\u2019int\u00e9rieur du sol et lui a fait d\u00e9couvrir un monde qui reste habituellement cach\u00e9 \u00e0 l\u2019\u0153il humain: le royaume souterrain des racines. \u00c0 l\u2019aide de [&hellip;]","protected":false},"author":14,"featured_media":0,"parent":38565,"menu_order":4,"comment_status":"closed","ping_status":"closed","template":"page-full.php","meta":{"_acf_changed":false,"ngg_post_thumbnail":0,"footnotes":""},"categories":[],"class_list":["post-38573","page","type-page","status-publish","hentry","wpautop"],"acf":[],"yoast_head":"<!-- This site is optimized with the Yoast SEO plugin v27.5 - https:\/\/yoast.com\/product\/yoast-seo-wordpress\/ -->\n<title>Bien enracin\u00e9 \u2013 un voyage \u00e0 l\u2019int\u00e9rieur du sol - The World Foundation for Natural Science<\/title>\n<meta name=\"robots\" content=\"index, follow, max-snippet:-1, max-image-preview:large, max-video-preview:-1\" \/>\n<link rel=\"canonical\" href=\"https:\/\/www.naturalscience.org\/fr\/congres-2022\/lectures\/bien-enracine-un-voyage-a-linterieur-du-sol\/\" \/>\n<meta name=\"twitter:label1\" content=\"Dur\u00e9e de lecture estim\u00e9e\" \/>\n\t<meta name=\"twitter:data1\" content=\"4 minutes\" \/>\n<script type=\"application\/ld+json\" class=\"yoast-schema-graph\">{\"@context\":\"https:\\\/\\\/schema.org\",\"@graph\":[{\"@type\":\"WebPage\",\"@id\":\"https:\\\/\\\/www.naturalscience.org\\\/fr\\\/congres-2022\\\/lectures\\\/bien-enracine-un-voyage-a-linterieur-du-sol\\\/\",\"url\":\"https:\\\/\\\/www.naturalscience.org\\\/fr\\\/congres-2022\\\/lectures\\\/bien-enracine-un-voyage-a-linterieur-du-sol\\\/\",\"name\":\"Bien enracin\u00e9 \u2013 un voyage \u00e0 l\u2019int\u00e9rieur du sol - The World Foundation for Natural Science\",\"isPartOf\":{\"@id\":\"https:\\\/\\\/www.naturalscience.org\\\/#website\"},\"primaryImageOfPage\":{\"@id\":\"https:\\\/\\\/www.naturalscience.org\\\/fr\\\/congres-2022\\\/lectures\\\/bien-enracine-un-voyage-a-linterieur-du-sol\\\/#primaryimage\"},\"image\":{\"@id\":\"https:\\\/\\\/www.naturalscience.org\\\/fr\\\/congres-2022\\\/lectures\\\/bien-enracine-un-voyage-a-linterieur-du-sol\\\/#primaryimage\"},\"thumbnailUrl\":\"https:\\\/\\\/www.naturalscience.org\\\/wp-content\\\/uploads\\\/2022\\\/11\\\/ROOT-ATLAS-283x400.jpeg\",\"datePublished\":\"2023-01-08T19:58:45+00:00\",\"breadcrumb\":{\"@id\":\"https:\\\/\\\/www.naturalscience.org\\\/fr\\\/congres-2022\\\/lectures\\\/bien-enracine-un-voyage-a-linterieur-du-sol\\\/#breadcrumb\"},\"inLanguage\":\"fr-FR\",\"potentialAction\":[{\"@type\":\"ReadAction\",\"target\":[\"https:\\\/\\\/www.naturalscience.org\\\/fr\\\/congres-2022\\\/lectures\\\/bien-enracine-un-voyage-a-linterieur-du-sol\\\/\"]}]},{\"@type\":\"ImageObject\",\"inLanguage\":\"fr-FR\",\"@id\":\"https:\\\/\\\/www.naturalscience.org\\\/fr\\\/congres-2022\\\/lectures\\\/bien-enracine-un-voyage-a-linterieur-du-sol\\\/#primaryimage\",\"url\":\"https:\\\/\\\/www.naturalscience.org\\\/wp-content\\\/uploads\\\/2022\\\/11\\\/ROOT-ATLAS-283x400.jpeg\",\"contentUrl\":\"https:\\\/\\\/www.naturalscience.org\\\/wp-content\\\/uploads\\\/2022\\\/11\\\/ROOT-ATLAS-283x400.jpeg\"},{\"@type\":\"BreadcrumbList\",\"@id\":\"https:\\\/\\\/www.naturalscience.org\\\/fr\\\/congres-2022\\\/lectures\\\/bien-enracine-un-voyage-a-linterieur-du-sol\\\/#breadcrumb\",\"itemListElement\":[{\"@type\":\"ListItem\",\"position\":1,\"name\":\"Home\",\"item\":\"https:\\\/\\\/www.naturalscience.org\\\/fr\\\/\"},{\"@type\":\"ListItem\",\"position\":2,\"name\":\"25\u00e8me Congr\u00e8s Mondial International&nbsp;\u00ab\u00a0Nouvelles Perspectives Scientifiques\u00a0\u00bb\",\"item\":\"https:\\\/\\\/www.naturalscience.org\\\/fr\\\/congres-2022\\\/\"},{\"@type\":\"ListItem\",\"position\":3,\"name\":\"Lectures\",\"item\":\"https:\\\/\\\/www.naturalscience.org\\\/fr\\\/congres-2022\\\/lectures\\\/\"},{\"@type\":\"ListItem\",\"position\":4,\"name\":\"Bien enracin\u00e9 \u2013 un voyage \u00e0 l\u2019int\u00e9rieur du sol\"}]},{\"@type\":\"WebSite\",\"@id\":\"https:\\\/\\\/www.naturalscience.org\\\/#website\",\"url\":\"https:\\\/\\\/www.naturalscience.org\\\/\",\"name\":\"The World Foundation for Natural Science\",\"description\":\"Restoring and Healing the World through Responsibility and Commitment in accord with Natural and Divine Law!\",\"potentialAction\":[{\"@type\":\"SearchAction\",\"target\":{\"@type\":\"EntryPoint\",\"urlTemplate\":\"https:\\\/\\\/www.naturalscience.org\\\/?s={search_term_string}\"},\"query-input\":{\"@type\":\"PropertyValueSpecification\",\"valueRequired\":true,\"valueName\":\"search_term_string\"}}],\"inLanguage\":\"fr-FR\"}]}<\/script>\n<!-- \/ Yoast SEO plugin. -->","yoast_head_json":{"title":"Bien enracin\u00e9 \u2013 un voyage \u00e0 l\u2019int\u00e9rieur du sol - The World Foundation for Natural Science","robots":{"index":"index","follow":"follow","max-snippet":"max-snippet:-1","max-image-preview":"max-image-preview:large","max-video-preview":"max-video-preview:-1"},"canonical":"https:\/\/www.naturalscience.org\/fr\/congres-2022\/lectures\/bien-enracine-un-voyage-a-linterieur-du-sol\/","twitter_misc":{"Dur\u00e9e de lecture estim\u00e9e":"4 minutes"},"schema":{"@context":"https:\/\/schema.org","@graph":[{"@type":"WebPage","@id":"https:\/\/www.naturalscience.org\/fr\/congres-2022\/lectures\/bien-enracine-un-voyage-a-linterieur-du-sol\/","url":"https:\/\/www.naturalscience.org\/fr\/congres-2022\/lectures\/bien-enracine-un-voyage-a-linterieur-du-sol\/","name":"Bien enracin\u00e9 \u2013 un voyage \u00e0 l\u2019int\u00e9rieur du sol - The World Foundation for Natural Science","isPartOf":{"@id":"https:\/\/www.naturalscience.org\/#website"},"primaryImageOfPage":{"@id":"https:\/\/www.naturalscience.org\/fr\/congres-2022\/lectures\/bien-enracine-un-voyage-a-linterieur-du-sol\/#primaryimage"},"image":{"@id":"https:\/\/www.naturalscience.org\/fr\/congres-2022\/lectures\/bien-enracine-un-voyage-a-linterieur-du-sol\/#primaryimage"},"thumbnailUrl":"https:\/\/www.naturalscience.org\/wp-content\/uploads\/2022\/11\/ROOT-ATLAS-283x400.jpeg","datePublished":"2023-01-08T19:58:45+00:00","breadcrumb":{"@id":"https:\/\/www.naturalscience.org\/fr\/congres-2022\/lectures\/bien-enracine-un-voyage-a-linterieur-du-sol\/#breadcrumb"},"inLanguage":"fr-FR","potentialAction":[{"@type":"ReadAction","target":["https:\/\/www.naturalscience.org\/fr\/congres-2022\/lectures\/bien-enracine-un-voyage-a-linterieur-du-sol\/"]}]},{"@type":"ImageObject","inLanguage":"fr-FR","@id":"https:\/\/www.naturalscience.org\/fr\/congres-2022\/lectures\/bien-enracine-un-voyage-a-linterieur-du-sol\/#primaryimage","url":"https:\/\/www.naturalscience.org\/wp-content\/uploads\/2022\/11\/ROOT-ATLAS-283x400.jpeg","contentUrl":"https:\/\/www.naturalscience.org\/wp-content\/uploads\/2022\/11\/ROOT-ATLAS-283x400.jpeg"},{"@type":"BreadcrumbList","@id":"https:\/\/www.naturalscience.org\/fr\/congres-2022\/lectures\/bien-enracine-un-voyage-a-linterieur-du-sol\/#breadcrumb","itemListElement":[{"@type":"ListItem","position":1,"name":"Home","item":"https:\/\/www.naturalscience.org\/fr\/"},{"@type":"ListItem","position":2,"name":"25\u00e8me Congr\u00e8s Mondial International&nbsp;\u00ab\u00a0Nouvelles Perspectives Scientifiques\u00a0\u00bb","item":"https:\/\/www.naturalscience.org\/fr\/congres-2022\/"},{"@type":"ListItem","position":3,"name":"Lectures","item":"https:\/\/www.naturalscience.org\/fr\/congres-2022\/lectures\/"},{"@type":"ListItem","position":4,"name":"Bien enracin\u00e9 \u2013 un voyage \u00e0 l\u2019int\u00e9rieur du sol"}]},{"@type":"WebSite","@id":"https:\/\/www.naturalscience.org\/#website","url":"https:\/\/www.naturalscience.org\/","name":"The World Foundation for Natural Science","description":"Restoring and Healing the World through Responsibility and Commitment in accord with Natural and Divine Law!","potentialAction":[{"@type":"SearchAction","target":{"@type":"EntryPoint","urlTemplate":"https:\/\/www.naturalscience.org\/?s={search_term_string}"},"query-input":{"@type":"PropertyValueSpecification","valueRequired":true,"valueName":"search_term_string"}}],"inLanguage":"fr-FR"}]}},"_links":{"self":[{"href":"https:\/\/www.naturalscience.org\/fr\/wp-json\/wp\/v2\/pages\/38573","targetHints":{"allow":["GET"]}}],"collection":[{"href":"https:\/\/www.naturalscience.org\/fr\/wp-json\/wp\/v2\/pages"}],"about":[{"href":"https:\/\/www.naturalscience.org\/fr\/wp-json\/wp\/v2\/types\/page"}],"author":[{"embeddable":true,"href":"https:\/\/www.naturalscience.org\/fr\/wp-json\/wp\/v2\/users\/14"}],"replies":[{"embeddable":true,"href":"https:\/\/www.naturalscience.org\/fr\/wp-json\/wp\/v2\/comments?post=38573"}],"version-history":[{"count":1,"href":"https:\/\/www.naturalscience.org\/fr\/wp-json\/wp\/v2\/pages\/38573\/revisions"}],"predecessor-version":[{"id":38574,"href":"https:\/\/www.naturalscience.org\/fr\/wp-json\/wp\/v2\/pages\/38573\/revisions\/38574"}],"up":[{"embeddable":true,"href":"https:\/\/www.naturalscience.org\/fr\/wp-json\/wp\/v2\/pages\/38565"}],"wp:attachment":[{"href":"https:\/\/www.naturalscience.org\/fr\/wp-json\/wp\/v2\/media?parent=38573"}],"wp:term":[{"taxonomy":"category","embeddable":true,"href":"https:\/\/www.naturalscience.org\/fr\/wp-json\/wp\/v2\/categories?post=38573"}],"curies":[{"name":"wp","href":"https:\/\/api.w.org\/{rel}","templated":true}]}}