{"id":38559,"date":"2023-01-08T20:35:07","date_gmt":"2023-01-08T19:35:07","guid":{"rendered":"https:\/\/www.naturalscience.org\/?page_id=38559"},"modified":"2023-01-14T18:22:30","modified_gmt":"2023-01-14T17:22:30","slug":"retrospective","status":"publish","type":"page","link":"https:\/\/www.naturalscience.org\/fr\/congres-2022\/retrospective\/","title":{"rendered":"R\u00e9trospective"},"content":{"rendered":"<style><span data-mce-type=\"bookmark\" style=\"display: inline-block; width: 0px; overflow: hidden; line-height: 0;\" class=\"mce_SELRES_start\"><\/span><br \/>    .link {<br \/>        padding-top: 0.5rem;<br \/>        font-size: 1rem;<br \/>    }<span data-mce-type=\"bookmark\" style=\"display: inline-block; width: 0px; overflow: hidden; line-height: 0;\" class=\"mce_SELRES_start\"><\/span><br \/><\/style>\n<div class=\"landingpage-header text-center\">\n<div style=\"font-size: 18px;\">R\u00e9trospective<\/div>\n<h1 style=\"font-size: 30px;\">25<sup>\u00e8me<\/sup> Congr\u00e8s Mondial International<br \/>\n   &nbsp;\u00abNouvelles Perspectives Scientifiques\u00bb<\/h1>\n<div style=\"font-size: 18px; margin-top: 10px;\">du jeudi 20 octobre au dimanche 23 octobre 2022<\/div>\n<\/div>\n<div class=\"title-box\">\n<h2>R\u00e9trospective du programme<\/h2>\n<\/div>\n<div class=\"lecture\">\n<div class=\"row\">\n<div class=\"hide-on-mobile medium-6 columns\"><a href=\"https:\/\/www.naturalscience.org\/fr\/congres-2022\/lectures\/la-vraie-science-de-la-vie\/\"><img loading=\"lazy\" decoding=\"async\" class=\"alignnone size-medium wp-image-37871\" src=\"https:\/\/www.naturalscience.org\/wp-content\/uploads\/2022\/10\/iStock-1310148959-min-scaled.jpg\" alt=\"\" width=\"300\" height=\"200\"><\/a><\/div>\n<div class=\"small-24 medium-18 columns\">\n<h3>La vraie science de la vie<\/h3>\n<div class=\"subtitle\">\u00ab&nbsp;Dieu a \u00e9chou\u00e9, vive la science&nbsp;!&nbsp;\u00bb, comme r\u00e9sonne le t\u00e9nor de plus en plus fort ces derni\u00e8res ann\u00e9es. La science a toutes les r\u00e9ponses \u00e0 nos questions et \u00e0 nos probl\u00e8mes, dit-on, il suffit de la croire, mais qu\u2019est-ce que la vraie science&nbsp;? Quelle est sa source&nbsp;? La science est-elle au service de la vie sur cette Terre&nbsp;? Si non, \u00e0 qui sert-elle&nbsp;? Et si des r\u00e9ponses ont \u00e9t\u00e9 trouv\u00e9es, sont-elles toujours valables&nbsp;?<\/div>\n<div class=\"link\"><a href=\"https:\/\/www.naturalscience.org\/fr\/congres-2022\/lectures\/la-vraie-science-de-la-vie\/\">Lire ici un r\u00e9sum\u00e9 de l\u2019expos\u00e9 du Congr\u00e8s<\/a><\/div>\n<\/div>\n<\/div>\n<\/div>\n<div class=\"lecture\">\n<div class=\"row\">\n<div class=\"hide-on-mobile medium-6 columns\"><a href=\"https:\/\/www.naturalscience.org\/fr\/congres-2022\/lectures\/des-geants-sous-estimes\/\"><img loading=\"lazy\" decoding=\"async\" class=\"alignnone size-medium wp-image-37871\" src=\"https:\/\/www.naturalscience.org\/wp-content\/uploads\/2022\/10\/iStock-1342229191-min-scaled.jpg\" alt=\"\" width=\"300\" height=\"200\"><\/a><\/div>\n<div class=\"small-24 medium-18 columns\">\n<h3>Ces g\u00e9ants sous-estim\u00e9s &#8211; comment les arbres r\u00e9gulent le climat<\/h3>\n<div class=\"subtitle\">Le changement climatique est sur toutes les l\u00e8vres, beaucoup le consid\u00e8rent comme le probl\u00e8me le plus urgent de notre \u00e9poque. Le coupable est d\u00e9j\u00e0 d\u00e9fini&nbsp;: c\u2019est le CO2, et le fait qu\u2019il y en ait trop est \u00e0 nouveau la faute des humains. Mais peu de gens parlent des arbres dans ce contexte. Les for\u00eats de la Terre jouent un r\u00f4le majeur dans l\u2019\u00e9quilibre d\u00e9licat du climat, de la v\u00e9g\u00e9tation et de l\u2019\u00e9quilibre hydrique&nbsp;: laissez la place aux g\u00e9ants verts silencieux du monde&nbsp;!<\/div>\n<div class=\"link\"><a href=\"https:\/\/www.naturalscience.org\/fr\/congres-2022\/lectures\/des-geants-sous-estimes\/\">Lire ici un r\u00e9sum\u00e9 de l\u2019expos\u00e9 du Congr\u00e8s<\/a><\/div>\n<\/div>\n<\/div>\n<\/div>\n<div class=\"lecture\">\n<div class=\"row\">\n<div class=\"hide-on-mobile medium-6 columns\"><a href=\"https:\/\/www.naturalscience.org\/fr\/congres-2022\/lectures\/agriculteur-ou-drone-lavenir-de-lagriculture\/\"><img loading=\"lazy\" decoding=\"async\" class=\"alignnone size-medium wp-image-37871\" src=\"https:\/\/www.naturalscience.org\/wp-content\/uploads\/2022\/10\/iStock-1254095794-min-scaled.jpg\" alt=\"\" width=\"300\" height=\"200\"><\/a><\/div>\n<div class=\"small-24 medium-18 columns\">\n<h3>Agriculteur ou drone &#8211; l\u2019avenir de l\u2019agriculture<\/h3>\n<div class=\"subtitle\">La population mondiale augmentant de plus en plus, la Terre pourra-t-elle encore nourrir les gens \u00e0 l\u2019avenir&nbsp;? Le mod\u00e8le des petites exploitations agricoles a-t-il d\u00e9finitivement disparu&nbsp;? Le bio touche-t-il d\u00e9j\u00e0 \u00e0 sa fin&nbsp;? Nous examinons de mani\u00e8re critique les promesses des derni\u00e8res d\u00e9cennies, telles que la&nbsp;\u00ab&nbsp;r\u00e9volution verte&nbsp;\u00bb, et si leurs successeurs, notamment l\u2019agriculture intelligente, le nouveau g\u00e9nie g\u00e9n\u00e9tique ou l\u2019agriculture verticale, conduiront l\u2019agriculture vers un avenir prosp\u00e8re.<\/div>\n<div class=\"link\"><a href=\"https:\/\/www.naturalscience.org\/fr\/congres-2022\/lectures\/agriculteur-ou-drone-lavenir-de-lagriculture\/\">Lire ici un r\u00e9sum\u00e9 de l\u2019expos\u00e9 du Congr\u00e8s<\/a><\/div>\n<\/div>\n<\/div>\n<\/div>\n<div class=\"lecture\">\n<div class=\"row\">\n<div class=\"hide-on-mobile medium-6 columns\"><a href=\"https:\/\/www.naturalscience.org\/fr\/congres-2022\/lectures\/bien-enracine-un-voyage-a-linterieur-du-sol\/\"><img loading=\"lazy\" decoding=\"async\" class=\"alignnone size-medium wp-image-37871\" src=\"https:\/\/www.naturalscience.org\/wp-content\/uploads\/2022\/10\/iStock-1145283740-min-scaled.jpg\" alt=\"\" width=\"300\" height=\"200\"><\/a><\/div>\n<div class=\"small-24 medium-18 columns\">\n<h3>Bien enracin\u00e9 &#8211; un voyage \u00e0 l\u2019int\u00e9rieur du sol<\/h3>\n<div class=\"subtitle\">Ce que nous voyons avec nos yeux n\u2019est souvent qu\u2019un petit aper\u00e7u de la r\u00e9alit\u00e9, m\u00eame lorsque nous regardons les plantes. Nous reconnaissons le pommier ou le tournesol et nous nous r\u00e9jouissons leurs fruits ou couleurs. Mais la majeure partie du&nbsp;\u00ab&nbsp;corps&nbsp;\u00bb de la plante &#8211; souvent environ quatre-vingts pour cent &#8211; est cach\u00e9e \u00e0 notre vue. Mais c\u2019est l\u00e0, profond\u00e9ment dans le sol, aux racines, o\u00f9 la vie bat son plein et o\u00f9 les fondations pour d\u2019autres processus comme l\u2019\u00e9quilibre hydrique ou la fertilit\u00e9 du sol sont pos\u00e9es.<\/div>\n<div class=\"link\"><a href=\"https:\/\/www.naturalscience.org\/fr\/congres-2022\/lectures\/bien-enracine-un-voyage-a-linterieur-du-sol\/\">Lire ici un r\u00e9sum\u00e9 de l\u2019expos\u00e9 du Congr\u00e8s<\/a><\/div>\n<\/div>\n<\/div>\n<\/div>\n<div class=\"lecture\">\n<div class=\"row\">\n<div class=\"hide-on-mobile medium-6 columns\"><a href=\"https:\/\/www.naturalscience.org\/fr\/congres-2022\/lectures\/lagroforesterie-vivre-la-symbiose\/\"><img loading=\"lazy\" decoding=\"async\" class=\"alignnone size-medium wp-image-37871\" src=\"https:\/\/www.naturalscience.org\/wp-content\/uploads\/2022\/10\/AdobeStock_475362432-min-300x200.jpeg\" alt=\"\" width=\"300\" height=\"200\" srcset=\"https:\/\/www.naturalscience.org\/wp-content\/uploads\/2022\/10\/AdobeStock_475362432-min-300x200.jpeg 300w, https:\/\/www.naturalscience.org\/wp-content\/uploads\/2022\/10\/AdobeStock_475362432-min-1024x683.jpeg 1024w, https:\/\/www.naturalscience.org\/wp-content\/uploads\/2022\/10\/AdobeStock_475362432-min-768x513.jpeg 768w, https:\/\/www.naturalscience.org\/wp-content\/uploads\/2022\/10\/AdobeStock_475362432-min-1536x1025.jpeg 1536w, https:\/\/www.naturalscience.org\/wp-content\/uploads\/2022\/10\/AdobeStock_475362432-min-2048x1367.jpeg 2048w, https:\/\/www.naturalscience.org\/wp-content\/uploads\/2022\/10\/AdobeStock_475362432-min-164x109.jpeg 164w, https:\/\/www.naturalscience.org\/wp-content\/uploads\/2022\/10\/AdobeStock_475362432-min-400x267.jpeg 400w, https:\/\/www.naturalscience.org\/wp-content\/uploads\/2022\/10\/AdobeStock_475362432-min-500x334.jpeg 500w\" sizes=\"auto, (max-width: 300px) 100vw, 300px\" \/><\/a><\/div>\n<div class=\"small-24 medium-18 columns\">\n<h3>L\u2019agroforesterie &#8211; vivre la symbiose<\/h3>\n<div class=\"subtitle\">Une pratique s\u00e9culaire est en train de rena\u00eetre, nos anc\u00eatres savaient encore que tout est li\u00e9. Si ces interrelations sont utilis\u00e9es avec sagesse (dans l\u2019agroforesterie, par exemple, les arbustes, les cultures arables et l\u2019\u00e9levage), ce ne sont pas seulement les personnes concern\u00e9es qui en profitent, mais c\u2019est l\u2019ensemble du syst\u00e8me qui se d\u00e9veloppe et prosp\u00e8re. Un exemple de la nature dont l\u2019homme peut apprendre et qui pourrait jouer un r\u00f4le important dans la s\u00e9curit\u00e9 de l\u2019approvisionnement alimentaire.<\/div>\n<div class=\"link\"><a href=\"https:\/\/www.naturalscience.org\/fr\/congres-2022\/lectures\/lagroforesterie-vivre-la-symbiose\/\">Lire ici un r\u00e9sum\u00e9 de l\u2019expos\u00e9 du Congr\u00e8s<\/a><\/div>\n<\/div>\n<\/div>\n<\/div>\n<div class=\"lecture\">\n<div class=\"row\">\n<div class=\"hide-on-mobile medium-6 columns\"><a href=\"https:\/\/www.naturalscience.org\/fr\/congres-2022\/lectures\/le-numerique-nest-pas-vert-de-lideologie-a-la-realite\/\"><img loading=\"lazy\" decoding=\"async\" class=\"alignnone size-medium wp-image-37871\" src=\"https:\/\/www.naturalscience.org\/wp-content\/uploads\/2022\/10\/iStock-487610623-min-scaled.jpg\" alt=\"\" width=\"300\" height=\"200\"><\/a><\/div>\n<div class=\"small-24 medium-18 columns\">\n<h3>Le num\u00e9rique n\u2019est pas vert &#8211; de l\u2019id\u00e9ologie \u00e0 la r\u00e9alit\u00e9<\/h3>\n<div class=\"subtitle\">Selon la croyance populaire, ce qui est num\u00e9rique prot\u00e8ge l\u2019environnement. Efficace, \u00e9conomique et durable, tels sont les mots-cl\u00e9s. La r\u00e9alit\u00e9 est cependant diff\u00e9rente. La num\u00e9risation ne n\u00e9cessite pas seulement beaucoup d\u2019\u00e9lectricit\u00e9, elle g\u00e9n\u00e8re \u00e9galement de nouveaux probl\u00e8mes, par exemple en termes de s\u00e9curit\u00e9, d\u2019\u00e9limination ou d\u2019utilisation des ressources. Cela met en danger des \u00e9cosyst\u00e8mes entiers, comme les oc\u00e9ans. Nous devons enlever nos lunettes roses et porter un regard critique sur ce sauveur moderne.<\/div>\n<div class=\"link\"><a href=\"https:\/\/www.naturalscience.org\/fr\/congres-2022\/lectures\/le-numerique-nest-pas-vert-de-lideologie-a-la-realite\/\">Lire ici un r\u00e9sum\u00e9 de l\u2019expos\u00e9 du Congr\u00e8s<\/a><\/div>\n<\/div>\n<\/div>\n<\/div>\n<div class=\"lecture\">\n<div class=\"row\">\n<div class=\"hide-on-mobile medium-6 columns\"><a href=\"https:\/\/www.naturalscience.org\/fr\/congres-2022\/lectures\/le-virage-energetique-beaucoup-de-poudre-aux-yeux\/\"><img loading=\"lazy\" decoding=\"async\" class=\"alignnone size-medium wp-image-37871\" src=\"https:\/\/www.naturalscience.org\/wp-content\/uploads\/2022\/10\/iStock-1365766525-min-scaled.jpg\" alt=\"\" width=\"300\" height=\"200\"><\/a><\/div>\n<div class=\"small-24 medium-18 columns\">\n<h3>La transition \u00e9nerg\u00e9tique &#8211; beaucoup de bruit et de fum\u00e9e<\/h3>\n<div class=\"subtitle\">La transition \u00e9nerg\u00e9tique tant vant\u00e9e nous co\u00fbte tr\u00e8s cher. Et est-il vrai que la plan\u00e8te ira mieux gr\u00e2ce \u00e0 l\u2019\u00e9nergie \u00e9olienne et aux voitures \u00e9lectriques&nbsp;? Qui en profite vraiment&nbsp;? Et avons-nous d\u00e9j\u00e0 \u00e9puis\u00e9 toutes les possibilit\u00e9s que le soleil nous offre&nbsp;? Nous montrons qu\u2019il vaut \u00e9galement la peine de regarder de plus pr\u00e8s les \u00e9nergies&nbsp;\u00ab&nbsp;propres&nbsp;\u00bb et que les solutions&nbsp;\u00ab&nbsp;ultimes&nbsp;\u00bb ne tiennent malheureusement que rarement leurs promesses.<\/div>\n<div class=\"link\"><a href=\"https:\/\/www.naturalscience.org\/fr\/congres-2022\/lectures\/le-virage-energetique-beaucoup-de-poudre-aux-yeux\/\">Lire ici un r\u00e9sum\u00e9 de l\u2019expos\u00e9 du Congr\u00e8s<\/a><\/div>\n<\/div>\n<\/div>\n<\/div>\n<div class=\"lecture\">\n<div class=\"row\">\n<div class=\"hide-on-mobile medium-6 columns\"><a href=\"https:\/\/www.naturalscience.org\/fr\/congres-2022\/lectures\/quand-la-lumiere-seteint-recettes-contre-la-faim-et-le-froid\/\"><img loading=\"lazy\" decoding=\"async\" class=\"alignnone size-medium wp-image-37871\" src=\"https:\/\/www.naturalscience.org\/wp-content\/uploads\/2022\/10\/iStock-1299043412-min-scaled.jpg\" alt=\"\" width=\"300\" height=\"200\"><\/a><\/div>\n<div class=\"small-24 medium-18 columns\">\n<h3>Quand la lumi\u00e8re s\u2019\u00e9teint &#8211; recettes contre la faim et le froid<\/h3>\n<div class=\"subtitle\">L\u2019Europe se pr\u00e9pare pour un hiver rude. Si le black-out se produit, il fait froid et c\u2019est inconfortable, et cela peut prendre du temps pour que tout fonctionne \u00e0 nouveau. Sommes-nous pr\u00eats&nbsp;? Nos corps, choy\u00e9s par la civilisation, sont-ils assez en forme pour se contenter de moins et rester en bonne sant\u00e9&nbsp;? Nos grands-parents savaient encore comment faire face aux urgences, avez-vous appris d\u2019eux&nbsp;? Sinon, ne paniquez pas, vous pouvez le faire avec cette conf\u00e9rence.<\/div>\n<div class=\"link\"><a href=\"https:\/\/www.naturalscience.org\/fr\/congres-2022\/lectures\/quand-la-lumiere-seteint-recettes-contre-la-faim-et-le-froid\/\">Lire ici un r\u00e9sum\u00e9 de l\u2019expos\u00e9 du Congr\u00e8s<\/a><\/div>\n<\/div>\n<\/div>\n<\/div>\n<div class=\"lecture\">\n<div class=\"row\">\n<div class=\"hide-on-mobile medium-6 columns\"><a href=\"https:\/\/www.naturalscience.org\/fr\/congres-2022\/lectures\/ce-qui-nous-empeche-de-dormir-tourner-le-dos-a-la-peur\/\"><img loading=\"lazy\" decoding=\"async\" class=\"alignnone size-medium wp-image-37871\" src=\"https:\/\/www.naturalscience.org\/wp-content\/uploads\/2022\/10\/iStock-1337766466-min-scaled.jpg\" alt=\"\" width=\"300\" height=\"200\"><\/a><\/div>\n<div class=\"small-24 medium-18 columns\">\n<h3>Ce qui nous emp\u00eache de dormir &#8211; tourner le dos \u00e0 la peur<\/h3>\n<div class=\"subtitle\">Un quart \u00e0 un tiers de la population mondiale souffre de troubles chroniques du sommeil. Ce n\u2019est pas un d\u00e9tail, car les probl\u00e8mes de sommeil affaiblissent le syst\u00e8me immunitaire, augmentent le risque d\u2019accidents, entra\u00eenent un surpoids, des sautes d\u2019humeur et bien d\u2019autres maladies. Les soucis et les peurs sont l\u2019une des causes les plus courantes de se tourner et se retourner dans son lit. Mais la nature peut apporter un rem\u00e8de doux de plusieurs fa\u00e7ons pour que nous puissions enfin nous calmer.<\/div>\n<div class=\"link\"><a href=\"https:\/\/www.naturalscience.org\/fr\/congres-2022\/lectures\/ce-qui-nous-empeche-de-dormir-tourner-le-dos-a-la-peur\/\">Lire ici un r\u00e9sum\u00e9 de l\u2019expos\u00e9 du Congr\u00e8s<\/a><\/div>\n<\/div>\n<\/div>\n<div class=\"lecture\">\n<div class=\"row\">\n<div class=\"hide-on-mobile medium-6 columns\"><a href=\"https:\/\/www.naturalscience.org\/fr\/congres-2022\/lectures\/mon-corps-une-machine-labolition-de-lesprit\/\"><img loading=\"lazy\" decoding=\"async\" class=\"alignnone size-medium wp-image-37871\" src=\"https:\/\/www.naturalscience.org\/wp-content\/uploads\/2022\/10\/iStock-1206796363-min-scaled.jpg\" alt=\"\" width=\"300\" height=\"200\"><\/a><\/div>\n<div class=\"small-24 medium-18 columns\">\n<h3>Mon corps, une machine&nbsp;?  &#8211; l\u2019abolition de l\u2019esprit<\/h3>\n<div class=\"subtitle\">Suis-je mon corps&nbsp;? Mon corps m\u2019appartient-il&nbsp;? Notre compr\u00e9hension de ce qu\u2019est une personne, de ce qu\u2019est notre corps, a fondamentalement chang\u00e9 ces derni\u00e8res ann\u00e9es. Aujourd\u2019hui, la mod\u00e9lisation et la modification du corps sont \u00e0 peine limit\u00e9es. Cela va si loin qu\u2019\u00e0 l\u2019avenir, gr\u00e2ce \u00e0 l\u2019intelligence artificielle et des technologies similaires, nous pourrons influencer notre corps si profond\u00e9ment que nous deviendrons immortels. Est-ce souhaitable&nbsp;? Et o\u00f9 est l\u2019\u00e2me dans tout cela&nbsp;?<\/div>\n<div class=\"link\"><a href=\"https:\/\/www.naturalscience.org\/fr\/congres-2022\/lectures\/mon-corps-une-machine-labolition-de-lesprit\/\">Lire ici un r\u00e9sum\u00e9 de l\u2019expos\u00e9 du Congr\u00e8s<\/a><\/div>\n<\/div>\n<\/div>\n<\/div>\n<div class=\"lecture\">\n<div class=\"row\">\n<div class=\"hide-on-mobile medium-6 columns\"><a href=\"https:\/\/www.naturalscience.org\/fr\/congres-2022\/lectures\/le-retablissement-de-lordre-naturel\/\"><img loading=\"lazy\" decoding=\"async\" class=\"alignnone size-medium wp-image-37871\" src=\"https:\/\/www.naturalscience.org\/wp-content\/uploads\/2022\/10\/iStock-654031062-min-scaled.jpg\" alt=\"\" width=\"300\" height=\"200\"><\/a><\/div>\n<div class=\"small-24 medium-18 columns\">\n<h3>La restauration de l\u2019ordre naturel<\/h3>\n<div class=\"subtitle\">L\u2019homme a vaincu Dieu, semble-t-il. L\u2019humanit\u00e9 a repouss\u00e9 les limites de l\u2019espace et du temps, elle p\u00e9n\u00e8tre dans de nouveaux univers, elle se r\u00e9invente et r\u00e9invente le monde. Nous pouvons fabriquer de la viande pour qu\u2019aucun animal n\u2019ait \u00e0 sacrifier sa vie pour nous. Nous pourrons bient\u00f4t cr\u00e9er nos propres descendants afin que la maladie soit une chose du pass\u00e9. Avons-nous donc d\u00e9pass\u00e9 les lois de la Nature&nbsp;? Sommes-nous libres&nbsp;? Ou n\u2019est-ce que seulement le d\u00e9but de la fin&nbsp;?<\/div>\n<div class=\"link\"><a href=\"https:\/\/www.naturalscience.org\/fr\/congres-2022\/lectures\/le-retablissement-de-lordre-naturel\/\">Lire ici un r\u00e9sum\u00e9 de l\u2019expos\u00e9 du Congr\u00e8s<\/a><\/div>\n<\/div>\n<\/div>\n<\/div>\n<p>&nbsp;<\/p>\n<h2 style=\"text-align: center;\">Impressions<\/h2>\nngg_shortcode_0_placeholder<\/div>\n","protected":false},"excerpt":{"rendered":"R\u00e9trospective 25\u00e8me Congr\u00e8s Mondial International &nbsp;\u00abNouvelles Perspectives Scientifiques\u00bb du jeudi 20 octobre au dimanche 23 octobre 2022 R\u00e9trospective du programme La vraie science de la vie \u00ab&nbsp;Dieu a \u00e9chou\u00e9, vive la science&nbsp;!&nbsp;\u00bb, comme r\u00e9sonne le t\u00e9nor de plus en plus fort ces derni\u00e8res ann\u00e9es. La science a toutes les r\u00e9ponses \u00e0 nos questions et \u00e0 [&hellip;]","protected":false},"author":14,"featured_media":0,"parent":37702,"menu_order":0,"comment_status":"closed","ping_status":"closed","template":"page-full.php","meta":{"_acf_changed":false,"ngg_post_thumbnail":0,"footnotes":""},"categories":[],"class_list":["post-38559","page","type-page","status-publish","hentry","wpautop"],"acf":[],"yoast_head":"<!-- This site is optimized with the Yoast SEO plugin v27.4 - https:\/\/yoast.com\/product\/yoast-seo-wordpress\/ -->\n<title>R\u00e9trospective - The World Foundation for Natural Science<\/title>\n<meta name=\"robots\" content=\"index, follow, max-snippet:-1, max-image-preview:large, max-video-preview:-1\" \/>\n<link rel=\"canonical\" href=\"https:\/\/www.naturalscience.org\/fr\/congres-2022\/retrospective\/\" \/>\n<meta name=\"twitter:label1\" content=\"Dur\u00e9e de lecture estim\u00e9e\" \/>\n\t<meta name=\"twitter:data1\" content=\"6 minutes\" \/>\n<script type=\"application\/ld+json\" class=\"yoast-schema-graph\">{\"@context\":\"https:\\\/\\\/schema.org\",\"@graph\":[{\"@type\":\"WebPage\",\"@id\":\"https:\\\/\\\/www.naturalscience.org\\\/fr\\\/congres-2022\\\/retrospective\\\/\",\"url\":\"https:\\\/\\\/www.naturalscience.org\\\/fr\\\/congres-2022\\\/retrospective\\\/\",\"name\":\"R\u00e9trospective - The World Foundation for Natural Science\",\"isPartOf\":{\"@id\":\"https:\\\/\\\/www.naturalscience.org\\\/#website\"},\"primaryImageOfPage\":{\"@id\":\"https:\\\/\\\/www.naturalscience.org\\\/fr\\\/congres-2022\\\/retrospective\\\/#primaryimage\"},\"image\":{\"@id\":\"https:\\\/\\\/www.naturalscience.org\\\/fr\\\/congres-2022\\\/retrospective\\\/#primaryimage\"},\"thumbnailUrl\":\"https:\\\/\\\/www.naturalscience.org\\\/wp-content\\\/uploads\\\/2022\\\/10\\\/iStock-1310148959-min-scaled.jpg\",\"datePublished\":\"2023-01-08T19:35:07+00:00\",\"dateModified\":\"2023-01-14T17:22:30+00:00\",\"breadcrumb\":{\"@id\":\"https:\\\/\\\/www.naturalscience.org\\\/fr\\\/congres-2022\\\/retrospective\\\/#breadcrumb\"},\"inLanguage\":\"fr-FR\",\"potentialAction\":[{\"@type\":\"ReadAction\",\"target\":[\"https:\\\/\\\/www.naturalscience.org\\\/fr\\\/congres-2022\\\/retrospective\\\/\"]}]},{\"@type\":\"ImageObject\",\"inLanguage\":\"fr-FR\",\"@id\":\"https:\\\/\\\/www.naturalscience.org\\\/fr\\\/congres-2022\\\/retrospective\\\/#primaryimage\",\"url\":\"https:\\\/\\\/www.naturalscience.org\\\/wp-content\\\/uploads\\\/2022\\\/10\\\/iStock-1310148959-min-scaled.jpg\",\"contentUrl\":\"https:\\\/\\\/www.naturalscience.org\\\/wp-content\\\/uploads\\\/2022\\\/10\\\/iStock-1310148959-min-scaled.jpg\"},{\"@type\":\"BreadcrumbList\",\"@id\":\"https:\\\/\\\/www.naturalscience.org\\\/fr\\\/congres-2022\\\/retrospective\\\/#breadcrumb\",\"itemListElement\":[{\"@type\":\"ListItem\",\"position\":1,\"name\":\"Home\",\"item\":\"https:\\\/\\\/www.naturalscience.org\\\/fr\\\/\"},{\"@type\":\"ListItem\",\"position\":2,\"name\":\"25\u00e8me Congr\u00e8s Mondial International&nbsp;\u00ab\u00a0Nouvelles Perspectives Scientifiques\u00a0\u00bb\",\"item\":\"https:\\\/\\\/www.naturalscience.org\\\/fr\\\/congres-2022\\\/\"},{\"@type\":\"ListItem\",\"position\":3,\"name\":\"R\u00e9trospective\"}]},{\"@type\":\"WebSite\",\"@id\":\"https:\\\/\\\/www.naturalscience.org\\\/#website\",\"url\":\"https:\\\/\\\/www.naturalscience.org\\\/\",\"name\":\"The World Foundation for Natural Science\",\"description\":\"Restoring and Healing the World through Responsibility and Commitment in accord with Natural and Divine Law!\",\"potentialAction\":[{\"@type\":\"SearchAction\",\"target\":{\"@type\":\"EntryPoint\",\"urlTemplate\":\"https:\\\/\\\/www.naturalscience.org\\\/?s={search_term_string}\"},\"query-input\":{\"@type\":\"PropertyValueSpecification\",\"valueRequired\":true,\"valueName\":\"search_term_string\"}}],\"inLanguage\":\"fr-FR\"}]}<\/script>\n<!-- \/ Yoast SEO plugin. -->","yoast_head_json":{"title":"R\u00e9trospective - The World Foundation for Natural Science","robots":{"index":"index","follow":"follow","max-snippet":"max-snippet:-1","max-image-preview":"max-image-preview:large","max-video-preview":"max-video-preview:-1"},"canonical":"https:\/\/www.naturalscience.org\/fr\/congres-2022\/retrospective\/","twitter_misc":{"Dur\u00e9e de lecture estim\u00e9e":"6 minutes"},"schema":{"@context":"https:\/\/schema.org","@graph":[{"@type":"WebPage","@id":"https:\/\/www.naturalscience.org\/fr\/congres-2022\/retrospective\/","url":"https:\/\/www.naturalscience.org\/fr\/congres-2022\/retrospective\/","name":"R\u00e9trospective - The World Foundation for Natural Science","isPartOf":{"@id":"https:\/\/www.naturalscience.org\/#website"},"primaryImageOfPage":{"@id":"https:\/\/www.naturalscience.org\/fr\/congres-2022\/retrospective\/#primaryimage"},"image":{"@id":"https:\/\/www.naturalscience.org\/fr\/congres-2022\/retrospective\/#primaryimage"},"thumbnailUrl":"https:\/\/www.naturalscience.org\/wp-content\/uploads\/2022\/10\/iStock-1310148959-min-scaled.jpg","datePublished":"2023-01-08T19:35:07+00:00","dateModified":"2023-01-14T17:22:30+00:00","breadcrumb":{"@id":"https:\/\/www.naturalscience.org\/fr\/congres-2022\/retrospective\/#breadcrumb"},"inLanguage":"fr-FR","potentialAction":[{"@type":"ReadAction","target":["https:\/\/www.naturalscience.org\/fr\/congres-2022\/retrospective\/"]}]},{"@type":"ImageObject","inLanguage":"fr-FR","@id":"https:\/\/www.naturalscience.org\/fr\/congres-2022\/retrospective\/#primaryimage","url":"https:\/\/www.naturalscience.org\/wp-content\/uploads\/2022\/10\/iStock-1310148959-min-scaled.jpg","contentUrl":"https:\/\/www.naturalscience.org\/wp-content\/uploads\/2022\/10\/iStock-1310148959-min-scaled.jpg"},{"@type":"BreadcrumbList","@id":"https:\/\/www.naturalscience.org\/fr\/congres-2022\/retrospective\/#breadcrumb","itemListElement":[{"@type":"ListItem","position":1,"name":"Home","item":"https:\/\/www.naturalscience.org\/fr\/"},{"@type":"ListItem","position":2,"name":"25\u00e8me Congr\u00e8s Mondial International&nbsp;\u00ab\u00a0Nouvelles Perspectives Scientifiques\u00a0\u00bb","item":"https:\/\/www.naturalscience.org\/fr\/congres-2022\/"},{"@type":"ListItem","position":3,"name":"R\u00e9trospective"}]},{"@type":"WebSite","@id":"https:\/\/www.naturalscience.org\/#website","url":"https:\/\/www.naturalscience.org\/","name":"The World Foundation for Natural Science","description":"Restoring and Healing the World through Responsibility and Commitment in accord with Natural and Divine Law!","potentialAction":[{"@type":"SearchAction","target":{"@type":"EntryPoint","urlTemplate":"https:\/\/www.naturalscience.org\/?s={search_term_string}"},"query-input":{"@type":"PropertyValueSpecification","valueRequired":true,"valueName":"search_term_string"}}],"inLanguage":"fr-FR"}]}},"_links":{"self":[{"href":"https:\/\/www.naturalscience.org\/fr\/wp-json\/wp\/v2\/pages\/38559","targetHints":{"allow":["GET"]}}],"collection":[{"href":"https:\/\/www.naturalscience.org\/fr\/wp-json\/wp\/v2\/pages"}],"about":[{"href":"https:\/\/www.naturalscience.org\/fr\/wp-json\/wp\/v2\/types\/page"}],"author":[{"embeddable":true,"href":"https:\/\/www.naturalscience.org\/fr\/wp-json\/wp\/v2\/users\/14"}],"replies":[{"embeddable":true,"href":"https:\/\/www.naturalscience.org\/fr\/wp-json\/wp\/v2\/comments?post=38559"}],"version-history":[{"count":7,"href":"https:\/\/www.naturalscience.org\/fr\/wp-json\/wp\/v2\/pages\/38559\/revisions"}],"predecessor-version":[{"id":38718,"href":"https:\/\/www.naturalscience.org\/fr\/wp-json\/wp\/v2\/pages\/38559\/revisions\/38718"}],"up":[{"embeddable":true,"href":"https:\/\/www.naturalscience.org\/fr\/wp-json\/wp\/v2\/pages\/37702"}],"wp:attachment":[{"href":"https:\/\/www.naturalscience.org\/fr\/wp-json\/wp\/v2\/media?parent=38559"}],"wp:term":[{"taxonomy":"category","embeddable":true,"href":"https:\/\/www.naturalscience.org\/fr\/wp-json\/wp\/v2\/categories?post=38559"}],"curies":[{"name":"wp","href":"https:\/\/api.w.org\/{rel}","templated":true}]}}