{"id":35308,"date":"2021-05-13T11:43:56","date_gmt":"2021-05-13T09:43:56","guid":{"rendered":"https:\/\/www.naturalscience.org\/?page_id=35308"},"modified":"2021-05-13T11:43:56","modified_gmt":"2021-05-13T09:43:56","slug":"covid-19-5g","status":"publish","type":"page","link":"https:\/\/www.naturalscience.org\/fr\/covid-19-5g\/","title":{"rendered":"COVID-19 \/ 5G"},"content":{"rendered":"<div class=\"row\">\n<div class=\"medium-12 columns\">\n<div class=\"content-box green-1 width-100 corona-box\">\n<div class=\"content-box-title\">COVID-19<\/div>\n<div class=\"content-box-body\">\n<div class=\"article\">\n<a href=\"https:\/\/www.naturalscience.org\/fr\/news\/2021\/05\/asymptomatique-jusqua-preuve-du-contraire-une-mauvaise-utilisation-et-une-vision-eronnee-des-tests-du-sras-cov-2\/\"><img loading=\"lazy\" decoding=\"async\" src=\"https:\/\/www.naturalscience.org\/wp-content\/uploads\/2021\/03\/home-corona-covid-test.jpg\" alt=\"\" width=\"438\" height=\"122\" class=\"alignnone size-full wp-image-34556\" srcset=\"https:\/\/www.naturalscience.org\/wp-content\/uploads\/2021\/03\/home-corona-covid-test.jpg 438w, https:\/\/www.naturalscience.org\/wp-content\/uploads\/2021\/03\/home-corona-covid-test-300x84.jpg 300w, https:\/\/www.naturalscience.org\/wp-content\/uploads\/2021\/03\/home-corona-covid-test-164x46.jpg 164w, https:\/\/www.naturalscience.org\/wp-content\/uploads\/2021\/03\/home-corona-covid-test-400x111.jpg 400w\" sizes=\"auto, (max-width: 438px) 100vw, 438px\" \/><\/a><br \/>\n<a href=\"https:\/\/www.naturalscience.org\/fr\/news\/2021\/05\/asymptomatique-jusqua-preuve-du-contraire-une-mauvaise-utilisation-et-une-vision-eronnee-des-tests-du-sras-cov-2\/\">Asymptomatique jusqu\u2019\u00e0 preuve du contraire&nbsp;: une mauvaise utilisation et une vision \u00e9ronn\u00e9e des tests du SRAS-CoV-2<\/a>\n<\/div>\n<div class=\"article\">\n<a href=\"https:\/\/www.naturalscience.org\/fr\/news\/2020\/12\/vaccination-contre-la-covid-19-les-questions-auxquelles-vous-devriez-obtenir-des-reponses-avant-de-vous-faire-vacciner\/\"><img loading=\"lazy\" decoding=\"async\" src=\"https:\/\/www.naturalscience.org\/wp-content\/uploads\/2021\/01\/home-corona-impfung.jpg\" alt=\"\" width=\"438\" height=\"122\" class=\"alignnone size-full wp-image-34389\" srcset=\"https:\/\/www.naturalscience.org\/wp-content\/uploads\/2021\/01\/home-corona-impfung.jpg 438w, https:\/\/www.naturalscience.org\/wp-content\/uploads\/2021\/01\/home-corona-impfung-300x84.jpg 300w, https:\/\/www.naturalscience.org\/wp-content\/uploads\/2021\/01\/home-corona-impfung-164x46.jpg 164w, https:\/\/www.naturalscience.org\/wp-content\/uploads\/2021\/01\/home-corona-impfung-400x111.jpg 400w\" sizes=\"auto, (max-width: 438px) 100vw, 438px\" \/><\/a><br \/>\n<a href=\"https:\/\/www.naturalscience.org\/fr\/news\/2020\/12\/vaccination-contre-la-covid-19-les-questions-auxquelles-vous-devriez-obtenir-des-reponses-avant-de-vous-faire-vacciner\/\">Vaccination contre la Covid-19&nbsp;: les questions auxquelles vous devriez obtenir des r\u00e9ponses avant de vous faire vacciner<\/a>\n<\/div>\n<div class=\"article\">\n<a href=\"https:\/\/www.naturalscience.org\/fr\/news\/2021\/01\/vaccins-contre-le-sras-cov-2-devriez-vous-vous-faire-vacciner-chaque-annee-1ere-partie-de-2\/\"><img loading=\"lazy\" decoding=\"async\" src=\"https:\/\/www.naturalscience.org\/wp-content\/uploads\/2021\/01\/home-corona-sars-cov-2.jpg\" alt=\"\" width=\"438\" height=\"121\" class=\"alignnone size-full wp-image-34390\" srcset=\"https:\/\/www.naturalscience.org\/wp-content\/uploads\/2021\/01\/home-corona-sars-cov-2.jpg 438w, https:\/\/www.naturalscience.org\/wp-content\/uploads\/2021\/01\/home-corona-sars-cov-2-300x83.jpg 300w, https:\/\/www.naturalscience.org\/wp-content\/uploads\/2021\/01\/home-corona-sars-cov-2-164x45.jpg 164w, https:\/\/www.naturalscience.org\/wp-content\/uploads\/2021\/01\/home-corona-sars-cov-2-400x111.jpg 400w\" sizes=\"auto, (max-width: 438px) 100vw, 438px\" \/><\/a><br \/>\n<a href=\"https:\/\/www.naturalscience.org\/fr\/news\/2021\/01\/vaccins-contre-le-sras-cov-2-devriez-vous-vous-faire-vacciner-chaque-annee-1ere-partie-de-2\/\">Vaccins contre le SRAS-CoV-2&nbsp;:  devriez-vous vous faire vacciner chaque ann\u00e9e&nbsp;?<br \/>\u2013 1\u00e8re partie<\/a><br \/><a href=\"https:\/\/www.naturalscience.org\/fr\/news\/2021\/03\/vaccins-contre-le-sras-cov-2-devriez-vous-vous-faire-vacciner-chaque-annee-2eme-et-derniere-partie\/\">2\u00e8me et derni\u00e8re partie<\/a>\n<\/div>\n<div class=\"article\">\n<a href=\"https:\/\/www.naturalscience.org\/fr\/news\/2021\/04\/les-risques-du-port-du-masque-pour-la-sante\/\"><img loading=\"lazy\" decoding=\"async\" src=\"https:\/\/www.naturalscience.org\/wp-content\/uploads\/2021\/01\/home-corona-face-mask.jpg\" alt=\"\" width=\"438\" height=\"121\" class=\"alignnone size-full wp-image-34388\" srcset=\"https:\/\/www.naturalscience.org\/wp-content\/uploads\/2021\/01\/home-corona-face-mask.jpg 438w, https:\/\/www.naturalscience.org\/wp-content\/uploads\/2021\/01\/home-corona-face-mask-300x83.jpg 300w, https:\/\/www.naturalscience.org\/wp-content\/uploads\/2021\/01\/home-corona-face-mask-164x45.jpg 164w, https:\/\/www.naturalscience.org\/wp-content\/uploads\/2021\/01\/home-corona-face-mask-400x111.jpg 400w\" sizes=\"auto, (max-width: 438px) 100vw, 438px\" \/><\/a><br \/>\n<a href=\"https:\/\/www.naturalscience.org\/fr\/news\/2021\/04\/les-risques-du-port-du-masque-pour-la-sante\/\">Les risques du port du masque pour la sant\u00e9<\/a>\n<\/div>\n<div class=\"text-center\">\n<a class=\"button radius\"  href=\"https:\/\/www.naturalscience.org\/fr\/themes\/sante\/coronavirus\/\"><i class=\" fa fa-angle-right\"><\/i> Plus d\u2019articles sur ce sujet<\/a>\n<\/div>\n<\/div>\n<\/div>\n<\/div>\n<div class=\"medium-12 columns\">\n<div class=\"content-box green-1 width-100 corona-box\">\n<div class=\"content-box-title\">5G<\/div>\n<div class=\"content-box-body\">\n<div class=\"article\">\n<a href=\"https:\/\/www.naturalscience.org\/fr\/news\/2020\/05\/la-contribution-de-la-cinquieme-generation-de-telecommunication-5g-a-la-pandemie-de-la-covid-19\/\"><img loading=\"lazy\" decoding=\"async\" src=\"https:\/\/www.naturalscience.org\/wp-content\/uploads\/2021\/01\/home-5g-beitrag.jpg\" alt=\"\" width=\"438\" height=\"121\" class=\"alignnone size-full wp-image-34386\" srcset=\"https:\/\/www.naturalscience.org\/wp-content\/uploads\/2021\/01\/home-5g-beitrag.jpg 438w, https:\/\/www.naturalscience.org\/wp-content\/uploads\/2021\/01\/home-5g-beitrag-300x83.jpg 300w, https:\/\/www.naturalscience.org\/wp-content\/uploads\/2021\/01\/home-5g-beitrag-164x45.jpg 164w, https:\/\/www.naturalscience.org\/wp-content\/uploads\/2021\/01\/home-5g-beitrag-400x111.jpg 400w\" sizes=\"auto, (max-width: 438px) 100vw, 438px\" \/><\/a><br \/>\n<a href=\"https:\/\/www.naturalscience.org\/fr\/news\/2020\/05\/la-contribution-de-la-cinquieme-generation-de-telecommunication-5g-a-la-pandemie-de-la-covid-19\/\">La contribution de la cinqui\u00e8me g\u00e9n\u00e9ration de t\u00e9l\u00e9communication 5G  \u00e0 la pand\u00e9mie de la COVID-19<\/a>\n<\/div>\n<div class=\"article\">\n<a href=\"https:\/\/www.naturalscience.org\/fr\/news\/2020\/03\/coronavirus-et-la-5g\/\"><img loading=\"lazy\" decoding=\"async\" src=\"https:\/\/www.naturalscience.org\/wp-content\/uploads\/2021\/01\/home-5g-corona.jpg\" alt=\"\" width=\"438\" height=\"122\" class=\"alignnone size-full wp-image-34387\" srcset=\"https:\/\/www.naturalscience.org\/wp-content\/uploads\/2021\/01\/home-5g-corona.jpg 438w, https:\/\/www.naturalscience.org\/wp-content\/uploads\/2021\/01\/home-5g-corona-300x84.jpg 300w, https:\/\/www.naturalscience.org\/wp-content\/uploads\/2021\/01\/home-5g-corona-164x46.jpg 164w, https:\/\/www.naturalscience.org\/wp-content\/uploads\/2021\/01\/home-5g-corona-400x111.jpg 400w\" sizes=\"auto, (max-width: 438px) 100vw, 438px\" \/><\/a><br \/>\n<a href=\"https:\/\/www.naturalscience.org\/fr\/news\/2020\/03\/coronavirus-et-la-5g\/\">Coronavirus et la 5G<\/a>\n<\/div>\n<\/div>\n<\/div>\n<\/div>\n<\/div>\n","protected":false},"excerpt":{"rendered":"COVID-19 Asymptomatique jusqu\u2019\u00e0 preuve du contraire&nbsp;: une mauvaise utilisation et une vision \u00e9ronn\u00e9e des tests du SRAS-CoV-2 Vaccination contre la Covid-19&nbsp;: les questions auxquelles vous devriez obtenir des r\u00e9ponses avant de vous faire vacciner Vaccins contre le SRAS-CoV-2&nbsp;: devriez-vous vous faire vacciner chaque ann\u00e9e&nbsp;?\u2013 1\u00e8re partie2\u00e8me et derni\u00e8re partie Les risques du port du masque [&hellip;]","protected":false},"author":9,"featured_media":0,"parent":0,"menu_order":0,"comment_status":"closed","ping_status":"closed","template":"page-full.php","meta":{"_acf_changed":false,"ngg_post_thumbnail":0,"footnotes":""},"categories":[],"class_list":["post-35308","page","type-page","status-publish","hentry","wpautop"],"acf":[],"yoast_head":"<!-- This site is optimized with the Yoast SEO plugin v27.4 - https:\/\/yoast.com\/product\/yoast-seo-wordpress\/ -->\n<title>COVID-19 \/ 5G - The World Foundation for Natural Science<\/title>\n<meta name=\"robots\" content=\"index, follow, max-snippet:-1, max-image-preview:large, max-video-preview:-1\" \/>\n<link rel=\"canonical\" href=\"https:\/\/www.naturalscience.org\/fr\/covid-19-5g\/\" \/>\n<script type=\"application\/ld+json\" class=\"yoast-schema-graph\">{\"@context\":\"https:\\\/\\\/schema.org\",\"@graph\":[{\"@type\":\"WebPage\",\"@id\":\"https:\\\/\\\/www.naturalscience.org\\\/fr\\\/covid-19-5g\\\/\",\"url\":\"https:\\\/\\\/www.naturalscience.org\\\/fr\\\/covid-19-5g\\\/\",\"name\":\"COVID-19 \\\/ 5G - The World Foundation for Natural Science\",\"isPartOf\":{\"@id\":\"https:\\\/\\\/www.naturalscience.org\\\/#website\"},\"primaryImageOfPage\":{\"@id\":\"https:\\\/\\\/www.naturalscience.org\\\/fr\\\/covid-19-5g\\\/#primaryimage\"},\"image\":{\"@id\":\"https:\\\/\\\/www.naturalscience.org\\\/fr\\\/covid-19-5g\\\/#primaryimage\"},\"thumbnailUrl\":\"https:\\\/\\\/www.naturalscience.org\\\/wp-content\\\/uploads\\\/2021\\\/03\\\/home-corona-covid-test.jpg\",\"datePublished\":\"2021-05-13T09:43:56+00:00\",\"breadcrumb\":{\"@id\":\"https:\\\/\\\/www.naturalscience.org\\\/fr\\\/covid-19-5g\\\/#breadcrumb\"},\"inLanguage\":\"fr-FR\",\"potentialAction\":[{\"@type\":\"ReadAction\",\"target\":[\"https:\\\/\\\/www.naturalscience.org\\\/fr\\\/covid-19-5g\\\/\"]}]},{\"@type\":\"ImageObject\",\"inLanguage\":\"fr-FR\",\"@id\":\"https:\\\/\\\/www.naturalscience.org\\\/fr\\\/covid-19-5g\\\/#primaryimage\",\"url\":\"https:\\\/\\\/www.naturalscience.org\\\/wp-content\\\/uploads\\\/2021\\\/03\\\/home-corona-covid-test.jpg\",\"contentUrl\":\"https:\\\/\\\/www.naturalscience.org\\\/wp-content\\\/uploads\\\/2021\\\/03\\\/home-corona-covid-test.jpg\"},{\"@type\":\"BreadcrumbList\",\"@id\":\"https:\\\/\\\/www.naturalscience.org\\\/fr\\\/covid-19-5g\\\/#breadcrumb\",\"itemListElement\":[{\"@type\":\"ListItem\",\"position\":1,\"name\":\"Home\",\"item\":\"https:\\\/\\\/www.naturalscience.org\\\/fr\\\/\"},{\"@type\":\"ListItem\",\"position\":2,\"name\":\"COVID-19 \\\/ 5G\"}]},{\"@type\":\"WebSite\",\"@id\":\"https:\\\/\\\/www.naturalscience.org\\\/#website\",\"url\":\"https:\\\/\\\/www.naturalscience.org\\\/\",\"name\":\"The World Foundation for Natural Science\",\"description\":\"Restoring and Healing the World through Responsibility and Commitment in accord with Natural and Divine Law!\",\"potentialAction\":[{\"@type\":\"SearchAction\",\"target\":{\"@type\":\"EntryPoint\",\"urlTemplate\":\"https:\\\/\\\/www.naturalscience.org\\\/?s={search_term_string}\"},\"query-input\":{\"@type\":\"PropertyValueSpecification\",\"valueRequired\":true,\"valueName\":\"search_term_string\"}}],\"inLanguage\":\"fr-FR\"}]}<\/script>\n<!-- \/ Yoast SEO plugin. -->","yoast_head_json":{"title":"COVID-19 \/ 5G - The World Foundation for Natural Science","robots":{"index":"index","follow":"follow","max-snippet":"max-snippet:-1","max-image-preview":"max-image-preview:large","max-video-preview":"max-video-preview:-1"},"canonical":"https:\/\/www.naturalscience.org\/fr\/covid-19-5g\/","schema":{"@context":"https:\/\/schema.org","@graph":[{"@type":"WebPage","@id":"https:\/\/www.naturalscience.org\/fr\/covid-19-5g\/","url":"https:\/\/www.naturalscience.org\/fr\/covid-19-5g\/","name":"COVID-19 \/ 5G - The World Foundation for Natural Science","isPartOf":{"@id":"https:\/\/www.naturalscience.org\/#website"},"primaryImageOfPage":{"@id":"https:\/\/www.naturalscience.org\/fr\/covid-19-5g\/#primaryimage"},"image":{"@id":"https:\/\/www.naturalscience.org\/fr\/covid-19-5g\/#primaryimage"},"thumbnailUrl":"https:\/\/www.naturalscience.org\/wp-content\/uploads\/2021\/03\/home-corona-covid-test.jpg","datePublished":"2021-05-13T09:43:56+00:00","breadcrumb":{"@id":"https:\/\/www.naturalscience.org\/fr\/covid-19-5g\/#breadcrumb"},"inLanguage":"fr-FR","potentialAction":[{"@type":"ReadAction","target":["https:\/\/www.naturalscience.org\/fr\/covid-19-5g\/"]}]},{"@type":"ImageObject","inLanguage":"fr-FR","@id":"https:\/\/www.naturalscience.org\/fr\/covid-19-5g\/#primaryimage","url":"https:\/\/www.naturalscience.org\/wp-content\/uploads\/2021\/03\/home-corona-covid-test.jpg","contentUrl":"https:\/\/www.naturalscience.org\/wp-content\/uploads\/2021\/03\/home-corona-covid-test.jpg"},{"@type":"BreadcrumbList","@id":"https:\/\/www.naturalscience.org\/fr\/covid-19-5g\/#breadcrumb","itemListElement":[{"@type":"ListItem","position":1,"name":"Home","item":"https:\/\/www.naturalscience.org\/fr\/"},{"@type":"ListItem","position":2,"name":"COVID-19 \/ 5G"}]},{"@type":"WebSite","@id":"https:\/\/www.naturalscience.org\/#website","url":"https:\/\/www.naturalscience.org\/","name":"The World Foundation for Natural Science","description":"Restoring and Healing the World through Responsibility and Commitment in accord with Natural and Divine Law!","potentialAction":[{"@type":"SearchAction","target":{"@type":"EntryPoint","urlTemplate":"https:\/\/www.naturalscience.org\/?s={search_term_string}"},"query-input":{"@type":"PropertyValueSpecification","valueRequired":true,"valueName":"search_term_string"}}],"inLanguage":"fr-FR"}]}},"_links":{"self":[{"href":"https:\/\/www.naturalscience.org\/fr\/wp-json\/wp\/v2\/pages\/35308","targetHints":{"allow":["GET"]}}],"collection":[{"href":"https:\/\/www.naturalscience.org\/fr\/wp-json\/wp\/v2\/pages"}],"about":[{"href":"https:\/\/www.naturalscience.org\/fr\/wp-json\/wp\/v2\/types\/page"}],"author":[{"embeddable":true,"href":"https:\/\/www.naturalscience.org\/fr\/wp-json\/wp\/v2\/users\/9"}],"replies":[{"embeddable":true,"href":"https:\/\/www.naturalscience.org\/fr\/wp-json\/wp\/v2\/comments?post=35308"}],"version-history":[{"count":1,"href":"https:\/\/www.naturalscience.org\/fr\/wp-json\/wp\/v2\/pages\/35308\/revisions"}],"predecessor-version":[{"id":35309,"href":"https:\/\/www.naturalscience.org\/fr\/wp-json\/wp\/v2\/pages\/35308\/revisions\/35309"}],"wp:attachment":[{"href":"https:\/\/www.naturalscience.org\/fr\/wp-json\/wp\/v2\/media?parent=35308"}],"wp:term":[{"taxonomy":"category","embeddable":true,"href":"https:\/\/www.naturalscience.org\/fr\/wp-json\/wp\/v2\/categories?post=35308"}],"curies":[{"name":"wp","href":"https:\/\/api.w.org\/{rel}","templated":true}]}}