{"id":32574,"date":"2020-04-03T23:34:42","date_gmt":"2020-04-03T21:34:42","guid":{"rendered":"https:\/\/www.naturalscience.org\/?page_id=32574"},"modified":"2021-04-24T15:04:41","modified_gmt":"2021-04-24T13:04:41","slug":"coronavirus","status":"publish","type":"page","link":"https:\/\/www.naturalscience.org\/fr\/themes\/sante\/coronavirus\/","title":{"rendered":"D\u2019actualit\u00e9&nbsp;: Coronavirus"},"content":{"rendered":"<style>\n.page-template-page-full .corona-box { margin-bottom: 30px; }\n.page-template-page-full .corona-box .content-box-title { font-size: 18px; text-align: center; }\n.corona-box .content-box-body a.button { text-decoration: none; }\n.corona-box ul li { padding: 3px 0 3px 0; list-style: none; font-size: 15px; line-height: 1.3; }\n.corona-box ul li::before { font-family: \"FontAwesome\"; content: \"\\f105\"; margin: 0 5px 0 -10px;  }\n.home .corona-box .content-box-title { font-size: 24px; text-align: center; }\n.home .corona-box .content-box-body .article { margin-bottom: 30px; }\t \t \n.home .corona-box .content-box-body .article img { margin-bottom: 5px; }\t \t \n.home .corona-box .content-box-body .article a { font-size: 17px; }\n<\/style>\n<div class=\"row\">\n<div class=\"medium-12 columns\">\n<div class=\"content-box green-1 width-100 corona-box\">\n<div class=\"content-box-title\">\u00catre et rester en bonne sant\u00e9<\/div>\n<div class=\"content-box-body\">\n<ul>\n<li><a href=\"https:\/\/www.naturalscience.org\/fr\/news\/2020\/04\/sels-de-schuessler-en-cas-de-refroidissement\/\">Sels de Sch\u00fcssler en cas de refroidissement<\/a><\/li>\n<li><a href=\"https:\/\/www.naturalscience.org\/fr\/news\/2020\/04\/prevention-et-traitement-de-la-grippe-avec-des-remedes-homeopathiques\/\">Pr\u00e9vention et traitement de la grippe avec des rem\u00e8des hom\u00e9opathiques<\/a><\/li>\n<li><a href=\"https:\/\/www.naturalscience.org\/fr\/news\/2020\/04\/sans-crainte-a-travers-la-crise-ces-fleurs-de-bach-vous-accompagnent-efficacement-pendant-letat-durgence-du-coronavirus\/\">\u00ab\u00a0Sans crainte \u00e0 travers la crise\u00a0\u00bb Ces fleurs de Bach vous accompagnent efficacement pendant l\u2019\u00e9tat d\u2019urgence du coronavirus\u00a0!<\/a><\/li>\n<li><a href=\"https:\/\/www.naturalscience.org\/fr\/news\/2020\/05\/extrait-de-reglisse-une-option-therapeutique-pour-la-covid-19\/\">Extrait de r\u00e9glisse \u2013  une option th\u00e9rapeutique pour la COVID-19<\/a><\/li>\n<li><a href=\"https:\/\/www.naturalscience.org\/fr\/news\/2020\/03\/quest-ce-que-la-sante\/\">Qu\u2019est-ce que la sant\u00e9\u00a0?<\/a><\/li>\n<\/ul>\n<\/div>\n<\/div>\n<div class=\"content-box green-1 width-100 corona-box\">\n<div class=\"content-box-title\">Travail, \u00e9cole, soci\u00e9t\u00e9<\/div>\n<div class=\"content-box-body\">\n<ul>\n<li><a href=\"https:\/\/www.naturalscience.org\/fr\/news\/2020\/06\/comment-reduire-lexposition-au-rayonnement-au-bureau-a-domicile\/\">Comment r\u00e9duire l\u2019exposition au rayonnement au bureau \u00e0 domicile<\/a><\/li>\n<li><a href=\"https:\/\/www.naturalscience.org\/fr\/news\/2020\/09\/e-learning-ou-plutot-style-vieille-ecole\/\">E-learning ou plut\u00f4t style vieille \u00e9cole\u00a0?<\/a><\/li>\n<\/ul>\n<\/div>\n<\/div>\n<div class=\"content-box green-1 width-100 corona-box\">\n<div class=\"content-box-title\">Vaccin contre la COVID-19<\/div>\n<div class=\"content-box-body\">\n<ul>\n<li><a href=\"https:\/\/www.naturalscience.org\/fr\/news\/2021\/01\/vaccins-contre-le-sras-cov-2-devriez-vous-vous-faire-vacciner-chaque-annee-1ere-partie-de-2\/\">Vaccins contre le SRAS-CoV-2&nbsp;:  devriez-vous vous faire vacciner chaque ann\u00e9e&nbsp;?<br \/>\u2013 1\u00e8re partie<\/a><br \/><a href=\"https:\/\/www.naturalscience.org\/fr\/news\/2021\/03\/vaccins-contre-le-sras-cov-2-devriez-vous-vous-faire-vacciner-chaque-annee-2eme-et-derniere-partie\/\">2\u00e8me et derni\u00e8re partie<\/a><\/li>\n<li><a href=\"https:\/\/www.naturalscience.org\/fr\/news\/2020\/12\/vaccination-contre-la-covid-19-les-questions-auxquelles-vous-devriez-obtenir-des-reponses-avant-de-vous-faire-vacciner\/\">Vaccination contre la Covid-19\u00a0: les questions auxquelles vous devriez obtenir des r\u00e9ponses avant de vous faire vacciner<\/a><\/li>\n<li><a href=\"https:\/\/www.naturalscience.org\/fr\/news\/2020\/09\/les-vaccins-sont-ils-vraiment-le-seul-moyen-de-proteger-lhumanite-contre-les-pandemies\/\">Les vaccins sont-ils vraiment le seul moyen de prot\u00e9ger l\u2019humanit\u00e9 contre les pand\u00e9mies\u00a0?<\/a><\/li>\n<\/ul>\n<\/div>\n<\/div>\n<\/div>\n<div class=\"medium-12 columns\">\n<div class=\"content-box green-1 width-100 corona-box\">\n<div class=\"content-box-title\">Renforcer le syst\u00e8me immunitaire<\/div>\n<div class=\"content-box-body\">\n<ul>\n<li><a href=\"https:\/\/www.naturalscience.org\/fr\/news\/2020\/05\/les-remedes-de-grand-mere-fortifiants\/\">Les rem\u00e8des de grand-m\u00e8re fortifiants<\/a><\/li>\n<li><a href=\"https:\/\/www.naturalscience.org\/fr\/news\/2020\/04\/antibiotiques-vegetaux\/\">Antibiotiques v\u00e9g\u00e9taux<\/a><\/li>\n<li><a href=\"https:\/\/www.naturalscience.org\/fr\/news\/2020\/04\/la-sauge-on-dit-que-cette-plante-donne-la-vie-eternelle\/\">LA SAUGE \u2013 On dit que cette plante donne la vie \u00e9ternelle<\/a><\/li>\n<li><a href=\"https:\/\/www.naturalscience.org\/fr\/news\/2020\/04\/lail-des-ours-messager-du-printemps-aux-vertus-medicinales\/\">L\u2019ail des ours, messager du printemps aux vertus m\u00e9dicinales<\/a><\/li>\n<li><a href=\"https:\/\/www.naturalscience.org\/fr\/news\/2020\/03\/rire-est-le-meilleur-remede\/\">RIRE EST LE MEILLEUR REM\u00c8DE\u00a0!<\/a><\/li>\n<li><a href=\"https:\/\/www.naturalscience.org\/fr\/news\/2020\/04\/la-lumiere-du-soleil-est-nourrissante\/\">La lumi\u00e8re du soleil est nourrissante<\/a><\/li>\n<li><a href=\"https:\/\/www.naturalscience.org\/fr\/news\/2020\/03\/coronavirus-comment-eviter-de-tomber-malade\/\">Coronavirus\u00a0: comment \u00e9viter de tomber malade\u00a0?<\/a><\/li>\n<li><a href=\"https:\/\/www.naturalscience.org\/fr\/news\/2020\/03\/protection-et-soin-avec-les-huiles-essentielles\/\">Protection et soin avec les huiles essentielles<\/a><\/li>\n<\/ul>\n<\/div>\n<\/div>\n<div class=\"content-box green-1 width-100 corona-box\">\n<div class=\"content-box-title\">Respiration<\/div>\n<div class=\"content-box-body\">\n<ul>\n<li><a href=\"https:\/\/www.naturalscience.org\/fr\/news\/2020\/04\/arreter-de-fumer-maintenant\/\">ARR\u00caTER DE FUMER MAINTENANT<\/a><\/li>\n<li><a href=\"https:\/\/www.naturalscience.org\/fr\/news\/2020\/03\/le-pouvoir-de-guerison-de-la-respiration\/\">Le pouvoir de gu\u00e9rison de la respiration<\/a><\/li>\n<li><a href=\"https:\/\/www.naturalscience.org\/fr\/news\/2021\/04\/les-risques-du-port-du-masque-pour-la-sante\/\">Les risques du port du masque pour la sant\u00e9<\/a><\/li>\n<\/ul>\n<\/div>\n<\/div>\n<div class=\"content-box green-1 width-100 corona-box\">\n<div class=\"content-box-title\">5G<\/div>\n<div class=\"content-box-body\">\n<ul>\n<li><a href=\"https:\/\/www.naturalscience.org\/fr\/news\/2020\/05\/la-contribution-de-la-cinquieme-generation-de-telecommunication-5g-a-la-pandemie-de-la-covid-19\/\">La contribution de la cinqui\u00e8me g\u00e9n\u00e9ration de t\u00e9l\u00e9communication 5G  \u00e0 la pand\u00e9mie de la COVID-19<\/a><\/li>\n<li><a href=\"https:\/\/www.naturalscience.org\/fr\/news\/2020\/03\/coronavirus-et-la-5g\/\">Coronavirus et la 5G<\/a><\/li>\n<\/ul>\n<\/div>\n<\/div>\n<\/div>\n<\/div>\n","protected":false},"excerpt":{"rendered":"\u00catre et rester en bonne sant\u00e9 Sels de Sch\u00fcssler en cas de refroidissement Pr\u00e9vention et traitement de la grippe avec des rem\u00e8des hom\u00e9opathiques \u00ab\u00a0Sans crainte \u00e0 travers la crise\u00a0\u00bb Ces fleurs de Bach vous accompagnent efficacement pendant l\u2019\u00e9tat d\u2019urgence du coronavirus\u00a0! Extrait de r\u00e9glisse \u2013 une option th\u00e9rapeutique pour la COVID-19 Qu\u2019est-ce que la sant\u00e9\u00a0? [&hellip;]","protected":false},"author":9,"featured_media":0,"parent":16550,"menu_order":0,"comment_status":"closed","ping_status":"closed","template":"page-full.php","meta":{"_acf_changed":false,"ngg_post_thumbnail":0,"footnotes":""},"categories":[517],"class_list":["post-32574","page","type-page","status-publish","hentry","category-coronavirus","wpautop"],"acf":[],"yoast_head":"<!-- This site is optimized with the Yoast SEO plugin v27.6 - https:\/\/yoast.com\/product\/yoast-seo-wordpress\/ -->\n<title>D\u2019actualit\u00e9 : Coronavirus - The World Foundation for Natural Science<\/title>\n<meta name=\"robots\" content=\"index, follow, max-snippet:-1, max-image-preview:large, max-video-preview:-1\" \/>\n<link rel=\"canonical\" href=\"https:\/\/www.naturalscience.org\/fr\/themes\/sante\/coronavirus\/\" \/>\n<meta name=\"twitter:label1\" content=\"Dur\u00e9e de lecture estim\u00e9e\" \/>\n\t<meta name=\"twitter:data1\" content=\"1 minute\" \/>\n<script type=\"application\/ld+json\" class=\"yoast-schema-graph\">{\"@context\":\"https:\\\/\\\/schema.org\",\"@graph\":[{\"@type\":\"WebPage\",\"@id\":\"https:\\\/\\\/www.naturalscience.org\\\/fr\\\/themes\\\/sante\\\/coronavirus\\\/\",\"url\":\"https:\\\/\\\/www.naturalscience.org\\\/fr\\\/themes\\\/sante\\\/coronavirus\\\/\",\"name\":\"D\u2019actualit\u00e9 : Coronavirus - The World Foundation for Natural Science\",\"isPartOf\":{\"@id\":\"https:\\\/\\\/www.naturalscience.org\\\/#website\"},\"datePublished\":\"2020-04-03T21:34:42+00:00\",\"dateModified\":\"2021-04-24T13:04:41+00:00\",\"breadcrumb\":{\"@id\":\"https:\\\/\\\/www.naturalscience.org\\\/fr\\\/themes\\\/sante\\\/coronavirus\\\/#breadcrumb\"},\"inLanguage\":\"fr-FR\",\"potentialAction\":[{\"@type\":\"ReadAction\",\"target\":[\"https:\\\/\\\/www.naturalscience.org\\\/fr\\\/themes\\\/sante\\\/coronavirus\\\/\"]}]},{\"@type\":\"BreadcrumbList\",\"@id\":\"https:\\\/\\\/www.naturalscience.org\\\/fr\\\/themes\\\/sante\\\/coronavirus\\\/#breadcrumb\",\"itemListElement\":[{\"@type\":\"ListItem\",\"position\":1,\"name\":\"Home\",\"item\":\"https:\\\/\\\/www.naturalscience.org\\\/fr\\\/\"},{\"@type\":\"ListItem\",\"position\":2,\"name\":\"Th\u00e8mes\",\"item\":\"https:\\\/\\\/www.naturalscience.org\\\/fr\\\/themes\\\/\"},{\"@type\":\"ListItem\",\"position\":3,\"name\":\"Sant\u00e9\",\"item\":\"https:\\\/\\\/www.naturalscience.org\\\/fr\\\/themes\\\/sante\\\/\"},{\"@type\":\"ListItem\",\"position\":4,\"name\":\"D\u2019actualit\u00e9&nbsp;: Coronavirus\"}]},{\"@type\":\"WebSite\",\"@id\":\"https:\\\/\\\/www.naturalscience.org\\\/#website\",\"url\":\"https:\\\/\\\/www.naturalscience.org\\\/\",\"name\":\"The World Foundation for Natural Science\",\"description\":\"Restoring and Healing the World through Responsibility and Commitment in accord with Natural and Divine Law!\",\"potentialAction\":[{\"@type\":\"SearchAction\",\"target\":{\"@type\":\"EntryPoint\",\"urlTemplate\":\"https:\\\/\\\/www.naturalscience.org\\\/?s={search_term_string}\"},\"query-input\":{\"@type\":\"PropertyValueSpecification\",\"valueRequired\":true,\"valueName\":\"search_term_string\"}}],\"inLanguage\":\"fr-FR\"}]}<\/script>\n<!-- \/ Yoast SEO plugin. -->","yoast_head_json":{"title":"D\u2019actualit\u00e9 : Coronavirus - The World Foundation for Natural Science","robots":{"index":"index","follow":"follow","max-snippet":"max-snippet:-1","max-image-preview":"max-image-preview:large","max-video-preview":"max-video-preview:-1"},"canonical":"https:\/\/www.naturalscience.org\/fr\/themes\/sante\/coronavirus\/","twitter_misc":{"Dur\u00e9e de lecture estim\u00e9e":"1 minute"},"schema":{"@context":"https:\/\/schema.org","@graph":[{"@type":"WebPage","@id":"https:\/\/www.naturalscience.org\/fr\/themes\/sante\/coronavirus\/","url":"https:\/\/www.naturalscience.org\/fr\/themes\/sante\/coronavirus\/","name":"D\u2019actualit\u00e9 : Coronavirus - The World Foundation for Natural Science","isPartOf":{"@id":"https:\/\/www.naturalscience.org\/#website"},"datePublished":"2020-04-03T21:34:42+00:00","dateModified":"2021-04-24T13:04:41+00:00","breadcrumb":{"@id":"https:\/\/www.naturalscience.org\/fr\/themes\/sante\/coronavirus\/#breadcrumb"},"inLanguage":"fr-FR","potentialAction":[{"@type":"ReadAction","target":["https:\/\/www.naturalscience.org\/fr\/themes\/sante\/coronavirus\/"]}]},{"@type":"BreadcrumbList","@id":"https:\/\/www.naturalscience.org\/fr\/themes\/sante\/coronavirus\/#breadcrumb","itemListElement":[{"@type":"ListItem","position":1,"name":"Home","item":"https:\/\/www.naturalscience.org\/fr\/"},{"@type":"ListItem","position":2,"name":"Th\u00e8mes","item":"https:\/\/www.naturalscience.org\/fr\/themes\/"},{"@type":"ListItem","position":3,"name":"Sant\u00e9","item":"https:\/\/www.naturalscience.org\/fr\/themes\/sante\/"},{"@type":"ListItem","position":4,"name":"D\u2019actualit\u00e9&nbsp;: Coronavirus"}]},{"@type":"WebSite","@id":"https:\/\/www.naturalscience.org\/#website","url":"https:\/\/www.naturalscience.org\/","name":"The World Foundation for Natural Science","description":"Restoring and Healing the World through Responsibility and Commitment in accord with Natural and Divine Law!","potentialAction":[{"@type":"SearchAction","target":{"@type":"EntryPoint","urlTemplate":"https:\/\/www.naturalscience.org\/?s={search_term_string}"},"query-input":{"@type":"PropertyValueSpecification","valueRequired":true,"valueName":"search_term_string"}}],"inLanguage":"fr-FR"}]}},"_links":{"self":[{"href":"https:\/\/www.naturalscience.org\/fr\/wp-json\/wp\/v2\/pages\/32574","targetHints":{"allow":["GET"]}}],"collection":[{"href":"https:\/\/www.naturalscience.org\/fr\/wp-json\/wp\/v2\/pages"}],"about":[{"href":"https:\/\/www.naturalscience.org\/fr\/wp-json\/wp\/v2\/types\/page"}],"author":[{"embeddable":true,"href":"https:\/\/www.naturalscience.org\/fr\/wp-json\/wp\/v2\/users\/9"}],"replies":[{"embeddable":true,"href":"https:\/\/www.naturalscience.org\/fr\/wp-json\/wp\/v2\/comments?post=32574"}],"version-history":[{"count":22,"href":"https:\/\/www.naturalscience.org\/fr\/wp-json\/wp\/v2\/pages\/32574\/revisions"}],"predecessor-version":[{"id":34816,"href":"https:\/\/www.naturalscience.org\/fr\/wp-json\/wp\/v2\/pages\/32574\/revisions\/34816"}],"up":[{"embeddable":true,"href":"https:\/\/www.naturalscience.org\/fr\/wp-json\/wp\/v2\/pages\/16550"}],"wp:attachment":[{"href":"https:\/\/www.naturalscience.org\/fr\/wp-json\/wp\/v2\/media?parent=32574"}],"wp:term":[{"taxonomy":"category","embeddable":true,"href":"https:\/\/www.naturalscience.org\/fr\/wp-json\/wp\/v2\/categories?post=32574"}],"curies":[{"name":"wp","href":"https:\/\/api.w.org\/{rel}","templated":true}]}}