{"id":31359,"date":"2019-10-24T15:16:00","date_gmt":"2019-10-24T13:16:00","guid":{"rendered":"https:\/\/www.naturalscience.org\/?page_id=31359"},"modified":"2019-10-29T18:10:02","modified_gmt":"2019-10-29T17:10:02","slug":"sidebar","status":"publish","type":"page","link":"https:\/\/www.naturalscience.org\/fr\/congres-2019\/sidebar\/","title":{"rendered":"Sidebar"},"content":{"rendered":"<h3 style=\"margin-bottom: 0px\">Quand<\/h3>\r\n<p>31.10.2019, 19h00<br>\r\nau<br>\r\n03.11.2019, 13h00<\/p>\r\n\r\n<h3 style=\"margin: 10px 0 0 0\">O\u00f9<\/h3>\r\n<p>Maritim Hotel<br>\r\nBasteistra\u00dfe 40<br>\r\n89073 Ulm, Allemagne<\/p>\r\n\r\n<h3 style=\"margin: 10px 0 0 0\">Traductions<\/h3>\r\n<p>Simultan\u00e9es en anglais, allemand, espagnol, tch\u00e8que et russe<\/p>\r\n\r\n<h3 style=\"margin: 10px 0 0 0\">Frais du Congr\u00e8s<\/h3>\r\n\r\n<table class=\"fees\">\r\n<tbody>\r\n<tr><td>Par personne<\/td><td class=\"hightlight\">\u20ac 380<\/td><\/tr>\r\n<tr><td>\u00ab&nbsp;65 et +&nbsp;\u00bb<\/td><td class=\"hightlight\">\u20ac 260<\/td><\/tr>\r\n<tr><td>Couples mari\u00e9s<br>par personne<\/td><td class=\"hightlight\">\u20ac 260<\/td><\/tr>\r\n<tr><td>\u00c9tudiants<\/td><td class=\"hightlight\">\u20ac 135<\/td><\/tr>\r\n<tr><td>Adolescents\/\u00c9coliers<\/td><td class=\"hightlight\">\u20ac 100<\/td><\/tr>\r\n<tr><td>+ Food package <span onClick=\"showFoodPackageInfo()\" style=\"cursor: pointer;\"><i class=\"fa fa-question-circle \" ><\/i><\/span><\/td>\r\n<td class=\"hightlight\">\u20ac 100<\/td><\/tr>\r\n<\/tbody>\r\n<\/table>\r\n\r\n<p><a style=\"width: 100%\" class=\"button radius small\" href=\"#congress-info\"><i class=\"fa fa-info-circle \" ><\/i> Plus d&rsquo;informations<\/a><\/p>\r\n\r\n<p><a style=\"width: 100%\" class=\"button radius small\" href=\"https:\/\/www.naturalscience.org\/congress-2019\/hotel-room-reservation\/\"><i class=\"fa fa-bed \" ><\/i> R\u00e9server une chambre d&rsquo;h\u00f4tel (anglais)<\/a><\/p>\r\n\r\n<p><a style=\"width: 100%\" class=\"button radius small alert\" href=\"https:\/\/www.naturalscience.org\/congress-2019\/registration\/\"><i class=\"fa fa-hand-o-right \" ><\/i> Inscrivez-vous d\u00e8s maintenant (anglais)<\/a><\/p>\r\n\r\n","protected":false},"excerpt":{"rendered":"Quand 31.10.2019, 19h00 au 03.11.2019, 13h00 O\u00f9 Maritim Hotel Basteistra\u00dfe 40 89073 Ulm, Allemagne Traductions Simultan\u00e9es en anglais, allemand, espagnol, tch\u00e8que et russe Frais du Congr\u00e8s Par personne\u20ac 380 \u00ab&nbsp;65 et +&nbsp;\u00bb\u20ac 260 Couples mari\u00e9spar personne\u20ac 260 \u00c9tudiants\u20ac 135 Adolescents\/\u00c9coliers\u20ac 100 + Food package \u20ac 100 Plus d&rsquo;informations R\u00e9server une chambre d&rsquo;h\u00f4tel (anglais) Inscrivez-vous d\u00e8s [&hellip;]","protected":false},"author":14,"featured_media":0,"parent":30247,"menu_order":2,"comment_status":"closed","ping_status":"closed","template":"","meta":{"_acf_changed":false,"ngg_post_thumbnail":0,"footnotes":""},"categories":[],"class_list":["post-31359","page","type-page","status-publish","hentry","no-wpautop"],"acf":[],"yoast_head":"<!-- This site is optimized with the Yoast SEO plugin v27.5 - https:\/\/yoast.com\/product\/yoast-seo-wordpress\/ -->\n<title>Sidebar - The World Foundation for Natural Science<\/title>\n<meta name=\"robots\" content=\"index, follow, max-snippet:-1, max-image-preview:large, max-video-preview:-1\" \/>\n<link rel=\"canonical\" href=\"https:\/\/www.naturalscience.org\/fr\/congres-2019\/sidebar\/\" \/>\n<script type=\"application\/ld+json\" class=\"yoast-schema-graph\">{\"@context\":\"https:\\\/\\\/schema.org\",\"@graph\":[{\"@type\":\"WebPage\",\"@id\":\"https:\\\/\\\/www.naturalscience.org\\\/fr\\\/congres-2019\\\/sidebar\\\/\",\"url\":\"https:\\\/\\\/www.naturalscience.org\\\/fr\\\/congres-2019\\\/sidebar\\\/\",\"name\":\"Sidebar - The World Foundation for Natural Science\",\"isPartOf\":{\"@id\":\"https:\\\/\\\/www.naturalscience.org\\\/#website\"},\"datePublished\":\"2019-10-24T13:16:00+00:00\",\"dateModified\":\"2019-10-29T17:10:02+00:00\",\"breadcrumb\":{\"@id\":\"https:\\\/\\\/www.naturalscience.org\\\/fr\\\/congres-2019\\\/sidebar\\\/#breadcrumb\"},\"inLanguage\":\"fr-FR\",\"potentialAction\":[{\"@type\":\"ReadAction\",\"target\":[\"https:\\\/\\\/www.naturalscience.org\\\/fr\\\/congres-2019\\\/sidebar\\\/\"]}]},{\"@type\":\"BreadcrumbList\",\"@id\":\"https:\\\/\\\/www.naturalscience.org\\\/fr\\\/congres-2019\\\/sidebar\\\/#breadcrumb\",\"itemListElement\":[{\"@type\":\"ListItem\",\"position\":1,\"name\":\"Home\",\"item\":\"https:\\\/\\\/www.naturalscience.org\\\/fr\\\/\"},{\"@type\":\"ListItem\",\"position\":2,\"name\":\"24\u00e8me Congr\u00e8s Mondial International&nbsp;\u00ab&nbsp;Nouvelles Perspectives Scientifiques&nbsp;\u00bb\",\"item\":\"https:\\\/\\\/www.naturalscience.org\\\/fr\\\/congres-2019\\\/\"},{\"@type\":\"ListItem\",\"position\":3,\"name\":\"Sidebar\"}]},{\"@type\":\"WebSite\",\"@id\":\"https:\\\/\\\/www.naturalscience.org\\\/#website\",\"url\":\"https:\\\/\\\/www.naturalscience.org\\\/\",\"name\":\"The World Foundation for Natural Science\",\"description\":\"Restoring and Healing the World through Responsibility and Commitment in accord with Natural and Divine Law!\",\"potentialAction\":[{\"@type\":\"SearchAction\",\"target\":{\"@type\":\"EntryPoint\",\"urlTemplate\":\"https:\\\/\\\/www.naturalscience.org\\\/?s={search_term_string}\"},\"query-input\":{\"@type\":\"PropertyValueSpecification\",\"valueRequired\":true,\"valueName\":\"search_term_string\"}}],\"inLanguage\":\"fr-FR\"}]}<\/script>\n<!-- \/ Yoast SEO plugin. -->","yoast_head_json":{"title":"Sidebar - The World Foundation for Natural Science","robots":{"index":"index","follow":"follow","max-snippet":"max-snippet:-1","max-image-preview":"max-image-preview:large","max-video-preview":"max-video-preview:-1"},"canonical":"https:\/\/www.naturalscience.org\/fr\/congres-2019\/sidebar\/","schema":{"@context":"https:\/\/schema.org","@graph":[{"@type":"WebPage","@id":"https:\/\/www.naturalscience.org\/fr\/congres-2019\/sidebar\/","url":"https:\/\/www.naturalscience.org\/fr\/congres-2019\/sidebar\/","name":"Sidebar - The World Foundation for Natural Science","isPartOf":{"@id":"https:\/\/www.naturalscience.org\/#website"},"datePublished":"2019-10-24T13:16:00+00:00","dateModified":"2019-10-29T17:10:02+00:00","breadcrumb":{"@id":"https:\/\/www.naturalscience.org\/fr\/congres-2019\/sidebar\/#breadcrumb"},"inLanguage":"fr-FR","potentialAction":[{"@type":"ReadAction","target":["https:\/\/www.naturalscience.org\/fr\/congres-2019\/sidebar\/"]}]},{"@type":"BreadcrumbList","@id":"https:\/\/www.naturalscience.org\/fr\/congres-2019\/sidebar\/#breadcrumb","itemListElement":[{"@type":"ListItem","position":1,"name":"Home","item":"https:\/\/www.naturalscience.org\/fr\/"},{"@type":"ListItem","position":2,"name":"24\u00e8me Congr\u00e8s Mondial International&nbsp;\u00ab&nbsp;Nouvelles Perspectives Scientifiques&nbsp;\u00bb","item":"https:\/\/www.naturalscience.org\/fr\/congres-2019\/"},{"@type":"ListItem","position":3,"name":"Sidebar"}]},{"@type":"WebSite","@id":"https:\/\/www.naturalscience.org\/#website","url":"https:\/\/www.naturalscience.org\/","name":"The World Foundation for Natural Science","description":"Restoring and Healing the World through Responsibility and Commitment in accord with Natural and Divine Law!","potentialAction":[{"@type":"SearchAction","target":{"@type":"EntryPoint","urlTemplate":"https:\/\/www.naturalscience.org\/?s={search_term_string}"},"query-input":{"@type":"PropertyValueSpecification","valueRequired":true,"valueName":"search_term_string"}}],"inLanguage":"fr-FR"}]}},"_links":{"self":[{"href":"https:\/\/www.naturalscience.org\/fr\/wp-json\/wp\/v2\/pages\/31359","targetHints":{"allow":["GET"]}}],"collection":[{"href":"https:\/\/www.naturalscience.org\/fr\/wp-json\/wp\/v2\/pages"}],"about":[{"href":"https:\/\/www.naturalscience.org\/fr\/wp-json\/wp\/v2\/types\/page"}],"author":[{"embeddable":true,"href":"https:\/\/www.naturalscience.org\/fr\/wp-json\/wp\/v2\/users\/14"}],"replies":[{"embeddable":true,"href":"https:\/\/www.naturalscience.org\/fr\/wp-json\/wp\/v2\/comments?post=31359"}],"version-history":[{"count":5,"href":"https:\/\/www.naturalscience.org\/fr\/wp-json\/wp\/v2\/pages\/31359\/revisions"}],"predecessor-version":[{"id":31376,"href":"https:\/\/www.naturalscience.org\/fr\/wp-json\/wp\/v2\/pages\/31359\/revisions\/31376"}],"up":[{"embeddable":true,"href":"https:\/\/www.naturalscience.org\/fr\/wp-json\/wp\/v2\/pages\/30247"}],"wp:attachment":[{"href":"https:\/\/www.naturalscience.org\/fr\/wp-json\/wp\/v2\/media?parent=31359"}],"wp:term":[{"taxonomy":"category","embeddable":true,"href":"https:\/\/www.naturalscience.org\/fr\/wp-json\/wp\/v2\/categories?post=31359"}],"curies":[{"name":"wp","href":"https:\/\/api.w.org\/{rel}","templated":true}]}}