{"id":29308,"date":"2019-03-10T17:45:15","date_gmt":"2019-03-10T16:45:15","guid":{"rendered":"https:\/\/www.naturalscience.org\/?page_id=29308"},"modified":"2019-05-11T17:55:14","modified_gmt":"2019-05-11T15:55:14","slug":"5g","status":"publish","type":"page","link":"https:\/\/www.naturalscience.org\/fr\/themes\/micro-ondes-communications-mobiles\/5g\/","title":{"rendered":"5G"},"content":{"rendered":"<p>Le standard de la 5\u00e8me g\u00e9n\u00e9ration de t\u00e9l\u00e9communication mobile (5G) est sur toutes les l\u00e8vres&nbsp;: bandes passantes \u00e9normes, acc\u00e8s internet haut d\u00e9bit, mise en r\u00e9seau de dizaines de milliards d\u2019appareils dans le monde \u2013 ceci n\u2019\u00e9tant que quelques-uns des mots \u00e0 la mode dans les m\u00e9dias. Cependant il n\u2019y a pas de commentaires sur les effets n\u00e9gatifs sur les \u00eatres humains et la nature. Il est souvent mentionn\u00e9 que la population est prot\u00e9g\u00e9e gr\u00e2ce aux valeurs seuils&nbsp;\u00ab&nbsp;strictes&nbsp;\u00bb actuelles. Mais comme d\u2019innombrables \u00e9tudes le prouvent, il est gard\u00e9 secret que le rayonnement de la technologie sans fil peut s\u00e9rieusement endommager la sant\u00e9 et entra\u00eener des maux de t\u00eate, un manque d\u2019\u00e9nergie, des bourdonnements d\u2019oreille et m\u00eame le cancer. M\u00eame l\u2019Organisation Mondiale de la Sant\u00e9 (OMS) a classifi\u00e9 le rayonnement mobile comme cat\u00e9gorie 2B&nbsp;\u00ab&nbsp;potentiellement carcinog\u00e8ne.&nbsp;\u00bb<\/p>\n<p>La 5G ne remplace pas l\u2019ancienne technologie sans fil mais la compl\u00e8te. Les fr\u00e9quences plus \u00e9lev\u00e9es signifient que les obstacles ne seront plus facilement travers\u00e9s par les rayonnements, ce qui entra\u00eene une \u00e9norme multiplication du nombre d\u2019antennes. Alors que vous pouvez arr\u00eater votre smartphone \u00e0 tout moment, ceci n\u2019est pas possible avec ces antennes qui rayonnent 24 heures sur 24, 365 jours par an. Ainsi l\u2019exposition aux rayonnements augmente massivement&nbsp;!<\/p>\n<p>Il existe de bonnes raisons pour lesquelles les gouvernements pr\u00e9conisent \u00e0 peine des valeurs seuils plus restrictives&nbsp;: la 5G est un pr\u00e9curseur pour l\u2019Internet des objets (o\u00f9 100 milliards d\u2019appareils terminaux, des r\u00e9frig\u00e9rateurs aux voitures, seront mondialement connect\u00e9s) et donc \u00e9galement une fa\u00e7on de surveiller les gens sans rel\u00e2che. Enfin et surtout, la 5G apportera aussi un bienfait mon\u00e9taire. Gr\u00e2ce \u00e0 la mise aux ench\u00e8res de nouvelles bandes de fr\u00e9quences aux entreprises de t\u00e9l\u00e9communication int\u00e9ress\u00e9es, des millions, voire des milliards de dollars sont vers\u00e9s dans les tr\u00e9sors publics.<\/p>\n<p>Il y a aussi beaucoup de silence sur qui veut vraiment la 5G&nbsp;: est-ce r\u00e9ellement le grand public&nbsp;? Ou s\u2019agit-il d\u2019un probl\u00e8me visant \u00e0 cr\u00e9er un nouveau besoin qui rapportera \u00e0 l\u2019industrie des milliards de profit pour les d\u00e9cades \u00e0 venir&nbsp;?<\/p>\n\n            <div class=\"publication-list hide-for-print\">\r\n                <div class=\"row\">\r\n                    <div class=\"small-24 columns \">\r\n                        <div class=\"title\">Publications<\/div>\r\n\r\n\t\t\t\t\t\t\t\t\t\t\t\t\t\r\n\r\n<article class=\"row collapse all publication-item 5g coronavirus sante micro-ondes-communications-mobiles appareils-de-communication-mobile  fact-sheet wfns\">\r\n\r\n\t<div class=\"cover medium-7 columns\">\r\n\t\t<a href=\"https:\/\/www.naturalscience.org\/fr\/publications\/la-contribution-de-la-5g-5eme-generation-de-telecommunication-a-la-pandemie-de-covid-19\/\">\r\n\t\t\t<img loading=\"lazy\" decoding=\"async\" src=\"https:\/\/www.naturalscience.org\/wp-content\/uploads\/2020\/10\/2020-10-02WFNSFS5GCORONAFRWEB_cover-212x300.jpg\" width=\"212\" height=\"300\">\t\t<\/a>\r\n\t<\/div>\r\n\r\n\t<div class=\"text medium-17 columns\">\r\n\r\n\t\t<div class=\"type\">\r\n\t\t\tFiche d'informations\t\t<\/div>\r\n\r\n\t\t<div class=\"name\">\r\n\t\t\t<a href=\"https:\/\/www.naturalscience.org\/fr\/publications\/la-contribution-de-la-5g-5eme-generation-de-telecommunication-a-la-pandemie-de-covid-19\/\">La contribution de la 5G, 5\u00e8me g\u00e9n\u00e9ration de t\u00e9l\u00e9communication, \u00e0 la pand\u00e9mie de COVID-19<\/a>\r\n\t\t<\/div>\r\n\r\n\t\t<p class=\"description\">\r\n\t\t\t<p>Presque en m\u00eame temps que l\u2019introduction mondiale de la 5G, le nouveau coronavirus s\u2019est propag\u00e9, amenant \u00e0 une pand\u00e9mie globale. Une co\u00efncidence&nbsp;? Non, tout ob\u00e9it \u00e0 la loi naturelle de cause \u00e0 effet. Par cons\u00e9quent, il vaut bien la peine de regarder de pr\u00e8s ces deux&nbsp;\u00ab&nbsp;fl\u00e9aux des temps modernes&nbsp;\u00bb.<\/p>\n\t\t<\/p>\r\n\r\n\t\t<div class=\"buttons\">\r\n\t\t\t<div class=\"row collapse\">\r\n\t\t\t\t\t\t\t\t\t\t<div class=\"small-24 medium-8 columns\">\r\n\t\t\t\t\t\t\t<a href=\"https:\/\/www.naturalscience.org\/wp-content\/uploads\/2020\/10\/2020-10-02WFNSFS5GCORONAFRWEB.pdf\" class=\"button radius primary small\" target=\"_blank\">\r\n\t\t\t\t\t\t\t\t<i class=\"fa fa-download\"><\/i>&nbsp;&nbsp;T\u00e9l\u00e9charger\t\t\t\t\t\t\t<\/a>\r\n\t\t\t\t\t\t<\/div>\r\n\t\t\t\t\t\r\n\t\t\t\t\t\t\t\t\t\t<div class=\"small-24 medium-16 columns\">\r\n\t\t\t\t\t\t<i class=\"fa fa-angle-right\"><\/i>\r\n\t\t\t\t\t\t<a href=\"https:\/\/www.naturalscience.org\/fr\/publications\/la-contribution-de-la-5g-5eme-generation-de-telecommunication-a-la-pandemie-de-covid-19\/\" class=\"further-information\">\r\n\t\t\t\t\t\t\tAutres informations & Langues\t\t\t\t\t\t<\/a>\r\n\t\t\t\t\t<\/div>\r\n\t\t\t\t\r\n\t\t\t\t\r\n\r\n\t\t\t<\/div>\r\n\t\t<\/div>\r\n\r\n\t<\/div>\r\n<\/article>\t\t\t\t\t\t\t\t\t\t\t\t\t\r\n\r\n<article class=\"row collapse all publication-item 5g micro-ondes-communications-mobiles  brochure wfns\">\r\n\r\n\t<div class=\"cover medium-7 columns\">\r\n\t\t<a href=\"https:\/\/www.naturalscience.org\/fr\/publications\/5g-une-nouvelle-menace-pour-toute-vie\/\">\r\n\t\t\t<img loading=\"lazy\" decoding=\"async\" src=\"https:\/\/www.naturalscience.org\/wp-content\/uploads\/2019\/04\/2019-03-24WFNSBRCH5GFRWEB-130x300.jpg\" width=\"130\" height=\"300\">\t\t<\/a>\r\n\t<\/div>\r\n\r\n\t<div class=\"text medium-17 columns\">\r\n\r\n\t\t<div class=\"type\">\r\n\t\t\tBrochure\t\t<\/div>\r\n\r\n\t\t<div class=\"name\">\r\n\t\t\t<a href=\"https:\/\/www.naturalscience.org\/fr\/publications\/5g-une-nouvelle-menace-pour-toute-vie\/\">5G\u2014Une nouvelle menace pour toute vie<\/a>\r\n\t\t<\/div>\r\n\r\n\t\t<p class=\"description\">\r\n\t\t\t<p>Le dernier standard sans fil de la 5\u00e8me g\u00e9n\u00e9ration1, connu comme 5G, est pr\u00e9vu d\u2019\u00eatre introduit au niveau national et dans le monde entier dans les ann\u00e9es \u00e0 venir. Compar\u00e9 \u00e0 aujourd\u2019hui, il y aurait une augmentation presque incroyable de facteur 100 dans le volume possible de donn\u00e9es&nbsp;! Personne ne sait ce que ces innovations signifient pour la sant\u00e9 des \u00eatres humains, des animaux et de la nature \u2013 on manque tout simplement d\u2019exp\u00e9rience. Cependant, les signes montrent qu\u2019une temp\u00eate se pr\u00e9pare. D\u00e9j\u00e0 avec la technologie sans fil actuelle, des \u00e9tudes innombrables et des cas pratiques d\u00e9montrent que la technologie sans fil provoque des maux de t\u00eates, des acouph\u00e8nes, des troubles de la concentration et du sommeil.<\/p>\n\t\t<\/p>\r\n\r\n\t\t<div class=\"buttons\">\r\n\t\t\t<div class=\"row collapse\">\r\n\t\t\t\t\t\t\t\t\t\t<div class=\"small-24 medium-8 columns\">\r\n\t\t\t\t\t\t\t<a href=\"https:\/\/www.naturalscience.org\/wp-content\/uploads\/2019\/04\/2019-03-24WFNSBRCH5GFRWEB.pdf\" class=\"button radius primary small\" target=\"_blank\">\r\n\t\t\t\t\t\t\t\t<i class=\"fa fa-download\"><\/i>&nbsp;&nbsp;T\u00e9l\u00e9charger\t\t\t\t\t\t\t<\/a>\r\n\t\t\t\t\t\t<\/div>\r\n\t\t\t\t\t\r\n\t\t\t\t\t\t\t\t\t\t<div class=\"small-24 medium-16 columns\">\r\n\t\t\t\t\t\t<i class=\"fa fa-angle-right\"><\/i>\r\n\t\t\t\t\t\t<a href=\"https:\/\/www.naturalscience.org\/fr\/publications\/5g-une-nouvelle-menace-pour-toute-vie\/\" class=\"further-information\">\r\n\t\t\t\t\t\t\tAutres informations & Langues\t\t\t\t\t\t<\/a>\r\n\t\t\t\t\t<\/div>\r\n\t\t\t\t\r\n\t\t\t\t\r\n\r\n\t\t\t<\/div>\r\n\t\t<\/div>\r\n\r\n\t<\/div>\r\n<\/article>\t\t\t\t\t\t\t\t\t\t\t\t\r\n                    <\/div>\r\n                <\/div>\r\n            <\/div>\r\n\r\n\t\t\t\n","protected":false},"excerpt":{"rendered":"Le dernier standard sans fil de la 5\u00e8me g\u00e9n\u00e9ration1, connu comme 5G, est pr\u00e9vu d\u2019\u00eatre introduit au niveau national et dans le monde entier dans les ann\u00e9es \u00e0 venir. Compar\u00e9 \u00e0 aujourd\u2019hui, il y aurait une augmentation presque incroyable de facteur 100 dans le volume possible de donn\u00e9es&nbsp;! Personne ne sait ce que ces innovations [&hellip;]","protected":false},"author":9,"featured_media":0,"parent":16570,"menu_order":2,"comment_status":"closed","ping_status":"closed","template":"","meta":{"_acf_changed":false,"ngg_post_thumbnail":0,"footnotes":""},"categories":[488],"class_list":["post-29308","page","type-page","status-publish","hentry","category-5g","wpautop"],"acf":[],"yoast_head":"<!-- This site is optimized with the Yoast SEO plugin v27.4 - https:\/\/yoast.com\/product\/yoast-seo-wordpress\/ -->\n<title>5G - The World Foundation for Natural Science<\/title>\n<meta name=\"robots\" content=\"index, follow, max-snippet:-1, max-image-preview:large, max-video-preview:-1\" \/>\n<link rel=\"canonical\" href=\"https:\/\/www.naturalscience.org\/fr\/themes\/micro-ondes-communications-mobiles\/5g\/\" \/>\n<meta name=\"twitter:label1\" content=\"Dur\u00e9e de lecture estim\u00e9e\" \/>\n\t<meta name=\"twitter:data1\" content=\"2 minutes\" \/>\n<script type=\"application\/ld+json\" class=\"yoast-schema-graph\">{\"@context\":\"https:\\\/\\\/schema.org\",\"@graph\":[{\"@type\":\"WebPage\",\"@id\":\"https:\\\/\\\/www.naturalscience.org\\\/fr\\\/themes\\\/micro-ondes-communications-mobiles\\\/5g\\\/\",\"url\":\"https:\\\/\\\/www.naturalscience.org\\\/fr\\\/themes\\\/micro-ondes-communications-mobiles\\\/5g\\\/\",\"name\":\"5G - The World Foundation for Natural Science\",\"isPartOf\":{\"@id\":\"https:\\\/\\\/www.naturalscience.org\\\/#website\"},\"datePublished\":\"2019-03-10T16:45:15+00:00\",\"dateModified\":\"2019-05-11T15:55:14+00:00\",\"breadcrumb\":{\"@id\":\"https:\\\/\\\/www.naturalscience.org\\\/fr\\\/themes\\\/micro-ondes-communications-mobiles\\\/5g\\\/#breadcrumb\"},\"inLanguage\":\"fr-FR\",\"potentialAction\":[{\"@type\":\"ReadAction\",\"target\":[\"https:\\\/\\\/www.naturalscience.org\\\/fr\\\/themes\\\/micro-ondes-communications-mobiles\\\/5g\\\/\"]}]},{\"@type\":\"BreadcrumbList\",\"@id\":\"https:\\\/\\\/www.naturalscience.org\\\/fr\\\/themes\\\/micro-ondes-communications-mobiles\\\/5g\\\/#breadcrumb\",\"itemListElement\":[{\"@type\":\"ListItem\",\"position\":1,\"name\":\"Home\",\"item\":\"https:\\\/\\\/www.naturalscience.org\\\/fr\\\/\"},{\"@type\":\"ListItem\",\"position\":2,\"name\":\"Th\u00e8mes\",\"item\":\"https:\\\/\\\/www.naturalscience.org\\\/fr\\\/themes\\\/\"},{\"@type\":\"ListItem\",\"position\":3,\"name\":\"Micro-ondes &#038; communications mobiles\",\"item\":\"https:\\\/\\\/www.naturalscience.org\\\/fr\\\/themes\\\/micro-ondes-communications-mobiles\\\/\"},{\"@type\":\"ListItem\",\"position\":4,\"name\":\"5G\"}]},{\"@type\":\"WebSite\",\"@id\":\"https:\\\/\\\/www.naturalscience.org\\\/#website\",\"url\":\"https:\\\/\\\/www.naturalscience.org\\\/\",\"name\":\"The World Foundation for Natural Science\",\"description\":\"Restoring and Healing the World through Responsibility and Commitment in accord with Natural and Divine Law!\",\"potentialAction\":[{\"@type\":\"SearchAction\",\"target\":{\"@type\":\"EntryPoint\",\"urlTemplate\":\"https:\\\/\\\/www.naturalscience.org\\\/?s={search_term_string}\"},\"query-input\":{\"@type\":\"PropertyValueSpecification\",\"valueRequired\":true,\"valueName\":\"search_term_string\"}}],\"inLanguage\":\"fr-FR\"}]}<\/script>\n<!-- \/ Yoast SEO plugin. -->","yoast_head_json":{"title":"5G - The World Foundation for Natural Science","robots":{"index":"index","follow":"follow","max-snippet":"max-snippet:-1","max-image-preview":"max-image-preview:large","max-video-preview":"max-video-preview:-1"},"canonical":"https:\/\/www.naturalscience.org\/fr\/themes\/micro-ondes-communications-mobiles\/5g\/","twitter_misc":{"Dur\u00e9e de lecture estim\u00e9e":"2 minutes"},"schema":{"@context":"https:\/\/schema.org","@graph":[{"@type":"WebPage","@id":"https:\/\/www.naturalscience.org\/fr\/themes\/micro-ondes-communications-mobiles\/5g\/","url":"https:\/\/www.naturalscience.org\/fr\/themes\/micro-ondes-communications-mobiles\/5g\/","name":"5G - The World Foundation for Natural Science","isPartOf":{"@id":"https:\/\/www.naturalscience.org\/#website"},"datePublished":"2019-03-10T16:45:15+00:00","dateModified":"2019-05-11T15:55:14+00:00","breadcrumb":{"@id":"https:\/\/www.naturalscience.org\/fr\/themes\/micro-ondes-communications-mobiles\/5g\/#breadcrumb"},"inLanguage":"fr-FR","potentialAction":[{"@type":"ReadAction","target":["https:\/\/www.naturalscience.org\/fr\/themes\/micro-ondes-communications-mobiles\/5g\/"]}]},{"@type":"BreadcrumbList","@id":"https:\/\/www.naturalscience.org\/fr\/themes\/micro-ondes-communications-mobiles\/5g\/#breadcrumb","itemListElement":[{"@type":"ListItem","position":1,"name":"Home","item":"https:\/\/www.naturalscience.org\/fr\/"},{"@type":"ListItem","position":2,"name":"Th\u00e8mes","item":"https:\/\/www.naturalscience.org\/fr\/themes\/"},{"@type":"ListItem","position":3,"name":"Micro-ondes &#038; communications mobiles","item":"https:\/\/www.naturalscience.org\/fr\/themes\/micro-ondes-communications-mobiles\/"},{"@type":"ListItem","position":4,"name":"5G"}]},{"@type":"WebSite","@id":"https:\/\/www.naturalscience.org\/#website","url":"https:\/\/www.naturalscience.org\/","name":"The World Foundation for Natural Science","description":"Restoring and Healing the World through Responsibility and Commitment in accord with Natural and Divine Law!","potentialAction":[{"@type":"SearchAction","target":{"@type":"EntryPoint","urlTemplate":"https:\/\/www.naturalscience.org\/?s={search_term_string}"},"query-input":{"@type":"PropertyValueSpecification","valueRequired":true,"valueName":"search_term_string"}}],"inLanguage":"fr-FR"}]}},"_links":{"self":[{"href":"https:\/\/www.naturalscience.org\/fr\/wp-json\/wp\/v2\/pages\/29308","targetHints":{"allow":["GET"]}}],"collection":[{"href":"https:\/\/www.naturalscience.org\/fr\/wp-json\/wp\/v2\/pages"}],"about":[{"href":"https:\/\/www.naturalscience.org\/fr\/wp-json\/wp\/v2\/types\/page"}],"author":[{"embeddable":true,"href":"https:\/\/www.naturalscience.org\/fr\/wp-json\/wp\/v2\/users\/9"}],"replies":[{"embeddable":true,"href":"https:\/\/www.naturalscience.org\/fr\/wp-json\/wp\/v2\/comments?post=29308"}],"version-history":[{"count":6,"href":"https:\/\/www.naturalscience.org\/fr\/wp-json\/wp\/v2\/pages\/29308\/revisions"}],"predecessor-version":[{"id":30276,"href":"https:\/\/www.naturalscience.org\/fr\/wp-json\/wp\/v2\/pages\/29308\/revisions\/30276"}],"up":[{"embeddable":true,"href":"https:\/\/www.naturalscience.org\/fr\/wp-json\/wp\/v2\/pages\/16570"}],"wp:attachment":[{"href":"https:\/\/www.naturalscience.org\/fr\/wp-json\/wp\/v2\/media?parent=29308"}],"wp:term":[{"taxonomy":"category","embeddable":true,"href":"https:\/\/www.naturalscience.org\/fr\/wp-json\/wp\/v2\/categories?post=29308"}],"curies":[{"name":"wp","href":"https:\/\/api.w.org\/{rel}","templated":true}]}}