{"id":18874,"date":"2016-04-16T17:19:18","date_gmt":"2016-04-16T15:19:18","guid":{"rendered":"http:\/\/www.naturalscience.org\/fr\/?page_id=18874"},"modified":"2016-07-08T15:54:01","modified_gmt":"2016-07-08T13:54:01","slug":"retrospective","status":"publish","type":"page","link":"https:\/\/www.naturalscience.org\/fr\/congres-2015\/retrospective\/","title":{"rendered":"R\u00e9trospective"},"content":{"rendered":"<div class=\"landingpage-header text-center\">\n<h1>R\u00e9trospective du 20<sup>\u00e8me<\/sup> Congr\u00e8s Mondial International<br \/>&nbsp;\u00ab&nbsp;Nouvelles Perspectives Scientifiques&nbsp;\u00bb<\/h1>\n<div class=\"date\">de<br \/>\nThe World Foundation for Natural Science<\/div>\n<div style=\"margin: 10px 0; font-size: 24px; font-style: italic;\">\u00ab&nbsp;Laisse la Nature \u00eatre ton ma\u00eetre&nbsp;!&nbsp;\u00bb<\/div>\n<p>Du jeudi 29 octobre au dimanche 1<sup>er<\/sup> novembre 2015<\/p>\n<\/div>\n<p>&nbsp;<\/p>\n<p><img loading=\"lazy\" decoding=\"async\" class=\"alignright wp-image-17309 size-medium\" src=\"https:\/\/www.naturalscience.org\/wp-content\/uploads\/2016\/01\/luebke-hildebrandt_web-e1452953370360-264x300.jpg\" alt=\"luebke-hildebrandt_web\" width=\"264\" height=\"300\" srcset=\"https:\/\/www.naturalscience.org\/wp-content\/uploads\/2016\/01\/luebke-hildebrandt_web-e1452953370360-264x300.jpg 264w, https:\/\/www.naturalscience.org\/wp-content\/uploads\/2016\/01\/luebke-hildebrandt_web-e1452953370360-144x164.jpg 144w, https:\/\/www.naturalscience.org\/wp-content\/uploads\/2016\/01\/luebke-hildebrandt_web-e1452953370360.jpg 480w\" sizes=\"auto, (max-width: 264px) 100vw, 264px\" \/><strong>Angelika L\u00fcbke- Hildebrandt, experte en qualit\u00e9 des sols,<\/strong> a transmis une compr\u00e9hension sur le fait que le sol est un organisme vivant qui doit \u00eatre entretenu et dont on doit prendre soin et non plus \u00eatre exploit\u00e9 ni\u00a0viol\u00e9. Ce que nous mettons dans le sol tels que des engrais artificiels, des pesticides, du purin, des boues d\u2019\u00e9puration, arrive en fin de compte dans notre assiette et ainsi dans notre corps. Le sol est un organisme qui s\u2019auto-organise et se rajeunit lui-m\u00eame constamment. Cependant, seulement l\u2019humus, enrichi par diverses sources, cr\u00e9e un ordre dans le sol et permet \u00e0 des plantes de la plus haute qualit\u00e9 de s\u2019\u00e9panouir. Les \u00e9l\u00e9ments de r\u00e9gulation \u00e0 cet effet sont les micro-organismes dans le sol formant l\u2019humus. Ce dernier est d\u00e9truit par le fumier, le purin, les digestats et autres, \u00e9galement par les engrais chimiques et les pesticides, le composte de qualit\u00e9 moindre ainsi que par le mauvais timing de traitement du sol. La perte d\u2019humus a des cons\u00e9quences \u00e0 grande port\u00e9e&nbsp;: contamination des eaux, temp\u00eates de poussi\u00e8re, d\u00e9sertification, maladies. L\u2019individu peut contribuer au r\u00e9tablissement du sol et de sa conservation en utilisant par exemple dans son jardin des extraits de composte, en plantant des couvre-sols, en utilisant du paillis seulement pour les sols qui ont tendance \u00e0 s\u2019ass\u00e9cher, en a\u00e9rant le sol et en utilisant des outils en cuivre.<\/p>\n<p><img loading=\"lazy\" decoding=\"async\" class=\"alignleft wp-image-17305 \" src=\"https:\/\/www.naturalscience.org\/wp-content\/uploads\/2016\/01\/harman_web-e1452953309424-253x300.jpg\" alt=\"harman_web\" width=\"214\" height=\"254\" srcset=\"https:\/\/www.naturalscience.org\/wp-content\/uploads\/2016\/01\/harman_web-e1452953309424-253x300.jpg 253w, https:\/\/www.naturalscience.org\/wp-content\/uploads\/2016\/01\/harman_web-e1452953309424-138x164.jpg 138w, https:\/\/www.naturalscience.org\/wp-content\/uploads\/2016\/01\/harman_web-e1452953309424.jpg 482w\" sizes=\"auto, (max-width: 214px) 100vw, 214px\" \/><strong>Toni Harmann, r\u00e9alisatrice<\/strong> britannique du film prim\u00e9&nbsp;\u00ab&nbsp;Microbirth&nbsp;\u00bb&nbsp;: le microbiome de l\u2019Homme (l\u2019ensemble des micro-organismes r\u00e9sidant dans et sur le corps humain) est d\u2019une importance vitale pour sa sant\u00e9. Le moment-cl\u00e9 pour \u00e9tablir ce microbiome est la naissance naturelle (par voie basse), lorsque le nouveau-n\u00e9 est&nbsp;\u00ab&nbsp;impr\u00e9gn\u00e9&nbsp;\u00bb avec les microbes de la m\u00e8re dans la fili\u00e8re pelvienne. Si une naissance naturelle ne fut possible, plusieurs mesures peuvent \u00eatre prises pour promouvoir le microbiome&nbsp;: une bonne nutrition, de l\u2019exercice physique et un peu de salet\u00e9 (animaux domestiques)&nbsp;! La Nature fonctionne aussi bien avec le chaos qu\u2019avec l\u2019ordre et elle sait ce qui est n\u00e9cessaire et \u00e0 quel moment.<\/p>\n<p>Ces deux pr\u00e9sentations ont clairement montr\u00e9 la relation et la grande importance des micro-organismes autant dans le sol que dans le corps humain.<\/p>\n<p><img loading=\"lazy\" decoding=\"async\" class=\"alignright wp-image-17306 size-medium\" src=\"https:\/\/www.naturalscience.org\/wp-content\/uploads\/2016\/01\/herout_web-e1452953419847-260x300.jpg\" alt=\"herout_web\" width=\"260\" height=\"300\" srcset=\"https:\/\/www.naturalscience.org\/wp-content\/uploads\/2016\/01\/herout_web-e1452953419847-260x300.jpg 260w, https:\/\/www.naturalscience.org\/wp-content\/uploads\/2016\/01\/herout_web-e1452953419847-142x164.jpg 142w, https:\/\/www.naturalscience.org\/wp-content\/uploads\/2016\/01\/herout_web-e1452953419847.jpg 561w\" sizes=\"auto, (max-width: 260px) 100vw, 260px\" \/>De par\u00a0sa longue exp\u00e9rience en hom\u00e9opathie et en naturopathie avec les animaux, <strong>Mme Dr m\u00e9d. v\u00e9t. Nicole Herout<\/strong> est une pionni\u00e8re d\u2019une nouvelle m\u00e9decine v\u00e9t\u00e9rinaire qui montre des recours pour sortir de l\u2019impasse dans laquelle la m\u00e9decine conventionnelle est devenue d\u00e9pendante de l\u2019industrie pharmaceutique. La solution possible&nbsp;: la m\u00e9decine humaine, la m\u00e9decine v\u00e9t\u00e9rinaire et la recherche agricole doivent travailler ensemble. Beaucoup d\u2019antibiotiques causent \u00e0 long terme de grands dommages \u00e0 la flore intestinale, la chimioth\u00e9rapie et les rayons d\u00e9truisent celle-ci, m\u00eame jusqu\u2019\u00e0 90&nbsp;%, souvent irr\u00e9vocablement&nbsp;! La r\u00e9g\u00e9n\u00e9ration de la flore intestinale dure au moins six mois. \u00c0 cet effet, les probiotiques sont compl\u00e8tement inutiles car les intestins n\u2019acceptent pas les bact\u00e9ries \u00e9trang\u00e8res. Les enfants de moins de 14 ans ne devraient pas prendre d\u2019antibiotiques&nbsp;!<\/p>\n<p><img loading=\"lazy\" decoding=\"async\" class=\"alignleft wp-image-17310 size-medium\" src=\"https:\/\/www.naturalscience.org\/wp-content\/uploads\/2016\/01\/trappitsch_web-e1452953467411-201x300.jpg\" alt=\"trappitsch_web\" width=\"201\" height=\"300\" srcset=\"https:\/\/www.naturalscience.org\/wp-content\/uploads\/2016\/01\/trappitsch_web-e1452953467411-201x300.jpg 201w, https:\/\/www.naturalscience.org\/wp-content\/uploads\/2016\/01\/trappitsch_web-e1452953467411-110x164.jpg 110w, https:\/\/www.naturalscience.org\/wp-content\/uploads\/2016\/01\/trappitsch_web-e1452953467411.jpg 299w\" sizes=\"auto, (max-width: 201px) 100vw, 201px\" \/><strong>Daniel Trappitsch<\/strong>, du R\u00e9seau Choix Vaccinal, a parl\u00e9 du probl\u00e8me des vaccinations et consid\u00e8re l\u2019hygi\u00e8ne, la nutrition et les syst\u00e8mes sociaux comme raisons primaires dans le d\u00e9clin des maladies infantiles. La th\u00e9orie propag\u00e9e de&nbsp;\u00ab&nbsp;l\u2019immunit\u00e9 collective&nbsp;\u00bb pour l\u2019\u00e9radication des maladies n\u2019a jamais encore \u00e9t\u00e9 prouv\u00e9e. Par contre, on sait que 75&nbsp;% de la population vaccin\u00e9e \u00e9liminent encore des agents pathog\u00e8nes et repr\u00e9sentent ainsi un danger pour les autres. Chaque vaccin contient de 80 \u00e0 100 additifs (par ex. de l\u2019aluminium) dont la plupart ne sont pourtant pas d\u00e9clar\u00e9s. Les questions sur la n\u00e9cessit\u00e9, la s\u00fbret\u00e9 et l\u2019efficacit\u00e9 des vaccins doivent toutes \u00eatre r\u00e9pondues sur la base des faits par un&nbsp;\u00ab&nbsp;non&nbsp;\u00bb. Cependant\u00a0: les vaccinations sont toujours un choix individuel.<\/p>\n<p><strong>Dr Karl Cox, PhD et Lukas Waldmann, naturopathe<\/strong>, ont dissert\u00e9 sur le th\u00e8me de&nbsp;\u00ab&nbsp;La technologie g\u00e9n\u00e9tique \u2013 destructrice masqu\u00e9e de notre sant\u00e9 et de notre qualit\u00e9 de vie globale&nbsp;\u00bb. Les aliments manipul\u00e9s g\u00e9n\u00e9tiquement ne peuvent pas r\u00e9soudre le probl\u00e8me de nutrition. Au contraire des aliments non manipul\u00e9s, ils contiennent beaucoup moins de nutriments, mais par contre des poisons tels le <img loading=\"lazy\" decoding=\"async\" class=\"alignright wp-image-17308 size-medium\" src=\"https:\/\/www.naturalscience.org\/wp-content\/uploads\/2016\/01\/k-cox_waldmann_web-e1452953526457-300x189.jpg\" alt=\"k-cox_waldmann_web\" width=\"300\" height=\"189\" srcset=\"https:\/\/www.naturalscience.org\/wp-content\/uploads\/2016\/01\/k-cox_waldmann_web-e1452953526457-300x189.jpg 300w, https:\/\/www.naturalscience.org\/wp-content\/uploads\/2016\/01\/k-cox_waldmann_web-e1452953526457-768x485.jpg 768w, https:\/\/www.naturalscience.org\/wp-content\/uploads\/2016\/01\/k-cox_waldmann_web-e1452953526457-164x103.jpg 164w, https:\/\/www.naturalscience.org\/wp-content\/uploads\/2016\/01\/k-cox_waldmann_web-e1452953526457.jpg 840w\" sizes=\"auto, (max-width: 300px) 100vw, 300px\" \/> formald\u00e9hyde et le glyphosate (probablement canc\u00e9rog\u00e8nes). L\u2019un des risques majeurs de la consommation d\u2019organismes g\u00e9n\u00e9tiquement manipul\u00e9s est la maladie dite des intestins perm\u00e9ables. Ce qui am\u00e8ne \u00e0 des maladies du syst\u00e8me hormonal (thyro\u00efde), du cerveau (maladie d\u2019Alzheimer, Scl\u00e9rose en plaques, maladie de Parkinson) et des articulations. Le microbiome doit \u00eatre r\u00e9tabli en premier afin de nettoyer et de r\u00e9g\u00e9n\u00e9rer les intestins. Ce qui est utile dans ce dessein sont, par exemple, les produits ferment\u00e9s (produits au lait cru, l\u00e9gumes), les produits au coco, les graines ferment\u00e9es (graines de Chia, de psyllium, de lin, de chanvre) et les consomm\u00e9s.<\/p>\n<p>Les OGM se trouvent avant tout dans les produits laitiers, les pommes de terre, les papayes, les tomates, le riz, les pois, le coton, le soja, le ma\u00efs et le colza. Par ailleurs, \u00e0 cause de l\u2019utilisation de pesticides, les fruits et l\u00e9gumes suivants devraient provenir de culture biologique\u00a0si possible&nbsp;: les pommes, les poivrons, le c\u00e9leri, les raisins, les nectarines, le chou vert, les cerises, les fraises, la laitue, les p\u00eaches, les poires.<\/p>\n<p><img loading=\"lazy\" decoding=\"async\" class=\"alignleft wp-image-17307 size-medium\" src=\"https:\/\/www.naturalscience.org\/wp-content\/uploads\/2016\/01\/hofmann_web_2-227x300.jpg\" alt=\"hofmann_web\" width=\"227\" height=\"300\" srcset=\"https:\/\/www.naturalscience.org\/wp-content\/uploads\/2016\/01\/hofmann_web_2-227x300.jpg 227w, https:\/\/www.naturalscience.org\/wp-content\/uploads\/2016\/01\/hofmann_web_2-124x164.jpg 124w, https:\/\/www.naturalscience.org\/wp-content\/uploads\/2016\/01\/hofmann_web_2.jpg 606w\" sizes=\"auto, (max-width: 227px) 100vw, 227px\" \/><strong>Marcel Hoffmann, MSEE\/ Dipl\u00f4m\u00e9 Ing\u00e9nieur G\u00e9nie \u00c9lectrique,<\/strong> s\u2019est exprim\u00e9 sur la probl\u00e9matique des rayonnements techniques cr\u00e9\u00e9s par l\u2019Homme. D\u00e8s les ann\u00e9es 40, l\u2019existence d\u2019un champ bio\u00e9lectrique a \u00e9t\u00e9 prouv\u00e9e chez les animaux et les plantes. Ainsi, il est \u00e9vident que chaque type de rayonnement influence le corps d\u2019une fa\u00e7on ou d\u2019une autre. Les humains poss\u00e8dent \u00e9galement un syst\u00e8me de contr\u00f4le en courant continu qui r\u00e9gule le syst\u00e8me nerveux. Chaque organe a une ou plusieurs fr\u00e9quences propres et mesurables (vibration). Les cellules sont programmables par les informations auxquelles elles sont expos\u00e9es dans leur environnement. Comme chez les abeilles, le cerveau humain contient un nombre important de magn\u00e9tites, ce qui implique que les champs magn\u00e9tiques externes (comme ceux cr\u00e9\u00e9s artificiellement) influencent notre cerveau directement. Se prot\u00e9ger des rayonnements technologiques signifie&nbsp;: \u00e9viter, \u00e9teindre, \u00eatre \u00e0 l\u2019\u00e9cart des pyl\u00f4nes \u00e0 haute-tension, des transformateurs, des antennes-relais etc., fortifier le corps.<\/p>\n<p><img loading=\"lazy\" decoding=\"async\" class=\"size-medium wp-image-17303 alignright\" src=\"https:\/\/www.naturalscience.org\/wp-content\/uploads\/2016\/01\/z-cox_waldmann_web-300x235.jpg\" alt=\"z-cox_waldmann_web\" width=\"300\" height=\"235\" srcset=\"https:\/\/www.naturalscience.org\/wp-content\/uploads\/2016\/01\/z-cox_waldmann_web-300x235.jpg 300w, https:\/\/www.naturalscience.org\/wp-content\/uploads\/2016\/01\/z-cox_waldmann_web-768x601.jpg 768w, https:\/\/www.naturalscience.org\/wp-content\/uploads\/2016\/01\/z-cox_waldmann_web-164x128.jpg 164w, https:\/\/www.naturalscience.org\/wp-content\/uploads\/2016\/01\/z-cox_waldmann_web.jpg 1000w\" sizes=\"auto, (max-width: 300px) 100vw, 300px\" \/>Les dents sont le miroir de notre sant\u00e9&nbsp;: <strong>Dr R. Zac Cox, dentiste, et Lukas Waldmann, naturopathe<\/strong>, ont illustr\u00e9 combien une bonne alimentation est importante pour nos dents et notre sant\u00e9. Chaque inflammation chronique a un effet dans tout notre corps. Ce ne sont pas les bact\u00e9ries qui causent les caries mais le milieu int\u00e9rieur. Les caries ont \u00e0 voir avec le sucre blanc, les farines blanches, le stress (peur&nbsp;! ), un manque de magn\u00e9sium, de zinc, de cuivre ou \u00e9galement un d\u00e9s\u00e9quilibre eau\/sel. Les fluorures sont des toxines cumulatives. L\u2019\u00e9tude 2012 de la WHO montre qu\u2019il n\u2019a pas de diff\u00e9rence entre le taux de caries dans les pays dont l\u2019eau est fluoris\u00e9e et celui des pays qui n\u2019ajoutent pas de fluor \u00e0 leur eau potable.<\/p>\n<p><img loading=\"lazy\" decoding=\"async\" class=\"alignleft size-medium wp-image-17304\" src=\"https:\/\/www.naturalscience.org\/wp-content\/uploads\/2016\/01\/baars_web-199x300.jpg\" alt=\"baars_web\" width=\"199\" height=\"300\" srcset=\"https:\/\/www.naturalscience.org\/wp-content\/uploads\/2016\/01\/baars_web-199x300.jpg 199w, https:\/\/www.naturalscience.org\/wp-content\/uploads\/2016\/01\/baars_web-109x164.jpg 109w, https:\/\/www.naturalscience.org\/wp-content\/uploads\/2016\/01\/baars_web.jpg 664w\" sizes=\"auto, (max-width: 199px) 100vw, 199px\" \/><strong>Prof. Dr Ton Baars, Institut de Recherches pour l\u2019Agriculture Biologique<\/strong>, a montr\u00e9 dans son expos\u00e9 tr\u00e8s int\u00e9ressant sur le lait pourquoi de plus en plus de personnes souffrent d\u2019une intol\u00e9rance au lactose et pourquoi le b\u00e9tail a \u00e9t\u00e9 r\u00e9duit \u00e0 l\u2019\u00e9tat de machine de productivit\u00e9. Le lait UHT et le lait pasteuris\u00e9 ont aujourd\u2019hui presque compl\u00e8tement remplac\u00e9 le lait cru. Bien malheureusement, car le lait cru prot\u00e8ge des allergies, de l\u2019asthme, du rhume des foins et des otites. Il a un effet pr\u00e9ventif mais peut aussi gu\u00e9rir certaines maladies. Il n\u2019existe aucune raison de boire du lait \u00e9cr\u00e9m\u00e9 et certainement pas \u00e0 cause de probl\u00e8mes de poids, car l\u2019ob\u00e9sit\u00e9 a principalement un rapport avec le d\u00e9s\u00e9quilibre entre la nutrition et l\u2019activit\u00e9 physique.<\/p>\n<p>Les constatations, pr\u00e9sent\u00e9es par tous les intervenants avec expertise et enthousiasme, ont clairement montr\u00e9 comment la Nature est bien organis\u00e9e et ceci de fa\u00e7on sens\u00e9e, et comment chaque \u00e9l\u00e9ment, aussi petit qu\u2019il soit, a son importance. Le r\u00f4le capital des micro-organismes a constitu\u00e9 le fil rouge pendant tout le Congr\u00e8s. Si pour des raisons d\u2019ignorance ou d\u2019app\u00e2t du gain, l\u2019Homme d\u00e9truit ou interf\u00e8re avec le monde des micro-organismes, ceci aura de graves cons\u00e9quences pour toute vie. N\u00e9anmoins, les intervenants ont r\u00e9ussi \u00e0 mettre en \u00e9vidence qu\u2019il existe des solutions pour les probl\u00e8mes actuels \u2013 et souvent il suffit juste de poser un coup d\u2019\u0153il \u00e0 la nature.<\/p>\n<p>Un Congr\u00e8s aura lieu \u00e9galement cette ann\u00e9e. Pour plus de renseignements, cliquez <a href=\"https:\/\/www.naturalscience.org\/fr\/congres-2016\/\">ici<\/a>.<\/p>\n<p>&nbsp;<\/p>\n<h2 class=\"text-center\">Ce qu\u2019en disent nos participants<\/h2>\n<div class=\"row\">\n<div class=\"small-24 medium-8 columns\">\n<blockquote><p>Merci beaucoup pour l\u2019ambiance excellente du Congr\u00e8s WFNS&nbsp;! Ce fut un grand privil\u00e8ge d\u2019y participer et d\u2019acqu\u00e9rir une nouvelle perspective pour ma vie. Apr\u00e8s le Congr\u00e8s, nous avons chang\u00e9 le r\u00e9gime alimentaire de nos chats en leur donnant de la nourriture humide au lieu de s\u00e8che, comme nous l\u2019a pr\u00e9conis\u00e9 Dr m\u00e9d. v\u00e9t. Nicole Herout pendant son expos\u00e9. Nos chats semblent beaucoup plus satisfaits maintenant. Pour cela, encore bien merci pour toutes les informations re\u00e7ues pendant le Congr\u00e8s. <cite>Gintas Stankevicius, Grande Bretagne<\/cite><\/p><\/blockquote>\n<\/div>\n<div class=\"small-24 medium-8 columns\">\n<blockquote><p>Merci beaucoup pour ce formidable Congr\u00e8s\u00a0! Je fus tr\u00e8s impressionn\u00e9e par le fait que tous les intervenants, malgr\u00e9 leurs th\u00e8mes diff\u00e9rents, ont abord\u00e9 le m\u00eame th\u00e8me central. Vous m\u2019avez apport\u00e9 une fa\u00e7on de voir positive et je sais maintenant qu\u2019il en revient de chacun d\u2019agir et qu\u2019il n\u2019est pas trop tard pour s\u2019engager pour un changement positif dans ce monde. <cite>Ruth Widmer, Suisse<\/cite><\/p><\/blockquote>\n<\/div>\n<div class=\"small-24 medium-8 columns\">\n<blockquote><p>Les discours \u00e9taient fantastiques. Ils ont approfondi des th\u00e8mes auxquels je m\u2019int\u00e9resse depuis plusieurs ann\u00e9es. Ce qui m\u2019a particuli\u00e8rement impressionn\u00e9e fut la grande ouverture d\u2019esprit et la participation internationale \u2013 \u00e9galement celles des jeunes en particulier. Cela me donne l\u2019espoir pour l\u2019avenir. De plus, l\u2019arrangement magnifique et chaleureux de la grande salle des Congr\u00e8s m\u2019est all\u00e9 droit au c\u0153ur tout de suite. <cite>Hiltrud, Ulm, 80 ans <\/cite><\/p><\/blockquote>\n<\/div>\n<\/div>\n<h2 style=\"text-align: center;\">Impressions<\/h2>\n<p><div class=\"ngg-pro-mosaic-container\" data-ngg-pro-mosaic-id=\"00f9550c2134712c6b783283f1de5e46\"><\/div>\n<\/p>\n","protected":false},"excerpt":{"rendered":"R\u00e9trospective du 20\u00e8me Congr\u00e8s Mondial International&nbsp;\u00ab&nbsp;Nouvelles Perspectives Scientifiques&nbsp;\u00bb de The World Foundation for Natural Science \u00ab&nbsp;Laisse la Nature \u00eatre ton ma\u00eetre&nbsp;!&nbsp;\u00bb Du jeudi 29 octobre au dimanche 1er novembre 2015 &nbsp; Angelika L\u00fcbke- Hildebrandt, experte en qualit\u00e9 des sols, a transmis une compr\u00e9hension sur le fait que le sol est un organisme vivant qui doit [&hellip;]","protected":false},"author":9,"featured_media":0,"parent":16149,"menu_order":2,"comment_status":"closed","ping_status":"closed","template":"page-full.php","meta":{"_acf_changed":false,"ngg_post_thumbnail":0,"footnotes":""},"categories":[],"class_list":["post-18874","page","type-page","status-publish","hentry","wpautop"],"acf":[],"yoast_head":"<!-- This site is optimized with the Yoast SEO plugin v27.4 - https:\/\/yoast.com\/product\/yoast-seo-wordpress\/ -->\n<title>R\u00e9trospective - The World Foundation for Natural Science<\/title>\n<meta name=\"robots\" content=\"index, follow, max-snippet:-1, max-image-preview:large, max-video-preview:-1\" \/>\n<link rel=\"canonical\" href=\"https:\/\/www.naturalscience.org\/fr\/congres-2015\/retrospective\/\" \/>\n<meta name=\"twitter:label1\" content=\"Dur\u00e9e de lecture estim\u00e9e\" \/>\n\t<meta name=\"twitter:data1\" content=\"9 minutes\" \/>\n<script type=\"application\/ld+json\" class=\"yoast-schema-graph\">{\"@context\":\"https:\\\/\\\/schema.org\",\"@graph\":[{\"@type\":\"WebPage\",\"@id\":\"https:\\\/\\\/www.naturalscience.org\\\/fr\\\/congres-2015\\\/retrospective\\\/\",\"url\":\"https:\\\/\\\/www.naturalscience.org\\\/fr\\\/congres-2015\\\/retrospective\\\/\",\"name\":\"R\u00e9trospective - The World Foundation for Natural Science\",\"isPartOf\":{\"@id\":\"https:\\\/\\\/www.naturalscience.org\\\/#website\"},\"primaryImageOfPage\":{\"@id\":\"https:\\\/\\\/www.naturalscience.org\\\/fr\\\/congres-2015\\\/retrospective\\\/#primaryimage\"},\"image\":{\"@id\":\"https:\\\/\\\/www.naturalscience.org\\\/fr\\\/congres-2015\\\/retrospective\\\/#primaryimage\"},\"thumbnailUrl\":\"https:\\\/\\\/www.naturalscience.org\\\/wp-content\\\/uploads\\\/2016\\\/01\\\/luebke-hildebrandt_web-e1452953370360-264x300.jpg\",\"datePublished\":\"2016-04-16T15:19:18+00:00\",\"dateModified\":\"2016-07-08T13:54:01+00:00\",\"breadcrumb\":{\"@id\":\"https:\\\/\\\/www.naturalscience.org\\\/fr\\\/congres-2015\\\/retrospective\\\/#breadcrumb\"},\"inLanguage\":\"fr-FR\",\"potentialAction\":[{\"@type\":\"ReadAction\",\"target\":[\"https:\\\/\\\/www.naturalscience.org\\\/fr\\\/congres-2015\\\/retrospective\\\/\"]}]},{\"@type\":\"ImageObject\",\"inLanguage\":\"fr-FR\",\"@id\":\"https:\\\/\\\/www.naturalscience.org\\\/fr\\\/congres-2015\\\/retrospective\\\/#primaryimage\",\"url\":\"https:\\\/\\\/www.naturalscience.org\\\/wp-content\\\/uploads\\\/2016\\\/01\\\/luebke-hildebrandt_web-e1452953370360-264x300.jpg\",\"contentUrl\":\"https:\\\/\\\/www.naturalscience.org\\\/wp-content\\\/uploads\\\/2016\\\/01\\\/luebke-hildebrandt_web-e1452953370360-264x300.jpg\"},{\"@type\":\"BreadcrumbList\",\"@id\":\"https:\\\/\\\/www.naturalscience.org\\\/fr\\\/congres-2015\\\/retrospective\\\/#breadcrumb\",\"itemListElement\":[{\"@type\":\"ListItem\",\"position\":1,\"name\":\"Home\",\"item\":\"https:\\\/\\\/www.naturalscience.org\\\/fr\\\/\"},{\"@type\":\"ListItem\",\"position\":2,\"name\":\"20\u00e8me Congr\u00e8s Mondial \u201eNouvelles Perspectives Scientifiques\u201c\",\"item\":\"https:\\\/\\\/www.naturalscience.org\\\/fr\\\/congres-2015\\\/\"},{\"@type\":\"ListItem\",\"position\":3,\"name\":\"R\u00e9trospective\"}]},{\"@type\":\"WebSite\",\"@id\":\"https:\\\/\\\/www.naturalscience.org\\\/#website\",\"url\":\"https:\\\/\\\/www.naturalscience.org\\\/\",\"name\":\"The World Foundation for Natural Science\",\"description\":\"Restoring and Healing the World through Responsibility and Commitment in accord with Natural and Divine Law!\",\"potentialAction\":[{\"@type\":\"SearchAction\",\"target\":{\"@type\":\"EntryPoint\",\"urlTemplate\":\"https:\\\/\\\/www.naturalscience.org\\\/?s={search_term_string}\"},\"query-input\":{\"@type\":\"PropertyValueSpecification\",\"valueRequired\":true,\"valueName\":\"search_term_string\"}}],\"inLanguage\":\"fr-FR\"}]}<\/script>\n<!-- \/ Yoast SEO plugin. -->","yoast_head_json":{"title":"R\u00e9trospective - The World Foundation for Natural Science","robots":{"index":"index","follow":"follow","max-snippet":"max-snippet:-1","max-image-preview":"max-image-preview:large","max-video-preview":"max-video-preview:-1"},"canonical":"https:\/\/www.naturalscience.org\/fr\/congres-2015\/retrospective\/","twitter_misc":{"Dur\u00e9e de lecture estim\u00e9e":"9 minutes"},"schema":{"@context":"https:\/\/schema.org","@graph":[{"@type":"WebPage","@id":"https:\/\/www.naturalscience.org\/fr\/congres-2015\/retrospective\/","url":"https:\/\/www.naturalscience.org\/fr\/congres-2015\/retrospective\/","name":"R\u00e9trospective - The World Foundation for Natural Science","isPartOf":{"@id":"https:\/\/www.naturalscience.org\/#website"},"primaryImageOfPage":{"@id":"https:\/\/www.naturalscience.org\/fr\/congres-2015\/retrospective\/#primaryimage"},"image":{"@id":"https:\/\/www.naturalscience.org\/fr\/congres-2015\/retrospective\/#primaryimage"},"thumbnailUrl":"https:\/\/www.naturalscience.org\/wp-content\/uploads\/2016\/01\/luebke-hildebrandt_web-e1452953370360-264x300.jpg","datePublished":"2016-04-16T15:19:18+00:00","dateModified":"2016-07-08T13:54:01+00:00","breadcrumb":{"@id":"https:\/\/www.naturalscience.org\/fr\/congres-2015\/retrospective\/#breadcrumb"},"inLanguage":"fr-FR","potentialAction":[{"@type":"ReadAction","target":["https:\/\/www.naturalscience.org\/fr\/congres-2015\/retrospective\/"]}]},{"@type":"ImageObject","inLanguage":"fr-FR","@id":"https:\/\/www.naturalscience.org\/fr\/congres-2015\/retrospective\/#primaryimage","url":"https:\/\/www.naturalscience.org\/wp-content\/uploads\/2016\/01\/luebke-hildebrandt_web-e1452953370360-264x300.jpg","contentUrl":"https:\/\/www.naturalscience.org\/wp-content\/uploads\/2016\/01\/luebke-hildebrandt_web-e1452953370360-264x300.jpg"},{"@type":"BreadcrumbList","@id":"https:\/\/www.naturalscience.org\/fr\/congres-2015\/retrospective\/#breadcrumb","itemListElement":[{"@type":"ListItem","position":1,"name":"Home","item":"https:\/\/www.naturalscience.org\/fr\/"},{"@type":"ListItem","position":2,"name":"20\u00e8me Congr\u00e8s Mondial \u201eNouvelles Perspectives Scientifiques\u201c","item":"https:\/\/www.naturalscience.org\/fr\/congres-2015\/"},{"@type":"ListItem","position":3,"name":"R\u00e9trospective"}]},{"@type":"WebSite","@id":"https:\/\/www.naturalscience.org\/#website","url":"https:\/\/www.naturalscience.org\/","name":"The World Foundation for Natural Science","description":"Restoring and Healing the World through Responsibility and Commitment in accord with Natural and Divine Law!","potentialAction":[{"@type":"SearchAction","target":{"@type":"EntryPoint","urlTemplate":"https:\/\/www.naturalscience.org\/?s={search_term_string}"},"query-input":{"@type":"PropertyValueSpecification","valueRequired":true,"valueName":"search_term_string"}}],"inLanguage":"fr-FR"}]}},"_links":{"self":[{"href":"https:\/\/www.naturalscience.org\/fr\/wp-json\/wp\/v2\/pages\/18874","targetHints":{"allow":["GET"]}}],"collection":[{"href":"https:\/\/www.naturalscience.org\/fr\/wp-json\/wp\/v2\/pages"}],"about":[{"href":"https:\/\/www.naturalscience.org\/fr\/wp-json\/wp\/v2\/types\/page"}],"author":[{"embeddable":true,"href":"https:\/\/www.naturalscience.org\/fr\/wp-json\/wp\/v2\/users\/9"}],"replies":[{"embeddable":true,"href":"https:\/\/www.naturalscience.org\/fr\/wp-json\/wp\/v2\/comments?post=18874"}],"version-history":[{"count":18,"href":"https:\/\/www.naturalscience.org\/fr\/wp-json\/wp\/v2\/pages\/18874\/revisions"}],"predecessor-version":[{"id":21240,"href":"https:\/\/www.naturalscience.org\/fr\/wp-json\/wp\/v2\/pages\/18874\/revisions\/21240"}],"up":[{"embeddable":true,"href":"https:\/\/www.naturalscience.org\/fr\/wp-json\/wp\/v2\/pages\/16149"}],"wp:attachment":[{"href":"https:\/\/www.naturalscience.org\/fr\/wp-json\/wp\/v2\/media?parent=18874"}],"wp:term":[{"taxonomy":"category","embeddable":true,"href":"https:\/\/www.naturalscience.org\/fr\/wp-json\/wp\/v2\/categories?post=18874"}],"curies":[{"name":"wp","href":"https:\/\/api.w.org\/{rel}","templated":true}]}}