{"id":18314,"date":"2016-03-19T13:08:23","date_gmt":"2016-03-19T12:08:23","guid":{"rendered":"http:\/\/www.naturalscience.org\/fr\/?page_id=18314"},"modified":"2016-03-19T13:08:23","modified_gmt":"2016-03-19T12:08:23","slug":"merci-beaucoup-pour-votre-aide","status":"publish","type":"page","link":"https:\/\/www.naturalscience.org\/fr\/nous-connaitre\/adhesion\/merci-beaucoup-pour-votre-aide\/","title":{"rendered":"Merci beaucoup pour votre aide!"},"content":{"rendered":"<p><strong>Bienvenue \u00e0 The World Foundation for Natural Science!<\/strong><\/p>\n<p>Vous allez recevoir sous peu un e-mail de notre part, r\u00e9capitulant vos donn\u00e9es soumises et vous informant des prochaines \u00e9tapes.<\/p>\n","protected":false},"excerpt":{"rendered":"Bienvenue \u00e0 The World Foundation for Natural Science! Vous allez recevoir sous peu un e-mail de notre part, r\u00e9capitulant vos donn\u00e9es soumises et vous informant des prochaines \u00e9tapes.","protected":false},"author":9,"featured_media":0,"parent":17867,"menu_order":2,"comment_status":"closed","ping_status":"closed","template":"","meta":{"_acf_changed":false,"ngg_post_thumbnail":0,"footnotes":""},"categories":[],"class_list":["post-18314","page","type-page","status-publish","hentry","wpautop"],"acf":[],"yoast_head":"<!-- This site is optimized with the Yoast SEO plugin v27.5 - https:\/\/yoast.com\/product\/yoast-seo-wordpress\/ -->\n<title>Merci beaucoup pour votre aide! - The World Foundation for Natural Science<\/title>\n<meta name=\"robots\" content=\"index, follow, max-snippet:-1, max-image-preview:large, max-video-preview:-1\" \/>\n<link rel=\"canonical\" href=\"https:\/\/www.naturalscience.org\/fr\/nous-connaitre\/adhesion\/merci-beaucoup-pour-votre-aide\/\" \/>\n<script type=\"application\/ld+json\" class=\"yoast-schema-graph\">{\"@context\":\"https:\\\/\\\/schema.org\",\"@graph\":[{\"@type\":\"WebPage\",\"@id\":\"https:\\\/\\\/www.naturalscience.org\\\/fr\\\/nous-connaitre\\\/adhesion\\\/merci-beaucoup-pour-votre-aide\\\/\",\"url\":\"https:\\\/\\\/www.naturalscience.org\\\/fr\\\/nous-connaitre\\\/adhesion\\\/merci-beaucoup-pour-votre-aide\\\/\",\"name\":\"Merci beaucoup pour votre aide! - The World Foundation for Natural Science\",\"isPartOf\":{\"@id\":\"https:\\\/\\\/www.naturalscience.org\\\/#website\"},\"datePublished\":\"2016-03-19T12:08:23+00:00\",\"breadcrumb\":{\"@id\":\"https:\\\/\\\/www.naturalscience.org\\\/fr\\\/nous-connaitre\\\/adhesion\\\/merci-beaucoup-pour-votre-aide\\\/#breadcrumb\"},\"inLanguage\":\"fr-FR\",\"potentialAction\":[{\"@type\":\"ReadAction\",\"target\":[\"https:\\\/\\\/www.naturalscience.org\\\/fr\\\/nous-connaitre\\\/adhesion\\\/merci-beaucoup-pour-votre-aide\\\/\"]}]},{\"@type\":\"BreadcrumbList\",\"@id\":\"https:\\\/\\\/www.naturalscience.org\\\/fr\\\/nous-connaitre\\\/adhesion\\\/merci-beaucoup-pour-votre-aide\\\/#breadcrumb\",\"itemListElement\":[{\"@type\":\"ListItem\",\"position\":1,\"name\":\"Home\",\"item\":\"https:\\\/\\\/www.naturalscience.org\\\/fr\\\/\"},{\"@type\":\"ListItem\",\"position\":2,\"name\":\"Nous conna\u00eetre\",\"item\":\"https:\\\/\\\/www.naturalscience.org\\\/fr\\\/nous-connaitre\\\/\"},{\"@type\":\"ListItem\",\"position\":3,\"name\":\"Adh\u00e9sion\",\"item\":\"https:\\\/\\\/www.naturalscience.org\\\/fr\\\/nous-connaitre\\\/adhesion\\\/\"},{\"@type\":\"ListItem\",\"position\":4,\"name\":\"Merci beaucoup pour votre aide!\"}]},{\"@type\":\"WebSite\",\"@id\":\"https:\\\/\\\/www.naturalscience.org\\\/#website\",\"url\":\"https:\\\/\\\/www.naturalscience.org\\\/\",\"name\":\"The World Foundation for Natural Science\",\"description\":\"Restoring and Healing the World through Responsibility and Commitment in accord with Natural and Divine Law!\",\"potentialAction\":[{\"@type\":\"SearchAction\",\"target\":{\"@type\":\"EntryPoint\",\"urlTemplate\":\"https:\\\/\\\/www.naturalscience.org\\\/?s={search_term_string}\"},\"query-input\":{\"@type\":\"PropertyValueSpecification\",\"valueRequired\":true,\"valueName\":\"search_term_string\"}}],\"inLanguage\":\"fr-FR\"}]}<\/script>\n<!-- \/ Yoast SEO plugin. -->","yoast_head_json":{"title":"Merci beaucoup pour votre aide! - The World Foundation for Natural Science","robots":{"index":"index","follow":"follow","max-snippet":"max-snippet:-1","max-image-preview":"max-image-preview:large","max-video-preview":"max-video-preview:-1"},"canonical":"https:\/\/www.naturalscience.org\/fr\/nous-connaitre\/adhesion\/merci-beaucoup-pour-votre-aide\/","schema":{"@context":"https:\/\/schema.org","@graph":[{"@type":"WebPage","@id":"https:\/\/www.naturalscience.org\/fr\/nous-connaitre\/adhesion\/merci-beaucoup-pour-votre-aide\/","url":"https:\/\/www.naturalscience.org\/fr\/nous-connaitre\/adhesion\/merci-beaucoup-pour-votre-aide\/","name":"Merci beaucoup pour votre aide! - The World Foundation for Natural Science","isPartOf":{"@id":"https:\/\/www.naturalscience.org\/#website"},"datePublished":"2016-03-19T12:08:23+00:00","breadcrumb":{"@id":"https:\/\/www.naturalscience.org\/fr\/nous-connaitre\/adhesion\/merci-beaucoup-pour-votre-aide\/#breadcrumb"},"inLanguage":"fr-FR","potentialAction":[{"@type":"ReadAction","target":["https:\/\/www.naturalscience.org\/fr\/nous-connaitre\/adhesion\/merci-beaucoup-pour-votre-aide\/"]}]},{"@type":"BreadcrumbList","@id":"https:\/\/www.naturalscience.org\/fr\/nous-connaitre\/adhesion\/merci-beaucoup-pour-votre-aide\/#breadcrumb","itemListElement":[{"@type":"ListItem","position":1,"name":"Home","item":"https:\/\/www.naturalscience.org\/fr\/"},{"@type":"ListItem","position":2,"name":"Nous conna\u00eetre","item":"https:\/\/www.naturalscience.org\/fr\/nous-connaitre\/"},{"@type":"ListItem","position":3,"name":"Adh\u00e9sion","item":"https:\/\/www.naturalscience.org\/fr\/nous-connaitre\/adhesion\/"},{"@type":"ListItem","position":4,"name":"Merci beaucoup pour votre aide!"}]},{"@type":"WebSite","@id":"https:\/\/www.naturalscience.org\/#website","url":"https:\/\/www.naturalscience.org\/","name":"The World Foundation for Natural Science","description":"Restoring and Healing the World through Responsibility and Commitment in accord with Natural and Divine Law!","potentialAction":[{"@type":"SearchAction","target":{"@type":"EntryPoint","urlTemplate":"https:\/\/www.naturalscience.org\/?s={search_term_string}"},"query-input":{"@type":"PropertyValueSpecification","valueRequired":true,"valueName":"search_term_string"}}],"inLanguage":"fr-FR"}]}},"_links":{"self":[{"href":"https:\/\/www.naturalscience.org\/fr\/wp-json\/wp\/v2\/pages\/18314","targetHints":{"allow":["GET"]}}],"collection":[{"href":"https:\/\/www.naturalscience.org\/fr\/wp-json\/wp\/v2\/pages"}],"about":[{"href":"https:\/\/www.naturalscience.org\/fr\/wp-json\/wp\/v2\/types\/page"}],"author":[{"embeddable":true,"href":"https:\/\/www.naturalscience.org\/fr\/wp-json\/wp\/v2\/users\/9"}],"replies":[{"embeddable":true,"href":"https:\/\/www.naturalscience.org\/fr\/wp-json\/wp\/v2\/comments?post=18314"}],"version-history":[{"count":1,"href":"https:\/\/www.naturalscience.org\/fr\/wp-json\/wp\/v2\/pages\/18314\/revisions"}],"predecessor-version":[{"id":18315,"href":"https:\/\/www.naturalscience.org\/fr\/wp-json\/wp\/v2\/pages\/18314\/revisions\/18315"}],"up":[{"embeddable":true,"href":"https:\/\/www.naturalscience.org\/fr\/wp-json\/wp\/v2\/pages\/17867"}],"wp:attachment":[{"href":"https:\/\/www.naturalscience.org\/fr\/wp-json\/wp\/v2\/media?parent=18314"}],"wp:term":[{"taxonomy":"category","embeddable":true,"href":"https:\/\/www.naturalscience.org\/fr\/wp-json\/wp\/v2\/categories?post=18314"}],"curies":[{"name":"wp","href":"https:\/\/api.w.org\/{rel}","templated":true}]}}