{"id":17871,"date":"2016-02-21T18:52:57","date_gmt":"2016-02-21T17:52:57","guid":{"rendered":"http:\/\/www.naturalscience.org\/fr\/?page_id=17871"},"modified":"2016-06-19T18:05:39","modified_gmt":"2016-06-19T16:05:39","slug":"nous-connaitre","status":"publish","type":"page","link":"https:\/\/www.naturalscience.org\/fr\/nous-connaitre\/","title":{"rendered":"Nous conna\u00eetre"},"content":{"rendered":"<p>The World Foundation for Natural Science fut fond\u00e9 en 1993 par The Most Rev. Peter W. Leach-Lewis, DCh. Notre mission est de gu\u00e9rir la plan\u00e8te en \u00e9tant responsable et d\u00e9vou\u00e9 en accord avec les lois de la Nature et de r\u00e9tablir ainsi l\u2019Ordre Divin sur cette pr\u00e9cieuse plan\u00e8te Terre. Nous ne pourrons r\u00e9soudre les probl\u00e8mes de notre \u00e9poque que si le monde scientifique reconna\u00eet que sans Dieu, il ne peut y avoir de v\u00e9ritables sciences et \u00e0 moins que nous commencions tous \u00e0 inclure Dieu \u00e0 nouveau dans nos consid\u00e9rations.<\/p>\n<p>The World Foundation for Natural Science est internationalement le leader dans l\u2019association des sciences naturelles et de la spiritualit\u00e9 afin de pr\u00e9senter de v\u00e9ritables solutions pour les probl\u00e8mes auxquels l\u2019homme et la Nature font face de nos jours dans beaucoup de domaines. Pour cela, la Nature et ses lois sont notre exemple. L\u2019objectif principal de notre travail se trouve dans la sensibilisation, car seul celui qui est inform\u00e9 peut apporter du changement.<\/p>\n<p>Nous ne pourrons jamais vraiment comprendre la Nature compl\u00e8tement, ni ses&nbsp;\u00ab&nbsp;Sciences&nbsp;\u00bb , car nous sommes nous-m\u00eames une partie vitale de ce que nous essayons de comprendre. Nous ne pouvons pas assez longtemps nous retirer du chemin pour \u00eatre capable d\u2019y regarder avec assez d\u2019objectivit\u00e9, puisqu\u2019en nous retirant de l\u2019\u00e9quation, ce que nous \u00e9tudions est alors incomplet. Et c\u2019est pourquoi The World Foundation for Natural Science existe, car dans notre effort de comprendre ce qui se trouve autour de nous, nous commen\u00e7ons \u00e0 d\u00e9couvrir ce qui se trouve \u00e0 l\u2019int\u00e9rieur de nous et le pourquoi de notre existence dans ce&nbsp;\u00ab&nbsp;Monde&nbsp;\u00bb &#8230; c\u2019est la raison de notre incarnation. La vie n\u2019est pas un accident. Nous \u00e9tudions les motifs et conceptions complexes de la vie. Nous ne croyons pas au surnaturel ni au supranormal. Tout peut \u00eatre compris jusqu\u2019\u00e0 un certain point et la plupart des choses peuvent \u00eatre expliqu\u00e9es, <em>avec suffisamment d\u2019\u00e9tudes<\/em>.<\/p>\n<p>La Terre est notre foyer. Elle est une salle de classe pour des milliards de personnes, qui nous offre la possibilit\u00e9 d\u2019apprendre, de grandir et de continuer \u00e0 nous d\u00e9velopper. La Terre nous a \u00e9t\u00e9 confi\u00e9e, nous en sommes responsables. La responsabilit\u00e9 exige l\u2019engagement et la volont\u00e9 d\u2019\u00e9tudier les lois de la Nature. En effet, seul celui qui a compris la Loi Divine et Naturelle (qui est en fin de compte une seule et m\u00eame chose) peut agir en cons\u00e9quence et trouve des solutions aux probl\u00e8mes que nous nous sommes cr\u00e9\u00e9s.<\/p>\n<p>D\u00e9sirez-vous en savoir davantage? Alors <a href=\"https:\/\/www.naturalscience.org\/contact\/\">contactez-nous<\/a>.<\/p>\n","protected":false},"excerpt":{"rendered":"The World Foundation for Natural Science fut fond\u00e9 en 1993 par The Most Rev. Peter W. Leach-Lewis, DCh. Notre mission est de gu\u00e9rir la plan\u00e8te en \u00e9tant responsable et d\u00e9vou\u00e9 en accord avec les lois de la Nature et de r\u00e9tablir ainsi l\u2019Ordre Divin sur cette pr\u00e9cieuse plan\u00e8te Terre. Nous ne pourrons r\u00e9soudre les probl\u00e8mes [&hellip;]","protected":false},"author":9,"featured_media":0,"parent":0,"menu_order":186,"comment_status":"closed","ping_status":"closed","template":"","meta":{"_acf_changed":false,"ngg_post_thumbnail":0,"footnotes":""},"categories":[],"class_list":["post-17871","page","type-page","status-publish","hentry","wpautop"],"acf":[],"yoast_head":"<!-- This site is optimized with the Yoast SEO plugin v27.5 - https:\/\/yoast.com\/product\/yoast-seo-wordpress\/ -->\n<title>Nous conna\u00eetre - The World Foundation for Natural Science<\/title>\n<meta name=\"robots\" content=\"index, follow, max-snippet:-1, max-image-preview:large, max-video-preview:-1\" \/>\n<link rel=\"canonical\" href=\"https:\/\/www.naturalscience.org\/fr\/nous-connaitre\/\" \/>\n<meta name=\"twitter:label1\" content=\"Dur\u00e9e de lecture estim\u00e9e\" \/>\n\t<meta name=\"twitter:data1\" content=\"2 minutes\" \/>\n<script type=\"application\/ld+json\" class=\"yoast-schema-graph\">{\"@context\":\"https:\\\/\\\/schema.org\",\"@graph\":[{\"@type\":\"WebPage\",\"@id\":\"https:\\\/\\\/www.naturalscience.org\\\/fr\\\/nous-connaitre\\\/\",\"url\":\"https:\\\/\\\/www.naturalscience.org\\\/fr\\\/nous-connaitre\\\/\",\"name\":\"Nous conna\u00eetre - The World Foundation for Natural Science\",\"isPartOf\":{\"@id\":\"https:\\\/\\\/www.naturalscience.org\\\/#website\"},\"datePublished\":\"2016-02-21T17:52:57+00:00\",\"dateModified\":\"2016-06-19T16:05:39+00:00\",\"breadcrumb\":{\"@id\":\"https:\\\/\\\/www.naturalscience.org\\\/fr\\\/nous-connaitre\\\/#breadcrumb\"},\"inLanguage\":\"fr-FR\",\"potentialAction\":[{\"@type\":\"ReadAction\",\"target\":[\"https:\\\/\\\/www.naturalscience.org\\\/fr\\\/nous-connaitre\\\/\"]}]},{\"@type\":\"BreadcrumbList\",\"@id\":\"https:\\\/\\\/www.naturalscience.org\\\/fr\\\/nous-connaitre\\\/#breadcrumb\",\"itemListElement\":[{\"@type\":\"ListItem\",\"position\":1,\"name\":\"Home\",\"item\":\"https:\\\/\\\/www.naturalscience.org\\\/fr\\\/\"},{\"@type\":\"ListItem\",\"position\":2,\"name\":\"Nous conna\u00eetre\"}]},{\"@type\":\"WebSite\",\"@id\":\"https:\\\/\\\/www.naturalscience.org\\\/#website\",\"url\":\"https:\\\/\\\/www.naturalscience.org\\\/\",\"name\":\"The World Foundation for Natural Science\",\"description\":\"Restoring and Healing the World through Responsibility and Commitment in accord with Natural and Divine Law!\",\"potentialAction\":[{\"@type\":\"SearchAction\",\"target\":{\"@type\":\"EntryPoint\",\"urlTemplate\":\"https:\\\/\\\/www.naturalscience.org\\\/?s={search_term_string}\"},\"query-input\":{\"@type\":\"PropertyValueSpecification\",\"valueRequired\":true,\"valueName\":\"search_term_string\"}}],\"inLanguage\":\"fr-FR\"}]}<\/script>\n<!-- \/ Yoast SEO plugin. -->","yoast_head_json":{"title":"Nous conna\u00eetre - The World Foundation for Natural Science","robots":{"index":"index","follow":"follow","max-snippet":"max-snippet:-1","max-image-preview":"max-image-preview:large","max-video-preview":"max-video-preview:-1"},"canonical":"https:\/\/www.naturalscience.org\/fr\/nous-connaitre\/","twitter_misc":{"Dur\u00e9e de lecture estim\u00e9e":"2 minutes"},"schema":{"@context":"https:\/\/schema.org","@graph":[{"@type":"WebPage","@id":"https:\/\/www.naturalscience.org\/fr\/nous-connaitre\/","url":"https:\/\/www.naturalscience.org\/fr\/nous-connaitre\/","name":"Nous conna\u00eetre - The World Foundation for Natural Science","isPartOf":{"@id":"https:\/\/www.naturalscience.org\/#website"},"datePublished":"2016-02-21T17:52:57+00:00","dateModified":"2016-06-19T16:05:39+00:00","breadcrumb":{"@id":"https:\/\/www.naturalscience.org\/fr\/nous-connaitre\/#breadcrumb"},"inLanguage":"fr-FR","potentialAction":[{"@type":"ReadAction","target":["https:\/\/www.naturalscience.org\/fr\/nous-connaitre\/"]}]},{"@type":"BreadcrumbList","@id":"https:\/\/www.naturalscience.org\/fr\/nous-connaitre\/#breadcrumb","itemListElement":[{"@type":"ListItem","position":1,"name":"Home","item":"https:\/\/www.naturalscience.org\/fr\/"},{"@type":"ListItem","position":2,"name":"Nous conna\u00eetre"}]},{"@type":"WebSite","@id":"https:\/\/www.naturalscience.org\/#website","url":"https:\/\/www.naturalscience.org\/","name":"The World Foundation for Natural Science","description":"Restoring and Healing the World through Responsibility and Commitment in accord with Natural and Divine Law!","potentialAction":[{"@type":"SearchAction","target":{"@type":"EntryPoint","urlTemplate":"https:\/\/www.naturalscience.org\/?s={search_term_string}"},"query-input":{"@type":"PropertyValueSpecification","valueRequired":true,"valueName":"search_term_string"}}],"inLanguage":"fr-FR"}]}},"_links":{"self":[{"href":"https:\/\/www.naturalscience.org\/fr\/wp-json\/wp\/v2\/pages\/17871","targetHints":{"allow":["GET"]}}],"collection":[{"href":"https:\/\/www.naturalscience.org\/fr\/wp-json\/wp\/v2\/pages"}],"about":[{"href":"https:\/\/www.naturalscience.org\/fr\/wp-json\/wp\/v2\/types\/page"}],"author":[{"embeddable":true,"href":"https:\/\/www.naturalscience.org\/fr\/wp-json\/wp\/v2\/users\/9"}],"replies":[{"embeddable":true,"href":"https:\/\/www.naturalscience.org\/fr\/wp-json\/wp\/v2\/comments?post=17871"}],"version-history":[{"count":5,"href":"https:\/\/www.naturalscience.org\/fr\/wp-json\/wp\/v2\/pages\/17871\/revisions"}],"predecessor-version":[{"id":20714,"href":"https:\/\/www.naturalscience.org\/fr\/wp-json\/wp\/v2\/pages\/17871\/revisions\/20714"}],"wp:attachment":[{"href":"https:\/\/www.naturalscience.org\/fr\/wp-json\/wp\/v2\/media?parent=17871"}],"wp:term":[{"taxonomy":"category","embeddable":true,"href":"https:\/\/www.naturalscience.org\/fr\/wp-json\/wp\/v2\/categories?post=17871"}],"curies":[{"name":"wp","href":"https:\/\/api.w.org\/{rel}","templated":true}]}}