{"id":17867,"date":"2016-02-21T18:47:06","date_gmt":"2016-02-21T17:47:06","guid":{"rendered":"http:\/\/www.naturalscience.org\/fr\/?page_id=17867"},"modified":"2023-03-21T18:07:54","modified_gmt":"2023-03-21T17:07:54","slug":"adhesion","status":"publish","type":"page","link":"https:\/\/www.naturalscience.org\/fr\/nous-connaitre\/adhesion\/","title":{"rendered":"Adh\u00e9sion"},"content":{"rendered":"<p>En tant que membres de The World Foundation for Natural Science, nous nous employons \u00e0 \u00e9tudier les principes du fonctionnement de la Nature, \u00e0 inclure la recherche scientifique et \u00e0 mettre en pratique les r\u00e9sultats obtenus dans notre vie quotidienne. De cette connaissance pratique r\u00e9sulte un mode de vie en accord avec la Nature et ses lois.<\/p>\n<p>Nous \u00e9tudions de quoi ce monde est fait, ce qui le maintient, et ce dont ce monde a besoin pour continuer dans le v\u00e9ritable Esprit par et avec lequel il a \u00e9t\u00e9 initialement cr\u00e9\u00e9. Nous savons que les choses de la Nature ne se sont pas simplement produites par elles m\u00eames. D\u2019ailleurs, la vie a besoin de nous, tout comme nos vies individuelles d\u00e9pendent de TOUTE Vie, parce qu\u2019il y a un effet de vague dans tout ce que nous faisons en tant qu\u2019\u00eatres humains.&nbsp;\u00ab&nbsp;Ce que je fais vous affecte, et ce que vous faites m\u2019affecte.&nbsp;\u00bb Ainsi, lorsque l\u2019individu change de mode de vie, la vie dans son ensemble change \u00e9galement. En cons\u00e9quence, nous consid\u00e9rons la Nature et toutes ses cr\u00e9atures avec amour, gratitude, appr\u00e9ciation et respect; et, avec nos membres \u00e0 travers le monde, nous sommes tr\u00e8s engag\u00e9s dans la restauration de l\u2019Ordre Naturel et Divin sur cette plan\u00e8te unique, la Terre, ainsi que pour la gu\u00e9rison de l\u2019\u00eatre humain et de la Nature en accord avec la Loi Naturelle et Divine.<\/p>\n<p>Il y a ceux dans notre monde qui demandent constamment \u00e0 la Vie&nbsp;:&nbsp;\u00ab&nbsp;Qu\u2019as tu \u00e0 m\u2019offrir&nbsp;?&nbsp;\u00bb Habituellement, quand ils \u00e9coutent bien, ils d\u00e9couvriront que la Vie leur r\u00e9pond&nbsp;:&nbsp;\u00ab&nbsp;Qu\u2019est ce que tu as \u00e0 donner&nbsp;?!&nbsp;\u00bb. Prenez le temps d\u2019y penser. Nous invitons cordialement les personnes vivant une vie saine et naturelle et qui veulent s\u2019engager avec nous pour le bien, \u00e0 devenir membre de The World Foundation for Natural Science (ou m\u00eame sponsor ou donateur) et \u00e0 signer la d\u00e9claration d\u2019adh\u00e9sion annuelle.<\/p>\n<p>Les membres de The World Foundation for Natural Science b\u00e9n\u00e9ficient de droits d\u2019entr\u00e9e r\u00e9duits pour tous nos \u00e9v\u00e9nements. Les sponsors re\u00e7oivent l\u2019entr\u00e9e gratuite \u00e0 toutes les conf\u00e9rences, les bienfaiteurs \u00e0 tous les \u00e9v\u00e9nements (conf\u00e9rences, s\u00e9minaires et congr\u00e8s scientifique annuel).<\/p>\n<p style=\"text-align: center;\"><em><strong>\u201c On n\u2019est pas seulement responsable de ce que l\u2019on fait, mais aussi de ce que l\u2019on ne fait pas. \u201d<\/strong><br \/>\nLao Tseu<\/em><\/p>\n<p><a class=\"button radius primary\" style=\"text-decoration: none;\" href=\"https:\/\/www.naturalscience.org\/fr\/nous-connaitre\/adhesion\/declaration-dadhesion-eur\/\"><i class=\" fa fa-angle-right\"><\/i> D\u00e9claration d&rsquo;adh\u00e9sion pour l&rsquo;Europe (en euros)<\/a><\/p>\n","protected":false},"excerpt":{"rendered":"En tant que membres de The World Foundation for Natural Science, nous nous employons \u00e0 \u00e9tudier les principes du fonctionnement de la Nature, \u00e0 inclure la recherche scientifique et \u00e0 mettre en pratique les r\u00e9sultats obtenus dans notre vie quotidienne. De cette connaissance pratique r\u00e9sulte un mode de vie en accord avec la Nature et [&hellip;]","protected":false},"author":9,"featured_media":0,"parent":17871,"menu_order":59,"comment_status":"closed","ping_status":"closed","template":"","meta":{"_acf_changed":false,"ngg_post_thumbnail":0,"footnotes":""},"categories":[],"class_list":["post-17867","page","type-page","status-publish","hentry","wpautop"],"acf":[],"yoast_head":"<!-- This site is optimized with the Yoast SEO plugin v27.6 - https:\/\/yoast.com\/product\/yoast-seo-wordpress\/ -->\n<title>Adh\u00e9sion - The World Foundation for Natural Science<\/title>\n<meta name=\"robots\" content=\"index, follow, max-snippet:-1, max-image-preview:large, max-video-preview:-1\" \/>\n<link rel=\"canonical\" href=\"https:\/\/www.naturalscience.org\/fr\/nous-connaitre\/adhesion\/\" \/>\n<meta name=\"twitter:label1\" content=\"Dur\u00e9e de lecture estim\u00e9e\" \/>\n\t<meta name=\"twitter:data1\" content=\"2 minutes\" \/>\n<script type=\"application\/ld+json\" class=\"yoast-schema-graph\">{\"@context\":\"https:\\\/\\\/schema.org\",\"@graph\":[{\"@type\":\"WebPage\",\"@id\":\"https:\\\/\\\/www.naturalscience.org\\\/fr\\\/nous-connaitre\\\/adhesion\\\/\",\"url\":\"https:\\\/\\\/www.naturalscience.org\\\/fr\\\/nous-connaitre\\\/adhesion\\\/\",\"name\":\"Adh\u00e9sion - The World Foundation for Natural Science\",\"isPartOf\":{\"@id\":\"https:\\\/\\\/www.naturalscience.org\\\/#website\"},\"datePublished\":\"2016-02-21T17:47:06+00:00\",\"dateModified\":\"2023-03-21T17:07:54+00:00\",\"breadcrumb\":{\"@id\":\"https:\\\/\\\/www.naturalscience.org\\\/fr\\\/nous-connaitre\\\/adhesion\\\/#breadcrumb\"},\"inLanguage\":\"fr-FR\",\"potentialAction\":[{\"@type\":\"ReadAction\",\"target\":[\"https:\\\/\\\/www.naturalscience.org\\\/fr\\\/nous-connaitre\\\/adhesion\\\/\"]}]},{\"@type\":\"BreadcrumbList\",\"@id\":\"https:\\\/\\\/www.naturalscience.org\\\/fr\\\/nous-connaitre\\\/adhesion\\\/#breadcrumb\",\"itemListElement\":[{\"@type\":\"ListItem\",\"position\":1,\"name\":\"Home\",\"item\":\"https:\\\/\\\/www.naturalscience.org\\\/fr\\\/\"},{\"@type\":\"ListItem\",\"position\":2,\"name\":\"Nous conna\u00eetre\",\"item\":\"https:\\\/\\\/www.naturalscience.org\\\/fr\\\/nous-connaitre\\\/\"},{\"@type\":\"ListItem\",\"position\":3,\"name\":\"Adh\u00e9sion\"}]},{\"@type\":\"WebSite\",\"@id\":\"https:\\\/\\\/www.naturalscience.org\\\/#website\",\"url\":\"https:\\\/\\\/www.naturalscience.org\\\/\",\"name\":\"The World Foundation for Natural Science\",\"description\":\"Restoring and Healing the World through Responsibility and Commitment in accord with Natural and Divine Law!\",\"potentialAction\":[{\"@type\":\"SearchAction\",\"target\":{\"@type\":\"EntryPoint\",\"urlTemplate\":\"https:\\\/\\\/www.naturalscience.org\\\/?s={search_term_string}\"},\"query-input\":{\"@type\":\"PropertyValueSpecification\",\"valueRequired\":true,\"valueName\":\"search_term_string\"}}],\"inLanguage\":\"fr-FR\"}]}<\/script>\n<!-- \/ Yoast SEO plugin. -->","yoast_head_json":{"title":"Adh\u00e9sion - The World Foundation for Natural Science","robots":{"index":"index","follow":"follow","max-snippet":"max-snippet:-1","max-image-preview":"max-image-preview:large","max-video-preview":"max-video-preview:-1"},"canonical":"https:\/\/www.naturalscience.org\/fr\/nous-connaitre\/adhesion\/","twitter_misc":{"Dur\u00e9e de lecture estim\u00e9e":"2 minutes"},"schema":{"@context":"https:\/\/schema.org","@graph":[{"@type":"WebPage","@id":"https:\/\/www.naturalscience.org\/fr\/nous-connaitre\/adhesion\/","url":"https:\/\/www.naturalscience.org\/fr\/nous-connaitre\/adhesion\/","name":"Adh\u00e9sion - The World Foundation for Natural Science","isPartOf":{"@id":"https:\/\/www.naturalscience.org\/#website"},"datePublished":"2016-02-21T17:47:06+00:00","dateModified":"2023-03-21T17:07:54+00:00","breadcrumb":{"@id":"https:\/\/www.naturalscience.org\/fr\/nous-connaitre\/adhesion\/#breadcrumb"},"inLanguage":"fr-FR","potentialAction":[{"@type":"ReadAction","target":["https:\/\/www.naturalscience.org\/fr\/nous-connaitre\/adhesion\/"]}]},{"@type":"BreadcrumbList","@id":"https:\/\/www.naturalscience.org\/fr\/nous-connaitre\/adhesion\/#breadcrumb","itemListElement":[{"@type":"ListItem","position":1,"name":"Home","item":"https:\/\/www.naturalscience.org\/fr\/"},{"@type":"ListItem","position":2,"name":"Nous conna\u00eetre","item":"https:\/\/www.naturalscience.org\/fr\/nous-connaitre\/"},{"@type":"ListItem","position":3,"name":"Adh\u00e9sion"}]},{"@type":"WebSite","@id":"https:\/\/www.naturalscience.org\/#website","url":"https:\/\/www.naturalscience.org\/","name":"The World Foundation for Natural Science","description":"Restoring and Healing the World through Responsibility and Commitment in accord with Natural and Divine Law!","potentialAction":[{"@type":"SearchAction","target":{"@type":"EntryPoint","urlTemplate":"https:\/\/www.naturalscience.org\/?s={search_term_string}"},"query-input":{"@type":"PropertyValueSpecification","valueRequired":true,"valueName":"search_term_string"}}],"inLanguage":"fr-FR"}]}},"_links":{"self":[{"href":"https:\/\/www.naturalscience.org\/fr\/wp-json\/wp\/v2\/pages\/17867","targetHints":{"allow":["GET"]}}],"collection":[{"href":"https:\/\/www.naturalscience.org\/fr\/wp-json\/wp\/v2\/pages"}],"about":[{"href":"https:\/\/www.naturalscience.org\/fr\/wp-json\/wp\/v2\/types\/page"}],"author":[{"embeddable":true,"href":"https:\/\/www.naturalscience.org\/fr\/wp-json\/wp\/v2\/users\/9"}],"replies":[{"embeddable":true,"href":"https:\/\/www.naturalscience.org\/fr\/wp-json\/wp\/v2\/comments?post=17867"}],"version-history":[{"count":10,"href":"https:\/\/www.naturalscience.org\/fr\/wp-json\/wp\/v2\/pages\/17867\/revisions"}],"predecessor-version":[{"id":39093,"href":"https:\/\/www.naturalscience.org\/fr\/wp-json\/wp\/v2\/pages\/17867\/revisions\/39093"}],"up":[{"embeddable":true,"href":"https:\/\/www.naturalscience.org\/fr\/wp-json\/wp\/v2\/pages\/17871"}],"wp:attachment":[{"href":"https:\/\/www.naturalscience.org\/fr\/wp-json\/wp\/v2\/media?parent=17867"}],"wp:term":[{"taxonomy":"category","embeddable":true,"href":"https:\/\/www.naturalscience.org\/fr\/wp-json\/wp\/v2\/categories?post=17867"}],"curies":[{"name":"wp","href":"https:\/\/api.w.org\/{rel}","templated":true}]}}