{"id":16842,"date":"2015-12-15T20:53:39","date_gmt":"2015-12-15T19:53:39","guid":{"rendered":"http:\/\/www.naturalscience.org\/fr\/?page_id=16842"},"modified":"2016-03-19T12:52:57","modified_gmt":"2016-03-19T11:52:57","slug":"embleme","status":"publish","type":"page","link":"https:\/\/www.naturalscience.org\/fr\/nous-connaitre\/embleme\/","title":{"rendered":"Embl\u00e8me"},"content":{"rendered":"<p>Les deux mains repr\u00e9sentent la Force Cr\u00e9atrice \u2013 le Giron Sacr\u00e9 \u2013 de Terre M\u00e8re, qui engendre, berce, caresse, soigne, nourrit, restaure, vitalise, renouvelle et enveloppe TOUTE VIE&#8230; Animaux et oiseaux, bois et for\u00eats, l\u00e9gumes et fruits, fleurs et plantes ainsi que les min\u00e9raux et toute autre ressource naturelle. De plus, la destin\u00e9e de la Terre est dans NOS mains \u2013 les tiennes et les miennes <span style=\"text-decoration: underline;\">ensemble<\/span> \u2013 f\u00e9minines et masculines, jointes en une coop\u00e9ration <span style=\"text-decoration: underline;\">enthousiaste<\/span> et une concordance, dans une <span style=\"text-decoration: underline;\">tendre<\/span> amiti\u00e9 qui transcende tout malentendu.<\/p>\n<p><img loading=\"lazy\" decoding=\"async\" class=\"aligncenter wp-image-11841 size-full\" src=\"https:\/\/www.naturalscience.org\/wp-content\/uploads\/2014\/09\/WFNS-Original-Artwork-square-small.jpg\" alt=\"WFNS Original Artwork square small\" width=\"500\" height=\"500\" srcset=\"https:\/\/www.naturalscience.org\/wp-content\/uploads\/2014\/09\/WFNS-Original-Artwork-square-small.jpg 500w, https:\/\/www.naturalscience.org\/wp-content\/uploads\/2014\/09\/WFNS-Original-Artwork-square-small-150x150.jpg 150w, https:\/\/www.naturalscience.org\/wp-content\/uploads\/2014\/09\/WFNS-Original-Artwork-square-small-300x300.jpg 300w\" sizes=\"auto, (max-width: 500px) 100vw, 500px\" \/><\/p>\n<p>Les mains repr\u00e9sentent aussi les deux principes compl\u00e9mentaires de la philosophie chinoise influen\u00e7ant la destin\u00e9e \u2013 la main <span style=\"text-decoration: underline;\">r\u00e9ceptrice<\/span> sur la gauche repr\u00e9sentant le principe n\u00e9gatif (affluant) et f\u00e9minin (enveloppant) du&nbsp;\u00abYin&nbsp;\u00bb (en chinois&nbsp;: sombre)&nbsp;; sur la droite, la main <span style=\"text-decoration: underline;\">donnante<\/span> repr\u00e9sentant le principe positif (sortant) et masculin (cr\u00e9atif) du&nbsp;\u00ab&nbsp;Yang&nbsp;\u00bb (signifiant clair ou lumineux). En d\u2019autres mots, le destin de la Terre est dans nos mains \u2013 les tiennes et les miennes \u2013 AUJOURD&rsquo;HUI. Les feuilles de ch\u00eane symbolisent la vie provenant de la Terre et les glands, la vie renouvel\u00e9e et en expansion.<\/p>\n<p>La grande torche au centre repr\u00e9sente le FEU&nbsp;; le globe repr\u00e9sente la TERRE&nbsp;; la chouette touffue repr\u00e9sente l\u2019AIR et la fiole Erlenmeyer repr\u00e9sente l&rsquo;EAU \u2013 les quatre \u00e9lements de base. Les plateaux de la balance se trouvent en parfait \u00e9quilibre et ni la fiole Erlenmeyer ni la chouette p\u00e8sent sur eux. Tout nous a \u00e9t\u00e9 donn\u00e9 <span style=\"text-decoration: underline;\">dans un \u00e9quilibre parfait<\/span> et il est notre devoir de pr\u00e9server la Nature telle quelle. Tout dans la Nature a sa place&nbsp;; l\u2019un ne peut pas compenser l\u2019autre. Il y a une n\u00e9cessit\u00e9 pour les produits chimiques comme il existe une n\u00e9cessit\u00e9 pour les chouettes. On ne peut pas d\u00e9velopper dans la Nature une seule chose au d\u00e9pit d&rsquo;une autre. <span style=\"text-decoration: underline;\">Tout<\/span> doit \u00eatre&nbsp;\u00ab&nbsp;pes\u00e9&nbsp;\u00bb et consid\u00e9r\u00e9 lorsque l\u2019on travaille avec la Nature. La balance, dont les plateaux sont tenus par deux compas, symbolise trois principes de base&nbsp;:<\/p>\n<ol>\n<li>Justice et \u00e9quit\u00e9 de la loi pour tout ce qui respire et vit sur la Plan\u00e8te&#8230;&#8230;<\/li>\n<li>L&rsquo;objectivit\u00e9 attentive et \u00e9quilibr\u00e9e avec laquelle toute vie a besoin d\u2019\u00eatre \u00e9tudi\u00e9e et analys\u00e9e dans le monde de la science, tout en gardant \u00e0 l\u2019esprit que ce que vous \u00e9tudiez ou proposez de d\u00e9velopper ou de changer est d\u00e9j\u00e0 <span style=\"text-decoration: underline;\">en \u00e9quilibre<\/span> avec quelqu\u2019autre partie de la Nature&#8230;&#8230;<\/li>\n<li>La torche nous repr\u00e9sente. Les deux plateaux de la balance sont joints au centre par un joug commun qui symbolise le poids de la responsabilit\u00e9 reposant sur nos \u00e9paules individuelles et collectives pour <span style=\"text-decoration: underline;\">AGIR DE FA\u00c7ON RESPONSABLE<\/span> envers et <em><span style=\"text-decoration: underline;\">AVEC<\/span> <\/em>LA NATURE. C&rsquo;est un Mandat privil\u00e9gi\u00e9 donn\u00e9 par Dieu mais n\u00e9anmoins un lourd fardeau et nous n\u2019avons pas le choix que de l\u2019accepter si nous voulons TOUS survivre&#8230;&#8230;<\/li>\n<\/ol>\n<p>Ainsi, nous vous invitons cordialement \u00e0 prendre ensemble avec nous la responsabilit\u00e9 que nous avons tous envers la vie et de devenir <a href=\"https:\/\/www.naturalscience.org\/fr\/nous-connaitre\/adhesion\/\">membre<\/a> de The World Foundation for Natural Science.\u00a0 Merci de nous aider \u00e0 rendre cette plan\u00e8te un meilleur endroit pour toute vie.<\/p>\n","protected":false},"excerpt":{"rendered":"Les deux mains repr\u00e9sentent la Force Cr\u00e9atrice \u2013 le Giron Sacr\u00e9 \u2013 de Terre M\u00e8re, qui engendre, berce, caresse, soigne, nourrit, restaure, vitalise, renouvelle et enveloppe TOUTE VIE&#8230; Animaux et oiseaux, bois et for\u00eats, l\u00e9gumes et fruits, fleurs et plantes ainsi que les min\u00e9raux et toute autre ressource naturelle. De plus, la destin\u00e9e de la [&hellip;]","protected":false},"author":9,"featured_media":0,"parent":17871,"menu_order":58,"comment_status":"closed","ping_status":"closed","template":"","meta":{"_acf_changed":false,"ngg_post_thumbnail":0,"footnotes":""},"categories":[],"class_list":["post-16842","page","type-page","status-publish","hentry","wpautop"],"acf":[],"yoast_head":"<!-- This site is optimized with the Yoast SEO plugin v27.6 - https:\/\/yoast.com\/product\/yoast-seo-wordpress\/ -->\n<title>Embl\u00e8me - The World Foundation for Natural Science<\/title>\n<meta name=\"robots\" content=\"index, follow, max-snippet:-1, max-image-preview:large, max-video-preview:-1\" \/>\n<link rel=\"canonical\" href=\"https:\/\/www.naturalscience.org\/fr\/nous-connaitre\/embleme\/\" \/>\n<meta name=\"twitter:label1\" content=\"Dur\u00e9e de lecture estim\u00e9e\" \/>\n\t<meta name=\"twitter:data1\" content=\"3 minutes\" \/>\n<script type=\"application\/ld+json\" class=\"yoast-schema-graph\">{\"@context\":\"https:\\\/\\\/schema.org\",\"@graph\":[{\"@type\":\"WebPage\",\"@id\":\"https:\\\/\\\/www.naturalscience.org\\\/fr\\\/nous-connaitre\\\/embleme\\\/\",\"url\":\"https:\\\/\\\/www.naturalscience.org\\\/fr\\\/nous-connaitre\\\/embleme\\\/\",\"name\":\"Embl\u00e8me - The World Foundation for Natural Science\",\"isPartOf\":{\"@id\":\"https:\\\/\\\/www.naturalscience.org\\\/#website\"},\"primaryImageOfPage\":{\"@id\":\"https:\\\/\\\/www.naturalscience.org\\\/fr\\\/nous-connaitre\\\/embleme\\\/#primaryimage\"},\"image\":{\"@id\":\"https:\\\/\\\/www.naturalscience.org\\\/fr\\\/nous-connaitre\\\/embleme\\\/#primaryimage\"},\"thumbnailUrl\":\"https:\\\/\\\/www.naturalscience.org\\\/wp-content\\\/uploads\\\/2014\\\/09\\\/WFNS-Original-Artwork-square-small.jpg\",\"datePublished\":\"2015-12-15T19:53:39+00:00\",\"dateModified\":\"2016-03-19T11:52:57+00:00\",\"breadcrumb\":{\"@id\":\"https:\\\/\\\/www.naturalscience.org\\\/fr\\\/nous-connaitre\\\/embleme\\\/#breadcrumb\"},\"inLanguage\":\"fr-FR\",\"potentialAction\":[{\"@type\":\"ReadAction\",\"target\":[\"https:\\\/\\\/www.naturalscience.org\\\/fr\\\/nous-connaitre\\\/embleme\\\/\"]}]},{\"@type\":\"ImageObject\",\"inLanguage\":\"fr-FR\",\"@id\":\"https:\\\/\\\/www.naturalscience.org\\\/fr\\\/nous-connaitre\\\/embleme\\\/#primaryimage\",\"url\":\"https:\\\/\\\/www.naturalscience.org\\\/wp-content\\\/uploads\\\/2014\\\/09\\\/WFNS-Original-Artwork-square-small.jpg\",\"contentUrl\":\"https:\\\/\\\/www.naturalscience.org\\\/wp-content\\\/uploads\\\/2014\\\/09\\\/WFNS-Original-Artwork-square-small.jpg\"},{\"@type\":\"BreadcrumbList\",\"@id\":\"https:\\\/\\\/www.naturalscience.org\\\/fr\\\/nous-connaitre\\\/embleme\\\/#breadcrumb\",\"itemListElement\":[{\"@type\":\"ListItem\",\"position\":1,\"name\":\"Home\",\"item\":\"https:\\\/\\\/www.naturalscience.org\\\/fr\\\/\"},{\"@type\":\"ListItem\",\"position\":2,\"name\":\"Nous conna\u00eetre\",\"item\":\"https:\\\/\\\/www.naturalscience.org\\\/fr\\\/nous-connaitre\\\/\"},{\"@type\":\"ListItem\",\"position\":3,\"name\":\"Embl\u00e8me\"}]},{\"@type\":\"WebSite\",\"@id\":\"https:\\\/\\\/www.naturalscience.org\\\/#website\",\"url\":\"https:\\\/\\\/www.naturalscience.org\\\/\",\"name\":\"The World Foundation for Natural Science\",\"description\":\"Restoring and Healing the World through Responsibility and Commitment in accord with Natural and Divine Law!\",\"potentialAction\":[{\"@type\":\"SearchAction\",\"target\":{\"@type\":\"EntryPoint\",\"urlTemplate\":\"https:\\\/\\\/www.naturalscience.org\\\/?s={search_term_string}\"},\"query-input\":{\"@type\":\"PropertyValueSpecification\",\"valueRequired\":true,\"valueName\":\"search_term_string\"}}],\"inLanguage\":\"fr-FR\"}]}<\/script>\n<!-- \/ Yoast SEO plugin. -->","yoast_head_json":{"title":"Embl\u00e8me - The World Foundation for Natural Science","robots":{"index":"index","follow":"follow","max-snippet":"max-snippet:-1","max-image-preview":"max-image-preview:large","max-video-preview":"max-video-preview:-1"},"canonical":"https:\/\/www.naturalscience.org\/fr\/nous-connaitre\/embleme\/","twitter_misc":{"Dur\u00e9e de lecture estim\u00e9e":"3 minutes"},"schema":{"@context":"https:\/\/schema.org","@graph":[{"@type":"WebPage","@id":"https:\/\/www.naturalscience.org\/fr\/nous-connaitre\/embleme\/","url":"https:\/\/www.naturalscience.org\/fr\/nous-connaitre\/embleme\/","name":"Embl\u00e8me - The World Foundation for Natural Science","isPartOf":{"@id":"https:\/\/www.naturalscience.org\/#website"},"primaryImageOfPage":{"@id":"https:\/\/www.naturalscience.org\/fr\/nous-connaitre\/embleme\/#primaryimage"},"image":{"@id":"https:\/\/www.naturalscience.org\/fr\/nous-connaitre\/embleme\/#primaryimage"},"thumbnailUrl":"https:\/\/www.naturalscience.org\/wp-content\/uploads\/2014\/09\/WFNS-Original-Artwork-square-small.jpg","datePublished":"2015-12-15T19:53:39+00:00","dateModified":"2016-03-19T11:52:57+00:00","breadcrumb":{"@id":"https:\/\/www.naturalscience.org\/fr\/nous-connaitre\/embleme\/#breadcrumb"},"inLanguage":"fr-FR","potentialAction":[{"@type":"ReadAction","target":["https:\/\/www.naturalscience.org\/fr\/nous-connaitre\/embleme\/"]}]},{"@type":"ImageObject","inLanguage":"fr-FR","@id":"https:\/\/www.naturalscience.org\/fr\/nous-connaitre\/embleme\/#primaryimage","url":"https:\/\/www.naturalscience.org\/wp-content\/uploads\/2014\/09\/WFNS-Original-Artwork-square-small.jpg","contentUrl":"https:\/\/www.naturalscience.org\/wp-content\/uploads\/2014\/09\/WFNS-Original-Artwork-square-small.jpg"},{"@type":"BreadcrumbList","@id":"https:\/\/www.naturalscience.org\/fr\/nous-connaitre\/embleme\/#breadcrumb","itemListElement":[{"@type":"ListItem","position":1,"name":"Home","item":"https:\/\/www.naturalscience.org\/fr\/"},{"@type":"ListItem","position":2,"name":"Nous conna\u00eetre","item":"https:\/\/www.naturalscience.org\/fr\/nous-connaitre\/"},{"@type":"ListItem","position":3,"name":"Embl\u00e8me"}]},{"@type":"WebSite","@id":"https:\/\/www.naturalscience.org\/#website","url":"https:\/\/www.naturalscience.org\/","name":"The World Foundation for Natural Science","description":"Restoring and Healing the World through Responsibility and Commitment in accord with Natural and Divine Law!","potentialAction":[{"@type":"SearchAction","target":{"@type":"EntryPoint","urlTemplate":"https:\/\/www.naturalscience.org\/?s={search_term_string}"},"query-input":{"@type":"PropertyValueSpecification","valueRequired":true,"valueName":"search_term_string"}}],"inLanguage":"fr-FR"}]}},"_links":{"self":[{"href":"https:\/\/www.naturalscience.org\/fr\/wp-json\/wp\/v2\/pages\/16842","targetHints":{"allow":["GET"]}}],"collection":[{"href":"https:\/\/www.naturalscience.org\/fr\/wp-json\/wp\/v2\/pages"}],"about":[{"href":"https:\/\/www.naturalscience.org\/fr\/wp-json\/wp\/v2\/types\/page"}],"author":[{"embeddable":true,"href":"https:\/\/www.naturalscience.org\/fr\/wp-json\/wp\/v2\/users\/9"}],"replies":[{"embeddable":true,"href":"https:\/\/www.naturalscience.org\/fr\/wp-json\/wp\/v2\/comments?post=16842"}],"version-history":[{"count":7,"href":"https:\/\/www.naturalscience.org\/fr\/wp-json\/wp\/v2\/pages\/16842\/revisions"}],"predecessor-version":[{"id":18311,"href":"https:\/\/www.naturalscience.org\/fr\/wp-json\/wp\/v2\/pages\/16842\/revisions\/18311"}],"up":[{"embeddable":true,"href":"https:\/\/www.naturalscience.org\/fr\/wp-json\/wp\/v2\/pages\/17871"}],"wp:attachment":[{"href":"https:\/\/www.naturalscience.org\/fr\/wp-json\/wp\/v2\/media?parent=16842"}],"wp:term":[{"taxonomy":"category","embeddable":true,"href":"https:\/\/www.naturalscience.org\/fr\/wp-json\/wp\/v2\/categories?post=16842"}],"curies":[{"name":"wp","href":"https:\/\/api.w.org\/{rel}","templated":true}]}}