{"id":16840,"date":"2015-12-15T20:47:09","date_gmt":"2015-12-15T19:47:09","guid":{"rendered":"http:\/\/www.naturalscience.org\/fr\/?page_id=16840"},"modified":"2021-01-20T09:39:14","modified_gmt":"2021-01-20T08:39:14","slug":"organisation","status":"publish","type":"page","link":"https:\/\/www.naturalscience.org\/fr\/nous-connaitre\/organisation\/","title":{"rendered":"Organisation"},"content":{"rendered":"<h2>Si\u00e8ge Mondial<\/h2>\n<p><strong>Notre Si\u00e8ge Mondial se trouve \u00e0 Washington DC, la capitale des \u00c9tats-Unis.<\/strong> C\u2019est d\u2019ici que se forme l\u2019orientation strat\u00e9gique de The World Foundation for Natural Science, mise en place en \u00e9troite coop\u00e9ration avec le si\u00e8ge europ\u00e9en.<\/p>\n<p>The World Foundation for Natural Science<br \/>\nSi\u00e8ge Mondial<br \/>\nPost Office Drawer 16900<br \/>\nWashington, DC 20041<br \/>\nU.S.A.<br \/>\nPhone +1(703)631-1408<br \/>\nFax +1(703)631-1919<br \/>\nE-mail <a href=\"mailto:hq@naturalscience.org\">hq@naturalscience.org<\/a><\/p>\n<h2>Si\u00e8ge Europ\u00e9en<\/h2>\n<p><strong>Notre Si\u00e8ge Europ\u00e9en se trouve \u00e0 Lucerne, au coeur de l\u2019Europe.<\/strong> C\u2019est d\u2019ici que nous coordonnons nos activit\u00e9s et nos \u00e9v\u00e8nements en \u00e9troite collaboration avec les bureaux nationaux et leurs experts. Nous y sommes soutenus par de nombreux membres b\u00e9n\u00e9voles.<\/p>\n<p>The World Foundation for Natural Science<br \/>\nSi\u00e8ge Europ\u00e9en<br \/>\nBo\u00eete Postale<br \/>\n6000 Lucerne 7<br \/>\nSuisse<br \/>\nTel. +41(41)798-0398<br \/>\nFax +41(41)798-0399<br \/>\nE-Mail <a href=\"mailto:eu-hq@naturalscience.org\">eu-hq@naturalscience.org<\/a><\/p>\n<h2>Bureaux nationaux<\/h2>\n<p><strong>The World Foundation for Natural Science est repr\u00e9sent\u00e9 par des bureaux officiels dans les pays suivants. <\/strong><\/p>\n<p>Si un bureau national est pr\u00e9sent dans votre pays, contactez-le directement pour toute question ou demande.<\/p>\n<ul class=\"small-block-grid-1 medium-block-grid-2\">\n<li>\n<h3>Bureau en Suisse<\/h3>\n<p>The World Foundation for Natural Science<br \/>\nBureau Suisse<br \/>\nBo\u00eete Postale<br \/>\n6000 Lucerne 7<br \/>\nSuisse<br \/>\nTel. +41(41)798-0398<br \/>\nFax +41(41)798-0399<br \/>\nE-Mail <a href=\"mailto:eu-hq@naturalscience.org\">eu-hq@naturalscience.org<\/a><\/li>\n<li>\n<h3>Bureau en Allemagne<\/h3>\n<p>The World Foundation for Natural Science<br \/>\nB\u00fcro f\u00fcr Deutschland<br \/>\nPostfach 1180<br \/>\n85749 Karlsfeld<br \/>\nDeutschland<br \/>\nTel. +49(89)38157-0590<br \/>\nFax +49(89)38157-0599<br \/>\nE-Mail <a href=\"mailto:de-office@naturalscience.org\">de-office@naturalscience.org<\/a><\/li>\n<li>\n<h3>Bureau en Autriche<\/h3>\n<p>The World Foundation for Natural Science<br \/>\nB\u00fcro f\u00fcr \u00d6sterreich<br \/>\nPostfach 13<br \/>\n4663 Laakirchen<br \/>\n\u00d6sterreich<br \/>\nTel. +43(7613)324-22<br \/>\nFax +43(7613)324-22<br \/>\nE-Mail <a href=\"mailto:at-office@naturalscience.org\">at-office@naturalscience.org<\/a><\/li>\n<li>\n<h3>Bureau en Nouvelle-Z\u00e9lande<\/h3>\n<p>The World Foundation for Natural Science<br \/>\nOffice of New Zealand<br \/>\nP.O. Box 131<br \/>\nTaranaki Mail Centre<br \/>\nNew Plymouth 4310<br \/>\nNew Zealand<br \/>\nTel. +64(6)927-4503<br \/>\nE-Mail <a href=\"mailto:nz-office@naturalscience.org\">nz-office@naturalscience.org<\/a><\/li>\n<\/ul>\n","protected":false},"excerpt":{"rendered":"Si\u00e8ge Mondial Notre Si\u00e8ge Mondial se trouve \u00e0 Washington DC, la capitale des \u00c9tats-Unis. C\u2019est d\u2019ici que se forme l\u2019orientation strat\u00e9gique de The World Foundation for Natural Science, mise en place en \u00e9troite coop\u00e9ration avec le si\u00e8ge europ\u00e9en. The World Foundation for Natural Science Si\u00e8ge Mondial Post Office Drawer 16900 Washington, DC 20041 U.S.A. Phone [&hellip;]","protected":false},"author":9,"featured_media":0,"parent":17871,"menu_order":61,"comment_status":"closed","ping_status":"closed","template":"","meta":{"_acf_changed":false,"ngg_post_thumbnail":0,"footnotes":""},"categories":[],"class_list":["post-16840","page","type-page","status-publish","hentry","wpautop"],"acf":[],"yoast_head":"<!-- This site is optimized with the Yoast SEO plugin v27.4 - https:\/\/yoast.com\/product\/yoast-seo-wordpress\/ -->\n<title>Organisation - The World Foundation for Natural Science<\/title>\n<meta name=\"robots\" content=\"index, follow, max-snippet:-1, max-image-preview:large, max-video-preview:-1\" \/>\n<link rel=\"canonical\" href=\"https:\/\/www.naturalscience.org\/fr\/nous-connaitre\/organisation\/\" \/>\n<meta name=\"twitter:label1\" content=\"Dur\u00e9e de lecture estim\u00e9e\" \/>\n\t<meta name=\"twitter:data1\" content=\"1 minute\" \/>\n<script type=\"application\/ld+json\" class=\"yoast-schema-graph\">{\"@context\":\"https:\\\/\\\/schema.org\",\"@graph\":[{\"@type\":\"WebPage\",\"@id\":\"https:\\\/\\\/www.naturalscience.org\\\/fr\\\/nous-connaitre\\\/organisation\\\/\",\"url\":\"https:\\\/\\\/www.naturalscience.org\\\/fr\\\/nous-connaitre\\\/organisation\\\/\",\"name\":\"Organisation - The World Foundation for Natural Science\",\"isPartOf\":{\"@id\":\"https:\\\/\\\/www.naturalscience.org\\\/#website\"},\"datePublished\":\"2015-12-15T19:47:09+00:00\",\"dateModified\":\"2021-01-20T08:39:14+00:00\",\"breadcrumb\":{\"@id\":\"https:\\\/\\\/www.naturalscience.org\\\/fr\\\/nous-connaitre\\\/organisation\\\/#breadcrumb\"},\"inLanguage\":\"fr-FR\",\"potentialAction\":[{\"@type\":\"ReadAction\",\"target\":[\"https:\\\/\\\/www.naturalscience.org\\\/fr\\\/nous-connaitre\\\/organisation\\\/\"]}]},{\"@type\":\"BreadcrumbList\",\"@id\":\"https:\\\/\\\/www.naturalscience.org\\\/fr\\\/nous-connaitre\\\/organisation\\\/#breadcrumb\",\"itemListElement\":[{\"@type\":\"ListItem\",\"position\":1,\"name\":\"Home\",\"item\":\"https:\\\/\\\/www.naturalscience.org\\\/fr\\\/\"},{\"@type\":\"ListItem\",\"position\":2,\"name\":\"Nous conna\u00eetre\",\"item\":\"https:\\\/\\\/www.naturalscience.org\\\/fr\\\/nous-connaitre\\\/\"},{\"@type\":\"ListItem\",\"position\":3,\"name\":\"Organisation\"}]},{\"@type\":\"WebSite\",\"@id\":\"https:\\\/\\\/www.naturalscience.org\\\/#website\",\"url\":\"https:\\\/\\\/www.naturalscience.org\\\/\",\"name\":\"The World Foundation for Natural Science\",\"description\":\"Restoring and Healing the World through Responsibility and Commitment in accord with Natural and Divine Law!\",\"potentialAction\":[{\"@type\":\"SearchAction\",\"target\":{\"@type\":\"EntryPoint\",\"urlTemplate\":\"https:\\\/\\\/www.naturalscience.org\\\/?s={search_term_string}\"},\"query-input\":{\"@type\":\"PropertyValueSpecification\",\"valueRequired\":true,\"valueName\":\"search_term_string\"}}],\"inLanguage\":\"fr-FR\"}]}<\/script>\n<!-- \/ Yoast SEO plugin. -->","yoast_head_json":{"title":"Organisation - The World Foundation for Natural Science","robots":{"index":"index","follow":"follow","max-snippet":"max-snippet:-1","max-image-preview":"max-image-preview:large","max-video-preview":"max-video-preview:-1"},"canonical":"https:\/\/www.naturalscience.org\/fr\/nous-connaitre\/organisation\/","twitter_misc":{"Dur\u00e9e de lecture estim\u00e9e":"1 minute"},"schema":{"@context":"https:\/\/schema.org","@graph":[{"@type":"WebPage","@id":"https:\/\/www.naturalscience.org\/fr\/nous-connaitre\/organisation\/","url":"https:\/\/www.naturalscience.org\/fr\/nous-connaitre\/organisation\/","name":"Organisation - The World Foundation for Natural Science","isPartOf":{"@id":"https:\/\/www.naturalscience.org\/#website"},"datePublished":"2015-12-15T19:47:09+00:00","dateModified":"2021-01-20T08:39:14+00:00","breadcrumb":{"@id":"https:\/\/www.naturalscience.org\/fr\/nous-connaitre\/organisation\/#breadcrumb"},"inLanguage":"fr-FR","potentialAction":[{"@type":"ReadAction","target":["https:\/\/www.naturalscience.org\/fr\/nous-connaitre\/organisation\/"]}]},{"@type":"BreadcrumbList","@id":"https:\/\/www.naturalscience.org\/fr\/nous-connaitre\/organisation\/#breadcrumb","itemListElement":[{"@type":"ListItem","position":1,"name":"Home","item":"https:\/\/www.naturalscience.org\/fr\/"},{"@type":"ListItem","position":2,"name":"Nous conna\u00eetre","item":"https:\/\/www.naturalscience.org\/fr\/nous-connaitre\/"},{"@type":"ListItem","position":3,"name":"Organisation"}]},{"@type":"WebSite","@id":"https:\/\/www.naturalscience.org\/#website","url":"https:\/\/www.naturalscience.org\/","name":"The World Foundation for Natural Science","description":"Restoring and Healing the World through Responsibility and Commitment in accord with Natural and Divine Law!","potentialAction":[{"@type":"SearchAction","target":{"@type":"EntryPoint","urlTemplate":"https:\/\/www.naturalscience.org\/?s={search_term_string}"},"query-input":{"@type":"PropertyValueSpecification","valueRequired":true,"valueName":"search_term_string"}}],"inLanguage":"fr-FR"}]}},"_links":{"self":[{"href":"https:\/\/www.naturalscience.org\/fr\/wp-json\/wp\/v2\/pages\/16840","targetHints":{"allow":["GET"]}}],"collection":[{"href":"https:\/\/www.naturalscience.org\/fr\/wp-json\/wp\/v2\/pages"}],"about":[{"href":"https:\/\/www.naturalscience.org\/fr\/wp-json\/wp\/v2\/types\/page"}],"author":[{"embeddable":true,"href":"https:\/\/www.naturalscience.org\/fr\/wp-json\/wp\/v2\/users\/9"}],"replies":[{"embeddable":true,"href":"https:\/\/www.naturalscience.org\/fr\/wp-json\/wp\/v2\/comments?post=16840"}],"version-history":[{"count":19,"href":"https:\/\/www.naturalscience.org\/fr\/wp-json\/wp\/v2\/pages\/16840\/revisions"}],"predecessor-version":[{"id":34362,"href":"https:\/\/www.naturalscience.org\/fr\/wp-json\/wp\/v2\/pages\/16840\/revisions\/34362"}],"up":[{"embeddable":true,"href":"https:\/\/www.naturalscience.org\/fr\/wp-json\/wp\/v2\/pages\/17871"}],"wp:attachment":[{"href":"https:\/\/www.naturalscience.org\/fr\/wp-json\/wp\/v2\/media?parent=16840"}],"wp:term":[{"taxonomy":"category","embeddable":true,"href":"https:\/\/www.naturalscience.org\/fr\/wp-json\/wp\/v2\/categories?post=16840"}],"curies":[{"name":"wp","href":"https:\/\/api.w.org\/{rel}","templated":true}]}}