{"id":16760,"date":"2015-12-01T15:03:16","date_gmt":"2015-12-01T14:03:16","guid":{"rendered":"http:\/\/www.naturalscience.org\/fr\/?page_id=16760"},"modified":"2016-03-17T22:45:34","modified_gmt":"2016-03-17T21:45:34","slug":"comment-aider-votre-enfant-pour-une-bonne-utilisation-de-linternet-et-des-medias-sociaux","status":"publish","type":"page","link":"https:\/\/www.naturalscience.org\/fr\/themes\/sante\/internet-medias-sociaux\/comment-aider-votre-enfant-pour-une-bonne-utilisation-de-linternet-et-des-medias-sociaux\/","title":{"rendered":"Comment aider votre enfant pour une bonne utilisation de l\u2019Internet et des m\u00e9dias sociaux"},"content":{"rendered":"<p>Nous avons list\u00e9 ci-dessous pour vous et votre enfant quelques conseils pour naviguer en s\u00e9curit\u00e9 et de fa\u00e7on responsable sur Internet et sur les m\u00e9dias sociaux:<\/p>\n<ul>\n<li>Parlez \u00e0 votre enfant de l\u2019Internet et de ses c\u00f4t\u00e9s sombres. Une utilisation responsable de l\u2019Internet et des m\u00e9dias sociaux ne peut \u00eatre assur\u00e9e que si votre enfant est au courant de ce dans quoi il s\u2019engage.<\/li>\n<li>Accompagnez votre enfant sur l\u2019Internet (selon l\u2019\u00e2ge)&nbsp;; proposez votre aide. Ne le laissez pas sans contr\u00f4le parental, m\u00eame s\u2019il n\u2019est pas content.<\/li>\n<li>V\u00e9rifiez r\u00e9guli\u00e8rement les configurations de s\u00e9curit\u00e9 et de vie priv\u00e9e du r\u00e9seau social de votre enfant. Vous devez vous assurer que seulement les&nbsp;\u00ab\u00a0amis\u00a0\u00bb peuvent avoir acc\u00e8s au contenu et aux informations de votre enfant.<\/li>\n<li>Utilisez des modules compl\u00e9mentaires de navigateur (Browser-Add-ons) gratuits pour bloquer certaines zones de l\u2019Internet (Ces modules sont des extensions qui vous permettent d\u2019autres fonctions de votre navigateur). Une autre alternative r\u00e9side dans l\u2019achat d\u2019un programme qui vous permet, par exemple, de d\u00e9finir le temps pass\u00e9 sur Internet et sur l\u2019ordinateur pour votre enfant, de bloquer certaines zones internet et de surveiller votre enfant devant l\u2019ordinateur. Ainsi, vous pouvez voir \u00e0 tout moment ce que fait votre prot\u00e9g\u00e9 sur l\u2019ordinateur.<\/li>\n<li>N\u2019installez pas d\u2019ordinateur dans sa chambre. Placez l\u2019ordinateur \u00e0 un endroit o\u00f9 il n\u2019est pas seul et o\u00f9 vous pouvez toujours voir ce qu\u2019il fait.<\/li>\n<li>Confisquez smartphones et tablettes le soir. Aucun enfant n\u2019a besoin d\u2019un t\u00e9l\u00e9phone mobile ou tablette dans sa chambre la nuit. Ces appareils sont une \u00e9norme distraction et peuvent g\u00eaner un sommeil r\u00e9parateur.<\/li>\n<li>Observez l\u2019\u00e2ge recommand\u00e9 par les fabricants et les op\u00e9rateurs de site internet.<br \/>\nLes r\u00e9seaux sociaux ne sont permis qu\u2019\u00e0 partir de 13 ans.<\/li>\n<li>Devenez vous-m\u00eame un&nbsp;\u00ab&nbsp;ami&nbsp;\u00bb de votre enfant sur ces r\u00e9seaux sociaux \u2013 sans \u00eatre embarrassant, ni trop attentionn\u00e9.<\/li>\n<li>Expliquez \u00e0 votre enfant que l\u2019Internet n\u2019oublie jamais rien. Tout ce qui est publi\u00e9 sur Internet reste \u2013 pour toujours&nbsp;! Soyez donc prudent avec la divulgation d\u2019informations de type intime et sur votre vie priv\u00e9e. Ceux qui sont des&nbsp;\u00ab\u00a0amis\u00a0\u00bb aujourd\u2019hui ne le sont peut-\u00eatre plus demain.<\/li>\n<li>Si votre enfant est victime d\u2019une attaque de cyber-harc\u00e8lement, parlez aux enseignants et aux autres parents mais avant tout&nbsp;: allez \u00e0 la police. De plus, sauvegarder absolument les preuves (copies d\u2019\u00e9cran) des insultes et mat\u00e9riaux diffamatoires.<\/li>\n<li>Montrez l\u2019exemple vous-m\u00eame. Mettez donc de c\u00f4t\u00e9 votre smartphone, tablette ou ordinateur portable et passez du temps avec votre famille.<\/li>\n<li>Introduisez des&nbsp;\u00ab&nbsp;moments qualit\u00e9&nbsp;\u00bb \u2013 des moments, o\u00f9 vous ne vous laissez pas d\u00e9ranger et que vous passez seulement en famille.<\/li>\n<li>N\u2019ayez pas peur d\u2019avoir des conflits avec votre enfant. Suivez votre intuition.<\/li>\n<\/ul>\n","protected":false},"excerpt":{"rendered":"Nous avons list\u00e9 ci-dessous pour vous et votre enfant quelques conseils pour naviguer en s\u00e9curit\u00e9 et de fa\u00e7on responsable sur Internet et sur les m\u00e9dias sociaux: Parlez \u00e0 votre enfant de l\u2019Internet et de ses c\u00f4t\u00e9s sombres. Une utilisation responsable de l\u2019Internet et des m\u00e9dias sociaux ne peut \u00eatre assur\u00e9e que si votre enfant est [&hellip;]","protected":false},"author":9,"featured_media":0,"parent":16563,"menu_order":15,"comment_status":"closed","ping_status":"closed","template":"","meta":{"_acf_changed":false,"ngg_post_thumbnail":0,"footnotes":""},"categories":[],"class_list":["post-16760","page","type-page","status-publish","hentry","wpautop"],"acf":[],"yoast_head":"<!-- This site is optimized with the Yoast SEO plugin v27.5 - https:\/\/yoast.com\/product\/yoast-seo-wordpress\/ -->\n<title>Comment aider votre enfant pour une bonne utilisation de l\u2019Internet et des m\u00e9dias sociaux - The World Foundation for Natural Science<\/title>\n<meta name=\"robots\" content=\"index, follow, max-snippet:-1, max-image-preview:large, max-video-preview:-1\" \/>\n<link rel=\"canonical\" href=\"https:\/\/www.naturalscience.org\/fr\/themes\/sante\/internet-medias-sociaux\/comment-aider-votre-enfant-pour-une-bonne-utilisation-de-linternet-et-des-medias-sociaux\/\" \/>\n<meta name=\"twitter:label1\" content=\"Dur\u00e9e de lecture estim\u00e9e\" \/>\n\t<meta name=\"twitter:data1\" content=\"2 minutes\" \/>\n<script type=\"application\/ld+json\" class=\"yoast-schema-graph\">{\"@context\":\"https:\\\/\\\/schema.org\",\"@graph\":[{\"@type\":\"WebPage\",\"@id\":\"https:\\\/\\\/www.naturalscience.org\\\/fr\\\/themes\\\/sante\\\/internet-medias-sociaux\\\/comment-aider-votre-enfant-pour-une-bonne-utilisation-de-linternet-et-des-medias-sociaux\\\/\",\"url\":\"https:\\\/\\\/www.naturalscience.org\\\/fr\\\/themes\\\/sante\\\/internet-medias-sociaux\\\/comment-aider-votre-enfant-pour-une-bonne-utilisation-de-linternet-et-des-medias-sociaux\\\/\",\"name\":\"Comment aider votre enfant pour une bonne utilisation de l\u2019Internet et des m\u00e9dias sociaux - The World Foundation for Natural Science\",\"isPartOf\":{\"@id\":\"https:\\\/\\\/www.naturalscience.org\\\/#website\"},\"datePublished\":\"2015-12-01T14:03:16+00:00\",\"dateModified\":\"2016-03-17T21:45:34+00:00\",\"breadcrumb\":{\"@id\":\"https:\\\/\\\/www.naturalscience.org\\\/fr\\\/themes\\\/sante\\\/internet-medias-sociaux\\\/comment-aider-votre-enfant-pour-une-bonne-utilisation-de-linternet-et-des-medias-sociaux\\\/#breadcrumb\"},\"inLanguage\":\"fr-FR\",\"potentialAction\":[{\"@type\":\"ReadAction\",\"target\":[\"https:\\\/\\\/www.naturalscience.org\\\/fr\\\/themes\\\/sante\\\/internet-medias-sociaux\\\/comment-aider-votre-enfant-pour-une-bonne-utilisation-de-linternet-et-des-medias-sociaux\\\/\"]}]},{\"@type\":\"BreadcrumbList\",\"@id\":\"https:\\\/\\\/www.naturalscience.org\\\/fr\\\/themes\\\/sante\\\/internet-medias-sociaux\\\/comment-aider-votre-enfant-pour-une-bonne-utilisation-de-linternet-et-des-medias-sociaux\\\/#breadcrumb\",\"itemListElement\":[{\"@type\":\"ListItem\",\"position\":1,\"name\":\"Home\",\"item\":\"https:\\\/\\\/www.naturalscience.org\\\/fr\\\/\"},{\"@type\":\"ListItem\",\"position\":2,\"name\":\"Th\u00e8mes\",\"item\":\"https:\\\/\\\/www.naturalscience.org\\\/fr\\\/themes\\\/\"},{\"@type\":\"ListItem\",\"position\":3,\"name\":\"Sant\u00e9\",\"item\":\"https:\\\/\\\/www.naturalscience.org\\\/fr\\\/themes\\\/sante\\\/\"},{\"@type\":\"ListItem\",\"position\":4,\"name\":\"Internet &#038; M\u00e9dias sociaux\",\"item\":\"https:\\\/\\\/www.naturalscience.org\\\/fr\\\/themes\\\/sante\\\/internet-medias-sociaux\\\/\"},{\"@type\":\"ListItem\",\"position\":5,\"name\":\"Comment aider votre enfant pour une bonne utilisation de l\u2019Internet et des m\u00e9dias sociaux\"}]},{\"@type\":\"WebSite\",\"@id\":\"https:\\\/\\\/www.naturalscience.org\\\/#website\",\"url\":\"https:\\\/\\\/www.naturalscience.org\\\/\",\"name\":\"The World Foundation for Natural Science\",\"description\":\"Restoring and Healing the World through Responsibility and Commitment in accord with Natural and Divine Law!\",\"potentialAction\":[{\"@type\":\"SearchAction\",\"target\":{\"@type\":\"EntryPoint\",\"urlTemplate\":\"https:\\\/\\\/www.naturalscience.org\\\/?s={search_term_string}\"},\"query-input\":{\"@type\":\"PropertyValueSpecification\",\"valueRequired\":true,\"valueName\":\"search_term_string\"}}],\"inLanguage\":\"fr-FR\"}]}<\/script>\n<!-- \/ Yoast SEO plugin. -->","yoast_head_json":{"title":"Comment aider votre enfant pour une bonne utilisation de l\u2019Internet et des m\u00e9dias sociaux - The World Foundation for Natural Science","robots":{"index":"index","follow":"follow","max-snippet":"max-snippet:-1","max-image-preview":"max-image-preview:large","max-video-preview":"max-video-preview:-1"},"canonical":"https:\/\/www.naturalscience.org\/fr\/themes\/sante\/internet-medias-sociaux\/comment-aider-votre-enfant-pour-une-bonne-utilisation-de-linternet-et-des-medias-sociaux\/","twitter_misc":{"Dur\u00e9e de lecture estim\u00e9e":"2 minutes"},"schema":{"@context":"https:\/\/schema.org","@graph":[{"@type":"WebPage","@id":"https:\/\/www.naturalscience.org\/fr\/themes\/sante\/internet-medias-sociaux\/comment-aider-votre-enfant-pour-une-bonne-utilisation-de-linternet-et-des-medias-sociaux\/","url":"https:\/\/www.naturalscience.org\/fr\/themes\/sante\/internet-medias-sociaux\/comment-aider-votre-enfant-pour-une-bonne-utilisation-de-linternet-et-des-medias-sociaux\/","name":"Comment aider votre enfant pour une bonne utilisation de l\u2019Internet et des m\u00e9dias sociaux - The World Foundation for Natural Science","isPartOf":{"@id":"https:\/\/www.naturalscience.org\/#website"},"datePublished":"2015-12-01T14:03:16+00:00","dateModified":"2016-03-17T21:45:34+00:00","breadcrumb":{"@id":"https:\/\/www.naturalscience.org\/fr\/themes\/sante\/internet-medias-sociaux\/comment-aider-votre-enfant-pour-une-bonne-utilisation-de-linternet-et-des-medias-sociaux\/#breadcrumb"},"inLanguage":"fr-FR","potentialAction":[{"@type":"ReadAction","target":["https:\/\/www.naturalscience.org\/fr\/themes\/sante\/internet-medias-sociaux\/comment-aider-votre-enfant-pour-une-bonne-utilisation-de-linternet-et-des-medias-sociaux\/"]}]},{"@type":"BreadcrumbList","@id":"https:\/\/www.naturalscience.org\/fr\/themes\/sante\/internet-medias-sociaux\/comment-aider-votre-enfant-pour-une-bonne-utilisation-de-linternet-et-des-medias-sociaux\/#breadcrumb","itemListElement":[{"@type":"ListItem","position":1,"name":"Home","item":"https:\/\/www.naturalscience.org\/fr\/"},{"@type":"ListItem","position":2,"name":"Th\u00e8mes","item":"https:\/\/www.naturalscience.org\/fr\/themes\/"},{"@type":"ListItem","position":3,"name":"Sant\u00e9","item":"https:\/\/www.naturalscience.org\/fr\/themes\/sante\/"},{"@type":"ListItem","position":4,"name":"Internet &#038; M\u00e9dias sociaux","item":"https:\/\/www.naturalscience.org\/fr\/themes\/sante\/internet-medias-sociaux\/"},{"@type":"ListItem","position":5,"name":"Comment aider votre enfant pour une bonne utilisation de l\u2019Internet et des m\u00e9dias sociaux"}]},{"@type":"WebSite","@id":"https:\/\/www.naturalscience.org\/#website","url":"https:\/\/www.naturalscience.org\/","name":"The World Foundation for Natural Science","description":"Restoring and Healing the World through Responsibility and Commitment in accord with Natural and Divine Law!","potentialAction":[{"@type":"SearchAction","target":{"@type":"EntryPoint","urlTemplate":"https:\/\/www.naturalscience.org\/?s={search_term_string}"},"query-input":{"@type":"PropertyValueSpecification","valueRequired":true,"valueName":"search_term_string"}}],"inLanguage":"fr-FR"}]}},"_links":{"self":[{"href":"https:\/\/www.naturalscience.org\/fr\/wp-json\/wp\/v2\/pages\/16760","targetHints":{"allow":["GET"]}}],"collection":[{"href":"https:\/\/www.naturalscience.org\/fr\/wp-json\/wp\/v2\/pages"}],"about":[{"href":"https:\/\/www.naturalscience.org\/fr\/wp-json\/wp\/v2\/types\/page"}],"author":[{"embeddable":true,"href":"https:\/\/www.naturalscience.org\/fr\/wp-json\/wp\/v2\/users\/9"}],"replies":[{"embeddable":true,"href":"https:\/\/www.naturalscience.org\/fr\/wp-json\/wp\/v2\/comments?post=16760"}],"version-history":[{"count":5,"href":"https:\/\/www.naturalscience.org\/fr\/wp-json\/wp\/v2\/pages\/16760\/revisions"}],"predecessor-version":[{"id":18284,"href":"https:\/\/www.naturalscience.org\/fr\/wp-json\/wp\/v2\/pages\/16760\/revisions\/18284"}],"up":[{"embeddable":true,"href":"https:\/\/www.naturalscience.org\/fr\/wp-json\/wp\/v2\/pages\/16563"}],"wp:attachment":[{"href":"https:\/\/www.naturalscience.org\/fr\/wp-json\/wp\/v2\/media?parent=16760"}],"wp:term":[{"taxonomy":"category","embeddable":true,"href":"https:\/\/www.naturalscience.org\/fr\/wp-json\/wp\/v2\/categories?post=16760"}],"curies":[{"name":"wp","href":"https:\/\/api.w.org\/{rel}","templated":true}]}}