{"id":16746,"date":"2015-12-01T14:43:43","date_gmt":"2015-12-01T13:43:43","guid":{"rendered":"http:\/\/www.naturalscience.org\/fr\/?page_id=16746"},"modified":"2016-02-21T19:33:47","modified_gmt":"2016-02-21T18:33:47","slug":"conseils-pratiques-pour-lutilisation-des-fleurs-de-bach","status":"publish","type":"page","link":"https:\/\/www.naturalscience.org\/fr\/themes\/sante\/fleurs-de-bach\/conseils-pratiques-pour-lutilisation-des-fleurs-de-bach\/","title":{"rendered":"Conseils pratiques pour l\u2019utilisation des fleurs de Bach"},"content":{"rendered":"<ul>\n<li>En cas d\u2019urgences et de situations graves, prenez le rem\u00e8de Rescue&nbsp;: Ajoutez 4 gouttes dans un verre d\u2019eau puis prenez une gorg\u00e9e tous les&nbsp;\u00bc d\u2019heure jusqu\u2019\u00e0 ce que votre \u00e9tat s\u2019am\u00e9liore.<\/li>\n<li>Procurez-vous un set des 38 essences de fleurs de Bach afin d\u2019avoir, si besoin et \u00e0 tout moment, le bon rem\u00e8de \u00e0 port\u00e9e de main pour vous et vos proches, animaux et plantes.<\/li>\n<li>En cas d&rsquo;\u00e9motions fortes et n\u00e9gatives, utilisez la m\u00e9thode du verre d&rsquo;eau\u00a0: ajoutez \u00e0 un verre d&rsquo;eau 2 gouttes du flacon de l&rsquo;essence choisie et buvez par petites gorg\u00e9es tous les&nbsp;\u00bc d\u2019heure ou&nbsp;\u00bd heure jusqu&rsquo;\u00e0 ce que vous vous sentiez mieux.<\/li>\n<li>Dans le cas de stress prolong\u00e9 et d\u2019autres situations pesantes, administrez un m\u00e9lange compos\u00e9 individuellement et ceci plusieurs fois dans la journ\u00e9e et sous forme de gouttes ou vaporisation jusqu\u2019\u00e0 une am\u00e9lioration de votre \u00e9tat.<\/li>\n<li>Penchez-vous sur la m\u00e9thode de gu\u00e9rison du Dr. Bach.<\/li>\n<li>Venez d\u00e9couvrir les fleurs de Bach \u00e0 l\u2019une de nos <a href=\"https:\/\/www.naturalscience.org\/fr\/calendrier-des-evenements\/\">conf\u00e9rences<\/a>.<\/li>\n<li>Participez \u00e0 un cours pratique pour prendre correctement les essences pour votre famille et vous-m\u00eame.<\/li>\n<li>Vous pouvez aussi utiliser sans h\u00e9sitation les fleurs de Bach pour les b\u00e9b\u00e9s, les tout-petits et les animaux.<\/li>\n<li>Puisque les fleurs de Bach sont absolument sans danger et n\u2019ont aucun effet secondaire, nous recommandons les essences originales car elles sont produites selon les prescriptions du Dr. Edward Bach. La majorit\u00e9 des rem\u00e8des sont encore pr\u00e9par\u00e9s \u00e0 partir des plantes du Centre Dr. Bach, \u00e0 Brightwell-cum-Sotwell, en Oxfordshire, en Angleterre. Nous avons constat\u00e9 par nous-m\u00eame la puret\u00e9 de leur production sur place.<\/li>\n<\/ul>\n","protected":false},"excerpt":{"rendered":"En cas d\u2019urgences et de situations graves, prenez le rem\u00e8de Rescue&nbsp;: Ajoutez 4 gouttes dans un verre d\u2019eau puis prenez une gorg\u00e9e tous les&nbsp;\u00bc d\u2019heure jusqu\u2019\u00e0 ce que votre \u00e9tat s\u2019am\u00e9liore. Procurez-vous un set des 38 essences de fleurs de Bach afin d\u2019avoir, si besoin et \u00e0 tout moment, le bon rem\u00e8de \u00e0 port\u00e9e de [&hellip;]","protected":false},"author":9,"featured_media":0,"parent":16562,"menu_order":15,"comment_status":"closed","ping_status":"closed","template":"","meta":{"_acf_changed":false,"ngg_post_thumbnail":0,"footnotes":""},"categories":[],"class_list":["post-16746","page","type-page","status-publish","hentry","wpautop"],"acf":[],"yoast_head":"<!-- This site is optimized with the Yoast SEO plugin v27.4 - https:\/\/yoast.com\/product\/yoast-seo-wordpress\/ -->\n<title>Conseils pratiques pour l\u2019utilisation des fleurs de Bach - The World Foundation for Natural Science<\/title>\n<meta name=\"robots\" content=\"index, follow, max-snippet:-1, max-image-preview:large, max-video-preview:-1\" \/>\n<link rel=\"canonical\" href=\"https:\/\/www.naturalscience.org\/fr\/themes\/sante\/fleurs-de-bach\/conseils-pratiques-pour-lutilisation-des-fleurs-de-bach\/\" \/>\n<meta name=\"twitter:label1\" content=\"Dur\u00e9e de lecture estim\u00e9e\" \/>\n\t<meta name=\"twitter:data1\" content=\"1 minute\" \/>\n<script type=\"application\/ld+json\" class=\"yoast-schema-graph\">{\"@context\":\"https:\\\/\\\/schema.org\",\"@graph\":[{\"@type\":\"WebPage\",\"@id\":\"https:\\\/\\\/www.naturalscience.org\\\/fr\\\/themes\\\/sante\\\/fleurs-de-bach\\\/conseils-pratiques-pour-lutilisation-des-fleurs-de-bach\\\/\",\"url\":\"https:\\\/\\\/www.naturalscience.org\\\/fr\\\/themes\\\/sante\\\/fleurs-de-bach\\\/conseils-pratiques-pour-lutilisation-des-fleurs-de-bach\\\/\",\"name\":\"Conseils pratiques pour l\u2019utilisation des fleurs de Bach - The World Foundation for Natural Science\",\"isPartOf\":{\"@id\":\"https:\\\/\\\/www.naturalscience.org\\\/#website\"},\"datePublished\":\"2015-12-01T13:43:43+00:00\",\"dateModified\":\"2016-02-21T18:33:47+00:00\",\"breadcrumb\":{\"@id\":\"https:\\\/\\\/www.naturalscience.org\\\/fr\\\/themes\\\/sante\\\/fleurs-de-bach\\\/conseils-pratiques-pour-lutilisation-des-fleurs-de-bach\\\/#breadcrumb\"},\"inLanguage\":\"fr-FR\",\"potentialAction\":[{\"@type\":\"ReadAction\",\"target\":[\"https:\\\/\\\/www.naturalscience.org\\\/fr\\\/themes\\\/sante\\\/fleurs-de-bach\\\/conseils-pratiques-pour-lutilisation-des-fleurs-de-bach\\\/\"]}]},{\"@type\":\"BreadcrumbList\",\"@id\":\"https:\\\/\\\/www.naturalscience.org\\\/fr\\\/themes\\\/sante\\\/fleurs-de-bach\\\/conseils-pratiques-pour-lutilisation-des-fleurs-de-bach\\\/#breadcrumb\",\"itemListElement\":[{\"@type\":\"ListItem\",\"position\":1,\"name\":\"Home\",\"item\":\"https:\\\/\\\/www.naturalscience.org\\\/fr\\\/\"},{\"@type\":\"ListItem\",\"position\":2,\"name\":\"Th\u00e8mes\",\"item\":\"https:\\\/\\\/www.naturalscience.org\\\/fr\\\/themes\\\/\"},{\"@type\":\"ListItem\",\"position\":3,\"name\":\"Sant\u00e9\",\"item\":\"https:\\\/\\\/www.naturalscience.org\\\/fr\\\/themes\\\/sante\\\/\"},{\"@type\":\"ListItem\",\"position\":4,\"name\":\"Fleurs de Bach\",\"item\":\"https:\\\/\\\/www.naturalscience.org\\\/fr\\\/themes\\\/sante\\\/fleurs-de-bach\\\/\"},{\"@type\":\"ListItem\",\"position\":5,\"name\":\"Conseils pratiques pour l\u2019utilisation des fleurs de Bach\"}]},{\"@type\":\"WebSite\",\"@id\":\"https:\\\/\\\/www.naturalscience.org\\\/#website\",\"url\":\"https:\\\/\\\/www.naturalscience.org\\\/\",\"name\":\"The World Foundation for Natural Science\",\"description\":\"Restoring and Healing the World through Responsibility and Commitment in accord with Natural and Divine Law!\",\"potentialAction\":[{\"@type\":\"SearchAction\",\"target\":{\"@type\":\"EntryPoint\",\"urlTemplate\":\"https:\\\/\\\/www.naturalscience.org\\\/?s={search_term_string}\"},\"query-input\":{\"@type\":\"PropertyValueSpecification\",\"valueRequired\":true,\"valueName\":\"search_term_string\"}}],\"inLanguage\":\"fr-FR\"}]}<\/script>\n<!-- \/ Yoast SEO plugin. -->","yoast_head_json":{"title":"Conseils pratiques pour l\u2019utilisation des fleurs de Bach - The World Foundation for Natural Science","robots":{"index":"index","follow":"follow","max-snippet":"max-snippet:-1","max-image-preview":"max-image-preview:large","max-video-preview":"max-video-preview:-1"},"canonical":"https:\/\/www.naturalscience.org\/fr\/themes\/sante\/fleurs-de-bach\/conseils-pratiques-pour-lutilisation-des-fleurs-de-bach\/","twitter_misc":{"Dur\u00e9e de lecture estim\u00e9e":"1 minute"},"schema":{"@context":"https:\/\/schema.org","@graph":[{"@type":"WebPage","@id":"https:\/\/www.naturalscience.org\/fr\/themes\/sante\/fleurs-de-bach\/conseils-pratiques-pour-lutilisation-des-fleurs-de-bach\/","url":"https:\/\/www.naturalscience.org\/fr\/themes\/sante\/fleurs-de-bach\/conseils-pratiques-pour-lutilisation-des-fleurs-de-bach\/","name":"Conseils pratiques pour l\u2019utilisation des fleurs de Bach - The World Foundation for Natural Science","isPartOf":{"@id":"https:\/\/www.naturalscience.org\/#website"},"datePublished":"2015-12-01T13:43:43+00:00","dateModified":"2016-02-21T18:33:47+00:00","breadcrumb":{"@id":"https:\/\/www.naturalscience.org\/fr\/themes\/sante\/fleurs-de-bach\/conseils-pratiques-pour-lutilisation-des-fleurs-de-bach\/#breadcrumb"},"inLanguage":"fr-FR","potentialAction":[{"@type":"ReadAction","target":["https:\/\/www.naturalscience.org\/fr\/themes\/sante\/fleurs-de-bach\/conseils-pratiques-pour-lutilisation-des-fleurs-de-bach\/"]}]},{"@type":"BreadcrumbList","@id":"https:\/\/www.naturalscience.org\/fr\/themes\/sante\/fleurs-de-bach\/conseils-pratiques-pour-lutilisation-des-fleurs-de-bach\/#breadcrumb","itemListElement":[{"@type":"ListItem","position":1,"name":"Home","item":"https:\/\/www.naturalscience.org\/fr\/"},{"@type":"ListItem","position":2,"name":"Th\u00e8mes","item":"https:\/\/www.naturalscience.org\/fr\/themes\/"},{"@type":"ListItem","position":3,"name":"Sant\u00e9","item":"https:\/\/www.naturalscience.org\/fr\/themes\/sante\/"},{"@type":"ListItem","position":4,"name":"Fleurs de Bach","item":"https:\/\/www.naturalscience.org\/fr\/themes\/sante\/fleurs-de-bach\/"},{"@type":"ListItem","position":5,"name":"Conseils pratiques pour l\u2019utilisation des fleurs de Bach"}]},{"@type":"WebSite","@id":"https:\/\/www.naturalscience.org\/#website","url":"https:\/\/www.naturalscience.org\/","name":"The World Foundation for Natural Science","description":"Restoring and Healing the World through Responsibility and Commitment in accord with Natural and Divine Law!","potentialAction":[{"@type":"SearchAction","target":{"@type":"EntryPoint","urlTemplate":"https:\/\/www.naturalscience.org\/?s={search_term_string}"},"query-input":{"@type":"PropertyValueSpecification","valueRequired":true,"valueName":"search_term_string"}}],"inLanguage":"fr-FR"}]}},"_links":{"self":[{"href":"https:\/\/www.naturalscience.org\/fr\/wp-json\/wp\/v2\/pages\/16746","targetHints":{"allow":["GET"]}}],"collection":[{"href":"https:\/\/www.naturalscience.org\/fr\/wp-json\/wp\/v2\/pages"}],"about":[{"href":"https:\/\/www.naturalscience.org\/fr\/wp-json\/wp\/v2\/types\/page"}],"author":[{"embeddable":true,"href":"https:\/\/www.naturalscience.org\/fr\/wp-json\/wp\/v2\/users\/9"}],"replies":[{"embeddable":true,"href":"https:\/\/www.naturalscience.org\/fr\/wp-json\/wp\/v2\/comments?post=16746"}],"version-history":[{"count":8,"href":"https:\/\/www.naturalscience.org\/fr\/wp-json\/wp\/v2\/pages\/16746\/revisions"}],"predecessor-version":[{"id":17877,"href":"https:\/\/www.naturalscience.org\/fr\/wp-json\/wp\/v2\/pages\/16746\/revisions\/17877"}],"up":[{"embeddable":true,"href":"https:\/\/www.naturalscience.org\/fr\/wp-json\/wp\/v2\/pages\/16562"}],"wp:attachment":[{"href":"https:\/\/www.naturalscience.org\/fr\/wp-json\/wp\/v2\/media?parent=16746"}],"wp:term":[{"taxonomy":"category","embeddable":true,"href":"https:\/\/www.naturalscience.org\/fr\/wp-json\/wp\/v2\/categories?post=16746"}],"curies":[{"name":"wp","href":"https:\/\/api.w.org\/{rel}","templated":true}]}}