{"id":16716,"date":"2015-11-28T11:39:20","date_gmt":"2015-11-28T10:39:20","guid":{"rendered":"http:\/\/www.naturalscience.org\/fr\/?page_id=16716"},"modified":"2015-11-28T12:48:42","modified_gmt":"2015-11-28T11:48:42","slug":"ce-que-vous-devriez-faire-pour-les-abeilles","status":"publish","type":"page","link":"https:\/\/www.naturalscience.org\/fr\/themes\/agriculture-naturelle\/abeilles\/ce-que-vous-devriez-faire-pour-les-abeilles\/","title":{"rendered":"Ce que vous devriez faire pour les abeilles"},"content":{"rendered":"<ul>\n<li>N\u2019utilisez pas de pesticides dans votre jardin.<\/li>\n<li>Plantez dans votre jardin des esp\u00e8ces v\u00e9g\u00e9tales locales pollinis\u00e9es par les insectes et veillez \u00e0 une floraison permanente du printemps \u00e0 l\u2019automne.<\/li>\n<li>R\u00e9duisez votre utilisation des <a href=\"https:\/\/www.naturalscience.org\/fr\/themes\/micro-ondes-communications-mobiles\/\">nouvelles technologies<\/a>.<\/li>\n<li>N\u2019achetez pas de plantes ornementales avec des fleurs abondantes qui ne produisent que peu ou pas du tout de pollen ou de nectar.<\/li>\n<li>Installez des nichoirs pour les abeilles sauvages (&laquo;&nbsp;abris \u00e0 insectes&nbsp;&raquo;).<\/li>\n<li>Pr\u00e9voyez un point d\u2019eau dans votre jardin pour les abeilles et autres insectes.<\/li>\n<li>Achetez du miel chez un apiculteur local.<\/li>\n<li>Achetez de la nourriture biologique, produite sans pesticides.<\/li>\n<li>Prenez conscience des abeilles et traitez-les avec respect et gratitude.<\/li>\n<\/ul>\n","protected":false},"excerpt":{"rendered":"N\u2019utilisez pas de pesticides dans votre jardin. Plantez dans votre jardin des esp\u00e8ces v\u00e9g\u00e9tales locales pollinis\u00e9es par les insectes et veillez \u00e0 une floraison permanente du printemps \u00e0 l\u2019automne. R\u00e9duisez votre utilisation des nouvelles technologies. N\u2019achetez pas de plantes ornementales avec des fleurs abondantes qui ne produisent que peu ou pas du tout de pollen [&hellip;]","protected":false},"author":9,"featured_media":0,"parent":16591,"menu_order":15,"comment_status":"closed","ping_status":"closed","template":"","meta":{"_acf_changed":false,"ngg_post_thumbnail":0,"footnotes":""},"categories":[],"class_list":["post-16716","page","type-page","status-publish","hentry","wpautop"],"acf":[],"yoast_head":"<!-- This site is optimized with the Yoast SEO plugin v27.6 - https:\/\/yoast.com\/product\/yoast-seo-wordpress\/ -->\n<title>Ce que vous devriez faire pour les abeilles - The World Foundation for Natural Science<\/title>\n<meta name=\"robots\" content=\"index, follow, max-snippet:-1, max-image-preview:large, max-video-preview:-1\" \/>\n<link rel=\"canonical\" href=\"https:\/\/www.naturalscience.org\/fr\/themes\/agriculture-naturelle\/abeilles\/ce-que-vous-devriez-faire-pour-les-abeilles\/\" \/>\n<meta name=\"twitter:label1\" content=\"Dur\u00e9e de lecture estim\u00e9e\" \/>\n\t<meta name=\"twitter:data1\" content=\"1 minute\" \/>\n<script type=\"application\/ld+json\" class=\"yoast-schema-graph\">{\"@context\":\"https:\\\/\\\/schema.org\",\"@graph\":[{\"@type\":\"WebPage\",\"@id\":\"https:\\\/\\\/www.naturalscience.org\\\/fr\\\/themes\\\/agriculture-naturelle\\\/abeilles\\\/ce-que-vous-devriez-faire-pour-les-abeilles\\\/\",\"url\":\"https:\\\/\\\/www.naturalscience.org\\\/fr\\\/themes\\\/agriculture-naturelle\\\/abeilles\\\/ce-que-vous-devriez-faire-pour-les-abeilles\\\/\",\"name\":\"Ce que vous devriez faire pour les abeilles - The World Foundation for Natural Science\",\"isPartOf\":{\"@id\":\"https:\\\/\\\/www.naturalscience.org\\\/#website\"},\"datePublished\":\"2015-11-28T10:39:20+00:00\",\"dateModified\":\"2015-11-28T11:48:42+00:00\",\"breadcrumb\":{\"@id\":\"https:\\\/\\\/www.naturalscience.org\\\/fr\\\/themes\\\/agriculture-naturelle\\\/abeilles\\\/ce-que-vous-devriez-faire-pour-les-abeilles\\\/#breadcrumb\"},\"inLanguage\":\"fr-FR\",\"potentialAction\":[{\"@type\":\"ReadAction\",\"target\":[\"https:\\\/\\\/www.naturalscience.org\\\/fr\\\/themes\\\/agriculture-naturelle\\\/abeilles\\\/ce-que-vous-devriez-faire-pour-les-abeilles\\\/\"]}]},{\"@type\":\"BreadcrumbList\",\"@id\":\"https:\\\/\\\/www.naturalscience.org\\\/fr\\\/themes\\\/agriculture-naturelle\\\/abeilles\\\/ce-que-vous-devriez-faire-pour-les-abeilles\\\/#breadcrumb\",\"itemListElement\":[{\"@type\":\"ListItem\",\"position\":1,\"name\":\"Home\",\"item\":\"https:\\\/\\\/www.naturalscience.org\\\/fr\\\/\"},{\"@type\":\"ListItem\",\"position\":2,\"name\":\"Th\u00e8mes\",\"item\":\"https:\\\/\\\/www.naturalscience.org\\\/fr\\\/themes\\\/\"},{\"@type\":\"ListItem\",\"position\":3,\"name\":\"Agriculture naturelle\",\"item\":\"https:\\\/\\\/www.naturalscience.org\\\/fr\\\/themes\\\/agriculture-naturelle\\\/\"},{\"@type\":\"ListItem\",\"position\":4,\"name\":\"Abeilles\",\"item\":\"https:\\\/\\\/www.naturalscience.org\\\/fr\\\/themes\\\/agriculture-naturelle\\\/abeilles\\\/\"},{\"@type\":\"ListItem\",\"position\":5,\"name\":\"Ce que vous devriez faire pour les abeilles\"}]},{\"@type\":\"WebSite\",\"@id\":\"https:\\\/\\\/www.naturalscience.org\\\/#website\",\"url\":\"https:\\\/\\\/www.naturalscience.org\\\/\",\"name\":\"The World Foundation for Natural Science\",\"description\":\"Restoring and Healing the World through Responsibility and Commitment in accord with Natural and Divine Law!\",\"potentialAction\":[{\"@type\":\"SearchAction\",\"target\":{\"@type\":\"EntryPoint\",\"urlTemplate\":\"https:\\\/\\\/www.naturalscience.org\\\/?s={search_term_string}\"},\"query-input\":{\"@type\":\"PropertyValueSpecification\",\"valueRequired\":true,\"valueName\":\"search_term_string\"}}],\"inLanguage\":\"fr-FR\"}]}<\/script>\n<!-- \/ Yoast SEO plugin. -->","yoast_head_json":{"title":"Ce que vous devriez faire pour les abeilles - The World Foundation for Natural Science","robots":{"index":"index","follow":"follow","max-snippet":"max-snippet:-1","max-image-preview":"max-image-preview:large","max-video-preview":"max-video-preview:-1"},"canonical":"https:\/\/www.naturalscience.org\/fr\/themes\/agriculture-naturelle\/abeilles\/ce-que-vous-devriez-faire-pour-les-abeilles\/","twitter_misc":{"Dur\u00e9e de lecture estim\u00e9e":"1 minute"},"schema":{"@context":"https:\/\/schema.org","@graph":[{"@type":"WebPage","@id":"https:\/\/www.naturalscience.org\/fr\/themes\/agriculture-naturelle\/abeilles\/ce-que-vous-devriez-faire-pour-les-abeilles\/","url":"https:\/\/www.naturalscience.org\/fr\/themes\/agriculture-naturelle\/abeilles\/ce-que-vous-devriez-faire-pour-les-abeilles\/","name":"Ce que vous devriez faire pour les abeilles - The World Foundation for Natural Science","isPartOf":{"@id":"https:\/\/www.naturalscience.org\/#website"},"datePublished":"2015-11-28T10:39:20+00:00","dateModified":"2015-11-28T11:48:42+00:00","breadcrumb":{"@id":"https:\/\/www.naturalscience.org\/fr\/themes\/agriculture-naturelle\/abeilles\/ce-que-vous-devriez-faire-pour-les-abeilles\/#breadcrumb"},"inLanguage":"fr-FR","potentialAction":[{"@type":"ReadAction","target":["https:\/\/www.naturalscience.org\/fr\/themes\/agriculture-naturelle\/abeilles\/ce-que-vous-devriez-faire-pour-les-abeilles\/"]}]},{"@type":"BreadcrumbList","@id":"https:\/\/www.naturalscience.org\/fr\/themes\/agriculture-naturelle\/abeilles\/ce-que-vous-devriez-faire-pour-les-abeilles\/#breadcrumb","itemListElement":[{"@type":"ListItem","position":1,"name":"Home","item":"https:\/\/www.naturalscience.org\/fr\/"},{"@type":"ListItem","position":2,"name":"Th\u00e8mes","item":"https:\/\/www.naturalscience.org\/fr\/themes\/"},{"@type":"ListItem","position":3,"name":"Agriculture naturelle","item":"https:\/\/www.naturalscience.org\/fr\/themes\/agriculture-naturelle\/"},{"@type":"ListItem","position":4,"name":"Abeilles","item":"https:\/\/www.naturalscience.org\/fr\/themes\/agriculture-naturelle\/abeilles\/"},{"@type":"ListItem","position":5,"name":"Ce que vous devriez faire pour les abeilles"}]},{"@type":"WebSite","@id":"https:\/\/www.naturalscience.org\/#website","url":"https:\/\/www.naturalscience.org\/","name":"The World Foundation for Natural Science","description":"Restoring and Healing the World through Responsibility and Commitment in accord with Natural and Divine Law!","potentialAction":[{"@type":"SearchAction","target":{"@type":"EntryPoint","urlTemplate":"https:\/\/www.naturalscience.org\/?s={search_term_string}"},"query-input":{"@type":"PropertyValueSpecification","valueRequired":true,"valueName":"search_term_string"}}],"inLanguage":"fr-FR"}]}},"_links":{"self":[{"href":"https:\/\/www.naturalscience.org\/fr\/wp-json\/wp\/v2\/pages\/16716","targetHints":{"allow":["GET"]}}],"collection":[{"href":"https:\/\/www.naturalscience.org\/fr\/wp-json\/wp\/v2\/pages"}],"about":[{"href":"https:\/\/www.naturalscience.org\/fr\/wp-json\/wp\/v2\/types\/page"}],"author":[{"embeddable":true,"href":"https:\/\/www.naturalscience.org\/fr\/wp-json\/wp\/v2\/users\/9"}],"replies":[{"embeddable":true,"href":"https:\/\/www.naturalscience.org\/fr\/wp-json\/wp\/v2\/comments?post=16716"}],"version-history":[{"count":5,"href":"https:\/\/www.naturalscience.org\/fr\/wp-json\/wp\/v2\/pages\/16716\/revisions"}],"predecessor-version":[{"id":16734,"href":"https:\/\/www.naturalscience.org\/fr\/wp-json\/wp\/v2\/pages\/16716\/revisions\/16734"}],"up":[{"embeddable":true,"href":"https:\/\/www.naturalscience.org\/fr\/wp-json\/wp\/v2\/pages\/16591"}],"wp:attachment":[{"href":"https:\/\/www.naturalscience.org\/fr\/wp-json\/wp\/v2\/media?parent=16716"}],"wp:term":[{"taxonomy":"category","embeddable":true,"href":"https:\/\/www.naturalscience.org\/fr\/wp-json\/wp\/v2\/categories?post=16716"}],"curies":[{"name":"wp","href":"https:\/\/api.w.org\/{rel}","templated":true}]}}