{"id":16611,"date":"2015-11-10T17:57:11","date_gmt":"2015-11-10T16:57:11","guid":{"rendered":"http:\/\/www.naturalscience.org\/?page_id=16611"},"modified":"2023-03-08T16:58:40","modified_gmt":"2023-03-08T15:58:40","slug":"plastique","status":"publish","type":"page","link":"https:\/\/www.naturalscience.org\/fr\/themes\/oceans\/plastique\/","title":{"rendered":"Plastique"},"content":{"rendered":"<p><img loading=\"lazy\" decoding=\"async\" class=\"alignright wp-image-9556 size-medium\" src=\"https:\/\/www.naturalscience.org\/wp-content\/uploads\/2015\/01\/Plastik-2-199x300.jpg\" alt=\"Plastique\" width=\"199\" height=\"300\" srcset=\"https:\/\/www.naturalscience.org\/wp-content\/uploads\/2015\/01\/Plastik-2-199x300.jpg 199w, https:\/\/www.naturalscience.org\/wp-content\/uploads\/2015\/01\/Plastik-2-679x1024.jpg 679w, https:\/\/www.naturalscience.org\/wp-content\/uploads\/2015\/01\/Plastik-2-133x200.jpg 133w, https:\/\/www.naturalscience.org\/wp-content\/uploads\/2015\/01\/Plastik-2-109x164.jpg 109w, https:\/\/www.naturalscience.org\/wp-content\/uploads\/2015\/01\/Plastik-2.jpg 1805w\" sizes=\"auto, (max-width: 199px) 100vw, 199px\" \/>Chaque ann\u00e9e, 391 millions de tonnes de plastique sont produites mondialement, puisque le plastique est bon march\u00e9, l\u00e9ger, incassable et durable. Cependant, le plastique est fabriqu\u00e9 la plupart du temps \u00e0 partir de p\u00e9trole non renouvelable. <strong>Plus de 600 milliards de sacs en plastique produits annuellement partout dans le monde, n\u00e9cessitent 2&nbsp;milliards de litres de p\u00e9trole brut&nbsp;!<\/strong> Mais avant tout, le plastique est toxique. Approximativement 6 millions de tonnes de plastique finissent dans les mers chaque ann\u00e9e et ont des cons\u00e9quences particuli\u00e8rement graves. Ces d\u00e9tritus de plastique se d\u00e9sagr\u00e8gent petit \u00e0 petit en morceaux de plus en plus petits et ceci tr\u00e8s lentement. La dur\u00e9e de vie approximative des sacs en plastique est de 20 ans, les bouteilles en plastique de 450 ans et les filets de p\u00eache, \u00e0 peine croyable, de 600 ans!<\/p>\n<p>Actuellement, il y a six fois plus de plastique que de plancton dans les oc\u00e9ans. L\u00e0 o\u00f9 se trouvent de gigantesques amas de d\u00e9chets flottants \u00e0 la surface dans de grands tourbillons, le rapport plastique \/&nbsp;plancton est m\u00eame de 40 pour 1. <strong>Pendant le processus de d\u00e9gradation, les substances toxiques contenues dans le plastique sont absorb\u00e9es par les cr\u00e9atures marines. <\/strong><\/p>\n<div class=\"content-box green-1 width-60 left\">\n<div class=\"content-box-title\">Conseils pratiques pour r\u00e9duire votre utilisation du plastique&nbsp;:<\/div>\n<div class=\"content-box-body\">\n<ul>\n<li>Utilisez moins de produits jetables.<\/li>\n<li>Achetez consciemment&nbsp;: pr\u00e9f\u00e9rez des mat\u00e9riaux naturels et durables. N\u2019achetez aucun produit d\u2019entretien contenant des micro-plastiques (par ex. comme dans les gommages ou les dentifrices)&#8230; <span class=\"more\"><i class=\"fa fa-angle-right \" ><\/i> <a title=\"How to reduce your use of plastic\" href=\"https:\/\/www.naturalscience.org\/fr\/themes\/oceans\/plastique\/comment-reduire-votre-utilisation-du-plastique\/\">plus<\/a><\/span><\/li>\n<\/ul>\n<\/div>\n<\/div>\n<p>L\u2019accumulation des toxines dans la cha\u00eene alimentaire augmente selon la taille du poisson arrivant dans notre assiette. Pour cette raison, r\u00e9duisez les produits jetables, prenez des sacs r\u00e9utilisables en tissu et papier et utilisez des r\u00e9cipients en verre et non en plastique.<\/p>\n<p>Une solution possible que nous suivons de pr\u00e8s est le&nbsp;\u00ab&nbsp;Ocean Clean up \u2013 Project&nbsp;\u00bb (le projet de nettoyage des oc\u00e9ans) de Boyan Slat. Aprroches de solutions que nous suivons avec int\u00e9r\u00eat&nbsp;:<br \/>\n<a href=\"http:\/\/www.hydrosphereassociation.org\" target=\"_blank\" rel=\"noopener\">www.hydrosphereassociation.org<\/a><\/p>\n<p><a href=\"http:\/\/www.hydrosphereassociation.org\" target=\"_blank\" rel=\"noopener\">www.oneearth-oneocean.com<\/a><\/p>\n<p><a href=\"https:\/\/everwave.de\/en\/\">Homepage &#8211; everwave<\/a><\/p>\n<p><a href=\"http:\/\/www.theoceancleanup.com\/\">www.theoceancleanup.com<\/a><\/p>\n            <div class=\"latest-news-list hide-for-print\">\r\n                <div class=\"row\">\r\n                    <div class=\"small-24 columns \">\r\n                        <div class=\"title\">Lumi\u00e8re sur le th\u00e8me Plastique<\/div>\r\n\t\t\t\t\t\t\t\t\t\t\t\t\t<article class=\"news-excerpt\" id=\"post-43261\">\r\n    <div class=\"row collapse\">\r\n\r\n\t\t\r\n        <div class=\"medium-7 columns\">\r\n            <a href=\"https:\/\/www.naturalscience.org\/fr\/news\/2026\/01\/smart-tip-12\/\" title=\"Smart Tip # 12\">\r\n                <img decoding=\"async\" src=\"https:\/\/www.naturalscience.org\/wp-content\/uploads\/2026\/01\/AdobeStock_344249839SQUARE-164x164.jpg\" alt=\"\" width=\"200px\" height=\"200px\"\/>\r\n            <\/a>\r\n        <\/div>\r\n\r\n        <div class=\"medium-17 columns\">\r\n\t\t\t\r\n                <header>\r\n                    <div class=\"row collapse top\">\r\n                        <div class=\"small-12 columns\">\r\n                            <time datetime=\"2026-01-26T16:17:02+01:00\">\r\n\t\t\t\t\t\t\t\tLundi 26 janvier 2026                            <\/time>\r\n                        <\/div>\r\n\t\t\t\t\t\t                    <\/div>\r\n                    <h2><a href=\"https:\/\/www.naturalscience.org\/fr\/news\/2026\/01\/smart-tip-12\/\">Smart Tip # 12<\/a><\/h2>\r\n\r\n                <\/header>\r\n                <div class=\"entry-content\">\r\n                    <p>\r\n\t                    R\u00e9duisez votre utilisation de plastique&nbsp;: avant tout, \u00e9vitez le plastique \u00e0 usage unique (les sacs en plastique, etc.) et employez plut\u00f4t des sacs r\u00e9utilisables, en tissu par exemple. Utilisez des r\u00e9cipients r\u00e9utilisables en verre, en acier inoxydable ou en porcelaine. Veillez \u00e0 ce que vos produits de soins corporels ne contiennent pas de plastique (tels [&hellip;]                                            <\/p>\r\n                <\/div>\r\n            <\/div>\r\n        <\/div>\r\n<\/article>\t\t\t\t\t\t\t\t\t\t\t\t\t<article class=\"news-excerpt\" id=\"post-42574\">\r\n    <div class=\"row collapse\">\r\n\r\n\t\t\r\n        <div class=\"medium-7 columns\">\r\n            <a href=\"https:\/\/www.naturalscience.org\/fr\/news\/2025\/08\/smart-fact-1\/\" title=\"Smart Fact # 1\">\r\n                <img decoding=\"async\" src=\"https:\/\/www.naturalscience.org\/wp-content\/uploads\/2025\/08\/AdobeStock_1230346005SQUARE-164x164.jpg\" alt=\"\" width=\"200px\" height=\"200px\"\/>\r\n            <\/a>\r\n        <\/div>\r\n\r\n        <div class=\"medium-17 columns\">\r\n\t\t\t\r\n                <header>\r\n                    <div class=\"row collapse top\">\r\n                        <div class=\"small-12 columns\">\r\n                            <time datetime=\"2025-08-18T15:08:27+02:00\">\r\n\t\t\t\t\t\t\t\tLundi 18 ao\u00fbt 2025                            <\/time>\r\n                        <\/div>\r\n\t\t\t\t\t\t                    <\/div>\r\n                    <h2><a href=\"https:\/\/www.naturalscience.org\/fr\/news\/2025\/08\/smart-fact-1\/\">Smart Fact # 1<\/a><\/h2>\r\n\r\n                <\/header>\r\n                <div class=\"entry-content\">\r\n                    <p>\r\n\t                    Les microplastiques sont aujourd&rsquo;hui omnipr\u00e9sents. Ils sont dans l&rsquo;air, dans l&rsquo;eau, dans le sol, dans les aliments &#8211; et aussi dans notre corps&nbsp;: dans notre sang, notre cerveau, notre c\u0153ur et le placenta. Chaque semaine, nous ing\u00e9rons environ 5 g de plastique (\u00e0 peu pr\u00e8s l&rsquo;\u00e9quivalent d&rsquo;une carte de cr\u00e9dit). Cela peut nuire \u00e0 notre [&hellip;]                                                    <a href=\"https:\/\/www.naturalscience.org\/fr\/news\/2025\/08\/smart-fact-1\/\" class=\"more-link\">Lire plus<\/a>\r\n                                            <\/p>\r\n                <\/div>\r\n            <\/div>\r\n        <\/div>\r\n<\/article>\t\t\t\t\t\t\t\t\t\t\t\t\r\n\t\t\t\t\t\t                        <a href=\"https:\/\/www.naturalscience.org\/fr\/news\/category\/oceans-fr\/plastique\/\" class=\"button radius\">\r\n                            <i class=\"fa fa-angle-right\"><\/i>&nbsp;&nbsp;Lire plus                        <\/a>\r\n                    <\/div>\r\n                <\/div>\r\n            <\/div>\r\n\t\t\t\n\n","protected":false},"excerpt":{"rendered":"Les microplastiques sont aujourd&rsquo;hui omnipr\u00e9sents. Ils sont dans l&rsquo;air, dans l&rsquo;eau, dans le sol, dans les aliments &#8211; et aussi dans notre corps&nbsp;: dans notre sang, notre cerveau, notre c\u0153ur et le placenta. Chaque semaine, nous ing\u00e9rons environ 5 g de plastique (\u00e0 peu pr\u00e8s l&rsquo;\u00e9quivalent d&rsquo;une carte de cr\u00e9dit). Cela peut nuire \u00e0 notre [&hellip;]","protected":false},"author":9,"featured_media":0,"parent":16609,"menu_order":54,"comment_status":"closed","ping_status":"closed","template":"","meta":{"_acf_changed":false,"ngg_post_thumbnail":0,"footnotes":""},"categories":[221],"class_list":["post-16611","page","type-page","status-publish","hentry","category-plastique","wpautop"],"acf":[],"yoast_head":"<!-- This site is optimized with the Yoast SEO plugin v27.5 - https:\/\/yoast.com\/product\/yoast-seo-wordpress\/ -->\n<title>Plastique - The World Foundation for Natural Science<\/title>\n<meta name=\"robots\" content=\"index, follow, max-snippet:-1, max-image-preview:large, max-video-preview:-1\" \/>\n<link rel=\"canonical\" href=\"https:\/\/www.naturalscience.org\/fr\/themes\/oceans\/plastique\/\" \/>\n<meta name=\"twitter:label1\" content=\"Dur\u00e9e de lecture estim\u00e9e\" \/>\n\t<meta name=\"twitter:data1\" content=\"2 minutes\" \/>\n<script type=\"application\/ld+json\" class=\"yoast-schema-graph\">{\"@context\":\"https:\\\/\\\/schema.org\",\"@graph\":[{\"@type\":\"WebPage\",\"@id\":\"https:\\\/\\\/www.naturalscience.org\\\/fr\\\/themes\\\/oceans\\\/plastique\\\/\",\"url\":\"https:\\\/\\\/www.naturalscience.org\\\/fr\\\/themes\\\/oceans\\\/plastique\\\/\",\"name\":\"Plastique - The World Foundation for Natural Science\",\"isPartOf\":{\"@id\":\"https:\\\/\\\/www.naturalscience.org\\\/#website\"},\"primaryImageOfPage\":{\"@id\":\"https:\\\/\\\/www.naturalscience.org\\\/fr\\\/themes\\\/oceans\\\/plastique\\\/#primaryimage\"},\"image\":{\"@id\":\"https:\\\/\\\/www.naturalscience.org\\\/fr\\\/themes\\\/oceans\\\/plastique\\\/#primaryimage\"},\"thumbnailUrl\":\"https:\\\/\\\/www.naturalscience.org\\\/wp-content\\\/uploads\\\/2015\\\/01\\\/Plastik-2-199x300.jpg\",\"datePublished\":\"2015-11-10T16:57:11+00:00\",\"dateModified\":\"2023-03-08T15:58:40+00:00\",\"breadcrumb\":{\"@id\":\"https:\\\/\\\/www.naturalscience.org\\\/fr\\\/themes\\\/oceans\\\/plastique\\\/#breadcrumb\"},\"inLanguage\":\"fr-FR\",\"potentialAction\":[{\"@type\":\"ReadAction\",\"target\":[\"https:\\\/\\\/www.naturalscience.org\\\/fr\\\/themes\\\/oceans\\\/plastique\\\/\"]}]},{\"@type\":\"ImageObject\",\"inLanguage\":\"fr-FR\",\"@id\":\"https:\\\/\\\/www.naturalscience.org\\\/fr\\\/themes\\\/oceans\\\/plastique\\\/#primaryimage\",\"url\":\"https:\\\/\\\/www.naturalscience.org\\\/wp-content\\\/uploads\\\/2015\\\/01\\\/Plastik-2-199x300.jpg\",\"contentUrl\":\"https:\\\/\\\/www.naturalscience.org\\\/wp-content\\\/uploads\\\/2015\\\/01\\\/Plastik-2-199x300.jpg\"},{\"@type\":\"BreadcrumbList\",\"@id\":\"https:\\\/\\\/www.naturalscience.org\\\/fr\\\/themes\\\/oceans\\\/plastique\\\/#breadcrumb\",\"itemListElement\":[{\"@type\":\"ListItem\",\"position\":1,\"name\":\"Home\",\"item\":\"https:\\\/\\\/www.naturalscience.org\\\/fr\\\/\"},{\"@type\":\"ListItem\",\"position\":2,\"name\":\"Th\u00e8mes\",\"item\":\"https:\\\/\\\/www.naturalscience.org\\\/fr\\\/themes\\\/\"},{\"@type\":\"ListItem\",\"position\":3,\"name\":\"Oc\u00e9ans\",\"item\":\"https:\\\/\\\/www.naturalscience.org\\\/fr\\\/themes\\\/oceans\\\/\"},{\"@type\":\"ListItem\",\"position\":4,\"name\":\"Plastique\"}]},{\"@type\":\"WebSite\",\"@id\":\"https:\\\/\\\/www.naturalscience.org\\\/#website\",\"url\":\"https:\\\/\\\/www.naturalscience.org\\\/\",\"name\":\"The World Foundation for Natural Science\",\"description\":\"Restoring and Healing the World through Responsibility and Commitment in accord with Natural and Divine Law!\",\"potentialAction\":[{\"@type\":\"SearchAction\",\"target\":{\"@type\":\"EntryPoint\",\"urlTemplate\":\"https:\\\/\\\/www.naturalscience.org\\\/?s={search_term_string}\"},\"query-input\":{\"@type\":\"PropertyValueSpecification\",\"valueRequired\":true,\"valueName\":\"search_term_string\"}}],\"inLanguage\":\"fr-FR\"}]}<\/script>\n<!-- \/ Yoast SEO plugin. -->","yoast_head_json":{"title":"Plastique - The World Foundation for Natural Science","robots":{"index":"index","follow":"follow","max-snippet":"max-snippet:-1","max-image-preview":"max-image-preview:large","max-video-preview":"max-video-preview:-1"},"canonical":"https:\/\/www.naturalscience.org\/fr\/themes\/oceans\/plastique\/","twitter_misc":{"Dur\u00e9e de lecture estim\u00e9e":"2 minutes"},"schema":{"@context":"https:\/\/schema.org","@graph":[{"@type":"WebPage","@id":"https:\/\/www.naturalscience.org\/fr\/themes\/oceans\/plastique\/","url":"https:\/\/www.naturalscience.org\/fr\/themes\/oceans\/plastique\/","name":"Plastique - The World Foundation for Natural Science","isPartOf":{"@id":"https:\/\/www.naturalscience.org\/#website"},"primaryImageOfPage":{"@id":"https:\/\/www.naturalscience.org\/fr\/themes\/oceans\/plastique\/#primaryimage"},"image":{"@id":"https:\/\/www.naturalscience.org\/fr\/themes\/oceans\/plastique\/#primaryimage"},"thumbnailUrl":"https:\/\/www.naturalscience.org\/wp-content\/uploads\/2015\/01\/Plastik-2-199x300.jpg","datePublished":"2015-11-10T16:57:11+00:00","dateModified":"2023-03-08T15:58:40+00:00","breadcrumb":{"@id":"https:\/\/www.naturalscience.org\/fr\/themes\/oceans\/plastique\/#breadcrumb"},"inLanguage":"fr-FR","potentialAction":[{"@type":"ReadAction","target":["https:\/\/www.naturalscience.org\/fr\/themes\/oceans\/plastique\/"]}]},{"@type":"ImageObject","inLanguage":"fr-FR","@id":"https:\/\/www.naturalscience.org\/fr\/themes\/oceans\/plastique\/#primaryimage","url":"https:\/\/www.naturalscience.org\/wp-content\/uploads\/2015\/01\/Plastik-2-199x300.jpg","contentUrl":"https:\/\/www.naturalscience.org\/wp-content\/uploads\/2015\/01\/Plastik-2-199x300.jpg"},{"@type":"BreadcrumbList","@id":"https:\/\/www.naturalscience.org\/fr\/themes\/oceans\/plastique\/#breadcrumb","itemListElement":[{"@type":"ListItem","position":1,"name":"Home","item":"https:\/\/www.naturalscience.org\/fr\/"},{"@type":"ListItem","position":2,"name":"Th\u00e8mes","item":"https:\/\/www.naturalscience.org\/fr\/themes\/"},{"@type":"ListItem","position":3,"name":"Oc\u00e9ans","item":"https:\/\/www.naturalscience.org\/fr\/themes\/oceans\/"},{"@type":"ListItem","position":4,"name":"Plastique"}]},{"@type":"WebSite","@id":"https:\/\/www.naturalscience.org\/#website","url":"https:\/\/www.naturalscience.org\/","name":"The World Foundation for Natural Science","description":"Restoring and Healing the World through Responsibility and Commitment in accord with Natural and Divine Law!","potentialAction":[{"@type":"SearchAction","target":{"@type":"EntryPoint","urlTemplate":"https:\/\/www.naturalscience.org\/?s={search_term_string}"},"query-input":{"@type":"PropertyValueSpecification","valueRequired":true,"valueName":"search_term_string"}}],"inLanguage":"fr-FR"}]}},"_links":{"self":[{"href":"https:\/\/www.naturalscience.org\/fr\/wp-json\/wp\/v2\/pages\/16611","targetHints":{"allow":["GET"]}}],"collection":[{"href":"https:\/\/www.naturalscience.org\/fr\/wp-json\/wp\/v2\/pages"}],"about":[{"href":"https:\/\/www.naturalscience.org\/fr\/wp-json\/wp\/v2\/types\/page"}],"author":[{"embeddable":true,"href":"https:\/\/www.naturalscience.org\/fr\/wp-json\/wp\/v2\/users\/9"}],"replies":[{"embeddable":true,"href":"https:\/\/www.naturalscience.org\/fr\/wp-json\/wp\/v2\/comments?post=16611"}],"version-history":[{"count":11,"href":"https:\/\/www.naturalscience.org\/fr\/wp-json\/wp\/v2\/pages\/16611\/revisions"}],"predecessor-version":[{"id":39068,"href":"https:\/\/www.naturalscience.org\/fr\/wp-json\/wp\/v2\/pages\/16611\/revisions\/39068"}],"up":[{"embeddable":true,"href":"https:\/\/www.naturalscience.org\/fr\/wp-json\/wp\/v2\/pages\/16609"}],"wp:attachment":[{"href":"https:\/\/www.naturalscience.org\/fr\/wp-json\/wp\/v2\/media?parent=16611"}],"wp:term":[{"taxonomy":"category","embeddable":true,"href":"https:\/\/www.naturalscience.org\/fr\/wp-json\/wp\/v2\/categories?post=16611"}],"curies":[{"name":"wp","href":"https:\/\/api.w.org\/{rel}","templated":true}]}}