{"id":16610,"date":"2015-11-10T17:57:05","date_gmt":"2015-11-10T16:57:05","guid":{"rendered":"http:\/\/www.naturalscience.org\/?page_id=16610"},"modified":"2023-01-11T10:23:38","modified_gmt":"2023-01-11T09:23:38","slug":"aires-marines-protegees","status":"publish","type":"page","link":"https:\/\/www.naturalscience.org\/fr\/themes\/oceans\/aires-marines-protegees\/","title":{"rendered":"Aires marines prot\u00e9g\u00e9es"},"content":{"rendered":"<p>Aujourd\u2019hui, l\u2019\u00e9cosyst\u00e8me marin est mis fortement en danger \u00e0 cause de toutes les incidences n\u00e9fastes des humains. <strong>Un tiers de la population mondiale des&nbsp; poissons est en surp\u00eache, 61&nbsp;% du reste en est proche.<\/strong><\/p>\n<p><img loading=\"lazy\" decoding=\"async\" class=\"wp-image-38639 size-medium alignleft\" src=\"https:\/\/www.naturalscience.org\/wp-content\/uploads\/2023\/01\/AdobeStock_315431057-300x179.jpeg\" alt=\"\" width=\"300\" height=\"179\" srcset=\"https:\/\/www.naturalscience.org\/wp-content\/uploads\/2023\/01\/AdobeStock_315431057-300x179.jpeg 300w, https:\/\/www.naturalscience.org\/wp-content\/uploads\/2023\/01\/AdobeStock_315431057-1024x610.jpeg 1024w, https:\/\/www.naturalscience.org\/wp-content\/uploads\/2023\/01\/AdobeStock_315431057-768x457.jpeg 768w, https:\/\/www.naturalscience.org\/wp-content\/uploads\/2023\/01\/AdobeStock_315431057-1536x915.jpeg 1536w, https:\/\/www.naturalscience.org\/wp-content\/uploads\/2023\/01\/AdobeStock_315431057-2048x1220.jpeg 2048w, https:\/\/www.naturalscience.org\/wp-content\/uploads\/2023\/01\/AdobeStock_315431057-164x98.jpeg 164w, https:\/\/www.naturalscience.org\/wp-content\/uploads\/2023\/01\/AdobeStock_315431057-400x238.jpeg 400w, https:\/\/www.naturalscience.org\/wp-content\/uploads\/2023\/01\/AdobeStock_315431057-500x298.jpeg 500w\" sizes=\"auto, (max-width: 300px) 100vw, 300px\" \/><\/p>\n<p>Comme de plus en plus de dioxyde de carbone, caus\u00e9 par les \u00e9missions humaines, est absorb\u00e9 par les oc\u00e9ans, le pH de l\u2019eau de mer baisse. Ce qui entra\u00eene une acidification des mers et oc\u00e9ans avec des cons\u00e9quences fatales sur les coraux, les poissons et autres cr\u00e9atures marines. <strong>L\u2019exploitation des mines de grands fonds, qui devrait \u00eatre pratiqu\u00e9e \u00e0 grande \u00e9chelle \u00e0 partir de 2016, repr\u00e9sente une nouvelle menace,<\/strong> tout cela afin de puiser \u00e9galement dans les r\u00e9serves de mati\u00e8res premi\u00e8res du fond de l\u2019oc\u00e9an. Les accidents de p\u00e9troliers, le <a href=\"https:\/\/www.naturalscience.org\/fr\/themes\/oceans\/plastique\/\">plastique <\/a>et tout autre d\u00e9tritus de notre civilisation, les d\u00e9chets industriels et autres sortes de pollution, font le reste pour amener l\u2019\u00e9cosyst\u00e8me marin au bord de la destruction. Il est imp\u00e9ratif d\u2019\u00e9tablir des aires marines prot\u00e9g\u00e9es au niveau international afin que les mers et oc\u00e9ans soient capables de se r\u00e9g\u00e9n\u00e9rer.<\/p>\n<p>D\u00e8s 2008, les effets positifs des aires marines prot\u00e9g\u00e9es ont \u00e9t\u00e9 confirm\u00e9s par les recherches de biologistes australiens. Ils ont prouv\u00e9 que dans l\u2019aire marine avec interdiction de p\u00eacher dans le Great Barrier Reef, les populations de diff\u00e9rentes esp\u00e8ces de poissons ont augment\u00e9 de 31 \u00e0 75&nbsp;% en seulement deux ans.<\/p>\n<p><img loading=\"lazy\" decoding=\"async\" class=\"alignright wp-image-38633 size-medium\" src=\"https:\/\/www.naturalscience.org\/wp-content\/uploads\/2023\/01\/iStock-1331687510650-MB-300x190.jpg\" alt=\"\" width=\"300\" height=\"190\" srcset=\"https:\/\/www.naturalscience.org\/wp-content\/uploads\/2023\/01\/iStock-1331687510650-MB-300x190.jpg 300w, https:\/\/www.naturalscience.org\/wp-content\/uploads\/2023\/01\/iStock-1331687510650-MB-1024x648.jpg 1024w, https:\/\/www.naturalscience.org\/wp-content\/uploads\/2023\/01\/iStock-1331687510650-MB-768x486.jpg 768w, https:\/\/www.naturalscience.org\/wp-content\/uploads\/2023\/01\/iStock-1331687510650-MB-164x104.jpg 164w, https:\/\/www.naturalscience.org\/wp-content\/uploads\/2023\/01\/iStock-1331687510650-MB-400x253.jpg 400w, https:\/\/www.naturalscience.org\/wp-content\/uploads\/2023\/01\/iStock-1331687510650-MB-500x316.jpg 500w, https:\/\/www.naturalscience.org\/wp-content\/uploads\/2023\/01\/iStock-1331687510650-MB.jpg 1500w\" sizes=\"auto, (max-width: 300px) 100vw, 300px\" \/><\/p>\n<p><strong>Nous sommes convaincu qu\u2019un tiers des mers et oc\u00e9ans du monde devrait \u00eatre prot\u00e9g\u00e9 pendant au moins 10 ans et mis sous s\u00e9v\u00e8re surveillance internationale afin que la faune et la flore puissent se r\u00e9g\u00e9n\u00e9rer et que l\u2019\u00e9quilibre naturel de l\u2019ensemble de l\u2019\u00e9cosyst\u00e8me marin puisse \u00eatre r\u00e9tabli progressivement.<\/strong> Toute activit\u00e9 commerciale devrait \u00eatre compl\u00e8tement interdite dans l\u2019aire marine prot\u00e9g\u00e9e pendant les dix premi\u00e8res ann\u00e9es. De plus, un syst\u00e8me international de contr\u00f4le sous l\u2019\u00e9gide de l\u2019ONU devrait \u00eatre impl\u00e9ment\u00e9, avec des sanctions s\u00e9v\u00e8res en cas d\u2019infraction contre les lois d\u00e9cr\u00e9t\u00e9es.<\/p>\n<p>Sur la base du niveau maximum de protection des r\u00e9serves marines en pleine mer, certaines activit\u00e9s seraient permises en proximit\u00e9 des c\u00f4tes telles que le passage, la baignade et les visites guid\u00e9es \u00e0 des fins d\u2019enseignement. Ceci est judicieux pour mettre la population locale de son c\u00f4t\u00e9 dans ces projets car le support des autochtones pour une mise en place r\u00e9ussie d\u2019aires marines prot\u00e9g\u00e9es est indispensable.<\/p>\n<p><!--Watch our video, \u201cProtect the oceans! Create marine reserves!\u201d You can find this presentation in eight different languages on the corresponding DVD in our shop. Forward the presentation by e-mail to your friends and acquaintances.--><\/p>\n\n            <div class=\"publication-list hide-for-print\">\r\n                <div class=\"row\">\r\n                    <div class=\"small-24 columns \">\r\n                        <div class=\"title\">Publications<\/div>\r\n\r\n\t\t\t\t\t\t\t\t\t\t\t\t\t\r\n\r\n<article class=\"row collapse all publication-item aires-marines-protegees oceans-fr  film wfns\">\r\n\r\n\t<div class=\"cover medium-7 columns\">\r\n\t\t<a href=\"https:\/\/www.naturalscience.org\/fr\/publications\/protegeons-la-mer\/\">\r\n\t\t\t<img loading=\"lazy\" decoding=\"async\" src=\"https:\/\/www.naturalscience.org\/wp-content\/uploads\/2019\/06\/thumb-ocean-FR-300x169.jpg\" width=\"300\" height=\"169\">\t\t<\/a>\r\n\t<\/div>\r\n\r\n\t<div class=\"text medium-17 columns\">\r\n\r\n\t\t<div class=\"type\">\r\n\t\t\tFilm\t\t<\/div>\r\n\r\n\t\t<div class=\"name\">\r\n\t\t\t<a href=\"https:\/\/www.naturalscience.org\/fr\/publications\/protegeons-la-mer\/\">Prot\u00e9geons La Mer!<\/a>\r\n\t\t<\/div>\r\n\r\n\t\t<p class=\"description\">\r\n\t\t\tLes mers et les oc\u00e9ans relient toute vie sur la plan\u00e8te. Joignons-nous ainsi dans un effort commun afin que les g\u00e9n\u00e9rations futures puissent aussi se nourrir de la richesse des oc\u00e9ans et appr\u00e9cier leur beaut\u00e9 !\t\t<\/p>\r\n\r\n\t\t<div class=\"buttons\">\r\n\t\t\t<div class=\"row collapse\">\r\n\t\t\t\t\t\t\t\t\t<div class=\"small-24 medium-9 columns\">\r\n\t\t\t\t\t\t<a href=\"https:\/\/www.naturalscience.org\/fr\/publications\/protegeons-la-mer\/\" class=\"button radius primary small\">\r\n\t\t\t\t\t\t\t<i class=\"fa fa-play\"><\/i>&nbsp;&nbsp;Voir le film\t\t\t\t\t\t<\/a>\r\n\t\t\t\t\t<\/div>\r\n\t\t\t\t\r\n\r\n\t\t\t<\/div>\r\n\t\t<\/div>\r\n\r\n\t<\/div>\r\n<\/article>\t\t\t\t\t\t\t\t\t\t\t\t\r\n                    <\/div>\r\n                <\/div>\r\n            <\/div>\r\n\r\n\t\t\t\n","protected":false},"excerpt":{"rendered":"Les mers et les oc\u00e9ans relient toute vie sur la plan\u00e8te. Joignons-nous ainsi dans un effort commun afin que les g\u00e9n\u00e9rations futures puissent aussi se nourrir de la richesse des oc\u00e9ans et appr\u00e9cier leur beaut\u00e9&nbsp;! Prot\u00e9geons la mer&nbsp;! Cr\u00e9ons des Aires Marines Prot\u00e9g\u00e9es&nbsp;!","protected":false},"author":9,"featured_media":0,"parent":16609,"menu_order":53,"comment_status":"closed","ping_status":"closed","template":"","meta":{"_acf_changed":false,"ngg_post_thumbnail":0,"footnotes":""},"categories":[220],"class_list":["post-16610","page","type-page","status-publish","hentry","category-aires-marines-protegees","wpautop"],"acf":[],"yoast_head":"<!-- This site is optimized with the Yoast SEO plugin v27.5 - https:\/\/yoast.com\/product\/yoast-seo-wordpress\/ -->\n<title>Aires marines prot\u00e9g\u00e9es - The World Foundation for Natural Science<\/title>\n<meta name=\"robots\" content=\"index, follow, max-snippet:-1, max-image-preview:large, max-video-preview:-1\" \/>\n<link rel=\"canonical\" href=\"https:\/\/www.naturalscience.org\/fr\/themes\/oceans\/aires-marines-protegees\/\" \/>\n<meta name=\"twitter:label1\" content=\"Dur\u00e9e de lecture estim\u00e9e\" \/>\n\t<meta name=\"twitter:data1\" content=\"3 minutes\" \/>\n<script type=\"application\/ld+json\" class=\"yoast-schema-graph\">{\"@context\":\"https:\\\/\\\/schema.org\",\"@graph\":[{\"@type\":\"WebPage\",\"@id\":\"https:\\\/\\\/www.naturalscience.org\\\/fr\\\/themes\\\/oceans\\\/aires-marines-protegees\\\/\",\"url\":\"https:\\\/\\\/www.naturalscience.org\\\/fr\\\/themes\\\/oceans\\\/aires-marines-protegees\\\/\",\"name\":\"Aires marines prot\u00e9g\u00e9es - The World Foundation for Natural Science\",\"isPartOf\":{\"@id\":\"https:\\\/\\\/www.naturalscience.org\\\/#website\"},\"primaryImageOfPage\":{\"@id\":\"https:\\\/\\\/www.naturalscience.org\\\/fr\\\/themes\\\/oceans\\\/aires-marines-protegees\\\/#primaryimage\"},\"image\":{\"@id\":\"https:\\\/\\\/www.naturalscience.org\\\/fr\\\/themes\\\/oceans\\\/aires-marines-protegees\\\/#primaryimage\"},\"thumbnailUrl\":\"https:\\\/\\\/www.naturalscience.org\\\/wp-content\\\/uploads\\\/2023\\\/01\\\/AdobeStock_315431057-300x179.jpeg\",\"datePublished\":\"2015-11-10T16:57:05+00:00\",\"dateModified\":\"2023-01-11T09:23:38+00:00\",\"breadcrumb\":{\"@id\":\"https:\\\/\\\/www.naturalscience.org\\\/fr\\\/themes\\\/oceans\\\/aires-marines-protegees\\\/#breadcrumb\"},\"inLanguage\":\"fr-FR\",\"potentialAction\":[{\"@type\":\"ReadAction\",\"target\":[\"https:\\\/\\\/www.naturalscience.org\\\/fr\\\/themes\\\/oceans\\\/aires-marines-protegees\\\/\"]}]},{\"@type\":\"ImageObject\",\"inLanguage\":\"fr-FR\",\"@id\":\"https:\\\/\\\/www.naturalscience.org\\\/fr\\\/themes\\\/oceans\\\/aires-marines-protegees\\\/#primaryimage\",\"url\":\"https:\\\/\\\/www.naturalscience.org\\\/wp-content\\\/uploads\\\/2023\\\/01\\\/AdobeStock_315431057-300x179.jpeg\",\"contentUrl\":\"https:\\\/\\\/www.naturalscience.org\\\/wp-content\\\/uploads\\\/2023\\\/01\\\/AdobeStock_315431057-300x179.jpeg\"},{\"@type\":\"BreadcrumbList\",\"@id\":\"https:\\\/\\\/www.naturalscience.org\\\/fr\\\/themes\\\/oceans\\\/aires-marines-protegees\\\/#breadcrumb\",\"itemListElement\":[{\"@type\":\"ListItem\",\"position\":1,\"name\":\"Home\",\"item\":\"https:\\\/\\\/www.naturalscience.org\\\/fr\\\/\"},{\"@type\":\"ListItem\",\"position\":2,\"name\":\"Th\u00e8mes\",\"item\":\"https:\\\/\\\/www.naturalscience.org\\\/fr\\\/themes\\\/\"},{\"@type\":\"ListItem\",\"position\":3,\"name\":\"Oc\u00e9ans\",\"item\":\"https:\\\/\\\/www.naturalscience.org\\\/fr\\\/themes\\\/oceans\\\/\"},{\"@type\":\"ListItem\",\"position\":4,\"name\":\"Aires marines prot\u00e9g\u00e9es\"}]},{\"@type\":\"WebSite\",\"@id\":\"https:\\\/\\\/www.naturalscience.org\\\/#website\",\"url\":\"https:\\\/\\\/www.naturalscience.org\\\/\",\"name\":\"The World Foundation for Natural Science\",\"description\":\"Restoring and Healing the World through Responsibility and Commitment in accord with Natural and Divine Law!\",\"potentialAction\":[{\"@type\":\"SearchAction\",\"target\":{\"@type\":\"EntryPoint\",\"urlTemplate\":\"https:\\\/\\\/www.naturalscience.org\\\/?s={search_term_string}\"},\"query-input\":{\"@type\":\"PropertyValueSpecification\",\"valueRequired\":true,\"valueName\":\"search_term_string\"}}],\"inLanguage\":\"fr-FR\"}]}<\/script>\n<!-- \/ Yoast SEO plugin. -->","yoast_head_json":{"title":"Aires marines prot\u00e9g\u00e9es - The World Foundation for Natural Science","robots":{"index":"index","follow":"follow","max-snippet":"max-snippet:-1","max-image-preview":"max-image-preview:large","max-video-preview":"max-video-preview:-1"},"canonical":"https:\/\/www.naturalscience.org\/fr\/themes\/oceans\/aires-marines-protegees\/","twitter_misc":{"Dur\u00e9e de lecture estim\u00e9e":"3 minutes"},"schema":{"@context":"https:\/\/schema.org","@graph":[{"@type":"WebPage","@id":"https:\/\/www.naturalscience.org\/fr\/themes\/oceans\/aires-marines-protegees\/","url":"https:\/\/www.naturalscience.org\/fr\/themes\/oceans\/aires-marines-protegees\/","name":"Aires marines prot\u00e9g\u00e9es - The World Foundation for Natural Science","isPartOf":{"@id":"https:\/\/www.naturalscience.org\/#website"},"primaryImageOfPage":{"@id":"https:\/\/www.naturalscience.org\/fr\/themes\/oceans\/aires-marines-protegees\/#primaryimage"},"image":{"@id":"https:\/\/www.naturalscience.org\/fr\/themes\/oceans\/aires-marines-protegees\/#primaryimage"},"thumbnailUrl":"https:\/\/www.naturalscience.org\/wp-content\/uploads\/2023\/01\/AdobeStock_315431057-300x179.jpeg","datePublished":"2015-11-10T16:57:05+00:00","dateModified":"2023-01-11T09:23:38+00:00","breadcrumb":{"@id":"https:\/\/www.naturalscience.org\/fr\/themes\/oceans\/aires-marines-protegees\/#breadcrumb"},"inLanguage":"fr-FR","potentialAction":[{"@type":"ReadAction","target":["https:\/\/www.naturalscience.org\/fr\/themes\/oceans\/aires-marines-protegees\/"]}]},{"@type":"ImageObject","inLanguage":"fr-FR","@id":"https:\/\/www.naturalscience.org\/fr\/themes\/oceans\/aires-marines-protegees\/#primaryimage","url":"https:\/\/www.naturalscience.org\/wp-content\/uploads\/2023\/01\/AdobeStock_315431057-300x179.jpeg","contentUrl":"https:\/\/www.naturalscience.org\/wp-content\/uploads\/2023\/01\/AdobeStock_315431057-300x179.jpeg"},{"@type":"BreadcrumbList","@id":"https:\/\/www.naturalscience.org\/fr\/themes\/oceans\/aires-marines-protegees\/#breadcrumb","itemListElement":[{"@type":"ListItem","position":1,"name":"Home","item":"https:\/\/www.naturalscience.org\/fr\/"},{"@type":"ListItem","position":2,"name":"Th\u00e8mes","item":"https:\/\/www.naturalscience.org\/fr\/themes\/"},{"@type":"ListItem","position":3,"name":"Oc\u00e9ans","item":"https:\/\/www.naturalscience.org\/fr\/themes\/oceans\/"},{"@type":"ListItem","position":4,"name":"Aires marines prot\u00e9g\u00e9es"}]},{"@type":"WebSite","@id":"https:\/\/www.naturalscience.org\/#website","url":"https:\/\/www.naturalscience.org\/","name":"The World Foundation for Natural Science","description":"Restoring and Healing the World through Responsibility and Commitment in accord with Natural and Divine Law!","potentialAction":[{"@type":"SearchAction","target":{"@type":"EntryPoint","urlTemplate":"https:\/\/www.naturalscience.org\/?s={search_term_string}"},"query-input":{"@type":"PropertyValueSpecification","valueRequired":true,"valueName":"search_term_string"}}],"inLanguage":"fr-FR"}]}},"_links":{"self":[{"href":"https:\/\/www.naturalscience.org\/fr\/wp-json\/wp\/v2\/pages\/16610","targetHints":{"allow":["GET"]}}],"collection":[{"href":"https:\/\/www.naturalscience.org\/fr\/wp-json\/wp\/v2\/pages"}],"about":[{"href":"https:\/\/www.naturalscience.org\/fr\/wp-json\/wp\/v2\/types\/page"}],"author":[{"embeddable":true,"href":"https:\/\/www.naturalscience.org\/fr\/wp-json\/wp\/v2\/users\/9"}],"replies":[{"embeddable":true,"href":"https:\/\/www.naturalscience.org\/fr\/wp-json\/wp\/v2\/comments?post=16610"}],"version-history":[{"count":7,"href":"https:\/\/www.naturalscience.org\/fr\/wp-json\/wp\/v2\/pages\/16610\/revisions"}],"predecessor-version":[{"id":38692,"href":"https:\/\/www.naturalscience.org\/fr\/wp-json\/wp\/v2\/pages\/16610\/revisions\/38692"}],"up":[{"embeddable":true,"href":"https:\/\/www.naturalscience.org\/fr\/wp-json\/wp\/v2\/pages\/16609"}],"wp:attachment":[{"href":"https:\/\/www.naturalscience.org\/fr\/wp-json\/wp\/v2\/media?parent=16610"}],"wp:term":[{"taxonomy":"category","embeddable":true,"href":"https:\/\/www.naturalscience.org\/fr\/wp-json\/wp\/v2\/categories?post=16610"}],"curies":[{"name":"wp","href":"https:\/\/api.w.org\/{rel}","templated":true}]}}