{"id":16594,"date":"2015-11-10T17:53:01","date_gmt":"2015-11-10T16:53:01","guid":{"rendered":"http:\/\/www.naturalscience.org\/?page_id=16594"},"modified":"2023-01-11T10:10:28","modified_gmt":"2023-01-11T09:10:28","slug":"organismes-genetiquement-modifies-ogm","status":"publish","type":"page","link":"https:\/\/www.naturalscience.org\/fr\/themes\/agriculture-naturelle\/organismes-genetiquement-modifies-ogm\/","title":{"rendered":"Organismes G\u00e9n\u00e9tiquement Modifi\u00e9s (OGM)"},"content":{"rendered":"<p><img loading=\"lazy\" decoding=\"async\" class=\"alignright wp-image-38650 size-medium\" src=\"https:\/\/www.naturalscience.org\/wp-content\/uploads\/2023\/01\/AdobeStock_141880562-300x200.jpeg\" alt=\"\" width=\"300\" height=\"200\" srcset=\"https:\/\/www.naturalscience.org\/wp-content\/uploads\/2023\/01\/AdobeStock_141880562-300x200.jpeg 300w, https:\/\/www.naturalscience.org\/wp-content\/uploads\/2023\/01\/AdobeStock_141880562-1024x683.jpeg 1024w, https:\/\/www.naturalscience.org\/wp-content\/uploads\/2023\/01\/AdobeStock_141880562-768x512.jpeg 768w, https:\/\/www.naturalscience.org\/wp-content\/uploads\/2023\/01\/AdobeStock_141880562-1536x1024.jpeg 1536w, https:\/\/www.naturalscience.org\/wp-content\/uploads\/2023\/01\/AdobeStock_141880562-2048x1365.jpeg 2048w, https:\/\/www.naturalscience.org\/wp-content\/uploads\/2023\/01\/AdobeStock_141880562-164x109.jpeg 164w, https:\/\/www.naturalscience.org\/wp-content\/uploads\/2023\/01\/AdobeStock_141880562-400x267.jpeg 400w, https:\/\/www.naturalscience.org\/wp-content\/uploads\/2023\/01\/AdobeStock_141880562-500x333.jpeg 500w\" sizes=\"auto, (max-width: 300px) 100vw, 300px\" \/><\/p>\n<p>Le commerce d\u2019aliments g\u00e9n\u00e9tiquement modifi\u00e9s a \u00e9norm\u00e9ment augment\u00e9. Parall\u00e8lement s\u2019accroissent les inqui\u00e9tudes li\u00e9es aux dangers que peuvent repr\u00e9senter les organismes transg\u00e9niques pour la sant\u00e9 des animaux et des hommes. Les OGM se sont introduits dans la cha\u00eene alimentaire \u00e0 notre insu. &nbsp;<strong>90&nbsp;% de la nourriture pour b\u00e9b\u00e9, de la restauration rapide, des huiles v\u00e9g\u00e9tales, des jus, des biscuits et g\u00e2teaux et des sucreries contiennent des produits issus de ma\u00efs et soja g\u00e9n\u00e9tiquement modifi\u00e9s.<\/strong><\/p>\n<p><img loading=\"lazy\" decoding=\"async\" class=\"alignleft wp-image-38628 size-medium\" src=\"https:\/\/www.naturalscience.org\/wp-content\/uploads\/2023\/01\/iStock_000032632124_Large-300x199.jpg\" alt=\"\" width=\"300\" height=\"199\" srcset=\"https:\/\/www.naturalscience.org\/wp-content\/uploads\/2023\/01\/iStock_000032632124_Large-300x199.jpg 300w, https:\/\/www.naturalscience.org\/wp-content\/uploads\/2023\/01\/iStock_000032632124_Large-1024x680.jpg 1024w, https:\/\/www.naturalscience.org\/wp-content\/uploads\/2023\/01\/iStock_000032632124_Large-768x510.jpg 768w, https:\/\/www.naturalscience.org\/wp-content\/uploads\/2023\/01\/iStock_000032632124_Large-1536x1019.jpg 1536w, https:\/\/www.naturalscience.org\/wp-content\/uploads\/2023\/01\/iStock_000032632124_Large-2048x1359.jpg 2048w, https:\/\/www.naturalscience.org\/wp-content\/uploads\/2023\/01\/iStock_000032632124_Large-164x109.jpg 164w, https:\/\/www.naturalscience.org\/wp-content\/uploads\/2023\/01\/iStock_000032632124_Large-400x265.jpg 400w, https:\/\/www.naturalscience.org\/wp-content\/uploads\/2023\/01\/iStock_000032632124_Large-500x332.jpg 500w\" sizes=\"auto, (max-width: 300px) 100vw, 300px\" \/><\/p>\n<p>Ceux-ci proviennent principalement des USA, Br\u00e9sil et Argentine, o\u00f9 90&nbsp;% des r\u00e9coltes de ma\u00efs, soja et betteraves sont transg\u00e9niques. <strong>Cependant, il y a \u00e0 peine ou aucune indication sur les produits alimentaires concern\u00e9s.<\/strong> Par ailleurs, pratiquement tous les animaux d\u2019\u00e9levage sont nourris aux OGM. Pourtant, des travaux de recherches d\u00e9montrent clairement que les OGM mang\u00e9s par les animaux sont transmis \u00e0 l\u2019homme par la viande, le lait, les oeufs et le fromage.<\/p>\n<p><strong>Les effets sur la sant\u00e9 des animaux et de l\u2019esp\u00e8ce humaine sont potentiellement catastrophiques, allant des allergies aux tumeurs canc\u00e9reuses.<\/strong> De plus, les r\u00e9percussions que pourraient avoir les OGM sur le comportement humain et animal sont totalement inconnues.<\/p>\n<p>Par leur forte dose de poison, les semences g\u00e9n\u00e9tiquement modifi\u00e9es et leurs pesticides associ\u00e9s d\u00e9truisent de surcro\u00eet les sols, contaminent les sources d\u2019eau et d\u00e9truisent la Nature en tuant chaque jour des millions d\u2019insectes et par cons\u00e9quent, des oiseaux et d\u2019autres animaux.<\/p>\n<p>&nbsp;<\/p>\n            <div class=\"latest-news-list hide-for-print\">\r\n                <div class=\"row\">\r\n                    <div class=\"small-24 columns \">\r\n                        <div class=\"title\">Lumi\u00e8re sur le th\u00e8me Organismes G\u00e9n\u00e9tiquement Modif\u00ed\u00e9s (OGM)<\/div>\r\n\t\t\t\t\t\t\t\t\t\t\t\t\t<article class=\"news-excerpt\" id=\"post-42682\">\r\n    <div class=\"row collapse\">\r\n\r\n\t\t\r\n        <div class=\"medium-7 columns\">\r\n            <a href=\"https:\/\/www.naturalscience.org\/fr\/news\/2025\/09\/smart-fact-2\/\" title=\"Smart Fact # 2\">\r\n                <img decoding=\"async\" src=\"https:\/\/www.naturalscience.org\/wp-content\/uploads\/2025\/08\/AdobeStock_35189593SQUARE-164x164.jpg\" alt=\"\" width=\"200px\" height=\"200px\"\/>\r\n            <\/a>\r\n        <\/div>\r\n\r\n        <div class=\"medium-17 columns\">\r\n\t\t\t\r\n                <header>\r\n                    <div class=\"row collapse top\">\r\n                        <div class=\"small-12 columns\">\r\n                            <time datetime=\"2025-09-01T09:31:42+02:00\">\r\n\t\t\t\t\t\t\t\tLundi 1 septembre 2025                            <\/time>\r\n                        <\/div>\r\n\t\t\t\t\t\t                    <\/div>\r\n                    <h2><a href=\"https:\/\/www.naturalscience.org\/fr\/news\/2025\/09\/smart-fact-2\/\">Smart Fact # 2<\/a><\/h2>\r\n\r\n                <\/header>\r\n                <div class=\"entry-content\">\r\n                    <p>\r\n\t                    D\u00e8s 2011, plusieurs \u00e9tudes ont montr\u00e9 que la toxine Bt, absorb\u00e9e lors de la consommation de ma\u00efs g\u00e9n\u00e9tiquement modifi\u00e9, peut \u00eatre retrouv\u00e9e dans le sang de 93&nbsp;% des femmes enceintes et dans 80&nbsp;% des pr\u00e9l\u00e8vements du cordon ombilical de leurs enfants \u00e0 na\u00eetre&nbsp;!                                            <\/p>\r\n                <\/div>\r\n            <\/div>\r\n        <\/div>\r\n<\/article>\t\t\t\t\t\t\t\t\t\t\t\t\r\n\t\t\t\t\t\t                        <a href=\"https:\/\/www.naturalscience.org\/fr\/news\/category\/agriculture-naturelle\/organismes-genetiquement-modifies-ogm\/\" class=\"button radius\">\r\n                            <i class=\"fa fa-angle-right\"><\/i>&nbsp;&nbsp;Lire plus                        <\/a>\r\n                    <\/div>\r\n                <\/div>\r\n            <\/div>\r\n\t\t\t\n\n","protected":false},"excerpt":{"rendered":"D\u00e8s 2011, plusieurs \u00e9tudes ont montr\u00e9 que la toxine Bt, absorb\u00e9e lors de la consommation de ma\u00efs g\u00e9n\u00e9tiquement modifi\u00e9, peut \u00eatre retrouv\u00e9e dans le sang de 93&nbsp;% des femmes enceintes et dans 80&nbsp;% des pr\u00e9l\u00e8vements du cordon ombilical de leurs enfants \u00e0 na\u00eetre&nbsp;!","protected":false},"author":9,"featured_media":0,"parent":16588,"menu_order":51,"comment_status":"closed","ping_status":"closed","template":"","meta":{"_acf_changed":false,"ngg_post_thumbnail":0,"footnotes":""},"categories":[218],"class_list":["post-16594","page","type-page","status-publish","hentry","category-organismes-genetiquement-modifies-ogm","wpautop"],"acf":[],"yoast_head":"<!-- This site is optimized with the Yoast SEO plugin v27.4 - https:\/\/yoast.com\/product\/yoast-seo-wordpress\/ -->\n<title>Organismes G\u00e9n\u00e9tiquement Modifi\u00e9s (OGM) - The World Foundation for Natural Science<\/title>\n<meta name=\"robots\" content=\"index, follow, max-snippet:-1, max-image-preview:large, max-video-preview:-1\" \/>\n<link rel=\"canonical\" href=\"https:\/\/www.naturalscience.org\/fr\/themes\/agriculture-naturelle\/organismes-genetiquement-modifies-ogm\/\" \/>\n<meta name=\"twitter:label1\" content=\"Dur\u00e9e de lecture estim\u00e9e\" \/>\n\t<meta name=\"twitter:data1\" content=\"1 minute\" \/>\n<script type=\"application\/ld+json\" class=\"yoast-schema-graph\">{\"@context\":\"https:\\\/\\\/schema.org\",\"@graph\":[{\"@type\":\"WebPage\",\"@id\":\"https:\\\/\\\/www.naturalscience.org\\\/fr\\\/themes\\\/agriculture-naturelle\\\/organismes-genetiquement-modifies-ogm\\\/\",\"url\":\"https:\\\/\\\/www.naturalscience.org\\\/fr\\\/themes\\\/agriculture-naturelle\\\/organismes-genetiquement-modifies-ogm\\\/\",\"name\":\"Organismes G\u00e9n\u00e9tiquement Modifi\u00e9s (OGM) - The World Foundation for Natural Science\",\"isPartOf\":{\"@id\":\"https:\\\/\\\/www.naturalscience.org\\\/#website\"},\"primaryImageOfPage\":{\"@id\":\"https:\\\/\\\/www.naturalscience.org\\\/fr\\\/themes\\\/agriculture-naturelle\\\/organismes-genetiquement-modifies-ogm\\\/#primaryimage\"},\"image\":{\"@id\":\"https:\\\/\\\/www.naturalscience.org\\\/fr\\\/themes\\\/agriculture-naturelle\\\/organismes-genetiquement-modifies-ogm\\\/#primaryimage\"},\"thumbnailUrl\":\"https:\\\/\\\/www.naturalscience.org\\\/wp-content\\\/uploads\\\/2023\\\/01\\\/AdobeStock_141880562-300x200.jpeg\",\"datePublished\":\"2015-11-10T16:53:01+00:00\",\"dateModified\":\"2023-01-11T09:10:28+00:00\",\"breadcrumb\":{\"@id\":\"https:\\\/\\\/www.naturalscience.org\\\/fr\\\/themes\\\/agriculture-naturelle\\\/organismes-genetiquement-modifies-ogm\\\/#breadcrumb\"},\"inLanguage\":\"fr-FR\",\"potentialAction\":[{\"@type\":\"ReadAction\",\"target\":[\"https:\\\/\\\/www.naturalscience.org\\\/fr\\\/themes\\\/agriculture-naturelle\\\/organismes-genetiquement-modifies-ogm\\\/\"]}]},{\"@type\":\"ImageObject\",\"inLanguage\":\"fr-FR\",\"@id\":\"https:\\\/\\\/www.naturalscience.org\\\/fr\\\/themes\\\/agriculture-naturelle\\\/organismes-genetiquement-modifies-ogm\\\/#primaryimage\",\"url\":\"https:\\\/\\\/www.naturalscience.org\\\/wp-content\\\/uploads\\\/2023\\\/01\\\/AdobeStock_141880562-300x200.jpeg\",\"contentUrl\":\"https:\\\/\\\/www.naturalscience.org\\\/wp-content\\\/uploads\\\/2023\\\/01\\\/AdobeStock_141880562-300x200.jpeg\"},{\"@type\":\"BreadcrumbList\",\"@id\":\"https:\\\/\\\/www.naturalscience.org\\\/fr\\\/themes\\\/agriculture-naturelle\\\/organismes-genetiquement-modifies-ogm\\\/#breadcrumb\",\"itemListElement\":[{\"@type\":\"ListItem\",\"position\":1,\"name\":\"Home\",\"item\":\"https:\\\/\\\/www.naturalscience.org\\\/fr\\\/\"},{\"@type\":\"ListItem\",\"position\":2,\"name\":\"Th\u00e8mes\",\"item\":\"https:\\\/\\\/www.naturalscience.org\\\/fr\\\/themes\\\/\"},{\"@type\":\"ListItem\",\"position\":3,\"name\":\"Agriculture naturelle\",\"item\":\"https:\\\/\\\/www.naturalscience.org\\\/fr\\\/themes\\\/agriculture-naturelle\\\/\"},{\"@type\":\"ListItem\",\"position\":4,\"name\":\"Organismes G\u00e9n\u00e9tiquement Modifi\u00e9s (OGM)\"}]},{\"@type\":\"WebSite\",\"@id\":\"https:\\\/\\\/www.naturalscience.org\\\/#website\",\"url\":\"https:\\\/\\\/www.naturalscience.org\\\/\",\"name\":\"The World Foundation for Natural Science\",\"description\":\"Restoring and Healing the World through Responsibility and Commitment in accord with Natural and Divine Law!\",\"potentialAction\":[{\"@type\":\"SearchAction\",\"target\":{\"@type\":\"EntryPoint\",\"urlTemplate\":\"https:\\\/\\\/www.naturalscience.org\\\/?s={search_term_string}\"},\"query-input\":{\"@type\":\"PropertyValueSpecification\",\"valueRequired\":true,\"valueName\":\"search_term_string\"}}],\"inLanguage\":\"fr-FR\"}]}<\/script>\n<!-- \/ Yoast SEO plugin. -->","yoast_head_json":{"title":"Organismes G\u00e9n\u00e9tiquement Modifi\u00e9s (OGM) - The World Foundation for Natural Science","robots":{"index":"index","follow":"follow","max-snippet":"max-snippet:-1","max-image-preview":"max-image-preview:large","max-video-preview":"max-video-preview:-1"},"canonical":"https:\/\/www.naturalscience.org\/fr\/themes\/agriculture-naturelle\/organismes-genetiquement-modifies-ogm\/","twitter_misc":{"Dur\u00e9e de lecture estim\u00e9e":"1 minute"},"schema":{"@context":"https:\/\/schema.org","@graph":[{"@type":"WebPage","@id":"https:\/\/www.naturalscience.org\/fr\/themes\/agriculture-naturelle\/organismes-genetiquement-modifies-ogm\/","url":"https:\/\/www.naturalscience.org\/fr\/themes\/agriculture-naturelle\/organismes-genetiquement-modifies-ogm\/","name":"Organismes G\u00e9n\u00e9tiquement Modifi\u00e9s (OGM) - The World Foundation for Natural Science","isPartOf":{"@id":"https:\/\/www.naturalscience.org\/#website"},"primaryImageOfPage":{"@id":"https:\/\/www.naturalscience.org\/fr\/themes\/agriculture-naturelle\/organismes-genetiquement-modifies-ogm\/#primaryimage"},"image":{"@id":"https:\/\/www.naturalscience.org\/fr\/themes\/agriculture-naturelle\/organismes-genetiquement-modifies-ogm\/#primaryimage"},"thumbnailUrl":"https:\/\/www.naturalscience.org\/wp-content\/uploads\/2023\/01\/AdobeStock_141880562-300x200.jpeg","datePublished":"2015-11-10T16:53:01+00:00","dateModified":"2023-01-11T09:10:28+00:00","breadcrumb":{"@id":"https:\/\/www.naturalscience.org\/fr\/themes\/agriculture-naturelle\/organismes-genetiquement-modifies-ogm\/#breadcrumb"},"inLanguage":"fr-FR","potentialAction":[{"@type":"ReadAction","target":["https:\/\/www.naturalscience.org\/fr\/themes\/agriculture-naturelle\/organismes-genetiquement-modifies-ogm\/"]}]},{"@type":"ImageObject","inLanguage":"fr-FR","@id":"https:\/\/www.naturalscience.org\/fr\/themes\/agriculture-naturelle\/organismes-genetiquement-modifies-ogm\/#primaryimage","url":"https:\/\/www.naturalscience.org\/wp-content\/uploads\/2023\/01\/AdobeStock_141880562-300x200.jpeg","contentUrl":"https:\/\/www.naturalscience.org\/wp-content\/uploads\/2023\/01\/AdobeStock_141880562-300x200.jpeg"},{"@type":"BreadcrumbList","@id":"https:\/\/www.naturalscience.org\/fr\/themes\/agriculture-naturelle\/organismes-genetiquement-modifies-ogm\/#breadcrumb","itemListElement":[{"@type":"ListItem","position":1,"name":"Home","item":"https:\/\/www.naturalscience.org\/fr\/"},{"@type":"ListItem","position":2,"name":"Th\u00e8mes","item":"https:\/\/www.naturalscience.org\/fr\/themes\/"},{"@type":"ListItem","position":3,"name":"Agriculture naturelle","item":"https:\/\/www.naturalscience.org\/fr\/themes\/agriculture-naturelle\/"},{"@type":"ListItem","position":4,"name":"Organismes G\u00e9n\u00e9tiquement Modifi\u00e9s (OGM)"}]},{"@type":"WebSite","@id":"https:\/\/www.naturalscience.org\/#website","url":"https:\/\/www.naturalscience.org\/","name":"The World Foundation for Natural Science","description":"Restoring and Healing the World through Responsibility and Commitment in accord with Natural and Divine Law!","potentialAction":[{"@type":"SearchAction","target":{"@type":"EntryPoint","urlTemplate":"https:\/\/www.naturalscience.org\/?s={search_term_string}"},"query-input":{"@type":"PropertyValueSpecification","valueRequired":true,"valueName":"search_term_string"}}],"inLanguage":"fr-FR"}]}},"_links":{"self":[{"href":"https:\/\/www.naturalscience.org\/fr\/wp-json\/wp\/v2\/pages\/16594","targetHints":{"allow":["GET"]}}],"collection":[{"href":"https:\/\/www.naturalscience.org\/fr\/wp-json\/wp\/v2\/pages"}],"about":[{"href":"https:\/\/www.naturalscience.org\/fr\/wp-json\/wp\/v2\/types\/page"}],"author":[{"embeddable":true,"href":"https:\/\/www.naturalscience.org\/fr\/wp-json\/wp\/v2\/users\/9"}],"replies":[{"embeddable":true,"href":"https:\/\/www.naturalscience.org\/fr\/wp-json\/wp\/v2\/comments?post=16594"}],"version-history":[{"count":8,"href":"https:\/\/www.naturalscience.org\/fr\/wp-json\/wp\/v2\/pages\/16594\/revisions"}],"predecessor-version":[{"id":38676,"href":"https:\/\/www.naturalscience.org\/fr\/wp-json\/wp\/v2\/pages\/16594\/revisions\/38676"}],"up":[{"embeddable":true,"href":"https:\/\/www.naturalscience.org\/fr\/wp-json\/wp\/v2\/pages\/16588"}],"wp:attachment":[{"href":"https:\/\/www.naturalscience.org\/fr\/wp-json\/wp\/v2\/media?parent=16594"}],"wp:term":[{"taxonomy":"category","embeddable":true,"href":"https:\/\/www.naturalscience.org\/fr\/wp-json\/wp\/v2\/categories?post=16594"}],"curies":[{"name":"wp","href":"https:\/\/api.w.org\/{rel}","templated":true}]}}