{"id":16592,"date":"2015-11-10T17:52:49","date_gmt":"2015-11-10T16:52:49","guid":{"rendered":"http:\/\/www.naturalscience.org\/?page_id=16592"},"modified":"2023-01-11T09:24:51","modified_gmt":"2023-01-11T08:24:51","slug":"oiseaux","status":"publish","type":"page","link":"https:\/\/www.naturalscience.org\/fr\/themes\/agriculture-naturelle\/oiseaux\/","title":{"rendered":"Oiseaux"},"content":{"rendered":"<p><img loading=\"lazy\" decoding=\"async\" class=\"alignright wp-image-38624 size-medium\" src=\"https:\/\/www.naturalscience.org\/wp-content\/uploads\/2023\/01\/iStock-9646110701.8MB-300x208.jpg\" alt=\"\" width=\"300\" height=\"208\" srcset=\"https:\/\/www.naturalscience.org\/wp-content\/uploads\/2023\/01\/iStock-9646110701.8MB-300x208.jpg 300w, https:\/\/www.naturalscience.org\/wp-content\/uploads\/2023\/01\/iStock-9646110701.8MB-1024x711.jpg 1024w, https:\/\/www.naturalscience.org\/wp-content\/uploads\/2023\/01\/iStock-9646110701.8MB-768x534.jpg 768w, https:\/\/www.naturalscience.org\/wp-content\/uploads\/2023\/01\/iStock-9646110701.8MB-1536x1067.jpg 1536w, https:\/\/www.naturalscience.org\/wp-content\/uploads\/2023\/01\/iStock-9646110701.8MB-2048x1423.jpg 2048w, https:\/\/www.naturalscience.org\/wp-content\/uploads\/2023\/01\/iStock-9646110701.8MB-164x114.jpg 164w, https:\/\/www.naturalscience.org\/wp-content\/uploads\/2023\/01\/iStock-9646110701.8MB-400x278.jpg 400w, https:\/\/www.naturalscience.org\/wp-content\/uploads\/2023\/01\/iStock-9646110701.8MB-500x347.jpg 500w\" sizes=\"auto, (max-width: 300px) 100vw, 300px\" \/><\/p>\n<p><strong>Les oiseaux sont des indicateurs importants de l\u2019\u00e9quilibre \u00e9cologique dans l\u2019environnement.<\/strong> Ils aiment les paysages structur\u00e9s avec des arbres, des haies et des buissons et particuli\u00e8rement de vastes marais. Comme la plupart des \u00eatres vivants, les oiseaux r\u00e9agissent tr\u00e8s sensiblement aux influences non naturelles sur l\u2019environnement. Par exemple, l\u2019utilisation de pesticides dans l\u2019agriculture est un grand danger pour les oiseaux car ces agents d\u00e9truisent non seulement d\u2019innombrables insectes qui repr\u00e9sentent une alimentation essentielle pour les oiseaux mais aussi parce qu\u2019ils empoisonnent les oiseaux eux-m\u00eames. Cependant, de plus en plus d\u2019oiseaux sont aussi menac\u00e9s par le <a href=\"https:\/\/www.naturalscience.org\/fr\/themes\/micro-ondes-communications-mobiles\/\">rayonnement micro-ondes<\/a> \u00e9manant des antennes relais et des satellites. Ce qui les fait se retirer petit \u00e0 petit des r\u00e9gions fortement irradi\u00e9es. <strong>Pour cette raison, beaucoup d\u2019oiseaux se trouvent sur la liste des esp\u00e8ces animales en danger.<\/strong><\/p>\n<p><img loading=\"lazy\" decoding=\"async\" class=\"alignleft wp-image-38626 size-medium\" src=\"https:\/\/www.naturalscience.org\/wp-content\/uploads\/2023\/01\/Fotolia_39698454_M-209x300.jpg\" alt=\"\" width=\"209\" height=\"300\" srcset=\"https:\/\/www.naturalscience.org\/wp-content\/uploads\/2023\/01\/Fotolia_39698454_M-209x300.jpg 209w, https:\/\/www.naturalscience.org\/wp-content\/uploads\/2023\/01\/Fotolia_39698454_M-713x1024.jpg 713w, https:\/\/www.naturalscience.org\/wp-content\/uploads\/2023\/01\/Fotolia_39698454_M-768x1103.jpg 768w, https:\/\/www.naturalscience.org\/wp-content\/uploads\/2023\/01\/Fotolia_39698454_M-1069x1536.jpg 1069w, https:\/\/www.naturalscience.org\/wp-content\/uploads\/2023\/01\/Fotolia_39698454_M-114x164.jpg 114w, https:\/\/www.naturalscience.org\/wp-content\/uploads\/2023\/01\/Fotolia_39698454_M-278x400.jpg 278w, https:\/\/www.naturalscience.org\/wp-content\/uploads\/2023\/01\/Fotolia_39698454_M-348x500.jpg 348w, https:\/\/www.naturalscience.org\/wp-content\/uploads\/2023\/01\/Fotolia_39698454_M.jpg 1150w\" sizes=\"auto, (max-width: 209px) 100vw, 209px\" \/><\/p>\n<p>Les prot\u00e9ger devrait \u00eatre une priorit\u00e9, non seulement pour conserver la biodiversit\u00e9 mais \u00e9galement parce que les oiseaux jouent un r\u00f4le important dans la vie des hommes. Par leurs acrobaties a\u00e9riennes et leur libert\u00e9, les oiseaux inspirent l\u2019esprit humain et ravissent son \u00e2me avec leurs gazouillements, leurs chants et leurs sifflements.<\/p>\n<p><strong>En attendant, les experts recommandent de nourrir les oiseaux toute l\u2019ann\u00e9e<\/strong> car m\u00eame en \u00e9t\u00e9, il ne leur reste \u00e0 peine \u00e0 manger, du fait de l\u2019agriculture intensive, des paysages&nbsp;\u00ab&nbsp;d\u00e9garnis&nbsp;\u00bb et aussi des jardins pauvres en esp\u00e8ces. C\u2019est justement en \u00e9t\u00e9 que les oiseaux ont besoin de beaucoup de nourriture car ils \u00e9l\u00e8vent leurs petits. <strong>Une mangeoire toute l\u2019ann\u00e9e peut aider jusqu\u2019\u00e0 50 esp\u00e8ces d\u2019oiseaux.<\/strong> Ainsi, leur nourrissage apporte une contribution appr\u00e9ciable \u00e0&nbsp;leur protection et \u00e0 la conservation de la biodiversit\u00e9.<\/p>\n<p style=\"text-align: center;\"><em><strong>\u00ab&nbsp;Avec une mangeoire, c\u2019est comme avec une auberge&nbsp;:<br \/>\n<\/strong><\/em><em style=\"font-size: 14.4px;\"><strong>il faut d\u2019abord du bouche-\u00e0-oreille pour savoir o\u00f9 c\u2019est.<br \/>\n<\/strong><em><strong>Et on doit pouvoir compter sur les heures d\u2019ouverture, sinon personne ne vient.&nbsp;\u00bb<br \/>\n<\/strong><\/em><\/em><em>Ornithologue Peter Berthold&nbsp;<\/em><br \/>\n<em>de l\u2019Institut Max-Planck pour l\u2019Ornithologie<\/em><\/p>\n\n\n","protected":false},"excerpt":{"rendered":"Les oiseaux sont des indicateurs importants de l\u2019\u00e9quilibre \u00e9cologique dans l\u2019environnement. Ils aiment les paysages structur\u00e9s avec des arbres, des haies et des buissons et particuli\u00e8rement de vastes marais. Comme la plupart des \u00eatres vivants, les oiseaux r\u00e9agissent tr\u00e8s sensiblement aux influences non naturelles sur l\u2019environnement. Par exemple, l\u2019utilisation de pesticides dans l\u2019agriculture est un [&hellip;]","protected":false},"author":9,"featured_media":0,"parent":16588,"menu_order":49,"comment_status":"closed","ping_status":"closed","template":"","meta":{"_acf_changed":false,"ngg_post_thumbnail":0,"footnotes":""},"categories":[216],"class_list":["post-16592","page","type-page","status-publish","hentry","category-oiseaux","wpautop"],"acf":[],"yoast_head":"<!-- This site is optimized with the Yoast SEO plugin v27.6 - https:\/\/yoast.com\/product\/yoast-seo-wordpress\/ -->\n<title>Oiseaux - The World Foundation for Natural Science<\/title>\n<meta name=\"robots\" content=\"index, follow, max-snippet:-1, max-image-preview:large, max-video-preview:-1\" \/>\n<link rel=\"canonical\" href=\"https:\/\/www.naturalscience.org\/fr\/themes\/agriculture-naturelle\/oiseaux\/\" \/>\n<meta name=\"twitter:label1\" content=\"Dur\u00e9e de lecture estim\u00e9e\" \/>\n\t<meta name=\"twitter:data1\" content=\"2 minutes\" \/>\n<script type=\"application\/ld+json\" class=\"yoast-schema-graph\">{\"@context\":\"https:\\\/\\\/schema.org\",\"@graph\":[{\"@type\":\"WebPage\",\"@id\":\"https:\\\/\\\/www.naturalscience.org\\\/fr\\\/themes\\\/agriculture-naturelle\\\/oiseaux\\\/\",\"url\":\"https:\\\/\\\/www.naturalscience.org\\\/fr\\\/themes\\\/agriculture-naturelle\\\/oiseaux\\\/\",\"name\":\"Oiseaux - The World Foundation for Natural Science\",\"isPartOf\":{\"@id\":\"https:\\\/\\\/www.naturalscience.org\\\/#website\"},\"primaryImageOfPage\":{\"@id\":\"https:\\\/\\\/www.naturalscience.org\\\/fr\\\/themes\\\/agriculture-naturelle\\\/oiseaux\\\/#primaryimage\"},\"image\":{\"@id\":\"https:\\\/\\\/www.naturalscience.org\\\/fr\\\/themes\\\/agriculture-naturelle\\\/oiseaux\\\/#primaryimage\"},\"thumbnailUrl\":\"https:\\\/\\\/www.naturalscience.org\\\/wp-content\\\/uploads\\\/2023\\\/01\\\/iStock-9646110701.8MB-300x208.jpg\",\"datePublished\":\"2015-11-10T16:52:49+00:00\",\"dateModified\":\"2023-01-11T08:24:51+00:00\",\"breadcrumb\":{\"@id\":\"https:\\\/\\\/www.naturalscience.org\\\/fr\\\/themes\\\/agriculture-naturelle\\\/oiseaux\\\/#breadcrumb\"},\"inLanguage\":\"fr-FR\",\"potentialAction\":[{\"@type\":\"ReadAction\",\"target\":[\"https:\\\/\\\/www.naturalscience.org\\\/fr\\\/themes\\\/agriculture-naturelle\\\/oiseaux\\\/\"]}]},{\"@type\":\"ImageObject\",\"inLanguage\":\"fr-FR\",\"@id\":\"https:\\\/\\\/www.naturalscience.org\\\/fr\\\/themes\\\/agriculture-naturelle\\\/oiseaux\\\/#primaryimage\",\"url\":\"https:\\\/\\\/www.naturalscience.org\\\/wp-content\\\/uploads\\\/2023\\\/01\\\/iStock-9646110701.8MB-300x208.jpg\",\"contentUrl\":\"https:\\\/\\\/www.naturalscience.org\\\/wp-content\\\/uploads\\\/2023\\\/01\\\/iStock-9646110701.8MB-300x208.jpg\"},{\"@type\":\"BreadcrumbList\",\"@id\":\"https:\\\/\\\/www.naturalscience.org\\\/fr\\\/themes\\\/agriculture-naturelle\\\/oiseaux\\\/#breadcrumb\",\"itemListElement\":[{\"@type\":\"ListItem\",\"position\":1,\"name\":\"Home\",\"item\":\"https:\\\/\\\/www.naturalscience.org\\\/fr\\\/\"},{\"@type\":\"ListItem\",\"position\":2,\"name\":\"Th\u00e8mes\",\"item\":\"https:\\\/\\\/www.naturalscience.org\\\/fr\\\/themes\\\/\"},{\"@type\":\"ListItem\",\"position\":3,\"name\":\"Agriculture naturelle\",\"item\":\"https:\\\/\\\/www.naturalscience.org\\\/fr\\\/themes\\\/agriculture-naturelle\\\/\"},{\"@type\":\"ListItem\",\"position\":4,\"name\":\"Oiseaux\"}]},{\"@type\":\"WebSite\",\"@id\":\"https:\\\/\\\/www.naturalscience.org\\\/#website\",\"url\":\"https:\\\/\\\/www.naturalscience.org\\\/\",\"name\":\"The World Foundation for Natural Science\",\"description\":\"Restoring and Healing the World through Responsibility and Commitment in accord with Natural and Divine Law!\",\"potentialAction\":[{\"@type\":\"SearchAction\",\"target\":{\"@type\":\"EntryPoint\",\"urlTemplate\":\"https:\\\/\\\/www.naturalscience.org\\\/?s={search_term_string}\"},\"query-input\":{\"@type\":\"PropertyValueSpecification\",\"valueRequired\":true,\"valueName\":\"search_term_string\"}}],\"inLanguage\":\"fr-FR\"}]}<\/script>\n<!-- \/ Yoast SEO plugin. -->","yoast_head_json":{"title":"Oiseaux - The World Foundation for Natural Science","robots":{"index":"index","follow":"follow","max-snippet":"max-snippet:-1","max-image-preview":"max-image-preview:large","max-video-preview":"max-video-preview:-1"},"canonical":"https:\/\/www.naturalscience.org\/fr\/themes\/agriculture-naturelle\/oiseaux\/","twitter_misc":{"Dur\u00e9e de lecture estim\u00e9e":"2 minutes"},"schema":{"@context":"https:\/\/schema.org","@graph":[{"@type":"WebPage","@id":"https:\/\/www.naturalscience.org\/fr\/themes\/agriculture-naturelle\/oiseaux\/","url":"https:\/\/www.naturalscience.org\/fr\/themes\/agriculture-naturelle\/oiseaux\/","name":"Oiseaux - The World Foundation for Natural Science","isPartOf":{"@id":"https:\/\/www.naturalscience.org\/#website"},"primaryImageOfPage":{"@id":"https:\/\/www.naturalscience.org\/fr\/themes\/agriculture-naturelle\/oiseaux\/#primaryimage"},"image":{"@id":"https:\/\/www.naturalscience.org\/fr\/themes\/agriculture-naturelle\/oiseaux\/#primaryimage"},"thumbnailUrl":"https:\/\/www.naturalscience.org\/wp-content\/uploads\/2023\/01\/iStock-9646110701.8MB-300x208.jpg","datePublished":"2015-11-10T16:52:49+00:00","dateModified":"2023-01-11T08:24:51+00:00","breadcrumb":{"@id":"https:\/\/www.naturalscience.org\/fr\/themes\/agriculture-naturelle\/oiseaux\/#breadcrumb"},"inLanguage":"fr-FR","potentialAction":[{"@type":"ReadAction","target":["https:\/\/www.naturalscience.org\/fr\/themes\/agriculture-naturelle\/oiseaux\/"]}]},{"@type":"ImageObject","inLanguage":"fr-FR","@id":"https:\/\/www.naturalscience.org\/fr\/themes\/agriculture-naturelle\/oiseaux\/#primaryimage","url":"https:\/\/www.naturalscience.org\/wp-content\/uploads\/2023\/01\/iStock-9646110701.8MB-300x208.jpg","contentUrl":"https:\/\/www.naturalscience.org\/wp-content\/uploads\/2023\/01\/iStock-9646110701.8MB-300x208.jpg"},{"@type":"BreadcrumbList","@id":"https:\/\/www.naturalscience.org\/fr\/themes\/agriculture-naturelle\/oiseaux\/#breadcrumb","itemListElement":[{"@type":"ListItem","position":1,"name":"Home","item":"https:\/\/www.naturalscience.org\/fr\/"},{"@type":"ListItem","position":2,"name":"Th\u00e8mes","item":"https:\/\/www.naturalscience.org\/fr\/themes\/"},{"@type":"ListItem","position":3,"name":"Agriculture naturelle","item":"https:\/\/www.naturalscience.org\/fr\/themes\/agriculture-naturelle\/"},{"@type":"ListItem","position":4,"name":"Oiseaux"}]},{"@type":"WebSite","@id":"https:\/\/www.naturalscience.org\/#website","url":"https:\/\/www.naturalscience.org\/","name":"The World Foundation for Natural Science","description":"Restoring and Healing the World through Responsibility and Commitment in accord with Natural and Divine Law!","potentialAction":[{"@type":"SearchAction","target":{"@type":"EntryPoint","urlTemplate":"https:\/\/www.naturalscience.org\/?s={search_term_string}"},"query-input":{"@type":"PropertyValueSpecification","valueRequired":true,"valueName":"search_term_string"}}],"inLanguage":"fr-FR"}]}},"_links":{"self":[{"href":"https:\/\/www.naturalscience.org\/fr\/wp-json\/wp\/v2\/pages\/16592","targetHints":{"allow":["GET"]}}],"collection":[{"href":"https:\/\/www.naturalscience.org\/fr\/wp-json\/wp\/v2\/pages"}],"about":[{"href":"https:\/\/www.naturalscience.org\/fr\/wp-json\/wp\/v2\/types\/page"}],"author":[{"embeddable":true,"href":"https:\/\/www.naturalscience.org\/fr\/wp-json\/wp\/v2\/users\/9"}],"replies":[{"embeddable":true,"href":"https:\/\/www.naturalscience.org\/fr\/wp-json\/wp\/v2\/comments?post=16592"}],"version-history":[{"count":9,"href":"https:\/\/www.naturalscience.org\/fr\/wp-json\/wp\/v2\/pages\/16592\/revisions"}],"predecessor-version":[{"id":38665,"href":"https:\/\/www.naturalscience.org\/fr\/wp-json\/wp\/v2\/pages\/16592\/revisions\/38665"}],"up":[{"embeddable":true,"href":"https:\/\/www.naturalscience.org\/fr\/wp-json\/wp\/v2\/pages\/16588"}],"wp:attachment":[{"href":"https:\/\/www.naturalscience.org\/fr\/wp-json\/wp\/v2\/media?parent=16592"}],"wp:term":[{"taxonomy":"category","embeddable":true,"href":"https:\/\/www.naturalscience.org\/fr\/wp-json\/wp\/v2\/categories?post=16592"}],"curies":[{"name":"wp","href":"https:\/\/api.w.org\/{rel}","templated":true}]}}