{"id":16591,"date":"2015-11-10T17:52:43","date_gmt":"2015-11-10T16:52:43","guid":{"rendered":"http:\/\/www.naturalscience.org\/?page_id=16591"},"modified":"2023-01-19T13:52:50","modified_gmt":"2023-01-19T12:52:50","slug":"abeilles","status":"publish","type":"page","link":"https:\/\/www.naturalscience.org\/fr\/themes\/agriculture-naturelle\/abeilles\/","title":{"rendered":"Abeilles"},"content":{"rendered":"<p>Depuis quelques ann\u00e9es, on d\u00e9nonce \u00e0 travers le monde un ph\u00e9nom\u00e8ne jusqu&rsquo;alors inconnu&nbsp;: la disparition des abeilles. En Am\u00e9rique, les pertes peuvent atteindre de 30 \u00e0 70&nbsp;% des colonies en fonction des \u00c9tats. Des observations similaires ont \u00e9t\u00e9 enregistr\u00e9es en Espagne, Pologne, Suisse, Allemagne, Inde, Nouvelle Z\u00e9lande ainsi que dans d\u2019autres pays industrialis\u00e9s. Les abeilles ne retournent tout simplement plus \u00e0 leurs ruches et disparaissent sans laisser de traces.<\/p>\n<p><img loading=\"lazy\" decoding=\"async\" class=\"alignleft wp-image-38855 size-medium\" src=\"https:\/\/www.naturalscience.org\/wp-content\/uploads\/2023\/01\/AdobeStock_121704191-300x200.jpeg\" alt=\"\" width=\"300\" height=\"200\" srcset=\"https:\/\/www.naturalscience.org\/wp-content\/uploads\/2023\/01\/AdobeStock_121704191-300x200.jpeg 300w, https:\/\/www.naturalscience.org\/wp-content\/uploads\/2023\/01\/AdobeStock_121704191-1024x683.jpeg 1024w, https:\/\/www.naturalscience.org\/wp-content\/uploads\/2023\/01\/AdobeStock_121704191-768x512.jpeg 768w, https:\/\/www.naturalscience.org\/wp-content\/uploads\/2023\/01\/AdobeStock_121704191-1536x1025.jpeg 1536w, https:\/\/www.naturalscience.org\/wp-content\/uploads\/2023\/01\/AdobeStock_121704191-164x109.jpeg 164w, https:\/\/www.naturalscience.org\/wp-content\/uploads\/2023\/01\/AdobeStock_121704191-400x267.jpeg 400w, https:\/\/www.naturalscience.org\/wp-content\/uploads\/2023\/01\/AdobeStock_121704191-500x334.jpeg 500w, https:\/\/www.naturalscience.org\/wp-content\/uploads\/2023\/01\/AdobeStock_121704191.jpeg 2000w\" sizes=\"auto, (max-width: 300px) 100vw, 300px\" \/><\/p>\n<p>Cette disparition soudaine (connue sous le nom du syndrome d\u2019effondrement des colonies d\u2019abeilles &laquo;&nbsp;Colony Collapse Disorder&nbsp;&raquo; ou CCD) ne peut s\u2019expliquer de fa\u00e7on pertinente par aucun facteur d\u2019influence jusqu\u2019ici connu tels que les monocultures intensives, les pesticides, les semences trait\u00e9es ou manipul\u00e9es g\u00e9n\u00e9tiquement, les maladies ou les parasites comme le varroa.<\/p>\n<p><strong>Cependant, diverses \u00e9tudes scientifiques d\u00e9montrent le rapport direct entre la disparition myst\u00e9rieuse des colonies d\u2019abeilles et les radiations propag\u00e9es par les t\u00e9l\u00e9phones portables qui perturbent le champ magn\u00e9tique terrestre, que les abeilles et autres esp\u00e8ces animales utilisent pour s\u2019orienter.<\/strong> L\u2019omnipr\u00e9sence des ondes \u00e9lectromagn\u00e9tiques des t\u00e9l\u00e9phones portables affaiblit le syst\u00e8me immunitaire des abeilles \u2013 tout comme celui des hommes &#8211; ce qui le rend plus vuln\u00e9rable au varroa, aux virus et \u00e0 toute autre influence environnementale, en particulier les influences non naturelles telles que les pesticides et <a href=\"https:\/\/www.naturalscience.org\/fr\/themes\/agriculture-naturelle\/organismes-genetiquement-modifies-ogm\/\">les plantes g\u00e9n\u00e9tiquement modifi\u00e9es<\/a>.<br \/>\n<a href=\"https:\/\/www.naturalscience.org\/wp-content\/uploads\/2014\/04\/Bienen-2.jpg\"><img loading=\"lazy\" decoding=\"async\" class=\"alignright wp-image-9985\" src=\"https:\/\/www.naturalscience.org\/wp-content\/uploads\/2014\/04\/Bienen-2-300x200.jpg\" alt=\"Abeilles\" width=\"161\" height=\"107\" srcset=\"https:\/\/www.naturalscience.org\/wp-content\/uploads\/2014\/04\/Bienen-2-300x200.jpg 300w, https:\/\/www.naturalscience.org\/wp-content\/uploads\/2014\/04\/Bienen-2-1024x682.jpg 1024w, https:\/\/www.naturalscience.org\/wp-content\/uploads\/2014\/04\/Bienen-2-200x133.jpg 200w, https:\/\/www.naturalscience.org\/wp-content\/uploads\/2014\/04\/Bienen-2-164x109.jpg 164w, https:\/\/www.naturalscience.org\/wp-content\/uploads\/2014\/04\/Bienen-2.jpg 1280w\" sizes=\"auto, (max-width: 161px) 100vw, 161px\" \/><\/a><\/p>\n<p><strong>La disparition des abeilles menace fortement les bases de l\u2019approvisionnement de l\u2019esp\u00e8ce humaine&nbsp;;<\/strong> en effet, environ un tiers de l\u2019alimention mondiale et presque 90&nbsp;% des arbres fruitiers r\u00e9gionaux d\u00e9pendent de la pollinisation par les abeilles et d\u2019autres insectes pollinisateurs.<\/p>\n<div class=\"content-box green-1 width-100\">\n<div class=\"content-box-title\">Conseils pratiques pour la pr\u00e9servation des abeilles&nbsp;:<\/div>\n<div class=\"content-box-body\">\n<ul>\n<li>N\u2019utilisez pas de pesticides dans votre jardin.<\/li>\n<li>Plantez dans votre jardin des esp\u00e8ces v\u00e9g\u00e9tales locales pollinis\u00e9es par les insectes et veillez \u00e0 une floraison permanente du printemps \u00e0 l\u2019automne.<\/li>\n<li>R\u00e9duisez votre utilisation des nouvelles technologies&#8230; <span class=\"more\" style=\"line-height: 1.5;\"><i class=\"fa fa-angle-right \" ><\/i> <a href=\"https:\/\/www.naturalscience.org\/fr\/themes\/agriculture-naturelle\/abeilles\/ce-que-vous-devriez-faire-pour-les-abeilles\/\">plus<\/a><\/span><\/li>\n<\/ul>\n<\/div>\n<\/div>\n<p><a href=\"https:\/\/www.naturalscience.org\/wp-content\/uploads\/2014\/04\/Bienen-1.jpg\"><img loading=\"lazy\" decoding=\"async\" class=\"alignleft wp-image-9982 size-medium\" src=\"https:\/\/www.naturalscience.org\/wp-content\/uploads\/2014\/04\/Bienen-1-300x199.jpg\" alt=\"Lukas Dossenbach montrant ses ruches lors d\u2019une visite guid\u00e9e.\" width=\"300\" height=\"199\" srcset=\"https:\/\/www.naturalscience.org\/wp-content\/uploads\/2014\/04\/Bienen-1-300x199.jpg 300w, https:\/\/www.naturalscience.org\/wp-content\/uploads\/2014\/04\/Bienen-1-1024x680.jpg 1024w, https:\/\/www.naturalscience.org\/wp-content\/uploads\/2014\/04\/Bienen-1-200x133.jpg 200w, https:\/\/www.naturalscience.org\/wp-content\/uploads\/2014\/04\/Bienen-1-164x109.jpg 164w\" sizes=\"auto, (max-width: 300px) 100vw, 300px\" \/><\/a><\/p>\n<p>Lisez notre documentation ou rendez vous \u00e0 l\u2019une de nos manifestations o\u00f9 vous y apprendrez comment aider les abeilles dans leur service irrempla\u00e7able. Nos intervenants se feront le plaisir de donner une conf\u00e9rence dans votre r\u00e9gion ou aupr\u00e8s de votre association d\u2019apiculteurs.&nbsp;<\/p>\n<p>&nbsp;<\/p>\n<p>&nbsp;<\/p>\n<p>&nbsp;<\/p>\n<p>&nbsp;<\/p>\n\n\n","protected":false},"excerpt":{"rendered":"Depuis quelques ann\u00e9es, on d\u00e9nonce \u00e0 travers le monde un ph\u00e9nom\u00e8ne jusqu&rsquo;alors inconnu&nbsp;: la disparition des abeilles. En Am\u00e9rique, les pertes peuvent atteindre de 30 \u00e0 70&nbsp;% des colonies en fonction des \u00c9tats. Des observations similaires ont \u00e9t\u00e9 enregistr\u00e9es en Espagne, Pologne, Suisse, Allemagne, Inde, Nouvelle Z\u00e9lande ainsi que dans d\u2019autres pays industrialis\u00e9s. Les abeilles [&hellip;]","protected":false},"author":9,"featured_media":0,"parent":16588,"menu_order":48,"comment_status":"closed","ping_status":"closed","template":"","meta":{"_acf_changed":false,"ngg_post_thumbnail":0,"footnotes":""},"categories":[215],"class_list":["post-16591","page","type-page","status-publish","hentry","category-abeilles","wpautop"],"acf":[],"yoast_head":"<!-- This site is optimized with the Yoast SEO plugin v27.4 - https:\/\/yoast.com\/product\/yoast-seo-wordpress\/ -->\n<title>Abeilles - The World Foundation for Natural Science<\/title>\n<meta name=\"robots\" content=\"index, follow, max-snippet:-1, max-image-preview:large, max-video-preview:-1\" \/>\n<link rel=\"canonical\" href=\"https:\/\/www.naturalscience.org\/fr\/themes\/agriculture-naturelle\/abeilles\/\" \/>\n<meta name=\"twitter:label1\" content=\"Dur\u00e9e de lecture estim\u00e9e\" \/>\n\t<meta name=\"twitter:data1\" content=\"3 minutes\" \/>\n<script type=\"application\/ld+json\" class=\"yoast-schema-graph\">{\"@context\":\"https:\\\/\\\/schema.org\",\"@graph\":[{\"@type\":\"WebPage\",\"@id\":\"https:\\\/\\\/www.naturalscience.org\\\/fr\\\/themes\\\/agriculture-naturelle\\\/abeilles\\\/\",\"url\":\"https:\\\/\\\/www.naturalscience.org\\\/fr\\\/themes\\\/agriculture-naturelle\\\/abeilles\\\/\",\"name\":\"Abeilles - The World Foundation for Natural Science\",\"isPartOf\":{\"@id\":\"https:\\\/\\\/www.naturalscience.org\\\/#website\"},\"primaryImageOfPage\":{\"@id\":\"https:\\\/\\\/www.naturalscience.org\\\/fr\\\/themes\\\/agriculture-naturelle\\\/abeilles\\\/#primaryimage\"},\"image\":{\"@id\":\"https:\\\/\\\/www.naturalscience.org\\\/fr\\\/themes\\\/agriculture-naturelle\\\/abeilles\\\/#primaryimage\"},\"thumbnailUrl\":\"https:\\\/\\\/www.naturalscience.org\\\/wp-content\\\/uploads\\\/2023\\\/01\\\/AdobeStock_121704191-300x200.jpeg\",\"datePublished\":\"2015-11-10T16:52:43+00:00\",\"dateModified\":\"2023-01-19T12:52:50+00:00\",\"breadcrumb\":{\"@id\":\"https:\\\/\\\/www.naturalscience.org\\\/fr\\\/themes\\\/agriculture-naturelle\\\/abeilles\\\/#breadcrumb\"},\"inLanguage\":\"fr-FR\",\"potentialAction\":[{\"@type\":\"ReadAction\",\"target\":[\"https:\\\/\\\/www.naturalscience.org\\\/fr\\\/themes\\\/agriculture-naturelle\\\/abeilles\\\/\"]}]},{\"@type\":\"ImageObject\",\"inLanguage\":\"fr-FR\",\"@id\":\"https:\\\/\\\/www.naturalscience.org\\\/fr\\\/themes\\\/agriculture-naturelle\\\/abeilles\\\/#primaryimage\",\"url\":\"https:\\\/\\\/www.naturalscience.org\\\/wp-content\\\/uploads\\\/2023\\\/01\\\/AdobeStock_121704191-300x200.jpeg\",\"contentUrl\":\"https:\\\/\\\/www.naturalscience.org\\\/wp-content\\\/uploads\\\/2023\\\/01\\\/AdobeStock_121704191-300x200.jpeg\"},{\"@type\":\"BreadcrumbList\",\"@id\":\"https:\\\/\\\/www.naturalscience.org\\\/fr\\\/themes\\\/agriculture-naturelle\\\/abeilles\\\/#breadcrumb\",\"itemListElement\":[{\"@type\":\"ListItem\",\"position\":1,\"name\":\"Home\",\"item\":\"https:\\\/\\\/www.naturalscience.org\\\/fr\\\/\"},{\"@type\":\"ListItem\",\"position\":2,\"name\":\"Th\u00e8mes\",\"item\":\"https:\\\/\\\/www.naturalscience.org\\\/fr\\\/themes\\\/\"},{\"@type\":\"ListItem\",\"position\":3,\"name\":\"Agriculture naturelle\",\"item\":\"https:\\\/\\\/www.naturalscience.org\\\/fr\\\/themes\\\/agriculture-naturelle\\\/\"},{\"@type\":\"ListItem\",\"position\":4,\"name\":\"Abeilles\"}]},{\"@type\":\"WebSite\",\"@id\":\"https:\\\/\\\/www.naturalscience.org\\\/#website\",\"url\":\"https:\\\/\\\/www.naturalscience.org\\\/\",\"name\":\"The World Foundation for Natural Science\",\"description\":\"Restoring and Healing the World through Responsibility and Commitment in accord with Natural and Divine Law!\",\"potentialAction\":[{\"@type\":\"SearchAction\",\"target\":{\"@type\":\"EntryPoint\",\"urlTemplate\":\"https:\\\/\\\/www.naturalscience.org\\\/?s={search_term_string}\"},\"query-input\":{\"@type\":\"PropertyValueSpecification\",\"valueRequired\":true,\"valueName\":\"search_term_string\"}}],\"inLanguage\":\"fr-FR\"}]}<\/script>\n<!-- \/ Yoast SEO plugin. -->","yoast_head_json":{"title":"Abeilles - The World Foundation for Natural Science","robots":{"index":"index","follow":"follow","max-snippet":"max-snippet:-1","max-image-preview":"max-image-preview:large","max-video-preview":"max-video-preview:-1"},"canonical":"https:\/\/www.naturalscience.org\/fr\/themes\/agriculture-naturelle\/abeilles\/","twitter_misc":{"Dur\u00e9e de lecture estim\u00e9e":"3 minutes"},"schema":{"@context":"https:\/\/schema.org","@graph":[{"@type":"WebPage","@id":"https:\/\/www.naturalscience.org\/fr\/themes\/agriculture-naturelle\/abeilles\/","url":"https:\/\/www.naturalscience.org\/fr\/themes\/agriculture-naturelle\/abeilles\/","name":"Abeilles - The World Foundation for Natural Science","isPartOf":{"@id":"https:\/\/www.naturalscience.org\/#website"},"primaryImageOfPage":{"@id":"https:\/\/www.naturalscience.org\/fr\/themes\/agriculture-naturelle\/abeilles\/#primaryimage"},"image":{"@id":"https:\/\/www.naturalscience.org\/fr\/themes\/agriculture-naturelle\/abeilles\/#primaryimage"},"thumbnailUrl":"https:\/\/www.naturalscience.org\/wp-content\/uploads\/2023\/01\/AdobeStock_121704191-300x200.jpeg","datePublished":"2015-11-10T16:52:43+00:00","dateModified":"2023-01-19T12:52:50+00:00","breadcrumb":{"@id":"https:\/\/www.naturalscience.org\/fr\/themes\/agriculture-naturelle\/abeilles\/#breadcrumb"},"inLanguage":"fr-FR","potentialAction":[{"@type":"ReadAction","target":["https:\/\/www.naturalscience.org\/fr\/themes\/agriculture-naturelle\/abeilles\/"]}]},{"@type":"ImageObject","inLanguage":"fr-FR","@id":"https:\/\/www.naturalscience.org\/fr\/themes\/agriculture-naturelle\/abeilles\/#primaryimage","url":"https:\/\/www.naturalscience.org\/wp-content\/uploads\/2023\/01\/AdobeStock_121704191-300x200.jpeg","contentUrl":"https:\/\/www.naturalscience.org\/wp-content\/uploads\/2023\/01\/AdobeStock_121704191-300x200.jpeg"},{"@type":"BreadcrumbList","@id":"https:\/\/www.naturalscience.org\/fr\/themes\/agriculture-naturelle\/abeilles\/#breadcrumb","itemListElement":[{"@type":"ListItem","position":1,"name":"Home","item":"https:\/\/www.naturalscience.org\/fr\/"},{"@type":"ListItem","position":2,"name":"Th\u00e8mes","item":"https:\/\/www.naturalscience.org\/fr\/themes\/"},{"@type":"ListItem","position":3,"name":"Agriculture naturelle","item":"https:\/\/www.naturalscience.org\/fr\/themes\/agriculture-naturelle\/"},{"@type":"ListItem","position":4,"name":"Abeilles"}]},{"@type":"WebSite","@id":"https:\/\/www.naturalscience.org\/#website","url":"https:\/\/www.naturalscience.org\/","name":"The World Foundation for Natural Science","description":"Restoring and Healing the World through Responsibility and Commitment in accord with Natural and Divine Law!","potentialAction":[{"@type":"SearchAction","target":{"@type":"EntryPoint","urlTemplate":"https:\/\/www.naturalscience.org\/?s={search_term_string}"},"query-input":{"@type":"PropertyValueSpecification","valueRequired":true,"valueName":"search_term_string"}}],"inLanguage":"fr-FR"}]}},"_links":{"self":[{"href":"https:\/\/www.naturalscience.org\/fr\/wp-json\/wp\/v2\/pages\/16591","targetHints":{"allow":["GET"]}}],"collection":[{"href":"https:\/\/www.naturalscience.org\/fr\/wp-json\/wp\/v2\/pages"}],"about":[{"href":"https:\/\/www.naturalscience.org\/fr\/wp-json\/wp\/v2\/types\/page"}],"author":[{"embeddable":true,"href":"https:\/\/www.naturalscience.org\/fr\/wp-json\/wp\/v2\/users\/9"}],"replies":[{"embeddable":true,"href":"https:\/\/www.naturalscience.org\/fr\/wp-json\/wp\/v2\/comments?post=16591"}],"version-history":[{"count":15,"href":"https:\/\/www.naturalscience.org\/fr\/wp-json\/wp\/v2\/pages\/16591\/revisions"}],"predecessor-version":[{"id":38858,"href":"https:\/\/www.naturalscience.org\/fr\/wp-json\/wp\/v2\/pages\/16591\/revisions\/38858"}],"up":[{"embeddable":true,"href":"https:\/\/www.naturalscience.org\/fr\/wp-json\/wp\/v2\/pages\/16588"}],"wp:attachment":[{"href":"https:\/\/www.naturalscience.org\/fr\/wp-json\/wp\/v2\/media?parent=16591"}],"wp:term":[{"taxonomy":"category","embeddable":true,"href":"https:\/\/www.naturalscience.org\/fr\/wp-json\/wp\/v2\/categories?post=16591"}],"curies":[{"name":"wp","href":"https:\/\/api.w.org\/{rel}","templated":true}]}}