{"id":16589,"date":"2015-11-10T17:52:33","date_gmt":"2015-11-10T16:52:33","guid":{"rendered":"http:\/\/www.naturalscience.org\/?page_id=16589"},"modified":"2018-02-09T15:17:12","modified_gmt":"2018-02-09T14:17:12","slug":"sol","status":"publish","type":"page","link":"https:\/\/www.naturalscience.org\/fr\/themes\/agriculture-naturelle\/sol\/","title":{"rendered":"Sol"},"content":{"rendered":"<p>Un sol bon et sain est plein de vie. Cette vitalit\u00e9, il peut la passer \u00e0 tout ce qui pousse sur lui. <strong>Un sol sain est le fondement pour une vie saine, une plan\u00e8te saine et des personnes en bonne sant\u00e9.<\/strong> Toute exploitation agricole doit consid\u00e9rer la fragile coexistence de milliards de petites cr\u00e9atures et micro-organismes se trouvant dans le sol. Sinon la puissance vitale dispara\u00eet et les maladies et soi-disant parasites arrivent.<\/p>\n<div id=\"attachment_10612\" style=\"width: 300px\" class=\"wp-caption alignright\"><a href=\"https:\/\/www.naturalscience.org\/wp-content\/uploads\/2014\/12\/iStock_000011782223_Large.jpg\"><img loading=\"lazy\" decoding=\"async\" aria-describedby=\"caption-attachment-10612\" class=\"wp-image-10612 size-medium\" src=\"https:\/\/www.naturalscience.org\/wp-content\/uploads\/2014\/12\/iStock_000011782223_Large-300x198.jpg\" alt=\"Un sol sain produit des fruits sains.\" width=\"300\" height=\"198\" srcset=\"https:\/\/www.naturalscience.org\/wp-content\/uploads\/2014\/12\/iStock_000011782223_Large-300x198.jpg 300w, https:\/\/www.naturalscience.org\/wp-content\/uploads\/2014\/12\/iStock_000011782223_Large-1024x675.jpg 1024w, https:\/\/www.naturalscience.org\/wp-content\/uploads\/2014\/12\/iStock_000011782223_Large-164x108.jpg 164w\" sizes=\"auto, (max-width: 300px) 100vw, 300px\" \/><\/a><p id=\"caption-attachment-10612\" class=\"wp-caption-text\">Un sol sain produit des fruits sains.<\/p><\/div>\n<p>Cependant, si les sols sont exploit\u00e9s et cultiv\u00e9s avec pr\u00e9caution et si ces sols sont situ\u00e9s dans un environnement riche en paysages et biodiversit\u00e9, alors ils apporteront aux hommes et animaux tout ce dont ceux-ci ont besoin.<\/p>\n<p>Dans la plupart des cas, les gens ne sont pas conscients de la relation entre le sol et notre nourriture, l\u2019eau. le climat, la biodiversit\u00e9 et la vie en g\u00e9n\u00e9ral. C\u2019est la raison pour laquelle des sols sains et une agriculture naturelle ont toujours \u00e9t\u00e9 des th\u00e8mes principaux de The World Foundation for Natural Science et de ses activit\u00e9s p\u00e9dagogiques. Il a \u00e9t\u00e9 \u00e9galement reconnu au niveau international que le sol et la vie dans le sol sont&nbsp;\u00ab&nbsp;d\u2019une importance cruciale pour la production alimentaire mondiale&nbsp;\u00bb (Jos\u00e9 Graziano da Silva, Directeur FAO,4.12.2014, World Soil Day, Rome) et ainsi pour notre survie. Afin d\u2019accentuer cette sensibilisation, l\u2019Organisation des Nations Unies pour l\u2019alimentation et l\u2019agriculture (FAO) a d\u00e9clar\u00e9 2015 l\u2019Ann\u00e9e internationale des sols. \u00c0 cette occasion, The World Foundation for Natural Science a \u00e9dit\u00e9 une fiche d\u2019informations qui montre comment la vie dans le sol est reli\u00e9e et nous donne des conseils pour un bon traitement de nos sols. \u00c0 ce sujet,\u00a0 nous vous recommandons le film&nbsp;\u00ab&nbsp;Symphony of the Soil&nbsp;\u00bb , r\u00e9alis\u00e9 en 2014, qui fut partie officielle de l\u2019Ann\u00e9e internationale des sols, r\u00e9solution des Nations Unies. Regardez la bande-annonce de ce film grandiose ci-dessous.<\/p>\n<p>&nbsp;<\/p>\n<p><iframe loading=\"lazy\" src=\"https:\/\/www.youtube-nocookie.com\/embed\/K5QYZ-LRXW4?rel=0\" width=\"640\" height=\"360\" frameborder=\"0\" allowfullscreen=\"allowfullscreen\"><\/iframe><\/p>\n\n            <div class=\"publication-list hide-for-print\">\r\n                <div class=\"row\">\r\n                    <div class=\"small-24 columns \">\r\n                        <div class=\"title\">Publications<\/div>\r\n\r\n\t\t\t\t\t\t\t\t\t\t\t\t\t\r\n\r\n<article class=\"row collapse all publication-item sol forets agriculture-naturelle oceans-fr   wfns\">\r\n\r\n\t<div class=\"cover medium-7 columns\">\r\n\t\t<a href=\"https:\/\/www.naturalscience.org\/fr\/publications\/promesse-a-terre-mere\/\">\r\n\t\t\t<img loading=\"lazy\" decoding=\"async\" src=\"https:\/\/www.naturalscience.org\/wp-content\/uploads\/2016\/04\/Pledge-to-Mother-Earth_FR_cover-212x300.jpg\" width=\"212\" height=\"300\">\t\t<\/a>\r\n\t<\/div>\r\n\r\n\t<div class=\"text medium-17 columns\">\r\n\r\n\t\t<div class=\"type\">\r\n\t\t\t\t\t<\/div>\r\n\r\n\t\t<div class=\"name\">\r\n\t\t\t<a href=\"https:\/\/www.naturalscience.org\/fr\/publications\/promesse-a-terre-mere\/\">Promesse \u00e0 Terre M\u00e8re<\/a>\r\n\t\t<\/div>\r\n\r\n\t\t<p class=\"description\">\r\n\t\t\t\t\t<\/p>\r\n\r\n\t\t<div class=\"buttons\">\r\n\t\t\t<div class=\"row collapse\">\r\n\t\t\t\t\t\t\t\t\t\t<div class=\"small-24 medium-8 columns\">\r\n\t\t\t\t\t\t\t<a href=\"https:\/\/www.naturalscience.org\/wp-content\/uploads\/2016\/04\/Pledge-to-Mother-Earth_FR.pdf\" class=\"button radius primary small\" target=\"_blank\">\r\n\t\t\t\t\t\t\t\t<i class=\"fa fa-download\"><\/i>&nbsp;&nbsp;T\u00e9l\u00e9charger\t\t\t\t\t\t\t<\/a>\r\n\t\t\t\t\t\t<\/div>\r\n\t\t\t\t\t\r\n\t\t\t\t\t\t\t\t\t\t<div class=\"small-24 medium-16 columns\">\r\n\t\t\t\t\t\t<i class=\"fa fa-angle-right\"><\/i>\r\n\t\t\t\t\t\t<a href=\"https:\/\/www.naturalscience.org\/fr\/publications\/promesse-a-terre-mere\/\" class=\"further-information\">\r\n\t\t\t\t\t\t\tAutres informations & Langues\t\t\t\t\t\t<\/a>\r\n\t\t\t\t\t<\/div>\r\n\t\t\t\t\r\n\t\t\t\t\r\n\r\n\t\t\t<\/div>\r\n\t\t<\/div>\r\n\r\n\t<\/div>\r\n<\/article>\t\t\t\t\t\t\t\t\t\t\t\t\r\n                    <\/div>\r\n                <\/div>\r\n            <\/div>\r\n\r\n\t\t\t\n","protected":false},"excerpt":{"rendered":"","protected":false},"author":9,"featured_media":0,"parent":16588,"menu_order":45,"comment_status":"closed","ping_status":"closed","template":"","meta":{"_acf_changed":false,"ngg_post_thumbnail":0,"footnotes":""},"categories":[213],"class_list":["post-16589","page","type-page","status-publish","hentry","category-sol","wpautop"],"acf":[],"yoast_head":"<!-- This site is optimized with the Yoast SEO plugin v27.6 - https:\/\/yoast.com\/product\/yoast-seo-wordpress\/ -->\n<title>Sol - The World Foundation for Natural Science<\/title>\n<meta name=\"robots\" content=\"index, follow, max-snippet:-1, max-image-preview:large, max-video-preview:-1\" \/>\n<link rel=\"canonical\" href=\"https:\/\/www.naturalscience.org\/fr\/themes\/agriculture-naturelle\/sol\/\" \/>\n<meta name=\"twitter:label1\" content=\"Dur\u00e9e de lecture estim\u00e9e\" \/>\n\t<meta name=\"twitter:data1\" content=\"2 minutes\" \/>\n<script type=\"application\/ld+json\" class=\"yoast-schema-graph\">{\"@context\":\"https:\\\/\\\/schema.org\",\"@graph\":[{\"@type\":\"WebPage\",\"@id\":\"https:\\\/\\\/www.naturalscience.org\\\/fr\\\/themes\\\/agriculture-naturelle\\\/sol\\\/\",\"url\":\"https:\\\/\\\/www.naturalscience.org\\\/fr\\\/themes\\\/agriculture-naturelle\\\/sol\\\/\",\"name\":\"Sol - The World Foundation for Natural Science\",\"isPartOf\":{\"@id\":\"https:\\\/\\\/www.naturalscience.org\\\/#website\"},\"primaryImageOfPage\":{\"@id\":\"https:\\\/\\\/www.naturalscience.org\\\/fr\\\/themes\\\/agriculture-naturelle\\\/sol\\\/#primaryimage\"},\"image\":{\"@id\":\"https:\\\/\\\/www.naturalscience.org\\\/fr\\\/themes\\\/agriculture-naturelle\\\/sol\\\/#primaryimage\"},\"thumbnailUrl\":\"https:\\\/\\\/www.naturalscience.org\\\/wp-content\\\/uploads\\\/2014\\\/12\\\/iStock_000011782223_Large-300x198.jpg\",\"datePublished\":\"2015-11-10T16:52:33+00:00\",\"dateModified\":\"2018-02-09T14:17:12+00:00\",\"breadcrumb\":{\"@id\":\"https:\\\/\\\/www.naturalscience.org\\\/fr\\\/themes\\\/agriculture-naturelle\\\/sol\\\/#breadcrumb\"},\"inLanguage\":\"fr-FR\",\"potentialAction\":[{\"@type\":\"ReadAction\",\"target\":[\"https:\\\/\\\/www.naturalscience.org\\\/fr\\\/themes\\\/agriculture-naturelle\\\/sol\\\/\"]}]},{\"@type\":\"ImageObject\",\"inLanguage\":\"fr-FR\",\"@id\":\"https:\\\/\\\/www.naturalscience.org\\\/fr\\\/themes\\\/agriculture-naturelle\\\/sol\\\/#primaryimage\",\"url\":\"https:\\\/\\\/www.naturalscience.org\\\/wp-content\\\/uploads\\\/2014\\\/12\\\/iStock_000011782223_Large-300x198.jpg\",\"contentUrl\":\"https:\\\/\\\/www.naturalscience.org\\\/wp-content\\\/uploads\\\/2014\\\/12\\\/iStock_000011782223_Large-300x198.jpg\"},{\"@type\":\"BreadcrumbList\",\"@id\":\"https:\\\/\\\/www.naturalscience.org\\\/fr\\\/themes\\\/agriculture-naturelle\\\/sol\\\/#breadcrumb\",\"itemListElement\":[{\"@type\":\"ListItem\",\"position\":1,\"name\":\"Home\",\"item\":\"https:\\\/\\\/www.naturalscience.org\\\/fr\\\/\"},{\"@type\":\"ListItem\",\"position\":2,\"name\":\"Th\u00e8mes\",\"item\":\"https:\\\/\\\/www.naturalscience.org\\\/fr\\\/themes\\\/\"},{\"@type\":\"ListItem\",\"position\":3,\"name\":\"Agriculture naturelle\",\"item\":\"https:\\\/\\\/www.naturalscience.org\\\/fr\\\/themes\\\/agriculture-naturelle\\\/\"},{\"@type\":\"ListItem\",\"position\":4,\"name\":\"Sol\"}]},{\"@type\":\"WebSite\",\"@id\":\"https:\\\/\\\/www.naturalscience.org\\\/#website\",\"url\":\"https:\\\/\\\/www.naturalscience.org\\\/\",\"name\":\"The World Foundation for Natural Science\",\"description\":\"Restoring and Healing the World through Responsibility and Commitment in accord with Natural and Divine Law!\",\"potentialAction\":[{\"@type\":\"SearchAction\",\"target\":{\"@type\":\"EntryPoint\",\"urlTemplate\":\"https:\\\/\\\/www.naturalscience.org\\\/?s={search_term_string}\"},\"query-input\":{\"@type\":\"PropertyValueSpecification\",\"valueRequired\":true,\"valueName\":\"search_term_string\"}}],\"inLanguage\":\"fr-FR\"}]}<\/script>\n<!-- \/ Yoast SEO plugin. -->","yoast_head_json":{"title":"Sol - The World Foundation for Natural Science","robots":{"index":"index","follow":"follow","max-snippet":"max-snippet:-1","max-image-preview":"max-image-preview:large","max-video-preview":"max-video-preview:-1"},"canonical":"https:\/\/www.naturalscience.org\/fr\/themes\/agriculture-naturelle\/sol\/","twitter_misc":{"Dur\u00e9e de lecture estim\u00e9e":"2 minutes"},"schema":{"@context":"https:\/\/schema.org","@graph":[{"@type":"WebPage","@id":"https:\/\/www.naturalscience.org\/fr\/themes\/agriculture-naturelle\/sol\/","url":"https:\/\/www.naturalscience.org\/fr\/themes\/agriculture-naturelle\/sol\/","name":"Sol - The World Foundation for Natural Science","isPartOf":{"@id":"https:\/\/www.naturalscience.org\/#website"},"primaryImageOfPage":{"@id":"https:\/\/www.naturalscience.org\/fr\/themes\/agriculture-naturelle\/sol\/#primaryimage"},"image":{"@id":"https:\/\/www.naturalscience.org\/fr\/themes\/agriculture-naturelle\/sol\/#primaryimage"},"thumbnailUrl":"https:\/\/www.naturalscience.org\/wp-content\/uploads\/2014\/12\/iStock_000011782223_Large-300x198.jpg","datePublished":"2015-11-10T16:52:33+00:00","dateModified":"2018-02-09T14:17:12+00:00","breadcrumb":{"@id":"https:\/\/www.naturalscience.org\/fr\/themes\/agriculture-naturelle\/sol\/#breadcrumb"},"inLanguage":"fr-FR","potentialAction":[{"@type":"ReadAction","target":["https:\/\/www.naturalscience.org\/fr\/themes\/agriculture-naturelle\/sol\/"]}]},{"@type":"ImageObject","inLanguage":"fr-FR","@id":"https:\/\/www.naturalscience.org\/fr\/themes\/agriculture-naturelle\/sol\/#primaryimage","url":"https:\/\/www.naturalscience.org\/wp-content\/uploads\/2014\/12\/iStock_000011782223_Large-300x198.jpg","contentUrl":"https:\/\/www.naturalscience.org\/wp-content\/uploads\/2014\/12\/iStock_000011782223_Large-300x198.jpg"},{"@type":"BreadcrumbList","@id":"https:\/\/www.naturalscience.org\/fr\/themes\/agriculture-naturelle\/sol\/#breadcrumb","itemListElement":[{"@type":"ListItem","position":1,"name":"Home","item":"https:\/\/www.naturalscience.org\/fr\/"},{"@type":"ListItem","position":2,"name":"Th\u00e8mes","item":"https:\/\/www.naturalscience.org\/fr\/themes\/"},{"@type":"ListItem","position":3,"name":"Agriculture naturelle","item":"https:\/\/www.naturalscience.org\/fr\/themes\/agriculture-naturelle\/"},{"@type":"ListItem","position":4,"name":"Sol"}]},{"@type":"WebSite","@id":"https:\/\/www.naturalscience.org\/#website","url":"https:\/\/www.naturalscience.org\/","name":"The World Foundation for Natural Science","description":"Restoring and Healing the World through Responsibility and Commitment in accord with Natural and Divine Law!","potentialAction":[{"@type":"SearchAction","target":{"@type":"EntryPoint","urlTemplate":"https:\/\/www.naturalscience.org\/?s={search_term_string}"},"query-input":{"@type":"PropertyValueSpecification","valueRequired":true,"valueName":"search_term_string"}}],"inLanguage":"fr-FR"}]}},"_links":{"self":[{"href":"https:\/\/www.naturalscience.org\/fr\/wp-json\/wp\/v2\/pages\/16589","targetHints":{"allow":["GET"]}}],"collection":[{"href":"https:\/\/www.naturalscience.org\/fr\/wp-json\/wp\/v2\/pages"}],"about":[{"href":"https:\/\/www.naturalscience.org\/fr\/wp-json\/wp\/v2\/types\/page"}],"author":[{"embeddable":true,"href":"https:\/\/www.naturalscience.org\/fr\/wp-json\/wp\/v2\/users\/9"}],"replies":[{"embeddable":true,"href":"https:\/\/www.naturalscience.org\/fr\/wp-json\/wp\/v2\/comments?post=16589"}],"version-history":[{"count":10,"href":"https:\/\/www.naturalscience.org\/fr\/wp-json\/wp\/v2\/pages\/16589\/revisions"}],"predecessor-version":[{"id":26810,"href":"https:\/\/www.naturalscience.org\/fr\/wp-json\/wp\/v2\/pages\/16589\/revisions\/26810"}],"up":[{"embeddable":true,"href":"https:\/\/www.naturalscience.org\/fr\/wp-json\/wp\/v2\/pages\/16588"}],"wp:attachment":[{"href":"https:\/\/www.naturalscience.org\/fr\/wp-json\/wp\/v2\/media?parent=16589"}],"wp:term":[{"taxonomy":"category","embeddable":true,"href":"https:\/\/www.naturalscience.org\/fr\/wp-json\/wp\/v2\/categories?post=16589"}],"curies":[{"name":"wp","href":"https:\/\/api.w.org\/{rel}","templated":true}]}}