{"id":16575,"date":"2015-11-10T17:50:33","date_gmt":"2015-11-10T16:50:33","guid":{"rendered":"http:\/\/www.naturalscience.org\/?page_id=16575"},"modified":"2022-12-30T11:53:10","modified_gmt":"2022-12-30T10:53:10","slug":"appareils-de-communication-mobile","status":"publish","type":"page","link":"https:\/\/www.naturalscience.org\/fr\/themes\/micro-ondes-communications-mobiles\/appareils-de-communication-mobile\/","title":{"rendered":"Appareils de communication mobile"},"content":{"rendered":"<p>Tout appareil communiquant par signal radio \u00e9met des rayonnements \u00e9lectromagn\u00e9tiques et nuit \u00e0 la sant\u00e9 de toutes les cr\u00e9atures et de la Nature.<\/p>\n<h2>Wi-Fi<\/h2>\n<p><img loading=\"lazy\" decoding=\"async\" class=\"wp-image-38434 size-medium alignright\" src=\"https:\/\/www.naturalscience.org\/wp-content\/uploads\/2022\/12\/AdobeStock_248319517-300x200.jpg\" alt=\"\" width=\"300\" height=\"200\" srcset=\"https:\/\/www.naturalscience.org\/wp-content\/uploads\/2022\/12\/AdobeStock_248319517-300x200.jpg 300w, https:\/\/www.naturalscience.org\/wp-content\/uploads\/2022\/12\/AdobeStock_248319517-768x512.jpg 768w, https:\/\/www.naturalscience.org\/wp-content\/uploads\/2022\/12\/AdobeStock_248319517-164x109.jpg 164w, https:\/\/www.naturalscience.org\/wp-content\/uploads\/2022\/12\/AdobeStock_248319517-400x267.jpg 400w, https:\/\/www.naturalscience.org\/wp-content\/uploads\/2022\/12\/AdobeStock_248319517-500x334.jpg 500w, https:\/\/www.naturalscience.org\/wp-content\/uploads\/2022\/12\/AdobeStock_248319517.jpg 1000w\" sizes=\"auto, (max-width: 300px) 100vw, 300px\" \/><\/p>\n<p>M\u00eame si le Wi-Fi \u00e9met \u00e0 une puissance moindre que celle des <a href=\"https:\/\/www.naturalscience.org\/fr\/themes\/micro-ondes-communications-mobiles\/\">t\u00e9l\u00e9phones portables<\/a>, son impact sur la sant\u00e9 n\u2019est pas n\u00e9gligeable. <strong>De plus en plus d\u2019enfants sont expos\u00e9s \u00e0 un signal ondulatoire permanent \u00e0 l\u2019\u00e9cole et \u00e9galement chez eux, ce qui d\u00e9range la communication entre les organes.<\/strong> C\u2019est pour cette raison que les enfants ont souvent des difficult\u00e9s de concentration \u00e0 l\u2019\u00e9cole, ont du mal \u00e0 trouver le sommeil et sont souvent malades.<\/p>\n<p>De plus en plus d\u2019appareils \u00e9lectroniques sont \u00e9quip\u00e9s avec un \u00e9metteur Wi-Fi. Tous ceux-ci \u00e9mettent de fa\u00e7on permanente et contribuent consid\u00e9rablement \u00e0 la pollution \u00e9lectromagn\u00e9tique.<\/p>\n<h2>Tablettes<\/h2>\n<p>Les tablettes sont en soi une invention pratique et offrent beaucoup de possibilit\u00e9s d\u2019applications, ce qui les rend tr\u00e8s populaires. De m\u00eame, les maisons d\u2019\u00e9dition de manuels et supports scolaires font la promotion intense d\u2019une introduction des ordinateurs-tablettes dans les cours. <strong>Cependant les tablettes pr\u00e9sentent un inconv\u00e9nient de poids. Elles ne fonctionnent qu\u2019avec le Wi-Fi puisqu\u2019elles ne sont pas \u00e9quip\u00e9es de connexion par c\u00e2bles.<\/strong> Comme expliqu\u00e9 ci-dessus, les appareils Wi-Fi envoient toujours un signal ondulatoire, qui d\u00e9range la communication entre nos organes, endommageant ainsi notre sant\u00e9.<\/p>\n<p>Par ailleurs, les tablettes ne sont pas de bons substituts aux manuels scolaires. Le neuro-scientifique Manfred Spitzer et Paula Bleckmann, formatrice en pr\u00e9vention multi-m\u00e9dias, ont tous deux soulign\u00e9 que l\u2019utilisation de m\u00e9dias num\u00e9riques avant l\u2019\u00e2ge de 16 ans a un effet n\u00e9gatif sur l\u2019apprentissage de la lecture et de l\u2019\u00e9criture ainsi que sur le d\u00e9veloppement du langage chez l\u2019enfant.<\/p>\n<h2>T\u00e9l\u00e9phones sans fil<\/h2>\n<p>Les t\u00e9l\u00e9phones num\u00e9riques DECT sans fil font partie des&nbsp;\u00ab&nbsp;pollueurs&nbsp;\u00bb les plus forts dans un foyer. <strong>Les t\u00e9l\u00e9phones sans fil cr\u00e9ent de tr\u00e8s puissants champs \u00e9lectromagn\u00e9tiques et sont bas\u00e9s sur la m\u00eame technologie que la communication mobile.<\/strong> M\u00eame s\u2019il existe entre temps des appareils qui n\u2019\u00e9mettent que lors d\u2019une communication (ECO Mode +), cette fonction doit \u00eatre activ\u00e9e par l\u2019utilisateur la plupart du temps. De plus, le combin\u00e9 est port\u00e9 directement \u00e0 la t\u00eate pendant tout le temps de la conversation. Nous conseillons pour cela de renoncer aux t\u00e9l\u00e9phones sans fil et d\u2019utiliser chez vous (et si possible \u00e9galement \u00e0 votre travail) des t\u00e9l\u00e9phones c\u00e2bl\u00e9s.<\/p>\n<h2>Compteurs intelligents<\/h2>\n<p><strong>Les compteurs intelligents sont des compteurs d\u2019eau, de gaz et d\u2019\u00e9lectricit\u00e9 modernes qui envoient p\u00e9riodiquement des signaux \u00e0 haute fr\u00e9quence via le Wi-Fi ou par communication mobile.<\/strong> Ces compteurs sont souvent install\u00e9s par les fournisseurs d\u2019\u00e9nergies et d\u2019eau sans informer ni propri\u00e9taires ni locataires.<\/p>\n\n\n","protected":false},"excerpt":{"rendered":"Tout appareil communiquant par signal radio \u00e9met des rayonnements \u00e9lectromagn\u00e9tiques et nuit \u00e0 la sant\u00e9 de toutes les cr\u00e9atures et de la Nature. Wi-Fi M\u00eame si le Wi-Fi \u00e9met \u00e0 une puissance moindre que celle des t\u00e9l\u00e9phones portables, son impact sur la sant\u00e9 n\u2019est pas n\u00e9gligeable. De plus en plus d\u2019enfants sont expos\u00e9s \u00e0 un [&hellip;]","protected":false},"author":9,"featured_media":0,"parent":16570,"menu_order":36,"comment_status":"closed","ping_status":"closed","template":"","meta":{"_acf_changed":false,"ngg_post_thumbnail":0,"footnotes":""},"categories":[205],"class_list":["post-16575","page","type-page","status-publish","hentry","category-internet-medias-sociaux","wpautop"],"acf":[],"yoast_head":"<!-- This site is optimized with the Yoast SEO plugin v27.5 - https:\/\/yoast.com\/product\/yoast-seo-wordpress\/ -->\n<title>Appareils de communication mobile - The World Foundation for Natural Science<\/title>\n<meta name=\"robots\" content=\"index, follow, max-snippet:-1, max-image-preview:large, max-video-preview:-1\" \/>\n<link rel=\"canonical\" href=\"https:\/\/www.naturalscience.org\/fr\/themes\/micro-ondes-communications-mobiles\/appareils-de-communication-mobile\/\" \/>\n<meta name=\"twitter:label1\" content=\"Dur\u00e9e de lecture estim\u00e9e\" \/>\n\t<meta name=\"twitter:data1\" content=\"3 minutes\" \/>\n<script type=\"application\/ld+json\" class=\"yoast-schema-graph\">{\"@context\":\"https:\\\/\\\/schema.org\",\"@graph\":[{\"@type\":\"WebPage\",\"@id\":\"https:\\\/\\\/www.naturalscience.org\\\/fr\\\/themes\\\/micro-ondes-communications-mobiles\\\/appareils-de-communication-mobile\\\/\",\"url\":\"https:\\\/\\\/www.naturalscience.org\\\/fr\\\/themes\\\/micro-ondes-communications-mobiles\\\/appareils-de-communication-mobile\\\/\",\"name\":\"Appareils de communication mobile - The World Foundation for Natural Science\",\"isPartOf\":{\"@id\":\"https:\\\/\\\/www.naturalscience.org\\\/#website\"},\"primaryImageOfPage\":{\"@id\":\"https:\\\/\\\/www.naturalscience.org\\\/fr\\\/themes\\\/micro-ondes-communications-mobiles\\\/appareils-de-communication-mobile\\\/#primaryimage\"},\"image\":{\"@id\":\"https:\\\/\\\/www.naturalscience.org\\\/fr\\\/themes\\\/micro-ondes-communications-mobiles\\\/appareils-de-communication-mobile\\\/#primaryimage\"},\"thumbnailUrl\":\"https:\\\/\\\/www.naturalscience.org\\\/wp-content\\\/uploads\\\/2022\\\/12\\\/AdobeStock_248319517-300x200.jpg\",\"datePublished\":\"2015-11-10T16:50:33+00:00\",\"dateModified\":\"2022-12-30T10:53:10+00:00\",\"breadcrumb\":{\"@id\":\"https:\\\/\\\/www.naturalscience.org\\\/fr\\\/themes\\\/micro-ondes-communications-mobiles\\\/appareils-de-communication-mobile\\\/#breadcrumb\"},\"inLanguage\":\"fr-FR\",\"potentialAction\":[{\"@type\":\"ReadAction\",\"target\":[\"https:\\\/\\\/www.naturalscience.org\\\/fr\\\/themes\\\/micro-ondes-communications-mobiles\\\/appareils-de-communication-mobile\\\/\"]}]},{\"@type\":\"ImageObject\",\"inLanguage\":\"fr-FR\",\"@id\":\"https:\\\/\\\/www.naturalscience.org\\\/fr\\\/themes\\\/micro-ondes-communications-mobiles\\\/appareils-de-communication-mobile\\\/#primaryimage\",\"url\":\"https:\\\/\\\/www.naturalscience.org\\\/wp-content\\\/uploads\\\/2022\\\/12\\\/AdobeStock_248319517-300x200.jpg\",\"contentUrl\":\"https:\\\/\\\/www.naturalscience.org\\\/wp-content\\\/uploads\\\/2022\\\/12\\\/AdobeStock_248319517-300x200.jpg\"},{\"@type\":\"BreadcrumbList\",\"@id\":\"https:\\\/\\\/www.naturalscience.org\\\/fr\\\/themes\\\/micro-ondes-communications-mobiles\\\/appareils-de-communication-mobile\\\/#breadcrumb\",\"itemListElement\":[{\"@type\":\"ListItem\",\"position\":1,\"name\":\"Home\",\"item\":\"https:\\\/\\\/www.naturalscience.org\\\/fr\\\/\"},{\"@type\":\"ListItem\",\"position\":2,\"name\":\"Th\u00e8mes\",\"item\":\"https:\\\/\\\/www.naturalscience.org\\\/fr\\\/themes\\\/\"},{\"@type\":\"ListItem\",\"position\":3,\"name\":\"Micro-ondes &#038; communications mobiles\",\"item\":\"https:\\\/\\\/www.naturalscience.org\\\/fr\\\/themes\\\/micro-ondes-communications-mobiles\\\/\"},{\"@type\":\"ListItem\",\"position\":4,\"name\":\"Appareils de communication mobile\"}]},{\"@type\":\"WebSite\",\"@id\":\"https:\\\/\\\/www.naturalscience.org\\\/#website\",\"url\":\"https:\\\/\\\/www.naturalscience.org\\\/\",\"name\":\"The World Foundation for Natural Science\",\"description\":\"Restoring and Healing the World through Responsibility and Commitment in accord with Natural and Divine Law!\",\"potentialAction\":[{\"@type\":\"SearchAction\",\"target\":{\"@type\":\"EntryPoint\",\"urlTemplate\":\"https:\\\/\\\/www.naturalscience.org\\\/?s={search_term_string}\"},\"query-input\":{\"@type\":\"PropertyValueSpecification\",\"valueRequired\":true,\"valueName\":\"search_term_string\"}}],\"inLanguage\":\"fr-FR\"}]}<\/script>\n<!-- \/ Yoast SEO plugin. -->","yoast_head_json":{"title":"Appareils de communication mobile - The World Foundation for Natural Science","robots":{"index":"index","follow":"follow","max-snippet":"max-snippet:-1","max-image-preview":"max-image-preview:large","max-video-preview":"max-video-preview:-1"},"canonical":"https:\/\/www.naturalscience.org\/fr\/themes\/micro-ondes-communications-mobiles\/appareils-de-communication-mobile\/","twitter_misc":{"Dur\u00e9e de lecture estim\u00e9e":"3 minutes"},"schema":{"@context":"https:\/\/schema.org","@graph":[{"@type":"WebPage","@id":"https:\/\/www.naturalscience.org\/fr\/themes\/micro-ondes-communications-mobiles\/appareils-de-communication-mobile\/","url":"https:\/\/www.naturalscience.org\/fr\/themes\/micro-ondes-communications-mobiles\/appareils-de-communication-mobile\/","name":"Appareils de communication mobile - The World Foundation for Natural Science","isPartOf":{"@id":"https:\/\/www.naturalscience.org\/#website"},"primaryImageOfPage":{"@id":"https:\/\/www.naturalscience.org\/fr\/themes\/micro-ondes-communications-mobiles\/appareils-de-communication-mobile\/#primaryimage"},"image":{"@id":"https:\/\/www.naturalscience.org\/fr\/themes\/micro-ondes-communications-mobiles\/appareils-de-communication-mobile\/#primaryimage"},"thumbnailUrl":"https:\/\/www.naturalscience.org\/wp-content\/uploads\/2022\/12\/AdobeStock_248319517-300x200.jpg","datePublished":"2015-11-10T16:50:33+00:00","dateModified":"2022-12-30T10:53:10+00:00","breadcrumb":{"@id":"https:\/\/www.naturalscience.org\/fr\/themes\/micro-ondes-communications-mobiles\/appareils-de-communication-mobile\/#breadcrumb"},"inLanguage":"fr-FR","potentialAction":[{"@type":"ReadAction","target":["https:\/\/www.naturalscience.org\/fr\/themes\/micro-ondes-communications-mobiles\/appareils-de-communication-mobile\/"]}]},{"@type":"ImageObject","inLanguage":"fr-FR","@id":"https:\/\/www.naturalscience.org\/fr\/themes\/micro-ondes-communications-mobiles\/appareils-de-communication-mobile\/#primaryimage","url":"https:\/\/www.naturalscience.org\/wp-content\/uploads\/2022\/12\/AdobeStock_248319517-300x200.jpg","contentUrl":"https:\/\/www.naturalscience.org\/wp-content\/uploads\/2022\/12\/AdobeStock_248319517-300x200.jpg"},{"@type":"BreadcrumbList","@id":"https:\/\/www.naturalscience.org\/fr\/themes\/micro-ondes-communications-mobiles\/appareils-de-communication-mobile\/#breadcrumb","itemListElement":[{"@type":"ListItem","position":1,"name":"Home","item":"https:\/\/www.naturalscience.org\/fr\/"},{"@type":"ListItem","position":2,"name":"Th\u00e8mes","item":"https:\/\/www.naturalscience.org\/fr\/themes\/"},{"@type":"ListItem","position":3,"name":"Micro-ondes &#038; communications mobiles","item":"https:\/\/www.naturalscience.org\/fr\/themes\/micro-ondes-communications-mobiles\/"},{"@type":"ListItem","position":4,"name":"Appareils de communication mobile"}]},{"@type":"WebSite","@id":"https:\/\/www.naturalscience.org\/#website","url":"https:\/\/www.naturalscience.org\/","name":"The World Foundation for Natural Science","description":"Restoring and Healing the World through Responsibility and Commitment in accord with Natural and Divine Law!","potentialAction":[{"@type":"SearchAction","target":{"@type":"EntryPoint","urlTemplate":"https:\/\/www.naturalscience.org\/?s={search_term_string}"},"query-input":{"@type":"PropertyValueSpecification","valueRequired":true,"valueName":"search_term_string"}}],"inLanguage":"fr-FR"}]}},"_links":{"self":[{"href":"https:\/\/www.naturalscience.org\/fr\/wp-json\/wp\/v2\/pages\/16575","targetHints":{"allow":["GET"]}}],"collection":[{"href":"https:\/\/www.naturalscience.org\/fr\/wp-json\/wp\/v2\/pages"}],"about":[{"href":"https:\/\/www.naturalscience.org\/fr\/wp-json\/wp\/v2\/types\/page"}],"author":[{"embeddable":true,"href":"https:\/\/www.naturalscience.org\/fr\/wp-json\/wp\/v2\/users\/9"}],"replies":[{"embeddable":true,"href":"https:\/\/www.naturalscience.org\/fr\/wp-json\/wp\/v2\/comments?post=16575"}],"version-history":[{"count":11,"href":"https:\/\/www.naturalscience.org\/fr\/wp-json\/wp\/v2\/pages\/16575\/revisions"}],"predecessor-version":[{"id":38451,"href":"https:\/\/www.naturalscience.org\/fr\/wp-json\/wp\/v2\/pages\/16575\/revisions\/38451"}],"up":[{"embeddable":true,"href":"https:\/\/www.naturalscience.org\/fr\/wp-json\/wp\/v2\/pages\/16570"}],"wp:attachment":[{"href":"https:\/\/www.naturalscience.org\/fr\/wp-json\/wp\/v2\/media?parent=16575"}],"wp:term":[{"taxonomy":"category","embeddable":true,"href":"https:\/\/www.naturalscience.org\/fr\/wp-json\/wp\/v2\/categories?post=16575"}],"curies":[{"name":"wp","href":"https:\/\/api.w.org\/{rel}","templated":true}]}}