{"id":16574,"date":"2015-11-10T17:46:16","date_gmt":"2015-11-10T16:46:16","guid":{"rendered":"http:\/\/www.naturalscience.org\/?page_id=16574"},"modified":"2022-12-30T12:21:20","modified_gmt":"2022-12-30T11:21:20","slug":"jeunesse-telephones-portables","status":"publish","type":"page","link":"https:\/\/www.naturalscience.org\/fr\/themes\/micro-ondes-communications-mobiles\/jeunesse-telephones-portables\/","title":{"rendered":"Jeunesse &#038; t\u00e9l\u00e9phones portables"},"content":{"rendered":"<p><img loading=\"lazy\" decoding=\"async\" class=\" wp-image-9761 alignleft\" src=\"https:\/\/www.naturalscience.org\/wp-content\/uploads\/2014\/10\/Jugend-Handys-1-300x200.jpg\" alt=\"Jugend &amp; Handys\" width=\"266\" height=\"177\" srcset=\"https:\/\/www.naturalscience.org\/wp-content\/uploads\/2014\/10\/Jugend-Handys-1-300x200.jpg 300w, https:\/\/www.naturalscience.org\/wp-content\/uploads\/2014\/10\/Jugend-Handys-1-1024x682.jpg 1024w, https:\/\/www.naturalscience.org\/wp-content\/uploads\/2014\/10\/Jugend-Handys-1-200x133.jpg 200w, https:\/\/www.naturalscience.org\/wp-content\/uploads\/2014\/10\/Jugend-Handys-1-164x109.jpg 164w\" sizes=\"auto, (max-width: 266px) 100vw, 266px\" \/>Les t\u00e9l\u00e9phones portables sont pratiques mais ils sont loin d\u2019\u00eatre inoffensifs pour la sant\u00e9 \u00e0 cause de leur rayonnement \u00e9lectromagn\u00e9tique. <strong>Les enfants et les adolescents sont sp\u00e9cialement sensibles au rayonnement micro-ondes.<\/strong> Ils ont une bo\u00eete cr\u00e2nienne moins \u00e9paisse, un syst\u00e8me nerveux plus sensible, un syst\u00e8me immunitaire moins robuste et du fait de leur croissance, un taux de divisions cellulaires plus \u00e9lev\u00e9. Par cons\u00e9quent, les l\u00e9sions occasionn\u00e9es par le rayonnement sur les cellules se r\u00e9pandent plus rapidement dans le corps.<\/p>\n<p><img loading=\"lazy\" decoding=\"async\" class=\"wp-image-9763 alignright\" src=\"https:\/\/www.naturalscience.org\/wp-content\/uploads\/2014\/10\/Jugend-Handys-2-256x300.jpg\" alt=\"Les t\u00e9l\u00e9phones portables ne devraient pas \u00eatre utilis\u00e9s avant l\u2019\u00e2ge de 16 ans.\" width=\"186\" height=\"218\" srcset=\"https:\/\/www.naturalscience.org\/wp-content\/uploads\/2014\/10\/Jugend-Handys-2-256x300.jpg 256w, https:\/\/www.naturalscience.org\/wp-content\/uploads\/2014\/10\/Jugend-Handys-2-875x1024.jpg 875w, https:\/\/www.naturalscience.org\/wp-content\/uploads\/2014\/10\/Jugend-Handys-2-171x200.jpg 171w, https:\/\/www.naturalscience.org\/wp-content\/uploads\/2014\/10\/Jugend-Handys-2-140x164.jpg 140w\" sizes=\"auto, (max-width: 186px) 100vw, 186px\" \/><\/p>\n<p><strong>D\u00e8s 2005, l\u2019Ordre des M\u00e9decins de Vienne a signal\u00e9 que les enfants de moins de 16 ans ne devraient pas utiliser de t\u00e9l\u00e9phone portable,<\/strong> s\u2019alignant ainsi sur les recommandations de l\u2019Institut National de Radioprotection britannique et de la Soci\u00e9t\u00e9 danoise du Cancer. Si votre enfant ne se laisse tout de m\u00eame pas convaincre de renoncer au t\u00e9l\u00e9phone portable, vous pouvez trouver de plus amples informations&nbsp; sur l\u2019utilisation des t\u00e9l\u00e9phones portables dans notre brochure en anglais&nbsp;\u00ab&nbsp;<a href=\"https:\/\/www.naturalscience.org\/publications\/brochure-children-teenagers-cellular-telecommunication-cell-phones\/\">Cell phones are out&nbsp;!<\/a>&nbsp;\u00bb.<\/p>\n\n\n","protected":false},"excerpt":{"rendered":"Les t\u00e9l\u00e9phones portables sont pratiques mais ils sont loin d\u2019\u00eatre inoffensifs pour la sant\u00e9 \u00e0 cause de leur rayonnement \u00e9lectromagn\u00e9tique. Les enfants et les adolescents sont sp\u00e9cialement sensibles au rayonnement micro-ondes. Ils ont une bo\u00eete cr\u00e2nienne moins \u00e9paisse, un syst\u00e8me nerveux plus sensible, un syst\u00e8me immunitaire moins robuste et du fait de leur croissance, un [&hellip;]","protected":false},"author":9,"featured_media":0,"parent":16570,"menu_order":34,"comment_status":"closed","ping_status":"closed","template":"","meta":{"_acf_changed":false,"ngg_post_thumbnail":0,"footnotes":""},"categories":[211],"class_list":["post-16574","page","type-page","status-publish","hentry","category-jeunesse-telephones-portables","wpautop"],"acf":[],"yoast_head":"<!-- This site is optimized with the Yoast SEO plugin v27.5 - https:\/\/yoast.com\/product\/yoast-seo-wordpress\/ -->\n<title>Jeunesse &amp; t\u00e9l\u00e9phones portables - The World Foundation for Natural Science<\/title>\n<meta name=\"robots\" content=\"index, follow, max-snippet:-1, max-image-preview:large, max-video-preview:-1\" \/>\n<link rel=\"canonical\" href=\"https:\/\/www.naturalscience.org\/fr\/themes\/micro-ondes-communications-mobiles\/jeunesse-telephones-portables\/\" \/>\n<meta name=\"twitter:label1\" content=\"Dur\u00e9e de lecture estim\u00e9e\" \/>\n\t<meta name=\"twitter:data1\" content=\"2 minutes\" \/>\n<script type=\"application\/ld+json\" class=\"yoast-schema-graph\">{\"@context\":\"https:\\\/\\\/schema.org\",\"@graph\":[{\"@type\":\"WebPage\",\"@id\":\"https:\\\/\\\/www.naturalscience.org\\\/fr\\\/themes\\\/micro-ondes-communications-mobiles\\\/jeunesse-telephones-portables\\\/\",\"url\":\"https:\\\/\\\/www.naturalscience.org\\\/fr\\\/themes\\\/micro-ondes-communications-mobiles\\\/jeunesse-telephones-portables\\\/\",\"name\":\"Jeunesse & t\u00e9l\u00e9phones portables - The World Foundation for Natural Science\",\"isPartOf\":{\"@id\":\"https:\\\/\\\/www.naturalscience.org\\\/#website\"},\"primaryImageOfPage\":{\"@id\":\"https:\\\/\\\/www.naturalscience.org\\\/fr\\\/themes\\\/micro-ondes-communications-mobiles\\\/jeunesse-telephones-portables\\\/#primaryimage\"},\"image\":{\"@id\":\"https:\\\/\\\/www.naturalscience.org\\\/fr\\\/themes\\\/micro-ondes-communications-mobiles\\\/jeunesse-telephones-portables\\\/#primaryimage\"},\"thumbnailUrl\":\"https:\\\/\\\/www.naturalscience.org\\\/wp-content\\\/uploads\\\/2014\\\/10\\\/Jugend-Handys-1-300x200.jpg\",\"datePublished\":\"2015-11-10T16:46:16+00:00\",\"dateModified\":\"2022-12-30T11:21:20+00:00\",\"breadcrumb\":{\"@id\":\"https:\\\/\\\/www.naturalscience.org\\\/fr\\\/themes\\\/micro-ondes-communications-mobiles\\\/jeunesse-telephones-portables\\\/#breadcrumb\"},\"inLanguage\":\"fr-FR\",\"potentialAction\":[{\"@type\":\"ReadAction\",\"target\":[\"https:\\\/\\\/www.naturalscience.org\\\/fr\\\/themes\\\/micro-ondes-communications-mobiles\\\/jeunesse-telephones-portables\\\/\"]}]},{\"@type\":\"ImageObject\",\"inLanguage\":\"fr-FR\",\"@id\":\"https:\\\/\\\/www.naturalscience.org\\\/fr\\\/themes\\\/micro-ondes-communications-mobiles\\\/jeunesse-telephones-portables\\\/#primaryimage\",\"url\":\"https:\\\/\\\/www.naturalscience.org\\\/wp-content\\\/uploads\\\/2014\\\/10\\\/Jugend-Handys-1-300x200.jpg\",\"contentUrl\":\"https:\\\/\\\/www.naturalscience.org\\\/wp-content\\\/uploads\\\/2014\\\/10\\\/Jugend-Handys-1-300x200.jpg\"},{\"@type\":\"BreadcrumbList\",\"@id\":\"https:\\\/\\\/www.naturalscience.org\\\/fr\\\/themes\\\/micro-ondes-communications-mobiles\\\/jeunesse-telephones-portables\\\/#breadcrumb\",\"itemListElement\":[{\"@type\":\"ListItem\",\"position\":1,\"name\":\"Home\",\"item\":\"https:\\\/\\\/www.naturalscience.org\\\/fr\\\/\"},{\"@type\":\"ListItem\",\"position\":2,\"name\":\"Th\u00e8mes\",\"item\":\"https:\\\/\\\/www.naturalscience.org\\\/fr\\\/themes\\\/\"},{\"@type\":\"ListItem\",\"position\":3,\"name\":\"Micro-ondes &#038; communications mobiles\",\"item\":\"https:\\\/\\\/www.naturalscience.org\\\/fr\\\/themes\\\/micro-ondes-communications-mobiles\\\/\"},{\"@type\":\"ListItem\",\"position\":4,\"name\":\"Jeunesse &#038; t\u00e9l\u00e9phones portables\"}]},{\"@type\":\"WebSite\",\"@id\":\"https:\\\/\\\/www.naturalscience.org\\\/#website\",\"url\":\"https:\\\/\\\/www.naturalscience.org\\\/\",\"name\":\"The World Foundation for Natural Science\",\"description\":\"Restoring and Healing the World through Responsibility and Commitment in accord with Natural and Divine Law!\",\"potentialAction\":[{\"@type\":\"SearchAction\",\"target\":{\"@type\":\"EntryPoint\",\"urlTemplate\":\"https:\\\/\\\/www.naturalscience.org\\\/?s={search_term_string}\"},\"query-input\":{\"@type\":\"PropertyValueSpecification\",\"valueRequired\":true,\"valueName\":\"search_term_string\"}}],\"inLanguage\":\"fr-FR\"}]}<\/script>\n<!-- \/ Yoast SEO plugin. -->","yoast_head_json":{"title":"Jeunesse & t\u00e9l\u00e9phones portables - The World Foundation for Natural Science","robots":{"index":"index","follow":"follow","max-snippet":"max-snippet:-1","max-image-preview":"max-image-preview:large","max-video-preview":"max-video-preview:-1"},"canonical":"https:\/\/www.naturalscience.org\/fr\/themes\/micro-ondes-communications-mobiles\/jeunesse-telephones-portables\/","twitter_misc":{"Dur\u00e9e de lecture estim\u00e9e":"2 minutes"},"schema":{"@context":"https:\/\/schema.org","@graph":[{"@type":"WebPage","@id":"https:\/\/www.naturalscience.org\/fr\/themes\/micro-ondes-communications-mobiles\/jeunesse-telephones-portables\/","url":"https:\/\/www.naturalscience.org\/fr\/themes\/micro-ondes-communications-mobiles\/jeunesse-telephones-portables\/","name":"Jeunesse & t\u00e9l\u00e9phones portables - The World Foundation for Natural Science","isPartOf":{"@id":"https:\/\/www.naturalscience.org\/#website"},"primaryImageOfPage":{"@id":"https:\/\/www.naturalscience.org\/fr\/themes\/micro-ondes-communications-mobiles\/jeunesse-telephones-portables\/#primaryimage"},"image":{"@id":"https:\/\/www.naturalscience.org\/fr\/themes\/micro-ondes-communications-mobiles\/jeunesse-telephones-portables\/#primaryimage"},"thumbnailUrl":"https:\/\/www.naturalscience.org\/wp-content\/uploads\/2014\/10\/Jugend-Handys-1-300x200.jpg","datePublished":"2015-11-10T16:46:16+00:00","dateModified":"2022-12-30T11:21:20+00:00","breadcrumb":{"@id":"https:\/\/www.naturalscience.org\/fr\/themes\/micro-ondes-communications-mobiles\/jeunesse-telephones-portables\/#breadcrumb"},"inLanguage":"fr-FR","potentialAction":[{"@type":"ReadAction","target":["https:\/\/www.naturalscience.org\/fr\/themes\/micro-ondes-communications-mobiles\/jeunesse-telephones-portables\/"]}]},{"@type":"ImageObject","inLanguage":"fr-FR","@id":"https:\/\/www.naturalscience.org\/fr\/themes\/micro-ondes-communications-mobiles\/jeunesse-telephones-portables\/#primaryimage","url":"https:\/\/www.naturalscience.org\/wp-content\/uploads\/2014\/10\/Jugend-Handys-1-300x200.jpg","contentUrl":"https:\/\/www.naturalscience.org\/wp-content\/uploads\/2014\/10\/Jugend-Handys-1-300x200.jpg"},{"@type":"BreadcrumbList","@id":"https:\/\/www.naturalscience.org\/fr\/themes\/micro-ondes-communications-mobiles\/jeunesse-telephones-portables\/#breadcrumb","itemListElement":[{"@type":"ListItem","position":1,"name":"Home","item":"https:\/\/www.naturalscience.org\/fr\/"},{"@type":"ListItem","position":2,"name":"Th\u00e8mes","item":"https:\/\/www.naturalscience.org\/fr\/themes\/"},{"@type":"ListItem","position":3,"name":"Micro-ondes &#038; communications mobiles","item":"https:\/\/www.naturalscience.org\/fr\/themes\/micro-ondes-communications-mobiles\/"},{"@type":"ListItem","position":4,"name":"Jeunesse &#038; t\u00e9l\u00e9phones portables"}]},{"@type":"WebSite","@id":"https:\/\/www.naturalscience.org\/#website","url":"https:\/\/www.naturalscience.org\/","name":"The World Foundation for Natural Science","description":"Restoring and Healing the World through Responsibility and Commitment in accord with Natural and Divine Law!","potentialAction":[{"@type":"SearchAction","target":{"@type":"EntryPoint","urlTemplate":"https:\/\/www.naturalscience.org\/?s={search_term_string}"},"query-input":{"@type":"PropertyValueSpecification","valueRequired":true,"valueName":"search_term_string"}}],"inLanguage":"fr-FR"}]}},"_links":{"self":[{"href":"https:\/\/www.naturalscience.org\/fr\/wp-json\/wp\/v2\/pages\/16574","targetHints":{"allow":["GET"]}}],"collection":[{"href":"https:\/\/www.naturalscience.org\/fr\/wp-json\/wp\/v2\/pages"}],"about":[{"href":"https:\/\/www.naturalscience.org\/fr\/wp-json\/wp\/v2\/types\/page"}],"author":[{"embeddable":true,"href":"https:\/\/www.naturalscience.org\/fr\/wp-json\/wp\/v2\/users\/9"}],"replies":[{"embeddable":true,"href":"https:\/\/www.naturalscience.org\/fr\/wp-json\/wp\/v2\/comments?post=16574"}],"version-history":[{"count":9,"href":"https:\/\/www.naturalscience.org\/fr\/wp-json\/wp\/v2\/pages\/16574\/revisions"}],"predecessor-version":[{"id":38479,"href":"https:\/\/www.naturalscience.org\/fr\/wp-json\/wp\/v2\/pages\/16574\/revisions\/38479"}],"up":[{"embeddable":true,"href":"https:\/\/www.naturalscience.org\/fr\/wp-json\/wp\/v2\/pages\/16570"}],"wp:attachment":[{"href":"https:\/\/www.naturalscience.org\/fr\/wp-json\/wp\/v2\/media?parent=16574"}],"wp:term":[{"taxonomy":"category","embeddable":true,"href":"https:\/\/www.naturalscience.org\/fr\/wp-json\/wp\/v2\/categories?post=16574"}],"curies":[{"name":"wp","href":"https:\/\/api.w.org\/{rel}","templated":true}]}}