{"id":16573,"date":"2015-11-10T17:46:09","date_gmt":"2015-11-10T16:46:09","guid":{"rendered":"http:\/\/www.naturalscience.org\/?page_id=16573"},"modified":"2022-12-30T13:57:38","modified_gmt":"2022-12-30T12:57:38","slug":"micro-ondes-eau","status":"publish","type":"page","link":"https:\/\/www.naturalscience.org\/fr\/themes\/micro-ondes-communications-mobiles\/micro-ondes-eau\/","title":{"rendered":"Micro-ondes &#038; Eau"},"content":{"rendered":"<p><strong>Le rayonnement micro-ondes de haute fr\u00e9quence et puls\u00e9 perturbe le r\u00e9seau int\u00e9gr\u00e9 \u00e9lectromagn\u00e9tique naturel de l\u2019eau.<\/strong> &nbsp;C\u2019est par ce r\u00e9seau que l\u2019eau est capable d\u2019absorber, de sauvegarder et de transmettre des informations. Les liaisons hydrog\u00e8nes \u00e9lectromagn\u00e9tiques et ainsi la structure de l\u2019eau sont d\u00e9stabilis\u00e9es et bris\u00e9es&nbsp;; la microbiologie en est d\u00e9s\u00e9quilibr\u00e9e.<\/p>\n<div id=\"attachment_38473\" style=\"width: 300px\" class=\"wp-caption alignright\"><img loading=\"lazy\" decoding=\"async\" aria-describedby=\"caption-attachment-38473\" class=\"wp-image-38473 size-medium\" src=\"https:\/\/www.naturalscience.org\/wp-content\/uploads\/2022\/12\/iStock_000018486589-300x199.jpg\" alt=\"\" width=\"300\" height=\"199\" srcset=\"https:\/\/www.naturalscience.org\/wp-content\/uploads\/2022\/12\/iStock_000018486589-300x199.jpg 300w, https:\/\/www.naturalscience.org\/wp-content\/uploads\/2022\/12\/iStock_000018486589-768x510.jpg 768w, https:\/\/www.naturalscience.org\/wp-content\/uploads\/2022\/12\/iStock_000018486589-164x109.jpg 164w, https:\/\/www.naturalscience.org\/wp-content\/uploads\/2022\/12\/iStock_000018486589-400x266.jpg 400w, https:\/\/www.naturalscience.org\/wp-content\/uploads\/2022\/12\/iStock_000018486589-500x332.jpg 500w, https:\/\/www.naturalscience.org\/wp-content\/uploads\/2022\/12\/iStock_000018486589.jpg 1000w\" sizes=\"auto, (max-width: 300px) 100vw, 300px\" \/><p id=\"caption-attachment-38473\" class=\"wp-caption-text\">Les micro-ondes perturbent les fonctions vitales de l\u2019eau<\/p><\/div>\n<p><strong>L\u2019\u00e9quilibre de toutes les eaux de la Terre et de tous les organismes vivants est ainsi perturb\u00e9 par la technologie actuelle de communication mobile utilis\u00e9e mondialement.<\/strong> Ceci a de graves cons\u00e9quences car sans eau, pas de vie. Le corps humain consiste en plus de 70&nbsp;% d&rsquo;eau et chez les nouveaux-n\u00e9s, presque 90&nbsp;%. Non seulement l\u2019eau d\u00e9salt\u00e8re mais joue aussi un r\u00f4le important dans le corps humain pour la transmission des informations au niveau cellulaire. Elle maintient les processus m\u00e9taboliques, elle sert de liant pour les structures cellulaires et est n\u00e9cessaire pour l\u2019\u00e9vacuation des toxines et poisons. Toutes ces capacit\u00e9s naturelles de l\u2019eau sont pertub\u00e9es par la technologie micro-ondes \u2013 avec des cons\u00e9quences sur la sant\u00e9 humaine et celle de la Nature.<\/p>\n<p>&nbsp;<\/p>\n\n\n","protected":false},"excerpt":{"rendered":"Le rayonnement micro-ondes de haute fr\u00e9quence et puls\u00e9 perturbe le r\u00e9seau int\u00e9gr\u00e9 \u00e9lectromagn\u00e9tique naturel de l\u2019eau. &nbsp;C\u2019est par ce r\u00e9seau que l\u2019eau est capable d\u2019absorber, de sauvegarder et de transmettre des informations. Les liaisons hydrog\u00e8nes \u00e9lectromagn\u00e9tiques et ainsi la structure de l\u2019eau sont d\u00e9stabilis\u00e9es et bris\u00e9es&nbsp;; la microbiologie en est d\u00e9s\u00e9quilibr\u00e9e. L\u2019\u00e9quilibre de toutes les [&hellip;]","protected":false},"author":9,"featured_media":0,"parent":16570,"menu_order":32,"comment_status":"closed","ping_status":"closed","template":"","meta":{"_acf_changed":false,"ngg_post_thumbnail":0,"footnotes":""},"categories":[209],"class_list":["post-16573","page","type-page","status-publish","hentry","category-micro-ondes-eau","wpautop"],"acf":[],"yoast_head":"<!-- This site is optimized with the Yoast SEO plugin v27.5 - https:\/\/yoast.com\/product\/yoast-seo-wordpress\/ -->\n<title>Micro-ondes &amp; Eau - The World Foundation for Natural Science<\/title>\n<meta name=\"robots\" content=\"index, follow, max-snippet:-1, max-image-preview:large, max-video-preview:-1\" \/>\n<link rel=\"canonical\" href=\"https:\/\/www.naturalscience.org\/fr\/themes\/micro-ondes-communications-mobiles\/micro-ondes-eau\/\" \/>\n<meta name=\"twitter:label1\" content=\"Dur\u00e9e de lecture estim\u00e9e\" \/>\n\t<meta name=\"twitter:data1\" content=\"2 minutes\" \/>\n<script type=\"application\/ld+json\" class=\"yoast-schema-graph\">{\"@context\":\"https:\\\/\\\/schema.org\",\"@graph\":[{\"@type\":\"WebPage\",\"@id\":\"https:\\\/\\\/www.naturalscience.org\\\/fr\\\/themes\\\/micro-ondes-communications-mobiles\\\/micro-ondes-eau\\\/\",\"url\":\"https:\\\/\\\/www.naturalscience.org\\\/fr\\\/themes\\\/micro-ondes-communications-mobiles\\\/micro-ondes-eau\\\/\",\"name\":\"Micro-ondes & Eau - The World Foundation for Natural Science\",\"isPartOf\":{\"@id\":\"https:\\\/\\\/www.naturalscience.org\\\/#website\"},\"primaryImageOfPage\":{\"@id\":\"https:\\\/\\\/www.naturalscience.org\\\/fr\\\/themes\\\/micro-ondes-communications-mobiles\\\/micro-ondes-eau\\\/#primaryimage\"},\"image\":{\"@id\":\"https:\\\/\\\/www.naturalscience.org\\\/fr\\\/themes\\\/micro-ondes-communications-mobiles\\\/micro-ondes-eau\\\/#primaryimage\"},\"thumbnailUrl\":\"https:\\\/\\\/www.naturalscience.org\\\/wp-content\\\/uploads\\\/2022\\\/12\\\/iStock_000018486589-300x199.jpg\",\"datePublished\":\"2015-11-10T16:46:09+00:00\",\"dateModified\":\"2022-12-30T12:57:38+00:00\",\"breadcrumb\":{\"@id\":\"https:\\\/\\\/www.naturalscience.org\\\/fr\\\/themes\\\/micro-ondes-communications-mobiles\\\/micro-ondes-eau\\\/#breadcrumb\"},\"inLanguage\":\"fr-FR\",\"potentialAction\":[{\"@type\":\"ReadAction\",\"target\":[\"https:\\\/\\\/www.naturalscience.org\\\/fr\\\/themes\\\/micro-ondes-communications-mobiles\\\/micro-ondes-eau\\\/\"]}]},{\"@type\":\"ImageObject\",\"inLanguage\":\"fr-FR\",\"@id\":\"https:\\\/\\\/www.naturalscience.org\\\/fr\\\/themes\\\/micro-ondes-communications-mobiles\\\/micro-ondes-eau\\\/#primaryimage\",\"url\":\"https:\\\/\\\/www.naturalscience.org\\\/wp-content\\\/uploads\\\/2022\\\/12\\\/iStock_000018486589-300x199.jpg\",\"contentUrl\":\"https:\\\/\\\/www.naturalscience.org\\\/wp-content\\\/uploads\\\/2022\\\/12\\\/iStock_000018486589-300x199.jpg\"},{\"@type\":\"BreadcrumbList\",\"@id\":\"https:\\\/\\\/www.naturalscience.org\\\/fr\\\/themes\\\/micro-ondes-communications-mobiles\\\/micro-ondes-eau\\\/#breadcrumb\",\"itemListElement\":[{\"@type\":\"ListItem\",\"position\":1,\"name\":\"Home\",\"item\":\"https:\\\/\\\/www.naturalscience.org\\\/fr\\\/\"},{\"@type\":\"ListItem\",\"position\":2,\"name\":\"Th\u00e8mes\",\"item\":\"https:\\\/\\\/www.naturalscience.org\\\/fr\\\/themes\\\/\"},{\"@type\":\"ListItem\",\"position\":3,\"name\":\"Micro-ondes &#038; communications mobiles\",\"item\":\"https:\\\/\\\/www.naturalscience.org\\\/fr\\\/themes\\\/micro-ondes-communications-mobiles\\\/\"},{\"@type\":\"ListItem\",\"position\":4,\"name\":\"Micro-ondes &#038; Eau\"}]},{\"@type\":\"WebSite\",\"@id\":\"https:\\\/\\\/www.naturalscience.org\\\/#website\",\"url\":\"https:\\\/\\\/www.naturalscience.org\\\/\",\"name\":\"The World Foundation for Natural Science\",\"description\":\"Restoring and Healing the World through Responsibility and Commitment in accord with Natural and Divine Law!\",\"potentialAction\":[{\"@type\":\"SearchAction\",\"target\":{\"@type\":\"EntryPoint\",\"urlTemplate\":\"https:\\\/\\\/www.naturalscience.org\\\/?s={search_term_string}\"},\"query-input\":{\"@type\":\"PropertyValueSpecification\",\"valueRequired\":true,\"valueName\":\"search_term_string\"}}],\"inLanguage\":\"fr-FR\"}]}<\/script>\n<!-- \/ Yoast SEO plugin. -->","yoast_head_json":{"title":"Micro-ondes & Eau - The World Foundation for Natural Science","robots":{"index":"index","follow":"follow","max-snippet":"max-snippet:-1","max-image-preview":"max-image-preview:large","max-video-preview":"max-video-preview:-1"},"canonical":"https:\/\/www.naturalscience.org\/fr\/themes\/micro-ondes-communications-mobiles\/micro-ondes-eau\/","twitter_misc":{"Dur\u00e9e de lecture estim\u00e9e":"2 minutes"},"schema":{"@context":"https:\/\/schema.org","@graph":[{"@type":"WebPage","@id":"https:\/\/www.naturalscience.org\/fr\/themes\/micro-ondes-communications-mobiles\/micro-ondes-eau\/","url":"https:\/\/www.naturalscience.org\/fr\/themes\/micro-ondes-communications-mobiles\/micro-ondes-eau\/","name":"Micro-ondes & Eau - The World Foundation for Natural Science","isPartOf":{"@id":"https:\/\/www.naturalscience.org\/#website"},"primaryImageOfPage":{"@id":"https:\/\/www.naturalscience.org\/fr\/themes\/micro-ondes-communications-mobiles\/micro-ondes-eau\/#primaryimage"},"image":{"@id":"https:\/\/www.naturalscience.org\/fr\/themes\/micro-ondes-communications-mobiles\/micro-ondes-eau\/#primaryimage"},"thumbnailUrl":"https:\/\/www.naturalscience.org\/wp-content\/uploads\/2022\/12\/iStock_000018486589-300x199.jpg","datePublished":"2015-11-10T16:46:09+00:00","dateModified":"2022-12-30T12:57:38+00:00","breadcrumb":{"@id":"https:\/\/www.naturalscience.org\/fr\/themes\/micro-ondes-communications-mobiles\/micro-ondes-eau\/#breadcrumb"},"inLanguage":"fr-FR","potentialAction":[{"@type":"ReadAction","target":["https:\/\/www.naturalscience.org\/fr\/themes\/micro-ondes-communications-mobiles\/micro-ondes-eau\/"]}]},{"@type":"ImageObject","inLanguage":"fr-FR","@id":"https:\/\/www.naturalscience.org\/fr\/themes\/micro-ondes-communications-mobiles\/micro-ondes-eau\/#primaryimage","url":"https:\/\/www.naturalscience.org\/wp-content\/uploads\/2022\/12\/iStock_000018486589-300x199.jpg","contentUrl":"https:\/\/www.naturalscience.org\/wp-content\/uploads\/2022\/12\/iStock_000018486589-300x199.jpg"},{"@type":"BreadcrumbList","@id":"https:\/\/www.naturalscience.org\/fr\/themes\/micro-ondes-communications-mobiles\/micro-ondes-eau\/#breadcrumb","itemListElement":[{"@type":"ListItem","position":1,"name":"Home","item":"https:\/\/www.naturalscience.org\/fr\/"},{"@type":"ListItem","position":2,"name":"Th\u00e8mes","item":"https:\/\/www.naturalscience.org\/fr\/themes\/"},{"@type":"ListItem","position":3,"name":"Micro-ondes &#038; communications mobiles","item":"https:\/\/www.naturalscience.org\/fr\/themes\/micro-ondes-communications-mobiles\/"},{"@type":"ListItem","position":4,"name":"Micro-ondes &#038; Eau"}]},{"@type":"WebSite","@id":"https:\/\/www.naturalscience.org\/#website","url":"https:\/\/www.naturalscience.org\/","name":"The World Foundation for Natural Science","description":"Restoring and Healing the World through Responsibility and Commitment in accord with Natural and Divine Law!","potentialAction":[{"@type":"SearchAction","target":{"@type":"EntryPoint","urlTemplate":"https:\/\/www.naturalscience.org\/?s={search_term_string}"},"query-input":{"@type":"PropertyValueSpecification","valueRequired":true,"valueName":"search_term_string"}}],"inLanguage":"fr-FR"}]}},"_links":{"self":[{"href":"https:\/\/www.naturalscience.org\/fr\/wp-json\/wp\/v2\/pages\/16573","targetHints":{"allow":["GET"]}}],"collection":[{"href":"https:\/\/www.naturalscience.org\/fr\/wp-json\/wp\/v2\/pages"}],"about":[{"href":"https:\/\/www.naturalscience.org\/fr\/wp-json\/wp\/v2\/types\/page"}],"author":[{"embeddable":true,"href":"https:\/\/www.naturalscience.org\/fr\/wp-json\/wp\/v2\/users\/9"}],"replies":[{"embeddable":true,"href":"https:\/\/www.naturalscience.org\/fr\/wp-json\/wp\/v2\/comments?post=16573"}],"version-history":[{"count":6,"href":"https:\/\/www.naturalscience.org\/fr\/wp-json\/wp\/v2\/pages\/16573\/revisions"}],"predecessor-version":[{"id":38476,"href":"https:\/\/www.naturalscience.org\/fr\/wp-json\/wp\/v2\/pages\/16573\/revisions\/38476"}],"up":[{"embeddable":true,"href":"https:\/\/www.naturalscience.org\/fr\/wp-json\/wp\/v2\/pages\/16570"}],"wp:attachment":[{"href":"https:\/\/www.naturalscience.org\/fr\/wp-json\/wp\/v2\/media?parent=16573"}],"wp:term":[{"taxonomy":"category","embeddable":true,"href":"https:\/\/www.naturalscience.org\/fr\/wp-json\/wp\/v2\/categories?post=16573"}],"curies":[{"name":"wp","href":"https:\/\/api.w.org\/{rel}","templated":true}]}}