{"id":16572,"date":"2015-11-10T17:46:04","date_gmt":"2015-11-10T16:46:04","guid":{"rendered":"http:\/\/www.naturalscience.org\/?page_id=16572"},"modified":"2018-02-09T15:14:21","modified_gmt":"2018-02-09T14:14:21","slug":"cuisiniere-a-induction","status":"publish","type":"page","link":"https:\/\/www.naturalscience.org\/fr\/themes\/micro-ondes-communications-mobiles\/cuisiniere-a-induction\/","title":{"rendered":"Cuisini\u00e8re \u00e0 induction"},"content":{"rendered":"<div id=\"attachment_9641\" style=\"width: 300px\" class=\"wp-caption alignright\"><img loading=\"lazy\" decoding=\"async\" aria-describedby=\"caption-attachment-9641\" class=\"wp-image-9641 size-medium\" src=\"https:\/\/www.naturalscience.org\/wp-content\/uploads\/2015\/01\/Induktionskochfeld-nicht-gesch\u00fctzt-300x168.png\" alt=\"Plaques \u00e0 induction\" width=\"300\" height=\"168\" srcset=\"https:\/\/www.naturalscience.org\/wp-content\/uploads\/2015\/01\/Induktionskochfeld-nicht-gesch\u00fctzt-300x168.png 300w, https:\/\/www.naturalscience.org\/wp-content\/uploads\/2015\/01\/Induktionskochfeld-nicht-gesch\u00fctzt-200x112.png 200w, https:\/\/www.naturalscience.org\/wp-content\/uploads\/2015\/01\/Induktionskochfeld-nicht-gesch\u00fctzt-164x92.png 164w, https:\/\/www.naturalscience.org\/wp-content\/uploads\/2015\/01\/Induktionskochfeld-nicht-gesch\u00fctzt.png 539w\" sizes=\"auto, (max-width: 300px) 100vw, 300px\" \/><p id=\"caption-attachment-9641\" class=\"wp-caption-text\">Plaques \u00e0 induction<\/p><\/div>\n<p>Du fait de leur r\u00e9chauffement tr\u00e8s rapide, les cuisini\u00e8res \u00e0 induction sont vant\u00e9es pour leur c\u00f4t\u00e9 \u00e9conomique et \u00e9cologique. En g\u00e9n\u00e9ral, il n\u2019est pas mentionn\u00e9 <strong>que les champs \u00e9l\u00e9tromagn\u00e9tiques de haute-fr\u00e9quence \u00e9mis par les plaques \u00e0 induction sont similaires \u00e0 ceux produits par four \u00e0 micro-ondes, mettant en danger la sant\u00e9 des adultes et enfants, en particulier celle des enfants \u00e0 na\u00eetre<\/strong> parce que ces champs se superposent sur la vibration naturelle des cellules et des organes, la pertubant ainsi.<\/p>\n<p>C\u2019est pourquoi, si vous voulez faire attention \u00e0 votre sant\u00e9, n\u2019utilisez pas de cuisini\u00e8re \u00e0 induction.<\/p>\n\n\n","protected":false},"excerpt":{"rendered":"Du fait de leur r\u00e9chauffement tr\u00e8s rapide, les cuisini\u00e8res \u00e0 induction sont vant\u00e9es pour leur c\u00f4t\u00e9 \u00e9conomique et \u00e9cologique. En g\u00e9n\u00e9ral, il n\u2019est pas mentionn\u00e9 que les champs \u00e9l\u00e9tromagn\u00e9tiques de haute-fr\u00e9quence \u00e9mis par les plaques \u00e0 induction sont similaires \u00e0 ceux produits par four \u00e0 micro-ondes, mettant en danger la sant\u00e9 des adultes et enfants, [&hellip;]","protected":false},"author":9,"featured_media":0,"parent":16570,"menu_order":31,"comment_status":"closed","ping_status":"closed","template":"","meta":{"_acf_changed":false,"ngg_post_thumbnail":0,"footnotes":""},"categories":[208],"class_list":["post-16572","page","type-page","status-publish","hentry","category-cuisiniere-a-induction","wpautop"],"acf":[],"yoast_head":"<!-- This site is optimized with the Yoast SEO plugin v27.5 - https:\/\/yoast.com\/product\/yoast-seo-wordpress\/ -->\n<title>Cuisini\u00e8re \u00e0 induction - The World Foundation for Natural Science<\/title>\n<meta name=\"robots\" content=\"index, follow, max-snippet:-1, max-image-preview:large, max-video-preview:-1\" \/>\n<link rel=\"canonical\" href=\"https:\/\/www.naturalscience.org\/fr\/themes\/micro-ondes-communications-mobiles\/cuisiniere-a-induction\/\" \/>\n<meta name=\"twitter:label1\" content=\"Dur\u00e9e de lecture estim\u00e9e\" \/>\n\t<meta name=\"twitter:data1\" content=\"1 minute\" \/>\n<script type=\"application\/ld+json\" class=\"yoast-schema-graph\">{\"@context\":\"https:\\\/\\\/schema.org\",\"@graph\":[{\"@type\":\"WebPage\",\"@id\":\"https:\\\/\\\/www.naturalscience.org\\\/fr\\\/themes\\\/micro-ondes-communications-mobiles\\\/cuisiniere-a-induction\\\/\",\"url\":\"https:\\\/\\\/www.naturalscience.org\\\/fr\\\/themes\\\/micro-ondes-communications-mobiles\\\/cuisiniere-a-induction\\\/\",\"name\":\"Cuisini\u00e8re \u00e0 induction - The World Foundation for Natural Science\",\"isPartOf\":{\"@id\":\"https:\\\/\\\/www.naturalscience.org\\\/#website\"},\"datePublished\":\"2015-11-10T16:46:04+00:00\",\"dateModified\":\"2018-02-09T14:14:21+00:00\",\"breadcrumb\":{\"@id\":\"https:\\\/\\\/www.naturalscience.org\\\/fr\\\/themes\\\/micro-ondes-communications-mobiles\\\/cuisiniere-a-induction\\\/#breadcrumb\"},\"inLanguage\":\"fr-FR\",\"potentialAction\":[{\"@type\":\"ReadAction\",\"target\":[\"https:\\\/\\\/www.naturalscience.org\\\/fr\\\/themes\\\/micro-ondes-communications-mobiles\\\/cuisiniere-a-induction\\\/\"]}]},{\"@type\":\"BreadcrumbList\",\"@id\":\"https:\\\/\\\/www.naturalscience.org\\\/fr\\\/themes\\\/micro-ondes-communications-mobiles\\\/cuisiniere-a-induction\\\/#breadcrumb\",\"itemListElement\":[{\"@type\":\"ListItem\",\"position\":1,\"name\":\"Home\",\"item\":\"https:\\\/\\\/www.naturalscience.org\\\/fr\\\/\"},{\"@type\":\"ListItem\",\"position\":2,\"name\":\"Th\u00e8mes\",\"item\":\"https:\\\/\\\/www.naturalscience.org\\\/fr\\\/themes\\\/\"},{\"@type\":\"ListItem\",\"position\":3,\"name\":\"Micro-ondes &#038; communications mobiles\",\"item\":\"https:\\\/\\\/www.naturalscience.org\\\/fr\\\/themes\\\/micro-ondes-communications-mobiles\\\/\"},{\"@type\":\"ListItem\",\"position\":4,\"name\":\"Cuisini\u00e8re \u00e0 induction\"}]},{\"@type\":\"WebSite\",\"@id\":\"https:\\\/\\\/www.naturalscience.org\\\/#website\",\"url\":\"https:\\\/\\\/www.naturalscience.org\\\/\",\"name\":\"The World Foundation for Natural Science\",\"description\":\"Restoring and Healing the World through Responsibility and Commitment in accord with Natural and Divine Law!\",\"potentialAction\":[{\"@type\":\"SearchAction\",\"target\":{\"@type\":\"EntryPoint\",\"urlTemplate\":\"https:\\\/\\\/www.naturalscience.org\\\/?s={search_term_string}\"},\"query-input\":{\"@type\":\"PropertyValueSpecification\",\"valueRequired\":true,\"valueName\":\"search_term_string\"}}],\"inLanguage\":\"fr-FR\"}]}<\/script>\n<!-- \/ Yoast SEO plugin. -->","yoast_head_json":{"title":"Cuisini\u00e8re \u00e0 induction - The World Foundation for Natural Science","robots":{"index":"index","follow":"follow","max-snippet":"max-snippet:-1","max-image-preview":"max-image-preview:large","max-video-preview":"max-video-preview:-1"},"canonical":"https:\/\/www.naturalscience.org\/fr\/themes\/micro-ondes-communications-mobiles\/cuisiniere-a-induction\/","twitter_misc":{"Dur\u00e9e de lecture estim\u00e9e":"1 minute"},"schema":{"@context":"https:\/\/schema.org","@graph":[{"@type":"WebPage","@id":"https:\/\/www.naturalscience.org\/fr\/themes\/micro-ondes-communications-mobiles\/cuisiniere-a-induction\/","url":"https:\/\/www.naturalscience.org\/fr\/themes\/micro-ondes-communications-mobiles\/cuisiniere-a-induction\/","name":"Cuisini\u00e8re \u00e0 induction - The World Foundation for Natural Science","isPartOf":{"@id":"https:\/\/www.naturalscience.org\/#website"},"datePublished":"2015-11-10T16:46:04+00:00","dateModified":"2018-02-09T14:14:21+00:00","breadcrumb":{"@id":"https:\/\/www.naturalscience.org\/fr\/themes\/micro-ondes-communications-mobiles\/cuisiniere-a-induction\/#breadcrumb"},"inLanguage":"fr-FR","potentialAction":[{"@type":"ReadAction","target":["https:\/\/www.naturalscience.org\/fr\/themes\/micro-ondes-communications-mobiles\/cuisiniere-a-induction\/"]}]},{"@type":"BreadcrumbList","@id":"https:\/\/www.naturalscience.org\/fr\/themes\/micro-ondes-communications-mobiles\/cuisiniere-a-induction\/#breadcrumb","itemListElement":[{"@type":"ListItem","position":1,"name":"Home","item":"https:\/\/www.naturalscience.org\/fr\/"},{"@type":"ListItem","position":2,"name":"Th\u00e8mes","item":"https:\/\/www.naturalscience.org\/fr\/themes\/"},{"@type":"ListItem","position":3,"name":"Micro-ondes &#038; communications mobiles","item":"https:\/\/www.naturalscience.org\/fr\/themes\/micro-ondes-communications-mobiles\/"},{"@type":"ListItem","position":4,"name":"Cuisini\u00e8re \u00e0 induction"}]},{"@type":"WebSite","@id":"https:\/\/www.naturalscience.org\/#website","url":"https:\/\/www.naturalscience.org\/","name":"The World Foundation for Natural Science","description":"Restoring and Healing the World through Responsibility and Commitment in accord with Natural and Divine Law!","potentialAction":[{"@type":"SearchAction","target":{"@type":"EntryPoint","urlTemplate":"https:\/\/www.naturalscience.org\/?s={search_term_string}"},"query-input":{"@type":"PropertyValueSpecification","valueRequired":true,"valueName":"search_term_string"}}],"inLanguage":"fr-FR"}]}},"_links":{"self":[{"href":"https:\/\/www.naturalscience.org\/fr\/wp-json\/wp\/v2\/pages\/16572","targetHints":{"allow":["GET"]}}],"collection":[{"href":"https:\/\/www.naturalscience.org\/fr\/wp-json\/wp\/v2\/pages"}],"about":[{"href":"https:\/\/www.naturalscience.org\/fr\/wp-json\/wp\/v2\/types\/page"}],"author":[{"embeddable":true,"href":"https:\/\/www.naturalscience.org\/fr\/wp-json\/wp\/v2\/users\/9"}],"replies":[{"embeddable":true,"href":"https:\/\/www.naturalscience.org\/fr\/wp-json\/wp\/v2\/comments?post=16572"}],"version-history":[{"count":4,"href":"https:\/\/www.naturalscience.org\/fr\/wp-json\/wp\/v2\/pages\/16572\/revisions"}],"predecessor-version":[{"id":26805,"href":"https:\/\/www.naturalscience.org\/fr\/wp-json\/wp\/v2\/pages\/16572\/revisions\/26805"}],"up":[{"embeddable":true,"href":"https:\/\/www.naturalscience.org\/fr\/wp-json\/wp\/v2\/pages\/16570"}],"wp:attachment":[{"href":"https:\/\/www.naturalscience.org\/fr\/wp-json\/wp\/v2\/media?parent=16572"}],"wp:term":[{"taxonomy":"category","embeddable":true,"href":"https:\/\/www.naturalscience.org\/fr\/wp-json\/wp\/v2\/categories?post=16572"}],"curies":[{"name":"wp","href":"https:\/\/api.w.org\/{rel}","templated":true}]}}