{"id":16571,"date":"2015-11-10T17:45:59","date_gmt":"2015-11-10T16:45:59","guid":{"rendered":"http:\/\/www.naturalscience.org\/?page_id=16571"},"modified":"2022-12-30T12:05:48","modified_gmt":"2022-12-30T11:05:48","slug":"fours-micro-ondes","status":"publish","type":"page","link":"https:\/\/www.naturalscience.org\/fr\/themes\/micro-ondes-communications-mobiles\/fours-micro-ondes\/","title":{"rendered":"Fours micro-ondes"},"content":{"rendered":"<p><img loading=\"lazy\" decoding=\"async\" class=\"wp-image-38455 size-medium alignright\" src=\"https:\/\/www.naturalscience.org\/wp-content\/uploads\/2022\/12\/iStock_000053469888-300x200.jpg\" alt=\"\" width=\"300\" height=\"200\" srcset=\"https:\/\/www.naturalscience.org\/wp-content\/uploads\/2022\/12\/iStock_000053469888-300x200.jpg 300w, https:\/\/www.naturalscience.org\/wp-content\/uploads\/2022\/12\/iStock_000053469888-768x511.jpg 768w, https:\/\/www.naturalscience.org\/wp-content\/uploads\/2022\/12\/iStock_000053469888-164x109.jpg 164w, https:\/\/www.naturalscience.org\/wp-content\/uploads\/2022\/12\/iStock_000053469888-400x266.jpg 400w, https:\/\/www.naturalscience.org\/wp-content\/uploads\/2022\/12\/iStock_000053469888-500x333.jpg 500w, https:\/\/www.naturalscience.org\/wp-content\/uploads\/2022\/12\/iStock_000053469888.jpg 1000w\" sizes=\"auto, (max-width: 300px) 100vw, 300px\" \/><\/p>\n<p><strong>La structure mol\u00e9culaire des aliments est compl\u00e8tement d\u00e9truite lorsque les aliments sont cuits dans un micro-ondes.<\/strong> Le syst\u00e8me immunitaire humain identifie une telle nourriture comme un corps \u00e9tranger et r\u00e9agit avec une augmentation des globules blancs, lymphocytes et thrombocytes (plaquettes sanguines) et avec une r\u00e9duction des globules rouges en m\u00eame temps. <strong>L\u2019analyse de sang au microscope est la m\u00eame que celle au d\u00e9but d\u2019un cancer.<\/strong> C&rsquo;est pour cette raison que les fours \u00e0 micro-ondes ne doivent pas \u00eatre utilis\u00e9s pour d\u00e9congeler les aliments, ni m\u00eame pour r\u00e9chauffer les boissons ou les plats.<\/p>\n<p>&nbsp;<\/p>\n            <div class=\"latest-news-list hide-for-print\">\r\n                <div class=\"row\">\r\n                    <div class=\"small-24 columns \">\r\n                        <div class=\"title\">Lumi\u00e8re sur le th\u00e8me Fours micro-ondes<\/div>\r\n\t\t\t\t\t\t\t\t\t\t\t\t\t<article class=\"news-excerpt\" id=\"post-42985\">\r\n    <div class=\"row collapse\">\r\n\r\n\t\t\r\n        <div class=\"medium-7 columns\">\r\n            <a href=\"https:\/\/www.naturalscience.org\/fr\/news\/2025\/12\/smart-fact-9\/\" title=\"Smart Fact # 9\">\r\n                <img decoding=\"async\" src=\"https:\/\/www.naturalscience.org\/wp-content\/uploads\/2025\/10\/AdobeStock_414368996SQUARE-164x164.jpg\" alt=\"\" width=\"200px\" height=\"200px\"\/>\r\n            <\/a>\r\n        <\/div>\r\n\r\n        <div class=\"medium-17 columns\">\r\n\t\t\t\r\n                <header>\r\n                    <div class=\"row collapse top\">\r\n                        <div class=\"small-12 columns\">\r\n                            <time datetime=\"2025-12-08T09:45:18+01:00\">\r\n\t\t\t\t\t\t\t\tLundi 8 d\u00e9cembre 2025                            <\/time>\r\n                        <\/div>\r\n\t\t\t\t\t\t                    <\/div>\r\n                    <h2><a href=\"https:\/\/www.naturalscience.org\/fr\/news\/2025\/12\/smart-fact-9\/\">Smart Fact # 9<\/a><\/h2>\r\n\r\n                <\/header>\r\n                <div class=\"entry-content\">\r\n                    <p>\r\n\t                    De la nourriture provenant du micro-ondes&nbsp;? Non, merci&nbsp;! Lorsque les aliments sont chauff\u00e9s au micro-ondes, le nombre d\u2019antioxydants qu&rsquo;ils contiennent est moindre. Or, ces antioxydants protecteurs sont vitaux pour le corps humain. Ils neutralisent les radicaux libres, qui peuvent autrement causer de nombreux dommages cellulaires.                                                    <a href=\"https:\/\/www.naturalscience.org\/fr\/news\/2025\/12\/smart-fact-9\/\" class=\"more-link\">Lire plus<\/a>\r\n                                            <\/p>\r\n                <\/div>\r\n            <\/div>\r\n        <\/div>\r\n<\/article>\t\t\t\t\t\t\t\t\t\t\t\t\t<article class=\"news-excerpt\" id=\"post-42939\">\r\n    <div class=\"row collapse\">\r\n\r\n\t\t\r\n        <div class=\"medium-7 columns\">\r\n            <a href=\"https:\/\/www.naturalscience.org\/fr\/news\/2025\/10\/smart-fact-6\/\" title=\"Smart Fact # 6\">\r\n                <img decoding=\"async\" src=\"https:\/\/www.naturalscience.org\/wp-content\/uploads\/2025\/10\/AdobeStock_557775659SQUARE-164x164.jpg\" alt=\"\" width=\"200px\" height=\"200px\"\/>\r\n            <\/a>\r\n        <\/div>\r\n\r\n        <div class=\"medium-17 columns\">\r\n\t\t\t\r\n                <header>\r\n                    <div class=\"row collapse top\">\r\n                        <div class=\"small-12 columns\">\r\n                            <time datetime=\"2025-10-27T09:04:08+01:00\">\r\n\t\t\t\t\t\t\t\tLundi 27 octobre 2025                            <\/time>\r\n                        <\/div>\r\n\t\t\t\t\t\t                    <\/div>\r\n                    <h2><a href=\"https:\/\/www.naturalscience.org\/fr\/news\/2025\/10\/smart-fact-6\/\">Smart Fact # 6<\/a><\/h2>\r\n\r\n                <\/header>\r\n                <div class=\"entry-content\">\r\n                    <p>\r\n\t                    Chauffer ou d\u00e9congeler le lait maternel dans un four \u00e0 micro-ondes r\u00e9duit les anticorps pr\u00e9sents dans le lait, qui sont importants pour le d\u00e9veloppement du syst\u00e8me immunitaire de l&rsquo;enfant. C&rsquo;est \u00e9galement le cas \u00e0 des temp\u00e9ratures relativement basses, comprises entre 20 et 53\u00b0&nbsp;C.                                            <\/p>\r\n                <\/div>\r\n            <\/div>\r\n        <\/div>\r\n<\/article>\t\t\t\t\t\t\t\t\t\t\t\t\r\n\t\t\t\t\t\t                        <a href=\"https:\/\/www.naturalscience.org\/fr\/news\/category\/micro-ondes-communications-mobiles\/fours-micro-ondes\/\" class=\"button radius\">\r\n                            <i class=\"fa fa-angle-right\"><\/i>&nbsp;&nbsp;Lire plus                        <\/a>\r\n                    <\/div>\r\n                <\/div>\r\n            <\/div>\r\n\t\t\t\n\n","protected":false},"excerpt":{"rendered":"Chauffer ou d\u00e9congeler le lait maternel dans un four \u00e0 micro-ondes r\u00e9duit les anticorps pr\u00e9sents dans le lait, qui sont importants pour le d\u00e9veloppement du syst\u00e8me immunitaire de l&rsquo;enfant. C&rsquo;est \u00e9galement le cas \u00e0 des temp\u00e9ratures relativement basses, comprises entre 20 et 53\u00b0&nbsp;C.","protected":false},"author":9,"featured_media":0,"parent":16570,"menu_order":30,"comment_status":"closed","ping_status":"closed","template":"","meta":{"_acf_changed":false,"ngg_post_thumbnail":0,"footnotes":""},"categories":[207],"class_list":["post-16571","page","type-page","status-publish","hentry","category-fours-micro-ondes","wpautop"],"acf":[],"yoast_head":"<!-- This site is optimized with the Yoast SEO plugin v27.4 - https:\/\/yoast.com\/product\/yoast-seo-wordpress\/ -->\n<title>Fours micro-ondes - The World Foundation for Natural Science<\/title>\n<meta name=\"robots\" content=\"index, follow, max-snippet:-1, max-image-preview:large, max-video-preview:-1\" \/>\n<link rel=\"canonical\" href=\"https:\/\/www.naturalscience.org\/fr\/themes\/micro-ondes-communications-mobiles\/fours-micro-ondes\/\" \/>\n<meta name=\"twitter:label1\" content=\"Dur\u00e9e de lecture estim\u00e9e\" \/>\n\t<meta name=\"twitter:data1\" content=\"1 minute\" \/>\n<script type=\"application\/ld+json\" class=\"yoast-schema-graph\">{\"@context\":\"https:\\\/\\\/schema.org\",\"@graph\":[{\"@type\":\"WebPage\",\"@id\":\"https:\\\/\\\/www.naturalscience.org\\\/fr\\\/themes\\\/micro-ondes-communications-mobiles\\\/fours-micro-ondes\\\/\",\"url\":\"https:\\\/\\\/www.naturalscience.org\\\/fr\\\/themes\\\/micro-ondes-communications-mobiles\\\/fours-micro-ondes\\\/\",\"name\":\"Fours micro-ondes - The World Foundation for Natural Science\",\"isPartOf\":{\"@id\":\"https:\\\/\\\/www.naturalscience.org\\\/#website\"},\"primaryImageOfPage\":{\"@id\":\"https:\\\/\\\/www.naturalscience.org\\\/fr\\\/themes\\\/micro-ondes-communications-mobiles\\\/fours-micro-ondes\\\/#primaryimage\"},\"image\":{\"@id\":\"https:\\\/\\\/www.naturalscience.org\\\/fr\\\/themes\\\/micro-ondes-communications-mobiles\\\/fours-micro-ondes\\\/#primaryimage\"},\"thumbnailUrl\":\"https:\\\/\\\/www.naturalscience.org\\\/wp-content\\\/uploads\\\/2022\\\/12\\\/iStock_000053469888-300x200.jpg\",\"datePublished\":\"2015-11-10T16:45:59+00:00\",\"dateModified\":\"2022-12-30T11:05:48+00:00\",\"breadcrumb\":{\"@id\":\"https:\\\/\\\/www.naturalscience.org\\\/fr\\\/themes\\\/micro-ondes-communications-mobiles\\\/fours-micro-ondes\\\/#breadcrumb\"},\"inLanguage\":\"fr-FR\",\"potentialAction\":[{\"@type\":\"ReadAction\",\"target\":[\"https:\\\/\\\/www.naturalscience.org\\\/fr\\\/themes\\\/micro-ondes-communications-mobiles\\\/fours-micro-ondes\\\/\"]}]},{\"@type\":\"ImageObject\",\"inLanguage\":\"fr-FR\",\"@id\":\"https:\\\/\\\/www.naturalscience.org\\\/fr\\\/themes\\\/micro-ondes-communications-mobiles\\\/fours-micro-ondes\\\/#primaryimage\",\"url\":\"https:\\\/\\\/www.naturalscience.org\\\/wp-content\\\/uploads\\\/2022\\\/12\\\/iStock_000053469888-300x200.jpg\",\"contentUrl\":\"https:\\\/\\\/www.naturalscience.org\\\/wp-content\\\/uploads\\\/2022\\\/12\\\/iStock_000053469888-300x200.jpg\"},{\"@type\":\"BreadcrumbList\",\"@id\":\"https:\\\/\\\/www.naturalscience.org\\\/fr\\\/themes\\\/micro-ondes-communications-mobiles\\\/fours-micro-ondes\\\/#breadcrumb\",\"itemListElement\":[{\"@type\":\"ListItem\",\"position\":1,\"name\":\"Home\",\"item\":\"https:\\\/\\\/www.naturalscience.org\\\/fr\\\/\"},{\"@type\":\"ListItem\",\"position\":2,\"name\":\"Th\u00e8mes\",\"item\":\"https:\\\/\\\/www.naturalscience.org\\\/fr\\\/themes\\\/\"},{\"@type\":\"ListItem\",\"position\":3,\"name\":\"Micro-ondes &#038; communications mobiles\",\"item\":\"https:\\\/\\\/www.naturalscience.org\\\/fr\\\/themes\\\/micro-ondes-communications-mobiles\\\/\"},{\"@type\":\"ListItem\",\"position\":4,\"name\":\"Fours micro-ondes\"}]},{\"@type\":\"WebSite\",\"@id\":\"https:\\\/\\\/www.naturalscience.org\\\/#website\",\"url\":\"https:\\\/\\\/www.naturalscience.org\\\/\",\"name\":\"The World Foundation for Natural Science\",\"description\":\"Restoring and Healing the World through Responsibility and Commitment in accord with Natural and Divine Law!\",\"potentialAction\":[{\"@type\":\"SearchAction\",\"target\":{\"@type\":\"EntryPoint\",\"urlTemplate\":\"https:\\\/\\\/www.naturalscience.org\\\/?s={search_term_string}\"},\"query-input\":{\"@type\":\"PropertyValueSpecification\",\"valueRequired\":true,\"valueName\":\"search_term_string\"}}],\"inLanguage\":\"fr-FR\"}]}<\/script>\n<!-- \/ Yoast SEO plugin. -->","yoast_head_json":{"title":"Fours micro-ondes - The World Foundation for Natural Science","robots":{"index":"index","follow":"follow","max-snippet":"max-snippet:-1","max-image-preview":"max-image-preview:large","max-video-preview":"max-video-preview:-1"},"canonical":"https:\/\/www.naturalscience.org\/fr\/themes\/micro-ondes-communications-mobiles\/fours-micro-ondes\/","twitter_misc":{"Dur\u00e9e de lecture estim\u00e9e":"1 minute"},"schema":{"@context":"https:\/\/schema.org","@graph":[{"@type":"WebPage","@id":"https:\/\/www.naturalscience.org\/fr\/themes\/micro-ondes-communications-mobiles\/fours-micro-ondes\/","url":"https:\/\/www.naturalscience.org\/fr\/themes\/micro-ondes-communications-mobiles\/fours-micro-ondes\/","name":"Fours micro-ondes - The World Foundation for Natural Science","isPartOf":{"@id":"https:\/\/www.naturalscience.org\/#website"},"primaryImageOfPage":{"@id":"https:\/\/www.naturalscience.org\/fr\/themes\/micro-ondes-communications-mobiles\/fours-micro-ondes\/#primaryimage"},"image":{"@id":"https:\/\/www.naturalscience.org\/fr\/themes\/micro-ondes-communications-mobiles\/fours-micro-ondes\/#primaryimage"},"thumbnailUrl":"https:\/\/www.naturalscience.org\/wp-content\/uploads\/2022\/12\/iStock_000053469888-300x200.jpg","datePublished":"2015-11-10T16:45:59+00:00","dateModified":"2022-12-30T11:05:48+00:00","breadcrumb":{"@id":"https:\/\/www.naturalscience.org\/fr\/themes\/micro-ondes-communications-mobiles\/fours-micro-ondes\/#breadcrumb"},"inLanguage":"fr-FR","potentialAction":[{"@type":"ReadAction","target":["https:\/\/www.naturalscience.org\/fr\/themes\/micro-ondes-communications-mobiles\/fours-micro-ondes\/"]}]},{"@type":"ImageObject","inLanguage":"fr-FR","@id":"https:\/\/www.naturalscience.org\/fr\/themes\/micro-ondes-communications-mobiles\/fours-micro-ondes\/#primaryimage","url":"https:\/\/www.naturalscience.org\/wp-content\/uploads\/2022\/12\/iStock_000053469888-300x200.jpg","contentUrl":"https:\/\/www.naturalscience.org\/wp-content\/uploads\/2022\/12\/iStock_000053469888-300x200.jpg"},{"@type":"BreadcrumbList","@id":"https:\/\/www.naturalscience.org\/fr\/themes\/micro-ondes-communications-mobiles\/fours-micro-ondes\/#breadcrumb","itemListElement":[{"@type":"ListItem","position":1,"name":"Home","item":"https:\/\/www.naturalscience.org\/fr\/"},{"@type":"ListItem","position":2,"name":"Th\u00e8mes","item":"https:\/\/www.naturalscience.org\/fr\/themes\/"},{"@type":"ListItem","position":3,"name":"Micro-ondes &#038; communications mobiles","item":"https:\/\/www.naturalscience.org\/fr\/themes\/micro-ondes-communications-mobiles\/"},{"@type":"ListItem","position":4,"name":"Fours micro-ondes"}]},{"@type":"WebSite","@id":"https:\/\/www.naturalscience.org\/#website","url":"https:\/\/www.naturalscience.org\/","name":"The World Foundation for Natural Science","description":"Restoring and Healing the World through Responsibility and Commitment in accord with Natural and Divine Law!","potentialAction":[{"@type":"SearchAction","target":{"@type":"EntryPoint","urlTemplate":"https:\/\/www.naturalscience.org\/?s={search_term_string}"},"query-input":{"@type":"PropertyValueSpecification","valueRequired":true,"valueName":"search_term_string"}}],"inLanguage":"fr-FR"}]}},"_links":{"self":[{"href":"https:\/\/www.naturalscience.org\/fr\/wp-json\/wp\/v2\/pages\/16571","targetHints":{"allow":["GET"]}}],"collection":[{"href":"https:\/\/www.naturalscience.org\/fr\/wp-json\/wp\/v2\/pages"}],"about":[{"href":"https:\/\/www.naturalscience.org\/fr\/wp-json\/wp\/v2\/types\/page"}],"author":[{"embeddable":true,"href":"https:\/\/www.naturalscience.org\/fr\/wp-json\/wp\/v2\/users\/9"}],"replies":[{"embeddable":true,"href":"https:\/\/www.naturalscience.org\/fr\/wp-json\/wp\/v2\/comments?post=16571"}],"version-history":[{"count":10,"href":"https:\/\/www.naturalscience.org\/fr\/wp-json\/wp\/v2\/pages\/16571\/revisions"}],"predecessor-version":[{"id":38465,"href":"https:\/\/www.naturalscience.org\/fr\/wp-json\/wp\/v2\/pages\/16571\/revisions\/38465"}],"up":[{"embeddable":true,"href":"https:\/\/www.naturalscience.org\/fr\/wp-json\/wp\/v2\/pages\/16570"}],"wp:attachment":[{"href":"https:\/\/www.naturalscience.org\/fr\/wp-json\/wp\/v2\/media?parent=16571"}],"wp:term":[{"taxonomy":"category","embeddable":true,"href":"https:\/\/www.naturalscience.org\/fr\/wp-json\/wp\/v2\/categories?post=16571"}],"curies":[{"name":"wp","href":"https:\/\/api.w.org\/{rel}","templated":true}]}}