{"id":16570,"date":"2015-11-10T17:45:55","date_gmt":"2015-11-10T16:45:55","guid":{"rendered":"http:\/\/www.naturalscience.org\/?page_id=16570"},"modified":"2022-12-30T11:29:17","modified_gmt":"2022-12-30T10:29:17","slug":"micro-ondes-communications-mobiles","status":"publish","type":"page","link":"https:\/\/www.naturalscience.org\/fr\/themes\/micro-ondes-communications-mobiles\/","title":{"rendered":"Micro-ondes &#038;  communications mobiles"},"content":{"rendered":"<p>La vie est bas\u00e9e sur un \u00e9lectromagn\u00e9tisme naturel. <strong>Tout processus de croissance, de r\u00e9paration, de conservation et de d\u00e9composition ainsi que tout processus de communication dans la Nature se basent sur l\u2019interaction d\u2019impulsions naturelles \u00e9lectriques et magn\u00e9tiques et leurs champs correspondants.<\/strong> Ceci est valable pour le monde min\u00e9ral, v\u00e9g\u00e9tal et animal tout comme pour nous, les humains, de la communication cellulaire jusqu\u2019\u00e0 l\u2019organisation des syst\u00e8mes solaires.<\/p>\n<p><strong>Le rayonnement technique non naturel caus\u00e9 par les communications mobiles est devenu la plus grande menace cr\u00e9\u00e9e par l\u2019homme sur toute vie et sur tout l\u2019environnement.<\/strong> Que l\u2019on utilise le <a href=\"https:\/\/www.naturalscience.org\/fr\/themes\/micro-ondes-communications-mobiles\/fours-micro-ondes\/\">four \u00e0 micro-ondes<\/a>, le t\u00e9l\u00e9phone DECT, le <a href=\"https:\/\/www.naturalscience.org\/fr\/themes\/micro-ondes-communications-mobiles\/appareils-de-communication-mobile\/\">Wi-Fi<\/a>, les tablettes, les t\u00e9l\u00e9phones portables ou Smartphones ou les compteurs intelligents&nbsp;: le rayonnement micro-ondes d\u00e9range tous les processus naturels dans notre corps et dans la Nature. C\u2019est pourquoi les impacts n\u00e9gatifs sont multiples et en partie d\u00e9j\u00e0 dramatiques.<\/p>\n<div class=\"content-box green-1 width-100\">\n<div class=\"content-box-title\">Conseils pratiques pour une bonne utilisation des appareils de communication mobile&nbsp;:<\/div>\n<div class=\"content-box-body\">\n<ul>\n<li>Utilisez toujours un r\u00e9seau c\u00e2bl\u00e9 chez vous ou \u00e0 votre travail.<\/li>\n<li>En dehors de l\u2019utilisation, d\u00e9sactivez les fonctions Bluetooth\/Wi-Fi de tous les appareils (ordinateur portable, PC, imprimante, autoradio) par interrupteur ou par commande de syst\u00e8me.<\/li>\n<li>Utilisez un t\u00e9l\u00e9phone c\u00e2bl\u00e9 au lieu d\u2019un t\u00e9l\u00e9phone sans fil&#8230; <span class=\"more\"><i class=\"fa fa-angle-right \" ><\/i>&nbsp;<a href=\"https:\/\/www.naturalscience.org\/fr\/themes\/micro-ondes-communications-mobiles\/conseils-pratiques-pour-une-bonne-utilisation-des-appareils-de-communication-mobile\/\">plus<\/a><\/span><\/li>\n<\/ul>\n<\/div>\n<\/div>\n\r\n\t        <div class=\"subpages-grid\">\r\n\r\n            <ul class=\"small-block-grid-1 medium-block-grid-2\">\r\n\t\t\t\t\t\t\t\t                        <li>\r\n\r\n\t\t\t\t\t\t\t                                <a href=\"https:\/\/www.naturalscience.org\/fr\/themes\/micro-ondes-communications-mobiles\/5g\/\"><img loading=\"lazy\" decoding=\"async\" src=\"https:\/\/www.naturalscience.org\/wp-content\/uploads\/2019\/02\/header-5g-300x68.jpg\"\r\n                                                                         width=\"300\"\r\n                                                                         height=\"68\"\/><\/a>\r\n\t\t\t\t\t\t\t\r\n                            <h2><a href=\"https:\/\/www.naturalscience.org\/fr\/themes\/micro-ondes-communications-mobiles\/5g\/\">5G<\/a><\/h2>\r\n\r\n                            <ul class=\"fa-ul\">\r\n\t\t\t\t\t\t\t\t                            <\/ul>\r\n                        <\/li>\r\n\t\t\t\t\t\t\t\t\t                        <li>\r\n\r\n\t\t\t\t\t\t\t                                <a href=\"https:\/\/www.naturalscience.org\/fr\/themes\/micro-ondes-communications-mobiles\/fours-micro-ondes\/\"><img loading=\"lazy\" decoding=\"async\" src=\"https:\/\/www.naturalscience.org\/wp-content\/uploads\/2015\/02\/header-microwave-oven-300x68.jpg\"\r\n                                                                         width=\"300\"\r\n                                                                         height=\"68\"\/><\/a>\r\n\t\t\t\t\t\t\t\r\n                            <h2><a href=\"https:\/\/www.naturalscience.org\/fr\/themes\/micro-ondes-communications-mobiles\/fours-micro-ondes\/\">Fours micro-ondes<\/a><\/h2>\r\n\r\n                            <ul class=\"fa-ul\">\r\n\t\t\t\t\t\t\t\t                            <\/ul>\r\n                        <\/li>\r\n\t\t\t\t\t\t\t\t\t                        <li>\r\n\r\n\t\t\t\t\t\t\t                                <a href=\"https:\/\/www.naturalscience.org\/fr\/themes\/micro-ondes-communications-mobiles\/cuisiniere-a-induction\/\"><img loading=\"lazy\" decoding=\"async\" src=\"https:\/\/www.naturalscience.org\/wp-content\/uploads\/2015\/01\/header-induction-cooker-300x68.jpg\"\r\n                                                                         width=\"300\"\r\n                                                                         height=\"68\"\/><\/a>\r\n\t\t\t\t\t\t\t\r\n                            <h2><a href=\"https:\/\/www.naturalscience.org\/fr\/themes\/micro-ondes-communications-mobiles\/cuisiniere-a-induction\/\">Cuisini\u00e8re \u00e0 induction<\/a><\/h2>\r\n\r\n                            <ul class=\"fa-ul\">\r\n\t\t\t\t\t\t\t\t                            <\/ul>\r\n                        <\/li>\r\n\t\t\t\t\t\t\t\t\t                        <li>\r\n\r\n\t\t\t\t\t\t\t                                <a href=\"https:\/\/www.naturalscience.org\/fr\/themes\/micro-ondes-communications-mobiles\/micro-ondes-eau\/\"><img loading=\"lazy\" decoding=\"async\" src=\"https:\/\/www.naturalscience.org\/wp-content\/uploads\/2015\/02\/header-water-microwaves-300x68.jpg\"\r\n                                                                         width=\"300\"\r\n                                                                         height=\"68\"\/><\/a>\r\n\t\t\t\t\t\t\t\r\n                            <h2><a href=\"https:\/\/www.naturalscience.org\/fr\/themes\/micro-ondes-communications-mobiles\/micro-ondes-eau\/\">Micro-ondes &#038; Eau<\/a><\/h2>\r\n\r\n                            <ul class=\"fa-ul\">\r\n\t\t\t\t\t\t\t\t                            <\/ul>\r\n                        <\/li>\r\n\t\t\t\t\t\t\t\t\t                        <li>\r\n\r\n\t\t\t\t\t\t\t                                <a href=\"https:\/\/www.naturalscience.org\/fr\/themes\/micro-ondes-communications-mobiles\/jeunesse-telephones-portables\/\"><img loading=\"lazy\" decoding=\"async\" src=\"https:\/\/www.naturalscience.org\/wp-content\/uploads\/2015\/02\/header-youth-mobiles-300x68.jpg\"\r\n                                                                         width=\"300\"\r\n                                                                         height=\"68\"\/><\/a>\r\n\t\t\t\t\t\t\t\r\n                            <h2><a href=\"https:\/\/www.naturalscience.org\/fr\/themes\/micro-ondes-communications-mobiles\/jeunesse-telephones-portables\/\">Jeunesse &#038; t\u00e9l\u00e9phones portables<\/a><\/h2>\r\n\r\n                            <ul class=\"fa-ul\">\r\n\t\t\t\t\t\t\t\t                            <\/ul>\r\n                        <\/li>\r\n\t\t\t\t\t\t\t\t\t                        <li>\r\n\r\n\t\t\t\t\t\t\t                                <a href=\"https:\/\/www.naturalscience.org\/fr\/themes\/micro-ondes-communications-mobiles\/appareils-de-communication-mobile\/\"><img loading=\"lazy\" decoding=\"async\" src=\"https:\/\/www.naturalscience.org\/wp-content\/uploads\/2022\/12\/AdobeStock_129273597_new-300x68.jpg\"\r\n                                                                         width=\"300\"\r\n                                                                         height=\"68\"\/><\/a>\r\n\t\t\t\t\t\t\t\r\n                            <h2><a href=\"https:\/\/www.naturalscience.org\/fr\/themes\/micro-ondes-communications-mobiles\/appareils-de-communication-mobile\/\">Appareils de communication mobile<\/a><\/h2>\r\n\r\n                            <ul class=\"fa-ul\">\r\n\t\t\t\t\t\t\t\t                            <\/ul>\r\n                        <\/li>\r\n\t\t\t\t\t\t\t\t\t            <\/ul>\r\n        <\/div>\r\n\t\r\n\t\r\n\t\n\n\n","protected":false},"excerpt":{"rendered":"Tout appareil communiquant par signal radio \u00e9met des rayonnements \u00e9lectromagn\u00e9tiques et nuit \u00e0 la sant\u00e9 de toutes les cr\u00e9atures et de la Nature. Wi-Fi M\u00eame si le Wi-Fi \u00e9met \u00e0 une puissance moindre que celle des t\u00e9l\u00e9phones portables, son impact sur la sant\u00e9 n\u2019est pas n\u00e9gligeable. De plus en plus d\u2019enfants sont expos\u00e9s \u00e0 un [&hellip;]","protected":false},"author":9,"featured_media":0,"parent":16543,"menu_order":28,"comment_status":"closed","ping_status":"closed","template":"","meta":{"_acf_changed":false,"ngg_post_thumbnail":0,"footnotes":""},"categories":[206],"class_list":["post-16570","page","type-page","status-publish","hentry","category-micro-ondes-communications-mobiles","wpautop"],"acf":[],"yoast_head":"<!-- This site is optimized with the Yoast SEO plugin v27.3 - https:\/\/yoast.com\/product\/yoast-seo-wordpress\/ -->\n<title>Micro-ondes &amp; communications mobiles - The World Foundation for Natural Science<\/title>\n<meta name=\"robots\" content=\"index, follow, max-snippet:-1, max-image-preview:large, max-video-preview:-1\" \/>\n<link rel=\"canonical\" href=\"https:\/\/www.naturalscience.org\/fr\/themes\/micro-ondes-communications-mobiles\/\" \/>\n<meta name=\"twitter:label1\" content=\"Dur\u00e9e de lecture estim\u00e9e\" \/>\n\t<meta name=\"twitter:data1\" content=\"1 minute\" \/>\n<script type=\"application\/ld+json\" class=\"yoast-schema-graph\">{\"@context\":\"https:\\\/\\\/schema.org\",\"@graph\":[{\"@type\":\"WebPage\",\"@id\":\"https:\\\/\\\/www.naturalscience.org\\\/fr\\\/themes\\\/micro-ondes-communications-mobiles\\\/\",\"url\":\"https:\\\/\\\/www.naturalscience.org\\\/fr\\\/themes\\\/micro-ondes-communications-mobiles\\\/\",\"name\":\"Micro-ondes & communications mobiles - The World Foundation for Natural Science\",\"isPartOf\":{\"@id\":\"https:\\\/\\\/www.naturalscience.org\\\/#website\"},\"datePublished\":\"2015-11-10T16:45:55+00:00\",\"dateModified\":\"2022-12-30T10:29:17+00:00\",\"breadcrumb\":{\"@id\":\"https:\\\/\\\/www.naturalscience.org\\\/fr\\\/themes\\\/micro-ondes-communications-mobiles\\\/#breadcrumb\"},\"inLanguage\":\"fr-FR\",\"potentialAction\":[{\"@type\":\"ReadAction\",\"target\":[\"https:\\\/\\\/www.naturalscience.org\\\/fr\\\/themes\\\/micro-ondes-communications-mobiles\\\/\"]}]},{\"@type\":\"BreadcrumbList\",\"@id\":\"https:\\\/\\\/www.naturalscience.org\\\/fr\\\/themes\\\/micro-ondes-communications-mobiles\\\/#breadcrumb\",\"itemListElement\":[{\"@type\":\"ListItem\",\"position\":1,\"name\":\"Home\",\"item\":\"https:\\\/\\\/www.naturalscience.org\\\/fr\\\/\"},{\"@type\":\"ListItem\",\"position\":2,\"name\":\"Th\u00e8mes\",\"item\":\"https:\\\/\\\/www.naturalscience.org\\\/fr\\\/themes\\\/\"},{\"@type\":\"ListItem\",\"position\":3,\"name\":\"Micro-ondes &#038; communications mobiles\"}]},{\"@type\":\"WebSite\",\"@id\":\"https:\\\/\\\/www.naturalscience.org\\\/#website\",\"url\":\"https:\\\/\\\/www.naturalscience.org\\\/\",\"name\":\"The World Foundation for Natural Science\",\"description\":\"Restoring and Healing the World through Responsibility and Commitment in accord with Natural and Divine Law!\",\"potentialAction\":[{\"@type\":\"SearchAction\",\"target\":{\"@type\":\"EntryPoint\",\"urlTemplate\":\"https:\\\/\\\/www.naturalscience.org\\\/?s={search_term_string}\"},\"query-input\":{\"@type\":\"PropertyValueSpecification\",\"valueRequired\":true,\"valueName\":\"search_term_string\"}}],\"inLanguage\":\"fr-FR\"}]}<\/script>\n<!-- \/ Yoast SEO plugin. -->","yoast_head_json":{"title":"Micro-ondes & communications mobiles - The World Foundation for Natural Science","robots":{"index":"index","follow":"follow","max-snippet":"max-snippet:-1","max-image-preview":"max-image-preview:large","max-video-preview":"max-video-preview:-1"},"canonical":"https:\/\/www.naturalscience.org\/fr\/themes\/micro-ondes-communications-mobiles\/","twitter_misc":{"Dur\u00e9e de lecture estim\u00e9e":"1 minute"},"schema":{"@context":"https:\/\/schema.org","@graph":[{"@type":"WebPage","@id":"https:\/\/www.naturalscience.org\/fr\/themes\/micro-ondes-communications-mobiles\/","url":"https:\/\/www.naturalscience.org\/fr\/themes\/micro-ondes-communications-mobiles\/","name":"Micro-ondes & communications mobiles - The World Foundation for Natural Science","isPartOf":{"@id":"https:\/\/www.naturalscience.org\/#website"},"datePublished":"2015-11-10T16:45:55+00:00","dateModified":"2022-12-30T10:29:17+00:00","breadcrumb":{"@id":"https:\/\/www.naturalscience.org\/fr\/themes\/micro-ondes-communications-mobiles\/#breadcrumb"},"inLanguage":"fr-FR","potentialAction":[{"@type":"ReadAction","target":["https:\/\/www.naturalscience.org\/fr\/themes\/micro-ondes-communications-mobiles\/"]}]},{"@type":"BreadcrumbList","@id":"https:\/\/www.naturalscience.org\/fr\/themes\/micro-ondes-communications-mobiles\/#breadcrumb","itemListElement":[{"@type":"ListItem","position":1,"name":"Home","item":"https:\/\/www.naturalscience.org\/fr\/"},{"@type":"ListItem","position":2,"name":"Th\u00e8mes","item":"https:\/\/www.naturalscience.org\/fr\/themes\/"},{"@type":"ListItem","position":3,"name":"Micro-ondes &#038; communications mobiles"}]},{"@type":"WebSite","@id":"https:\/\/www.naturalscience.org\/#website","url":"https:\/\/www.naturalscience.org\/","name":"The World Foundation for Natural Science","description":"Restoring and Healing the World through Responsibility and Commitment in accord with Natural and Divine Law!","potentialAction":[{"@type":"SearchAction","target":{"@type":"EntryPoint","urlTemplate":"https:\/\/www.naturalscience.org\/?s={search_term_string}"},"query-input":{"@type":"PropertyValueSpecification","valueRequired":true,"valueName":"search_term_string"}}],"inLanguage":"fr-FR"}]}},"_links":{"self":[{"href":"https:\/\/www.naturalscience.org\/fr\/wp-json\/wp\/v2\/pages\/16570","targetHints":{"allow":["GET"]}}],"collection":[{"href":"https:\/\/www.naturalscience.org\/fr\/wp-json\/wp\/v2\/pages"}],"about":[{"href":"https:\/\/www.naturalscience.org\/fr\/wp-json\/wp\/v2\/types\/page"}],"author":[{"embeddable":true,"href":"https:\/\/www.naturalscience.org\/fr\/wp-json\/wp\/v2\/users\/9"}],"replies":[{"embeddable":true,"href":"https:\/\/www.naturalscience.org\/fr\/wp-json\/wp\/v2\/comments?post=16570"}],"version-history":[{"count":11,"href":"https:\/\/www.naturalscience.org\/fr\/wp-json\/wp\/v2\/pages\/16570\/revisions"}],"predecessor-version":[{"id":38429,"href":"https:\/\/www.naturalscience.org\/fr\/wp-json\/wp\/v2\/pages\/16570\/revisions\/38429"}],"up":[{"embeddable":true,"href":"https:\/\/www.naturalscience.org\/fr\/wp-json\/wp\/v2\/pages\/16543"}],"wp:attachment":[{"href":"https:\/\/www.naturalscience.org\/fr\/wp-json\/wp\/v2\/media?parent=16570"}],"wp:term":[{"taxonomy":"category","embeddable":true,"href":"https:\/\/www.naturalscience.org\/fr\/wp-json\/wp\/v2\/categories?post=16570"}],"curies":[{"name":"wp","href":"https:\/\/api.w.org\/{rel}","templated":true}]}}