{"id":16563,"date":"2015-11-10T17:44:03","date_gmt":"2015-11-10T16:44:03","guid":{"rendered":"http:\/\/www.naturalscience.org\/?page_id=16563"},"modified":"2022-12-30T11:21:33","modified_gmt":"2022-12-30T10:21:33","slug":"internet-medias-sociaux","status":"publish","type":"page","link":"https:\/\/www.naturalscience.org\/fr\/themes\/sante\/internet-medias-sociaux\/","title":{"rendered":"Internet &#038; M\u00e9dias sociaux"},"content":{"rendered":"<p>Il y a vingt ans, peu de gens pouvaient s\u2019imaginer qu\u2019un jour nous serions joignables partout et \u00e0 tout moment. Ce qui \u00e9tait \u00e0 l\u2019\u00e9poque que projet d\u2019avenir lointain est d\u00e9j\u00e0 la norme aujourd\u2019hui. En Suisse, par exemple, tous les foyers poss\u00e8dent au moins un t\u00e9l\u00e9phone portable et 97&nbsp;% des adolescents en ont un.<\/p>\n<p><img loading=\"lazy\" decoding=\"async\" class=\"wp-image-38409 size-medium alignleft\" src=\"https:\/\/www.naturalscience.org\/wp-content\/uploads\/2022\/12\/Student-with-mobile-phone-300x200.jpg\" alt=\"\" width=\"300\" height=\"200\" srcset=\"https:\/\/www.naturalscience.org\/wp-content\/uploads\/2022\/12\/Student-with-mobile-phone-300x200.jpg 300w, https:\/\/www.naturalscience.org\/wp-content\/uploads\/2022\/12\/Student-with-mobile-phone-1024x683.jpg 1024w, https:\/\/www.naturalscience.org\/wp-content\/uploads\/2022\/12\/Student-with-mobile-phone-768x512.jpg 768w, https:\/\/www.naturalscience.org\/wp-content\/uploads\/2022\/12\/Student-with-mobile-phone-1536x1024.jpg 1536w, https:\/\/www.naturalscience.org\/wp-content\/uploads\/2022\/12\/Student-with-mobile-phone-2048x1365.jpg 2048w, https:\/\/www.naturalscience.org\/wp-content\/uploads\/2022\/12\/Student-with-mobile-phone-164x109.jpg 164w, https:\/\/www.naturalscience.org\/wp-content\/uploads\/2022\/12\/Student-with-mobile-phone-400x267.jpg 400w, https:\/\/www.naturalscience.org\/wp-content\/uploads\/2022\/12\/Student-with-mobile-phone-500x333.jpg 500w\" sizes=\"auto, (max-width: 300px) 100vw, 300px\" \/><\/p>\n<p>Les r\u00e9seaux sociaux connaissent un boom comme jamais auparavant \u2013 et les utilisateurs sont de plus en plus jeunes. <strong>Quatre adolescents sur cinq ont un compte dans un&nbsp;\u00ab&nbsp;R\u00e9seau Social&nbsp;\u00bb.<\/strong> Aujourd\u2019hui, pratiquement chaque jeune a son propre Smartphone et a ainsi acc\u00e8s \u00e0 l\u2019immensit\u00e9 de l\u2019Internet, quel que soit l\u2019endroit o\u00f9 il se trouve. Cependant, ce que tr\u00e8s peu savent, est que l\u2019Internet n&rsquo;a jamais \u00e9t\u00e9 pr\u00e9vu pour un large public. <strong>En effet, \u00e0 l\u2019origine, le World Wide Web fut d\u00e9velopp\u00e9 et programm\u00e9 par l\u2019Arm\u00e9e Am\u00e9ricaine pendant la Guerre Froide.<\/strong> Pourtant, aujourd\u2019hui, nous laissons n\u00e9gligemment les plus petits de notre soci\u00e9t\u00e9 y jouer, sans retenue et souvent sans aucun contr\u00f4le.<\/p>\n<div class=\"content-box green-1 width-60 right\">\n<div class=\"content-box-title\">Conseils pratiques pour l\u2019utilisation de l\u2019Internet et des m\u00e9dias sociaux&nbsp;:<\/div>\n<div class=\"content-box-body\">\n<ul>\n<li>Parlez \u00e0 votre enfant de l\u2019Internet et de ses c\u00f4t\u00e9s sombres. Une utilisation responsable de l\u2019Internet et des m\u00e9dias sociaux ne peut \u00eatre assur\u00e9e que si votre enfant est au courant de ce dans quoi il s\u2019engage.<\/li>\n<li>Accompagnez votre enfant sur l\u2019Internet (selon l\u2019\u00e2ge)&nbsp;; proposez votre aide. Ne le laissez pas sans contr\u00f4le parental, m\u00eame s\u2019il n\u2019est pas content&#8230; <span class=\"more\"><i class=\"fa fa-angle-right \" ><\/i> <a title=\"How to help your child with the handling of the internet and social media\" href=\"https:\/\/www.naturalscience.org\/fr\/themes\/sante\/internet-medias-sociaux\/comment-aider-votre-enfant-pour-une-bonne-utilisation-de-linternet-et-des-medias-sociaux\/\">plus<\/a><\/span><\/li>\n<\/ul>\n<\/div>\n<\/div>\n<p>Imaginez une ville avec des biblioth\u00e8ques, des restaurants, des cin\u00e9mas et des parcs o\u00f9 les gens se rencontreraient. Mais o\u00f9 il y aurait aussi des quartiers chauds, des milieux criminels, des lieux de rencontre pour drogu\u00e9s et autres endroits louches. Laisseriez-vous votre enfant sans accompagnement dans cette ville&nbsp;? Certainement pas. L\u2019Internet est devenu aujourd\u2019hui justement ce genre d\u2019endroit avec ses lieux&nbsp;\u00ab&nbsp;clairs&nbsp;\u00bb et ses lieux&nbsp;\u00ab&nbsp;sombres&nbsp;\u00bb.<\/p>\n<p>Des milliards sont g\u00e9n\u00e9r\u00e9s avec Internet&nbsp;; une des raisons pour laquelle l\u2019industrie de l\u2019Internet a cibl\u00e9 les enfants et les jeunes. Car celui qui grandit avec une marque, un r\u00e9seau social et un acc\u00e8s internet, sera fid\u00e8le \u2013 ou m\u00eame d\u00e9pendant \u2013 toute sa vie. Ce que beaucoup d\u2019utilisateurs ne savent pas est le fait que, quand quelque chose est propos\u00e9 gratuitement, nous ne sommes pas seulement le client mais aussi le produit. <strong>Dans le cas des r\u00e9seaux sociaux, nous vendons notre sph\u00e8re priv\u00e9e \u2013 notre vie \u2013 et notre libert\u00e9 personnelle. <\/strong><\/p>\n<p><strong>Pour un d\u00e9veloppement sain, les enfants ont besoin d\u2019un environnement qui leur apporte des valeurs telles que l\u2019unit\u00e9 familiale, les vraies amiti\u00e9s, la morale, l\u2019int\u00e9grit\u00e9 et plus que tout, l\u2019amour et le sentiment de s\u00e9curit\u00e9.<\/strong> Malheureusement, on retrouve \u00e0 peine ces valeurs dans ces soi-disant r\u00e9seaux&nbsp;\u00ab&nbsp;sociaux&nbsp;\u00bb et de moins en moins dans notre soci\u00e9t\u00e9.<\/p>\n<p>The World Foundation for Natural Science informe parents, enseignants, adultes et sp\u00e9cialement les enfants et les adolescents sur les dangers de l\u2019Internet et des m\u00e9dias sociaux. Elle explique \u00e9galement comment ce nouveau m\u00e9dia peut \u00eatre utilis\u00e9 de fa\u00e7on raisonnable et responsable.<\/p>\n\n","protected":false},"excerpt":{"rendered":"Il y a vingt ans, peu de gens pouvaient s\u2019imaginer qu\u2019un jour nous serions joignables partout et \u00e0 tout moment. Ce qui \u00e9tait \u00e0 l\u2019\u00e9poque que projet d\u2019avenir lointain est d\u00e9j\u00e0 la norme aujourd\u2019hui. En Suisse, par exemple, tous les foyers poss\u00e8dent au moins un t\u00e9l\u00e9phone portable et 97&nbsp;% des adolescents en ont un. Les [&hellip;]","protected":false},"author":9,"featured_media":0,"parent":16550,"menu_order":43,"comment_status":"closed","ping_status":"closed","template":"","meta":{"_acf_changed":false,"ngg_post_thumbnail":0,"footnotes":""},"categories":[205],"class_list":["post-16563","page","type-page","status-publish","hentry","category-internet-medias-sociaux","wpautop"],"acf":[],"yoast_head":"<!-- This site is optimized with the Yoast SEO plugin v27.4 - https:\/\/yoast.com\/product\/yoast-seo-wordpress\/ -->\n<title>Internet &amp; M\u00e9dias sociaux - The World Foundation for Natural Science<\/title>\n<meta name=\"robots\" content=\"index, follow, max-snippet:-1, max-image-preview:large, max-video-preview:-1\" \/>\n<link rel=\"canonical\" href=\"https:\/\/www.naturalscience.org\/fr\/themes\/sante\/internet-medias-sociaux\/\" \/>\n<meta name=\"twitter:label1\" content=\"Dur\u00e9e de lecture estim\u00e9e\" \/>\n\t<meta name=\"twitter:data1\" content=\"3 minutes\" \/>\n<script type=\"application\/ld+json\" class=\"yoast-schema-graph\">{\"@context\":\"https:\\\/\\\/schema.org\",\"@graph\":[{\"@type\":\"WebPage\",\"@id\":\"https:\\\/\\\/www.naturalscience.org\\\/fr\\\/themes\\\/sante\\\/internet-medias-sociaux\\\/\",\"url\":\"https:\\\/\\\/www.naturalscience.org\\\/fr\\\/themes\\\/sante\\\/internet-medias-sociaux\\\/\",\"name\":\"Internet & M\u00e9dias sociaux - The World Foundation for Natural Science\",\"isPartOf\":{\"@id\":\"https:\\\/\\\/www.naturalscience.org\\\/#website\"},\"primaryImageOfPage\":{\"@id\":\"https:\\\/\\\/www.naturalscience.org\\\/fr\\\/themes\\\/sante\\\/internet-medias-sociaux\\\/#primaryimage\"},\"image\":{\"@id\":\"https:\\\/\\\/www.naturalscience.org\\\/fr\\\/themes\\\/sante\\\/internet-medias-sociaux\\\/#primaryimage\"},\"thumbnailUrl\":\"https:\\\/\\\/www.naturalscience.org\\\/wp-content\\\/uploads\\\/2022\\\/12\\\/Student-with-mobile-phone-300x200.jpg\",\"datePublished\":\"2015-11-10T16:44:03+00:00\",\"dateModified\":\"2022-12-30T10:21:33+00:00\",\"breadcrumb\":{\"@id\":\"https:\\\/\\\/www.naturalscience.org\\\/fr\\\/themes\\\/sante\\\/internet-medias-sociaux\\\/#breadcrumb\"},\"inLanguage\":\"fr-FR\",\"potentialAction\":[{\"@type\":\"ReadAction\",\"target\":[\"https:\\\/\\\/www.naturalscience.org\\\/fr\\\/themes\\\/sante\\\/internet-medias-sociaux\\\/\"]}]},{\"@type\":\"ImageObject\",\"inLanguage\":\"fr-FR\",\"@id\":\"https:\\\/\\\/www.naturalscience.org\\\/fr\\\/themes\\\/sante\\\/internet-medias-sociaux\\\/#primaryimage\",\"url\":\"https:\\\/\\\/www.naturalscience.org\\\/wp-content\\\/uploads\\\/2022\\\/12\\\/Student-with-mobile-phone-300x200.jpg\",\"contentUrl\":\"https:\\\/\\\/www.naturalscience.org\\\/wp-content\\\/uploads\\\/2022\\\/12\\\/Student-with-mobile-phone-300x200.jpg\"},{\"@type\":\"BreadcrumbList\",\"@id\":\"https:\\\/\\\/www.naturalscience.org\\\/fr\\\/themes\\\/sante\\\/internet-medias-sociaux\\\/#breadcrumb\",\"itemListElement\":[{\"@type\":\"ListItem\",\"position\":1,\"name\":\"Home\",\"item\":\"https:\\\/\\\/www.naturalscience.org\\\/fr\\\/\"},{\"@type\":\"ListItem\",\"position\":2,\"name\":\"Th\u00e8mes\",\"item\":\"https:\\\/\\\/www.naturalscience.org\\\/fr\\\/themes\\\/\"},{\"@type\":\"ListItem\",\"position\":3,\"name\":\"Sant\u00e9\",\"item\":\"https:\\\/\\\/www.naturalscience.org\\\/fr\\\/themes\\\/sante\\\/\"},{\"@type\":\"ListItem\",\"position\":4,\"name\":\"Internet &#038; M\u00e9dias sociaux\"}]},{\"@type\":\"WebSite\",\"@id\":\"https:\\\/\\\/www.naturalscience.org\\\/#website\",\"url\":\"https:\\\/\\\/www.naturalscience.org\\\/\",\"name\":\"The World Foundation for Natural Science\",\"description\":\"Restoring and Healing the World through Responsibility and Commitment in accord with Natural and Divine Law!\",\"potentialAction\":[{\"@type\":\"SearchAction\",\"target\":{\"@type\":\"EntryPoint\",\"urlTemplate\":\"https:\\\/\\\/www.naturalscience.org\\\/?s={search_term_string}\"},\"query-input\":{\"@type\":\"PropertyValueSpecification\",\"valueRequired\":true,\"valueName\":\"search_term_string\"}}],\"inLanguage\":\"fr-FR\"}]}<\/script>\n<!-- \/ Yoast SEO plugin. -->","yoast_head_json":{"title":"Internet & M\u00e9dias sociaux - The World Foundation for Natural Science","robots":{"index":"index","follow":"follow","max-snippet":"max-snippet:-1","max-image-preview":"max-image-preview:large","max-video-preview":"max-video-preview:-1"},"canonical":"https:\/\/www.naturalscience.org\/fr\/themes\/sante\/internet-medias-sociaux\/","twitter_misc":{"Dur\u00e9e de lecture estim\u00e9e":"3 minutes"},"schema":{"@context":"https:\/\/schema.org","@graph":[{"@type":"WebPage","@id":"https:\/\/www.naturalscience.org\/fr\/themes\/sante\/internet-medias-sociaux\/","url":"https:\/\/www.naturalscience.org\/fr\/themes\/sante\/internet-medias-sociaux\/","name":"Internet & M\u00e9dias sociaux - The World Foundation for Natural Science","isPartOf":{"@id":"https:\/\/www.naturalscience.org\/#website"},"primaryImageOfPage":{"@id":"https:\/\/www.naturalscience.org\/fr\/themes\/sante\/internet-medias-sociaux\/#primaryimage"},"image":{"@id":"https:\/\/www.naturalscience.org\/fr\/themes\/sante\/internet-medias-sociaux\/#primaryimage"},"thumbnailUrl":"https:\/\/www.naturalscience.org\/wp-content\/uploads\/2022\/12\/Student-with-mobile-phone-300x200.jpg","datePublished":"2015-11-10T16:44:03+00:00","dateModified":"2022-12-30T10:21:33+00:00","breadcrumb":{"@id":"https:\/\/www.naturalscience.org\/fr\/themes\/sante\/internet-medias-sociaux\/#breadcrumb"},"inLanguage":"fr-FR","potentialAction":[{"@type":"ReadAction","target":["https:\/\/www.naturalscience.org\/fr\/themes\/sante\/internet-medias-sociaux\/"]}]},{"@type":"ImageObject","inLanguage":"fr-FR","@id":"https:\/\/www.naturalscience.org\/fr\/themes\/sante\/internet-medias-sociaux\/#primaryimage","url":"https:\/\/www.naturalscience.org\/wp-content\/uploads\/2022\/12\/Student-with-mobile-phone-300x200.jpg","contentUrl":"https:\/\/www.naturalscience.org\/wp-content\/uploads\/2022\/12\/Student-with-mobile-phone-300x200.jpg"},{"@type":"BreadcrumbList","@id":"https:\/\/www.naturalscience.org\/fr\/themes\/sante\/internet-medias-sociaux\/#breadcrumb","itemListElement":[{"@type":"ListItem","position":1,"name":"Home","item":"https:\/\/www.naturalscience.org\/fr\/"},{"@type":"ListItem","position":2,"name":"Th\u00e8mes","item":"https:\/\/www.naturalscience.org\/fr\/themes\/"},{"@type":"ListItem","position":3,"name":"Sant\u00e9","item":"https:\/\/www.naturalscience.org\/fr\/themes\/sante\/"},{"@type":"ListItem","position":4,"name":"Internet &#038; M\u00e9dias sociaux"}]},{"@type":"WebSite","@id":"https:\/\/www.naturalscience.org\/#website","url":"https:\/\/www.naturalscience.org\/","name":"The World Foundation for Natural Science","description":"Restoring and Healing the World through Responsibility and Commitment in accord with Natural and Divine Law!","potentialAction":[{"@type":"SearchAction","target":{"@type":"EntryPoint","urlTemplate":"https:\/\/www.naturalscience.org\/?s={search_term_string}"},"query-input":{"@type":"PropertyValueSpecification","valueRequired":true,"valueName":"search_term_string"}}],"inLanguage":"fr-FR"}]}},"_links":{"self":[{"href":"https:\/\/www.naturalscience.org\/fr\/wp-json\/wp\/v2\/pages\/16563","targetHints":{"allow":["GET"]}}],"collection":[{"href":"https:\/\/www.naturalscience.org\/fr\/wp-json\/wp\/v2\/pages"}],"about":[{"href":"https:\/\/www.naturalscience.org\/fr\/wp-json\/wp\/v2\/types\/page"}],"author":[{"embeddable":true,"href":"https:\/\/www.naturalscience.org\/fr\/wp-json\/wp\/v2\/users\/9"}],"replies":[{"embeddable":true,"href":"https:\/\/www.naturalscience.org\/fr\/wp-json\/wp\/v2\/comments?post=16563"}],"version-history":[{"count":12,"href":"https:\/\/www.naturalscience.org\/fr\/wp-json\/wp\/v2\/pages\/16563\/revisions"}],"predecessor-version":[{"id":38421,"href":"https:\/\/www.naturalscience.org\/fr\/wp-json\/wp\/v2\/pages\/16563\/revisions\/38421"}],"up":[{"embeddable":true,"href":"https:\/\/www.naturalscience.org\/fr\/wp-json\/wp\/v2\/pages\/16550"}],"wp:attachment":[{"href":"https:\/\/www.naturalscience.org\/fr\/wp-json\/wp\/v2\/media?parent=16563"}],"wp:term":[{"taxonomy":"category","embeddable":true,"href":"https:\/\/www.naturalscience.org\/fr\/wp-json\/wp\/v2\/categories?post=16563"}],"curies":[{"name":"wp","href":"https:\/\/api.w.org\/{rel}","templated":true}]}}