{"id":16562,"date":"2015-11-10T17:43:57","date_gmt":"2015-11-10T16:43:57","guid":{"rendered":"http:\/\/www.naturalscience.org\/?page_id=16562"},"modified":"2022-12-30T11:00:51","modified_gmt":"2022-12-30T10:00:51","slug":"fleurs-de-bach","status":"publish","type":"page","link":"https:\/\/www.naturalscience.org\/fr\/themes\/sante\/fleurs-de-bach\/","title":{"rendered":"Fleurs de Bach"},"content":{"rendered":"<div class=\"content-box green-1 width-40 right\">\n<div class=\"content-box-title\">Conseils pratiques pour l\u2019utilisation des rem\u00e8des aux fleurs de Bach&nbsp;:<\/div>\n<div class=\"content-box-body\">\n<ul>\n<li>En cas d\u2019urgences et de situations graves, prenez le rem\u00e8de Rescue&nbsp;: Ajoutez 4 gouttes dans un verre d\u2019eau puis prenez une gorg\u00e9e tous les 1\/4 d\u2019heure jusqu\u2019\u00e0 ce que votre \u00e9tat s\u2019am\u00e9liore&#8230; <span class=\"more\"><i class=\"fa fa-angle-right \" ><\/i>&nbsp;<a title=\"Practical tips for the use of Bach flower remedies\" href=\"https:\/\/www.naturalscience.org\/fr\/themes\/sante\/fleurs-de-bach\/conseils-pratiques-pour-lutilisation-des-fleurs-de-bach\/\">plus<\/a><\/span><\/li>\n<\/ul>\n<\/div>\n<\/div>\n<p><strong>Le m\u00e9decin anglais Dr. Edward Bach (1886-1936) a d\u00e9velopp\u00e9 une m\u00e9thode de gu\u00e9rison bas\u00e9e sur les vertus curatives de 38 fleurs issues d\u2019esp\u00e8ces sauvages, buissons et arbres.<\/strong> Il a d\u00e9couvert que les champignons, virus et bact\u00e9ries, sont souvent les compagnons des troubles physiques. La v\u00e9ritable cause des maladies repose souvent dans des \u00e9tats \u00e9motionnels n\u00e9gatifs tels que peur, sentiment de culpabilit\u00e9, jalousie, doute de soi-m\u00eame, impatience, incertitude, d\u00e9sespoir et autres. Les essences de fleurs de Bach, agissant sur les \u00e9nergies, peuvent \u00e9quilibrer de telles \u00e9motions n\u00e9gatives et aider \u00e0 restaurer des \u00e9tats \u00e9motionnels positifs (amour, confiance, d\u00e9termination, courage, espoir, foi, confiance en soi, patience, etc.).<\/p>\n<div id=\"attachment_9222\" style=\"width: 281px\" class=\"wp-caption alignleft\"><a href=\"https:\/\/www.naturalscience.org\/wp-content\/uploads\/2015\/01\/Bachbl\u00fcten-4-e1423887314883.jpg\"><img loading=\"lazy\" decoding=\"async\" aria-describedby=\"caption-attachment-9222\" class=\"wp-image-9222\" src=\"https:\/\/www.naturalscience.org\/wp-content\/uploads\/2015\/01\/Bachbl\u00fcten-4-300x199.jpg\" alt=\"Le set des fleurs de Bach\" width=\"281\" height=\"186\"><\/a><p id=\"caption-attachment-9222\" class=\"wp-caption-text\">Le set des fleurs de Bach<\/p><\/div>\n<p><strong>La th\u00e9rapie des fleurs de Bach est une m\u00e9thode douce et cependant tr\u00e8s efficace pour retrouver son \u00e9quilibre.<\/strong> C\u2019est seulement lorsque l\u2019\u00e9quilibre int\u00e9rieur est \u00e9tabli (ou r\u00e9tabli) que l\u2019on peut percevoir la douce voix int\u00e9rieure. Donc, si on agit en cons\u00e9quence, on peut \u00e9viter que notre corps, gr\u00e2ce \u00e0 son intelligence inn\u00e9e, attire l\u2019attention sur lui en pr\u00e9sentant des probl\u00e8mes tels que souffrances, allergies, nervosit\u00e9 ou insomnie. C\u2019est pourquoi les fleurs de Bach sont parfaitement appropri\u00e9es comme m\u00e9thode pr\u00e9ventive.<\/p>\n<p>Apprenez l\u2019utilisation des fleurs de Bach pour votre famille et vous-m\u00eame. Regardez si un s\u00e9minaire sur les fleurs de Bach a lieu dans votre r\u00e9gion dans notre <a href=\"https:\/\/www.naturalscience.org\/fr\/actualites\/\">agenda<\/a>.<\/p>\n<div id=\"attachment_8681\" style=\"width: 300px\" class=\"wp-caption alignright\"><a href=\"https:\/\/www.naturalscience.org\/wp-content\/uploads\/2015\/01\/Bachbl\u00fcten-1.jpg\"><img loading=\"lazy\" decoding=\"async\" aria-describedby=\"caption-attachment-8681\" class=\"wp-image-8681 size-medium\" src=\"https:\/\/www.naturalscience.org\/wp-content\/uploads\/2015\/01\/Bachbl\u00fcten-1-300x214.jpg\" alt=\"Honeysuckle\" width=\"300\" height=\"214\" srcset=\"https:\/\/www.naturalscience.org\/wp-content\/uploads\/2015\/01\/Bachbl\u00fcten-1-300x214.jpg 300w, https:\/\/www.naturalscience.org\/wp-content\/uploads\/2015\/01\/Bachbl\u00fcten-1-1024x731.jpg 1024w, https:\/\/www.naturalscience.org\/wp-content\/uploads\/2015\/01\/Bachbl\u00fcten-1-200x143.jpg 200w, https:\/\/www.naturalscience.org\/wp-content\/uploads\/2015\/01\/Bachbl\u00fcten-1-164x117.jpg 164w\" sizes=\"auto, (max-width: 300px) 100vw, 300px\" \/><\/a><p id=\"caption-attachment-8681\" class=\"wp-caption-text\">Honeysuckle \/ Ch\u00e8vrefeuille: \u00e9tats d\u2019\u00e2me du mal du pays et de la nostalgie des temps pass\u00e9s, soi-disant meilleurs<\/p><\/div>\n<p>&nbsp;<\/p>\n<p style=\"text-align: center;\"><em><strong>&laquo;&nbsp;La sant\u00e9 d\u00e9pend de notre \u00e9tat d\u2019harmonie<br \/>\navec notre \u00e2me.&nbsp;&raquo;<br \/>\n<\/strong><\/em><em> Dr. Edward Bach<\/em><\/p>\n            <div class=\"latest-news-list hide-for-print\">\r\n                <div class=\"row\">\r\n                    <div class=\"small-24 columns \">\r\n                        <div class=\"title\">Lumi\u00e8re sur le th\u00e8me Fleurs de Bach<\/div>\r\n\t\t\t\t\t\t\t\t\t\t\t\t\t<article class=\"news-excerpt\" id=\"post-42951\">\r\n    <div class=\"row collapse\">\r\n\r\n\t\t\r\n        <div class=\"medium-7 columns\">\r\n            <a href=\"https:\/\/www.naturalscience.org\/fr\/news\/2025\/11\/smart-tip-6\/\" title=\"Smart Tip # 6\">\r\n                <img decoding=\"async\" src=\"https:\/\/www.naturalscience.org\/wp-content\/uploads\/2025\/10\/AdobeStock_293769621SQUARE-164x164.jpg\" alt=\"\" width=\"200px\" height=\"200px\"\/>\r\n            <\/a>\r\n        <\/div>\r\n\r\n        <div class=\"medium-17 columns\">\r\n\t\t\t\r\n                <header>\r\n                    <div class=\"row collapse top\">\r\n                        <div class=\"small-12 columns\">\r\n                            <time datetime=\"2025-11-04T11:57:12+01:00\">\r\n\t\t\t\t\t\t\t\tMardi 4 novembre 2025                            <\/time>\r\n                        <\/div>\r\n\t\t\t\t\t\t                    <\/div>\r\n                    <h2><a href=\"https:\/\/www.naturalscience.org\/fr\/news\/2025\/11\/smart-tip-6\/\">Smart Tip # 6<\/a><\/h2>\r\n\r\n                <\/header>\r\n                <div class=\"entry-content\">\r\n                    <p>\r\n\t                    Votre animal de compagnie a peur d&rsquo;une certaine situation, comme une visite chez le v\u00e9t\u00e9rinaire ou un feu d&rsquo;artifice&nbsp;? Quelques gouttes du rem\u00e8de Rescue du Dr Bach, que vous massez d\u00e9licatement dans les oreilles de votre animal, peuvent faire des miracles&nbsp;! Votre animal sera en mesure de faire face \u00e0 la situation anxiog\u00e8ne d&rsquo;une mani\u00e8re [&hellip;]                                                    <a href=\"https:\/\/www.naturalscience.org\/fr\/news\/2025\/11\/smart-tip-6\/\" class=\"more-link\">Lire plus<\/a>\r\n                                            <\/p>\r\n                <\/div>\r\n            <\/div>\r\n        <\/div>\r\n<\/article>\t\t\t\t\t\t\t\t\t\t\t\t\r\n\t\t\t\t\t\t                        <a href=\"https:\/\/www.naturalscience.org\/fr\/news\/category\/sante\/fleurs-de-bach\/\" class=\"button radius\">\r\n                            <i class=\"fa fa-angle-right\"><\/i>&nbsp;&nbsp;Lire plus                        <\/a>\r\n                    <\/div>\r\n                <\/div>\r\n            <\/div>\r\n\t\t\t\n\n","protected":false},"excerpt":{"rendered":"Votre animal de compagnie a peur d&rsquo;une certaine situation, comme une visite chez le v\u00e9t\u00e9rinaire ou un feu d&rsquo;artifice&nbsp;? Quelques gouttes du rem\u00e8de Rescue du Dr Bach, que vous massez d\u00e9licatement dans les oreilles de votre animal, peuvent faire des miracles&nbsp;! Votre animal sera en mesure de faire face \u00e0 la situation anxiog\u00e8ne d&rsquo;une mani\u00e8re [&hellip;]","protected":false},"author":9,"featured_media":0,"parent":16550,"menu_order":40,"comment_status":"closed","ping_status":"closed","template":"","meta":{"_acf_changed":false,"ngg_post_thumbnail":0,"footnotes":""},"categories":[201],"class_list":["post-16562","page","type-page","status-publish","hentry","category-fleurs-de-bach","wpautop"],"acf":[],"yoast_head":"<!-- This site is optimized with the Yoast SEO plugin v27.5 - https:\/\/yoast.com\/product\/yoast-seo-wordpress\/ -->\n<title>Fleurs de Bach - The World Foundation for Natural Science<\/title>\n<meta name=\"robots\" content=\"index, follow, max-snippet:-1, max-image-preview:large, max-video-preview:-1\" \/>\n<link rel=\"canonical\" href=\"https:\/\/www.naturalscience.org\/fr\/themes\/sante\/fleurs-de-bach\/\" \/>\n<meta name=\"twitter:label1\" content=\"Dur\u00e9e de lecture estim\u00e9e\" \/>\n\t<meta name=\"twitter:data1\" content=\"2 minutes\" \/>\n<script type=\"application\/ld+json\" class=\"yoast-schema-graph\">{\"@context\":\"https:\\\/\\\/schema.org\",\"@graph\":[{\"@type\":\"WebPage\",\"@id\":\"https:\\\/\\\/www.naturalscience.org\\\/fr\\\/themes\\\/sante\\\/fleurs-de-bach\\\/\",\"url\":\"https:\\\/\\\/www.naturalscience.org\\\/fr\\\/themes\\\/sante\\\/fleurs-de-bach\\\/\",\"name\":\"Fleurs de Bach - The World Foundation for Natural Science\",\"isPartOf\":{\"@id\":\"https:\\\/\\\/www.naturalscience.org\\\/#website\"},\"datePublished\":\"2015-11-10T16:43:57+00:00\",\"dateModified\":\"2022-12-30T10:00:51+00:00\",\"breadcrumb\":{\"@id\":\"https:\\\/\\\/www.naturalscience.org\\\/fr\\\/themes\\\/sante\\\/fleurs-de-bach\\\/#breadcrumb\"},\"inLanguage\":\"fr-FR\",\"potentialAction\":[{\"@type\":\"ReadAction\",\"target\":[\"https:\\\/\\\/www.naturalscience.org\\\/fr\\\/themes\\\/sante\\\/fleurs-de-bach\\\/\"]}]},{\"@type\":\"BreadcrumbList\",\"@id\":\"https:\\\/\\\/www.naturalscience.org\\\/fr\\\/themes\\\/sante\\\/fleurs-de-bach\\\/#breadcrumb\",\"itemListElement\":[{\"@type\":\"ListItem\",\"position\":1,\"name\":\"Home\",\"item\":\"https:\\\/\\\/www.naturalscience.org\\\/fr\\\/\"},{\"@type\":\"ListItem\",\"position\":2,\"name\":\"Th\u00e8mes\",\"item\":\"https:\\\/\\\/www.naturalscience.org\\\/fr\\\/themes\\\/\"},{\"@type\":\"ListItem\",\"position\":3,\"name\":\"Sant\u00e9\",\"item\":\"https:\\\/\\\/www.naturalscience.org\\\/fr\\\/themes\\\/sante\\\/\"},{\"@type\":\"ListItem\",\"position\":4,\"name\":\"Fleurs de Bach\"}]},{\"@type\":\"WebSite\",\"@id\":\"https:\\\/\\\/www.naturalscience.org\\\/#website\",\"url\":\"https:\\\/\\\/www.naturalscience.org\\\/\",\"name\":\"The World Foundation for Natural Science\",\"description\":\"Restoring and Healing the World through Responsibility and Commitment in accord with Natural and Divine Law!\",\"potentialAction\":[{\"@type\":\"SearchAction\",\"target\":{\"@type\":\"EntryPoint\",\"urlTemplate\":\"https:\\\/\\\/www.naturalscience.org\\\/?s={search_term_string}\"},\"query-input\":{\"@type\":\"PropertyValueSpecification\",\"valueRequired\":true,\"valueName\":\"search_term_string\"}}],\"inLanguage\":\"fr-FR\"}]}<\/script>\n<!-- \/ Yoast SEO plugin. -->","yoast_head_json":{"title":"Fleurs de Bach - The World Foundation for Natural Science","robots":{"index":"index","follow":"follow","max-snippet":"max-snippet:-1","max-image-preview":"max-image-preview:large","max-video-preview":"max-video-preview:-1"},"canonical":"https:\/\/www.naturalscience.org\/fr\/themes\/sante\/fleurs-de-bach\/","twitter_misc":{"Dur\u00e9e de lecture estim\u00e9e":"2 minutes"},"schema":{"@context":"https:\/\/schema.org","@graph":[{"@type":"WebPage","@id":"https:\/\/www.naturalscience.org\/fr\/themes\/sante\/fleurs-de-bach\/","url":"https:\/\/www.naturalscience.org\/fr\/themes\/sante\/fleurs-de-bach\/","name":"Fleurs de Bach - The World Foundation for Natural Science","isPartOf":{"@id":"https:\/\/www.naturalscience.org\/#website"},"datePublished":"2015-11-10T16:43:57+00:00","dateModified":"2022-12-30T10:00:51+00:00","breadcrumb":{"@id":"https:\/\/www.naturalscience.org\/fr\/themes\/sante\/fleurs-de-bach\/#breadcrumb"},"inLanguage":"fr-FR","potentialAction":[{"@type":"ReadAction","target":["https:\/\/www.naturalscience.org\/fr\/themes\/sante\/fleurs-de-bach\/"]}]},{"@type":"BreadcrumbList","@id":"https:\/\/www.naturalscience.org\/fr\/themes\/sante\/fleurs-de-bach\/#breadcrumb","itemListElement":[{"@type":"ListItem","position":1,"name":"Home","item":"https:\/\/www.naturalscience.org\/fr\/"},{"@type":"ListItem","position":2,"name":"Th\u00e8mes","item":"https:\/\/www.naturalscience.org\/fr\/themes\/"},{"@type":"ListItem","position":3,"name":"Sant\u00e9","item":"https:\/\/www.naturalscience.org\/fr\/themes\/sante\/"},{"@type":"ListItem","position":4,"name":"Fleurs de Bach"}]},{"@type":"WebSite","@id":"https:\/\/www.naturalscience.org\/#website","url":"https:\/\/www.naturalscience.org\/","name":"The World Foundation for Natural Science","description":"Restoring and Healing the World through Responsibility and Commitment in accord with Natural and Divine Law!","potentialAction":[{"@type":"SearchAction","target":{"@type":"EntryPoint","urlTemplate":"https:\/\/www.naturalscience.org\/?s={search_term_string}"},"query-input":{"@type":"PropertyValueSpecification","valueRequired":true,"valueName":"search_term_string"}}],"inLanguage":"fr-FR"}]}},"_links":{"self":[{"href":"https:\/\/www.naturalscience.org\/fr\/wp-json\/wp\/v2\/pages\/16562","targetHints":{"allow":["GET"]}}],"collection":[{"href":"https:\/\/www.naturalscience.org\/fr\/wp-json\/wp\/v2\/pages"}],"about":[{"href":"https:\/\/www.naturalscience.org\/fr\/wp-json\/wp\/v2\/types\/page"}],"author":[{"embeddable":true,"href":"https:\/\/www.naturalscience.org\/fr\/wp-json\/wp\/v2\/users\/9"}],"replies":[{"embeddable":true,"href":"https:\/\/www.naturalscience.org\/fr\/wp-json\/wp\/v2\/comments?post=16562"}],"version-history":[{"count":16,"href":"https:\/\/www.naturalscience.org\/fr\/wp-json\/wp\/v2\/pages\/16562\/revisions"}],"predecessor-version":[{"id":38399,"href":"https:\/\/www.naturalscience.org\/fr\/wp-json\/wp\/v2\/pages\/16562\/revisions\/38399"}],"up":[{"embeddable":true,"href":"https:\/\/www.naturalscience.org\/fr\/wp-json\/wp\/v2\/pages\/16550"}],"wp:attachment":[{"href":"https:\/\/www.naturalscience.org\/fr\/wp-json\/wp\/v2\/media?parent=16562"}],"wp:term":[{"taxonomy":"category","embeddable":true,"href":"https:\/\/www.naturalscience.org\/fr\/wp-json\/wp\/v2\/categories?post=16562"}],"curies":[{"name":"wp","href":"https:\/\/api.w.org\/{rel}","templated":true}]}}